{"id":14796,"date":"2026-04-15T13:27:08","date_gmt":"2026-04-15T11:27:08","guid":{"rendered":"https:\/\/www.globber.com\/es\/?post_type=product&#038;p=14796"},"modified":"2026-04-15T13:27:52","modified_gmt":"2026-04-15T11:27:52","slug":"flow-element-junior-luces","status":"publish","type":"product","link":"https:\/\/www.globber.com\/es\/product\/flow-element-junior-luces\/","title":{"rendered":"FLOW ELEMENT JUNIOR LUCES"},"content":{"rendered":"<p data-start=\"0\" data-end=\"53\">\u00a12 ruedas para peque\u00f1os velocistas listos para rodar!<\/p>\n<p data-start=\"55\" data-end=\"182\">FLOW con confianza y demuestra tus habilidades en un patinete de 2 ruedas especialmente dise\u00f1ado para ni\u00f1os a partir de 3 a\u00f1os.<\/p>\n<p data-start=\"184\" data-end=\"430\">FLOW ELEMENT JUNIOR LIGHTS es un elegante patinete met\u00e1lico perfecto para ni\u00f1os que ya han superado sus paseos en patinetes de tres ruedas y est\u00e1n listos para el reto de las 2 ruedas. \u00a1Desp\u00eddete de la rueda extra y patina como un peque\u00f1o campe\u00f3n!<\/p>\n<p data-start=\"432\" data-end=\"704\">FLOW ELEMENT JUNIOR LIGHTS de Globber cuenta con un sistema de plegado integrado que permite plegar f\u00e1cilmente el patinete de 2 ruedas para ni\u00f1os a partir de 3 a\u00f1os. Adem\u00e1s, el manillar tambi\u00e9n es plegable para ofrecer una mayor comodidad y un almacenamiento m\u00e1s compacto.<\/p>\n<p data-start=\"706\" data-end=\"780\"><strong>Sistema de plegado integrado para un almacenamiento y transporte sencillos<\/strong><\/p>\n<p data-start=\"782\" data-end=\"1032\">FLOW ELEMENT JUNIOR LIGHTS de Globber incorpora un sistema de plegado integrado que permite plegar f\u00e1cilmente el patinete de 2 ruedas para ni\u00f1os a partir de 3 a\u00f1os. El manillar tambi\u00e9n es plegable para una mayor practicidad y un formato m\u00e1s compacto.<\/p>\n<p data-start=\"1034\" data-end=\"1196\" data-is-last-node=\"\" data-is-only-node=\"\">Esto significa que tu peque puede disfrutar del patinete todo el d\u00eda, todos los d\u00edas, y despu\u00e9s guardarlo f\u00e1cilmente en espacios reducidos al terminar la jornada.<\/p>\n","protected":false},"excerpt":{"rendered":"<p data-start=\"64\" data-end=\"117\">\u00a12 ruedas para peque\u00f1os aventureros listos para rodar!<\/p>\n<p data-start=\"119\" data-end=\"292\" data-is-last-node=\"\" data-is-only-node=\"\">\u00a1FLOW como si lo sintieras de verdad! Desl\u00edzate con confianza y presume con un patinete de dos ruedas dise\u00f1ado para peque\u00f1os aventureros desde los 3 a\u00f1os (\u00a1y en adelante!).<\/p>\n","protected":false},"featured_media":14803,"comment_status":"closed","ping_status":"closed","template":"","meta":{"_acf_changed":false,"inline_featured_image":false},"product-special-badges":[3948],"product_brand":[],"product_cat":[1692,1696,1686,485],"product_tag":[],"class_list":{"0":"post-14796","1":"product","2":"type-product","3":"status-publish","4":"has-post-thumbnail","6":"product_cat-patinetes-de-2-ruedas-para-todas-las-edades","7":"product_cat-patinetes-plegables","8":"product_cat-serie-flow","9":"product_cat-patinetes-para-adolescentes","10":"pa_color-rojo","11":"pa_color-teal","12":"pa_ean-3985","13":"pa_ean-3986","14":"pa_edades-3y","15":"pa_plegable-si","16":"pa_tipo-de-producto-patinete-de-2-ruedas","18":"first","19":"instock","20":"taxable","21":"shipping-taxable","22":"purchasable","23":"product-type-variable"},"bundled_by":[],"bundle_stock_status":"instock","bundle_stock_quantity":null,"bundle_virtual":false,"bundle_layout":"","bundle_add_to_cart_form_location":"","bundle_editable_in_cart":false,"bundle_sold_individually_context":"","bundle_item_grouping":"","bundle_min_size":"","bundle_max_size":"","bundled_items":[],"bundle_sell_ids":[],"acf":[],"yoast_head":"<!-- This site is optimized with the Yoast SEO Premium plugin v20.12 (Yoast SEO v23.4) - https:\/\/yoast.com\/wordpress\/plugins\/seo\/ -->\n<title>FLOW ELEMENT JUNIOR LUCES - Globber Espa\u00f1a<\/title>\n<meta name=\"robots\" content=\"index, follow, max-snippet:-1, max-image-preview:large, max-video-preview:-1\" \/>\n<link rel=\"canonical\" href=\"https:\/\/www.globber.com\/es\/product\/flow-element-junior-luces\/\" \/>\n<meta property=\"og:locale\" content=\"es_ES\" \/>\n<meta property=\"og:type\" content=\"article\" \/>\n<meta property=\"og:title\" content=\"FLOW ELEMENT JUNIOR LUCES - Globber Espa\u00f1a\" \/>\n<meta property=\"og:description\" content=\"\u00a12 ruedas para peque\u00f1os aventureros listos para rodar! \u00a1FLOW como si lo sintieras de verdad! Desl\u00edzate con confianza y presume con un patinete de dos ruedas dise\u00f1ado para peque\u00f1os aventureros desde los 3 a\u00f1os (\u00a1y en adelante!).\" \/>\n<meta property=\"og:url\" content=\"https:\/\/www.globber.com\/es\/product\/flow-element-junior-luces\/\" \/>\n<meta property=\"og:site_name\" content=\"Globber Espa\u00f1a\" \/>\n<meta property=\"article:modified_time\" content=\"2026-04-15T11:27:52+00:00\" \/>\n<meta property=\"og:image\" content=\"https:\/\/cdn.globber.com\/content\/sites\/15\/2026\/04\/729-102_ft-R-1920x1920.png\" \/>\n\t<meta property=\"og:image:width\" content=\"1920\" \/>\n\t<meta property=\"og:image:height\" content=\"1920\" \/>\n\t<meta property=\"og:image:type\" content=\"image\/png\" \/>\n<meta name=\"twitter:card\" content=\"summary_large_image\" \/>\n<meta name=\"twitter:label1\" content=\"Availability\" \/>\n\t<meta name=\"twitter:data1\" content=\"In stock\" \/>\n<script type=\"application\/ld+json\" class=\"yoast-schema-graph\">{\"@context\":\"https:\/\/schema.org\",\"@graph\":[{\"@type\":[\"WebPage\",\"ItemPage\"],\"@id\":\"https:\/\/www.globber.com\/es\/product\/flow-element-junior-luces\/\",\"url\":\"https:\/\/www.globber.com\/es\/product\/flow-element-junior-luces\/\",\"name\":\"FLOW ELEMENT JUNIOR LUCES - Globber Espa\u00f1a\",\"isPartOf\":{\"@id\":\"https:\/\/www.globber.com\/es\/#website\"},\"primaryImageOfPage\":{\"@id\":\"https:\/\/www.globber.com\/es\/product\/flow-element-junior-luces\/#primaryimage\"},\"image\":{\"@id\":\"https:\/\/www.globber.com\/es\/product\/flow-element-junior-luces\/#primaryimage\"},\"thumbnailUrl\":\"https:\/\/cdn.globber.com\/content\/sites\/15\/2026\/04\/729-102_ft-R.png\",\"datePublished\":\"2026-04-15T11:27:08+00:00\",\"dateModified\":\"2026-04-15T11:27:52+00:00\",\"breadcrumb\":{\"@id\":\"https:\/\/www.globber.com\/es\/product\/flow-element-junior-luces\/#breadcrumb\"},\"inLanguage\":\"es\",\"potentialAction\":[{\"@type\":\"ReadAction\",\"target\":[\"https:\/\/www.globber.com\/es\/product\/flow-element-junior-luces\/\"]}]},{\"@type\":\"ImageObject\",\"inLanguage\":\"es\",\"@id\":\"https:\/\/www.globber.com\/es\/product\/flow-element-junior-luces\/#primaryimage\",\"url\":\"https:\/\/cdn.globber.com\/content\/sites\/15\/2026\/04\/729-102_ft-R.png\",\"contentUrl\":\"https:\/\/cdn.globber.com\/content\/sites\/15\/2026\/04\/729-102_ft-R.png\",\"width\":2048,\"height\":2048},{\"@type\":\"BreadcrumbList\",\"@id\":\"https:\/\/www.globber.com\/es\/product\/flow-element-junior-luces\/#breadcrumb\",\"itemListElement\":[{\"@type\":\"ListItem\",\"position\":1,\"name\":\"Todos los productos\",\"item\":\"https:\/\/www.globber.com\/es\/tienda-por-producto\/\"},{\"@type\":\"ListItem\",\"position\":2,\"name\":\"FLOW ELEMENT JUNIOR LUCES\"}]},{\"@type\":\"WebSite\",\"@id\":\"https:\/\/www.globber.com\/es\/#website\",\"url\":\"https:\/\/www.globber.com\/es\/\",\"name\":\"Globber Espa\u00f1a\",\"description\":\"El mundo sobre ruedas | Globber.com\",\"publisher\":{\"@id\":\"https:\/\/www.globber.com\/es\/#organization\"},\"potentialAction\":[{\"@type\":\"SearchAction\",\"target\":{\"@type\":\"EntryPoint\",\"urlTemplate\":\"https:\/\/www.globber.com\/es\/?s={search_term_string}\"},\"query-input\":{\"@type\":\"PropertyValueSpecification\",\"valueRequired\":true,\"valueName\":\"search_term_string\"}}],\"inLanguage\":\"es\"},{\"@type\":\"Organization\",\"@id\":\"https:\/\/www.globber.com\/es\/#organization\",\"name\":\"Globber Espa\u00f1a\",\"url\":\"https:\/\/www.globber.com\/es\/\",\"logo\":{\"@type\":\"ImageObject\",\"inLanguage\":\"es\",\"@id\":\"https:\/\/www.globber.com\/es\/#\/schema\/logo\/image\/\",\"url\":\"https:\/\/cdn.globber.com\/content\/2024\/05\/logo.svg\",\"contentUrl\":\"https:\/\/cdn.globber.com\/content\/2024\/05\/logo.svg\",\"width\":601,\"height\":112,\"caption\":\"Globber Espa\u00f1a\"},\"image\":{\"@id\":\"https:\/\/www.globber.com\/es\/#\/schema\/logo\/image\/\"}}]}<\/script>\n<meta property=\"og:availability\" content=\"instock\" \/>\n<meta property=\"product:availability\" content=\"instock\" \/>\n<meta property=\"product:retailer_item_id\" content=\"729-XXX\" \/>\n<meta property=\"product:condition\" content=\"new\" \/>\n<!-- \/ Yoast SEO Premium plugin. -->","yoast_head_json":{"title":"FLOW ELEMENT JUNIOR LUCES - Globber Espa\u00f1a","robots":{"index":"index","follow":"follow","max-snippet":"max-snippet:-1","max-image-preview":"max-image-preview:large","max-video-preview":"max-video-preview:-1"},"canonical":"https:\/\/www.globber.com\/es\/product\/flow-element-junior-luces\/","og_locale":"es_ES","og_type":"article","og_title":"FLOW ELEMENT JUNIOR LUCES - Globber Espa\u00f1a","og_description":"\u00a12 ruedas para peque\u00f1os aventureros listos para rodar! \u00a1FLOW como si lo sintieras de verdad! Desl\u00edzate con confianza y presume con un patinete de dos ruedas dise\u00f1ado para peque\u00f1os aventureros desde los 3 a\u00f1os (\u00a1y en adelante!).","og_url":"https:\/\/www.globber.com\/es\/product\/flow-element-junior-luces\/","og_site_name":"Globber Espa\u00f1a","article_modified_time":"2026-04-15T11:27:52+00:00","og_image":[{"width":1920,"height":1920,"url":"https:\/\/cdn.globber.com\/content\/sites\/15\/2026\/04\/729-102_ft-R-1920x1920.png","type":"image\/png"}],"twitter_card":"summary_large_image","twitter_misc":{"Availability":"In stock"},"schema":{"@context":"https:\/\/schema.org","@graph":[{"@type":["WebPage","ItemPage"],"@id":"https:\/\/www.globber.com\/es\/product\/flow-element-junior-luces\/","url":"https:\/\/www.globber.com\/es\/product\/flow-element-junior-luces\/","name":"FLOW ELEMENT JUNIOR LUCES - Globber Espa\u00f1a","isPartOf":{"@id":"https:\/\/www.globber.com\/es\/#website"},"primaryImageOfPage":{"@id":"https:\/\/www.globber.com\/es\/product\/flow-element-junior-luces\/#primaryimage"},"image":{"@id":"https:\/\/www.globber.com\/es\/product\/flow-element-junior-luces\/#primaryimage"},"thumbnailUrl":"https:\/\/cdn.globber.com\/content\/sites\/15\/2026\/04\/729-102_ft-R.png","datePublished":"2026-04-15T11:27:08+00:00","dateModified":"2026-04-15T11:27:52+00:00","breadcrumb":{"@id":"https:\/\/www.globber.com\/es\/product\/flow-element-junior-luces\/#breadcrumb"},"inLanguage":"es","potentialAction":[{"@type":"ReadAction","target":["https:\/\/www.globber.com\/es\/product\/flow-element-junior-luces\/"]}]},{"@type":"ImageObject","inLanguage":"es","@id":"https:\/\/www.globber.com\/es\/product\/flow-element-junior-luces\/#primaryimage","url":"https:\/\/cdn.globber.com\/content\/sites\/15\/2026\/04\/729-102_ft-R.png","contentUrl":"https:\/\/cdn.globber.com\/content\/sites\/15\/2026\/04\/729-102_ft-R.png","width":2048,"height":2048},{"@type":"BreadcrumbList","@id":"https:\/\/www.globber.com\/es\/product\/flow-element-junior-luces\/#breadcrumb","itemListElement":[{"@type":"ListItem","position":1,"name":"Todos los productos","item":"https:\/\/www.globber.com\/es\/tienda-por-producto\/"},{"@type":"ListItem","position":2,"name":"FLOW ELEMENT JUNIOR LUCES"}]},{"@type":"WebSite","@id":"https:\/\/www.globber.com\/es\/#website","url":"https:\/\/www.globber.com\/es\/","name":"Globber Espa\u00f1a","description":"El mundo sobre ruedas | Globber.com","publisher":{"@id":"https:\/\/www.globber.com\/es\/#organization"},"potentialAction":[{"@type":"SearchAction","target":{"@type":"EntryPoint","urlTemplate":"https:\/\/www.globber.com\/es\/?s={search_term_string}"},"query-input":{"@type":"PropertyValueSpecification","valueRequired":true,"valueName":"search_term_string"}}],"inLanguage":"es"},{"@type":"Organization","@id":"https:\/\/www.globber.com\/es\/#organization","name":"Globber Espa\u00f1a","url":"https:\/\/www.globber.com\/es\/","logo":{"@type":"ImageObject","inLanguage":"es","@id":"https:\/\/www.globber.com\/es\/#\/schema\/logo\/image\/","url":"https:\/\/cdn.globber.com\/content\/2024\/05\/logo.svg","contentUrl":"https:\/\/cdn.globber.com\/content\/2024\/05\/logo.svg","width":601,"height":112,"caption":"Globber Espa\u00f1a"},"image":{"@id":"https:\/\/www.globber.com\/es\/#\/schema\/logo\/image\/"}}]},"og_availability":"instock","product_availability":"instock","product_retailer_item_id":"729-XXX","product_condition":"new"},"_links":{"self":[{"href":"https:\/\/www.globber.com\/es\/wp-json\/wp\/v2\/product\/14796","targetHints":{"allow":["GET"]}}],"collection":[{"href":"https:\/\/www.globber.com\/es\/wp-json\/wp\/v2\/product"}],"about":[{"href":"https:\/\/www.globber.com\/es\/wp-json\/wp\/v2\/types\/product"}],"replies":[{"embeddable":true,"href":"https:\/\/www.globber.com\/es\/wp-json\/wp\/v2\/comments?post=14796"}],"wp:featuredmedia":[{"embeddable":true,"href":"https:\/\/www.globber.com\/es\/wp-json\/wp\/v2\/media\/14803"}],"wp:attachment":[{"href":"https:\/\/www.globber.com\/es\/wp-json\/wp\/v2\/media?parent=14796"}],"wp:term":[{"taxonomy":"product-special-badges","embeddable":true,"href":"https:\/\/www.globber.com\/es\/wp-json\/wp\/v2\/product-special-badges?post=14796"},{"taxonomy":"product_brand","embeddable":true,"href":"https:\/\/www.globber.com\/es\/wp-json\/wp\/v2\/product_brand?post=14796"},{"taxonomy":"product_cat","embeddable":true,"href":"https:\/\/www.globber.com\/es\/wp-json\/wp\/v2\/product_cat?post=14796"},{"taxonomy":"product_tag","embeddable":true,"href":"https:\/\/www.globber.com\/es\/wp-json\/wp\/v2\/product_tag?post=14796"}],"curies":[{"name":"wp","href":"https:\/\/api.w.org\/{rel}","templated":true}]}}