{"id":14879,"date":"2026-04-30T10:26:13","date_gmt":"2026-04-30T08:26:13","guid":{"rendered":"https:\/\/www.globber.com\/es\/?post_type=product&#038;p=14879"},"modified":"2026-04-30T10:33:06","modified_gmt":"2026-04-30T08:33:06","slug":"elite-glow-luces","status":"publish","type":"product","link":"https:\/\/www.globber.com\/es\/product\/elite-glow-luces\/","title":{"rendered":"ELITE GLOW LUCES"},"content":{"rendered":"<p data-start=\"0\" data-end=\"40\">\u00a1Patinetes que brillan en cada aventura!<\/p>\n<p data-start=\"42\" data-end=\"356\">\u00a1Preparados, listos\u2026 a brillar con ELITE GLOW LUCES! Este patinete de 3 ruedas cuenta con barra en T, base, freno trasero y manillar que brillan en la oscuridad, adem\u00e1s de pu\u00f1os y ruedas con luces que se iluminan al rodar, aportando un toque m\u00e1gico a cada paseo. Baja la luz y observa c\u00f3mo el patinete cobra vida.<\/p>\n<p data-start=\"358\" data-end=\"514\">Dise\u00f1ado para ni\u00f1os de 3 a 9+ a\u00f1os, este patinete que brilla en la oscuridad combina estilo, seguridad y diversi\u00f3n para desplazamientos realmente luminosos.<\/p>\n<p data-start=\"516\" data-end=\"830\">ELITE GLOW LUCES tambi\u00e9n incorpora el sistema patentado de bloqueo de direcci\u00f3n y plegado de Globber, una base resistente y antideslizante, una barra en T ajustable en 4 alturas con pu\u00f1os LED iluminados y ruedas LED sin bater\u00eda \u2014delanteras y traseras\u2014 que parpadean en color blanco para paseos a\u00fan m\u00e1s brillantes.<\/p>\n<p data-start=\"832\" data-end=\"935\">ELITE GLOW LUCES est\u00e1 fabricado con un 24\u201327% de pl\u00e1stico certificado Global Recycled Standard (GRS)*.<\/p>\n<p data-start=\"937\" data-end=\"1126\">El GRS es el est\u00e1ndar internacional que verifica la presencia de material reciclado en productos finales, garantizando la transparencia de los materiales y fomentando una econom\u00eda circular.<\/p>\n<p data-start=\"1128\" data-end=\"1404\" data-is-last-node=\"\" data-is-only-node=\"\">Gracias al uso de pl\u00e1stico reciclado certificado GRS en nuestras colecciones de patinetes de 3 ruedas y ECOLOGIC, desde octubre de 2022 hemos reutilizado m\u00e1s de 118 toneladas combinadas de botellas y vasos usados, redes de pesca recuperadas y juguetes y protecciones antiguas.<\/p>\n","protected":false},"excerpt":{"rendered":"<p>\u00a1Preparados, listos\u2026 a brillar con ELITE GLOW LUCES! Este patinete de 3 ruedas cuenta con barra en T, base, freno trasero y manillar que brillan en la oscuridad, adem\u00e1s de pu\u00f1os y ruedas con luces que se iluminan al rodar. \u00a1Baja la luz y observa c\u00f3mo tu patinete cobra vida en cada paseo!<\/p>\n","protected":false},"featured_media":14896,"comment_status":"closed","ping_status":"closed","template":"","meta":{"_acf_changed":false,"inline_featured_image":false},"product-special-badges":[3948],"product_brand":[],"product_cat":[3995,3120,3134,1691,1696,1694,15],"product_tag":[],"class_list":{"0":"post-14879","1":"product","2":"type-product","3":"status-publish","4":"has-post-thumbnail","6":"product_cat-serie-elite-patinetes-para-ninos","7":"product_cat-colecciones-para-ninos","8":"product_cat-todos-los-productos","9":"product_cat-patinete-de-3-ruedas-para-todas-las-edades","10":"product_cat-patinetes-plegables","11":"product_cat-patinetes-con-luces","12":"product_cat-sin-categoria","13":"pa_ajustable-si","14":"pa_altura-recomendada-del-usuar-95-130-cm","15":"pa_color-menta","16":"pa_color-rosa-coral","17":"pa_ean-3990","18":"pa_ean-3991","19":"pa_edades-3-9y","20":"pa_peso-maximo-del-usuario-50-kg","21":"pa_plegable-si","22":"pa_tipo-de-producto-patinete-de-3-ruedas","24":"first","25":"instock","26":"taxable","27":"shipping-taxable","28":"purchasable","29":"product-type-variable"},"bundled_by":[],"bundle_stock_status":"instock","bundle_stock_quantity":null,"bundle_virtual":false,"bundle_layout":"","bundle_add_to_cart_form_location":"","bundle_editable_in_cart":false,"bundle_sold_individually_context":"","bundle_item_grouping":"","bundle_min_size":"","bundle_max_size":"","bundled_items":[],"bundle_sell_ids":[],"acf":[],"yoast_head":"<!-- This site is optimized with the Yoast SEO Premium plugin v20.12 (Yoast SEO v23.4) - https:\/\/yoast.com\/wordpress\/plugins\/seo\/ -->\n<title>ELITE GLOW LUCES - Globber Espa\u00f1a<\/title>\n<meta name=\"robots\" content=\"index, follow, max-snippet:-1, max-image-preview:large, max-video-preview:-1\" \/>\n<link rel=\"canonical\" href=\"https:\/\/www.globber.com\/es\/product\/elite-glow-luces\/\" \/>\n<meta property=\"og:locale\" content=\"es_ES\" \/>\n<meta property=\"og:type\" content=\"article\" \/>\n<meta property=\"og:title\" content=\"ELITE GLOW LUCES - Globber Espa\u00f1a\" \/>\n<meta property=\"og:description\" content=\"\u00a1Preparados, listos\u2026 a brillar con ELITE GLOW LUCES! Este patinete de 3 ruedas cuenta con barra en T, base, freno trasero y manillar que brillan en la oscuridad, adem\u00e1s de pu\u00f1os y ruedas con luces que se iluminan al rodar. \u00a1Baja la luz y observa c\u00f3mo tu patinete cobra vida en cada paseo!\" \/>\n<meta property=\"og:url\" content=\"https:\/\/www.globber.com\/es\/product\/elite-glow-luces\/\" \/>\n<meta property=\"og:site_name\" content=\"Globber Espa\u00f1a\" \/>\n<meta property=\"article:modified_time\" content=\"2026-04-30T08:33:06+00:00\" \/>\n<meta property=\"og:image\" content=\"https:\/\/cdn.globber.com\/content\/sites\/15\/2026\/04\/839-110_call-out-lightsglow.jpg\" \/>\n\t<meta property=\"og:image:width\" content=\"2048\" \/>\n\t<meta property=\"og:image:height\" content=\"2048\" \/>\n\t<meta property=\"og:image:type\" content=\"image\/jpeg\" \/>\n<meta name=\"twitter:card\" content=\"summary_large_image\" \/>\n<meta name=\"twitter:label1\" content=\"Availability\" \/>\n\t<meta name=\"twitter:data1\" content=\"In stock\" \/>\n<script type=\"application\/ld+json\" class=\"yoast-schema-graph\">{\"@context\":\"https:\/\/schema.org\",\"@graph\":[{\"@type\":[\"WebPage\",\"ItemPage\"],\"@id\":\"https:\/\/www.globber.com\/es\/product\/elite-glow-luces\/\",\"url\":\"https:\/\/www.globber.com\/es\/product\/elite-glow-luces\/\",\"name\":\"ELITE GLOW LUCES - Globber Espa\u00f1a\",\"isPartOf\":{\"@id\":\"https:\/\/www.globber.com\/es\/#website\"},\"primaryImageOfPage\":{\"@id\":\"https:\/\/www.globber.com\/es\/product\/elite-glow-luces\/#primaryimage\"},\"image\":{\"@id\":\"https:\/\/www.globber.com\/es\/product\/elite-glow-luces\/#primaryimage\"},\"thumbnailUrl\":\"https:\/\/cdn.globber.com\/content\/sites\/15\/2026\/04\/839-110_call-out-lightsglow.jpg\",\"datePublished\":\"2026-04-30T08:26:13+00:00\",\"dateModified\":\"2026-04-30T08:33:06+00:00\",\"breadcrumb\":{\"@id\":\"https:\/\/www.globber.com\/es\/product\/elite-glow-luces\/#breadcrumb\"},\"inLanguage\":\"es\",\"potentialAction\":[{\"@type\":\"ReadAction\",\"target\":[\"https:\/\/www.globber.com\/es\/product\/elite-glow-luces\/\"]}]},{\"@type\":\"ImageObject\",\"inLanguage\":\"es\",\"@id\":\"https:\/\/www.globber.com\/es\/product\/elite-glow-luces\/#primaryimage\",\"url\":\"https:\/\/cdn.globber.com\/content\/sites\/15\/2026\/04\/839-110_call-out-lightsglow.jpg\",\"contentUrl\":\"https:\/\/cdn.globber.com\/content\/sites\/15\/2026\/04\/839-110_call-out-lightsglow.jpg\",\"width\":2048,\"height\":2048},{\"@type\":\"BreadcrumbList\",\"@id\":\"https:\/\/www.globber.com\/es\/product\/elite-glow-luces\/#breadcrumb\",\"itemListElement\":[{\"@type\":\"ListItem\",\"position\":1,\"name\":\"Todos los productos\",\"item\":\"https:\/\/www.globber.com\/es\/tienda-por-producto\/\"},{\"@type\":\"ListItem\",\"position\":2,\"name\":\"ELITE GLOW LUCES\"}]},{\"@type\":\"WebSite\",\"@id\":\"https:\/\/www.globber.com\/es\/#website\",\"url\":\"https:\/\/www.globber.com\/es\/\",\"name\":\"Globber Espa\u00f1a\",\"description\":\"El mundo sobre ruedas | Globber.com\",\"publisher\":{\"@id\":\"https:\/\/www.globber.com\/es\/#organization\"},\"potentialAction\":[{\"@type\":\"SearchAction\",\"target\":{\"@type\":\"EntryPoint\",\"urlTemplate\":\"https:\/\/www.globber.com\/es\/?s={search_term_string}\"},\"query-input\":{\"@type\":\"PropertyValueSpecification\",\"valueRequired\":true,\"valueName\":\"search_term_string\"}}],\"inLanguage\":\"es\"},{\"@type\":\"Organization\",\"@id\":\"https:\/\/www.globber.com\/es\/#organization\",\"name\":\"Globber Espa\u00f1a\",\"url\":\"https:\/\/www.globber.com\/es\/\",\"logo\":{\"@type\":\"ImageObject\",\"inLanguage\":\"es\",\"@id\":\"https:\/\/www.globber.com\/es\/#\/schema\/logo\/image\/\",\"url\":\"https:\/\/cdn.globber.com\/content\/2024\/05\/logo.svg\",\"contentUrl\":\"https:\/\/cdn.globber.com\/content\/2024\/05\/logo.svg\",\"width\":601,\"height\":112,\"caption\":\"Globber Espa\u00f1a\"},\"image\":{\"@id\":\"https:\/\/www.globber.com\/es\/#\/schema\/logo\/image\/\"}}]}<\/script>\n<meta property=\"og:availability\" content=\"instock\" \/>\n<meta property=\"product:availability\" content=\"instock\" \/>\n<meta property=\"product:retailer_item_id\" content=\"839-XXX\" \/>\n<meta property=\"product:condition\" content=\"new\" \/>\n<!-- \/ Yoast SEO Premium plugin. -->","yoast_head_json":{"title":"ELITE GLOW LUCES - Globber Espa\u00f1a","robots":{"index":"index","follow":"follow","max-snippet":"max-snippet:-1","max-image-preview":"max-image-preview:large","max-video-preview":"max-video-preview:-1"},"canonical":"https:\/\/www.globber.com\/es\/product\/elite-glow-luces\/","og_locale":"es_ES","og_type":"article","og_title":"ELITE GLOW LUCES - Globber Espa\u00f1a","og_description":"\u00a1Preparados, listos\u2026 a brillar con ELITE GLOW LUCES! Este patinete de 3 ruedas cuenta con barra en T, base, freno trasero y manillar que brillan en la oscuridad, adem\u00e1s de pu\u00f1os y ruedas con luces que se iluminan al rodar. \u00a1Baja la luz y observa c\u00f3mo tu patinete cobra vida en cada paseo!","og_url":"https:\/\/www.globber.com\/es\/product\/elite-glow-luces\/","og_site_name":"Globber Espa\u00f1a","article_modified_time":"2026-04-30T08:33:06+00:00","og_image":[{"width":2048,"height":2048,"url":"https:\/\/cdn.globber.com\/content\/sites\/15\/2026\/04\/839-110_call-out-lightsglow.jpg","type":"image\/jpeg"}],"twitter_card":"summary_large_image","twitter_misc":{"Availability":"In stock"},"schema":{"@context":"https:\/\/schema.org","@graph":[{"@type":["WebPage","ItemPage"],"@id":"https:\/\/www.globber.com\/es\/product\/elite-glow-luces\/","url":"https:\/\/www.globber.com\/es\/product\/elite-glow-luces\/","name":"ELITE GLOW LUCES - Globber Espa\u00f1a","isPartOf":{"@id":"https:\/\/www.globber.com\/es\/#website"},"primaryImageOfPage":{"@id":"https:\/\/www.globber.com\/es\/product\/elite-glow-luces\/#primaryimage"},"image":{"@id":"https:\/\/www.globber.com\/es\/product\/elite-glow-luces\/#primaryimage"},"thumbnailUrl":"https:\/\/cdn.globber.com\/content\/sites\/15\/2026\/04\/839-110_call-out-lightsglow.jpg","datePublished":"2026-04-30T08:26:13+00:00","dateModified":"2026-04-30T08:33:06+00:00","breadcrumb":{"@id":"https:\/\/www.globber.com\/es\/product\/elite-glow-luces\/#breadcrumb"},"inLanguage":"es","potentialAction":[{"@type":"ReadAction","target":["https:\/\/www.globber.com\/es\/product\/elite-glow-luces\/"]}]},{"@type":"ImageObject","inLanguage":"es","@id":"https:\/\/www.globber.com\/es\/product\/elite-glow-luces\/#primaryimage","url":"https:\/\/cdn.globber.com\/content\/sites\/15\/2026\/04\/839-110_call-out-lightsglow.jpg","contentUrl":"https:\/\/cdn.globber.com\/content\/sites\/15\/2026\/04\/839-110_call-out-lightsglow.jpg","width":2048,"height":2048},{"@type":"BreadcrumbList","@id":"https:\/\/www.globber.com\/es\/product\/elite-glow-luces\/#breadcrumb","itemListElement":[{"@type":"ListItem","position":1,"name":"Todos los productos","item":"https:\/\/www.globber.com\/es\/tienda-por-producto\/"},{"@type":"ListItem","position":2,"name":"ELITE GLOW LUCES"}]},{"@type":"WebSite","@id":"https:\/\/www.globber.com\/es\/#website","url":"https:\/\/www.globber.com\/es\/","name":"Globber Espa\u00f1a","description":"El mundo sobre ruedas | Globber.com","publisher":{"@id":"https:\/\/www.globber.com\/es\/#organization"},"potentialAction":[{"@type":"SearchAction","target":{"@type":"EntryPoint","urlTemplate":"https:\/\/www.globber.com\/es\/?s={search_term_string}"},"query-input":{"@type":"PropertyValueSpecification","valueRequired":true,"valueName":"search_term_string"}}],"inLanguage":"es"},{"@type":"Organization","@id":"https:\/\/www.globber.com\/es\/#organization","name":"Globber Espa\u00f1a","url":"https:\/\/www.globber.com\/es\/","logo":{"@type":"ImageObject","inLanguage":"es","@id":"https:\/\/www.globber.com\/es\/#\/schema\/logo\/image\/","url":"https:\/\/cdn.globber.com\/content\/2024\/05\/logo.svg","contentUrl":"https:\/\/cdn.globber.com\/content\/2024\/05\/logo.svg","width":601,"height":112,"caption":"Globber Espa\u00f1a"},"image":{"@id":"https:\/\/www.globber.com\/es\/#\/schema\/logo\/image\/"}}]},"og_availability":"instock","product_availability":"instock","product_retailer_item_id":"839-XXX","product_condition":"new"},"_links":{"self":[{"href":"https:\/\/www.globber.com\/es\/wp-json\/wp\/v2\/product\/14879","targetHints":{"allow":["GET"]}}],"collection":[{"href":"https:\/\/www.globber.com\/es\/wp-json\/wp\/v2\/product"}],"about":[{"href":"https:\/\/www.globber.com\/es\/wp-json\/wp\/v2\/types\/product"}],"replies":[{"embeddable":true,"href":"https:\/\/www.globber.com\/es\/wp-json\/wp\/v2\/comments?post=14879"}],"wp:featuredmedia":[{"embeddable":true,"href":"https:\/\/www.globber.com\/es\/wp-json\/wp\/v2\/media\/14896"}],"wp:attachment":[{"href":"https:\/\/www.globber.com\/es\/wp-json\/wp\/v2\/media?parent=14879"}],"wp:term":[{"taxonomy":"product-special-badges","embeddable":true,"href":"https:\/\/www.globber.com\/es\/wp-json\/wp\/v2\/product-special-badges?post=14879"},{"taxonomy":"product_brand","embeddable":true,"href":"https:\/\/www.globber.com\/es\/wp-json\/wp\/v2\/product_brand?post=14879"},{"taxonomy":"product_cat","embeddable":true,"href":"https:\/\/www.globber.com\/es\/wp-json\/wp\/v2\/product_cat?post=14879"},{"taxonomy":"product_tag","embeddable":true,"href":"https:\/\/www.globber.com\/es\/wp-json\/wp\/v2\/product_tag?post=14879"}],"curies":[{"name":"wp","href":"https:\/\/api.w.org\/{rel}","templated":true}]}}