{"id":5896,"date":"2022-11-28T14:04:02","date_gmt":"2022-11-28T14:04:02","guid":{"rendered":"http:\/\/www.globber.com\/es\/product\/junior-foldable-lights-ecologic\/"},"modified":"2026-04-03T10:19:59","modified_gmt":"2026-04-03T08:19:59","slug":"junior-plegable-luces-ecologico","status":"publish","type":"product","link":"https:\/\/www.globber.com\/es\/product\/junior-plegable-luces-ecologico\/","title":{"rendered":"JUNIOR PLEGABLE LUCES ECOL\u00d3GICO"},"content":{"rendered":"<p>Un mundo m\u00e1s ecol\u00f3gico sobre ruedas: El patinete JUNIOR PLEGABLE LUCES ECOL\u00d3GICO\u00a0ayuda a las familias de todo el mundo a vivir y respirar valores y opciones ecol\u00f3gicas. Est\u00e1 fabricado con un 60% de pl\u00e1stico Global Recycled Standard y paja de trigo biodegradable*.<\/p>\n<p>Un patinete ecol\u00f3gico de 3 ruedas para ni\u00f1os peque\u00f1os con sistemas patentados de bloqueo de direcci\u00f3n y plegado y una barra en T ajustable para ni\u00f1os a partir de dos a\u00f1os, el patinete JUNIOR PLEGABLE LUCES <strong>ECO<\/strong>L\u00d3GICO\u00a0tiene la misma integridad estructural que el ic\u00f3nico original pero utiliza m\u00e1s materiales ecol\u00f3gicos para un menor impacto medioambiental.<\/p>\n<p>Dise\u00f1ado pensando en la diversi\u00f3n, el patinete JUNIOR PLEGABLE LUCES <strong>ECO<\/strong>L\u00d3GICO\u00a0tambi\u00e9n viene con ruedas luminosas sin pilas que funcionan con la energ\u00eda renovable y cin\u00e9tica de tu hijo: cuanto m\u00e1s r\u00e1pido van, m\u00e1s brillan.<\/p>\n<p>\u00a1Disfruta de momentos en familia y paseos respetuosos con el planeta!<\/p>\n<p>JUNIOR PLEGABLE LUCES <strong>ECO<\/strong>L\u00d3GICO\u00a0est\u00e1 fabricado con un 60% de pl\u00e1stico GRS y paja de trigo biodegradable*.<\/p>\n<p>GRS es un protocolo internacional que verifica el contenido reciclado en los productos finales. El uso de pl\u00e1stico GRS ahorra toneladas de residuos de los vertederos y mitiga el impacto medioambiental de la fabricaci\u00f3n.<\/p>\n<p>La paja de trigo es un biopl\u00e1stico 100% renovable. El uso de paja de trigo se desv\u00eda del flujo de residuos, es biodegradable y ayuda a que otros pl\u00e1sticos se descompongan.<\/p>\n<p>Elige Globber. \u00a1Elige m\u00e1s verde!<\/p>\n<p><span style=\"font-size: 10px\"><em>*En componentes aplicables<\/em><\/span><\/p>\n","protected":false},"excerpt":{"rendered":"<p><strong>Patinete ecol\u00f3gico de 3 ruedas para ni\u00f1os peque\u00f1os (2Y+) fabricado con un 60% de GRS y pl\u00e1stico de origen vegetal<\/strong><\/p>\n","protected":false},"featured_media":5289,"comment_status":"open","ping_status":"closed","template":"","meta":{"_acf_changed":false,"inline_featured_image":false},"product-special-badges":[],"product_brand":[],"product_cat":[1691,1696,1694,1680,1679,1630],"product_tag":[],"class_list":{"0":"post-5896","1":"product","2":"type-product","3":"status-publish","4":"has-post-thumbnail","6":"product-badges-light-up","7":"product-badges-sustainable","8":"product-badges-adjustable","9":"product-badges-foldable","10":"product_cat-patinete-de-3-ruedas-para-todas-las-edades","11":"product_cat-patinetes-plegables","12":"product_cat-patinetes-con-luces","13":"product_cat-coleccion-ecologica","14":"product_cat-serie-junior","15":"product_cat-patinetes-para-ninos-pequenos-bicicletas-de-equilibrio-2","16":"pa_ajustable-si","17":"pa_altura-del-manillar-54cm-61cm-y-68cm-desde-el-suelo","18":"pa_altura-recomendada-del-usuar-85-110-cm","19":"pa_color-berry","20":"pa_color-melocoton","21":"pa_color-pistacho","22":"pa_ean-3278","23":"pa_ean-3276","24":"pa_ean-3277","25":"pa_edades-2y-6y","26":"pa_frenos-freno-mecanico-trasero-compuesto","27":"pa_material-de-cubierta-60-grs-plastico-biodegradable-trigo-paja-pp-fibra-estructura-metal","28":"pa_material-de-las-ruedas-alto-rebote-pu-casted","29":"pa_peso-del-producto-neto-2-53-kg","30":"pa_peso-maximo-del-usuario-50-kg","31":"pa_plegable-si","32":"pa_tamano-de-la-cubierta-a-12-5cm-x-l-54-5cm","33":"pa_tipo-de-producto-patinete-de-3-ruedas","34":"pa_wheels-size-121mm-24mm-wide-front","35":"pa_wheels-size-80mm-24mm-ancho-trasero","37":"first","38":"outofstock","39":"taxable","40":"shipping-taxable","41":"purchasable","42":"product-type-variable"},"bundled_by":[],"bundle_stock_status":"outofstock","bundle_stock_quantity":null,"bundle_virtual":false,"bundle_layout":"","bundle_add_to_cart_form_location":"","bundle_editable_in_cart":false,"bundle_sold_individually_context":"","bundle_item_grouping":"","bundle_min_size":"","bundle_max_size":"","bundled_items":[],"bundle_sell_ids":[],"acf":[],"yoast_head":"<!-- This site is optimized with the Yoast SEO Premium plugin v20.12 (Yoast SEO v23.4) - https:\/\/yoast.com\/wordpress\/plugins\/seo\/ -->\n<title>Patinete ecol\u00f3gico: JUNIOR PLEGABLE ECOL\u00d3GICO - Globber<\/title>\n<meta name=\"description\" content=\"Fabricado con pl\u00e1stico reciclado, este patinete de 3 ruedas ecol\u00f3gico para ni\u00f1os peque\u00f1os ofrece horas de diversi\u00f3n. S\u00e9 m\u00e1s ecol\u00f3gico.\" \/>\n<meta name=\"robots\" content=\"index, follow, max-snippet:-1, max-image-preview:large, max-video-preview:-1\" \/>\n<link rel=\"canonical\" href=\"https:\/\/www.globber.com\/es\/product\/junior-plegable-luces-ecologico\/\" \/>\n<meta property=\"og:locale\" content=\"es_ES\" \/>\n<meta property=\"og:type\" content=\"article\" \/>\n<meta property=\"og:title\" content=\"Patinete ecol\u00f3gico: JUNIOR PLEGABLE ECOL\u00d3GICO - Globber\" \/>\n<meta property=\"og:description\" content=\"Fabricado con pl\u00e1stico reciclado, este patinete de 3 ruedas ecol\u00f3gico para ni\u00f1os peque\u00f1os ofrece horas de diversi\u00f3n. S\u00e9 m\u00e1s ecol\u00f3gico.\" \/>\n<meta property=\"og:url\" content=\"https:\/\/www.globber.com\/es\/product\/junior-plegable-luces-ecologico\/\" \/>\n<meta property=\"og:site_name\" content=\"Globber Espa\u00f1a\" \/>\n<meta property=\"article:modified_time\" content=\"2026-04-03T08:19:59+00:00\" \/>\n<meta property=\"og:image\" content=\"https:\/\/cdn.globber.com\/content\/2022\/11\/6383b4272d0e6.jpg\" \/>\n\t<meta property=\"og:image:width\" content=\"1920\" \/>\n\t<meta property=\"og:image:height\" content=\"1920\" \/>\n\t<meta property=\"og:image:type\" content=\"image\/jpeg\" \/>\n<meta name=\"twitter:card\" content=\"summary_large_image\" \/>\n<meta name=\"twitter:label1\" content=\"Availability\" \/>\n\t<meta name=\"twitter:data1\" content=\"Out of stock\" \/>\n<script type=\"application\/ld+json\" class=\"yoast-schema-graph\">{\"@context\":\"https:\/\/schema.org\",\"@graph\":[{\"@type\":[\"WebPage\",\"ItemPage\"],\"@id\":\"https:\/\/www.globber.com\/es\/product\/junior-plegable-luces-ecologico\/\",\"url\":\"https:\/\/www.globber.com\/es\/product\/junior-plegable-luces-ecologico\/\",\"name\":\"Patinete ecol\u00f3gico: JUNIOR PLEGABLE ECOL\u00d3GICO - Globber\",\"isPartOf\":{\"@id\":\"https:\/\/www.globber.com\/es\/#website\"},\"primaryImageOfPage\":{\"@id\":\"https:\/\/www.globber.com\/es\/product\/junior-plegable-luces-ecologico\/#primaryimage\"},\"image\":{\"@id\":\"https:\/\/www.globber.com\/es\/product\/junior-plegable-luces-ecologico\/#primaryimage\"},\"thumbnailUrl\":\"https:\/\/cdn.globber.com\/content\/2022\/11\/6383b4272d0e6.jpg\",\"datePublished\":\"2022-11-28T14:04:02+00:00\",\"dateModified\":\"2026-04-03T08:19:59+00:00\",\"description\":\"Fabricado con pl\u00e1stico reciclado, este patinete de 3 ruedas ecol\u00f3gico para ni\u00f1os peque\u00f1os ofrece horas de diversi\u00f3n. S\u00e9 m\u00e1s ecol\u00f3gico.\",\"breadcrumb\":{\"@id\":\"https:\/\/www.globber.com\/es\/product\/junior-plegable-luces-ecologico\/#breadcrumb\"},\"inLanguage\":\"es\",\"potentialAction\":[{\"@type\":\"ReadAction\",\"target\":[\"https:\/\/www.globber.com\/es\/product\/junior-plegable-luces-ecologico\/\"]}]},{\"@type\":\"ImageObject\",\"inLanguage\":\"es\",\"@id\":\"https:\/\/www.globber.com\/es\/product\/junior-plegable-luces-ecologico\/#primaryimage\",\"url\":\"https:\/\/cdn.globber.com\/content\/2022\/11\/6383b4272d0e6.jpg\",\"contentUrl\":\"https:\/\/cdn.globber.com\/content\/2022\/11\/6383b4272d0e6.jpg\",\"width\":1920,\"height\":1920},{\"@type\":\"BreadcrumbList\",\"@id\":\"https:\/\/www.globber.com\/es\/product\/junior-plegable-luces-ecologico\/#breadcrumb\",\"itemListElement\":[{\"@type\":\"ListItem\",\"position\":1,\"name\":\"Todos los productos\",\"item\":\"https:\/\/www.globber.com\/es\/tienda-por-producto\/\"},{\"@type\":\"ListItem\",\"position\":2,\"name\":\"JUNIOR PLEGABLE LUCES ECOL\u00d3GICO\"}]},{\"@type\":\"WebSite\",\"@id\":\"https:\/\/www.globber.com\/es\/#website\",\"url\":\"https:\/\/www.globber.com\/es\/\",\"name\":\"Globber Espa\u00f1a\",\"description\":\"El mundo sobre ruedas | Globber.com\",\"publisher\":{\"@id\":\"https:\/\/www.globber.com\/es\/#organization\"},\"potentialAction\":[{\"@type\":\"SearchAction\",\"target\":{\"@type\":\"EntryPoint\",\"urlTemplate\":\"https:\/\/www.globber.com\/es\/?s={search_term_string}\"},\"query-input\":{\"@type\":\"PropertyValueSpecification\",\"valueRequired\":true,\"valueName\":\"search_term_string\"}}],\"inLanguage\":\"es\"},{\"@type\":\"Organization\",\"@id\":\"https:\/\/www.globber.com\/es\/#organization\",\"name\":\"Globber Espa\u00f1a\",\"url\":\"https:\/\/www.globber.com\/es\/\",\"logo\":{\"@type\":\"ImageObject\",\"inLanguage\":\"es\",\"@id\":\"https:\/\/www.globber.com\/es\/#\/schema\/logo\/image\/\",\"url\":\"https:\/\/cdn.globber.com\/content\/2024\/05\/logo.svg\",\"contentUrl\":\"https:\/\/cdn.globber.com\/content\/2024\/05\/logo.svg\",\"width\":601,\"height\":112,\"caption\":\"Globber Espa\u00f1a\"},\"image\":{\"@id\":\"https:\/\/www.globber.com\/es\/#\/schema\/logo\/image\/\"}}]}<\/script>\n<meta property=\"og:availability\" content=\"out of stock\" \/>\n<meta property=\"product:availability\" content=\"out of stock\" \/>\n<meta property=\"product:retailer_item_id\" content=\"692-XXX\" \/>\n<meta property=\"product:condition\" content=\"new\" \/>\n<!-- \/ Yoast SEO Premium plugin. -->","yoast_head_json":{"title":"Patinete ecol\u00f3gico: JUNIOR PLEGABLE ECOL\u00d3GICO - Globber","description":"Fabricado con pl\u00e1stico reciclado, este patinete de 3 ruedas ecol\u00f3gico para ni\u00f1os peque\u00f1os ofrece horas de diversi\u00f3n. S\u00e9 m\u00e1s ecol\u00f3gico.","robots":{"index":"index","follow":"follow","max-snippet":"max-snippet:-1","max-image-preview":"max-image-preview:large","max-video-preview":"max-video-preview:-1"},"canonical":"https:\/\/www.globber.com\/es\/product\/junior-plegable-luces-ecologico\/","og_locale":"es_ES","og_type":"article","og_title":"Patinete ecol\u00f3gico: JUNIOR PLEGABLE ECOL\u00d3GICO - Globber","og_description":"Fabricado con pl\u00e1stico reciclado, este patinete de 3 ruedas ecol\u00f3gico para ni\u00f1os peque\u00f1os ofrece horas de diversi\u00f3n. S\u00e9 m\u00e1s ecol\u00f3gico.","og_url":"https:\/\/www.globber.com\/es\/product\/junior-plegable-luces-ecologico\/","og_site_name":"Globber Espa\u00f1a","article_modified_time":"2026-04-03T08:19:59+00:00","og_image":[{"width":1920,"height":1920,"url":"https:\/\/cdn.globber.com\/content\/2022\/11\/6383b4272d0e6.jpg","type":"image\/jpeg"}],"twitter_card":"summary_large_image","twitter_misc":{"Availability":"Out of stock"},"schema":{"@context":"https:\/\/schema.org","@graph":[{"@type":["WebPage","ItemPage"],"@id":"https:\/\/www.globber.com\/es\/product\/junior-plegable-luces-ecologico\/","url":"https:\/\/www.globber.com\/es\/product\/junior-plegable-luces-ecologico\/","name":"Patinete ecol\u00f3gico: JUNIOR PLEGABLE ECOL\u00d3GICO - Globber","isPartOf":{"@id":"https:\/\/www.globber.com\/es\/#website"},"primaryImageOfPage":{"@id":"https:\/\/www.globber.com\/es\/product\/junior-plegable-luces-ecologico\/#primaryimage"},"image":{"@id":"https:\/\/www.globber.com\/es\/product\/junior-plegable-luces-ecologico\/#primaryimage"},"thumbnailUrl":"https:\/\/cdn.globber.com\/content\/2022\/11\/6383b4272d0e6.jpg","datePublished":"2022-11-28T14:04:02+00:00","dateModified":"2026-04-03T08:19:59+00:00","description":"Fabricado con pl\u00e1stico reciclado, este patinete de 3 ruedas ecol\u00f3gico para ni\u00f1os peque\u00f1os ofrece horas de diversi\u00f3n. S\u00e9 m\u00e1s ecol\u00f3gico.","breadcrumb":{"@id":"https:\/\/www.globber.com\/es\/product\/junior-plegable-luces-ecologico\/#breadcrumb"},"inLanguage":"es","potentialAction":[{"@type":"ReadAction","target":["https:\/\/www.globber.com\/es\/product\/junior-plegable-luces-ecologico\/"]}]},{"@type":"ImageObject","inLanguage":"es","@id":"https:\/\/www.globber.com\/es\/product\/junior-plegable-luces-ecologico\/#primaryimage","url":"https:\/\/cdn.globber.com\/content\/2022\/11\/6383b4272d0e6.jpg","contentUrl":"https:\/\/cdn.globber.com\/content\/2022\/11\/6383b4272d0e6.jpg","width":1920,"height":1920},{"@type":"BreadcrumbList","@id":"https:\/\/www.globber.com\/es\/product\/junior-plegable-luces-ecologico\/#breadcrumb","itemListElement":[{"@type":"ListItem","position":1,"name":"Todos los productos","item":"https:\/\/www.globber.com\/es\/tienda-por-producto\/"},{"@type":"ListItem","position":2,"name":"JUNIOR PLEGABLE LUCES ECOL\u00d3GICO"}]},{"@type":"WebSite","@id":"https:\/\/www.globber.com\/es\/#website","url":"https:\/\/www.globber.com\/es\/","name":"Globber Espa\u00f1a","description":"El mundo sobre ruedas | Globber.com","publisher":{"@id":"https:\/\/www.globber.com\/es\/#organization"},"potentialAction":[{"@type":"SearchAction","target":{"@type":"EntryPoint","urlTemplate":"https:\/\/www.globber.com\/es\/?s={search_term_string}"},"query-input":{"@type":"PropertyValueSpecification","valueRequired":true,"valueName":"search_term_string"}}],"inLanguage":"es"},{"@type":"Organization","@id":"https:\/\/www.globber.com\/es\/#organization","name":"Globber Espa\u00f1a","url":"https:\/\/www.globber.com\/es\/","logo":{"@type":"ImageObject","inLanguage":"es","@id":"https:\/\/www.globber.com\/es\/#\/schema\/logo\/image\/","url":"https:\/\/cdn.globber.com\/content\/2024\/05\/logo.svg","contentUrl":"https:\/\/cdn.globber.com\/content\/2024\/05\/logo.svg","width":601,"height":112,"caption":"Globber Espa\u00f1a"},"image":{"@id":"https:\/\/www.globber.com\/es\/#\/schema\/logo\/image\/"}}]},"og_availability":"out of stock","product_availability":"out of stock","product_retailer_item_id":"692-XXX","product_condition":"new"},"_links":{"self":[{"href":"https:\/\/www.globber.com\/es\/wp-json\/wp\/v2\/product\/5896","targetHints":{"allow":["GET"]}}],"collection":[{"href":"https:\/\/www.globber.com\/es\/wp-json\/wp\/v2\/product"}],"about":[{"href":"https:\/\/www.globber.com\/es\/wp-json\/wp\/v2\/types\/product"}],"replies":[{"embeddable":true,"href":"https:\/\/www.globber.com\/es\/wp-json\/wp\/v2\/comments?post=5896"}],"wp:featuredmedia":[{"embeddable":true,"href":"https:\/\/www.globber.com\/es\/wp-json\/wp\/v2\/media\/5289"}],"wp:attachment":[{"href":"https:\/\/www.globber.com\/es\/wp-json\/wp\/v2\/media?parent=5896"}],"wp:term":[{"taxonomy":"product-special-badges","embeddable":true,"href":"https:\/\/www.globber.com\/es\/wp-json\/wp\/v2\/product-special-badges?post=5896"},{"taxonomy":"product_brand","embeddable":true,"href":"https:\/\/www.globber.com\/es\/wp-json\/wp\/v2\/product_brand?post=5896"},{"taxonomy":"product_cat","embeddable":true,"href":"https:\/\/www.globber.com\/es\/wp-json\/wp\/v2\/product_cat?post=5896"},{"taxonomy":"product_tag","embeddable":true,"href":"https:\/\/www.globber.com\/es\/wp-json\/wp\/v2\/product_tag?post=5896"}],"curies":[{"name":"wp","href":"https:\/\/api.w.org\/{rel}","templated":true}]}}