{"id":5913,"date":"2022-11-28T14:04:46","date_gmt":"2022-11-28T14:04:46","guid":{"rendered":"http:\/\/www.globber.com\/es\/product\/primo\/"},"modified":"2026-05-01T09:28:05","modified_gmt":"2026-05-01T07:28:05","slug":"primo","status":"publish","type":"product","link":"https:\/\/www.globber.com\/es\/product\/primo\/","title":{"rendered":"PRIMO"},"content":{"rendered":"<p>\u00a1Prepara a tus hijos para una aventura en patinete m\u00e1s divertida! PRIMO ofrece los patinetes de 3 ruedas mejor valorados para ni\u00f1os de 3 a 7 a\u00f1os que son sostenibles y duraderos. Desde el precio hasta las caracter\u00edsticas, PRIMO te cubre en todo lo que se refiere a patinaje.<\/p>\n<p>Un patinete de 3 ruedas repleto de caracter\u00edsticas que incluye el sistema de bloqueo de direcci\u00f3n patentado de Globber, barra en T ajustable de 3 alturas y una cubierta de patinete duradera, PRIMO puede ayudar a los ni\u00f1os a desarrollar de forma segura el equilibrio y las habilidades de coordinaci\u00f3n mientras disfrutan de toda la diversi\u00f3n.<\/p>\n","protected":false},"excerpt":{"rendered":"<p><strong>Patinete de 3 ruedas<\/strong><strong>para ni\u00f1os (de 3 a 7 a\u00f1os)<\/strong><\/p>\n","protected":false},"featured_media":5218,"comment_status":"open","ping_status":"closed","template":"","meta":{"_acf_changed":false,"inline_featured_image":false},"product-special-badges":[],"product_brand":[],"product_cat":[1681,1691,399],"product_tag":[],"class_list":{"0":"post-5913","1":"product","2":"type-product","3":"status-publish","4":"has-post-thumbnail","6":"product-badges-adjustable","7":"product-badges-anti-slip","8":"product_cat-serie-primo","9":"product_cat-patinete-de-3-ruedas-para-todas-las-edades","10":"product_cat-patinetes-para-ninos","11":"pa_ajustable-si","12":"pa_altura-del-manillar-67-5-72-5-77-5cm-desde-el-suelo","13":"pa_altura-recomendada-del-usuar-95-120-cm","14":"pa_color-azul-cielo","15":"pa_color-azul-marino","16":"pa_color-rojo","17":"pa_color-verde-lima","18":"pa_ean-3296","19":"pa_ean-3297","20":"pa_ean-3295","21":"pa_ean-3931","22":"pa_edades-3y-7y","23":"pa_frenos-freno-mecanico-trasero-compuesto","24":"pa_material-de-cubierta-compuesto-fibra-pp-nailon","25":"pa_material-de-las-ruedas-alto-rebote-pu-casted","26":"pa_peso-del-producto-neto-2-33kg","27":"pa_peso-maximo-del-usuario-50-kg","28":"pa_plegable-no","29":"pa_tamano-de-la-cubierta-a-11-5cm-x-l-54-5cm","30":"pa_tipo-de-producto-patinete-de-3-ruedas","31":"pa_wheels-size-121mm-24mm-wide-front","32":"pa_wheels-size-80mm-24mm-ancho-trasero","34":"first","35":"instock","36":"taxable","37":"shipping-taxable","38":"purchasable","39":"product-type-variable"},"bundled_by":[],"bundle_stock_status":"instock","bundle_stock_quantity":null,"bundle_virtual":false,"bundle_layout":"","bundle_add_to_cart_form_location":"","bundle_editable_in_cart":false,"bundle_sold_individually_context":"","bundle_item_grouping":"","bundle_min_size":"","bundle_max_size":"","bundled_items":[],"bundle_sell_ids":[],"acf":[],"yoast_head":"<!-- This site is optimized with the Yoast SEO Premium plugin v20.12 (Yoast SEO v23.4) - https:\/\/yoast.com\/wordpress\/plugins\/seo\/ -->\n<title>Scooter for 3-Year-Olds: PRIMO \u2013 Globber<\/title>\n<meta name=\"description\" content=\"Recommended for kids just starting to scoot! This fantastic 3-wheel scooter is the perfect blend of fun and safety. Get this great gift for your young kid!\" \/>\n<meta name=\"robots\" content=\"index, follow, max-snippet:-1, max-image-preview:large, max-video-preview:-1\" \/>\n<link rel=\"canonical\" href=\"https:\/\/www.globber.com\/es\/product\/primo\/\" \/>\n<meta property=\"og:locale\" content=\"es_ES\" \/>\n<meta property=\"og:type\" content=\"article\" \/>\n<meta property=\"og:title\" content=\"Scooter for 3-Year-Olds: PRIMO \u2013 Globber\" \/>\n<meta property=\"og:description\" content=\"Recommended for kids just starting to scoot! This fantastic 3-wheel scooter is the perfect blend of fun and safety. Get this great gift for your young kid!\" \/>\n<meta property=\"og:url\" content=\"https:\/\/www.globber.com\/es\/product\/primo\/\" \/>\n<meta property=\"og:site_name\" content=\"Globber Espa\u00f1a\" \/>\n<meta property=\"article:modified_time\" content=\"2026-05-01T07:28:05+00:00\" \/>\n<meta property=\"og:image\" content=\"https:\/\/cdn.globber.com\/content\/2022\/11\/6383b249dc7a1.jpg\" \/>\n\t<meta property=\"og:image:width\" content=\"1920\" \/>\n\t<meta property=\"og:image:height\" content=\"1920\" \/>\n\t<meta property=\"og:image:type\" content=\"image\/jpeg\" \/>\n<meta name=\"twitter:card\" content=\"summary_large_image\" \/>\n<meta name=\"twitter:label1\" content=\"Availability\" \/>\n\t<meta name=\"twitter:data1\" content=\"In stock\" \/>\n<script type=\"application\/ld+json\" class=\"yoast-schema-graph\">{\"@context\":\"https:\/\/schema.org\",\"@graph\":[{\"@type\":[\"WebPage\",\"ItemPage\"],\"@id\":\"https:\/\/www.globber.com\/es\/product\/primo\/\",\"url\":\"https:\/\/www.globber.com\/es\/product\/primo\/\",\"name\":\"Scooter for 3-Year-Olds: PRIMO \u2013 Globber\",\"isPartOf\":{\"@id\":\"https:\/\/www.globber.com\/es\/#website\"},\"primaryImageOfPage\":{\"@id\":\"https:\/\/www.globber.com\/es\/product\/primo\/#primaryimage\"},\"image\":{\"@id\":\"https:\/\/www.globber.com\/es\/product\/primo\/#primaryimage\"},\"thumbnailUrl\":\"https:\/\/cdn.globber.com\/content\/2022\/11\/6383b249dc7a1.jpg\",\"datePublished\":\"2022-11-28T14:04:46+00:00\",\"dateModified\":\"2026-05-01T07:28:05+00:00\",\"description\":\"Recommended for kids just starting to scoot! This fantastic 3-wheel scooter is the perfect blend of fun and safety. Get this great gift for your young kid!\",\"breadcrumb\":{\"@id\":\"https:\/\/www.globber.com\/es\/product\/primo\/#breadcrumb\"},\"inLanguage\":\"es\",\"potentialAction\":[{\"@type\":\"ReadAction\",\"target\":[\"https:\/\/www.globber.com\/es\/product\/primo\/\"]}]},{\"@type\":\"ImageObject\",\"inLanguage\":\"es\",\"@id\":\"https:\/\/www.globber.com\/es\/product\/primo\/#primaryimage\",\"url\":\"https:\/\/cdn.globber.com\/content\/2022\/11\/6383b249dc7a1.jpg\",\"contentUrl\":\"https:\/\/cdn.globber.com\/content\/2022\/11\/6383b249dc7a1.jpg\",\"width\":1920,\"height\":1920},{\"@type\":\"BreadcrumbList\",\"@id\":\"https:\/\/www.globber.com\/es\/product\/primo\/#breadcrumb\",\"itemListElement\":[{\"@type\":\"ListItem\",\"position\":1,\"name\":\"Todos los productos\",\"item\":\"https:\/\/www.globber.com\/es\/tienda-por-producto\/\"},{\"@type\":\"ListItem\",\"position\":2,\"name\":\"PRIMO\"}]},{\"@type\":\"WebSite\",\"@id\":\"https:\/\/www.globber.com\/es\/#website\",\"url\":\"https:\/\/www.globber.com\/es\/\",\"name\":\"Globber Espa\u00f1a\",\"description\":\"El mundo sobre ruedas | Globber.com\",\"publisher\":{\"@id\":\"https:\/\/www.globber.com\/es\/#organization\"},\"potentialAction\":[{\"@type\":\"SearchAction\",\"target\":{\"@type\":\"EntryPoint\",\"urlTemplate\":\"https:\/\/www.globber.com\/es\/?s={search_term_string}\"},\"query-input\":{\"@type\":\"PropertyValueSpecification\",\"valueRequired\":true,\"valueName\":\"search_term_string\"}}],\"inLanguage\":\"es\"},{\"@type\":\"Organization\",\"@id\":\"https:\/\/www.globber.com\/es\/#organization\",\"name\":\"Globber Espa\u00f1a\",\"url\":\"https:\/\/www.globber.com\/es\/\",\"logo\":{\"@type\":\"ImageObject\",\"inLanguage\":\"es\",\"@id\":\"https:\/\/www.globber.com\/es\/#\/schema\/logo\/image\/\",\"url\":\"https:\/\/cdn.globber.com\/content\/2024\/05\/logo.svg\",\"contentUrl\":\"https:\/\/cdn.globber.com\/content\/2024\/05\/logo.svg\",\"width\":601,\"height\":112,\"caption\":\"Globber Espa\u00f1a\"},\"image\":{\"@id\":\"https:\/\/www.globber.com\/es\/#\/schema\/logo\/image\/\"}}]}<\/script>\n<meta property=\"og:availability\" content=\"instock\" \/>\n<meta property=\"product:availability\" content=\"instock\" \/>\n<meta property=\"product:retailer_item_id\" content=\"422-XXX-3\" \/>\n<meta property=\"product:condition\" content=\"new\" \/>\n<!-- \/ Yoast SEO Premium plugin. -->","yoast_head_json":{"title":"Scooter for 3-Year-Olds: PRIMO \u2013 Globber","description":"Recommended for kids just starting to scoot! This fantastic 3-wheel scooter is the perfect blend of fun and safety. Get this great gift for your young kid!","robots":{"index":"index","follow":"follow","max-snippet":"max-snippet:-1","max-image-preview":"max-image-preview:large","max-video-preview":"max-video-preview:-1"},"canonical":"https:\/\/www.globber.com\/es\/product\/primo\/","og_locale":"es_ES","og_type":"article","og_title":"Scooter for 3-Year-Olds: PRIMO \u2013 Globber","og_description":"Recommended for kids just starting to scoot! This fantastic 3-wheel scooter is the perfect blend of fun and safety. Get this great gift for your young kid!","og_url":"https:\/\/www.globber.com\/es\/product\/primo\/","og_site_name":"Globber Espa\u00f1a","article_modified_time":"2026-05-01T07:28:05+00:00","og_image":[{"width":1920,"height":1920,"url":"https:\/\/cdn.globber.com\/content\/2022\/11\/6383b249dc7a1.jpg","type":"image\/jpeg"}],"twitter_card":"summary_large_image","twitter_misc":{"Availability":"In stock"},"schema":{"@context":"https:\/\/schema.org","@graph":[{"@type":["WebPage","ItemPage"],"@id":"https:\/\/www.globber.com\/es\/product\/primo\/","url":"https:\/\/www.globber.com\/es\/product\/primo\/","name":"Scooter for 3-Year-Olds: PRIMO \u2013 Globber","isPartOf":{"@id":"https:\/\/www.globber.com\/es\/#website"},"primaryImageOfPage":{"@id":"https:\/\/www.globber.com\/es\/product\/primo\/#primaryimage"},"image":{"@id":"https:\/\/www.globber.com\/es\/product\/primo\/#primaryimage"},"thumbnailUrl":"https:\/\/cdn.globber.com\/content\/2022\/11\/6383b249dc7a1.jpg","datePublished":"2022-11-28T14:04:46+00:00","dateModified":"2026-05-01T07:28:05+00:00","description":"Recommended for kids just starting to scoot! This fantastic 3-wheel scooter is the perfect blend of fun and safety. Get this great gift for your young kid!","breadcrumb":{"@id":"https:\/\/www.globber.com\/es\/product\/primo\/#breadcrumb"},"inLanguage":"es","potentialAction":[{"@type":"ReadAction","target":["https:\/\/www.globber.com\/es\/product\/primo\/"]}]},{"@type":"ImageObject","inLanguage":"es","@id":"https:\/\/www.globber.com\/es\/product\/primo\/#primaryimage","url":"https:\/\/cdn.globber.com\/content\/2022\/11\/6383b249dc7a1.jpg","contentUrl":"https:\/\/cdn.globber.com\/content\/2022\/11\/6383b249dc7a1.jpg","width":1920,"height":1920},{"@type":"BreadcrumbList","@id":"https:\/\/www.globber.com\/es\/product\/primo\/#breadcrumb","itemListElement":[{"@type":"ListItem","position":1,"name":"Todos los productos","item":"https:\/\/www.globber.com\/es\/tienda-por-producto\/"},{"@type":"ListItem","position":2,"name":"PRIMO"}]},{"@type":"WebSite","@id":"https:\/\/www.globber.com\/es\/#website","url":"https:\/\/www.globber.com\/es\/","name":"Globber Espa\u00f1a","description":"El mundo sobre ruedas | Globber.com","publisher":{"@id":"https:\/\/www.globber.com\/es\/#organization"},"potentialAction":[{"@type":"SearchAction","target":{"@type":"EntryPoint","urlTemplate":"https:\/\/www.globber.com\/es\/?s={search_term_string}"},"query-input":{"@type":"PropertyValueSpecification","valueRequired":true,"valueName":"search_term_string"}}],"inLanguage":"es"},{"@type":"Organization","@id":"https:\/\/www.globber.com\/es\/#organization","name":"Globber Espa\u00f1a","url":"https:\/\/www.globber.com\/es\/","logo":{"@type":"ImageObject","inLanguage":"es","@id":"https:\/\/www.globber.com\/es\/#\/schema\/logo\/image\/","url":"https:\/\/cdn.globber.com\/content\/2024\/05\/logo.svg","contentUrl":"https:\/\/cdn.globber.com\/content\/2024\/05\/logo.svg","width":601,"height":112,"caption":"Globber Espa\u00f1a"},"image":{"@id":"https:\/\/www.globber.com\/es\/#\/schema\/logo\/image\/"}}]},"og_availability":"instock","product_availability":"instock","product_retailer_item_id":"422-XXX-3","product_condition":"new"},"_links":{"self":[{"href":"https:\/\/www.globber.com\/es\/wp-json\/wp\/v2\/product\/5913","targetHints":{"allow":["GET"]}}],"collection":[{"href":"https:\/\/www.globber.com\/es\/wp-json\/wp\/v2\/product"}],"about":[{"href":"https:\/\/www.globber.com\/es\/wp-json\/wp\/v2\/types\/product"}],"replies":[{"embeddable":true,"href":"https:\/\/www.globber.com\/es\/wp-json\/wp\/v2\/comments?post=5913"}],"wp:featuredmedia":[{"embeddable":true,"href":"https:\/\/www.globber.com\/es\/wp-json\/wp\/v2\/media\/5218"}],"wp:attachment":[{"href":"https:\/\/www.globber.com\/es\/wp-json\/wp\/v2\/media?parent=5913"}],"wp:term":[{"taxonomy":"product-special-badges","embeddable":true,"href":"https:\/\/www.globber.com\/es\/wp-json\/wp\/v2\/product-special-badges?post=5913"},{"taxonomy":"product_brand","embeddable":true,"href":"https:\/\/www.globber.com\/es\/wp-json\/wp\/v2\/product_brand?post=5913"},{"taxonomy":"product_cat","embeddable":true,"href":"https:\/\/www.globber.com\/es\/wp-json\/wp\/v2\/product_cat?post=5913"},{"taxonomy":"product_tag","embeddable":true,"href":"https:\/\/www.globber.com\/es\/wp-json\/wp\/v2\/product_tag?post=5913"}],"curies":[{"name":"wp","href":"https:\/\/api.w.org\/{rel}","templated":true}]}}