{"id":5929,"date":"2022-11-28T14:05:31","date_gmt":"2022-11-28T14:05:31","guid":{"rendered":"http:\/\/www.globber.com\/es\/product\/primo-foldable-lights\/"},"modified":"2026-05-05T09:14:00","modified_gmt":"2026-05-05T07:14:00","slug":"primo-plegable-luces","status":"publish","type":"product","link":"https:\/\/www.globber.com\/es\/product\/primo-plegable-luces\/","title":{"rendered":"PRIMO PLEGABLE LUCES"},"content":{"rendered":"<p>PRIMO PLEGABLE LUCES es el patinete de 3 ruedas con luces LED mejor valorado para ni\u00f1os de 3 a 7 a\u00f1os, desde el precio hasta las caracter\u00edsticas, para pasar unos d\u00edas incre\u00edbles en patinete, \u00a1con ruedas iluminadas incluidas!<\/p>\n<p>PRIMO PLEGABLE LUCES es un patinete de 3 ruedas con luces LED que incluye ruedas LED iluminadas, sistemas de direcci\u00f3n y plegado patentados por Globber y una barra en T ajustable de 3 alturas. PRIMO PLEGABLE LUCES puede ayudar a los ni\u00f1os a desarrollar de forma segura sus habilidades de equilibrio y coordinaci\u00f3n mientras disfrutan de toda la diversi\u00f3n de las luces.<\/p>\n","protected":false},"excerpt":{"rendered":"<p><strong>Patinete de 3 ruedas para ni\u00f1os (de 3 a 7 a\u00f1os)<\/strong><\/p>\n","protected":false},"featured_media":13108,"comment_status":"open","ping_status":"closed","template":"","meta":{"_acf_changed":false,"inline_featured_image":false},"product-special-badges":[],"product_brand":[],"product_cat":[1681,1691,1696,1694,399],"product_tag":[],"class_list":{"0":"post-5929","1":"product","2":"type-product","3":"status-publish","4":"has-post-thumbnail","6":"product-badges-light-up","7":"product-badges-adjustable","8":"product-badges-foldable","9":"product_cat-serie-primo","10":"product_cat-patinete-de-3-ruedas-para-todas-las-edades","11":"product_cat-patinetes-plegables","12":"product_cat-patinetes-con-luces","13":"product_cat-patinetes-para-ninos","14":"pa_ajustable-si","15":"pa_altura-del-manillar-67-5-72-5-77-5cm-desde-el-suelo","16":"pa_altura-recomendada-del-usuar-95-120-cm","17":"pa_color-azul-marino","18":"pa_color-menta","19":"pa_color-rojo","20":"pa_color-rosa-neon","21":"pa_color-rosa-pastel","22":"pa_color-verde-lima","23":"pa_ean-3310","24":"pa_ean-3312","25":"pa_ean-3314","26":"pa_ean-3315","27":"pa_ean-3926","28":"pa_ean-3927","29":"pa_edades-3y-7y","30":"pa_frenos-freno-mecanico-trasero-compuesto","31":"pa_material-de-cubierta-compuesto-pp-fibra-estructura-metalica","32":"pa_material-de-las-ruedas-alto-rebote-pu-casted","33":"pa_peso-del-producto-neto-2-50kg","34":"pa_peso-maximo-del-usuario-50-kg","35":"pa_plegable-si","36":"pa_tamano-de-la-cubierta-a-12-5cm-x-l-54-5cm","37":"pa_tipo-de-producto-patinete-de-3-ruedas","38":"pa_wheels-size-121mm-24mm-wide-front","39":"pa_wheels-size-80mm-24mm-ancho-trasero","41":"first","42":"instock","43":"taxable","44":"shipping-taxable","45":"purchasable","46":"product-type-variable","47":"has-default-attributes"},"bundled_by":[],"bundle_stock_status":"instock","bundle_stock_quantity":null,"bundle_virtual":false,"bundle_layout":"","bundle_add_to_cart_form_location":"","bundle_editable_in_cart":false,"bundle_sold_individually_context":"","bundle_item_grouping":"","bundle_min_size":"","bundle_max_size":"","bundled_items":[],"bundle_sell_ids":[],"acf":[],"yoast_head":"<!-- This site is optimized with the Yoast SEO Premium plugin v20.12 (Yoast SEO v23.4) - https:\/\/yoast.com\/wordpress\/plugins\/seo\/ -->\n<title>Patinete de 3 ruedas: PRIMO PLEGABLE LUCES - Globber<\/title>\n<meta name=\"description\" content=\"El patinete plegable perfecto en calidad y precio: ideal para que los m\u00e1s peque\u00f1os disfruten de paseos divertidos y coloridos con luces LED. \u00a1Desc\u00fabrelo!\" \/>\n<meta name=\"robots\" content=\"index, follow, max-snippet:-1, max-image-preview:large, max-video-preview:-1\" \/>\n<link rel=\"canonical\" href=\"https:\/\/www.globber.com\/es\/product\/primo-plegable-luces\/\" \/>\n<meta property=\"og:locale\" content=\"es_ES\" \/>\n<meta property=\"og:type\" content=\"article\" \/>\n<meta property=\"og:title\" content=\"Patinete de 3 ruedas: PRIMO PLEGABLE LUCES - Globber\" \/>\n<meta property=\"og:description\" content=\"El patinete plegable perfecto en calidad y precio: ideal para que los m\u00e1s peque\u00f1os disfruten de paseos divertidos y coloridos con luces LED. \u00a1Desc\u00fabrelo!\" \/>\n<meta property=\"og:url\" content=\"https:\/\/www.globber.com\/es\/product\/primo-plegable-luces\/\" \/>\n<meta property=\"og:site_name\" content=\"Globber Espa\u00f1a\" \/>\n<meta property=\"article:modified_time\" content=\"2026-05-05T07:14:00+00:00\" \/>\n<meta property=\"og:image\" content=\"https:\/\/cdn.globber.com\/content\/sites\/15\/2022\/11\/432-211-3_ft-R.png\" \/>\n\t<meta property=\"og:image:width\" content=\"2048\" \/>\n\t<meta property=\"og:image:height\" content=\"2048\" \/>\n\t<meta property=\"og:image:type\" content=\"image\/png\" \/>\n<meta name=\"twitter:card\" content=\"summary_large_image\" \/>\n<meta name=\"twitter:label1\" content=\"Availability\" \/>\n\t<meta name=\"twitter:data1\" content=\"In stock\" \/>\n<script type=\"application\/ld+json\" class=\"yoast-schema-graph\">{\"@context\":\"https:\/\/schema.org\",\"@graph\":[{\"@type\":[\"WebPage\",\"ItemPage\"],\"@id\":\"https:\/\/www.globber.com\/es\/product\/primo-plegable-luces\/\",\"url\":\"https:\/\/www.globber.com\/es\/product\/primo-plegable-luces\/\",\"name\":\"Patinete de 3 ruedas: PRIMO PLEGABLE LUCES - Globber\",\"isPartOf\":{\"@id\":\"https:\/\/www.globber.com\/es\/#website\"},\"primaryImageOfPage\":{\"@id\":\"https:\/\/www.globber.com\/es\/product\/primo-plegable-luces\/#primaryimage\"},\"image\":{\"@id\":\"https:\/\/www.globber.com\/es\/product\/primo-plegable-luces\/#primaryimage\"},\"thumbnailUrl\":\"https:\/\/cdn.globber.com\/content\/sites\/15\/2022\/11\/432-211-3_ft-R.png\",\"datePublished\":\"2022-11-28T14:05:31+00:00\",\"dateModified\":\"2026-05-05T07:14:00+00:00\",\"description\":\"El patinete plegable perfecto en calidad y precio: ideal para que los m\u00e1s peque\u00f1os disfruten de paseos divertidos y coloridos con luces LED. \u00a1Desc\u00fabrelo!\",\"breadcrumb\":{\"@id\":\"https:\/\/www.globber.com\/es\/product\/primo-plegable-luces\/#breadcrumb\"},\"inLanguage\":\"es\",\"potentialAction\":[{\"@type\":\"ReadAction\",\"target\":[\"https:\/\/www.globber.com\/es\/product\/primo-plegable-luces\/\"]}]},{\"@type\":\"ImageObject\",\"inLanguage\":\"es\",\"@id\":\"https:\/\/www.globber.com\/es\/product\/primo-plegable-luces\/#primaryimage\",\"url\":\"https:\/\/cdn.globber.com\/content\/sites\/15\/2022\/11\/432-211-3_ft-R.png\",\"contentUrl\":\"https:\/\/cdn.globber.com\/content\/sites\/15\/2022\/11\/432-211-3_ft-R.png\",\"width\":2048,\"height\":2048},{\"@type\":\"BreadcrumbList\",\"@id\":\"https:\/\/www.globber.com\/es\/product\/primo-plegable-luces\/#breadcrumb\",\"itemListElement\":[{\"@type\":\"ListItem\",\"position\":1,\"name\":\"Todos los productos\",\"item\":\"https:\/\/www.globber.com\/es\/tienda-por-producto\/\"},{\"@type\":\"ListItem\",\"position\":2,\"name\":\"PRIMO PLEGABLE LUCES\"}]},{\"@type\":\"WebSite\",\"@id\":\"https:\/\/www.globber.com\/es\/#website\",\"url\":\"https:\/\/www.globber.com\/es\/\",\"name\":\"Globber Espa\u00f1a\",\"description\":\"El mundo sobre ruedas | Globber.com\",\"publisher\":{\"@id\":\"https:\/\/www.globber.com\/es\/#organization\"},\"potentialAction\":[{\"@type\":\"SearchAction\",\"target\":{\"@type\":\"EntryPoint\",\"urlTemplate\":\"https:\/\/www.globber.com\/es\/?s={search_term_string}\"},\"query-input\":{\"@type\":\"PropertyValueSpecification\",\"valueRequired\":true,\"valueName\":\"search_term_string\"}}],\"inLanguage\":\"es\"},{\"@type\":\"Organization\",\"@id\":\"https:\/\/www.globber.com\/es\/#organization\",\"name\":\"Globber Espa\u00f1a\",\"url\":\"https:\/\/www.globber.com\/es\/\",\"logo\":{\"@type\":\"ImageObject\",\"inLanguage\":\"es\",\"@id\":\"https:\/\/www.globber.com\/es\/#\/schema\/logo\/image\/\",\"url\":\"https:\/\/cdn.globber.com\/content\/2024\/05\/logo.svg\",\"contentUrl\":\"https:\/\/cdn.globber.com\/content\/2024\/05\/logo.svg\",\"width\":601,\"height\":112,\"caption\":\"Globber Espa\u00f1a\"},\"image\":{\"@id\":\"https:\/\/www.globber.com\/es\/#\/schema\/logo\/image\/\"}}]}<\/script>\n<meta property=\"og:availability\" content=\"instock\" \/>\n<meta property=\"product:availability\" content=\"instock\" \/>\n<meta property=\"product:retailer_item_id\" content=\"432-XXX-X\" \/>\n<meta property=\"product:condition\" content=\"new\" \/>\n<!-- \/ Yoast SEO Premium plugin. -->","yoast_head_json":{"title":"Patinete de 3 ruedas: PRIMO PLEGABLE LUCES - Globber","description":"El patinete plegable perfecto en calidad y precio: ideal para que los m\u00e1s peque\u00f1os disfruten de paseos divertidos y coloridos con luces LED. \u00a1Desc\u00fabrelo!","robots":{"index":"index","follow":"follow","max-snippet":"max-snippet:-1","max-image-preview":"max-image-preview:large","max-video-preview":"max-video-preview:-1"},"canonical":"https:\/\/www.globber.com\/es\/product\/primo-plegable-luces\/","og_locale":"es_ES","og_type":"article","og_title":"Patinete de 3 ruedas: PRIMO PLEGABLE LUCES - Globber","og_description":"El patinete plegable perfecto en calidad y precio: ideal para que los m\u00e1s peque\u00f1os disfruten de paseos divertidos y coloridos con luces LED. \u00a1Desc\u00fabrelo!","og_url":"https:\/\/www.globber.com\/es\/product\/primo-plegable-luces\/","og_site_name":"Globber Espa\u00f1a","article_modified_time":"2026-05-05T07:14:00+00:00","og_image":[{"width":2048,"height":2048,"url":"https:\/\/cdn.globber.com\/content\/sites\/15\/2022\/11\/432-211-3_ft-R.png","type":"image\/png"}],"twitter_card":"summary_large_image","twitter_misc":{"Availability":"In stock"},"schema":{"@context":"https:\/\/schema.org","@graph":[{"@type":["WebPage","ItemPage"],"@id":"https:\/\/www.globber.com\/es\/product\/primo-plegable-luces\/","url":"https:\/\/www.globber.com\/es\/product\/primo-plegable-luces\/","name":"Patinete de 3 ruedas: PRIMO PLEGABLE LUCES - Globber","isPartOf":{"@id":"https:\/\/www.globber.com\/es\/#website"},"primaryImageOfPage":{"@id":"https:\/\/www.globber.com\/es\/product\/primo-plegable-luces\/#primaryimage"},"image":{"@id":"https:\/\/www.globber.com\/es\/product\/primo-plegable-luces\/#primaryimage"},"thumbnailUrl":"https:\/\/cdn.globber.com\/content\/sites\/15\/2022\/11\/432-211-3_ft-R.png","datePublished":"2022-11-28T14:05:31+00:00","dateModified":"2026-05-05T07:14:00+00:00","description":"El patinete plegable perfecto en calidad y precio: ideal para que los m\u00e1s peque\u00f1os disfruten de paseos divertidos y coloridos con luces LED. \u00a1Desc\u00fabrelo!","breadcrumb":{"@id":"https:\/\/www.globber.com\/es\/product\/primo-plegable-luces\/#breadcrumb"},"inLanguage":"es","potentialAction":[{"@type":"ReadAction","target":["https:\/\/www.globber.com\/es\/product\/primo-plegable-luces\/"]}]},{"@type":"ImageObject","inLanguage":"es","@id":"https:\/\/www.globber.com\/es\/product\/primo-plegable-luces\/#primaryimage","url":"https:\/\/cdn.globber.com\/content\/sites\/15\/2022\/11\/432-211-3_ft-R.png","contentUrl":"https:\/\/cdn.globber.com\/content\/sites\/15\/2022\/11\/432-211-3_ft-R.png","width":2048,"height":2048},{"@type":"BreadcrumbList","@id":"https:\/\/www.globber.com\/es\/product\/primo-plegable-luces\/#breadcrumb","itemListElement":[{"@type":"ListItem","position":1,"name":"Todos los productos","item":"https:\/\/www.globber.com\/es\/tienda-por-producto\/"},{"@type":"ListItem","position":2,"name":"PRIMO PLEGABLE LUCES"}]},{"@type":"WebSite","@id":"https:\/\/www.globber.com\/es\/#website","url":"https:\/\/www.globber.com\/es\/","name":"Globber Espa\u00f1a","description":"El mundo sobre ruedas | Globber.com","publisher":{"@id":"https:\/\/www.globber.com\/es\/#organization"},"potentialAction":[{"@type":"SearchAction","target":{"@type":"EntryPoint","urlTemplate":"https:\/\/www.globber.com\/es\/?s={search_term_string}"},"query-input":{"@type":"PropertyValueSpecification","valueRequired":true,"valueName":"search_term_string"}}],"inLanguage":"es"},{"@type":"Organization","@id":"https:\/\/www.globber.com\/es\/#organization","name":"Globber Espa\u00f1a","url":"https:\/\/www.globber.com\/es\/","logo":{"@type":"ImageObject","inLanguage":"es","@id":"https:\/\/www.globber.com\/es\/#\/schema\/logo\/image\/","url":"https:\/\/cdn.globber.com\/content\/2024\/05\/logo.svg","contentUrl":"https:\/\/cdn.globber.com\/content\/2024\/05\/logo.svg","width":601,"height":112,"caption":"Globber Espa\u00f1a"},"image":{"@id":"https:\/\/www.globber.com\/es\/#\/schema\/logo\/image\/"}}]},"og_availability":"instock","product_availability":"instock","product_retailer_item_id":"432-XXX-X","product_condition":"new"},"_links":{"self":[{"href":"https:\/\/www.globber.com\/es\/wp-json\/wp\/v2\/product\/5929","targetHints":{"allow":["GET"]}}],"collection":[{"href":"https:\/\/www.globber.com\/es\/wp-json\/wp\/v2\/product"}],"about":[{"href":"https:\/\/www.globber.com\/es\/wp-json\/wp\/v2\/types\/product"}],"replies":[{"embeddable":true,"href":"https:\/\/www.globber.com\/es\/wp-json\/wp\/v2\/comments?post=5929"}],"wp:featuredmedia":[{"embeddable":true,"href":"https:\/\/www.globber.com\/es\/wp-json\/wp\/v2\/media\/13108"}],"wp:attachment":[{"href":"https:\/\/www.globber.com\/es\/wp-json\/wp\/v2\/media?parent=5929"}],"wp:term":[{"taxonomy":"product-special-badges","embeddable":true,"href":"https:\/\/www.globber.com\/es\/wp-json\/wp\/v2\/product-special-badges?post=5929"},{"taxonomy":"product_brand","embeddable":true,"href":"https:\/\/www.globber.com\/es\/wp-json\/wp\/v2\/product_brand?post=5929"},{"taxonomy":"product_cat","embeddable":true,"href":"https:\/\/www.globber.com\/es\/wp-json\/wp\/v2\/product_cat?post=5929"},{"taxonomy":"product_tag","embeddable":true,"href":"https:\/\/www.globber.com\/es\/wp-json\/wp\/v2\/product_tag?post=5929"}],"curies":[{"name":"wp","href":"https:\/\/api.w.org\/{rel}","templated":true}]}}