{"id":6066,"date":"2022-11-28T14:11:21","date_gmt":"2022-11-28T14:11:21","guid":{"rendered":"http:\/\/www.globber.com\/es\/product\/toddlers-helmet-xxs-xs-45-51cm\/"},"modified":"2026-04-01T11:22:59","modified_gmt":"2026-04-01T09:22:59","slug":"casco-patinete-xxs-xs-45-51cm","status":"publish","type":"product","link":"https:\/\/www.globber.com\/es\/product\/casco-patinete-xxs-xs-45-51cm\/","title":{"rendered":"CASCO PARA NI\u00d1OS XXS\/XS (45-51cm)"},"content":{"rendered":"<ul>\n<li>La carcasa exterior de policarbonato (PC) moldeado garantiza la m\u00e1xima cobertura de la cabeza y viene con un forro de espuma EPS que absorbe los impactos, almohadillas de espuma selladas de 7 mm y una mentonera, para una excelente protecci\u00f3n y comodidad.<\/li>\n<li>Los mejores cascos para patinetes para ni\u00f1os peque\u00f1os (XXS - XS; 45-51cm*) est\u00e1n disponibles en 6 colores; casco azul marino; casco azul cielo; casco rojo; casco verde lima; casco rosa; y casco negro. Ajusta f\u00e1cilmente el tama\u00f1o del casco con la perilla trasera.<\/li>\n<li>El casco seguro para ni\u00f1os peque\u00f1os tiene 6 luces LED traseras alimentadas por bater\u00eda, que parpadean en 3 modos diferentes (encendido \/ flash \/ flash r\u00e1pido) para una m\u00e1xima visibilidad y seguridad adicional.<\/li>\n<\/ul>\n<p>*Aseg\u00farate de seguir nuestras instrucciones sobre c\u00f3mo colocar un casco en tu hijo.<\/p>\n<p>&nbsp;<\/p>\n<p>Los cascos de seguridad para ni\u00f1os peque\u00f1os son muy c\u00f3modos.<\/p>\n","protected":false},"excerpt":{"rendered":"<p>La carcasa exterior de policarbonato (PC) moldeado garantiza la m\u00e1xima cobertura de la cabeza y viene con un forro de espuma EPS que absorbe los impactos, almohadillas de espuma selladas de 7 mm y una mentonera, para una excelente protecci\u00f3n y comodidad. Los mejores cascos para patinetes para ni\u00f1os peque\u00f1os (XXS - XS; 45-51cm*) est\u00e1n [&hellip;]<\/p>\n","protected":false},"featured_media":5632,"comment_status":"open","ping_status":"closed","template":"","meta":{"_acf_changed":false,"inline_featured_image":false},"product-special-badges":[],"product_brand":[],"product_cat":[3885,593],"product_tag":[],"class_list":{"0":"post-6066","1":"product","2":"type-product","3":"status-publish","4":"has-post-thumbnail","6":"product-badges-safe","7":"product-badges-led","8":"product-badges-adjustable","9":"product-badges-comfortable","10":"product_cat-cascos","11":"product_cat-accesorios","12":"pa_categorias-de-productos-protecciones-cascos-rodilleras-coderas","13":"pa_color-azul-cielo","14":"pa_color-azul-marino","15":"pa_color-azul-pastel","16":"pa_color-menta","17":"pa_color-rojo","18":"pa_color-rosa-neon","19":"pa_color-rosa-pastel","20":"pa_color-verde-lima","21":"pa_ean-3456","22":"pa_ean-3457","23":"pa_ean-3458","24":"pa_ean-3448","25":"pa_ean-3449","26":"pa_ean-3450","27":"pa_ean-3453","28":"pa_ean-3454","29":"pa_product-badges-ajustable","30":"pa_product-badges-comodo","31":"pa_product-badges-led","32":"pa_product-badges-seguro","34":"first","35":"instock","36":"taxable","37":"shipping-taxable","38":"purchasable","39":"product-type-variable","40":"has-default-attributes"},"bundled_by":[],"bundle_stock_status":"instock","bundle_stock_quantity":null,"bundle_virtual":false,"bundle_layout":"","bundle_add_to_cart_form_location":"","bundle_editable_in_cart":false,"bundle_sold_individually_context":"","bundle_item_grouping":"","bundle_min_size":"","bundle_max_size":"","bundled_items":[],"bundle_sell_ids":[],"acf":[],"yoast_head":"<!-- This site is optimized with the Yoast SEO Premium plugin v20.12 (Yoast SEO v23.4) - https:\/\/yoast.com\/wordpress\/plugins\/seo\/ -->\n<title>Casco para patinete XXS\/XS \u2013 Globber<\/title>\n<meta name=\"description\" content=\"Un casco seguro para scooter con luces LED y almohadillas que proporcionan un ajuste ce\u00f1ido y c\u00f3modo y la m\u00e1xima protecci\u00f3n para los m\u00e1s peque\u00f1os.\" \/>\n<meta name=\"robots\" content=\"index, follow, max-snippet:-1, max-image-preview:large, max-video-preview:-1\" \/>\n<link rel=\"canonical\" href=\"https:\/\/www.globber.com\/es\/product\/casco-patinete-xxs-xs-45-51cm\/\" \/>\n<meta property=\"og:locale\" content=\"es_ES\" \/>\n<meta property=\"og:type\" content=\"article\" \/>\n<meta property=\"og:title\" content=\"Casco para patinete XXS\/XS \u2013 Globber\" \/>\n<meta property=\"og:description\" content=\"Un casco seguro para scooter con luces LED y almohadillas que proporcionan un ajuste ce\u00f1ido y c\u00f3modo y la m\u00e1xima protecci\u00f3n para los m\u00e1s peque\u00f1os.\" \/>\n<meta property=\"og:url\" content=\"https:\/\/www.globber.com\/es\/product\/casco-patinete-xxs-xs-45-51cm\/\" \/>\n<meta property=\"og:site_name\" content=\"Globber Espa\u00f1a\" \/>\n<meta property=\"article:modified_time\" content=\"2026-04-01T09:22:59+00:00\" \/>\n<meta property=\"og:image\" content=\"https:\/\/cdn.globber.com\/content\/2022\/11\/6383bd861df5f.jpg\" \/>\n\t<meta property=\"og:image:width\" content=\"1920\" \/>\n\t<meta property=\"og:image:height\" content=\"1920\" \/>\n\t<meta property=\"og:image:type\" content=\"image\/jpeg\" \/>\n<meta name=\"twitter:card\" content=\"summary_large_image\" \/>\n<meta name=\"twitter:label1\" content=\"Availability\" \/>\n\t<meta name=\"twitter:data1\" content=\"In stock\" \/>\n<script type=\"application\/ld+json\" class=\"yoast-schema-graph\">{\"@context\":\"https:\/\/schema.org\",\"@graph\":[{\"@type\":[\"WebPage\",\"ItemPage\"],\"@id\":\"https:\/\/www.globber.com\/es\/product\/casco-patinete-xxs-xs-45-51cm\/\",\"url\":\"https:\/\/www.globber.com\/es\/product\/casco-patinete-xxs-xs-45-51cm\/\",\"name\":\"Casco para patinete XXS\/XS \u2013 Globber\",\"isPartOf\":{\"@id\":\"https:\/\/www.globber.com\/es\/#website\"},\"primaryImageOfPage\":{\"@id\":\"https:\/\/www.globber.com\/es\/product\/casco-patinete-xxs-xs-45-51cm\/#primaryimage\"},\"image\":{\"@id\":\"https:\/\/www.globber.com\/es\/product\/casco-patinete-xxs-xs-45-51cm\/#primaryimage\"},\"thumbnailUrl\":\"https:\/\/cdn.globber.com\/content\/2022\/11\/6383bd861df5f.jpg\",\"datePublished\":\"2022-11-28T14:11:21+00:00\",\"dateModified\":\"2026-04-01T09:22:59+00:00\",\"description\":\"Un casco seguro para scooter con luces LED y almohadillas que proporcionan un ajuste ce\u00f1ido y c\u00f3modo y la m\u00e1xima protecci\u00f3n para los m\u00e1s peque\u00f1os.\",\"breadcrumb\":{\"@id\":\"https:\/\/www.globber.com\/es\/product\/casco-patinete-xxs-xs-45-51cm\/#breadcrumb\"},\"inLanguage\":\"es\",\"potentialAction\":[{\"@type\":\"ReadAction\",\"target\":[\"https:\/\/www.globber.com\/es\/product\/casco-patinete-xxs-xs-45-51cm\/\"]}]},{\"@type\":\"ImageObject\",\"inLanguage\":\"es\",\"@id\":\"https:\/\/www.globber.com\/es\/product\/casco-patinete-xxs-xs-45-51cm\/#primaryimage\",\"url\":\"https:\/\/cdn.globber.com\/content\/2022\/11\/6383bd861df5f.jpg\",\"contentUrl\":\"https:\/\/cdn.globber.com\/content\/2022\/11\/6383bd861df5f.jpg\",\"width\":1920,\"height\":1920},{\"@type\":\"BreadcrumbList\",\"@id\":\"https:\/\/www.globber.com\/es\/product\/casco-patinete-xxs-xs-45-51cm\/#breadcrumb\",\"itemListElement\":[{\"@type\":\"ListItem\",\"position\":1,\"name\":\"Todos los productos\",\"item\":\"https:\/\/www.globber.com\/es\/tienda-por-producto\/\"},{\"@type\":\"ListItem\",\"position\":2,\"name\":\"CASCO PARA NI\u00d1OS XXS\/XS (45-51cm)\"}]},{\"@type\":\"WebSite\",\"@id\":\"https:\/\/www.globber.com\/es\/#website\",\"url\":\"https:\/\/www.globber.com\/es\/\",\"name\":\"Globber Espa\u00f1a\",\"description\":\"El mundo sobre ruedas | Globber.com\",\"publisher\":{\"@id\":\"https:\/\/www.globber.com\/es\/#organization\"},\"potentialAction\":[{\"@type\":\"SearchAction\",\"target\":{\"@type\":\"EntryPoint\",\"urlTemplate\":\"https:\/\/www.globber.com\/es\/?s={search_term_string}\"},\"query-input\":{\"@type\":\"PropertyValueSpecification\",\"valueRequired\":true,\"valueName\":\"search_term_string\"}}],\"inLanguage\":\"es\"},{\"@type\":\"Organization\",\"@id\":\"https:\/\/www.globber.com\/es\/#organization\",\"name\":\"Globber Espa\u00f1a\",\"url\":\"https:\/\/www.globber.com\/es\/\",\"logo\":{\"@type\":\"ImageObject\",\"inLanguage\":\"es\",\"@id\":\"https:\/\/www.globber.com\/es\/#\/schema\/logo\/image\/\",\"url\":\"https:\/\/cdn.globber.com\/content\/2024\/05\/logo.svg\",\"contentUrl\":\"https:\/\/cdn.globber.com\/content\/2024\/05\/logo.svg\",\"width\":601,\"height\":112,\"caption\":\"Globber Espa\u00f1a\"},\"image\":{\"@id\":\"https:\/\/www.globber.com\/es\/#\/schema\/logo\/image\/\"}}]}<\/script>\n<meta property=\"og:availability\" content=\"instock\" \/>\n<meta property=\"product:availability\" content=\"instock\" \/>\n<meta property=\"product:retailer_item_id\" content=\"506-XXX\" \/>\n<meta property=\"product:condition\" content=\"new\" \/>\n<!-- \/ Yoast SEO Premium plugin. -->","yoast_head_json":{"title":"Casco para patinete XXS\/XS \u2013 Globber","description":"Un casco seguro para scooter con luces LED y almohadillas que proporcionan un ajuste ce\u00f1ido y c\u00f3modo y la m\u00e1xima protecci\u00f3n para los m\u00e1s peque\u00f1os.","robots":{"index":"index","follow":"follow","max-snippet":"max-snippet:-1","max-image-preview":"max-image-preview:large","max-video-preview":"max-video-preview:-1"},"canonical":"https:\/\/www.globber.com\/es\/product\/casco-patinete-xxs-xs-45-51cm\/","og_locale":"es_ES","og_type":"article","og_title":"Casco para patinete XXS\/XS \u2013 Globber","og_description":"Un casco seguro para scooter con luces LED y almohadillas que proporcionan un ajuste ce\u00f1ido y c\u00f3modo y la m\u00e1xima protecci\u00f3n para los m\u00e1s peque\u00f1os.","og_url":"https:\/\/www.globber.com\/es\/product\/casco-patinete-xxs-xs-45-51cm\/","og_site_name":"Globber Espa\u00f1a","article_modified_time":"2026-04-01T09:22:59+00:00","og_image":[{"width":1920,"height":1920,"url":"https:\/\/cdn.globber.com\/content\/2022\/11\/6383bd861df5f.jpg","type":"image\/jpeg"}],"twitter_card":"summary_large_image","twitter_misc":{"Availability":"In stock"},"schema":{"@context":"https:\/\/schema.org","@graph":[{"@type":["WebPage","ItemPage"],"@id":"https:\/\/www.globber.com\/es\/product\/casco-patinete-xxs-xs-45-51cm\/","url":"https:\/\/www.globber.com\/es\/product\/casco-patinete-xxs-xs-45-51cm\/","name":"Casco para patinete XXS\/XS \u2013 Globber","isPartOf":{"@id":"https:\/\/www.globber.com\/es\/#website"},"primaryImageOfPage":{"@id":"https:\/\/www.globber.com\/es\/product\/casco-patinete-xxs-xs-45-51cm\/#primaryimage"},"image":{"@id":"https:\/\/www.globber.com\/es\/product\/casco-patinete-xxs-xs-45-51cm\/#primaryimage"},"thumbnailUrl":"https:\/\/cdn.globber.com\/content\/2022\/11\/6383bd861df5f.jpg","datePublished":"2022-11-28T14:11:21+00:00","dateModified":"2026-04-01T09:22:59+00:00","description":"Un casco seguro para scooter con luces LED y almohadillas que proporcionan un ajuste ce\u00f1ido y c\u00f3modo y la m\u00e1xima protecci\u00f3n para los m\u00e1s peque\u00f1os.","breadcrumb":{"@id":"https:\/\/www.globber.com\/es\/product\/casco-patinete-xxs-xs-45-51cm\/#breadcrumb"},"inLanguage":"es","potentialAction":[{"@type":"ReadAction","target":["https:\/\/www.globber.com\/es\/product\/casco-patinete-xxs-xs-45-51cm\/"]}]},{"@type":"ImageObject","inLanguage":"es","@id":"https:\/\/www.globber.com\/es\/product\/casco-patinete-xxs-xs-45-51cm\/#primaryimage","url":"https:\/\/cdn.globber.com\/content\/2022\/11\/6383bd861df5f.jpg","contentUrl":"https:\/\/cdn.globber.com\/content\/2022\/11\/6383bd861df5f.jpg","width":1920,"height":1920},{"@type":"BreadcrumbList","@id":"https:\/\/www.globber.com\/es\/product\/casco-patinete-xxs-xs-45-51cm\/#breadcrumb","itemListElement":[{"@type":"ListItem","position":1,"name":"Todos los productos","item":"https:\/\/www.globber.com\/es\/tienda-por-producto\/"},{"@type":"ListItem","position":2,"name":"CASCO PARA NI\u00d1OS XXS\/XS (45-51cm)"}]},{"@type":"WebSite","@id":"https:\/\/www.globber.com\/es\/#website","url":"https:\/\/www.globber.com\/es\/","name":"Globber Espa\u00f1a","description":"El mundo sobre ruedas | Globber.com","publisher":{"@id":"https:\/\/www.globber.com\/es\/#organization"},"potentialAction":[{"@type":"SearchAction","target":{"@type":"EntryPoint","urlTemplate":"https:\/\/www.globber.com\/es\/?s={search_term_string}"},"query-input":{"@type":"PropertyValueSpecification","valueRequired":true,"valueName":"search_term_string"}}],"inLanguage":"es"},{"@type":"Organization","@id":"https:\/\/www.globber.com\/es\/#organization","name":"Globber Espa\u00f1a","url":"https:\/\/www.globber.com\/es\/","logo":{"@type":"ImageObject","inLanguage":"es","@id":"https:\/\/www.globber.com\/es\/#\/schema\/logo\/image\/","url":"https:\/\/cdn.globber.com\/content\/2024\/05\/logo.svg","contentUrl":"https:\/\/cdn.globber.com\/content\/2024\/05\/logo.svg","width":601,"height":112,"caption":"Globber Espa\u00f1a"},"image":{"@id":"https:\/\/www.globber.com\/es\/#\/schema\/logo\/image\/"}}]},"og_availability":"instock","product_availability":"instock","product_retailer_item_id":"506-XXX","product_condition":"new"},"_links":{"self":[{"href":"https:\/\/www.globber.com\/es\/wp-json\/wp\/v2\/product\/6066","targetHints":{"allow":["GET"]}}],"collection":[{"href":"https:\/\/www.globber.com\/es\/wp-json\/wp\/v2\/product"}],"about":[{"href":"https:\/\/www.globber.com\/es\/wp-json\/wp\/v2\/types\/product"}],"replies":[{"embeddable":true,"href":"https:\/\/www.globber.com\/es\/wp-json\/wp\/v2\/comments?post=6066"}],"wp:featuredmedia":[{"embeddable":true,"href":"https:\/\/www.globber.com\/es\/wp-json\/wp\/v2\/media\/5632"}],"wp:attachment":[{"href":"https:\/\/www.globber.com\/es\/wp-json\/wp\/v2\/media?parent=6066"}],"wp:term":[{"taxonomy":"product-special-badges","embeddable":true,"href":"https:\/\/www.globber.com\/es\/wp-json\/wp\/v2\/product-special-badges?post=6066"},{"taxonomy":"product_brand","embeddable":true,"href":"https:\/\/www.globber.com\/es\/wp-json\/wp\/v2\/product_brand?post=6066"},{"taxonomy":"product_cat","embeddable":true,"href":"https:\/\/www.globber.com\/es\/wp-json\/wp\/v2\/product_cat?post=6066"},{"taxonomy":"product_tag","embeddable":true,"href":"https:\/\/www.globber.com\/es\/wp-json\/wp\/v2\/product_tag?post=6066"}],"curies":[{"name":"wp","href":"https:\/\/api.w.org\/{rel}","templated":true}]}}