{"id":6136,"date":"2022-11-28T14:14:16","date_gmt":"2022-11-28T14:14:16","guid":{"rendered":"http:\/\/www.globber.com\/es\/product\/scooter-friends\/"},"modified":"2026-02-12T17:16:41","modified_gmt":"2026-02-12T16:16:41","slug":"scooter-friends","status":"publish","type":"product","link":"https:\/\/www.globber.com\/es\/product\/scooter-friends\/","title":{"rendered":"COMPLEMENTOS"},"content":{"rendered":"<p><strong>Accesorios divertidos para patinetes de 3 ruedas para ni\u00f1os<\/strong><\/p>\n<p>\u00bfPor qu\u00e9 no regalar a tu peque\u00f1o un amigo para el patinete mientras pasea? Elige tu accesorio favorito de nuestra gama de dinosaurios, unicornios y perros d\u00e1lmatas.<\/p>\n","protected":false},"excerpt":{"rendered":"<p>Accesorios divertidos para patinetes de 3 ruedas para ni\u00f1os \u00bfPor qu\u00e9 no regalar a tu peque\u00f1o un amigo para el patinete mientras pasea? Elige tu accesorio favorito de nuestra gama de dinosaurios, unicornios y perros d\u00e1lmatas.<\/p>\n","protected":false},"featured_media":4918,"comment_status":"open","ping_status":"closed","template":"","meta":{"_acf_changed":false,"inline_featured_image":false},"product-special-badges":[],"product_brand":[],"product_cat":[601],"product_tag":[],"class_list":{"0":"post-6136","1":"product","2":"type-product","3":"status-publish","4":"has-post-thumbnail","6":"product-badges-easy-to-fit","7":"product-badges-durable","8":"product_cat-accesorios-para-patinetes","9":"pa_categorias-de-productos-accesorios-para-patinetes","10":"pa_color-azul-claro","11":"pa_color-blanco","12":"pa_color-rosa-claro","13":"pa_color-verde-lima","14":"pa_ean-3519","15":"pa_ean-3520","16":"pa_ean-3522","17":"pa_ean-3523","18":"pa_product-badges-duradero","19":"pa_product-badges-facil-de-colocar","21":"first","22":"instock","23":"taxable","24":"shipping-taxable","25":"purchasable","26":"product-type-variable"},"bundled_by":[],"bundle_stock_status":"instock","bundle_stock_quantity":null,"bundle_virtual":false,"bundle_layout":"","bundle_add_to_cart_form_location":"","bundle_editable_in_cart":false,"bundle_sold_individually_context":"","bundle_item_grouping":"","bundle_min_size":"","bundle_max_size":"","bundled_items":[],"bundle_sell_ids":[],"acf":[],"yoast_head":"<!-- This site is optimized with the Yoast SEO Premium plugin v20.12 (Yoast SEO v23.4) - https:\/\/yoast.com\/wordpress\/plugins\/seo\/ -->\n<title>Accesorios Patinetes - Globber<\/title>\n<meta name=\"description\" content=\"\u00bfBuscas el compa\u00f1ero ideal para tu patinete? No busques m\u00e1s, con estos bonitos accesorios para patinetes. Talla \u00fanica para casi todos los patinetes.\" \/>\n<meta name=\"robots\" content=\"index, follow, max-snippet:-1, max-image-preview:large, max-video-preview:-1\" \/>\n<link rel=\"canonical\" href=\"https:\/\/www.globber.com\/es\/product\/scooter-friends\/\" \/>\n<meta property=\"og:locale\" content=\"es_ES\" \/>\n<meta property=\"og:type\" content=\"article\" \/>\n<meta property=\"og:title\" content=\"Accesorios Patinetes - Globber\" \/>\n<meta property=\"og:description\" content=\"\u00bfBuscas el compa\u00f1ero ideal para tu patinete? No busques m\u00e1s, con estos bonitos accesorios para patinetes. Talla \u00fanica para casi todos los patinetes.\" \/>\n<meta property=\"og:url\" content=\"https:\/\/www.globber.com\/es\/product\/scooter-friends\/\" \/>\n<meta property=\"og:site_name\" content=\"Globber Espa\u00f1a\" \/>\n<meta property=\"article:modified_time\" content=\"2026-02-12T16:16:41+00:00\" \/>\n<meta property=\"og:image\" content=\"https:\/\/cdn.globber.com\/content\/2022\/11\/6383aa11248d8.jpg\" \/>\n\t<meta property=\"og:image:width\" content=\"1920\" \/>\n\t<meta property=\"og:image:height\" content=\"1920\" \/>\n\t<meta property=\"og:image:type\" content=\"image\/jpeg\" \/>\n<meta name=\"twitter:card\" content=\"summary_large_image\" \/>\n<meta name=\"twitter:label1\" content=\"Availability\" \/>\n\t<meta name=\"twitter:data1\" content=\"In stock\" \/>\n<script type=\"application\/ld+json\" class=\"yoast-schema-graph\">{\"@context\":\"https:\/\/schema.org\",\"@graph\":[{\"@type\":[\"WebPage\",\"ItemPage\"],\"@id\":\"https:\/\/www.globber.com\/es\/product\/scooter-friends\/\",\"url\":\"https:\/\/www.globber.com\/es\/product\/scooter-friends\/\",\"name\":\"Accesorios Patinetes - Globber\",\"isPartOf\":{\"@id\":\"https:\/\/www.globber.com\/es\/#website\"},\"primaryImageOfPage\":{\"@id\":\"https:\/\/www.globber.com\/es\/product\/scooter-friends\/#primaryimage\"},\"image\":{\"@id\":\"https:\/\/www.globber.com\/es\/product\/scooter-friends\/#primaryimage\"},\"thumbnailUrl\":\"https:\/\/cdn.globber.com\/content\/2022\/11\/6383aa11248d8.jpg\",\"datePublished\":\"2022-11-28T14:14:16+00:00\",\"dateModified\":\"2026-02-12T16:16:41+00:00\",\"description\":\"\u00bfBuscas el compa\u00f1ero ideal para tu patinete? No busques m\u00e1s, con estos bonitos accesorios para patinetes. Talla \u00fanica para casi todos los patinetes.\",\"breadcrumb\":{\"@id\":\"https:\/\/www.globber.com\/es\/product\/scooter-friends\/#breadcrumb\"},\"inLanguage\":\"es\",\"potentialAction\":[{\"@type\":\"ReadAction\",\"target\":[\"https:\/\/www.globber.com\/es\/product\/scooter-friends\/\"]}]},{\"@type\":\"ImageObject\",\"inLanguage\":\"es\",\"@id\":\"https:\/\/www.globber.com\/es\/product\/scooter-friends\/#primaryimage\",\"url\":\"https:\/\/cdn.globber.com\/content\/2022\/11\/6383aa11248d8.jpg\",\"contentUrl\":\"https:\/\/cdn.globber.com\/content\/2022\/11\/6383aa11248d8.jpg\",\"width\":1920,\"height\":1920},{\"@type\":\"BreadcrumbList\",\"@id\":\"https:\/\/www.globber.com\/es\/product\/scooter-friends\/#breadcrumb\",\"itemListElement\":[{\"@type\":\"ListItem\",\"position\":1,\"name\":\"Todos los productos\",\"item\":\"https:\/\/www.globber.com\/es\/tienda-por-producto\/\"},{\"@type\":\"ListItem\",\"position\":2,\"name\":\"COMPLEMENTOS\"}]},{\"@type\":\"WebSite\",\"@id\":\"https:\/\/www.globber.com\/es\/#website\",\"url\":\"https:\/\/www.globber.com\/es\/\",\"name\":\"Globber Espa\u00f1a\",\"description\":\"El mundo sobre ruedas | Globber.com\",\"publisher\":{\"@id\":\"https:\/\/www.globber.com\/es\/#organization\"},\"potentialAction\":[{\"@type\":\"SearchAction\",\"target\":{\"@type\":\"EntryPoint\",\"urlTemplate\":\"https:\/\/www.globber.com\/es\/?s={search_term_string}\"},\"query-input\":{\"@type\":\"PropertyValueSpecification\",\"valueRequired\":true,\"valueName\":\"search_term_string\"}}],\"inLanguage\":\"es\"},{\"@type\":\"Organization\",\"@id\":\"https:\/\/www.globber.com\/es\/#organization\",\"name\":\"Globber Espa\u00f1a\",\"url\":\"https:\/\/www.globber.com\/es\/\",\"logo\":{\"@type\":\"ImageObject\",\"inLanguage\":\"es\",\"@id\":\"https:\/\/www.globber.com\/es\/#\/schema\/logo\/image\/\",\"url\":\"https:\/\/cdn.globber.com\/content\/2024\/05\/logo.svg\",\"contentUrl\":\"https:\/\/cdn.globber.com\/content\/2024\/05\/logo.svg\",\"width\":601,\"height\":112,\"caption\":\"Globber Espa\u00f1a\"},\"image\":{\"@id\":\"https:\/\/www.globber.com\/es\/#\/schema\/logo\/image\/\"}}]}<\/script>\n<meta property=\"og:availability\" content=\"instock\" \/>\n<meta property=\"product:availability\" content=\"instock\" \/>\n<meta property=\"product:retailer_item_id\" content=\"527-XXX\" \/>\n<meta property=\"product:condition\" content=\"new\" \/>\n<!-- \/ Yoast SEO Premium plugin. -->","yoast_head_json":{"title":"Accesorios Patinetes - Globber","description":"\u00bfBuscas el compa\u00f1ero ideal para tu patinete? No busques m\u00e1s, con estos bonitos accesorios para patinetes. Talla \u00fanica para casi todos los patinetes.","robots":{"index":"index","follow":"follow","max-snippet":"max-snippet:-1","max-image-preview":"max-image-preview:large","max-video-preview":"max-video-preview:-1"},"canonical":"https:\/\/www.globber.com\/es\/product\/scooter-friends\/","og_locale":"es_ES","og_type":"article","og_title":"Accesorios Patinetes - Globber","og_description":"\u00bfBuscas el compa\u00f1ero ideal para tu patinete? No busques m\u00e1s, con estos bonitos accesorios para patinetes. Talla \u00fanica para casi todos los patinetes.","og_url":"https:\/\/www.globber.com\/es\/product\/scooter-friends\/","og_site_name":"Globber Espa\u00f1a","article_modified_time":"2026-02-12T16:16:41+00:00","og_image":[{"width":1920,"height":1920,"url":"https:\/\/cdn.globber.com\/content\/2022\/11\/6383aa11248d8.jpg","type":"image\/jpeg"}],"twitter_card":"summary_large_image","twitter_misc":{"Availability":"In stock"},"schema":{"@context":"https:\/\/schema.org","@graph":[{"@type":["WebPage","ItemPage"],"@id":"https:\/\/www.globber.com\/es\/product\/scooter-friends\/","url":"https:\/\/www.globber.com\/es\/product\/scooter-friends\/","name":"Accesorios Patinetes - Globber","isPartOf":{"@id":"https:\/\/www.globber.com\/es\/#website"},"primaryImageOfPage":{"@id":"https:\/\/www.globber.com\/es\/product\/scooter-friends\/#primaryimage"},"image":{"@id":"https:\/\/www.globber.com\/es\/product\/scooter-friends\/#primaryimage"},"thumbnailUrl":"https:\/\/cdn.globber.com\/content\/2022\/11\/6383aa11248d8.jpg","datePublished":"2022-11-28T14:14:16+00:00","dateModified":"2026-02-12T16:16:41+00:00","description":"\u00bfBuscas el compa\u00f1ero ideal para tu patinete? No busques m\u00e1s, con estos bonitos accesorios para patinetes. Talla \u00fanica para casi todos los patinetes.","breadcrumb":{"@id":"https:\/\/www.globber.com\/es\/product\/scooter-friends\/#breadcrumb"},"inLanguage":"es","potentialAction":[{"@type":"ReadAction","target":["https:\/\/www.globber.com\/es\/product\/scooter-friends\/"]}]},{"@type":"ImageObject","inLanguage":"es","@id":"https:\/\/www.globber.com\/es\/product\/scooter-friends\/#primaryimage","url":"https:\/\/cdn.globber.com\/content\/2022\/11\/6383aa11248d8.jpg","contentUrl":"https:\/\/cdn.globber.com\/content\/2022\/11\/6383aa11248d8.jpg","width":1920,"height":1920},{"@type":"BreadcrumbList","@id":"https:\/\/www.globber.com\/es\/product\/scooter-friends\/#breadcrumb","itemListElement":[{"@type":"ListItem","position":1,"name":"Todos los productos","item":"https:\/\/www.globber.com\/es\/tienda-por-producto\/"},{"@type":"ListItem","position":2,"name":"COMPLEMENTOS"}]},{"@type":"WebSite","@id":"https:\/\/www.globber.com\/es\/#website","url":"https:\/\/www.globber.com\/es\/","name":"Globber Espa\u00f1a","description":"El mundo sobre ruedas | Globber.com","publisher":{"@id":"https:\/\/www.globber.com\/es\/#organization"},"potentialAction":[{"@type":"SearchAction","target":{"@type":"EntryPoint","urlTemplate":"https:\/\/www.globber.com\/es\/?s={search_term_string}"},"query-input":{"@type":"PropertyValueSpecification","valueRequired":true,"valueName":"search_term_string"}}],"inLanguage":"es"},{"@type":"Organization","@id":"https:\/\/www.globber.com\/es\/#organization","name":"Globber Espa\u00f1a","url":"https:\/\/www.globber.com\/es\/","logo":{"@type":"ImageObject","inLanguage":"es","@id":"https:\/\/www.globber.com\/es\/#\/schema\/logo\/image\/","url":"https:\/\/cdn.globber.com\/content\/2024\/05\/logo.svg","contentUrl":"https:\/\/cdn.globber.com\/content\/2024\/05\/logo.svg","width":601,"height":112,"caption":"Globber Espa\u00f1a"},"image":{"@id":"https:\/\/www.globber.com\/es\/#\/schema\/logo\/image\/"}}]},"og_availability":"instock","product_availability":"instock","product_retailer_item_id":"527-XXX","product_condition":"new"},"_links":{"self":[{"href":"https:\/\/www.globber.com\/es\/wp-json\/wp\/v2\/product\/6136","targetHints":{"allow":["GET"]}}],"collection":[{"href":"https:\/\/www.globber.com\/es\/wp-json\/wp\/v2\/product"}],"about":[{"href":"https:\/\/www.globber.com\/es\/wp-json\/wp\/v2\/types\/product"}],"replies":[{"embeddable":true,"href":"https:\/\/www.globber.com\/es\/wp-json\/wp\/v2\/comments?post=6136"}],"wp:featuredmedia":[{"embeddable":true,"href":"https:\/\/www.globber.com\/es\/wp-json\/wp\/v2\/media\/4918"}],"wp:attachment":[{"href":"https:\/\/www.globber.com\/es\/wp-json\/wp\/v2\/media?parent=6136"}],"wp:term":[{"taxonomy":"product-special-badges","embeddable":true,"href":"https:\/\/www.globber.com\/es\/wp-json\/wp\/v2\/product-special-badges?post=6136"},{"taxonomy":"product_brand","embeddable":true,"href":"https:\/\/www.globber.com\/es\/wp-json\/wp\/v2\/product_brand?post=6136"},{"taxonomy":"product_cat","embeddable":true,"href":"https:\/\/www.globber.com\/es\/wp-json\/wp\/v2\/product_cat?post=6136"},{"taxonomy":"product_tag","embeddable":true,"href":"https:\/\/www.globber.com\/es\/wp-json\/wp\/v2\/product_tag?post=6136"}],"curies":[{"name":"wp","href":"https:\/\/api.w.org\/{rel}","templated":true}]}}