{"id":10,"date":"2024-09-13T08:42:28","date_gmt":"2024-09-13T08:42:28","guid":{"rendered":"https:\/\/www.globber.com\/it\/?page_id=10"},"modified":"2025-12-01T15:18:23","modified_gmt":"2025-12-01T14:18:23","slug":"refund_returns","status":"publish","type":"page","link":"https:\/\/www.globber.com\/it\/refund_returns\/","title":{"rendered":"Politiche di reso"},"content":{"rendered":"\r\n<div class=\"cell-md-8 \">\u00a0<\/div>\r\n<div class=\"cell-md-8 view-animate fadeInLeft delay-05 offset-top-60  active\">\r\n<h3>Politica Restituzione\/Cambio<\/h3>\r\n<p>Restituzioni e cambi sono accettati per i prodotti nuovi che non sono stati utilizzati (non hanno segni di utilizzo) e sono nella loro scatola originale. \u00c8 possibile restituire il prodotto per un cambio o per un pieno rimborso entro e non oltre i 30 giorni dalla data dell'acquisto. Non accreditiamo alcuna penale. I prodotti devono essere stati ordinati direttamente dal sito di Globber. Il cliente si fa carico dei costi per la spedizione del prodotto da cambiare. Se viene approvato il pieno rimborso, meno il costo di spedizione originale, verr\u00e0 accreditato sul metodo di pagamento utilizzato per l'acquisto. In caso di mancata approvazione, prego seguire le procedure di garanzia. Bisogna ricevere approvazione prima di spedire indietro il prodotto.<\/p>\r\n<h3>Come richiedere una restituzione\/cambio<\/h3>\r\n<p>Sappiamo quanto sia difficile restituire e cambiare i prodotti, e vogliamo risolvere il problema il prima possibile! Il modo pi\u00f9 veloce per una restituzione o un cambio \u00e8 quello di mandare le seguenti informazioni via email a commerciale@proludis.it:<br \/>\r\n<br \/>\r\nIl Suo nome, indirizzo, numero di telefono<br \/>\r\nNome del prodotto che si intende restituire<br \/>\r\nMotivo per cui si intende restituire il prodotto ed eventuale prodotto sostitutivo<br \/>\r\nProva di acquisto o ordine # (ricevuta via email o foto della ricevuta accettate)<\/p>\r\n<p>Per spedire il suo reso, \u00e8 necessario attendere l'approvazione! Se riceviamo un pacco con solo un nome, dobbiamo risalire alla sua provenienza e che cosa dobbiamo fare con esso, il che prolunga solamente le procedure di cambio\/restituzione.<br \/>\r\nPer favore assicurarsi che tutte le informazioni siano incluse e corrette per gestire al meglio il processo di restituzione. Globber Italia non sar\u00e0 ritenuta responsabile per qualsiasi prodotto restituito senza autorizzazione. Suggeriamo fortemente la spedizione con ricevuta di ritorno in quanto non saremo ritenuti responsabili per alcun prodotto rubato o perduto.<\/p>\r\n<p>Spedire il prodotto al seguente indirizzo:<br \/>\r\nProludis Giocattoli srl, Viale del Commercio 4, 46035 Ostiglia (MN)<\/p>\r\n<h3>Come qualificarsi per una restituzione\/cambio<\/h3>\r\n<p>Bisogna essere il proprietario ed essere in grado di fornire la prova di acquisto o ordine # da Globber Italia. I prodotti devo essere in condizioni nuove e inutilizzate, nella scatola originale. L'acquisto deve essere stato effettuato entro 30 giorni dalla richiesta di restituzione\/cambio.<\/p>\r\n<h3>Ricezione prodotto non corretta<\/h3>\r\n<p>Se si dovesse ricevere un prodotto non corretto, prego mandare una mail a commerciale@proludis.it<\/p>\r\n<h3>Cosa aspettarsi con una Restituzione<\/h3>\r\n<p>Non possiamo accreditare il denaro prima di aver ricevuto il prodotto nella nostra sede. Dovreste ricevere una risposta entro 1-2 giorni lavorativi da quando il prodotto \u00e8 stato consegnato. Le verr\u00e0 notificato sia in caso di approvazione della restituzione sia in caso avessimo ulteriori domande. Se approvato, l'intera somma meno il costo di spedizione originale le verr\u00e0 accreditato. Non accreditiamo alcuna penale! I tempi di ricezione dell'accredito variano a seconda della Sua carta di credito o banca. Prego contattare loro riguardo a domande sui tempi di accredito sul conto bancario.<\/p>\r\n<h3>Cosa aspettarsi con un Cambio<\/h3>\r\n<p>Non possiamo processare un cambio finch\u00e9 non abbiamo ricevuto il prodotto. Dovrebbe ricevere una risposta entro 1-2 giorni lavorativi da quando il prodotto \u00e8 stato consegnato. Se approvato, il Suo nuovo prodotto verr\u00e0 spedito entro 1-2 giorni lavorativi e arriver\u00e0 entro 48-72 ore lavorative dalla data di spedizione. Il numero di tracciamento \u00e8 disponibile su richiesta.<\/p>\r\n<h3>Penali<\/h3>\r\n<p>Non accreditiamo alcuna penale.<\/p>\r\n<h3>Cambio accelerato<\/h3>\r\n<p>Globber Italia non invier\u00e0 alcun prodotto per un cambio prima di aver ricevuto il prodotto da restituire. Se ha esigenza di ricevere il prodotto pi\u00f9 velocemente, occorrer\u00e0 richiedere un nuovo ordine per il prodotto e restituire in prodotto non desiderato. Se tutte le linee guida saranno state seguite, Globber Italia accrediter\u00e0 un rimborso per il prodotto originale una volta arrivato.<\/p>\r\n<p><strong>Nuova normativa PayPal in merito ai rimborsi e alle contestazioni<\/strong><br \/>\r\nIn caso di rimborso attraverso il metodo di pagamento Paypal, verr\u00e0 stornata la cifra pagata meno la tariffa applicata da PayPal.<\/p>\r\n<\/div>\r\n","protected":false},"excerpt":{"rendered":"<p>\u00a0 Politica Restituzione\/Cambio Restituzioni e cambi sono accettati per i prodotti nuovi che non sono stati utilizzati (non hanno segni di utilizzo) e sono nella loro scatola originale. \u00c8 possibile restituire il prodotto per un cambio o per un pieno rimborso entro e non oltre i 30 giorni dalla data dell'acquisto. Non accreditiamo alcuna penale. [&hellip;]<\/p>\n","protected":false},"author":47,"featured_media":0,"parent":0,"menu_order":0,"comment_status":"closed","ping_status":"closed","template":"","meta":{"_acf_changed":false,"inline_featured_image":false,"footnotes":""},"class_list":["post-10","page","type-page","status-publish","hentry"],"acf":[],"yoast_head":"<!-- This site is optimized with the Yoast SEO Premium plugin v20.12 (Yoast SEO v23.4) - https:\/\/yoast.com\/wordpress\/plugins\/seo\/ -->\n<title>Politiche di reso - Globber Italia<\/title>\n<meta name=\"robots\" content=\"index, follow, max-snippet:-1, max-image-preview:large, max-video-preview:-1\" \/>\n<link rel=\"canonical\" href=\"https:\/\/www.globber.com\/it\/refund_returns\/\" \/>\n<meta property=\"og:locale\" content=\"it_IT\" \/>\n<meta property=\"og:type\" content=\"article\" \/>\n<meta property=\"og:title\" content=\"Politiche di reso - Globber Italia\" \/>\n<meta property=\"og:description\" content=\"\u00a0 Politica Restituzione\/Cambio Restituzioni e cambi sono accettati per i prodotti nuovi che non sono stati utilizzati (non hanno segni di utilizzo) e sono nella loro scatola originale. \u00c8 possibile restituire il prodotto per un cambio o per un pieno rimborso entro e non oltre i 30 giorni dalla data dell&#039;acquisto. Non accreditiamo alcuna penale. [&hellip;]\" \/>\n<meta property=\"og:url\" content=\"https:\/\/www.globber.com\/it\/refund_returns\/\" \/>\n<meta property=\"og:site_name\" content=\"Globber Italia\" \/>\n<meta property=\"article:modified_time\" content=\"2025-12-01T14:18:23+00:00\" \/>\n<meta name=\"twitter:card\" content=\"summary_large_image\" \/>\n<meta name=\"twitter:label1\" content=\"Tempo di lettura stimato\" \/>\n\t<meta name=\"twitter:data1\" content=\"4 minuti\" \/>\n<script type=\"application\/ld+json\" class=\"yoast-schema-graph\">{\"@context\":\"https:\/\/schema.org\",\"@graph\":[{\"@type\":\"WebPage\",\"@id\":\"https:\/\/www.globber.com\/it\/refund_returns\/\",\"url\":\"https:\/\/www.globber.com\/it\/refund_returns\/\",\"name\":\"Politiche di reso - Globber Italia\",\"isPartOf\":{\"@id\":\"https:\/\/www.globber.com\/it\/#website\"},\"datePublished\":\"2024-09-13T08:42:28+00:00\",\"dateModified\":\"2025-12-01T14:18:23+00:00\",\"inLanguage\":\"it-IT\",\"potentialAction\":[{\"@type\":\"ReadAction\",\"target\":[\"https:\/\/www.globber.com\/it\/refund_returns\/\"]}]},{\"@type\":\"WebSite\",\"@id\":\"https:\/\/www.globber.com\/it\/#website\",\"url\":\"https:\/\/www.globber.com\/it\/\",\"name\":\"Globber Italia\",\"description\":\"Il mondo su ruote\",\"publisher\":{\"@id\":\"https:\/\/www.globber.com\/it\/#organization\"},\"potentialAction\":[{\"@type\":\"SearchAction\",\"target\":{\"@type\":\"EntryPoint\",\"urlTemplate\":\"https:\/\/www.globber.com\/it\/?s={search_term_string}\"},\"query-input\":{\"@type\":\"PropertyValueSpecification\",\"valueRequired\":true,\"valueName\":\"search_term_string\"}}],\"inLanguage\":\"it-IT\"},{\"@type\":\"Organization\",\"@id\":\"https:\/\/www.globber.com\/it\/#organization\",\"name\":\"Globber Italia\",\"url\":\"https:\/\/www.globber.com\/it\/\",\"logo\":{\"@type\":\"ImageObject\",\"inLanguage\":\"it-IT\",\"@id\":\"https:\/\/www.globber.com\/it\/#\/schema\/logo\/image\/\",\"url\":\"https:\/\/cdn.globber.com\/content\/2024\/05\/logo.svg\",\"contentUrl\":\"https:\/\/cdn.globber.com\/content\/2024\/05\/logo.svg\",\"width\":601,\"height\":112,\"caption\":\"Globber Italia\"},\"image\":{\"@id\":\"https:\/\/www.globber.com\/it\/#\/schema\/logo\/image\/\"}}]}<\/script>\n<!-- \/ Yoast SEO Premium plugin. -->","yoast_head_json":{"title":"Politiche di reso - Globber Italia","robots":{"index":"index","follow":"follow","max-snippet":"max-snippet:-1","max-image-preview":"max-image-preview:large","max-video-preview":"max-video-preview:-1"},"canonical":"https:\/\/www.globber.com\/it\/refund_returns\/","og_locale":"it_IT","og_type":"article","og_title":"Politiche di reso - Globber Italia","og_description":"\u00a0 Politica Restituzione\/Cambio Restituzioni e cambi sono accettati per i prodotti nuovi che non sono stati utilizzati (non hanno segni di utilizzo) e sono nella loro scatola originale. \u00c8 possibile restituire il prodotto per un cambio o per un pieno rimborso entro e non oltre i 30 giorni dalla data dell'acquisto. Non accreditiamo alcuna penale. [&hellip;]","og_url":"https:\/\/www.globber.com\/it\/refund_returns\/","og_site_name":"Globber Italia","article_modified_time":"2025-12-01T14:18:23+00:00","twitter_card":"summary_large_image","twitter_misc":{"Tempo di lettura stimato":"4 minuti"},"schema":{"@context":"https:\/\/schema.org","@graph":[{"@type":"WebPage","@id":"https:\/\/www.globber.com\/it\/refund_returns\/","url":"https:\/\/www.globber.com\/it\/refund_returns\/","name":"Politiche di reso - Globber Italia","isPartOf":{"@id":"https:\/\/www.globber.com\/it\/#website"},"datePublished":"2024-09-13T08:42:28+00:00","dateModified":"2025-12-01T14:18:23+00:00","inLanguage":"it-IT","potentialAction":[{"@type":"ReadAction","target":["https:\/\/www.globber.com\/it\/refund_returns\/"]}]},{"@type":"WebSite","@id":"https:\/\/www.globber.com\/it\/#website","url":"https:\/\/www.globber.com\/it\/","name":"Globber Italia","description":"Il mondo su ruote","publisher":{"@id":"https:\/\/www.globber.com\/it\/#organization"},"potentialAction":[{"@type":"SearchAction","target":{"@type":"EntryPoint","urlTemplate":"https:\/\/www.globber.com\/it\/?s={search_term_string}"},"query-input":{"@type":"PropertyValueSpecification","valueRequired":true,"valueName":"search_term_string"}}],"inLanguage":"it-IT"},{"@type":"Organization","@id":"https:\/\/www.globber.com\/it\/#organization","name":"Globber Italia","url":"https:\/\/www.globber.com\/it\/","logo":{"@type":"ImageObject","inLanguage":"it-IT","@id":"https:\/\/www.globber.com\/it\/#\/schema\/logo\/image\/","url":"https:\/\/cdn.globber.com\/content\/2024\/05\/logo.svg","contentUrl":"https:\/\/cdn.globber.com\/content\/2024\/05\/logo.svg","width":601,"height":112,"caption":"Globber Italia"},"image":{"@id":"https:\/\/www.globber.com\/it\/#\/schema\/logo\/image\/"}}]}},"_links":{"self":[{"href":"https:\/\/www.globber.com\/it\/wp-json\/wp\/v2\/pages\/10","targetHints":{"allow":["GET"]}}],"collection":[{"href":"https:\/\/www.globber.com\/it\/wp-json\/wp\/v2\/pages"}],"about":[{"href":"https:\/\/www.globber.com\/it\/wp-json\/wp\/v2\/types\/page"}],"author":[{"embeddable":true,"href":"https:\/\/www.globber.com\/it\/wp-json\/wp\/v2\/users\/47"}],"replies":[{"embeddable":true,"href":"https:\/\/www.globber.com\/it\/wp-json\/wp\/v2\/comments?post=10"}],"version-history":[{"count":8,"href":"https:\/\/www.globber.com\/it\/wp-json\/wp\/v2\/pages\/10\/revisions"}],"predecessor-version":[{"id":14028,"href":"https:\/\/www.globber.com\/it\/wp-json\/wp\/v2\/pages\/10\/revisions\/14028"}],"wp:attachment":[{"href":"https:\/\/www.globber.com\/it\/wp-json\/wp\/v2\/media?parent=10"}],"curies":[{"name":"wp","href":"https:\/\/api.w.org\/{rel}","templated":true}]}}