{"id":13139,"date":"2025-09-16T15:37:54","date_gmt":"2025-09-16T13:37:54","guid":{"rendered":"https:\/\/www.globber.com\/it\/?page_id=13139"},"modified":"2026-03-10T10:08:58","modified_gmt":"2026-03-10T09:08:58","slug":"spedizione-e-consegna","status":"publish","type":"page","link":"https:\/\/www.globber.com\/it\/spedizione-e-consegna\/","title":{"rendered":"Spedizione e Consegna"},"content":{"rendered":"\r\n<p>Globber Italia spedisce <strong>solo ed esclusivamente in Italia<\/strong>. Tutti gli ordini vengono spediti entro 1-2 giorni lavorativi. Globber Italia rispetta tutte le festivit\u00e0 italiane. I tempi di spedizione possono variano a seconda del luogo e delle festivit\u00e0 in corso.\u00a0<\/p>\r\n<p>La consegna \u00e8 GRATUITA per ordini superiori ai 69 \u20ac. La consegna per ordini inferiori ai 69 \u20ac \u00e8 di 8,99 \u20ac.<br \/>\r\n*Le spese di spedizione non coprono eventuali spese personalizzate, tasse, o spese di mediazione che si possono verificare.<\/p>\r\n<h2 class=\"wp-block-heading\">Quando ricever\u00f2 l'ordine?<\/h2>\r\n<p>I nostri prodotti vengono spediti via GLS o MBE e la consegna \u00e8 solitamente prevista tra le 48 e le 72 ore dopo la spedizione.<br \/>\r\nRicever\u00e0 una email con la conferma dell'ordine non appena l'ordine sar\u00e0 effettuato. Una volta che il prodotto sar\u00e0 spedito, ricever\u00e0 una seconda email. Disastri naturali come tempeste, alluvioni, neve, ghiaccio, epidemie, pandemie ecc., possono causare ritardi con le consegne.<\/p>\r\n","protected":false},"excerpt":{"rendered":"<p>Globber Italia spedisce solo ed esclusivamente in Italia. Tutti gli ordini vengono spediti entro 1-2 giorni lavorativi. Globber Italia rispetta tutte le festivit\u00e0 italiane. I tempi di spedizione possono variano a seconda del luogo e delle festivit\u00e0 in corso.\u00a0 La consegna \u00e8 GRATUITA per ordini superiori ai 69 \u20ac. La consegna per ordini inferiori ai [&hellip;]<\/p>\n","protected":false},"author":949,"featured_media":0,"parent":0,"menu_order":0,"comment_status":"closed","ping_status":"closed","template":"","meta":{"_acf_changed":false,"inline_featured_image":false,"footnotes":""},"class_list":["post-13139","page","type-page","status-publish","hentry"],"acf":[],"yoast_head":"<!-- This site is optimized with the Yoast SEO Premium plugin v20.12 (Yoast SEO v23.4) - https:\/\/yoast.com\/wordpress\/plugins\/seo\/ -->\n<title>Spedizione e Consegna - Globber Italia<\/title>\n<meta name=\"robots\" content=\"index, follow, max-snippet:-1, max-image-preview:large, max-video-preview:-1\" \/>\n<link rel=\"canonical\" href=\"https:\/\/www.globber.com\/it\/spedizione-e-consegna\/\" \/>\n<meta property=\"og:locale\" content=\"it_IT\" \/>\n<meta property=\"og:type\" content=\"article\" \/>\n<meta property=\"og:title\" content=\"Spedizione e Consegna - Globber Italia\" \/>\n<meta property=\"og:description\" content=\"Globber Italia spedisce solo ed esclusivamente in Italia. Tutti gli ordini vengono spediti entro 1-2 giorni lavorativi. Globber Italia rispetta tutte le festivit\u00e0 italiane. I tempi di spedizione possono variano a seconda del luogo e delle festivit\u00e0 in corso.\u00a0 La consegna \u00e8 GRATUITA per ordini superiori ai 69 \u20ac. La consegna per ordini inferiori ai [&hellip;]\" \/>\n<meta property=\"og:url\" content=\"https:\/\/www.globber.com\/it\/spedizione-e-consegna\/\" \/>\n<meta property=\"og:site_name\" content=\"Globber Italia\" \/>\n<meta property=\"article:modified_time\" content=\"2026-03-10T09:08:58+00:00\" \/>\n<meta name=\"twitter:card\" content=\"summary_large_image\" \/>\n<meta name=\"twitter:label1\" content=\"Tempo di lettura stimato\" \/>\n\t<meta name=\"twitter:data1\" content=\"1 minuto\" \/>\n<script type=\"application\/ld+json\" class=\"yoast-schema-graph\">{\"@context\":\"https:\/\/schema.org\",\"@graph\":[{\"@type\":\"WebPage\",\"@id\":\"https:\/\/www.globber.com\/it\/spedizione-e-consegna\/\",\"url\":\"https:\/\/www.globber.com\/it\/spedizione-e-consegna\/\",\"name\":\"Spedizione e Consegna - Globber Italia\",\"isPartOf\":{\"@id\":\"https:\/\/www.globber.com\/it\/#website\"},\"datePublished\":\"2025-09-16T13:37:54+00:00\",\"dateModified\":\"2026-03-10T09:08:58+00:00\",\"inLanguage\":\"it-IT\",\"potentialAction\":[{\"@type\":\"ReadAction\",\"target\":[\"https:\/\/www.globber.com\/it\/spedizione-e-consegna\/\"]}]},{\"@type\":\"WebSite\",\"@id\":\"https:\/\/www.globber.com\/it\/#website\",\"url\":\"https:\/\/www.globber.com\/it\/\",\"name\":\"Globber Italia\",\"description\":\"Il mondo su ruote\",\"publisher\":{\"@id\":\"https:\/\/www.globber.com\/it\/#organization\"},\"potentialAction\":[{\"@type\":\"SearchAction\",\"target\":{\"@type\":\"EntryPoint\",\"urlTemplate\":\"https:\/\/www.globber.com\/it\/?s={search_term_string}\"},\"query-input\":{\"@type\":\"PropertyValueSpecification\",\"valueRequired\":true,\"valueName\":\"search_term_string\"}}],\"inLanguage\":\"it-IT\"},{\"@type\":\"Organization\",\"@id\":\"https:\/\/www.globber.com\/it\/#organization\",\"name\":\"Globber Italia\",\"url\":\"https:\/\/www.globber.com\/it\/\",\"logo\":{\"@type\":\"ImageObject\",\"inLanguage\":\"it-IT\",\"@id\":\"https:\/\/www.globber.com\/it\/#\/schema\/logo\/image\/\",\"url\":\"https:\/\/cdn.globber.com\/content\/2024\/05\/logo.svg\",\"contentUrl\":\"https:\/\/cdn.globber.com\/content\/2024\/05\/logo.svg\",\"width\":601,\"height\":112,\"caption\":\"Globber Italia\"},\"image\":{\"@id\":\"https:\/\/www.globber.com\/it\/#\/schema\/logo\/image\/\"}}]}<\/script>\n<!-- \/ Yoast SEO Premium plugin. -->","yoast_head_json":{"title":"Spedizione e Consegna - Globber Italia","robots":{"index":"index","follow":"follow","max-snippet":"max-snippet:-1","max-image-preview":"max-image-preview:large","max-video-preview":"max-video-preview:-1"},"canonical":"https:\/\/www.globber.com\/it\/spedizione-e-consegna\/","og_locale":"it_IT","og_type":"article","og_title":"Spedizione e Consegna - Globber Italia","og_description":"Globber Italia spedisce solo ed esclusivamente in Italia. Tutti gli ordini vengono spediti entro 1-2 giorni lavorativi. Globber Italia rispetta tutte le festivit\u00e0 italiane. I tempi di spedizione possono variano a seconda del luogo e delle festivit\u00e0 in corso.\u00a0 La consegna \u00e8 GRATUITA per ordini superiori ai 69 \u20ac. La consegna per ordini inferiori ai [&hellip;]","og_url":"https:\/\/www.globber.com\/it\/spedizione-e-consegna\/","og_site_name":"Globber Italia","article_modified_time":"2026-03-10T09:08:58+00:00","twitter_card":"summary_large_image","twitter_misc":{"Tempo di lettura stimato":"1 minuto"},"schema":{"@context":"https:\/\/schema.org","@graph":[{"@type":"WebPage","@id":"https:\/\/www.globber.com\/it\/spedizione-e-consegna\/","url":"https:\/\/www.globber.com\/it\/spedizione-e-consegna\/","name":"Spedizione e Consegna - Globber Italia","isPartOf":{"@id":"https:\/\/www.globber.com\/it\/#website"},"datePublished":"2025-09-16T13:37:54+00:00","dateModified":"2026-03-10T09:08:58+00:00","inLanguage":"it-IT","potentialAction":[{"@type":"ReadAction","target":["https:\/\/www.globber.com\/it\/spedizione-e-consegna\/"]}]},{"@type":"WebSite","@id":"https:\/\/www.globber.com\/it\/#website","url":"https:\/\/www.globber.com\/it\/","name":"Globber Italia","description":"Il mondo su ruote","publisher":{"@id":"https:\/\/www.globber.com\/it\/#organization"},"potentialAction":[{"@type":"SearchAction","target":{"@type":"EntryPoint","urlTemplate":"https:\/\/www.globber.com\/it\/?s={search_term_string}"},"query-input":{"@type":"PropertyValueSpecification","valueRequired":true,"valueName":"search_term_string"}}],"inLanguage":"it-IT"},{"@type":"Organization","@id":"https:\/\/www.globber.com\/it\/#organization","name":"Globber Italia","url":"https:\/\/www.globber.com\/it\/","logo":{"@type":"ImageObject","inLanguage":"it-IT","@id":"https:\/\/www.globber.com\/it\/#\/schema\/logo\/image\/","url":"https:\/\/cdn.globber.com\/content\/2024\/05\/logo.svg","contentUrl":"https:\/\/cdn.globber.com\/content\/2024\/05\/logo.svg","width":601,"height":112,"caption":"Globber Italia"},"image":{"@id":"https:\/\/www.globber.com\/it\/#\/schema\/logo\/image\/"}}]}},"_links":{"self":[{"href":"https:\/\/www.globber.com\/it\/wp-json\/wp\/v2\/pages\/13139","targetHints":{"allow":["GET"]}}],"collection":[{"href":"https:\/\/www.globber.com\/it\/wp-json\/wp\/v2\/pages"}],"about":[{"href":"https:\/\/www.globber.com\/it\/wp-json\/wp\/v2\/types\/page"}],"author":[{"embeddable":true,"href":"https:\/\/www.globber.com\/it\/wp-json\/wp\/v2\/users\/949"}],"replies":[{"embeddable":true,"href":"https:\/\/www.globber.com\/it\/wp-json\/wp\/v2\/comments?post=13139"}],"version-history":[{"count":4,"href":"https:\/\/www.globber.com\/it\/wp-json\/wp\/v2\/pages\/13139\/revisions"}],"predecessor-version":[{"id":13452,"href":"https:\/\/www.globber.com\/it\/wp-json\/wp\/v2\/pages\/13139\/revisions\/13452"}],"wp:attachment":[{"href":"https:\/\/www.globber.com\/it\/wp-json\/wp\/v2\/media?parent=13139"}],"curies":[{"name":"wp","href":"https:\/\/api.w.org\/{rel}","templated":true}]}}