{"id":69,"date":"2022-08-01T21:11:08","date_gmt":"2022-08-01T21:11:08","guid":{"rendered":"https:\/\/www.globber.com\/it\/?page_id=69"},"modified":"2025-12-01T15:17:30","modified_gmt":"2025-12-01T14:17:30","slug":"terms-and-conditions","status":"publish","type":"page","link":"https:\/\/www.globber.com\/it\/terms-and-conditions\/","title":{"rendered":"Termini e Condizioni"},"content":{"rendered":"\r\n<h2 class=\"wp-block-heading\">Politica di garanzia<\/h2>\r\n<p>Forniamo garanzia per difetti di produzione, al proprietario originale, fino a <strong>due anni<\/strong> dalla data di acquisto. Occorre dimostrare di essere il proprietario originale ed essere in grado di mostrare una prova di acquisto (va bene la ricevuta email) e almeno due foto del tuo monopattino, una della parte danneggiata e una del monopattino per intero. Danni causati da uso improrpio, maltrattamento, modifiche e utilizzo regolare sono esclusi. La garanzia non copre ruote o cuscinetti, circuiti integrati, graffi, perdita di componenti, punti piatti, curvature, colpi, venature o altri danni ai componenti derivati dal normale utilizzo. I reclami in garanzia approvati verranno riparati o sostituiti, a nostra discrezione, senza alcuna spesa per il cliente. Ci riserviamo il diritto di rifiutare ogni reclamo di garanzia e non rilasceremo mai alcun rimborso con carta di credito o contanti.\u00a0<\/p>\r\n<h2>Come qualificarsi per la garanzia<\/h2>\r\n<p>Bisogna essere il proprietario originale che ha acquistato il prodotto ed essere in grado di fornire una prova di acquisto. Il prodotto deve essere stato acquistato massimo 90 giorni prima del reclamo di garanzia. Il prodotto non pu\u00f3 essere una precedente sostituzione o garanzia. Bisogna essere in grado di fornire immagini del difetto. Il difetto non pu\u00f3 essere causato da uso improprio, abuso, modifica o normale utilizzo e consumo.<\/p>\r\n<h2>Come richiedere una garanzia<\/h2>\r\n<p>Sappiamo quanto le garanzie possano essere complicate e vogliamo velocizzare il processo cos\u00ec da poter tornare presto a divertirsi. Mandate una email a commerciale@proludis.it e includete le seguenti informazioni:<\/p>\r\n<ul style=\"list-style-type: circle\">\r\n\t<li>Nome, indirizzo, numero di telefono<\/li>\r\n\t<li>Globber Ordine #<\/li>\r\n\t<li>2 foto del prodotto sopra menzionate<\/li>\r\n\t<li>Breve descrizione del problema<\/li>\r\n<\/ul>\r\n<p>Se tutte le informazioni sono state incluse, possiamo solitamente analizzare il problema alla prima richiesta. Si potrebbe trattare o della spedizione della parte di ricambio, o di una richiesta di mandarci il monopattino per essere riparato e della spedizione di un nuovo monopattino. Non verremo ritenuti responsabili per alcun prodotto difettoso restituito senza autorizzazione.<\/p>\r\n<h2>Che cosa aspettarsi con una garanzia<\/h2>\r\n<p>Se l'acquisto \u00e9 stato effettuato da un Rivenditore Autorizzato essi potrebbero essere in grado di aggiustare il problema in loco o mettersi in contatto con noi per altre problematiche. Potrebbe esserti richiesto di spedirci il prodotto e in quel caso non saremo responsabili delle spese di spedizione. Se sarai ritenuto idoneo per una riparazione o garanzia, ti spediremo indietro il prodotto senza ulteriori costi. Verrai notificato in caso siano necessarie ulteriori informazioni o immagini.<\/p>\r\n<p>Nel caso in cui ti sia richiesto di mandare il prodotto indietro, prego spedirlo al seguente indirizzo:\u00a0<\/p>\r\n<ul style=\"list-style-type: circle\">\r\n\t<li>Proludis giocattoli srl, Viale del Commercio 4, 46035 Ostiglia (MN)<\/li>\r\n<\/ul>\r\n<h2>Termini di utilizzo<\/h2>\r\n<p>Quando la conferma dell'ordine \u00e9 stata ricevuta, significa che abbiamo ricevuto il tuo ordine. Non sta a indicare che esiste un contratto tra noi. Indicheremo l'accettazione del tuo ordine e la messa in vigore di un contratto quando ti manderemo la ricevuta. Abbiamo incluso questo termine per tutelarci nel caso in cui venga fatto un errore riguardante il prezzo, abbiamo inavvertitamente ribassato alcuni prodotti, o non siamo per qualche motivo in grado di fornire un determinato prodotto. In caso di cambio di prezzo, verrai sempre contattato prima per assicurarci che il prezzo sia accettabile.<\/p>\r\n<p>Questo sito pu\u00f3 contenere altri avvisi dei proprietari e informazioni di copywright, termini che bisogna osservare e seguire. Le informazioni di questo sito possono contenere incuranze tecniche o errori tipografici. Le informazioni, incluse le informazioni dei prodotti, prezzi e disponibilit\u00e0 possono essere cambiati o aggiornati senza avviso. Globber e i suoi affiliati si riservano il diritto di rifiutare un servizio, chiudere account, e\/o cancellare ordini a propria discrezione, incluso, senza limitazioni, se Globber ritiene che un cliente violi le leggi applicabili o sia dannoso agli interessi di Globber e dei suoi affiliati.\u00a0<\/p>\r\n<p>Globber non verr\u00e0 ritenuto responsabile per qualsiasi danno speciale o consequenziale al risultato dell'utilizzo, o dell'inabilit\u00e0 all'utilizzo, dei materiali di questo sito o delle performance dei prodotti, anche se Globber \u00e9 stato avvisato della possibilit\u00e0 di suddetti danni. La legge appllicabile potrebbe non autorizzare la limitazione dell'esclusione di responsabilit\u00e0 o danni incidentali o conseguenziali, quindi la limitazione o esclusione sopra citata non sarebbero a te imputabili.<\/p>\r\n<p>Questi termini e condizioni sono applicabili dall'accesso al sito e\/o completando la registrazione o il processo d'acquisto. Questi termini e condizioni, o qualsiasi parte di essi, potrebbero essere terminati da Globber senza preavviso in qualsiasi momento per qualsiasi ragione. Le clausole riferite a Copyrights, Trademark, Disclaimer, Limitation of Liability, Indemnification e Miscellaneous, resteranno valide in qualsiasi caso di terminazione.<\/p>\r\n<p>Per gli acquisti su questo ecommerce non \u00e8 prevista la fatturazione.<\/p>\r\n<h2>Nessuna vendita per rivendere<\/h2>\r\n<p>La piattaforma \u00e9 creata solamente per vendere i proeotti Globber direttamente ai clienti finali, e perci\u00f3 la vendita a scopo di rivendita non \u00e9 permessa. La vendita per rivendere significa l' acquisto dei prodotti da parte di qualcuno che li rivende, o intende rivenderli, ad altri (privati, venditori o qualsiasi parte terza). Se riteniamo che tu sia coinvolto in un caso di vendita per rivendere, riserviamo il diritto di intraprendere azioni nei tuoi confronti, includendo di restringerti le vendite, cancellare i tuoi ordini, e\/o sospendere i tuoi account sulla piattaforma.\u00a0<\/p>\r\n<h2>Tutela il tuo Username\/Password<\/h2>\r\n<p>Sei responsabile per qualsiasi azione che si verifica durante l'utilizzo del tuo account Globber. Mantieni i tuoi username\/password al sicuro, e non autorizzare nessun altro a utilizzare il tuo username\/password per accedere al tuo account Globber. Non siamo responsabili per qualsiasi perdita che sia risultata da utilizzo non autorizzato del tuo username\/password, con o senza il tuo consenso. Acconsenti ad a notificare Apple immediatamente per qualsiasi uso non autorizzato del tuo account o password, o qualsiasi altra breccia nella sicurezza.\u00a0<\/p>\r\n","protected":false},"excerpt":{"rendered":"<p>Politica di garanzia Forniamo garanzia per difetti di produzione, al proprietario originale, fino a due anni dalla data di acquisto. Occorre dimostrare di essere il proprietario originale ed essere in grado di mostrare una prova di acquisto (va bene la ricevuta email) e almeno due foto del tuo monopattino, una della parte danneggiata e una [&hellip;]<\/p>\n","protected":false},"author":47,"featured_media":0,"parent":0,"menu_order":0,"comment_status":"closed","ping_status":"closed","template":"","meta":{"_acf_changed":false,"inline_featured_image":false,"footnotes":""},"class_list":["post-69","page","type-page","status-publish","hentry"],"acf":[],"yoast_head":"<!-- This site is optimized with the Yoast SEO Premium plugin v20.12 (Yoast SEO v23.4) - https:\/\/yoast.com\/wordpress\/plugins\/seo\/ -->\n<title>Termini e Condizioni - Globber Italia<\/title>\n<meta name=\"robots\" content=\"index, follow, max-snippet:-1, max-image-preview:large, max-video-preview:-1\" \/>\n<link rel=\"canonical\" href=\"https:\/\/www.globber.com\/it\/terms-and-conditions\/\" \/>\n<meta property=\"og:locale\" content=\"it_IT\" \/>\n<meta property=\"og:type\" content=\"article\" \/>\n<meta property=\"og:title\" content=\"Termini e Condizioni - Globber Italia\" \/>\n<meta property=\"og:description\" content=\"Politica di garanzia Forniamo garanzia per difetti di produzione, al proprietario originale, fino a due anni dalla data di acquisto. Occorre dimostrare di essere il proprietario originale ed essere in grado di mostrare una prova di acquisto (va bene la ricevuta email) e almeno due foto del tuo monopattino, una della parte danneggiata e una [&hellip;]\" \/>\n<meta property=\"og:url\" content=\"https:\/\/www.globber.com\/it\/terms-and-conditions\/\" \/>\n<meta property=\"og:site_name\" content=\"Globber Italia\" \/>\n<meta property=\"article:modified_time\" content=\"2025-12-01T14:17:30+00:00\" \/>\n<meta name=\"twitter:card\" content=\"summary_large_image\" \/>\n<meta name=\"twitter:label1\" content=\"Tempo di lettura stimato\" \/>\n\t<meta name=\"twitter:data1\" content=\"5 minuti\" \/>\n<script type=\"application\/ld+json\" class=\"yoast-schema-graph\">{\"@context\":\"https:\/\/schema.org\",\"@graph\":[{\"@type\":\"WebPage\",\"@id\":\"https:\/\/www.globber.com\/it\/terms-and-conditions\/\",\"url\":\"https:\/\/www.globber.com\/it\/terms-and-conditions\/\",\"name\":\"Termini e Condizioni - Globber Italia\",\"isPartOf\":{\"@id\":\"https:\/\/www.globber.com\/it\/#website\"},\"datePublished\":\"2022-08-01T21:11:08+00:00\",\"dateModified\":\"2025-12-01T14:17:30+00:00\",\"inLanguage\":\"it-IT\",\"potentialAction\":[{\"@type\":\"ReadAction\",\"target\":[\"https:\/\/www.globber.com\/it\/terms-and-conditions\/\"]}]},{\"@type\":\"WebSite\",\"@id\":\"https:\/\/www.globber.com\/it\/#website\",\"url\":\"https:\/\/www.globber.com\/it\/\",\"name\":\"Globber Italia\",\"description\":\"Il mondo su ruote\",\"publisher\":{\"@id\":\"https:\/\/www.globber.com\/it\/#organization\"},\"potentialAction\":[{\"@type\":\"SearchAction\",\"target\":{\"@type\":\"EntryPoint\",\"urlTemplate\":\"https:\/\/www.globber.com\/it\/?s={search_term_string}\"},\"query-input\":{\"@type\":\"PropertyValueSpecification\",\"valueRequired\":true,\"valueName\":\"search_term_string\"}}],\"inLanguage\":\"it-IT\"},{\"@type\":\"Organization\",\"@id\":\"https:\/\/www.globber.com\/it\/#organization\",\"name\":\"Globber Italia\",\"url\":\"https:\/\/www.globber.com\/it\/\",\"logo\":{\"@type\":\"ImageObject\",\"inLanguage\":\"it-IT\",\"@id\":\"https:\/\/www.globber.com\/it\/#\/schema\/logo\/image\/\",\"url\":\"https:\/\/cdn.globber.com\/content\/2024\/05\/logo.svg\",\"contentUrl\":\"https:\/\/cdn.globber.com\/content\/2024\/05\/logo.svg\",\"width\":601,\"height\":112,\"caption\":\"Globber Italia\"},\"image\":{\"@id\":\"https:\/\/www.globber.com\/it\/#\/schema\/logo\/image\/\"}}]}<\/script>\n<!-- \/ Yoast SEO Premium plugin. -->","yoast_head_json":{"title":"Termini e Condizioni - Globber Italia","robots":{"index":"index","follow":"follow","max-snippet":"max-snippet:-1","max-image-preview":"max-image-preview:large","max-video-preview":"max-video-preview:-1"},"canonical":"https:\/\/www.globber.com\/it\/terms-and-conditions\/","og_locale":"it_IT","og_type":"article","og_title":"Termini e Condizioni - Globber Italia","og_description":"Politica di garanzia Forniamo garanzia per difetti di produzione, al proprietario originale, fino a due anni dalla data di acquisto. Occorre dimostrare di essere il proprietario originale ed essere in grado di mostrare una prova di acquisto (va bene la ricevuta email) e almeno due foto del tuo monopattino, una della parte danneggiata e una [&hellip;]","og_url":"https:\/\/www.globber.com\/it\/terms-and-conditions\/","og_site_name":"Globber Italia","article_modified_time":"2025-12-01T14:17:30+00:00","twitter_card":"summary_large_image","twitter_misc":{"Tempo di lettura stimato":"5 minuti"},"schema":{"@context":"https:\/\/schema.org","@graph":[{"@type":"WebPage","@id":"https:\/\/www.globber.com\/it\/terms-and-conditions\/","url":"https:\/\/www.globber.com\/it\/terms-and-conditions\/","name":"Termini e Condizioni - Globber Italia","isPartOf":{"@id":"https:\/\/www.globber.com\/it\/#website"},"datePublished":"2022-08-01T21:11:08+00:00","dateModified":"2025-12-01T14:17:30+00:00","inLanguage":"it-IT","potentialAction":[{"@type":"ReadAction","target":["https:\/\/www.globber.com\/it\/terms-and-conditions\/"]}]},{"@type":"WebSite","@id":"https:\/\/www.globber.com\/it\/#website","url":"https:\/\/www.globber.com\/it\/","name":"Globber Italia","description":"Il mondo su ruote","publisher":{"@id":"https:\/\/www.globber.com\/it\/#organization"},"potentialAction":[{"@type":"SearchAction","target":{"@type":"EntryPoint","urlTemplate":"https:\/\/www.globber.com\/it\/?s={search_term_string}"},"query-input":{"@type":"PropertyValueSpecification","valueRequired":true,"valueName":"search_term_string"}}],"inLanguage":"it-IT"},{"@type":"Organization","@id":"https:\/\/www.globber.com\/it\/#organization","name":"Globber Italia","url":"https:\/\/www.globber.com\/it\/","logo":{"@type":"ImageObject","inLanguage":"it-IT","@id":"https:\/\/www.globber.com\/it\/#\/schema\/logo\/image\/","url":"https:\/\/cdn.globber.com\/content\/2024\/05\/logo.svg","contentUrl":"https:\/\/cdn.globber.com\/content\/2024\/05\/logo.svg","width":601,"height":112,"caption":"Globber Italia"},"image":{"@id":"https:\/\/www.globber.com\/it\/#\/schema\/logo\/image\/"}}]}},"_links":{"self":[{"href":"https:\/\/www.globber.com\/it\/wp-json\/wp\/v2\/pages\/69","targetHints":{"allow":["GET"]}}],"collection":[{"href":"https:\/\/www.globber.com\/it\/wp-json\/wp\/v2\/pages"}],"about":[{"href":"https:\/\/www.globber.com\/it\/wp-json\/wp\/v2\/types\/page"}],"author":[{"embeddable":true,"href":"https:\/\/www.globber.com\/it\/wp-json\/wp\/v2\/users\/47"}],"replies":[{"embeddable":true,"href":"https:\/\/www.globber.com\/it\/wp-json\/wp\/v2\/comments?post=69"}],"version-history":[{"count":8,"href":"https:\/\/www.globber.com\/it\/wp-json\/wp\/v2\/pages\/69\/revisions"}],"predecessor-version":[{"id":14027,"href":"https:\/\/www.globber.com\/it\/wp-json\/wp\/v2\/pages\/69\/revisions\/14027"}],"wp:attachment":[{"href":"https:\/\/www.globber.com\/it\/wp-json\/wp\/v2\/media?parent=69"}],"curies":[{"name":"wp","href":"https:\/\/api.w.org\/{rel}","templated":true}]}}