{"id":11663,"date":"2025-03-28T10:08:56","date_gmt":"2025-03-28T09:08:56","guid":{"rendered":"https:\/\/www.globber.com\/it\/?post_type=product&#038;p=11663"},"modified":"2026-04-12T17:33:23","modified_gmt":"2026-04-12T15:33:23","slug":"go-up-baby-360-light-dark-mint","status":"publish","type":"product","link":"https:\/\/www.globber.com\/it\/product\/go-up-baby-360-light-dark-mint\/","title":{"rendered":"GO\u2022UP BABY LIGHTS 360\u00b0"},"content":{"rendered":"<p>Preparati per il passeggino pi\u00f9 agile e versatile di sempre: GO\u2022UP BABY LIGHTS 360\u00b0! Progettato per offrire una manovrabilit\u00e0 senza pari, il ride-on scooter GO\u2022UP BABY LIGHTS 360\u00b0 rende le tue uscite con il bambino pi\u00f9 semplici e pratiche grazie allo sterzo genitoriale brevettato a 360\u00b0, che ti permette di guidare il piccolo in ogni momento mentre correte insieme! Questo scooter a 3 ruote con sedile per bambini si trasforma facilmente in quattro modalit\u00e0: ride-on, bici da passeggio, scooter per bambini e triciclo. Le modalit\u00e0 ride-on (con sterzo genitoriale brevettato a 360\u00b0) e bici da passeggio sono pensate per bimbi dai 15 ai 36 mesi. La modalit\u00e0 scooter \u00e8 consigliata per bambini dai 3 ai 9 anni e oltre. Lo scooter con sedile \u00e8 ricco di funzioni pensate per unire divertimento e funzionalit\u00e0: modulo ruota posteriore per lo sterzo genitoriale brevettato a 360\u00b0, comodo schienale e morbido cestino removibile. GO\u2022UP BABY LIGHTS 360\u00b0 \u00e8 100% senza attrezzi, dotato di sistema di piegatura brevettato, blocco sterzo brevettato, sedile regolabile con schienale e manubrio a T, robusto piano, ruote LED senza batteria e modulo LED luminoso per un divertimento extra scintillante. Goditi ore di gioco senza fine con un compagno a 360\u00b0 pensato per accompagnare il tuo bambino negli anni a venire! Il GO\u2022UP BABY LIGHTS 360\u00b0 \u00e8 realizzato con il 47-50% di plastica certificata Global Recycled Standard (GRS)*. Il GRS \u00e8 il riferimento internazionale che certifica la presenza di materiali riciclati nei prodotti finiti, garantendo trasparenza e promuovendo un\u2019economia circolare. Grazie all\u2019uso di plastica riciclata certificata GRS nelle nostre collezioni a 3 ruote e ECOLOGIC, da ottobre 2022 abbiamo riutilizzato oltre 118 tonnellate di bottiglie e bicchieri usati, reti da pesca recuperate, vecchi giocattoli e imbottiture. Scopri di pi\u00f9. GO\u2022UP BABY LIGHTS 360\u00b0 ha vinto 3 prestigiosi premi: Good Design Award My Child Excellence Award iF Design Award *Nei componenti applicabili; scopri quali componenti qui.<\/p>\n","protected":false},"excerpt":{"rendered":"<p><strong>Monopattino con sedile (et\u00e0 15 mesi\/9 anni) <\/strong><\/p>\n","protected":false},"featured_media":12390,"comment_status":"closed","ping_status":"closed","template":"","meta":{"_acf_changed":false,"inline_featured_image":false},"product-special-badges":[4167],"product_brand":[],"product_cat":[4136,4039,3560,3559,3117],"product_tag":[],"class_list":{"0":"post-11663","1":"product","2":"type-product","3":"status-publish","4":"has-post-thumbnail","6":"product_cat-sale","7":"product_cat-serie-go-up-360","8":"product_cat-monopattini-con-seduta","9":"product_cat-tricicli-per-bambini","10":"product_cat-tutte-le-serie-per-bambini-piccoli","11":"pa_altezza-dei-sedili-modalita-bici-da-passeggio-265-29-e-315-cm-da-terra","12":"pa_altezza-dei-sedili-modalita-cavalcabile-275-30-e-325-cm-da-terra","13":"pa_altezza-utente-consigliata-75-130cm","14":"pa_color-menta-scura","15":"pa_color-rosa-pastello-intenso","16":"pa_dimensioni-del-ponte-l-13cm-x-l-56cm","17":"pa_dimensioni-delle-ruote-121mm-larghezza-24mm-anteriore-2","18":"pa_dimensioni-delle-ruote-80mm-larghezza-24mm-posteriore-2","19":"pa_ean-4028","20":"pa_ean-4029","21":"pa_fascia-deta-15m-9a","22":"pa_freni-freno-posteriore-meccanico-composito","23":"pa_materiale-del-ponte-composito-pp-fibra-struttura-in-metallo","24":"pa_materiale-delle-ruote-realizzato-in-pu-ad-alta-resistenza","25":"pa_peso-del-prodotto-netto-5-75kg","26":"pa_peso-massimo-utente-20kg-modalita-ride-on-walking-bike-50kg-modalita-monopattino","27":"pa_pieghevole-si","28":"pa_regolabile-si","29":"pa_tipo-di-prodotto-bici-passeggio","30":"pa_tipo-di-prodotto-cavalcabile","31":"pa_tipo-di-prodotto-monopattino-3-ruote","33":"first","34":"instock","35":"sale","36":"taxable","37":"shipping-taxable","38":"purchasable","39":"product-type-variable"},"acf":[],"yoast_head":"<!-- This site is optimized with the Yoast SEO Premium plugin v20.12 (Yoast SEO v23.4) - https:\/\/yoast.com\/wordpress\/plugins\/seo\/ -->\n<title>GO\u2022UP BABY LIGHTS 360\u00b0 - Globber Italia<\/title>\n<meta name=\"description\" content=\"Progettato per la massima manovrabilit\u00e0, il monopattino GO-UP BABY LIGHTS 360\u00b0 rende le vostre giornate fuori casa pi\u00f9 facili e comode, grazie allo sterzo brevettato a 360\u00b0 che vi aiuta a guidare il vostro bambino. GO-UP BABY LIGHTS 360\u00b0 \u00e8 un monopattino a 3 ruote con seggiolino per bambini che si trasforma in cavalcabile, bici da passeggio e monopattino per bambini.\" \/>\n<meta name=\"robots\" content=\"index, follow, max-snippet:-1, max-image-preview:large, max-video-preview:-1\" \/>\n<link rel=\"canonical\" href=\"https:\/\/www.globber.com\/it\/product\/go-up-baby-360-light-dark-mint\/\" \/>\n<meta property=\"og:locale\" content=\"it_IT\" \/>\n<meta property=\"og:type\" content=\"article\" \/>\n<meta property=\"og:title\" content=\"GO\u2022UP BABY LIGHTS 360\u00b0 - Globber Italia\" \/>\n<meta property=\"og:description\" content=\"Progettato per la massima manovrabilit\u00e0, il monopattino GO-UP BABY LIGHTS 360\u00b0 rende le vostre giornate fuori casa pi\u00f9 facili e comode, grazie allo sterzo brevettato a 360\u00b0 che vi aiuta a guidare il vostro bambino. GO-UP BABY LIGHTS 360\u00b0 \u00e8 un monopattino a 3 ruote con seggiolino per bambini che si trasforma in cavalcabile, bici da passeggio e monopattino per bambini.\" \/>\n<meta property=\"og:url\" content=\"https:\/\/www.globber.com\/it\/product\/go-up-baby-360-light-dark-mint\/\" \/>\n<meta property=\"og:site_name\" content=\"Globber Italia\" \/>\n<meta property=\"article:modified_time\" content=\"2026-04-12T15:33:23+00:00\" \/>\n<meta property=\"og:image\" content=\"https:\/\/cdn.globber.com\/content\/sites\/14\/2025\/06\/683e7efd7962b.jpg\" \/>\n\t<meta property=\"og:image:width\" content=\"2048\" \/>\n\t<meta property=\"og:image:height\" content=\"2048\" \/>\n\t<meta property=\"og:image:type\" content=\"image\/jpeg\" \/>\n<meta name=\"twitter:card\" content=\"summary_large_image\" \/>\n<meta name=\"twitter:label1\" content=\"Availability\" \/>\n\t<meta name=\"twitter:data1\" content=\"In stock\" \/>\n<script type=\"application\/ld+json\" class=\"yoast-schema-graph\">{\"@context\":\"https:\/\/schema.org\",\"@graph\":[{\"@type\":[\"WebPage\",\"ItemPage\"],\"@id\":\"https:\/\/www.globber.com\/it\/product\/go-up-baby-360-light-dark-mint\/\",\"url\":\"https:\/\/www.globber.com\/it\/product\/go-up-baby-360-light-dark-mint\/\",\"name\":\"GO\u2022UP BABY LIGHTS 360\u00b0 - Globber Italia\",\"isPartOf\":{\"@id\":\"https:\/\/www.globber.com\/it\/#website\"},\"primaryImageOfPage\":{\"@id\":\"https:\/\/www.globber.com\/it\/product\/go-up-baby-360-light-dark-mint\/#primaryimage\"},\"image\":{\"@id\":\"https:\/\/www.globber.com\/it\/product\/go-up-baby-360-light-dark-mint\/#primaryimage\"},\"thumbnailUrl\":\"https:\/\/cdn.globber.com\/content\/sites\/14\/2025\/06\/683e7efd7962b.jpg\",\"datePublished\":\"2025-03-28T09:08:56+00:00\",\"dateModified\":\"2026-04-12T15:33:23+00:00\",\"description\":\"Progettato per la massima manovrabilit\u00e0, il monopattino GO-UP BABY LIGHTS 360\u00b0 rende le vostre giornate fuori casa pi\u00f9 facili e comode, grazie allo sterzo brevettato a 360\u00b0 che vi aiuta a guidare il vostro bambino. GO-UP BABY LIGHTS 360\u00b0 \u00e8 un monopattino a 3 ruote con seggiolino per bambini che si trasforma in cavalcabile, bici da passeggio e monopattino per bambini.\",\"breadcrumb\":{\"@id\":\"https:\/\/www.globber.com\/it\/product\/go-up-baby-360-light-dark-mint\/#breadcrumb\"},\"inLanguage\":\"it-IT\",\"potentialAction\":[{\"@type\":\"ReadAction\",\"target\":[\"https:\/\/www.globber.com\/it\/product\/go-up-baby-360-light-dark-mint\/\"]}]},{\"@type\":\"ImageObject\",\"inLanguage\":\"it-IT\",\"@id\":\"https:\/\/www.globber.com\/it\/product\/go-up-baby-360-light-dark-mint\/#primaryimage\",\"url\":\"https:\/\/cdn.globber.com\/content\/sites\/14\/2025\/06\/683e7efd7962b.jpg\",\"contentUrl\":\"https:\/\/cdn.globber.com\/content\/sites\/14\/2025\/06\/683e7efd7962b.jpg\",\"width\":2048,\"height\":2048},{\"@type\":\"BreadcrumbList\",\"@id\":\"https:\/\/www.globber.com\/it\/product\/go-up-baby-360-light-dark-mint\/#breadcrumb\",\"itemListElement\":[{\"@type\":\"ListItem\",\"position\":1,\"name\":\"Tutti i prodotti\",\"item\":\"https:\/\/www.globber.com\/it\/shop-by-product\/\"},{\"@type\":\"ListItem\",\"position\":2,\"name\":\"GO\u2022UP BABY LIGHTS 360\u00b0\"}]},{\"@type\":\"WebSite\",\"@id\":\"https:\/\/www.globber.com\/it\/#website\",\"url\":\"https:\/\/www.globber.com\/it\/\",\"name\":\"Globber Italia\",\"description\":\"Il mondo su ruote\",\"publisher\":{\"@id\":\"https:\/\/www.globber.com\/it\/#organization\"},\"potentialAction\":[{\"@type\":\"SearchAction\",\"target\":{\"@type\":\"EntryPoint\",\"urlTemplate\":\"https:\/\/www.globber.com\/it\/?s={search_term_string}\"},\"query-input\":{\"@type\":\"PropertyValueSpecification\",\"valueRequired\":true,\"valueName\":\"search_term_string\"}}],\"inLanguage\":\"it-IT\"},{\"@type\":\"Organization\",\"@id\":\"https:\/\/www.globber.com\/it\/#organization\",\"name\":\"Globber Italia\",\"url\":\"https:\/\/www.globber.com\/it\/\",\"logo\":{\"@type\":\"ImageObject\",\"inLanguage\":\"it-IT\",\"@id\":\"https:\/\/www.globber.com\/it\/#\/schema\/logo\/image\/\",\"url\":\"https:\/\/cdn.globber.com\/content\/2024\/05\/logo.svg\",\"contentUrl\":\"https:\/\/cdn.globber.com\/content\/2024\/05\/logo.svg\",\"width\":601,\"height\":112,\"caption\":\"Globber Italia\"},\"image\":{\"@id\":\"https:\/\/www.globber.com\/it\/#\/schema\/logo\/image\/\"}}]}<\/script>\n<meta property=\"og:availability\" content=\"instock\" \/>\n<meta property=\"product:availability\" content=\"instock\" \/>\n<meta property=\"product:retailer_item_id\" content=\"844-XXX\" \/>\n<meta property=\"product:condition\" content=\"new\" \/>\n<!-- \/ Yoast SEO Premium plugin. -->","yoast_head_json":{"title":"GO\u2022UP BABY LIGHTS 360\u00b0 - Globber Italia","description":"Progettato per la massima manovrabilit\u00e0, il monopattino GO-UP BABY LIGHTS 360\u00b0 rende le vostre giornate fuori casa pi\u00f9 facili e comode, grazie allo sterzo brevettato a 360\u00b0 che vi aiuta a guidare il vostro bambino. GO-UP BABY LIGHTS 360\u00b0 \u00e8 un monopattino a 3 ruote con seggiolino per bambini che si trasforma in cavalcabile, bici da passeggio e monopattino per bambini.","robots":{"index":"index","follow":"follow","max-snippet":"max-snippet:-1","max-image-preview":"max-image-preview:large","max-video-preview":"max-video-preview:-1"},"canonical":"https:\/\/www.globber.com\/it\/product\/go-up-baby-360-light-dark-mint\/","og_locale":"it_IT","og_type":"article","og_title":"GO\u2022UP BABY LIGHTS 360\u00b0 - Globber Italia","og_description":"Progettato per la massima manovrabilit\u00e0, il monopattino GO-UP BABY LIGHTS 360\u00b0 rende le vostre giornate fuori casa pi\u00f9 facili e comode, grazie allo sterzo brevettato a 360\u00b0 che vi aiuta a guidare il vostro bambino. GO-UP BABY LIGHTS 360\u00b0 \u00e8 un monopattino a 3 ruote con seggiolino per bambini che si trasforma in cavalcabile, bici da passeggio e monopattino per bambini.","og_url":"https:\/\/www.globber.com\/it\/product\/go-up-baby-360-light-dark-mint\/","og_site_name":"Globber Italia","article_modified_time":"2026-04-12T15:33:23+00:00","og_image":[{"width":2048,"height":2048,"url":"https:\/\/cdn.globber.com\/content\/sites\/14\/2025\/06\/683e7efd7962b.jpg","type":"image\/jpeg"}],"twitter_card":"summary_large_image","twitter_misc":{"Availability":"In stock"},"schema":{"@context":"https:\/\/schema.org","@graph":[{"@type":["WebPage","ItemPage"],"@id":"https:\/\/www.globber.com\/it\/product\/go-up-baby-360-light-dark-mint\/","url":"https:\/\/www.globber.com\/it\/product\/go-up-baby-360-light-dark-mint\/","name":"GO\u2022UP BABY LIGHTS 360\u00b0 - Globber Italia","isPartOf":{"@id":"https:\/\/www.globber.com\/it\/#website"},"primaryImageOfPage":{"@id":"https:\/\/www.globber.com\/it\/product\/go-up-baby-360-light-dark-mint\/#primaryimage"},"image":{"@id":"https:\/\/www.globber.com\/it\/product\/go-up-baby-360-light-dark-mint\/#primaryimage"},"thumbnailUrl":"https:\/\/cdn.globber.com\/content\/sites\/14\/2025\/06\/683e7efd7962b.jpg","datePublished":"2025-03-28T09:08:56+00:00","dateModified":"2026-04-12T15:33:23+00:00","description":"Progettato per la massima manovrabilit\u00e0, il monopattino GO-UP BABY LIGHTS 360\u00b0 rende le vostre giornate fuori casa pi\u00f9 facili e comode, grazie allo sterzo brevettato a 360\u00b0 che vi aiuta a guidare il vostro bambino. GO-UP BABY LIGHTS 360\u00b0 \u00e8 un monopattino a 3 ruote con seggiolino per bambini che si trasforma in cavalcabile, bici da passeggio e monopattino per bambini.","breadcrumb":{"@id":"https:\/\/www.globber.com\/it\/product\/go-up-baby-360-light-dark-mint\/#breadcrumb"},"inLanguage":"it-IT","potentialAction":[{"@type":"ReadAction","target":["https:\/\/www.globber.com\/it\/product\/go-up-baby-360-light-dark-mint\/"]}]},{"@type":"ImageObject","inLanguage":"it-IT","@id":"https:\/\/www.globber.com\/it\/product\/go-up-baby-360-light-dark-mint\/#primaryimage","url":"https:\/\/cdn.globber.com\/content\/sites\/14\/2025\/06\/683e7efd7962b.jpg","contentUrl":"https:\/\/cdn.globber.com\/content\/sites\/14\/2025\/06\/683e7efd7962b.jpg","width":2048,"height":2048},{"@type":"BreadcrumbList","@id":"https:\/\/www.globber.com\/it\/product\/go-up-baby-360-light-dark-mint\/#breadcrumb","itemListElement":[{"@type":"ListItem","position":1,"name":"Tutti i prodotti","item":"https:\/\/www.globber.com\/it\/shop-by-product\/"},{"@type":"ListItem","position":2,"name":"GO\u2022UP BABY LIGHTS 360\u00b0"}]},{"@type":"WebSite","@id":"https:\/\/www.globber.com\/it\/#website","url":"https:\/\/www.globber.com\/it\/","name":"Globber Italia","description":"Il mondo su ruote","publisher":{"@id":"https:\/\/www.globber.com\/it\/#organization"},"potentialAction":[{"@type":"SearchAction","target":{"@type":"EntryPoint","urlTemplate":"https:\/\/www.globber.com\/it\/?s={search_term_string}"},"query-input":{"@type":"PropertyValueSpecification","valueRequired":true,"valueName":"search_term_string"}}],"inLanguage":"it-IT"},{"@type":"Organization","@id":"https:\/\/www.globber.com\/it\/#organization","name":"Globber Italia","url":"https:\/\/www.globber.com\/it\/","logo":{"@type":"ImageObject","inLanguage":"it-IT","@id":"https:\/\/www.globber.com\/it\/#\/schema\/logo\/image\/","url":"https:\/\/cdn.globber.com\/content\/2024\/05\/logo.svg","contentUrl":"https:\/\/cdn.globber.com\/content\/2024\/05\/logo.svg","width":601,"height":112,"caption":"Globber Italia"},"image":{"@id":"https:\/\/www.globber.com\/it\/#\/schema\/logo\/image\/"}}]},"og_availability":"instock","product_availability":"instock","product_retailer_item_id":"844-XXX","product_condition":"new"},"_links":{"self":[{"href":"https:\/\/www.globber.com\/it\/wp-json\/wp\/v2\/product\/11663","targetHints":{"allow":["GET"]}}],"collection":[{"href":"https:\/\/www.globber.com\/it\/wp-json\/wp\/v2\/product"}],"about":[{"href":"https:\/\/www.globber.com\/it\/wp-json\/wp\/v2\/types\/product"}],"replies":[{"embeddable":true,"href":"https:\/\/www.globber.com\/it\/wp-json\/wp\/v2\/comments?post=11663"}],"wp:featuredmedia":[{"embeddable":true,"href":"https:\/\/www.globber.com\/it\/wp-json\/wp\/v2\/media\/12390"}],"wp:attachment":[{"href":"https:\/\/www.globber.com\/it\/wp-json\/wp\/v2\/media?parent=11663"}],"wp:term":[{"taxonomy":"product-special-badges","embeddable":true,"href":"https:\/\/www.globber.com\/it\/wp-json\/wp\/v2\/product-special-badges?post=11663"},{"taxonomy":"product_brand","embeddable":true,"href":"https:\/\/www.globber.com\/it\/wp-json\/wp\/v2\/product_brand?post=11663"},{"taxonomy":"product_cat","embeddable":true,"href":"https:\/\/www.globber.com\/it\/wp-json\/wp\/v2\/product_cat?post=11663"},{"taxonomy":"product_tag","embeddable":true,"href":"https:\/\/www.globber.com\/it\/wp-json\/wp\/v2\/product_tag?post=11663"}],"curies":[{"name":"wp","href":"https:\/\/api.w.org\/{rel}","templated":true}]}}