{"id":12459,"date":"2025-06-06T10:17:32","date_gmt":"2025-06-06T08:17:32","guid":{"rendered":"https:\/\/www.globber.com\/it\/?post_type=product&#038;p=12459"},"modified":"2026-03-25T21:53:57","modified_gmt":"2026-03-25T20:53:57","slug":"primo-foldable-plus-lights-2","status":"publish","type":"product","link":"https:\/\/www.globber.com\/it\/product\/primo-foldable-plus-lights-2\/","title":{"rendered":"PRIMO FOLDABLE PLUS LIGHTS"},"content":{"rendered":"<p>Il monopattino Globber pi\u00f9 accessibile \u2014 dal prezzo alle caratteristiche \u2014 PRIMO FOLDABLE PLUS LIGHTS offre il miglior rapporto qualit\u00e0-prezzo per il tuo piccolo scooterista. Monopattino a 3 ruote dotato di ruote LED luminose, sistema di piegatura brevettato, manubrio regolabile su 4 altezze e sistema brevettato di blocco dello sterzo, PRIMO \u00e8 ricco di tutte le funzionalit\u00e0 necessarie per aiutare il tuo bambino a imparare in sicurezza equilibrio e coordinazione, divertendosi e illuminandosi mentre corre! PRIMO FOLDABLE PLUS LIGHTS \u00e8 un monopattino pieghevole a 3 ruote con luci per bambini dai 3 ai 9 anni, caratterizzato da ruote anteriori LED che si illuminano senza bisogno di batterie: pi\u00f9 vai veloce, pi\u00f9 brillano! PRIMO FOLDABLE PLUS LIGHTS \u00e8 realizzato con il 25-28% di plastica certificata Global Recycled Standard (GRS)*. Il GRS \u00e8 il riferimento internazionale per la verifica della presenza di materiali riciclati nei prodotti finiti, garantendo trasparenza nei materiali e promuovendo un\u2019economia circolare. Grazie all\u2019uso di plastica riciclata certificata GRS nelle nostre collezioni a 3 ruote ed ECOLOGIC, dal ottobre 2022 abbiamo gi\u00e0 riutilizzato oltre 118 tonnellate combinate di bottiglie e bicchieri usati, reti da pesca recuperate, vecchi giocattoli e protezioni. Scopri di pi\u00f9. *Nei componenti applicabili; scopri quali componenti qui.<\/p>\n","protected":false},"excerpt":{"rendered":"<p><strong>Monopattino a 3 ruote luminose per bambini (3\/9 anni)<\/strong><\/p>\n","protected":false},"featured_media":11785,"comment_status":"open","ping_status":"closed","template":"","meta":{"_acf_changed":false,"inline_featured_image":false},"product-special-badges":[],"product_brand":[],"product_cat":[1681,1691,1696,1694,399],"product_tag":[],"class_list":{"0":"post-12459","1":"product","2":"type-product","3":"status-publish","4":"has-post-thumbnail","6":"product_cat-serie-primo","7":"product_cat-monopattini-a-3-ruote-per-tutte-le-eta","8":"product_cat-monopattini-pieghevoli","9":"product_cat-monopattini-con-luci","10":"product_cat-monopattini-per-bambini","11":"pa_altezza-manubrio-67-5cm-72-5cm-77-5cm-82-5cm-da-terra","12":"pa_altezza-utente-consigliata-95-130cm","13":"pa_color-acqua","14":"pa_color-blu-petrolio","15":"pa_color-esmerald-green","16":"pa_color-fucsia","17":"pa_color-menta-scura","18":"pa_color-rosa-pastello","19":"pa_dimensioni-del-ponte-l-12-5cm-x-l-54-5cm","20":"pa_dimensioni-delle-ruote-121mm-larghezza-24mm-anteriore","21":"pa_dimensioni-delle-ruote-80mm-larghezza-24mm-posteriore","22":"pa_ean-3946","23":"pa_ean-3947","24":"pa_ean-3948","25":"pa_ean-4062","26":"pa_ean-3944","27":"pa_ean-3945","28":"pa_fascia-deta-3a-9a","29":"pa_freni-freno-posteriore-meccanico-composito","30":"pa_materiale-del-ponte-composito-pp-fibra-struttura-in-metallo","31":"pa_materiale-delle-ruote-realizzato-in-pu-ad-alta-resistenza","32":"pa_peso-del-prodotto-netto-2-54kg","33":"pa_peso-massimo-utente-50kg","34":"pa_pieghevole-si","35":"pa_regolabile-si","36":"pa_tipo-di-prodotto-monopattino-3-ruote","38":"first","39":"instock","40":"taxable","41":"shipping-taxable","42":"purchasable","43":"product-type-variable"},"acf":[],"yoast_head":"<!-- This site is optimized with the Yoast SEO Premium plugin v20.12 (Yoast SEO v23.4) - https:\/\/yoast.com\/wordpress\/plugins\/seo\/ -->\n<title>Scooter with LED Wheels: PRIMO FOLDABLE PLUS LIGHTS \u2013 Globber<\/title>\n<meta name=\"description\" content=\"Impara l&#039;equilibrio e acquisisci sicurezza con un monopattino a 3 ruote che offre corse sicure e momenti divertenti. Scopri il mezzo perfetto per l&#039;uso sia indoor che outdoor!\" \/>\n<meta name=\"robots\" content=\"index, follow, max-snippet:-1, max-image-preview:large, max-video-preview:-1\" \/>\n<link rel=\"canonical\" href=\"https:\/\/www.globber.com\/it\/product\/primo-foldable-plus-lights-2\/\" \/>\n<meta property=\"og:locale\" content=\"it_IT\" \/>\n<meta property=\"og:type\" content=\"article\" \/>\n<meta property=\"og:title\" content=\"Scooter with LED Wheels: PRIMO FOLDABLE PLUS LIGHTS \u2013 Globber\" \/>\n<meta property=\"og:description\" content=\"Impara l&#039;equilibrio e acquisisci sicurezza con un monopattino a 3 ruote che offre corse sicure e momenti divertenti. Scopri il mezzo perfetto per l&#039;uso sia indoor che outdoor!\" \/>\n<meta property=\"og:url\" content=\"https:\/\/www.globber.com\/it\/product\/primo-foldable-plus-lights-2\/\" \/>\n<meta property=\"og:site_name\" content=\"Globber Italia\" \/>\n<meta property=\"article:modified_time\" content=\"2026-03-25T20:53:57+00:00\" \/>\n<meta property=\"og:image\" content=\"https:\/\/cdn.globber.com\/content\/sites\/14\/2025\/06\/683e5fe25e42d.jpg\" \/>\n\t<meta property=\"og:image:width\" content=\"2048\" \/>\n\t<meta property=\"og:image:height\" content=\"2048\" \/>\n\t<meta property=\"og:image:type\" content=\"image\/jpeg\" \/>\n<meta name=\"twitter:card\" content=\"summary_large_image\" \/>\n<meta name=\"twitter:label1\" content=\"Availability\" \/>\n\t<meta name=\"twitter:data1\" content=\"In stock\" \/>\n<script type=\"application\/ld+json\" class=\"yoast-schema-graph\">{\"@context\":\"https:\/\/schema.org\",\"@graph\":[{\"@type\":[\"WebPage\",\"ItemPage\"],\"@id\":\"https:\/\/www.globber.com\/it\/product\/primo-foldable-plus-lights-2\/\",\"url\":\"https:\/\/www.globber.com\/it\/product\/primo-foldable-plus-lights-2\/\",\"name\":\"Scooter with LED Wheels: PRIMO FOLDABLE PLUS LIGHTS \u2013 Globber\",\"isPartOf\":{\"@id\":\"https:\/\/www.globber.com\/it\/#website\"},\"primaryImageOfPage\":{\"@id\":\"https:\/\/www.globber.com\/it\/product\/primo-foldable-plus-lights-2\/#primaryimage\"},\"image\":{\"@id\":\"https:\/\/www.globber.com\/it\/product\/primo-foldable-plus-lights-2\/#primaryimage\"},\"thumbnailUrl\":\"https:\/\/cdn.globber.com\/content\/sites\/14\/2025\/06\/683e5fe25e42d.jpg\",\"datePublished\":\"2025-06-06T08:17:32+00:00\",\"dateModified\":\"2026-03-25T20:53:57+00:00\",\"description\":\"Impara l'equilibrio e acquisisci sicurezza con un monopattino a 3 ruote che offre corse sicure e momenti divertenti. Scopri il mezzo perfetto per l'uso sia indoor che outdoor!\",\"breadcrumb\":{\"@id\":\"https:\/\/www.globber.com\/it\/product\/primo-foldable-plus-lights-2\/#breadcrumb\"},\"inLanguage\":\"it-IT\",\"potentialAction\":[{\"@type\":\"ReadAction\",\"target\":[\"https:\/\/www.globber.com\/it\/product\/primo-foldable-plus-lights-2\/\"]}]},{\"@type\":\"ImageObject\",\"inLanguage\":\"it-IT\",\"@id\":\"https:\/\/www.globber.com\/it\/product\/primo-foldable-plus-lights-2\/#primaryimage\",\"url\":\"https:\/\/cdn.globber.com\/content\/sites\/14\/2025\/06\/683e5fe25e42d.jpg\",\"contentUrl\":\"https:\/\/cdn.globber.com\/content\/sites\/14\/2025\/06\/683e5fe25e42d.jpg\",\"width\":2048,\"height\":2048},{\"@type\":\"BreadcrumbList\",\"@id\":\"https:\/\/www.globber.com\/it\/product\/primo-foldable-plus-lights-2\/#breadcrumb\",\"itemListElement\":[{\"@type\":\"ListItem\",\"position\":1,\"name\":\"Tutti i prodotti\",\"item\":\"https:\/\/www.globber.com\/it\/shop-by-product\/\"},{\"@type\":\"ListItem\",\"position\":2,\"name\":\"PRIMO FOLDABLE PLUS LIGHTS\"}]},{\"@type\":\"WebSite\",\"@id\":\"https:\/\/www.globber.com\/it\/#website\",\"url\":\"https:\/\/www.globber.com\/it\/\",\"name\":\"Globber Italia\",\"description\":\"Il mondo su ruote\",\"publisher\":{\"@id\":\"https:\/\/www.globber.com\/it\/#organization\"},\"potentialAction\":[{\"@type\":\"SearchAction\",\"target\":{\"@type\":\"EntryPoint\",\"urlTemplate\":\"https:\/\/www.globber.com\/it\/?s={search_term_string}\"},\"query-input\":{\"@type\":\"PropertyValueSpecification\",\"valueRequired\":true,\"valueName\":\"search_term_string\"}}],\"inLanguage\":\"it-IT\"},{\"@type\":\"Organization\",\"@id\":\"https:\/\/www.globber.com\/it\/#organization\",\"name\":\"Globber Italia\",\"url\":\"https:\/\/www.globber.com\/it\/\",\"logo\":{\"@type\":\"ImageObject\",\"inLanguage\":\"it-IT\",\"@id\":\"https:\/\/www.globber.com\/it\/#\/schema\/logo\/image\/\",\"url\":\"https:\/\/cdn.globber.com\/content\/2024\/05\/logo.svg\",\"contentUrl\":\"https:\/\/cdn.globber.com\/content\/2024\/05\/logo.svg\",\"width\":601,\"height\":112,\"caption\":\"Globber Italia\"},\"image\":{\"@id\":\"https:\/\/www.globber.com\/it\/#\/schema\/logo\/image\/\"}}]}<\/script>\n<meta property=\"og:availability\" content=\"instock\" \/>\n<meta property=\"product:availability\" content=\"instock\" \/>\n<meta property=\"product:retailer_item_id\" content=\"439-XXX-2\" \/>\n<meta property=\"product:condition\" content=\"new\" \/>\n<!-- \/ Yoast SEO Premium plugin. -->","yoast_head_json":{"title":"Scooter with LED Wheels: PRIMO FOLDABLE PLUS LIGHTS \u2013 Globber","description":"Impara l'equilibrio e acquisisci sicurezza con un monopattino a 3 ruote che offre corse sicure e momenti divertenti. Scopri il mezzo perfetto per l'uso sia indoor che outdoor!","robots":{"index":"index","follow":"follow","max-snippet":"max-snippet:-1","max-image-preview":"max-image-preview:large","max-video-preview":"max-video-preview:-1"},"canonical":"https:\/\/www.globber.com\/it\/product\/primo-foldable-plus-lights-2\/","og_locale":"it_IT","og_type":"article","og_title":"Scooter with LED Wheels: PRIMO FOLDABLE PLUS LIGHTS \u2013 Globber","og_description":"Impara l'equilibrio e acquisisci sicurezza con un monopattino a 3 ruote che offre corse sicure e momenti divertenti. Scopri il mezzo perfetto per l'uso sia indoor che outdoor!","og_url":"https:\/\/www.globber.com\/it\/product\/primo-foldable-plus-lights-2\/","og_site_name":"Globber Italia","article_modified_time":"2026-03-25T20:53:57+00:00","og_image":[{"width":2048,"height":2048,"url":"https:\/\/cdn.globber.com\/content\/sites\/14\/2025\/06\/683e5fe25e42d.jpg","type":"image\/jpeg"}],"twitter_card":"summary_large_image","twitter_misc":{"Availability":"In stock"},"schema":{"@context":"https:\/\/schema.org","@graph":[{"@type":["WebPage","ItemPage"],"@id":"https:\/\/www.globber.com\/it\/product\/primo-foldable-plus-lights-2\/","url":"https:\/\/www.globber.com\/it\/product\/primo-foldable-plus-lights-2\/","name":"Scooter with LED Wheels: PRIMO FOLDABLE PLUS LIGHTS \u2013 Globber","isPartOf":{"@id":"https:\/\/www.globber.com\/it\/#website"},"primaryImageOfPage":{"@id":"https:\/\/www.globber.com\/it\/product\/primo-foldable-plus-lights-2\/#primaryimage"},"image":{"@id":"https:\/\/www.globber.com\/it\/product\/primo-foldable-plus-lights-2\/#primaryimage"},"thumbnailUrl":"https:\/\/cdn.globber.com\/content\/sites\/14\/2025\/06\/683e5fe25e42d.jpg","datePublished":"2025-06-06T08:17:32+00:00","dateModified":"2026-03-25T20:53:57+00:00","description":"Impara l'equilibrio e acquisisci sicurezza con un monopattino a 3 ruote che offre corse sicure e momenti divertenti. Scopri il mezzo perfetto per l'uso sia indoor che outdoor!","breadcrumb":{"@id":"https:\/\/www.globber.com\/it\/product\/primo-foldable-plus-lights-2\/#breadcrumb"},"inLanguage":"it-IT","potentialAction":[{"@type":"ReadAction","target":["https:\/\/www.globber.com\/it\/product\/primo-foldable-plus-lights-2\/"]}]},{"@type":"ImageObject","inLanguage":"it-IT","@id":"https:\/\/www.globber.com\/it\/product\/primo-foldable-plus-lights-2\/#primaryimage","url":"https:\/\/cdn.globber.com\/content\/sites\/14\/2025\/06\/683e5fe25e42d.jpg","contentUrl":"https:\/\/cdn.globber.com\/content\/sites\/14\/2025\/06\/683e5fe25e42d.jpg","width":2048,"height":2048},{"@type":"BreadcrumbList","@id":"https:\/\/www.globber.com\/it\/product\/primo-foldable-plus-lights-2\/#breadcrumb","itemListElement":[{"@type":"ListItem","position":1,"name":"Tutti i prodotti","item":"https:\/\/www.globber.com\/it\/shop-by-product\/"},{"@type":"ListItem","position":2,"name":"PRIMO FOLDABLE PLUS LIGHTS"}]},{"@type":"WebSite","@id":"https:\/\/www.globber.com\/it\/#website","url":"https:\/\/www.globber.com\/it\/","name":"Globber Italia","description":"Il mondo su ruote","publisher":{"@id":"https:\/\/www.globber.com\/it\/#organization"},"potentialAction":[{"@type":"SearchAction","target":{"@type":"EntryPoint","urlTemplate":"https:\/\/www.globber.com\/it\/?s={search_term_string}"},"query-input":{"@type":"PropertyValueSpecification","valueRequired":true,"valueName":"search_term_string"}}],"inLanguage":"it-IT"},{"@type":"Organization","@id":"https:\/\/www.globber.com\/it\/#organization","name":"Globber Italia","url":"https:\/\/www.globber.com\/it\/","logo":{"@type":"ImageObject","inLanguage":"it-IT","@id":"https:\/\/www.globber.com\/it\/#\/schema\/logo\/image\/","url":"https:\/\/cdn.globber.com\/content\/2024\/05\/logo.svg","contentUrl":"https:\/\/cdn.globber.com\/content\/2024\/05\/logo.svg","width":601,"height":112,"caption":"Globber Italia"},"image":{"@id":"https:\/\/www.globber.com\/it\/#\/schema\/logo\/image\/"}}]},"og_availability":"instock","product_availability":"instock","product_retailer_item_id":"439-XXX-2","product_condition":"new"},"_links":{"self":[{"href":"https:\/\/www.globber.com\/it\/wp-json\/wp\/v2\/product\/12459","targetHints":{"allow":["GET"]}}],"collection":[{"href":"https:\/\/www.globber.com\/it\/wp-json\/wp\/v2\/product"}],"about":[{"href":"https:\/\/www.globber.com\/it\/wp-json\/wp\/v2\/types\/product"}],"replies":[{"embeddable":true,"href":"https:\/\/www.globber.com\/it\/wp-json\/wp\/v2\/comments?post=12459"}],"wp:featuredmedia":[{"embeddable":true,"href":"https:\/\/www.globber.com\/it\/wp-json\/wp\/v2\/media\/11785"}],"wp:attachment":[{"href":"https:\/\/www.globber.com\/it\/wp-json\/wp\/v2\/media?parent=12459"}],"wp:term":[{"taxonomy":"product-special-badges","embeddable":true,"href":"https:\/\/www.globber.com\/it\/wp-json\/wp\/v2\/product-special-badges?post=12459"},{"taxonomy":"product_brand","embeddable":true,"href":"https:\/\/www.globber.com\/it\/wp-json\/wp\/v2\/product_brand?post=12459"},{"taxonomy":"product_cat","embeddable":true,"href":"https:\/\/www.globber.com\/it\/wp-json\/wp\/v2\/product_cat?post=12459"},{"taxonomy":"product_tag","embeddable":true,"href":"https:\/\/www.globber.com\/it\/wp-json\/wp\/v2\/product_tag?post=12459"}],"curies":[{"name":"wp","href":"https:\/\/api.w.org\/{rel}","templated":true}]}}