{"id":12476,"date":"2025-06-09T19:44:24","date_gmt":"2025-06-09T17:44:24","guid":{"rendered":"https:\/\/www.globber.com\/it\/?post_type=product&#038;p=12476"},"modified":"2026-03-10T11:05:55","modified_gmt":"2026-03-10T10:05:55","slug":"primo-fantasy-helmets-xs-s-48-53cm","status":"publish","type":"product","link":"https:\/\/www.globber.com\/it\/product\/primo-fantasy-helmets-xs-s-48-53cm\/","title":{"rendered":"CASCO PRIMO FANTASY XS\/S (48-53cm)"},"content":{"rendered":"<ul>\n<li>La calotta del casco, realizzata in resistente ABS, \u00e8 abbinata a un rivestimento interno in schiuma EPS ad assorbimento d\u2019urto, imbottiture sigillate da 7 mm e un morbido rivestimento per il mento, per garantire protezione e comfort eccellenti.<\/li>\n<li>I caschi scooter per bambini, disponibili nelle taglie XS-S (48-53 cm*), sono dotati di visiera e cinturini magnetici e si trovano in diversi modelli: casco da corsa blu, casco da corsa rosso, casco con tema lama blu e casco 8-ball.<\/li>\n<li>La visiera \u00e8 rimovibile. Il casco sicuro per scooter \u00e8 equipaggiato con 6 luci LED posteriori alimentate a batteria, che lampeggiano in 3 modalit\u00e0 diverse (fisso \/ lampeggio \/ lampeggio rapido), per garantire massima visibilit\u00e0 e sicurezza extra.<\/li>\n<li>La misura del casco \u00e8 facilmente regolabile grazie alla manopola posteriore.<\/li>\n<\/ul>\n<p>*Assicurati di seguire le nostre istruzioni su come adattare correttamente il casco al tuo bambino.<\/p>\n","protected":false},"excerpt":{"rendered":"<p>Caschetti per bambini da monopattino<\/p>\n","protected":false},"featured_media":11875,"comment_status":"closed","ping_status":"closed","template":"","meta":{"_acf_changed":false,"inline_featured_image":false},"product-special-badges":[],"product_brand":[],"product_cat":[593],"product_tag":[],"class_list":{"0":"post-12476","1":"product","2":"type-product","3":"status-publish","4":"has-post-thumbnail","6":"product_cat-abbigliamento-protettivo","7":"pa_categorie-di-prodotto-dispositivi-di-protezione-caschi-ginocchiere-e-gomitiere","8":"pa_color-corsa-blu","9":"pa_color-corsa-rosso","10":"pa_color-rosa-intenso-fiori","11":"pa_color-verde-lime-fiori","12":"pa_ean-3469","13":"pa_ean-3470","14":"pa_ean-3473","15":"pa_ean-3472","17":"first","18":"instock","19":"taxable","20":"shipping-taxable","21":"purchasable","22":"product-type-variable"},"acf":[],"yoast_head":"<!-- This site is optimized with the Yoast SEO Premium plugin v20.12 (Yoast SEO v23.4) - https:\/\/yoast.com\/wordpress\/plugins\/seo\/ -->\n<title>CASCO PRIMO FANTASY XS\/S (48-53cm) - Globber Italia<\/title>\n<meta name=\"description\" content=\"La calotta del casco in ABS resistente \u00e8 dotata di fodera in schiuma EPS antiurto, imbottiture in schiuma sigillate da 7 mm e mentoniera, per un&#039;eccellente protezione e comfort.I fantastici caschi da monopattino per bambini con visiera e cinturini magnetici (XS-S; 48-53 cm*) sono disponibili in diversi stili: casco da corsa blu; casco da corsa rosso; casco da lama blu; casco da 8-ball. La visiera \u00e8 rimovibile.Il casco da monopattino per bambini Safe \u00e8 dotato di 6 luci LED posteriori a batteria, che lampeggiano in 3 diverse modalit\u00e0 (acceso \/ lampeggiante \/ lampeggiante veloce) per la massima visibilit\u00e0 e maggiore sicurezza. La taglia del casco \u00e8 facilmente regolabile tramite la manopola posteriore.*Assicurati di seguire le nostre istruzioni su come adattare il casco al tuo bambino.\" \/>\n<meta name=\"robots\" content=\"index, follow, max-snippet:-1, max-image-preview:large, max-video-preview:-1\" \/>\n<link rel=\"canonical\" href=\"https:\/\/www.globber.com\/it\/product\/primo-fantasy-helmets-xs-s-48-53cm\/\" \/>\n<meta property=\"og:locale\" content=\"it_IT\" \/>\n<meta property=\"og:type\" content=\"article\" \/>\n<meta property=\"og:title\" content=\"CASCO PRIMO FANTASY XS\/S (48-53cm) - Globber Italia\" \/>\n<meta property=\"og:description\" content=\"La calotta del casco in ABS resistente \u00e8 dotata di fodera in schiuma EPS antiurto, imbottiture in schiuma sigillate da 7 mm e mentoniera, per un&#039;eccellente protezione e comfort.I fantastici caschi da monopattino per bambini con visiera e cinturini magnetici (XS-S; 48-53 cm*) sono disponibili in diversi stili: casco da corsa blu; casco da corsa rosso; casco da lama blu; casco da 8-ball. La visiera \u00e8 rimovibile.Il casco da monopattino per bambini Safe \u00e8 dotato di 6 luci LED posteriori a batteria, che lampeggiano in 3 diverse modalit\u00e0 (acceso \/ lampeggiante \/ lampeggiante veloce) per la massima visibilit\u00e0 e maggiore sicurezza. La taglia del casco \u00e8 facilmente regolabile tramite la manopola posteriore.*Assicurati di seguire le nostre istruzioni su come adattare il casco al tuo bambino.\" \/>\n<meta property=\"og:url\" content=\"https:\/\/www.globber.com\/it\/product\/primo-fantasy-helmets-xs-s-48-53cm\/\" \/>\n<meta property=\"og:site_name\" content=\"Globber Italia\" \/>\n<meta property=\"article:modified_time\" content=\"2026-03-10T10:05:55+00:00\" \/>\n<meta property=\"og:image\" content=\"https:\/\/cdn.globber.com\/content\/sites\/14\/2025\/06\/683e651548aac.jpg\" \/>\n\t<meta property=\"og:image:width\" content=\"1920\" \/>\n\t<meta property=\"og:image:height\" content=\"1920\" \/>\n\t<meta property=\"og:image:type\" content=\"image\/jpeg\" \/>\n<meta name=\"twitter:card\" content=\"summary_large_image\" \/>\n<meta name=\"twitter:label1\" content=\"Availability\" \/>\n\t<meta name=\"twitter:data1\" content=\"In stock\" \/>\n<script type=\"application\/ld+json\" class=\"yoast-schema-graph\">{\"@context\":\"https:\/\/schema.org\",\"@graph\":[{\"@type\":[\"WebPage\",\"ItemPage\"],\"@id\":\"https:\/\/www.globber.com\/it\/product\/primo-fantasy-helmets-xs-s-48-53cm\/\",\"url\":\"https:\/\/www.globber.com\/it\/product\/primo-fantasy-helmets-xs-s-48-53cm\/\",\"name\":\"CASCO PRIMO FANTASY XS\/S (48-53cm) - Globber Italia\",\"isPartOf\":{\"@id\":\"https:\/\/www.globber.com\/it\/#website\"},\"primaryImageOfPage\":{\"@id\":\"https:\/\/www.globber.com\/it\/product\/primo-fantasy-helmets-xs-s-48-53cm\/#primaryimage\"},\"image\":{\"@id\":\"https:\/\/www.globber.com\/it\/product\/primo-fantasy-helmets-xs-s-48-53cm\/#primaryimage\"},\"thumbnailUrl\":\"https:\/\/cdn.globber.com\/content\/sites\/14\/2025\/06\/683e651548aac.jpg\",\"datePublished\":\"2025-06-09T17:44:24+00:00\",\"dateModified\":\"2026-03-10T10:05:55+00:00\",\"description\":\"La calotta del casco in ABS resistente \u00e8 dotata di fodera in schiuma EPS antiurto, imbottiture in schiuma sigillate da 7 mm e mentoniera, per un'eccellente protezione e comfort.I fantastici caschi da monopattino per bambini con visiera e cinturini magnetici (XS-S; 48-53 cm*) sono disponibili in diversi stili: casco da corsa blu; casco da corsa rosso; casco da lama blu; casco da 8-ball. La visiera \u00e8 rimovibile.Il casco da monopattino per bambini Safe \u00e8 dotato di 6 luci LED posteriori a batteria, che lampeggiano in 3 diverse modalit\u00e0 (acceso \/ lampeggiante \/ lampeggiante veloce) per la massima visibilit\u00e0 e maggiore sicurezza. La taglia del casco \u00e8 facilmente regolabile tramite la manopola posteriore.*Assicurati di seguire le nostre istruzioni su come adattare il casco al tuo bambino.\",\"breadcrumb\":{\"@id\":\"https:\/\/www.globber.com\/it\/product\/primo-fantasy-helmets-xs-s-48-53cm\/#breadcrumb\"},\"inLanguage\":\"it-IT\",\"potentialAction\":[{\"@type\":\"ReadAction\",\"target\":[\"https:\/\/www.globber.com\/it\/product\/primo-fantasy-helmets-xs-s-48-53cm\/\"]}]},{\"@type\":\"ImageObject\",\"inLanguage\":\"it-IT\",\"@id\":\"https:\/\/www.globber.com\/it\/product\/primo-fantasy-helmets-xs-s-48-53cm\/#primaryimage\",\"url\":\"https:\/\/cdn.globber.com\/content\/sites\/14\/2025\/06\/683e651548aac.jpg\",\"contentUrl\":\"https:\/\/cdn.globber.com\/content\/sites\/14\/2025\/06\/683e651548aac.jpg\",\"width\":1920,\"height\":1920},{\"@type\":\"BreadcrumbList\",\"@id\":\"https:\/\/www.globber.com\/it\/product\/primo-fantasy-helmets-xs-s-48-53cm\/#breadcrumb\",\"itemListElement\":[{\"@type\":\"ListItem\",\"position\":1,\"name\":\"Tutti i prodotti\",\"item\":\"https:\/\/www.globber.com\/it\/shop-by-product\/\"},{\"@type\":\"ListItem\",\"position\":2,\"name\":\"CASCO PRIMO FANTASY XS\/S (48-53cm)\"}]},{\"@type\":\"WebSite\",\"@id\":\"https:\/\/www.globber.com\/it\/#website\",\"url\":\"https:\/\/www.globber.com\/it\/\",\"name\":\"Globber Italia\",\"description\":\"Il mondo su ruote\",\"publisher\":{\"@id\":\"https:\/\/www.globber.com\/it\/#organization\"},\"potentialAction\":[{\"@type\":\"SearchAction\",\"target\":{\"@type\":\"EntryPoint\",\"urlTemplate\":\"https:\/\/www.globber.com\/it\/?s={search_term_string}\"},\"query-input\":{\"@type\":\"PropertyValueSpecification\",\"valueRequired\":true,\"valueName\":\"search_term_string\"}}],\"inLanguage\":\"it-IT\"},{\"@type\":\"Organization\",\"@id\":\"https:\/\/www.globber.com\/it\/#organization\",\"name\":\"Globber Italia\",\"url\":\"https:\/\/www.globber.com\/it\/\",\"logo\":{\"@type\":\"ImageObject\",\"inLanguage\":\"it-IT\",\"@id\":\"https:\/\/www.globber.com\/it\/#\/schema\/logo\/image\/\",\"url\":\"https:\/\/cdn.globber.com\/content\/2024\/05\/logo.svg\",\"contentUrl\":\"https:\/\/cdn.globber.com\/content\/2024\/05\/logo.svg\",\"width\":601,\"height\":112,\"caption\":\"Globber Italia\"},\"image\":{\"@id\":\"https:\/\/www.globber.com\/it\/#\/schema\/logo\/image\/\"}}]}<\/script>\n<meta property=\"og:availability\" content=\"instock\" \/>\n<meta property=\"product:availability\" content=\"instock\" \/>\n<meta property=\"product:retailer_item_id\" content=\"507-xxx\" \/>\n<meta property=\"product:condition\" content=\"new\" \/>\n<!-- \/ Yoast SEO Premium plugin. -->","yoast_head_json":{"title":"CASCO PRIMO FANTASY XS\/S (48-53cm) - Globber Italia","description":"La calotta del casco in ABS resistente \u00e8 dotata di fodera in schiuma EPS antiurto, imbottiture in schiuma sigillate da 7 mm e mentoniera, per un'eccellente protezione e comfort.I fantastici caschi da monopattino per bambini con visiera e cinturini magnetici (XS-S; 48-53 cm*) sono disponibili in diversi stili: casco da corsa blu; casco da corsa rosso; casco da lama blu; casco da 8-ball. La visiera \u00e8 rimovibile.Il casco da monopattino per bambini Safe \u00e8 dotato di 6 luci LED posteriori a batteria, che lampeggiano in 3 diverse modalit\u00e0 (acceso \/ lampeggiante \/ lampeggiante veloce) per la massima visibilit\u00e0 e maggiore sicurezza. La taglia del casco \u00e8 facilmente regolabile tramite la manopola posteriore.*Assicurati di seguire le nostre istruzioni su come adattare il casco al tuo bambino.","robots":{"index":"index","follow":"follow","max-snippet":"max-snippet:-1","max-image-preview":"max-image-preview:large","max-video-preview":"max-video-preview:-1"},"canonical":"https:\/\/www.globber.com\/it\/product\/primo-fantasy-helmets-xs-s-48-53cm\/","og_locale":"it_IT","og_type":"article","og_title":"CASCO PRIMO FANTASY XS\/S (48-53cm) - Globber Italia","og_description":"La calotta del casco in ABS resistente \u00e8 dotata di fodera in schiuma EPS antiurto, imbottiture in schiuma sigillate da 7 mm e mentoniera, per un'eccellente protezione e comfort.I fantastici caschi da monopattino per bambini con visiera e cinturini magnetici (XS-S; 48-53 cm*) sono disponibili in diversi stili: casco da corsa blu; casco da corsa rosso; casco da lama blu; casco da 8-ball. La visiera \u00e8 rimovibile.Il casco da monopattino per bambini Safe \u00e8 dotato di 6 luci LED posteriori a batteria, che lampeggiano in 3 diverse modalit\u00e0 (acceso \/ lampeggiante \/ lampeggiante veloce) per la massima visibilit\u00e0 e maggiore sicurezza. La taglia del casco \u00e8 facilmente regolabile tramite la manopola posteriore.*Assicurati di seguire le nostre istruzioni su come adattare il casco al tuo bambino.","og_url":"https:\/\/www.globber.com\/it\/product\/primo-fantasy-helmets-xs-s-48-53cm\/","og_site_name":"Globber Italia","article_modified_time":"2026-03-10T10:05:55+00:00","og_image":[{"width":1920,"height":1920,"url":"https:\/\/cdn.globber.com\/content\/sites\/14\/2025\/06\/683e651548aac.jpg","type":"image\/jpeg"}],"twitter_card":"summary_large_image","twitter_misc":{"Availability":"In stock"},"schema":{"@context":"https:\/\/schema.org","@graph":[{"@type":["WebPage","ItemPage"],"@id":"https:\/\/www.globber.com\/it\/product\/primo-fantasy-helmets-xs-s-48-53cm\/","url":"https:\/\/www.globber.com\/it\/product\/primo-fantasy-helmets-xs-s-48-53cm\/","name":"CASCO PRIMO FANTASY XS\/S (48-53cm) - Globber Italia","isPartOf":{"@id":"https:\/\/www.globber.com\/it\/#website"},"primaryImageOfPage":{"@id":"https:\/\/www.globber.com\/it\/product\/primo-fantasy-helmets-xs-s-48-53cm\/#primaryimage"},"image":{"@id":"https:\/\/www.globber.com\/it\/product\/primo-fantasy-helmets-xs-s-48-53cm\/#primaryimage"},"thumbnailUrl":"https:\/\/cdn.globber.com\/content\/sites\/14\/2025\/06\/683e651548aac.jpg","datePublished":"2025-06-09T17:44:24+00:00","dateModified":"2026-03-10T10:05:55+00:00","description":"La calotta del casco in ABS resistente \u00e8 dotata di fodera in schiuma EPS antiurto, imbottiture in schiuma sigillate da 7 mm e mentoniera, per un'eccellente protezione e comfort.I fantastici caschi da monopattino per bambini con visiera e cinturini magnetici (XS-S; 48-53 cm*) sono disponibili in diversi stili: casco da corsa blu; casco da corsa rosso; casco da lama blu; casco da 8-ball. La visiera \u00e8 rimovibile.Il casco da monopattino per bambini Safe \u00e8 dotato di 6 luci LED posteriori a batteria, che lampeggiano in 3 diverse modalit\u00e0 (acceso \/ lampeggiante \/ lampeggiante veloce) per la massima visibilit\u00e0 e maggiore sicurezza. La taglia del casco \u00e8 facilmente regolabile tramite la manopola posteriore.*Assicurati di seguire le nostre istruzioni su come adattare il casco al tuo bambino.","breadcrumb":{"@id":"https:\/\/www.globber.com\/it\/product\/primo-fantasy-helmets-xs-s-48-53cm\/#breadcrumb"},"inLanguage":"it-IT","potentialAction":[{"@type":"ReadAction","target":["https:\/\/www.globber.com\/it\/product\/primo-fantasy-helmets-xs-s-48-53cm\/"]}]},{"@type":"ImageObject","inLanguage":"it-IT","@id":"https:\/\/www.globber.com\/it\/product\/primo-fantasy-helmets-xs-s-48-53cm\/#primaryimage","url":"https:\/\/cdn.globber.com\/content\/sites\/14\/2025\/06\/683e651548aac.jpg","contentUrl":"https:\/\/cdn.globber.com\/content\/sites\/14\/2025\/06\/683e651548aac.jpg","width":1920,"height":1920},{"@type":"BreadcrumbList","@id":"https:\/\/www.globber.com\/it\/product\/primo-fantasy-helmets-xs-s-48-53cm\/#breadcrumb","itemListElement":[{"@type":"ListItem","position":1,"name":"Tutti i prodotti","item":"https:\/\/www.globber.com\/it\/shop-by-product\/"},{"@type":"ListItem","position":2,"name":"CASCO PRIMO FANTASY XS\/S (48-53cm)"}]},{"@type":"WebSite","@id":"https:\/\/www.globber.com\/it\/#website","url":"https:\/\/www.globber.com\/it\/","name":"Globber Italia","description":"Il mondo su ruote","publisher":{"@id":"https:\/\/www.globber.com\/it\/#organization"},"potentialAction":[{"@type":"SearchAction","target":{"@type":"EntryPoint","urlTemplate":"https:\/\/www.globber.com\/it\/?s={search_term_string}"},"query-input":{"@type":"PropertyValueSpecification","valueRequired":true,"valueName":"search_term_string"}}],"inLanguage":"it-IT"},{"@type":"Organization","@id":"https:\/\/www.globber.com\/it\/#organization","name":"Globber Italia","url":"https:\/\/www.globber.com\/it\/","logo":{"@type":"ImageObject","inLanguage":"it-IT","@id":"https:\/\/www.globber.com\/it\/#\/schema\/logo\/image\/","url":"https:\/\/cdn.globber.com\/content\/2024\/05\/logo.svg","contentUrl":"https:\/\/cdn.globber.com\/content\/2024\/05\/logo.svg","width":601,"height":112,"caption":"Globber Italia"},"image":{"@id":"https:\/\/www.globber.com\/it\/#\/schema\/logo\/image\/"}}]},"og_availability":"instock","product_availability":"instock","product_retailer_item_id":"507-xxx","product_condition":"new"},"_links":{"self":[{"href":"https:\/\/www.globber.com\/it\/wp-json\/wp\/v2\/product\/12476","targetHints":{"allow":["GET"]}}],"collection":[{"href":"https:\/\/www.globber.com\/it\/wp-json\/wp\/v2\/product"}],"about":[{"href":"https:\/\/www.globber.com\/it\/wp-json\/wp\/v2\/types\/product"}],"replies":[{"embeddable":true,"href":"https:\/\/www.globber.com\/it\/wp-json\/wp\/v2\/comments?post=12476"}],"wp:featuredmedia":[{"embeddable":true,"href":"https:\/\/www.globber.com\/it\/wp-json\/wp\/v2\/media\/11875"}],"wp:attachment":[{"href":"https:\/\/www.globber.com\/it\/wp-json\/wp\/v2\/media?parent=12476"}],"wp:term":[{"taxonomy":"product-special-badges","embeddable":true,"href":"https:\/\/www.globber.com\/it\/wp-json\/wp\/v2\/product-special-badges?post=12476"},{"taxonomy":"product_brand","embeddable":true,"href":"https:\/\/www.globber.com\/it\/wp-json\/wp\/v2\/product_brand?post=12476"},{"taxonomy":"product_cat","embeddable":true,"href":"https:\/\/www.globber.com\/it\/wp-json\/wp\/v2\/product_cat?post=12476"},{"taxonomy":"product_tag","embeddable":true,"href":"https:\/\/www.globber.com\/it\/wp-json\/wp\/v2\/product_tag?post=12476"}],"curies":[{"name":"wp","href":"https:\/\/api.w.org\/{rel}","templated":true}]}}