{"id":12512,"date":"2025-06-09T20:04:20","date_gmt":"2025-06-09T18:04:20","guid":{"rendered":"https:\/\/www.globber.com\/it\/?post_type=product&#038;p=12512"},"modified":"2026-04-29T09:00:55","modified_gmt":"2026-04-29T07:00:55","slug":"flow-element-junior-lights","status":"publish","type":"product","link":"https:\/\/www.globber.com\/it\/product\/flow-element-junior-lights\/","title":{"rendered":"FLOW ELEMENT FOLDABLE JUNIOR LIGHTS"},"content":{"rendered":"<p>FLOW, con grinta! Sfreccia con sicurezza e mostra il tuo stile su uno scooter a due ruote pensato per i piccoli avventurieri a partire dai 3 anni (e oltre!). FLOW ELEMENT JUNIOR LIGHTS \u00e8 uno scooter in metallo elegante e stiloso, perfetto per i bambini che hanno gi\u00e0 conquistato lo scooter a tre ruote e sono pronti a mettersi alla prova con la sfida delle due ruote. D\u00ec addio alla ruota in pi\u00f9 e inizia a sfrecciare come un vero campioncino! Dotato di sistema di piegatura integrato, robusto piano in metallo, freno posteriore resistente e freno a mano, manubrio regolabile a T e ruote LED senza batteria, FLOW ELEMENT JUNIOR LIGHTS garantisce uscite sicure, confortevoli e super luminose per i nostri giovani scoot-avventurieri!<\/p>\n","protected":false},"excerpt":{"rendered":"<p><strong>Monopattino pieghevole a 2 ruote per bambini (3 anni+)<\/strong><\/p>\n","protected":false},"featured_media":12181,"comment_status":"closed","ping_status":"closed","template":"","meta":{"_acf_changed":false,"inline_featured_image":false},"product-special-badges":[4167],"product_brand":[],"product_cat":[1692,1686],"product_tag":[],"class_list":{"0":"post-12512","1":"product","2":"type-product","3":"status-publish","4":"has-post-thumbnail","6":"product_cat-monopattini-a-2-ruote-per-tutte-le-eta","7":"product_cat-serie-flow","8":"pa_altezza-utente-consigliata-95-130cm","9":"pa_color-menta","10":"pa_color-nero-rosa","11":"pa_color-nero-rosso","12":"pa_dimensioni-del-ponte-l-10-5cm-x-l-48cm","13":"pa_ean-3986","14":"pa_ean-3988","15":"pa_ean-3987","16":"pa_fascia-deta-3a","17":"pa_freni-freno-posteriore-meccanico-composito","18":"pa_materiale-del-ponte-composito-pp-fibra-telaio-in-alluminio-nastro-sandgrip","19":"pa_materiale-delle-ruote-realizzato-in-pu-ad-alta-resistenza","20":"pa_peso-del-prodotto-netto-2-95kg","21":"pa_peso-massimo-utente-50kg","22":"pa_pieghevole-si","23":"pa_regolabile-si","25":"first","26":"instock","27":"taxable","28":"shipping-taxable","29":"purchasable","30":"product-type-variable"},"acf":[],"yoast_head":"<!-- This site is optimized with the Yoast SEO Premium plugin v20.12 (Yoast SEO v23.4) - https:\/\/yoast.com\/wordpress\/plugins\/seo\/ -->\n<title>FLOW ELEMENT FOLDABLE JUNIOR LIGHTS - Globber Italia<\/title>\n<meta name=\"description\" content=\"Monopattino in metallo elegante e raffinato, perfetto per i bambini che hanno gi\u00e0 conquistato le loro avventure su tre ruote e sono pronti per la sfida delle due ruote. Togli quella ruota in pi\u00f9 e inizia a sfrecciare come un piccolo campione!\" \/>\n<meta name=\"robots\" content=\"index, follow, max-snippet:-1, max-image-preview:large, max-video-preview:-1\" \/>\n<link rel=\"canonical\" href=\"https:\/\/www.globber.com\/it\/product\/flow-element-junior-lights\/\" \/>\n<meta property=\"og:locale\" content=\"it_IT\" \/>\n<meta property=\"og:type\" content=\"article\" \/>\n<meta property=\"og:title\" content=\"FLOW ELEMENT FOLDABLE JUNIOR LIGHTS - Globber Italia\" \/>\n<meta property=\"og:description\" content=\"Monopattino in metallo elegante e raffinato, perfetto per i bambini che hanno gi\u00e0 conquistato le loro avventure su tre ruote e sono pronti per la sfida delle due ruote. Togli quella ruota in pi\u00f9 e inizia a sfrecciare come un piccolo campione!\" \/>\n<meta property=\"og:url\" content=\"https:\/\/www.globber.com\/it\/product\/flow-element-junior-lights\/\" \/>\n<meta property=\"og:site_name\" content=\"Globber Italia\" \/>\n<meta property=\"article:modified_time\" content=\"2026-04-29T07:00:55+00:00\" \/>\n<meta property=\"og:image\" content=\"https:\/\/cdn.globber.com\/content\/sites\/14\/2025\/06\/683e77a99eaa5.jpg\" \/>\n\t<meta property=\"og:image:width\" content=\"2048\" \/>\n\t<meta property=\"og:image:height\" content=\"2048\" \/>\n\t<meta property=\"og:image:type\" content=\"image\/jpeg\" \/>\n<meta name=\"twitter:card\" content=\"summary_large_image\" \/>\n<meta name=\"twitter:label1\" content=\"Availability\" \/>\n\t<meta name=\"twitter:data1\" content=\"In stock\" \/>\n<script type=\"application\/ld+json\" class=\"yoast-schema-graph\">{\"@context\":\"https:\/\/schema.org\",\"@graph\":[{\"@type\":[\"WebPage\",\"ItemPage\"],\"@id\":\"https:\/\/www.globber.com\/it\/product\/flow-element-junior-lights\/\",\"url\":\"https:\/\/www.globber.com\/it\/product\/flow-element-junior-lights\/\",\"name\":\"FLOW ELEMENT FOLDABLE JUNIOR LIGHTS - Globber Italia\",\"isPartOf\":{\"@id\":\"https:\/\/www.globber.com\/it\/#website\"},\"primaryImageOfPage\":{\"@id\":\"https:\/\/www.globber.com\/it\/product\/flow-element-junior-lights\/#primaryimage\"},\"image\":{\"@id\":\"https:\/\/www.globber.com\/it\/product\/flow-element-junior-lights\/#primaryimage\"},\"thumbnailUrl\":\"https:\/\/cdn.globber.com\/content\/sites\/14\/2025\/06\/683e77a99eaa5.jpg\",\"datePublished\":\"2025-06-09T18:04:20+00:00\",\"dateModified\":\"2026-04-29T07:00:55+00:00\",\"description\":\"Monopattino in metallo elegante e raffinato, perfetto per i bambini che hanno gi\u00e0 conquistato le loro avventure su tre ruote e sono pronti per la sfida delle due ruote. Togli quella ruota in pi\u00f9 e inizia a sfrecciare come un piccolo campione!\",\"breadcrumb\":{\"@id\":\"https:\/\/www.globber.com\/it\/product\/flow-element-junior-lights\/#breadcrumb\"},\"inLanguage\":\"it-IT\",\"potentialAction\":[{\"@type\":\"ReadAction\",\"target\":[\"https:\/\/www.globber.com\/it\/product\/flow-element-junior-lights\/\"]}]},{\"@type\":\"ImageObject\",\"inLanguage\":\"it-IT\",\"@id\":\"https:\/\/www.globber.com\/it\/product\/flow-element-junior-lights\/#primaryimage\",\"url\":\"https:\/\/cdn.globber.com\/content\/sites\/14\/2025\/06\/683e77a99eaa5.jpg\",\"contentUrl\":\"https:\/\/cdn.globber.com\/content\/sites\/14\/2025\/06\/683e77a99eaa5.jpg\",\"width\":2048,\"height\":2048},{\"@type\":\"BreadcrumbList\",\"@id\":\"https:\/\/www.globber.com\/it\/product\/flow-element-junior-lights\/#breadcrumb\",\"itemListElement\":[{\"@type\":\"ListItem\",\"position\":1,\"name\":\"Tutti i prodotti\",\"item\":\"https:\/\/www.globber.com\/it\/shop-by-product\/\"},{\"@type\":\"ListItem\",\"position\":2,\"name\":\"FLOW ELEMENT FOLDABLE JUNIOR LIGHTS\"}]},{\"@type\":\"WebSite\",\"@id\":\"https:\/\/www.globber.com\/it\/#website\",\"url\":\"https:\/\/www.globber.com\/it\/\",\"name\":\"Globber Italia\",\"description\":\"Il mondo su ruote\",\"publisher\":{\"@id\":\"https:\/\/www.globber.com\/it\/#organization\"},\"potentialAction\":[{\"@type\":\"SearchAction\",\"target\":{\"@type\":\"EntryPoint\",\"urlTemplate\":\"https:\/\/www.globber.com\/it\/?s={search_term_string}\"},\"query-input\":{\"@type\":\"PropertyValueSpecification\",\"valueRequired\":true,\"valueName\":\"search_term_string\"}}],\"inLanguage\":\"it-IT\"},{\"@type\":\"Organization\",\"@id\":\"https:\/\/www.globber.com\/it\/#organization\",\"name\":\"Globber Italia\",\"url\":\"https:\/\/www.globber.com\/it\/\",\"logo\":{\"@type\":\"ImageObject\",\"inLanguage\":\"it-IT\",\"@id\":\"https:\/\/www.globber.com\/it\/#\/schema\/logo\/image\/\",\"url\":\"https:\/\/cdn.globber.com\/content\/2024\/05\/logo.svg\",\"contentUrl\":\"https:\/\/cdn.globber.com\/content\/2024\/05\/logo.svg\",\"width\":601,\"height\":112,\"caption\":\"Globber Italia\"},\"image\":{\"@id\":\"https:\/\/www.globber.com\/it\/#\/schema\/logo\/image\/\"}}]}<\/script>\n<meta property=\"og:availability\" content=\"instock\" \/>\n<meta property=\"product:availability\" content=\"instock\" \/>\n<meta property=\"product:retailer_item_id\" content=\"729-XXX\" \/>\n<meta property=\"product:condition\" content=\"new\" \/>\n<!-- \/ Yoast SEO Premium plugin. -->","yoast_head_json":{"title":"FLOW ELEMENT FOLDABLE JUNIOR LIGHTS - Globber Italia","description":"Monopattino in metallo elegante e raffinato, perfetto per i bambini che hanno gi\u00e0 conquistato le loro avventure su tre ruote e sono pronti per la sfida delle due ruote. Togli quella ruota in pi\u00f9 e inizia a sfrecciare come un piccolo campione!","robots":{"index":"index","follow":"follow","max-snippet":"max-snippet:-1","max-image-preview":"max-image-preview:large","max-video-preview":"max-video-preview:-1"},"canonical":"https:\/\/www.globber.com\/it\/product\/flow-element-junior-lights\/","og_locale":"it_IT","og_type":"article","og_title":"FLOW ELEMENT FOLDABLE JUNIOR LIGHTS - Globber Italia","og_description":"Monopattino in metallo elegante e raffinato, perfetto per i bambini che hanno gi\u00e0 conquistato le loro avventure su tre ruote e sono pronti per la sfida delle due ruote. Togli quella ruota in pi\u00f9 e inizia a sfrecciare come un piccolo campione!","og_url":"https:\/\/www.globber.com\/it\/product\/flow-element-junior-lights\/","og_site_name":"Globber Italia","article_modified_time":"2026-04-29T07:00:55+00:00","og_image":[{"width":2048,"height":2048,"url":"https:\/\/cdn.globber.com\/content\/sites\/14\/2025\/06\/683e77a99eaa5.jpg","type":"image\/jpeg"}],"twitter_card":"summary_large_image","twitter_misc":{"Availability":"In stock"},"schema":{"@context":"https:\/\/schema.org","@graph":[{"@type":["WebPage","ItemPage"],"@id":"https:\/\/www.globber.com\/it\/product\/flow-element-junior-lights\/","url":"https:\/\/www.globber.com\/it\/product\/flow-element-junior-lights\/","name":"FLOW ELEMENT FOLDABLE JUNIOR LIGHTS - Globber Italia","isPartOf":{"@id":"https:\/\/www.globber.com\/it\/#website"},"primaryImageOfPage":{"@id":"https:\/\/www.globber.com\/it\/product\/flow-element-junior-lights\/#primaryimage"},"image":{"@id":"https:\/\/www.globber.com\/it\/product\/flow-element-junior-lights\/#primaryimage"},"thumbnailUrl":"https:\/\/cdn.globber.com\/content\/sites\/14\/2025\/06\/683e77a99eaa5.jpg","datePublished":"2025-06-09T18:04:20+00:00","dateModified":"2026-04-29T07:00:55+00:00","description":"Monopattino in metallo elegante e raffinato, perfetto per i bambini che hanno gi\u00e0 conquistato le loro avventure su tre ruote e sono pronti per la sfida delle due ruote. Togli quella ruota in pi\u00f9 e inizia a sfrecciare come un piccolo campione!","breadcrumb":{"@id":"https:\/\/www.globber.com\/it\/product\/flow-element-junior-lights\/#breadcrumb"},"inLanguage":"it-IT","potentialAction":[{"@type":"ReadAction","target":["https:\/\/www.globber.com\/it\/product\/flow-element-junior-lights\/"]}]},{"@type":"ImageObject","inLanguage":"it-IT","@id":"https:\/\/www.globber.com\/it\/product\/flow-element-junior-lights\/#primaryimage","url":"https:\/\/cdn.globber.com\/content\/sites\/14\/2025\/06\/683e77a99eaa5.jpg","contentUrl":"https:\/\/cdn.globber.com\/content\/sites\/14\/2025\/06\/683e77a99eaa5.jpg","width":2048,"height":2048},{"@type":"BreadcrumbList","@id":"https:\/\/www.globber.com\/it\/product\/flow-element-junior-lights\/#breadcrumb","itemListElement":[{"@type":"ListItem","position":1,"name":"Tutti i prodotti","item":"https:\/\/www.globber.com\/it\/shop-by-product\/"},{"@type":"ListItem","position":2,"name":"FLOW ELEMENT FOLDABLE JUNIOR LIGHTS"}]},{"@type":"WebSite","@id":"https:\/\/www.globber.com\/it\/#website","url":"https:\/\/www.globber.com\/it\/","name":"Globber Italia","description":"Il mondo su ruote","publisher":{"@id":"https:\/\/www.globber.com\/it\/#organization"},"potentialAction":[{"@type":"SearchAction","target":{"@type":"EntryPoint","urlTemplate":"https:\/\/www.globber.com\/it\/?s={search_term_string}"},"query-input":{"@type":"PropertyValueSpecification","valueRequired":true,"valueName":"search_term_string"}}],"inLanguage":"it-IT"},{"@type":"Organization","@id":"https:\/\/www.globber.com\/it\/#organization","name":"Globber Italia","url":"https:\/\/www.globber.com\/it\/","logo":{"@type":"ImageObject","inLanguage":"it-IT","@id":"https:\/\/www.globber.com\/it\/#\/schema\/logo\/image\/","url":"https:\/\/cdn.globber.com\/content\/2024\/05\/logo.svg","contentUrl":"https:\/\/cdn.globber.com\/content\/2024\/05\/logo.svg","width":601,"height":112,"caption":"Globber Italia"},"image":{"@id":"https:\/\/www.globber.com\/it\/#\/schema\/logo\/image\/"}}]},"og_availability":"instock","product_availability":"instock","product_retailer_item_id":"729-XXX","product_condition":"new"},"_links":{"self":[{"href":"https:\/\/www.globber.com\/it\/wp-json\/wp\/v2\/product\/12512","targetHints":{"allow":["GET"]}}],"collection":[{"href":"https:\/\/www.globber.com\/it\/wp-json\/wp\/v2\/product"}],"about":[{"href":"https:\/\/www.globber.com\/it\/wp-json\/wp\/v2\/types\/product"}],"replies":[{"embeddable":true,"href":"https:\/\/www.globber.com\/it\/wp-json\/wp\/v2\/comments?post=12512"}],"wp:featuredmedia":[{"embeddable":true,"href":"https:\/\/www.globber.com\/it\/wp-json\/wp\/v2\/media\/12181"}],"wp:attachment":[{"href":"https:\/\/www.globber.com\/it\/wp-json\/wp\/v2\/media?parent=12512"}],"wp:term":[{"taxonomy":"product-special-badges","embeddable":true,"href":"https:\/\/www.globber.com\/it\/wp-json\/wp\/v2\/product-special-badges?post=12512"},{"taxonomy":"product_brand","embeddable":true,"href":"https:\/\/www.globber.com\/it\/wp-json\/wp\/v2\/product_brand?post=12512"},{"taxonomy":"product_cat","embeddable":true,"href":"https:\/\/www.globber.com\/it\/wp-json\/wp\/v2\/product_cat?post=12512"},{"taxonomy":"product_tag","embeddable":true,"href":"https:\/\/www.globber.com\/it\/wp-json\/wp\/v2\/product_tag?post=12512"}],"curies":[{"name":"wp","href":"https:\/\/api.w.org\/{rel}","templated":true}]}}