{"id":12516,"date":"2025-06-09T19:56:30","date_gmt":"2025-06-09T17:56:30","guid":{"rendered":"https:\/\/www.globber.com\/it\/?post_type=product&#038;p=12516"},"modified":"2026-05-04T21:47:52","modified_gmt":"2026-05-04T19:47:52","slug":"learning-trike-2in1","status":"publish","type":"product","link":"https:\/\/www.globber.com\/it\/product\/learning-trike-2in1\/","title":{"rendered":"LEARNING TRIKE 2in1"},"content":{"rendered":"<p>&nbsp;<\/p>\n<p>&nbsp;<\/p>\n<p>&nbsp;<\/p>\n<p>Pedala verso l\u2019avventura o esplora un mondo su due ruote: in ogni caso, il triciclo convertibile LEARNING TRIKE 2in1 \u00e8 la compagna perfetta per stimolare la mente dei pi\u00f9 piccoli e sviluppare le abilit\u00e0 motorie divertendosi! Con LEARNING TRIKE 2in1 si pu\u00f2 giocare in due modi: in modalit\u00e0 triciclo con pedalata assistita, che permette ai bimbi di pedalare e guidare, oppure in modalit\u00e0 bici da passeggio, per imparare l\u2019equilibrio su due ruote senza pedali. Questo triciclo multifunzione \u00e8 pensato per aiutare i bambini dai 12 ai 36 mesi a sviluppare equilibrio e coordinazione, divertendosi. Grazie al suo telaio robusto, al design completamente senza attrezzi, alla sella regolabile su 2 altezze e alle comode ruote in schiuma EVA, il triciclo convertibile LEARNING TRIKE 2in1 \u00e8 il mezzo ideale per far scoprire ai pi\u00f9 piccoli la gioia di muoversi su ruote!<\/p>\n","protected":false},"excerpt":{"rendered":"<p><strong>Tutto-In-uno triciclo da allenamento e bicicletta da passeggio (et\u00e0 12-36 mesi)<\/strong><\/p>\n","protected":false},"featured_media":12123,"comment_status":"closed","ping_status":"closed","template":"","meta":{"_acf_changed":false,"inline_featured_image":false},"product-special-badges":[4167],"product_brand":[],"product_cat":[4136,1245,1630],"product_tag":[],"class_list":{"0":"post-12516","1":"product","2":"type-product","3":"status-publish","4":"has-post-thumbnail","6":"product_cat-sale","7":"product_cat-serie-learning-bike","8":"product_cat-monopattino-per-bambini-trikes-balance-bikes-2","9":"pa_color-fucsia","10":"pa_color-menta","11":"pa_ean-3993","12":"pa_ean-3994","13":"pa_fascia-deta-12-36m","14":"pa_tipo-di-prodotto-bici-passeggio","15":"pa_tipo-di-prodotto-training-trike","17":"first","18":"instock","19":"sale","20":"taxable","21":"shipping-taxable","22":"purchasable","23":"product-type-variable"},"acf":[],"yoast_head":"<!-- This site is optimized with the Yoast SEO Premium plugin v20.12 (Yoast SEO v23.4) - https:\/\/yoast.com\/wordpress\/plugins\/seo\/ -->\n<title>LEARNING TRIKE 2in1 - Globber Italia<\/title>\n<meta name=\"description\" content=\"LEARNING TRIKE 2 in 1 \u00e8 il mezzo perfetto per alimentare le giovani menti e sviluppare le capacit\u00e0 motorie divertendosi! Con LEARNING TRIKE 2 in 1, ci sono due modi di giocare: la modalit\u00e0 triciclo di apprendimento, che permette ai pi\u00f9 piccoli di pedalare e sterzare, e la modalit\u00e0 bici da passeggio, che permette ai pi\u00f9 piccoli di stare in equilibrio su due ruote senza pedalare.\" \/>\n<meta name=\"robots\" content=\"index, follow, max-snippet:-1, max-image-preview:large, max-video-preview:-1\" \/>\n<link rel=\"canonical\" href=\"https:\/\/www.globber.com\/it\/product\/learning-trike-2in1\/\" \/>\n<meta property=\"og:locale\" content=\"it_IT\" \/>\n<meta property=\"og:type\" content=\"article\" \/>\n<meta property=\"og:title\" content=\"LEARNING TRIKE 2in1 - Globber Italia\" \/>\n<meta property=\"og:description\" content=\"LEARNING TRIKE 2 in 1 \u00e8 il mezzo perfetto per alimentare le giovani menti e sviluppare le capacit\u00e0 motorie divertendosi! Con LEARNING TRIKE 2 in 1, ci sono due modi di giocare: la modalit\u00e0 triciclo di apprendimento, che permette ai pi\u00f9 piccoli di pedalare e sterzare, e la modalit\u00e0 bici da passeggio, che permette ai pi\u00f9 piccoli di stare in equilibrio su due ruote senza pedalare.\" \/>\n<meta property=\"og:url\" content=\"https:\/\/www.globber.com\/it\/product\/learning-trike-2in1\/\" \/>\n<meta property=\"og:site_name\" content=\"Globber Italia\" \/>\n<meta property=\"article:modified_time\" content=\"2026-05-04T19:47:52+00:00\" \/>\n<meta property=\"og:image\" content=\"https:\/\/cdn.globber.com\/content\/sites\/14\/2025\/06\/683e75953b04c.jpg\" \/>\n\t<meta property=\"og:image:width\" content=\"2048\" \/>\n\t<meta property=\"og:image:height\" content=\"2048\" \/>\n\t<meta property=\"og:image:type\" content=\"image\/jpeg\" \/>\n<meta name=\"twitter:card\" content=\"summary_large_image\" \/>\n<meta name=\"twitter:label1\" content=\"Availability\" \/>\n\t<meta name=\"twitter:data1\" content=\"In stock\" \/>\n<script type=\"application\/ld+json\" class=\"yoast-schema-graph\">{\"@context\":\"https:\/\/schema.org\",\"@graph\":[{\"@type\":[\"WebPage\",\"ItemPage\"],\"@id\":\"https:\/\/www.globber.com\/it\/product\/learning-trike-2in1\/\",\"url\":\"https:\/\/www.globber.com\/it\/product\/learning-trike-2in1\/\",\"name\":\"LEARNING TRIKE 2in1 - Globber Italia\",\"isPartOf\":{\"@id\":\"https:\/\/www.globber.com\/it\/#website\"},\"primaryImageOfPage\":{\"@id\":\"https:\/\/www.globber.com\/it\/product\/learning-trike-2in1\/#primaryimage\"},\"image\":{\"@id\":\"https:\/\/www.globber.com\/it\/product\/learning-trike-2in1\/#primaryimage\"},\"thumbnailUrl\":\"https:\/\/cdn.globber.com\/content\/sites\/14\/2025\/06\/683e75953b04c.jpg\",\"datePublished\":\"2025-06-09T17:56:30+00:00\",\"dateModified\":\"2026-05-04T19:47:52+00:00\",\"description\":\"LEARNING TRIKE 2 in 1 \u00e8 il mezzo perfetto per alimentare le giovani menti e sviluppare le capacit\u00e0 motorie divertendosi! Con LEARNING TRIKE 2 in 1, ci sono due modi di giocare: la modalit\u00e0 triciclo di apprendimento, che permette ai pi\u00f9 piccoli di pedalare e sterzare, e la modalit\u00e0 bici da passeggio, che permette ai pi\u00f9 piccoli di stare in equilibrio su due ruote senza pedalare.\",\"breadcrumb\":{\"@id\":\"https:\/\/www.globber.com\/it\/product\/learning-trike-2in1\/#breadcrumb\"},\"inLanguage\":\"it-IT\",\"potentialAction\":[{\"@type\":\"ReadAction\",\"target\":[\"https:\/\/www.globber.com\/it\/product\/learning-trike-2in1\/\"]}]},{\"@type\":\"ImageObject\",\"inLanguage\":\"it-IT\",\"@id\":\"https:\/\/www.globber.com\/it\/product\/learning-trike-2in1\/#primaryimage\",\"url\":\"https:\/\/cdn.globber.com\/content\/sites\/14\/2025\/06\/683e75953b04c.jpg\",\"contentUrl\":\"https:\/\/cdn.globber.com\/content\/sites\/14\/2025\/06\/683e75953b04c.jpg\",\"width\":2048,\"height\":2048},{\"@type\":\"BreadcrumbList\",\"@id\":\"https:\/\/www.globber.com\/it\/product\/learning-trike-2in1\/#breadcrumb\",\"itemListElement\":[{\"@type\":\"ListItem\",\"position\":1,\"name\":\"Tutti i prodotti\",\"item\":\"https:\/\/www.globber.com\/it\/shop-by-product\/\"},{\"@type\":\"ListItem\",\"position\":2,\"name\":\"LEARNING TRIKE 2in1\"}]},{\"@type\":\"WebSite\",\"@id\":\"https:\/\/www.globber.com\/it\/#website\",\"url\":\"https:\/\/www.globber.com\/it\/\",\"name\":\"Globber Italia\",\"description\":\"Il mondo su ruote\",\"publisher\":{\"@id\":\"https:\/\/www.globber.com\/it\/#organization\"},\"potentialAction\":[{\"@type\":\"SearchAction\",\"target\":{\"@type\":\"EntryPoint\",\"urlTemplate\":\"https:\/\/www.globber.com\/it\/?s={search_term_string}\"},\"query-input\":{\"@type\":\"PropertyValueSpecification\",\"valueRequired\":true,\"valueName\":\"search_term_string\"}}],\"inLanguage\":\"it-IT\"},{\"@type\":\"Organization\",\"@id\":\"https:\/\/www.globber.com\/it\/#organization\",\"name\":\"Globber Italia\",\"url\":\"https:\/\/www.globber.com\/it\/\",\"logo\":{\"@type\":\"ImageObject\",\"inLanguage\":\"it-IT\",\"@id\":\"https:\/\/www.globber.com\/it\/#\/schema\/logo\/image\/\",\"url\":\"https:\/\/cdn.globber.com\/content\/2024\/05\/logo.svg\",\"contentUrl\":\"https:\/\/cdn.globber.com\/content\/2024\/05\/logo.svg\",\"width\":601,\"height\":112,\"caption\":\"Globber Italia\"},\"image\":{\"@id\":\"https:\/\/www.globber.com\/it\/#\/schema\/logo\/image\/\"}}]}<\/script>\n<meta property=\"og:availability\" content=\"instock\" \/>\n<meta property=\"product:availability\" content=\"instock\" \/>\n<meta property=\"product:retailer_item_id\" content=\"735-XXX\" \/>\n<meta property=\"product:condition\" content=\"new\" \/>\n<!-- \/ Yoast SEO Premium plugin. -->","yoast_head_json":{"title":"LEARNING TRIKE 2in1 - Globber Italia","description":"LEARNING TRIKE 2 in 1 \u00e8 il mezzo perfetto per alimentare le giovani menti e sviluppare le capacit\u00e0 motorie divertendosi! Con LEARNING TRIKE 2 in 1, ci sono due modi di giocare: la modalit\u00e0 triciclo di apprendimento, che permette ai pi\u00f9 piccoli di pedalare e sterzare, e la modalit\u00e0 bici da passeggio, che permette ai pi\u00f9 piccoli di stare in equilibrio su due ruote senza pedalare.","robots":{"index":"index","follow":"follow","max-snippet":"max-snippet:-1","max-image-preview":"max-image-preview:large","max-video-preview":"max-video-preview:-1"},"canonical":"https:\/\/www.globber.com\/it\/product\/learning-trike-2in1\/","og_locale":"it_IT","og_type":"article","og_title":"LEARNING TRIKE 2in1 - Globber Italia","og_description":"LEARNING TRIKE 2 in 1 \u00e8 il mezzo perfetto per alimentare le giovani menti e sviluppare le capacit\u00e0 motorie divertendosi! Con LEARNING TRIKE 2 in 1, ci sono due modi di giocare: la modalit\u00e0 triciclo di apprendimento, che permette ai pi\u00f9 piccoli di pedalare e sterzare, e la modalit\u00e0 bici da passeggio, che permette ai pi\u00f9 piccoli di stare in equilibrio su due ruote senza pedalare.","og_url":"https:\/\/www.globber.com\/it\/product\/learning-trike-2in1\/","og_site_name":"Globber Italia","article_modified_time":"2026-05-04T19:47:52+00:00","og_image":[{"width":2048,"height":2048,"url":"https:\/\/cdn.globber.com\/content\/sites\/14\/2025\/06\/683e75953b04c.jpg","type":"image\/jpeg"}],"twitter_card":"summary_large_image","twitter_misc":{"Availability":"In stock"},"schema":{"@context":"https:\/\/schema.org","@graph":[{"@type":["WebPage","ItemPage"],"@id":"https:\/\/www.globber.com\/it\/product\/learning-trike-2in1\/","url":"https:\/\/www.globber.com\/it\/product\/learning-trike-2in1\/","name":"LEARNING TRIKE 2in1 - Globber Italia","isPartOf":{"@id":"https:\/\/www.globber.com\/it\/#website"},"primaryImageOfPage":{"@id":"https:\/\/www.globber.com\/it\/product\/learning-trike-2in1\/#primaryimage"},"image":{"@id":"https:\/\/www.globber.com\/it\/product\/learning-trike-2in1\/#primaryimage"},"thumbnailUrl":"https:\/\/cdn.globber.com\/content\/sites\/14\/2025\/06\/683e75953b04c.jpg","datePublished":"2025-06-09T17:56:30+00:00","dateModified":"2026-05-04T19:47:52+00:00","description":"LEARNING TRIKE 2 in 1 \u00e8 il mezzo perfetto per alimentare le giovani menti e sviluppare le capacit\u00e0 motorie divertendosi! Con LEARNING TRIKE 2 in 1, ci sono due modi di giocare: la modalit\u00e0 triciclo di apprendimento, che permette ai pi\u00f9 piccoli di pedalare e sterzare, e la modalit\u00e0 bici da passeggio, che permette ai pi\u00f9 piccoli di stare in equilibrio su due ruote senza pedalare.","breadcrumb":{"@id":"https:\/\/www.globber.com\/it\/product\/learning-trike-2in1\/#breadcrumb"},"inLanguage":"it-IT","potentialAction":[{"@type":"ReadAction","target":["https:\/\/www.globber.com\/it\/product\/learning-trike-2in1\/"]}]},{"@type":"ImageObject","inLanguage":"it-IT","@id":"https:\/\/www.globber.com\/it\/product\/learning-trike-2in1\/#primaryimage","url":"https:\/\/cdn.globber.com\/content\/sites\/14\/2025\/06\/683e75953b04c.jpg","contentUrl":"https:\/\/cdn.globber.com\/content\/sites\/14\/2025\/06\/683e75953b04c.jpg","width":2048,"height":2048},{"@type":"BreadcrumbList","@id":"https:\/\/www.globber.com\/it\/product\/learning-trike-2in1\/#breadcrumb","itemListElement":[{"@type":"ListItem","position":1,"name":"Tutti i prodotti","item":"https:\/\/www.globber.com\/it\/shop-by-product\/"},{"@type":"ListItem","position":2,"name":"LEARNING TRIKE 2in1"}]},{"@type":"WebSite","@id":"https:\/\/www.globber.com\/it\/#website","url":"https:\/\/www.globber.com\/it\/","name":"Globber Italia","description":"Il mondo su ruote","publisher":{"@id":"https:\/\/www.globber.com\/it\/#organization"},"potentialAction":[{"@type":"SearchAction","target":{"@type":"EntryPoint","urlTemplate":"https:\/\/www.globber.com\/it\/?s={search_term_string}"},"query-input":{"@type":"PropertyValueSpecification","valueRequired":true,"valueName":"search_term_string"}}],"inLanguage":"it-IT"},{"@type":"Organization","@id":"https:\/\/www.globber.com\/it\/#organization","name":"Globber Italia","url":"https:\/\/www.globber.com\/it\/","logo":{"@type":"ImageObject","inLanguage":"it-IT","@id":"https:\/\/www.globber.com\/it\/#\/schema\/logo\/image\/","url":"https:\/\/cdn.globber.com\/content\/2024\/05\/logo.svg","contentUrl":"https:\/\/cdn.globber.com\/content\/2024\/05\/logo.svg","width":601,"height":112,"caption":"Globber Italia"},"image":{"@id":"https:\/\/www.globber.com\/it\/#\/schema\/logo\/image\/"}}]},"og_availability":"instock","product_availability":"instock","product_retailer_item_id":"735-XXX","product_condition":"new"},"_links":{"self":[{"href":"https:\/\/www.globber.com\/it\/wp-json\/wp\/v2\/product\/12516","targetHints":{"allow":["GET"]}}],"collection":[{"href":"https:\/\/www.globber.com\/it\/wp-json\/wp\/v2\/product"}],"about":[{"href":"https:\/\/www.globber.com\/it\/wp-json\/wp\/v2\/types\/product"}],"replies":[{"embeddable":true,"href":"https:\/\/www.globber.com\/it\/wp-json\/wp\/v2\/comments?post=12516"}],"wp:featuredmedia":[{"embeddable":true,"href":"https:\/\/www.globber.com\/it\/wp-json\/wp\/v2\/media\/12123"}],"wp:attachment":[{"href":"https:\/\/www.globber.com\/it\/wp-json\/wp\/v2\/media?parent=12516"}],"wp:term":[{"taxonomy":"product-special-badges","embeddable":true,"href":"https:\/\/www.globber.com\/it\/wp-json\/wp\/v2\/product-special-badges?post=12516"},{"taxonomy":"product_brand","embeddable":true,"href":"https:\/\/www.globber.com\/it\/wp-json\/wp\/v2\/product_brand?post=12516"},{"taxonomy":"product_cat","embeddable":true,"href":"https:\/\/www.globber.com\/it\/wp-json\/wp\/v2\/product_cat?post=12516"},{"taxonomy":"product_tag","embeddable":true,"href":"https:\/\/www.globber.com\/it\/wp-json\/wp\/v2\/product_tag?post=12516"}],"curies":[{"name":"wp","href":"https:\/\/api.w.org\/{rel}","templated":true}]}}