{"id":12533,"date":"2025-06-11T08:21:00","date_gmt":"2025-06-11T06:21:00","guid":{"rendered":"https:\/\/www.globber.com\/it\/?post_type=product&#038;p=12533"},"modified":"2026-04-02T12:50:12","modified_gmt":"2026-04-02T10:50:12","slug":"goup-active-lights-360","status":"publish","type":"product","link":"https:\/\/www.globber.com\/it\/product\/goup-active-lights-360\/","title":{"rendered":"GO\u2022UP ACTIVE LIGHTS 360\u00b0"},"content":{"rendered":"<p>Multifunzione a 360\u00b0: gioco ATTIVO per anni! \u00c8 il momento di muoversi e giocare con GO\u2022UP ACTIVE LIGHTS 360\u00b0! Le giornate al parco e le uscite diventano pi\u00f9 comode che mai grazie al nostro sistema brevettato di sterzo genitoriale a 360\u00b0, che ti consente di guidare facilmente il tuo bambino con movimenti fluidi e senza sforzo! GO\u2022UP ACTIVE LIGHTS 360\u00b0 \u00e8 un monopattino pieghevole a 3 ruote con luci e seduta per bambini piccoli e in crescita, che si trasforma in cavalcabile, bici da passeggio e monopattino per bambini. Le modalit\u00e0 cavalcabile e bici da passeggio sono pensate per bambini dai 15 ai 36 mesi, mentre la modalit\u00e0 monopattino \u00e8 consigliata per bambini dai 3 ai 9 anni. \u00c8 dotato di: Sterzo genitoriale brevettato a 360\u00b0 per la modalit\u00e0 cavalcabile Design 100% senza attrezzi Sistema brevettato di piegatura e blocco dello sterzo Seduta e manubrio regolabili Pedana resistente Ruote luminose a LED senza batterie Un compagno di giochi che cresce con il tuo bambino e illumina ogni fase dell\u2019infanzia con divertimento duraturo! GO\u2022UP ACTIVE LIGHTS 360\u00b0 \u00e8 realizzato con il 34% di plastica riciclata certificata GRS (Global Recycled Standard)*. Il GRS \u00e8 lo standard internazionale per la verifica della presenza di materiali riciclati nei prodotti finiti, garantendo trasparenza e promuovendo un\u2019economia circolare. Grazie all\u2019uso di plastica riciclata certificata GRS nelle nostre collezioni a 3 ruote ed ECOLOGIC, dal ottobre 2022 abbiamo gi\u00e0 riutilizzato oltre 118 tonnellate combinate di bottiglie e bicchieri usati, reti da pesca recuperate, vecchi giocattoli e protezioni. Scopri di pi\u00f9. *Nei componenti applicabili; scopri quali componenti qui.<\/p>\n","protected":false},"excerpt":{"rendered":"<p><strong>Monopattino luminoso pieghevole con sedile per bambini (15 mesi\/9 anni+)<\/strong><\/p>\n","protected":false},"featured_media":12300,"comment_status":"closed","ping_status":"closed","template":"","meta":{"_acf_changed":false,"inline_featured_image":false},"product-special-badges":[4165],"product_brand":[],"product_cat":[4039,3560,1247],"product_tag":[],"class_list":{"0":"post-12533","1":"product","2":"type-product","3":"status-publish","4":"has-post-thumbnail","6":"product_cat-serie-go-up-360","7":"product_cat-monopattini-con-seduta","8":"product_cat-serie-go-up","9":"pa_color-acqua","10":"pa_color-menta-scura","11":"pa_color-rosa-pastello-intenso","12":"pa_ean-3996","13":"pa_ean-3997","14":"pa_ean-3995","16":"first","17":"instock","18":"taxable","19":"shipping-taxable","20":"purchasable","21":"product-type-variable"},"acf":[],"yoast_head":"<!-- This site is optimized with the Yoast SEO Premium plugin v20.12 (Yoast SEO v23.4) - https:\/\/yoast.com\/wordpress\/plugins\/seo\/ -->\n<title>GO\u2022UP ACTIVE LIGHTS 360\u00b0 - Globber Italia<\/title>\n<meta name=\"description\" content=\"GO\u2022UP ACTIVE LIGHTS 360\u00b0 \u00e8 un monopattino pieghevole a 3 ruote con luci e seduta per bambini piccoli e ragazzi che si trasforma in una bici da passeggio, una bici da passeggio e uno scooter per bambini piccoli. Le modalit\u00e0 bici da passeggio e bici da passeggio sono progettate per bambini dai 15 ai 36 mesi, mentre la modalit\u00e0 scooter \u00e8 consigliata per bambini dai 3 ai 9 anni.\" \/>\n<meta name=\"robots\" content=\"index, follow, max-snippet:-1, max-image-preview:large, max-video-preview:-1\" \/>\n<link rel=\"canonical\" href=\"https:\/\/www.globber.com\/it\/product\/goup-active-lights-360\/\" \/>\n<meta property=\"og:locale\" content=\"it_IT\" \/>\n<meta property=\"og:type\" content=\"article\" \/>\n<meta property=\"og:title\" content=\"GO\u2022UP ACTIVE LIGHTS 360\u00b0 - Globber Italia\" \/>\n<meta property=\"og:description\" content=\"GO\u2022UP ACTIVE LIGHTS 360\u00b0 \u00e8 un monopattino pieghevole a 3 ruote con luci e seduta per bambini piccoli e ragazzi che si trasforma in una bici da passeggio, una bici da passeggio e uno scooter per bambini piccoli. Le modalit\u00e0 bici da passeggio e bici da passeggio sono progettate per bambini dai 15 ai 36 mesi, mentre la modalit\u00e0 scooter \u00e8 consigliata per bambini dai 3 ai 9 anni.\" \/>\n<meta property=\"og:url\" content=\"https:\/\/www.globber.com\/it\/product\/goup-active-lights-360\/\" \/>\n<meta property=\"og:site_name\" content=\"Globber Italia\" \/>\n<meta property=\"article:modified_time\" content=\"2026-04-02T10:50:12+00:00\" \/>\n<meta property=\"og:image\" content=\"https:\/\/cdn.globber.com\/content\/sites\/14\/2025\/06\/683e7b9704233.jpg\" \/>\n\t<meta property=\"og:image:width\" content=\"2048\" \/>\n\t<meta property=\"og:image:height\" content=\"2048\" \/>\n\t<meta property=\"og:image:type\" content=\"image\/jpeg\" \/>\n<meta name=\"twitter:card\" content=\"summary_large_image\" \/>\n<meta name=\"twitter:label1\" content=\"Availability\" \/>\n\t<meta name=\"twitter:data1\" content=\"In stock\" \/>\n<script type=\"application\/ld+json\" class=\"yoast-schema-graph\">{\"@context\":\"https:\/\/schema.org\",\"@graph\":[{\"@type\":[\"WebPage\",\"ItemPage\"],\"@id\":\"https:\/\/www.globber.com\/it\/product\/goup-active-lights-360\/\",\"url\":\"https:\/\/www.globber.com\/it\/product\/goup-active-lights-360\/\",\"name\":\"GO\u2022UP ACTIVE LIGHTS 360\u00b0 - Globber Italia\",\"isPartOf\":{\"@id\":\"https:\/\/www.globber.com\/it\/#website\"},\"primaryImageOfPage\":{\"@id\":\"https:\/\/www.globber.com\/it\/product\/goup-active-lights-360\/#primaryimage\"},\"image\":{\"@id\":\"https:\/\/www.globber.com\/it\/product\/goup-active-lights-360\/#primaryimage\"},\"thumbnailUrl\":\"https:\/\/cdn.globber.com\/content\/sites\/14\/2025\/06\/683e7b9704233.jpg\",\"datePublished\":\"2025-06-11T06:21:00+00:00\",\"dateModified\":\"2026-04-02T10:50:12+00:00\",\"description\":\"GO\u2022UP ACTIVE LIGHTS 360\u00b0 \u00e8 un monopattino pieghevole a 3 ruote con luci e seduta per bambini piccoli e ragazzi che si trasforma in una bici da passeggio, una bici da passeggio e uno scooter per bambini piccoli. Le modalit\u00e0 bici da passeggio e bici da passeggio sono progettate per bambini dai 15 ai 36 mesi, mentre la modalit\u00e0 scooter \u00e8 consigliata per bambini dai 3 ai 9 anni.\",\"breadcrumb\":{\"@id\":\"https:\/\/www.globber.com\/it\/product\/goup-active-lights-360\/#breadcrumb\"},\"inLanguage\":\"it-IT\",\"potentialAction\":[{\"@type\":\"ReadAction\",\"target\":[\"https:\/\/www.globber.com\/it\/product\/goup-active-lights-360\/\"]}]},{\"@type\":\"ImageObject\",\"inLanguage\":\"it-IT\",\"@id\":\"https:\/\/www.globber.com\/it\/product\/goup-active-lights-360\/#primaryimage\",\"url\":\"https:\/\/cdn.globber.com\/content\/sites\/14\/2025\/06\/683e7b9704233.jpg\",\"contentUrl\":\"https:\/\/cdn.globber.com\/content\/sites\/14\/2025\/06\/683e7b9704233.jpg\",\"width\":2048,\"height\":2048},{\"@type\":\"BreadcrumbList\",\"@id\":\"https:\/\/www.globber.com\/it\/product\/goup-active-lights-360\/#breadcrumb\",\"itemListElement\":[{\"@type\":\"ListItem\",\"position\":1,\"name\":\"Tutti i prodotti\",\"item\":\"https:\/\/www.globber.com\/it\/shop-by-product\/\"},{\"@type\":\"ListItem\",\"position\":2,\"name\":\"GO\u2022UP ACTIVE LIGHTS 360\u00b0\"}]},{\"@type\":\"WebSite\",\"@id\":\"https:\/\/www.globber.com\/it\/#website\",\"url\":\"https:\/\/www.globber.com\/it\/\",\"name\":\"Globber Italia\",\"description\":\"Il mondo su ruote\",\"publisher\":{\"@id\":\"https:\/\/www.globber.com\/it\/#organization\"},\"potentialAction\":[{\"@type\":\"SearchAction\",\"target\":{\"@type\":\"EntryPoint\",\"urlTemplate\":\"https:\/\/www.globber.com\/it\/?s={search_term_string}\"},\"query-input\":{\"@type\":\"PropertyValueSpecification\",\"valueRequired\":true,\"valueName\":\"search_term_string\"}}],\"inLanguage\":\"it-IT\"},{\"@type\":\"Organization\",\"@id\":\"https:\/\/www.globber.com\/it\/#organization\",\"name\":\"Globber Italia\",\"url\":\"https:\/\/www.globber.com\/it\/\",\"logo\":{\"@type\":\"ImageObject\",\"inLanguage\":\"it-IT\",\"@id\":\"https:\/\/www.globber.com\/it\/#\/schema\/logo\/image\/\",\"url\":\"https:\/\/cdn.globber.com\/content\/2024\/05\/logo.svg\",\"contentUrl\":\"https:\/\/cdn.globber.com\/content\/2024\/05\/logo.svg\",\"width\":601,\"height\":112,\"caption\":\"Globber Italia\"},\"image\":{\"@id\":\"https:\/\/www.globber.com\/it\/#\/schema\/logo\/image\/\"}}]}<\/script>\n<meta property=\"og:availability\" content=\"instock\" \/>\n<meta property=\"product:availability\" content=\"instock\" \/>\n<meta property=\"product:retailer_item_id\" content=\"749-XXX\" \/>\n<meta property=\"product:condition\" content=\"new\" \/>\n<!-- \/ Yoast SEO Premium plugin. -->","yoast_head_json":{"title":"GO\u2022UP ACTIVE LIGHTS 360\u00b0 - Globber Italia","description":"GO\u2022UP ACTIVE LIGHTS 360\u00b0 \u00e8 un monopattino pieghevole a 3 ruote con luci e seduta per bambini piccoli e ragazzi che si trasforma in una bici da passeggio, una bici da passeggio e uno scooter per bambini piccoli. Le modalit\u00e0 bici da passeggio e bici da passeggio sono progettate per bambini dai 15 ai 36 mesi, mentre la modalit\u00e0 scooter \u00e8 consigliata per bambini dai 3 ai 9 anni.","robots":{"index":"index","follow":"follow","max-snippet":"max-snippet:-1","max-image-preview":"max-image-preview:large","max-video-preview":"max-video-preview:-1"},"canonical":"https:\/\/www.globber.com\/it\/product\/goup-active-lights-360\/","og_locale":"it_IT","og_type":"article","og_title":"GO\u2022UP ACTIVE LIGHTS 360\u00b0 - Globber Italia","og_description":"GO\u2022UP ACTIVE LIGHTS 360\u00b0 \u00e8 un monopattino pieghevole a 3 ruote con luci e seduta per bambini piccoli e ragazzi che si trasforma in una bici da passeggio, una bici da passeggio e uno scooter per bambini piccoli. Le modalit\u00e0 bici da passeggio e bici da passeggio sono progettate per bambini dai 15 ai 36 mesi, mentre la modalit\u00e0 scooter \u00e8 consigliata per bambini dai 3 ai 9 anni.","og_url":"https:\/\/www.globber.com\/it\/product\/goup-active-lights-360\/","og_site_name":"Globber Italia","article_modified_time":"2026-04-02T10:50:12+00:00","og_image":[{"width":2048,"height":2048,"url":"https:\/\/cdn.globber.com\/content\/sites\/14\/2025\/06\/683e7b9704233.jpg","type":"image\/jpeg"}],"twitter_card":"summary_large_image","twitter_misc":{"Availability":"In stock"},"schema":{"@context":"https:\/\/schema.org","@graph":[{"@type":["WebPage","ItemPage"],"@id":"https:\/\/www.globber.com\/it\/product\/goup-active-lights-360\/","url":"https:\/\/www.globber.com\/it\/product\/goup-active-lights-360\/","name":"GO\u2022UP ACTIVE LIGHTS 360\u00b0 - Globber Italia","isPartOf":{"@id":"https:\/\/www.globber.com\/it\/#website"},"primaryImageOfPage":{"@id":"https:\/\/www.globber.com\/it\/product\/goup-active-lights-360\/#primaryimage"},"image":{"@id":"https:\/\/www.globber.com\/it\/product\/goup-active-lights-360\/#primaryimage"},"thumbnailUrl":"https:\/\/cdn.globber.com\/content\/sites\/14\/2025\/06\/683e7b9704233.jpg","datePublished":"2025-06-11T06:21:00+00:00","dateModified":"2026-04-02T10:50:12+00:00","description":"GO\u2022UP ACTIVE LIGHTS 360\u00b0 \u00e8 un monopattino pieghevole a 3 ruote con luci e seduta per bambini piccoli e ragazzi che si trasforma in una bici da passeggio, una bici da passeggio e uno scooter per bambini piccoli. Le modalit\u00e0 bici da passeggio e bici da passeggio sono progettate per bambini dai 15 ai 36 mesi, mentre la modalit\u00e0 scooter \u00e8 consigliata per bambini dai 3 ai 9 anni.","breadcrumb":{"@id":"https:\/\/www.globber.com\/it\/product\/goup-active-lights-360\/#breadcrumb"},"inLanguage":"it-IT","potentialAction":[{"@type":"ReadAction","target":["https:\/\/www.globber.com\/it\/product\/goup-active-lights-360\/"]}]},{"@type":"ImageObject","inLanguage":"it-IT","@id":"https:\/\/www.globber.com\/it\/product\/goup-active-lights-360\/#primaryimage","url":"https:\/\/cdn.globber.com\/content\/sites\/14\/2025\/06\/683e7b9704233.jpg","contentUrl":"https:\/\/cdn.globber.com\/content\/sites\/14\/2025\/06\/683e7b9704233.jpg","width":2048,"height":2048},{"@type":"BreadcrumbList","@id":"https:\/\/www.globber.com\/it\/product\/goup-active-lights-360\/#breadcrumb","itemListElement":[{"@type":"ListItem","position":1,"name":"Tutti i prodotti","item":"https:\/\/www.globber.com\/it\/shop-by-product\/"},{"@type":"ListItem","position":2,"name":"GO\u2022UP ACTIVE LIGHTS 360\u00b0"}]},{"@type":"WebSite","@id":"https:\/\/www.globber.com\/it\/#website","url":"https:\/\/www.globber.com\/it\/","name":"Globber Italia","description":"Il mondo su ruote","publisher":{"@id":"https:\/\/www.globber.com\/it\/#organization"},"potentialAction":[{"@type":"SearchAction","target":{"@type":"EntryPoint","urlTemplate":"https:\/\/www.globber.com\/it\/?s={search_term_string}"},"query-input":{"@type":"PropertyValueSpecification","valueRequired":true,"valueName":"search_term_string"}}],"inLanguage":"it-IT"},{"@type":"Organization","@id":"https:\/\/www.globber.com\/it\/#organization","name":"Globber Italia","url":"https:\/\/www.globber.com\/it\/","logo":{"@type":"ImageObject","inLanguage":"it-IT","@id":"https:\/\/www.globber.com\/it\/#\/schema\/logo\/image\/","url":"https:\/\/cdn.globber.com\/content\/2024\/05\/logo.svg","contentUrl":"https:\/\/cdn.globber.com\/content\/2024\/05\/logo.svg","width":601,"height":112,"caption":"Globber Italia"},"image":{"@id":"https:\/\/www.globber.com\/it\/#\/schema\/logo\/image\/"}}]},"og_availability":"instock","product_availability":"instock","product_retailer_item_id":"749-XXX","product_condition":"new"},"_links":{"self":[{"href":"https:\/\/www.globber.com\/it\/wp-json\/wp\/v2\/product\/12533","targetHints":{"allow":["GET"]}}],"collection":[{"href":"https:\/\/www.globber.com\/it\/wp-json\/wp\/v2\/product"}],"about":[{"href":"https:\/\/www.globber.com\/it\/wp-json\/wp\/v2\/types\/product"}],"replies":[{"embeddable":true,"href":"https:\/\/www.globber.com\/it\/wp-json\/wp\/v2\/comments?post=12533"}],"wp:featuredmedia":[{"embeddable":true,"href":"https:\/\/www.globber.com\/it\/wp-json\/wp\/v2\/media\/12300"}],"wp:attachment":[{"href":"https:\/\/www.globber.com\/it\/wp-json\/wp\/v2\/media?parent=12533"}],"wp:term":[{"taxonomy":"product-special-badges","embeddable":true,"href":"https:\/\/www.globber.com\/it\/wp-json\/wp\/v2\/product-special-badges?post=12533"},{"taxonomy":"product_brand","embeddable":true,"href":"https:\/\/www.globber.com\/it\/wp-json\/wp\/v2\/product_brand?post=12533"},{"taxonomy":"product_cat","embeddable":true,"href":"https:\/\/www.globber.com\/it\/wp-json\/wp\/v2\/product_cat?post=12533"},{"taxonomy":"product_tag","embeddable":true,"href":"https:\/\/www.globber.com\/it\/wp-json\/wp\/v2\/product_tag?post=12533"}],"curies":[{"name":"wp","href":"https:\/\/api.w.org\/{rel}","templated":true}]}}