{"id":13475,"date":"2025-09-29T14:43:08","date_gmt":"2025-09-29T12:43:08","guid":{"rendered":"https:\/\/www.globber.com\/it\/?post_type=product&#038;p=13475"},"modified":"2026-03-18T18:52:34","modified_gmt":"2026-03-18T17:52:34","slug":"goup-sporty-lights","status":"publish","type":"product","link":"https:\/\/www.globber.com\/it\/product\/goup-sporty-lights\/","title":{"rendered":"GO\u2022UP SPORTY LIGHTS"},"content":{"rendered":"<p>Cavalcare, camminare o sfrecciare: con GO\u2022UP SPORTY LIGHTS di Globber si pu\u00f2! Questo trio a 3 ruote con seduta per bambini piccoli e ragazzi \u00e8 un cavalcabile, una bici da passeggio e un monopattino per bambini piccoli. Le modalit\u00e0 cavalcabile e bici da passeggio sono progettate per bambini dai 15 ai 36 mesi, mentre la modalit\u00e0 monopattino \u00e8 consigliata per bambini dai 3 anni in su.<\/p>\n<p>GO\u2022UP SPORTY LIGHTS \u00e8 dotato di un sistema di bloccaggio dello sterzo brevettato, seduta e manubrio a T regolabili, una pedana resistente e ruote luminose a LED senza batteria. Lascia che il tuo bambino goda di infinite ore di gioco con un amico d'infanzia che lo accompagner\u00e0 lungo tutto il suo percorso di crescita!<\/p>\n<p>GO\u2022UP SPORTY LIGHTS \u00e8 realizzato con il 35-38% di plastica Global Recycled Standard (GRS)*.<\/p>\n<p>GRS \u00e8 il punto di riferimento internazionale per verificare la presenza di materiale riciclato nei prodotti finiti, garantendo la trasparenza sui materiali e promuovendo un'economia circolare.<\/p>\n<p>Grazie all'utilizzo di plastica riciclata certificata GRS nelle nostre collezioni a 3 ruote ed <strong>ECO<\/strong>LOGIC, siamo riusciti a riutilizzare oltre 118 tonnellate di bottiglie e bicchieri usati, retini da pesca recuperati e vecchi giocattoli e materassini da ottobre 2022. <a href=\"https:\/\/www.globber.com\/sustainable-scooters\/\" target=\"_blank\" rel=\"noopener\">Scopri di pi\u00f9<\/a>.<\/p>\n<p>GO\u2022UP SPORTY LIGHTS ha vinto il premio <a href=\"https:\/\/nationalparentingcenter.com\/globber-go-up-sporty-pastel\/\">National Parenting Center - Seal of Approval Winner<\/a>.<\/p>\n<p><span style=\"font-size: 12px\">*Nei componenti applicabili; scopri quali componenti <a href=\"https:\/\/www.globber.com\/sustainable-scooters\/\">qui<\/a>.<\/span><\/p>\n","protected":false},"excerpt":{"rendered":"<p><strong>Monopattino luminoso 3 in 1 con sedile per bambini piccoli (dai 15 mesi ai 7 anni) <\/strong><\/p>\n","protected":false},"featured_media":12764,"comment_status":"closed","ping_status":"closed","template":"","meta":{"_acf_changed":false,"inline_featured_image":false},"product-special-badges":[],"product_brand":[],"product_cat":[3560,1694,1247,1630],"product_tag":[],"class_list":{"0":"post-13475","1":"product","2":"type-product","3":"status-publish","4":"has-post-thumbnail","6":"product_cat-monopattini-con-seduta","7":"product_cat-monopattini-con-luci","8":"product_cat-serie-go-up","9":"product_cat-monopattino-per-bambini-trikes-balance-bikes-2","10":"pa_color-blu-navy","11":"pa_color-fucsia","12":"pa_color-rosa-pastello","13":"pa_color-verde-lime","14":"pa_color-verde-menta","15":"pa_ean-3135","16":"pa_ean-4140","17":"pa_ean-4141","18":"pa_ean-4142","19":"pa_ean-4143","21":"first","22":"instock","23":"taxable","24":"shipping-taxable","25":"purchasable","26":"product-type-variable"},"acf":[],"yoast_head":"<!-- This site is optimized with the Yoast SEO Premium plugin v20.12 (Yoast SEO v23.4) - https:\/\/yoast.com\/wordpress\/plugins\/seo\/ -->\n<title>GO\u2022UP SPORTY LIGHTS - Globber Italia<\/title>\n<meta name=\"robots\" content=\"index, follow, max-snippet:-1, max-image-preview:large, max-video-preview:-1\" \/>\n<link rel=\"canonical\" href=\"https:\/\/www.globber.com\/it\/product\/goup-sporty-lights\/\" \/>\n<meta property=\"og:locale\" content=\"it_IT\" \/>\n<meta property=\"og:type\" content=\"article\" \/>\n<meta property=\"og:title\" content=\"GO\u2022UP SPORTY LIGHTS - Globber Italia\" \/>\n<meta property=\"og:description\" content=\"Monopattino luminoso 3 in 1 con sedile per bambini piccoli (dai 15 mesi ai 7 anni)\" \/>\n<meta property=\"og:url\" content=\"https:\/\/www.globber.com\/it\/product\/goup-sporty-lights\/\" \/>\n<meta property=\"og:site_name\" content=\"Globber Italia\" \/>\n<meta property=\"article:modified_time\" content=\"2026-03-18T17:52:34+00:00\" \/>\n<meta property=\"og:image\" content=\"https:\/\/cdn.globber.com\/content\/sites\/14\/2025\/09\/68c90518d16d9.jpg\" \/>\n\t<meta property=\"og:image:width\" content=\"2048\" \/>\n\t<meta property=\"og:image:height\" content=\"2048\" \/>\n\t<meta property=\"og:image:type\" content=\"image\/jpeg\" \/>\n<meta name=\"twitter:card\" content=\"summary_large_image\" \/>\n<meta name=\"twitter:label1\" content=\"Availability\" \/>\n\t<meta name=\"twitter:data1\" content=\"In stock\" \/>\n<script type=\"application\/ld+json\" class=\"yoast-schema-graph\">{\"@context\":\"https:\/\/schema.org\",\"@graph\":[{\"@type\":[\"WebPage\",\"ItemPage\"],\"@id\":\"https:\/\/www.globber.com\/it\/product\/goup-sporty-lights\/\",\"url\":\"https:\/\/www.globber.com\/it\/product\/goup-sporty-lights\/\",\"name\":\"GO\u2022UP SPORTY LIGHTS - Globber Italia\",\"isPartOf\":{\"@id\":\"https:\/\/www.globber.com\/it\/#website\"},\"primaryImageOfPage\":{\"@id\":\"https:\/\/www.globber.com\/it\/product\/goup-sporty-lights\/#primaryimage\"},\"image\":{\"@id\":\"https:\/\/www.globber.com\/it\/product\/goup-sporty-lights\/#primaryimage\"},\"thumbnailUrl\":\"https:\/\/cdn.globber.com\/content\/sites\/14\/2025\/09\/68c90518d16d9.jpg\",\"datePublished\":\"2025-09-29T12:43:08+00:00\",\"dateModified\":\"2026-03-18T17:52:34+00:00\",\"breadcrumb\":{\"@id\":\"https:\/\/www.globber.com\/it\/product\/goup-sporty-lights\/#breadcrumb\"},\"inLanguage\":\"it-IT\",\"potentialAction\":[{\"@type\":\"ReadAction\",\"target\":[\"https:\/\/www.globber.com\/it\/product\/goup-sporty-lights\/\"]}]},{\"@type\":\"ImageObject\",\"inLanguage\":\"it-IT\",\"@id\":\"https:\/\/www.globber.com\/it\/product\/goup-sporty-lights\/#primaryimage\",\"url\":\"https:\/\/cdn.globber.com\/content\/sites\/14\/2025\/09\/68c90518d16d9.jpg\",\"contentUrl\":\"https:\/\/cdn.globber.com\/content\/sites\/14\/2025\/09\/68c90518d16d9.jpg\",\"width\":2048,\"height\":2048},{\"@type\":\"BreadcrumbList\",\"@id\":\"https:\/\/www.globber.com\/it\/product\/goup-sporty-lights\/#breadcrumb\",\"itemListElement\":[{\"@type\":\"ListItem\",\"position\":1,\"name\":\"Tutti i prodotti\",\"item\":\"https:\/\/www.globber.com\/it\/shop-by-product\/\"},{\"@type\":\"ListItem\",\"position\":2,\"name\":\"GO\u2022UP SPORTY LIGHTS\"}]},{\"@type\":\"WebSite\",\"@id\":\"https:\/\/www.globber.com\/it\/#website\",\"url\":\"https:\/\/www.globber.com\/it\/\",\"name\":\"Globber Italia\",\"description\":\"Il mondo su ruote\",\"publisher\":{\"@id\":\"https:\/\/www.globber.com\/it\/#organization\"},\"potentialAction\":[{\"@type\":\"SearchAction\",\"target\":{\"@type\":\"EntryPoint\",\"urlTemplate\":\"https:\/\/www.globber.com\/it\/?s={search_term_string}\"},\"query-input\":{\"@type\":\"PropertyValueSpecification\",\"valueRequired\":true,\"valueName\":\"search_term_string\"}}],\"inLanguage\":\"it-IT\"},{\"@type\":\"Organization\",\"@id\":\"https:\/\/www.globber.com\/it\/#organization\",\"name\":\"Globber Italia\",\"url\":\"https:\/\/www.globber.com\/it\/\",\"logo\":{\"@type\":\"ImageObject\",\"inLanguage\":\"it-IT\",\"@id\":\"https:\/\/www.globber.com\/it\/#\/schema\/logo\/image\/\",\"url\":\"https:\/\/cdn.globber.com\/content\/2024\/05\/logo.svg\",\"contentUrl\":\"https:\/\/cdn.globber.com\/content\/2024\/05\/logo.svg\",\"width\":601,\"height\":112,\"caption\":\"Globber Italia\"},\"image\":{\"@id\":\"https:\/\/www.globber.com\/it\/#\/schema\/logo\/image\/\"}}]}<\/script>\n<meta property=\"og:availability\" content=\"instock\" \/>\n<meta property=\"product:availability\" content=\"instock\" \/>\n<meta property=\"product:retailer_item_id\" content=\"452-XXX-4\" \/>\n<meta property=\"product:condition\" content=\"new\" \/>\n<!-- \/ Yoast SEO Premium plugin. -->","yoast_head_json":{"title":"GO\u2022UP SPORTY LIGHTS - Globber Italia","robots":{"index":"index","follow":"follow","max-snippet":"max-snippet:-1","max-image-preview":"max-image-preview:large","max-video-preview":"max-video-preview:-1"},"canonical":"https:\/\/www.globber.com\/it\/product\/goup-sporty-lights\/","og_locale":"it_IT","og_type":"article","og_title":"GO\u2022UP SPORTY LIGHTS - Globber Italia","og_description":"Monopattino luminoso 3 in 1 con sedile per bambini piccoli (dai 15 mesi ai 7 anni)","og_url":"https:\/\/www.globber.com\/it\/product\/goup-sporty-lights\/","og_site_name":"Globber Italia","article_modified_time":"2026-03-18T17:52:34+00:00","og_image":[{"width":2048,"height":2048,"url":"https:\/\/cdn.globber.com\/content\/sites\/14\/2025\/09\/68c90518d16d9.jpg","type":"image\/jpeg"}],"twitter_card":"summary_large_image","twitter_misc":{"Availability":"In stock"},"schema":{"@context":"https:\/\/schema.org","@graph":[{"@type":["WebPage","ItemPage"],"@id":"https:\/\/www.globber.com\/it\/product\/goup-sporty-lights\/","url":"https:\/\/www.globber.com\/it\/product\/goup-sporty-lights\/","name":"GO\u2022UP SPORTY LIGHTS - Globber Italia","isPartOf":{"@id":"https:\/\/www.globber.com\/it\/#website"},"primaryImageOfPage":{"@id":"https:\/\/www.globber.com\/it\/product\/goup-sporty-lights\/#primaryimage"},"image":{"@id":"https:\/\/www.globber.com\/it\/product\/goup-sporty-lights\/#primaryimage"},"thumbnailUrl":"https:\/\/cdn.globber.com\/content\/sites\/14\/2025\/09\/68c90518d16d9.jpg","datePublished":"2025-09-29T12:43:08+00:00","dateModified":"2026-03-18T17:52:34+00:00","breadcrumb":{"@id":"https:\/\/www.globber.com\/it\/product\/goup-sporty-lights\/#breadcrumb"},"inLanguage":"it-IT","potentialAction":[{"@type":"ReadAction","target":["https:\/\/www.globber.com\/it\/product\/goup-sporty-lights\/"]}]},{"@type":"ImageObject","inLanguage":"it-IT","@id":"https:\/\/www.globber.com\/it\/product\/goup-sporty-lights\/#primaryimage","url":"https:\/\/cdn.globber.com\/content\/sites\/14\/2025\/09\/68c90518d16d9.jpg","contentUrl":"https:\/\/cdn.globber.com\/content\/sites\/14\/2025\/09\/68c90518d16d9.jpg","width":2048,"height":2048},{"@type":"BreadcrumbList","@id":"https:\/\/www.globber.com\/it\/product\/goup-sporty-lights\/#breadcrumb","itemListElement":[{"@type":"ListItem","position":1,"name":"Tutti i prodotti","item":"https:\/\/www.globber.com\/it\/shop-by-product\/"},{"@type":"ListItem","position":2,"name":"GO\u2022UP SPORTY LIGHTS"}]},{"@type":"WebSite","@id":"https:\/\/www.globber.com\/it\/#website","url":"https:\/\/www.globber.com\/it\/","name":"Globber Italia","description":"Il mondo su ruote","publisher":{"@id":"https:\/\/www.globber.com\/it\/#organization"},"potentialAction":[{"@type":"SearchAction","target":{"@type":"EntryPoint","urlTemplate":"https:\/\/www.globber.com\/it\/?s={search_term_string}"},"query-input":{"@type":"PropertyValueSpecification","valueRequired":true,"valueName":"search_term_string"}}],"inLanguage":"it-IT"},{"@type":"Organization","@id":"https:\/\/www.globber.com\/it\/#organization","name":"Globber Italia","url":"https:\/\/www.globber.com\/it\/","logo":{"@type":"ImageObject","inLanguage":"it-IT","@id":"https:\/\/www.globber.com\/it\/#\/schema\/logo\/image\/","url":"https:\/\/cdn.globber.com\/content\/2024\/05\/logo.svg","contentUrl":"https:\/\/cdn.globber.com\/content\/2024\/05\/logo.svg","width":601,"height":112,"caption":"Globber Italia"},"image":{"@id":"https:\/\/www.globber.com\/it\/#\/schema\/logo\/image\/"}}]},"og_availability":"instock","product_availability":"instock","product_retailer_item_id":"452-XXX-4","product_condition":"new"},"_links":{"self":[{"href":"https:\/\/www.globber.com\/it\/wp-json\/wp\/v2\/product\/13475","targetHints":{"allow":["GET"]}}],"collection":[{"href":"https:\/\/www.globber.com\/it\/wp-json\/wp\/v2\/product"}],"about":[{"href":"https:\/\/www.globber.com\/it\/wp-json\/wp\/v2\/types\/product"}],"replies":[{"embeddable":true,"href":"https:\/\/www.globber.com\/it\/wp-json\/wp\/v2\/comments?post=13475"}],"wp:featuredmedia":[{"embeddable":true,"href":"https:\/\/www.globber.com\/it\/wp-json\/wp\/v2\/media\/12764"}],"wp:attachment":[{"href":"https:\/\/www.globber.com\/it\/wp-json\/wp\/v2\/media?parent=13475"}],"wp:term":[{"taxonomy":"product-special-badges","embeddable":true,"href":"https:\/\/www.globber.com\/it\/wp-json\/wp\/v2\/product-special-badges?post=13475"},{"taxonomy":"product_brand","embeddable":true,"href":"https:\/\/www.globber.com\/it\/wp-json\/wp\/v2\/product_brand?post=13475"},{"taxonomy":"product_cat","embeddable":true,"href":"https:\/\/www.globber.com\/it\/wp-json\/wp\/v2\/product_cat?post=13475"},{"taxonomy":"product_tag","embeddable":true,"href":"https:\/\/www.globber.com\/it\/wp-json\/wp\/v2\/product_tag?post=13475"}],"curies":[{"name":"wp","href":"https:\/\/api.w.org\/{rel}","templated":true}]}}