{"id":13483,"date":"2025-11-02T09:26:42","date_gmt":"2025-11-02T08:26:42","guid":{"rendered":"https:\/\/www.globber.com\/it\/?post_type=product&#038;p=13483"},"modified":"2026-04-25T17:30:12","modified_gmt":"2026-04-25T15:30:12","slug":"learning-bike-ecologic","status":"publish","type":"product","link":"https:\/\/www.globber.com\/it\/product\/learning-bike-ecologic\/","title":{"rendered":"LEARNING BIKE ECOLOGIC"},"content":{"rendered":"<p data-start=\"67\" data-end=\"247\">LEARNING BIKE ECOLOGIC \u00e8 una bicicletta a 4 ruote pensata per garantire sicurezza e divertimento ai pi\u00f9 piccoli, perfetta per stimolare lo sviluppo delle loro capacit\u00e0 motorie!<\/p>\n<p data-start=\"249\" data-end=\"428\">Progettata come prima bicicletta da passeggio, accompagna i bambini dai 12 ai 36 mesi nel percorso di crescita, aiutandoli a migliorare equilibrio e coordinazione in modo giocoso.<\/p>\n<p><span data-contrast=\"auto\">Con il suo design 100% senza attrezzi, <\/span><span data-contrast=\"none\">comoda sella a doppia altezza, cestino rimovibile, <\/span><span data-contrast=\"auto\">telaio resistente, <\/span><span data-contrast=\"none\">impugnatura ergonomica in TPR e ruote leggere in schiuma EVA, LEARNING BIKE ECOLOGIC<\/span><span data-contrast=\"auto\"> \u00e8 la bici da passeggio perfetta per esplorare il mondo su due ruote!<\/span><span data-ccp-props=\"{&quot;201341983&quot;:0,&quot;335559739&quot;:0,&quot;335559740&quot;:240}\">\u00a0<\/span><\/p>\n<p><span data-contrast=\"auto\"> LEARNING BIKE ECOLOGIC\u00a0<\/span><span data-contrast=\"none\">\u00e8 realizzata con <\/span><span data-contrast=\"auto\">plastica 100% Global Recycled Standard (GRS) e paglia di grano di origine biologica*. <\/span><span data-ccp-props=\"{&quot;201341983&quot;:0,&quot;335559739&quot;:0,&quot;335559740&quot;:240}\">\u00a0<\/span><\/p>\n<p><span data-contrast=\"none\">GRS \u00e8 il punto di riferimento internazionale per verificare la presenza di contenuto riciclato nei prodotti finiti, garantendo la trasparenza sui materiali e promuovendo un'economia circolare.<\/span><span data-ccp-props=\"{&quot;201341983&quot;:0,&quot;335559739&quot;:0,&quot;335559740&quot;:240}\">\u00a0<\/span><\/p>\n<p><span data-contrast=\"none\">Dall'utilizzo di plastica riciclata certificata GRS nei nostri modelli a 3 ruote <\/span><b><span data-contrast=\"none\">ECO<\/span><\/b><span data-contrast=\"none\">LOGIC, siamo riusciti a riutilizzare oltre 118 tonnellate di bottiglie e bicchieri usati, reti da pesca recuperate e vecchi giocattoli e assorbenti da ottobre 2022. <\/span><a href=\"https:\/\/www.globber.com\/sustainable-scooters\/\"><span data-contrast=\"none\">Scopri di pi\u00f9<\/span><\/a><span data-contrast=\"none\">. <\/span><span data-ccp-props=\"{&quot;201341983&quot;:0,&quot;335559739&quot;:0,&quot;335559740&quot;:240}\">\u00a0<\/span><\/p>\n<p><em><span style=\"font-size: 12px;\">*Nei componenti applicabili; scopri quali componenti <a class=\"Hyperlink SCXW90645602 BCX2\" href=\"https:\/\/www.globber.com\/sustainable-scooters\/\" target=\"_blank\" rel=\"noreferrer noopener\"><span class=\"TextRun Underlined SCXW90645602 BCX2\" lang=\"EN-HK\" xml:lang=\"EN-HK\" data-contrast=\"none\"><span class=\"NormalTextRun SCXW90645602 BCX2\" data-ccp-charstyle=\"Hyperlink\">qui<\/span><\/span><\/a><span class=\"TextRun SCXW90645602 BCX2\" lang=\"EN-HK\" xml:lang=\"EN-HK\" data-contrast=\"none\"><span class=\"NormalTextRun SCXW90645602 BCX2\">.<\/span><\/span><\/span><\/em><\/p>\n","protected":false},"excerpt":{"rendered":"<p><strong>Bicicletta senza pedali per bambini piccoli (et\u00e0 12-36 mesi) realizzata con plastica riciclata al 100% e paglia di grano di origine biologica*.<\/strong><\/p>\n","protected":false},"featured_media":13238,"comment_status":"closed","ping_status":"closed","template":"","meta":{"_acf_changed":false,"inline_featured_image":false},"product-special-badges":[],"product_brand":[],"product_cat":[4171,1693,1245],"product_tag":[],"class_list":{"0":"post-13483","1":"product","2":"type-product","3":"status-publish","4":"has-post-thumbnail","6":"product_cat-serie-ecologic","7":"product_cat-balance-bike-per-bambini","8":"product_cat-serie-learning-bike","9":"pa_color-blueberry","10":"pa_color-noce-di-cocco","11":"pa_color-taupe","12":"pa_ean-4146","13":"pa_ean-4145","14":"pa_ean-4170","16":"first","17":"instock","18":"taxable","19":"shipping-taxable","20":"purchasable","21":"product-type-variable","22":"has-default-attributes"},"acf":[],"yoast_head":"<!-- This site is optimized with the Yoast SEO Premium plugin v20.12 (Yoast SEO v23.4) - https:\/\/yoast.com\/wordpress\/plugins\/seo\/ -->\n<title>LEARNING BIKE ECOLOGIC - Globber Italia<\/title>\n<meta name=\"description\" content=\"Con il suo design 100% senza attrezzi, comoda sella a doppia altezza, cestino rimovibile, telaio resistente, impugnatura ergonomica in TPR e ruote leggere in schiuma EVA, LEARNING BIKE ECOLOGIC \u00e8 la bici da passeggio perfetta per esplorare il mondo su due ruote!\u00a0\" \/>\n<meta name=\"robots\" content=\"index, follow, max-snippet:-1, max-image-preview:large, max-video-preview:-1\" \/>\n<link rel=\"canonical\" href=\"https:\/\/www.globber.com\/it\/product\/learning-bike-ecologic\/\" \/>\n<meta property=\"og:locale\" content=\"it_IT\" \/>\n<meta property=\"og:type\" content=\"article\" \/>\n<meta property=\"og:title\" content=\"LEARNING BIKE ECOLOGIC - Globber Italia\" \/>\n<meta property=\"og:description\" content=\"Con il suo design 100% senza attrezzi, comoda sella a doppia altezza, cestino rimovibile, telaio resistente, impugnatura ergonomica in TPR e ruote leggere in schiuma EVA, LEARNING BIKE ECOLOGIC \u00e8 la bici da passeggio perfetta per esplorare il mondo su due ruote!\u00a0\" \/>\n<meta property=\"og:url\" content=\"https:\/\/www.globber.com\/it\/product\/learning-bike-ecologic\/\" \/>\n<meta property=\"og:site_name\" content=\"Globber Italia\" \/>\n<meta property=\"article:modified_time\" content=\"2026-04-25T15:30:12+00:00\" \/>\n<meta property=\"og:image\" content=\"https:\/\/cdn.globber.com\/content\/sites\/14\/2025\/09\/68ca1c7836a1f.jpg\" \/>\n\t<meta property=\"og:image:width\" content=\"1920\" \/>\n\t<meta property=\"og:image:height\" content=\"1920\" \/>\n\t<meta property=\"og:image:type\" content=\"image\/jpeg\" \/>\n<meta name=\"twitter:card\" content=\"summary_large_image\" \/>\n<meta name=\"twitter:label1\" content=\"Availability\" \/>\n\t<meta name=\"twitter:data1\" content=\"In stock\" \/>\n<script type=\"application\/ld+json\" class=\"yoast-schema-graph\">{\"@context\":\"https:\/\/schema.org\",\"@graph\":[{\"@type\":[\"WebPage\",\"ItemPage\"],\"@id\":\"https:\/\/www.globber.com\/it\/product\/learning-bike-ecologic\/\",\"url\":\"https:\/\/www.globber.com\/it\/product\/learning-bike-ecologic\/\",\"name\":\"LEARNING BIKE ECOLOGIC - Globber Italia\",\"isPartOf\":{\"@id\":\"https:\/\/www.globber.com\/it\/#website\"},\"primaryImageOfPage\":{\"@id\":\"https:\/\/www.globber.com\/it\/product\/learning-bike-ecologic\/#primaryimage\"},\"image\":{\"@id\":\"https:\/\/www.globber.com\/it\/product\/learning-bike-ecologic\/#primaryimage\"},\"thumbnailUrl\":\"https:\/\/cdn.globber.com\/content\/sites\/14\/2025\/09\/68ca1c7836a1f.jpg\",\"datePublished\":\"2025-11-02T08:26:42+00:00\",\"dateModified\":\"2026-04-25T15:30:12+00:00\",\"description\":\"Con il suo design 100% senza attrezzi, comoda sella a doppia altezza, cestino rimovibile, telaio resistente, impugnatura ergonomica in TPR e ruote leggere in schiuma EVA, LEARNING BIKE ECOLOGIC \u00e8 la bici da passeggio perfetta per esplorare il mondo su due ruote!\u00a0\",\"breadcrumb\":{\"@id\":\"https:\/\/www.globber.com\/it\/product\/learning-bike-ecologic\/#breadcrumb\"},\"inLanguage\":\"it-IT\",\"potentialAction\":[{\"@type\":\"ReadAction\",\"target\":[\"https:\/\/www.globber.com\/it\/product\/learning-bike-ecologic\/\"]}]},{\"@type\":\"ImageObject\",\"inLanguage\":\"it-IT\",\"@id\":\"https:\/\/www.globber.com\/it\/product\/learning-bike-ecologic\/#primaryimage\",\"url\":\"https:\/\/cdn.globber.com\/content\/sites\/14\/2025\/09\/68ca1c7836a1f.jpg\",\"contentUrl\":\"https:\/\/cdn.globber.com\/content\/sites\/14\/2025\/09\/68ca1c7836a1f.jpg\",\"width\":1920,\"height\":1920},{\"@type\":\"BreadcrumbList\",\"@id\":\"https:\/\/www.globber.com\/it\/product\/learning-bike-ecologic\/#breadcrumb\",\"itemListElement\":[{\"@type\":\"ListItem\",\"position\":1,\"name\":\"Tutti i prodotti\",\"item\":\"https:\/\/www.globber.com\/it\/shop-by-product\/\"},{\"@type\":\"ListItem\",\"position\":2,\"name\":\"LEARNING BIKE ECOLOGIC\"}]},{\"@type\":\"WebSite\",\"@id\":\"https:\/\/www.globber.com\/it\/#website\",\"url\":\"https:\/\/www.globber.com\/it\/\",\"name\":\"Globber Italia\",\"description\":\"Il mondo su ruote\",\"publisher\":{\"@id\":\"https:\/\/www.globber.com\/it\/#organization\"},\"potentialAction\":[{\"@type\":\"SearchAction\",\"target\":{\"@type\":\"EntryPoint\",\"urlTemplate\":\"https:\/\/www.globber.com\/it\/?s={search_term_string}\"},\"query-input\":{\"@type\":\"PropertyValueSpecification\",\"valueRequired\":true,\"valueName\":\"search_term_string\"}}],\"inLanguage\":\"it-IT\"},{\"@type\":\"Organization\",\"@id\":\"https:\/\/www.globber.com\/it\/#organization\",\"name\":\"Globber Italia\",\"url\":\"https:\/\/www.globber.com\/it\/\",\"logo\":{\"@type\":\"ImageObject\",\"inLanguage\":\"it-IT\",\"@id\":\"https:\/\/www.globber.com\/it\/#\/schema\/logo\/image\/\",\"url\":\"https:\/\/cdn.globber.com\/content\/2024\/05\/logo.svg\",\"contentUrl\":\"https:\/\/cdn.globber.com\/content\/2024\/05\/logo.svg\",\"width\":601,\"height\":112,\"caption\":\"Globber Italia\"},\"image\":{\"@id\":\"https:\/\/www.globber.com\/it\/#\/schema\/logo\/image\/\"}}]}<\/script>\n<meta property=\"og:availability\" content=\"instock\" \/>\n<meta property=\"product:availability\" content=\"instock\" \/>\n<meta property=\"product:retailer_item_id\" content=\"736-XXX\" \/>\n<meta property=\"product:condition\" content=\"new\" \/>\n<!-- \/ Yoast SEO Premium plugin. -->","yoast_head_json":{"title":"LEARNING BIKE ECOLOGIC - Globber Italia","description":"Con il suo design 100% senza attrezzi, comoda sella a doppia altezza, cestino rimovibile, telaio resistente, impugnatura ergonomica in TPR e ruote leggere in schiuma EVA, LEARNING BIKE ECOLOGIC \u00e8 la bici da passeggio perfetta per esplorare il mondo su due ruote!\u00a0","robots":{"index":"index","follow":"follow","max-snippet":"max-snippet:-1","max-image-preview":"max-image-preview:large","max-video-preview":"max-video-preview:-1"},"canonical":"https:\/\/www.globber.com\/it\/product\/learning-bike-ecologic\/","og_locale":"it_IT","og_type":"article","og_title":"LEARNING BIKE ECOLOGIC - Globber Italia","og_description":"Con il suo design 100% senza attrezzi, comoda sella a doppia altezza, cestino rimovibile, telaio resistente, impugnatura ergonomica in TPR e ruote leggere in schiuma EVA, LEARNING BIKE ECOLOGIC \u00e8 la bici da passeggio perfetta per esplorare il mondo su due ruote!\u00a0","og_url":"https:\/\/www.globber.com\/it\/product\/learning-bike-ecologic\/","og_site_name":"Globber Italia","article_modified_time":"2026-04-25T15:30:12+00:00","og_image":[{"width":1920,"height":1920,"url":"https:\/\/cdn.globber.com\/content\/sites\/14\/2025\/09\/68ca1c7836a1f.jpg","type":"image\/jpeg"}],"twitter_card":"summary_large_image","twitter_misc":{"Availability":"In stock"},"schema":{"@context":"https:\/\/schema.org","@graph":[{"@type":["WebPage","ItemPage"],"@id":"https:\/\/www.globber.com\/it\/product\/learning-bike-ecologic\/","url":"https:\/\/www.globber.com\/it\/product\/learning-bike-ecologic\/","name":"LEARNING BIKE ECOLOGIC - Globber Italia","isPartOf":{"@id":"https:\/\/www.globber.com\/it\/#website"},"primaryImageOfPage":{"@id":"https:\/\/www.globber.com\/it\/product\/learning-bike-ecologic\/#primaryimage"},"image":{"@id":"https:\/\/www.globber.com\/it\/product\/learning-bike-ecologic\/#primaryimage"},"thumbnailUrl":"https:\/\/cdn.globber.com\/content\/sites\/14\/2025\/09\/68ca1c7836a1f.jpg","datePublished":"2025-11-02T08:26:42+00:00","dateModified":"2026-04-25T15:30:12+00:00","description":"Con il suo design 100% senza attrezzi, comoda sella a doppia altezza, cestino rimovibile, telaio resistente, impugnatura ergonomica in TPR e ruote leggere in schiuma EVA, LEARNING BIKE ECOLOGIC \u00e8 la bici da passeggio perfetta per esplorare il mondo su due ruote!\u00a0","breadcrumb":{"@id":"https:\/\/www.globber.com\/it\/product\/learning-bike-ecologic\/#breadcrumb"},"inLanguage":"it-IT","potentialAction":[{"@type":"ReadAction","target":["https:\/\/www.globber.com\/it\/product\/learning-bike-ecologic\/"]}]},{"@type":"ImageObject","inLanguage":"it-IT","@id":"https:\/\/www.globber.com\/it\/product\/learning-bike-ecologic\/#primaryimage","url":"https:\/\/cdn.globber.com\/content\/sites\/14\/2025\/09\/68ca1c7836a1f.jpg","contentUrl":"https:\/\/cdn.globber.com\/content\/sites\/14\/2025\/09\/68ca1c7836a1f.jpg","width":1920,"height":1920},{"@type":"BreadcrumbList","@id":"https:\/\/www.globber.com\/it\/product\/learning-bike-ecologic\/#breadcrumb","itemListElement":[{"@type":"ListItem","position":1,"name":"Tutti i prodotti","item":"https:\/\/www.globber.com\/it\/shop-by-product\/"},{"@type":"ListItem","position":2,"name":"LEARNING BIKE ECOLOGIC"}]},{"@type":"WebSite","@id":"https:\/\/www.globber.com\/it\/#website","url":"https:\/\/www.globber.com\/it\/","name":"Globber Italia","description":"Il mondo su ruote","publisher":{"@id":"https:\/\/www.globber.com\/it\/#organization"},"potentialAction":[{"@type":"SearchAction","target":{"@type":"EntryPoint","urlTemplate":"https:\/\/www.globber.com\/it\/?s={search_term_string}"},"query-input":{"@type":"PropertyValueSpecification","valueRequired":true,"valueName":"search_term_string"}}],"inLanguage":"it-IT"},{"@type":"Organization","@id":"https:\/\/www.globber.com\/it\/#organization","name":"Globber Italia","url":"https:\/\/www.globber.com\/it\/","logo":{"@type":"ImageObject","inLanguage":"it-IT","@id":"https:\/\/www.globber.com\/it\/#\/schema\/logo\/image\/","url":"https:\/\/cdn.globber.com\/content\/2024\/05\/logo.svg","contentUrl":"https:\/\/cdn.globber.com\/content\/2024\/05\/logo.svg","width":601,"height":112,"caption":"Globber Italia"},"image":{"@id":"https:\/\/www.globber.com\/it\/#\/schema\/logo\/image\/"}}]},"og_availability":"instock","product_availability":"instock","product_retailer_item_id":"736-XXX","product_condition":"new"},"_links":{"self":[{"href":"https:\/\/www.globber.com\/it\/wp-json\/wp\/v2\/product\/13483","targetHints":{"allow":["GET"]}}],"collection":[{"href":"https:\/\/www.globber.com\/it\/wp-json\/wp\/v2\/product"}],"about":[{"href":"https:\/\/www.globber.com\/it\/wp-json\/wp\/v2\/types\/product"}],"replies":[{"embeddable":true,"href":"https:\/\/www.globber.com\/it\/wp-json\/wp\/v2\/comments?post=13483"}],"wp:featuredmedia":[{"embeddable":true,"href":"https:\/\/www.globber.com\/it\/wp-json\/wp\/v2\/media\/13238"}],"wp:attachment":[{"href":"https:\/\/www.globber.com\/it\/wp-json\/wp\/v2\/media?parent=13483"}],"wp:term":[{"taxonomy":"product-special-badges","embeddable":true,"href":"https:\/\/www.globber.com\/it\/wp-json\/wp\/v2\/product-special-badges?post=13483"},{"taxonomy":"product_brand","embeddable":true,"href":"https:\/\/www.globber.com\/it\/wp-json\/wp\/v2\/product_brand?post=13483"},{"taxonomy":"product_cat","embeddable":true,"href":"https:\/\/www.globber.com\/it\/wp-json\/wp\/v2\/product_cat?post=13483"},{"taxonomy":"product_tag","embeddable":true,"href":"https:\/\/www.globber.com\/it\/wp-json\/wp\/v2\/product_tag?post=13483"}],"curies":[{"name":"wp","href":"https:\/\/api.w.org\/{rel}","templated":true}]}}