{"id":13486,"date":"2026-03-10T15:52:36","date_gmt":"2026-03-10T14:52:36","guid":{"rendered":"https:\/\/www.globber.com\/it\/?post_type=product&#038;p=13486"},"modified":"2026-03-10T15:57:21","modified_gmt":"2026-03-10T14:57:21","slug":"learning-trike-2in1-plus-ecologic","status":"publish","type":"product","link":"https:\/\/www.globber.com\/it\/product\/learning-trike-2in1-plus-ecologic\/","title":{"rendered":"LEARNING TRIKE 2in1 PLUS ECOLOGIC"},"content":{"rendered":"<p><span data-contrast=\"auto\">LEARNING TRIKE 2in1 PLUS <\/span><b><span data-contrast=\"auto\">ECO<\/span><\/b><span data-contrast=\"auto\">LOGIC \u00e8 un triciclo convertibile a 3 ruote per i pi\u00f9 piccoli che vogliono imparare a padroneggiare le capacit\u00e0 motorie e l'equilibrio divertendosi<\/span><span data-contrast=\"auto\">! <\/span><span data-ccp-props=\"{&quot;201341983&quot;:0,&quot;335559739&quot;:0,&quot;335559740&quot;:240}\">\u00a0<\/span><\/p>\n<p><span data-contrast=\"auto\">Scopri le due modalit\u00e0 di gioco di LEARNING TRIKE 2in1 PLUS <\/span><b><span data-contrast=\"auto\">ECO<\/span><\/b><span data-contrast=\"auto\">LOGIC: triciclo di allenamento, che consente ai pi\u00f9 piccoli di pedalare e sterzare, e la modalit\u00e0 bici da passeggio, che consente ai pi\u00f9 piccoli di stare in equilibrio su due ruote senza pedalare.<\/span><span data-ccp-props=\"{&quot;201341983&quot;:0,&quot;335559739&quot;:0,&quot;335559740&quot;:240}\">\u00a0<\/span><\/p>\n<p><span data-contrast=\"none\">Progettato per bambini dai 12 ai 36 mesi, LEARNING TRIKE 2in1 PLUS <\/span><b><span data-contrast=\"auto\">ECO<\/span><\/b><span data-contrast=\"auto\">LOGIC<\/span><span data-contrast=\"none\"> \u00e8 dotato di un <\/span><span data-contrast=\"auto\">design 100% senza attrezzi, con <\/span><span data-contrast=\"none\">comoda sella a doppia altezza, elementi rimovibili, come il cestino e i pedali, <\/span><span data-contrast=\"auto\">telaio resistente, <\/span><span data-contrast=\"none\">TPR ergonomico impugnature e ruote leggere in schiuma EVA. Un alleato perfetto per le prime avventure su ruote: divertimento assicurato e sviluppo motorio in un unico triciclo!<\/span><\/p>\n<p><span data-contrast=\"auto\">LEARNING TRIKE 2in1 PLUS <b>ECO<\/b>LOGIC <\/span><span data-contrast=\"none\">\u00e8 realizzato con plastica 100% Global Recycled Standard (GRS) e paglia di grano di origine biologica*. <\/span><span data-ccp-props=\"{&quot;201341983&quot;:0,&quot;335559739&quot;:0,&quot;335559740&quot;:240}\">\u00a0<\/span><\/p>\n<p><span data-contrast=\"none\">GRS \u00e8 il punto di riferimento internazionale per verificare la presenza di contenuto riciclato nei prodotti finiti, garantendo la trasparenza sui materiali e promuovendo un'economia circolare.<\/span><span data-ccp-props=\"{&quot;201341983&quot;:0,&quot;335559739&quot;:0,&quot;335559740&quot;:240}\">\u00a0<\/span><\/p>\n<p><span data-contrast=\"none\">Dall'utilizzo di plastica riciclata certificata GRS nei nostri modelli a 3 ruote <\/span><b><span data-contrast=\"none\">ECO<\/span><\/b><span data-contrast=\"none\">LOGIC, siamo riusciti a riutilizzare oltre 118 tonnellate di bottiglie e bicchieri usati, reti da pesca recuperate e vecchi giocattoli e assorbenti da ottobre 2022. <\/span><a href=\"https:\/\/www.globber.com\/sustainable-scooters\/\"><span data-contrast=\"none\">Scopri di pi\u00f9<\/span><\/a><span data-contrast=\"none\">. <\/span><span data-ccp-props=\"{&quot;201341983&quot;:0,&quot;335559739&quot;:0,&quot;335559740&quot;:240}\">\u00a0<\/span><\/p>\n<p><em><span style=\"font-size: 12px\">*Nei componenti applicabili; scopri quali componenti <a class=\"Hyperlink SCXW90645602 BCX2\" href=\"https:\/\/www.globber.com\/sustainable-scooters\/\" target=\"_blank\" rel=\"noreferrer noopener\"><span class=\"TextRun Underlined SCXW90645602 BCX2\" lang=\"EN-HK\" xml:lang=\"EN-HK\" data-contrast=\"none\"><span class=\"NormalTextRun SCXW90645602 BCX2\" data-ccp-charstyle=\"Hyperlink\">qui<\/span><\/span><\/a><span class=\"TextRun SCXW90645602 BCX2\" lang=\"EN-HK\" xml:lang=\"EN-HK\" data-contrast=\"none\"><span class=\"NormalTextRun SCXW90645602 BCX2\">.<\/span><\/span><\/span><\/em><\/p>\n<p>&nbsp;<\/p>\n","protected":false},"excerpt":{"rendered":"<p><b><span data-contrast=\"auto\">Triciclo per bambini piccoli (dai 12 ai 36 mesi) realizzato con plastica riciclata al 100% e paglia di grano di origine biologica*<\/span><\/b><span data-ccp-props=\"{&quot;201341983&quot;:0,&quot;335559739&quot;:0,&quot;335559740&quot;:240}\">\u00a0<\/span><\/p>\n","protected":false},"featured_media":13304,"comment_status":"closed","ping_status":"closed","template":"","meta":{"_acf_changed":false,"inline_featured_image":false},"product-special-badges":[4165],"product_brand":[],"product_cat":[4171,1693,1245,1630],"product_tag":[],"class_list":{"0":"post-13486","1":"product","2":"type-product","3":"status-publish","4":"has-post-thumbnail","6":"product_cat-serie-ecologic","7":"product_cat-balance-bike-per-bambini","8":"product_cat-serie-learning-bike","9":"product_cat-monopattino-per-bambini-trikes-balance-bikes-2","10":"pa_color-noce-di-cocco","11":"pa_color-salvia","12":"pa_ean-4150","13":"pa_ean-4149","15":"first","16":"instock","17":"taxable","18":"shipping-taxable","19":"purchasable","20":"product-type-variable"},"acf":[],"yoast_head":"<!-- This site is optimized with the Yoast SEO Premium plugin v20.12 (Yoast SEO v23.4) - https:\/\/yoast.com\/wordpress\/plugins\/seo\/ -->\n<title>LEARNING TRIKE 2in1 PLUS ECOLOGIC - Globber Italia<\/title>\n<meta name=\"robots\" content=\"index, follow, max-snippet:-1, max-image-preview:large, max-video-preview:-1\" \/>\n<link rel=\"canonical\" href=\"https:\/\/www.globber.com\/it\/product\/learning-trike-2in1-plus-ecologic\/\" \/>\n<meta property=\"og:locale\" content=\"it_IT\" \/>\n<meta property=\"og:type\" content=\"article\" \/>\n<meta property=\"og:title\" content=\"LEARNING TRIKE 2in1 PLUS ECOLOGIC - Globber Italia\" \/>\n<meta property=\"og:description\" content=\"Triciclo per bambini piccoli (dai 12 ai 36 mesi) realizzato con plastica riciclata al 100% e paglia di grano di origine biologica*\u00a0\" \/>\n<meta property=\"og:url\" content=\"https:\/\/www.globber.com\/it\/product\/learning-trike-2in1-plus-ecologic\/\" \/>\n<meta property=\"og:site_name\" content=\"Globber Italia\" \/>\n<meta property=\"article:modified_time\" content=\"2026-03-10T14:57:21+00:00\" \/>\n<meta property=\"og:image\" content=\"https:\/\/cdn.globber.com\/content\/sites\/14\/2025\/09\/68ca2065af856.jpg\" \/>\n\t<meta property=\"og:image:width\" content=\"1920\" \/>\n\t<meta property=\"og:image:height\" content=\"1920\" \/>\n\t<meta property=\"og:image:type\" content=\"image\/jpeg\" \/>\n<meta name=\"twitter:card\" content=\"summary_large_image\" \/>\n<meta name=\"twitter:label1\" content=\"Availability\" \/>\n\t<meta name=\"twitter:data1\" content=\"In stock\" \/>\n<script type=\"application\/ld+json\" class=\"yoast-schema-graph\">{\"@context\":\"https:\/\/schema.org\",\"@graph\":[{\"@type\":[\"WebPage\",\"ItemPage\"],\"@id\":\"https:\/\/www.globber.com\/it\/product\/learning-trike-2in1-plus-ecologic\/\",\"url\":\"https:\/\/www.globber.com\/it\/product\/learning-trike-2in1-plus-ecologic\/\",\"name\":\"LEARNING TRIKE 2in1 PLUS ECOLOGIC - Globber Italia\",\"isPartOf\":{\"@id\":\"https:\/\/www.globber.com\/it\/#website\"},\"primaryImageOfPage\":{\"@id\":\"https:\/\/www.globber.com\/it\/product\/learning-trike-2in1-plus-ecologic\/#primaryimage\"},\"image\":{\"@id\":\"https:\/\/www.globber.com\/it\/product\/learning-trike-2in1-plus-ecologic\/#primaryimage\"},\"thumbnailUrl\":\"https:\/\/cdn.globber.com\/content\/sites\/14\/2025\/09\/68ca2065af856.jpg\",\"datePublished\":\"2026-03-10T14:52:36+00:00\",\"dateModified\":\"2026-03-10T14:57:21+00:00\",\"breadcrumb\":{\"@id\":\"https:\/\/www.globber.com\/it\/product\/learning-trike-2in1-plus-ecologic\/#breadcrumb\"},\"inLanguage\":\"it-IT\",\"potentialAction\":[{\"@type\":\"ReadAction\",\"target\":[\"https:\/\/www.globber.com\/it\/product\/learning-trike-2in1-plus-ecologic\/\"]}]},{\"@type\":\"ImageObject\",\"inLanguage\":\"it-IT\",\"@id\":\"https:\/\/www.globber.com\/it\/product\/learning-trike-2in1-plus-ecologic\/#primaryimage\",\"url\":\"https:\/\/cdn.globber.com\/content\/sites\/14\/2025\/09\/68ca2065af856.jpg\",\"contentUrl\":\"https:\/\/cdn.globber.com\/content\/sites\/14\/2025\/09\/68ca2065af856.jpg\",\"width\":1920,\"height\":1920},{\"@type\":\"BreadcrumbList\",\"@id\":\"https:\/\/www.globber.com\/it\/product\/learning-trike-2in1-plus-ecologic\/#breadcrumb\",\"itemListElement\":[{\"@type\":\"ListItem\",\"position\":1,\"name\":\"Tutti i prodotti\",\"item\":\"https:\/\/www.globber.com\/it\/shop-by-product\/\"},{\"@type\":\"ListItem\",\"position\":2,\"name\":\"LEARNING TRIKE 2in1 PLUS ECOLOGIC\"}]},{\"@type\":\"WebSite\",\"@id\":\"https:\/\/www.globber.com\/it\/#website\",\"url\":\"https:\/\/www.globber.com\/it\/\",\"name\":\"Globber Italia\",\"description\":\"Il mondo su ruote\",\"publisher\":{\"@id\":\"https:\/\/www.globber.com\/it\/#organization\"},\"potentialAction\":[{\"@type\":\"SearchAction\",\"target\":{\"@type\":\"EntryPoint\",\"urlTemplate\":\"https:\/\/www.globber.com\/it\/?s={search_term_string}\"},\"query-input\":{\"@type\":\"PropertyValueSpecification\",\"valueRequired\":true,\"valueName\":\"search_term_string\"}}],\"inLanguage\":\"it-IT\"},{\"@type\":\"Organization\",\"@id\":\"https:\/\/www.globber.com\/it\/#organization\",\"name\":\"Globber Italia\",\"url\":\"https:\/\/www.globber.com\/it\/\",\"logo\":{\"@type\":\"ImageObject\",\"inLanguage\":\"it-IT\",\"@id\":\"https:\/\/www.globber.com\/it\/#\/schema\/logo\/image\/\",\"url\":\"https:\/\/cdn.globber.com\/content\/2024\/05\/logo.svg\",\"contentUrl\":\"https:\/\/cdn.globber.com\/content\/2024\/05\/logo.svg\",\"width\":601,\"height\":112,\"caption\":\"Globber Italia\"},\"image\":{\"@id\":\"https:\/\/www.globber.com\/it\/#\/schema\/logo\/image\/\"}}]}<\/script>\n<meta property=\"og:availability\" content=\"instock\" \/>\n<meta property=\"product:availability\" content=\"instock\" \/>\n<meta property=\"product:retailer_item_id\" content=\"737-XXX\" \/>\n<meta property=\"product:condition\" content=\"new\" \/>\n<!-- \/ Yoast SEO Premium plugin. -->","yoast_head_json":{"title":"LEARNING TRIKE 2in1 PLUS ECOLOGIC - Globber Italia","robots":{"index":"index","follow":"follow","max-snippet":"max-snippet:-1","max-image-preview":"max-image-preview:large","max-video-preview":"max-video-preview:-1"},"canonical":"https:\/\/www.globber.com\/it\/product\/learning-trike-2in1-plus-ecologic\/","og_locale":"it_IT","og_type":"article","og_title":"LEARNING TRIKE 2in1 PLUS ECOLOGIC - Globber Italia","og_description":"Triciclo per bambini piccoli (dai 12 ai 36 mesi) realizzato con plastica riciclata al 100% e paglia di grano di origine biologica*\u00a0","og_url":"https:\/\/www.globber.com\/it\/product\/learning-trike-2in1-plus-ecologic\/","og_site_name":"Globber Italia","article_modified_time":"2026-03-10T14:57:21+00:00","og_image":[{"width":1920,"height":1920,"url":"https:\/\/cdn.globber.com\/content\/sites\/14\/2025\/09\/68ca2065af856.jpg","type":"image\/jpeg"}],"twitter_card":"summary_large_image","twitter_misc":{"Availability":"In stock"},"schema":{"@context":"https:\/\/schema.org","@graph":[{"@type":["WebPage","ItemPage"],"@id":"https:\/\/www.globber.com\/it\/product\/learning-trike-2in1-plus-ecologic\/","url":"https:\/\/www.globber.com\/it\/product\/learning-trike-2in1-plus-ecologic\/","name":"LEARNING TRIKE 2in1 PLUS ECOLOGIC - Globber Italia","isPartOf":{"@id":"https:\/\/www.globber.com\/it\/#website"},"primaryImageOfPage":{"@id":"https:\/\/www.globber.com\/it\/product\/learning-trike-2in1-plus-ecologic\/#primaryimage"},"image":{"@id":"https:\/\/www.globber.com\/it\/product\/learning-trike-2in1-plus-ecologic\/#primaryimage"},"thumbnailUrl":"https:\/\/cdn.globber.com\/content\/sites\/14\/2025\/09\/68ca2065af856.jpg","datePublished":"2026-03-10T14:52:36+00:00","dateModified":"2026-03-10T14:57:21+00:00","breadcrumb":{"@id":"https:\/\/www.globber.com\/it\/product\/learning-trike-2in1-plus-ecologic\/#breadcrumb"},"inLanguage":"it-IT","potentialAction":[{"@type":"ReadAction","target":["https:\/\/www.globber.com\/it\/product\/learning-trike-2in1-plus-ecologic\/"]}]},{"@type":"ImageObject","inLanguage":"it-IT","@id":"https:\/\/www.globber.com\/it\/product\/learning-trike-2in1-plus-ecologic\/#primaryimage","url":"https:\/\/cdn.globber.com\/content\/sites\/14\/2025\/09\/68ca2065af856.jpg","contentUrl":"https:\/\/cdn.globber.com\/content\/sites\/14\/2025\/09\/68ca2065af856.jpg","width":1920,"height":1920},{"@type":"BreadcrumbList","@id":"https:\/\/www.globber.com\/it\/product\/learning-trike-2in1-plus-ecologic\/#breadcrumb","itemListElement":[{"@type":"ListItem","position":1,"name":"Tutti i prodotti","item":"https:\/\/www.globber.com\/it\/shop-by-product\/"},{"@type":"ListItem","position":2,"name":"LEARNING TRIKE 2in1 PLUS ECOLOGIC"}]},{"@type":"WebSite","@id":"https:\/\/www.globber.com\/it\/#website","url":"https:\/\/www.globber.com\/it\/","name":"Globber Italia","description":"Il mondo su ruote","publisher":{"@id":"https:\/\/www.globber.com\/it\/#organization"},"potentialAction":[{"@type":"SearchAction","target":{"@type":"EntryPoint","urlTemplate":"https:\/\/www.globber.com\/it\/?s={search_term_string}"},"query-input":{"@type":"PropertyValueSpecification","valueRequired":true,"valueName":"search_term_string"}}],"inLanguage":"it-IT"},{"@type":"Organization","@id":"https:\/\/www.globber.com\/it\/#organization","name":"Globber Italia","url":"https:\/\/www.globber.com\/it\/","logo":{"@type":"ImageObject","inLanguage":"it-IT","@id":"https:\/\/www.globber.com\/it\/#\/schema\/logo\/image\/","url":"https:\/\/cdn.globber.com\/content\/2024\/05\/logo.svg","contentUrl":"https:\/\/cdn.globber.com\/content\/2024\/05\/logo.svg","width":601,"height":112,"caption":"Globber Italia"},"image":{"@id":"https:\/\/www.globber.com\/it\/#\/schema\/logo\/image\/"}}]},"og_availability":"instock","product_availability":"instock","product_retailer_item_id":"737-XXX","product_condition":"new"},"_links":{"self":[{"href":"https:\/\/www.globber.com\/it\/wp-json\/wp\/v2\/product\/13486","targetHints":{"allow":["GET"]}}],"collection":[{"href":"https:\/\/www.globber.com\/it\/wp-json\/wp\/v2\/product"}],"about":[{"href":"https:\/\/www.globber.com\/it\/wp-json\/wp\/v2\/types\/product"}],"replies":[{"embeddable":true,"href":"https:\/\/www.globber.com\/it\/wp-json\/wp\/v2\/comments?post=13486"}],"wp:featuredmedia":[{"embeddable":true,"href":"https:\/\/www.globber.com\/it\/wp-json\/wp\/v2\/media\/13304"}],"wp:attachment":[{"href":"https:\/\/www.globber.com\/it\/wp-json\/wp\/v2\/media?parent=13486"}],"wp:term":[{"taxonomy":"product-special-badges","embeddable":true,"href":"https:\/\/www.globber.com\/it\/wp-json\/wp\/v2\/product-special-badges?post=13486"},{"taxonomy":"product_brand","embeddable":true,"href":"https:\/\/www.globber.com\/it\/wp-json\/wp\/v2\/product_brand?post=13486"},{"taxonomy":"product_cat","embeddable":true,"href":"https:\/\/www.globber.com\/it\/wp-json\/wp\/v2\/product_cat?post=13486"},{"taxonomy":"product_tag","embeddable":true,"href":"https:\/\/www.globber.com\/it\/wp-json\/wp\/v2\/product_tag?post=13486"}],"curies":[{"name":"wp","href":"https:\/\/api.w.org\/{rel}","templated":true}]}}