{"id":5797,"date":"2022-11-28T13:59:37","date_gmt":"2022-11-28T13:59:37","guid":{"rendered":"https:\/\/www.globber.com\/it\/product\/explorer-trike-foldable-4in1\/"},"modified":"2026-03-10T15:41:39","modified_gmt":"2026-03-10T14:41:39","slug":"explorer-trike-foldable-4in1","status":"publish","type":"product","link":"https:\/\/www.globber.com\/it\/product\/explorer-trike-foldable-4in1\/","title":{"rendered":"EXPLORER TRIKE FOLDABLE 4in1"},"content":{"rendered":"<p>Esplorate con i vostri piccoli ovunque e in qualsiasi momento con EXPLORER TRIKE FOLDABLE 4in1. Questo triciclo pieghevole tutto in uno per i pi\u00f9 piccoli offre ancora pi\u00f9 comodit\u00e0 alle famiglie sempre in movimento, grazie a un sistema pieghevole brevettato che ne facilita il trasporto quando si \u00e8 fuori casa!<\/p>\n<p>EXPLORER TRIKE FOLDABLE 4in1 offre 4 modi di giocare - trike per neonati (10-36M), trike guidato (18-36M), trike da allenamento (24-36M) e balance bike (2-5 ANNI) - e si trasforma comodamente insieme allo sviluppo del bambino.<\/p>\n<p>EXPLORER TRIKE FOLDABLE 4in1 \u00e8 dotato di un design 100% senza attrezzi, di un sedile pieghevole con schienale alto e poggiatesta e di un manubrio intelligente. Inoltre \u00e8 dotato di una maniglia regolabile a 2 altezze e di un sistema di sterzo, di ruote in schiuma EVA antiforatura con un meccanismo brevettato per la ruota posteriore, di un poggiapiedi rimovibile e di una sella regolabile a 2 altezze, tutte caratteristiche che offrono ancora pi\u00f9 funzionalit\u00e0! &lt;\/p<\/p>\n","protected":false},"excerpt":{"rendered":"<p><strong>Triciclo 2-in-1 per bambini e bicicletta senza pedali (10 mesi \u2013 5 anni)<\/strong><\/p>\n","protected":false},"featured_media":10360,"comment_status":"open","ping_status":"closed","template":"","meta":{"_acf_changed":false,"inline_featured_image":false},"product-special-badges":[],"product_brand":[],"product_cat":[1243,1630],"product_tag":[],"class_list":{"0":"post-5797","1":"product","2":"type-product","3":"status-publish","4":"has-post-thumbnail","6":"product-badges-transformable","7":"product-badges-tool-less","8":"product-badges-foldable","9":"product-badges-all-in-one","10":"product_cat-serie-explorer-trike","11":"product_cat-monopattino-per-bambini-trikes-balance-bikes-2","12":"pa_altezza-dei-sedili-sella-33-36cm-da-terra-sedile-con-schienale-alto-34-37cm-da-terra","13":"pa_altezza-utente-consigliata-65-105cm","14":"pa_color-oliva","15":"pa_color-rosa-pastello-intenso","16":"pa_dimensioni-delle-ruote-220-mm-larghezza-36mm-posteriore","17":"pa_dimensioni-delle-ruote-250mm-larghezza-44mm-anteriore","18":"pa_ean-3178","19":"pa_ean-3180","20":"pa_fascia-deta-10m-5a","21":"pa_materiale-delle-ruote-schiuma-eva","22":"pa_peso-del-prodotto-netto-7-5kg","23":"pa_peso-massimo-utente-balance-bike-trike-guidato-modalita-training-trike-da-20-kg","24":"pa_peso-massimo-utente-15kg-infant-trike-modalita","25":"pa_pieghevole-si","26":"pa_regolabile-si","27":"pa_tipo-di-prodotto-balance-bike","28":"pa_tipo-di-prodotto-infant-trike","29":"pa_tipo-di-prodotto-training-trike","30":"pa_tipo-di-prodotto-trike-guidato","32":"first","33":"instock","34":"taxable","35":"shipping-taxable","36":"purchasable","37":"product-type-variable"},"acf":[],"yoast_head":"<!-- This site is optimized with the Yoast SEO Premium plugin v20.12 (Yoast SEO v23.4) - https:\/\/yoast.com\/wordpress\/plugins\/seo\/ -->\n<title>Foldable Tricycle: EXPLORER TRIKE FOLDABLE 4in1 \u2013 Globber<\/title>\n<meta name=\"description\" content=\"Know more about EXPLORER TRIKE FOLDABLE 4in1\u2013 an innovative, lightweight, and now foldable tricycle that&#039;s easy to transport and compactly store!\" \/>\n<meta name=\"robots\" content=\"index, follow, max-snippet:-1, max-image-preview:large, max-video-preview:-1\" \/>\n<link rel=\"canonical\" href=\"https:\/\/www.globber.com\/it\/product\/explorer-trike-foldable-4in1\/\" \/>\n<meta property=\"og:locale\" content=\"it_IT\" \/>\n<meta property=\"og:type\" content=\"article\" \/>\n<meta property=\"og:title\" content=\"Foldable Tricycle: EXPLORER TRIKE FOLDABLE 4in1 \u2013 Globber\" \/>\n<meta property=\"og:description\" content=\"Know more about EXPLORER TRIKE FOLDABLE 4in1\u2013 an innovative, lightweight, and now foldable tricycle that&#039;s easy to transport and compactly store!\" \/>\n<meta property=\"og:url\" content=\"https:\/\/www.globber.com\/it\/product\/explorer-trike-foldable-4in1\/\" \/>\n<meta property=\"og:site_name\" content=\"Globber Italia\" \/>\n<meta property=\"article:modified_time\" content=\"2026-03-10T14:41:39+00:00\" \/>\n<meta property=\"og:image\" content=\"https:\/\/cdn.globber.com\/content\/2022\/11\/732-104_4-in-1-foldable-tricycle.jpg\" \/>\n\t<meta property=\"og:image:width\" content=\"2048\" \/>\n\t<meta property=\"og:image:height\" content=\"2048\" \/>\n\t<meta property=\"og:image:type\" content=\"image\/jpeg\" \/>\n<meta name=\"twitter:card\" content=\"summary_large_image\" \/>\n<meta name=\"twitter:label1\" content=\"Availability\" \/>\n\t<meta name=\"twitter:data1\" content=\"In stock\" \/>\n<script type=\"application\/ld+json\" class=\"yoast-schema-graph\">{\"@context\":\"https:\/\/schema.org\",\"@graph\":[{\"@type\":[\"WebPage\",\"ItemPage\"],\"@id\":\"https:\/\/www.globber.com\/it\/product\/explorer-trike-foldable-4in1\/\",\"url\":\"https:\/\/www.globber.com\/it\/product\/explorer-trike-foldable-4in1\/\",\"name\":\"Foldable Tricycle: EXPLORER TRIKE FOLDABLE 4in1 \u2013 Globber\",\"isPartOf\":{\"@id\":\"https:\/\/www.globber.com\/it\/#website\"},\"primaryImageOfPage\":{\"@id\":\"https:\/\/www.globber.com\/it\/product\/explorer-trike-foldable-4in1\/#primaryimage\"},\"image\":{\"@id\":\"https:\/\/www.globber.com\/it\/product\/explorer-trike-foldable-4in1\/#primaryimage\"},\"thumbnailUrl\":\"https:\/\/cdn.globber.com\/content\/2022\/11\/732-104_4-in-1-foldable-tricycle.jpg\",\"datePublished\":\"2022-11-28T13:59:37+00:00\",\"dateModified\":\"2026-03-10T14:41:39+00:00\",\"description\":\"Know more about EXPLORER TRIKE FOLDABLE 4in1\u2013 an innovative, lightweight, and now foldable tricycle that's easy to transport and compactly store!\",\"breadcrumb\":{\"@id\":\"https:\/\/www.globber.com\/it\/product\/explorer-trike-foldable-4in1\/#breadcrumb\"},\"inLanguage\":\"it-IT\",\"potentialAction\":[{\"@type\":\"ReadAction\",\"target\":[\"https:\/\/www.globber.com\/it\/product\/explorer-trike-foldable-4in1\/\"]}]},{\"@type\":\"ImageObject\",\"inLanguage\":\"it-IT\",\"@id\":\"https:\/\/www.globber.com\/it\/product\/explorer-trike-foldable-4in1\/#primaryimage\",\"url\":\"https:\/\/cdn.globber.com\/content\/2022\/11\/732-104_4-in-1-foldable-tricycle.jpg\",\"contentUrl\":\"https:\/\/cdn.globber.com\/content\/2022\/11\/732-104_4-in-1-foldable-tricycle.jpg\",\"width\":2048,\"height\":2048},{\"@type\":\"BreadcrumbList\",\"@id\":\"https:\/\/www.globber.com\/it\/product\/explorer-trike-foldable-4in1\/#breadcrumb\",\"itemListElement\":[{\"@type\":\"ListItem\",\"position\":1,\"name\":\"Tutti i prodotti\",\"item\":\"https:\/\/www.globber.com\/it\/shop-by-product\/\"},{\"@type\":\"ListItem\",\"position\":2,\"name\":\"EXPLORER TRIKE FOLDABLE 4in1\"}]},{\"@type\":\"WebSite\",\"@id\":\"https:\/\/www.globber.com\/it\/#website\",\"url\":\"https:\/\/www.globber.com\/it\/\",\"name\":\"Globber Italia\",\"description\":\"Il mondo su ruote\",\"publisher\":{\"@id\":\"https:\/\/www.globber.com\/it\/#organization\"},\"potentialAction\":[{\"@type\":\"SearchAction\",\"target\":{\"@type\":\"EntryPoint\",\"urlTemplate\":\"https:\/\/www.globber.com\/it\/?s={search_term_string}\"},\"query-input\":{\"@type\":\"PropertyValueSpecification\",\"valueRequired\":true,\"valueName\":\"search_term_string\"}}],\"inLanguage\":\"it-IT\"},{\"@type\":\"Organization\",\"@id\":\"https:\/\/www.globber.com\/it\/#organization\",\"name\":\"Globber Italia\",\"url\":\"https:\/\/www.globber.com\/it\/\",\"logo\":{\"@type\":\"ImageObject\",\"inLanguage\":\"it-IT\",\"@id\":\"https:\/\/www.globber.com\/it\/#\/schema\/logo\/image\/\",\"url\":\"https:\/\/cdn.globber.com\/content\/2024\/05\/logo.svg\",\"contentUrl\":\"https:\/\/cdn.globber.com\/content\/2024\/05\/logo.svg\",\"width\":601,\"height\":112,\"caption\":\"Globber Italia\"},\"image\":{\"@id\":\"https:\/\/www.globber.com\/it\/#\/schema\/logo\/image\/\"}}]}<\/script>\n<meta property=\"og:availability\" content=\"instock\" \/>\n<meta property=\"product:availability\" content=\"instock\" \/>\n<meta property=\"product:retailer_item_id\" content=\"732-XXX\" \/>\n<meta property=\"product:condition\" content=\"new\" \/>\n<!-- \/ Yoast SEO Premium plugin. -->","yoast_head_json":{"title":"Foldable Tricycle: EXPLORER TRIKE FOLDABLE 4in1 \u2013 Globber","description":"Know more about EXPLORER TRIKE FOLDABLE 4in1\u2013 an innovative, lightweight, and now foldable tricycle that's easy to transport and compactly store!","robots":{"index":"index","follow":"follow","max-snippet":"max-snippet:-1","max-image-preview":"max-image-preview:large","max-video-preview":"max-video-preview:-1"},"canonical":"https:\/\/www.globber.com\/it\/product\/explorer-trike-foldable-4in1\/","og_locale":"it_IT","og_type":"article","og_title":"Foldable Tricycle: EXPLORER TRIKE FOLDABLE 4in1 \u2013 Globber","og_description":"Know more about EXPLORER TRIKE FOLDABLE 4in1\u2013 an innovative, lightweight, and now foldable tricycle that's easy to transport and compactly store!","og_url":"https:\/\/www.globber.com\/it\/product\/explorer-trike-foldable-4in1\/","og_site_name":"Globber Italia","article_modified_time":"2026-03-10T14:41:39+00:00","og_image":[{"width":2048,"height":2048,"url":"https:\/\/cdn.globber.com\/content\/2022\/11\/732-104_4-in-1-foldable-tricycle.jpg","type":"image\/jpeg"}],"twitter_card":"summary_large_image","twitter_misc":{"Availability":"In stock"},"schema":{"@context":"https:\/\/schema.org","@graph":[{"@type":["WebPage","ItemPage"],"@id":"https:\/\/www.globber.com\/it\/product\/explorer-trike-foldable-4in1\/","url":"https:\/\/www.globber.com\/it\/product\/explorer-trike-foldable-4in1\/","name":"Foldable Tricycle: EXPLORER TRIKE FOLDABLE 4in1 \u2013 Globber","isPartOf":{"@id":"https:\/\/www.globber.com\/it\/#website"},"primaryImageOfPage":{"@id":"https:\/\/www.globber.com\/it\/product\/explorer-trike-foldable-4in1\/#primaryimage"},"image":{"@id":"https:\/\/www.globber.com\/it\/product\/explorer-trike-foldable-4in1\/#primaryimage"},"thumbnailUrl":"https:\/\/cdn.globber.com\/content\/2022\/11\/732-104_4-in-1-foldable-tricycle.jpg","datePublished":"2022-11-28T13:59:37+00:00","dateModified":"2026-03-10T14:41:39+00:00","description":"Know more about EXPLORER TRIKE FOLDABLE 4in1\u2013 an innovative, lightweight, and now foldable tricycle that's easy to transport and compactly store!","breadcrumb":{"@id":"https:\/\/www.globber.com\/it\/product\/explorer-trike-foldable-4in1\/#breadcrumb"},"inLanguage":"it-IT","potentialAction":[{"@type":"ReadAction","target":["https:\/\/www.globber.com\/it\/product\/explorer-trike-foldable-4in1\/"]}]},{"@type":"ImageObject","inLanguage":"it-IT","@id":"https:\/\/www.globber.com\/it\/product\/explorer-trike-foldable-4in1\/#primaryimage","url":"https:\/\/cdn.globber.com\/content\/2022\/11\/732-104_4-in-1-foldable-tricycle.jpg","contentUrl":"https:\/\/cdn.globber.com\/content\/2022\/11\/732-104_4-in-1-foldable-tricycle.jpg","width":2048,"height":2048},{"@type":"BreadcrumbList","@id":"https:\/\/www.globber.com\/it\/product\/explorer-trike-foldable-4in1\/#breadcrumb","itemListElement":[{"@type":"ListItem","position":1,"name":"Tutti i prodotti","item":"https:\/\/www.globber.com\/it\/shop-by-product\/"},{"@type":"ListItem","position":2,"name":"EXPLORER TRIKE FOLDABLE 4in1"}]},{"@type":"WebSite","@id":"https:\/\/www.globber.com\/it\/#website","url":"https:\/\/www.globber.com\/it\/","name":"Globber Italia","description":"Il mondo su ruote","publisher":{"@id":"https:\/\/www.globber.com\/it\/#organization"},"potentialAction":[{"@type":"SearchAction","target":{"@type":"EntryPoint","urlTemplate":"https:\/\/www.globber.com\/it\/?s={search_term_string}"},"query-input":{"@type":"PropertyValueSpecification","valueRequired":true,"valueName":"search_term_string"}}],"inLanguage":"it-IT"},{"@type":"Organization","@id":"https:\/\/www.globber.com\/it\/#organization","name":"Globber Italia","url":"https:\/\/www.globber.com\/it\/","logo":{"@type":"ImageObject","inLanguage":"it-IT","@id":"https:\/\/www.globber.com\/it\/#\/schema\/logo\/image\/","url":"https:\/\/cdn.globber.com\/content\/2024\/05\/logo.svg","contentUrl":"https:\/\/cdn.globber.com\/content\/2024\/05\/logo.svg","width":601,"height":112,"caption":"Globber Italia"},"image":{"@id":"https:\/\/www.globber.com\/it\/#\/schema\/logo\/image\/"}}]},"og_availability":"instock","product_availability":"instock","product_retailer_item_id":"732-XXX","product_condition":"new"},"_links":{"self":[{"href":"https:\/\/www.globber.com\/it\/wp-json\/wp\/v2\/product\/5797","targetHints":{"allow":["GET"]}}],"collection":[{"href":"https:\/\/www.globber.com\/it\/wp-json\/wp\/v2\/product"}],"about":[{"href":"https:\/\/www.globber.com\/it\/wp-json\/wp\/v2\/types\/product"}],"replies":[{"embeddable":true,"href":"https:\/\/www.globber.com\/it\/wp-json\/wp\/v2\/comments?post=5797"}],"wp:featuredmedia":[{"embeddable":true,"href":"https:\/\/www.globber.com\/it\/wp-json\/wp\/v2\/media\/10360"}],"wp:attachment":[{"href":"https:\/\/www.globber.com\/it\/wp-json\/wp\/v2\/media?parent=5797"}],"wp:term":[{"taxonomy":"product-special-badges","embeddable":true,"href":"https:\/\/www.globber.com\/it\/wp-json\/wp\/v2\/product-special-badges?post=5797"},{"taxonomy":"product_brand","embeddable":true,"href":"https:\/\/www.globber.com\/it\/wp-json\/wp\/v2\/product_brand?post=5797"},{"taxonomy":"product_cat","embeddable":true,"href":"https:\/\/www.globber.com\/it\/wp-json\/wp\/v2\/product_cat?post=5797"},{"taxonomy":"product_tag","embeddable":true,"href":"https:\/\/www.globber.com\/it\/wp-json\/wp\/v2\/product_tag?post=5797"}],"curies":[{"name":"wp","href":"https:\/\/api.w.org\/{rel}","templated":true}]}}