{"id":5902,"date":"2022-11-28T14:04:19","date_gmt":"2022-11-28T14:04:19","guid":{"rendered":"https:\/\/www.globber.com\/it\/product\/e-motion-6\/"},"modified":"2026-04-07T11:28:24","modified_gmt":"2026-04-07T09:28:24","slug":"e-motion-6","status":"publish","type":"product","link":"https:\/\/www.globber.com\/it\/product\/e-motion-6\/","title":{"rendered":"ONE K E-MOTION 6"},"content":{"rendered":"<p>Di cosa hanno bisogno i bambini? Spazi aperti, aria fresca, giochi all'aperto e divertimento sicuro! Tutto questo \u00e8 possibile con E-MOTION 6, un monopattino elettrico a 2 ruote, sicuro e illuminato, per bambini e ragazzi (dai 6 anni in su), che pu\u00f2 essere guidato per tutto il giorno, con pedana e ruote che illuminano la strada!<\/p>\n<p>Grazie ai colori vivaci, al motore potente e alla batteria di qualit\u00e0, all'acceleratore adatto ai bambini con modalit\u00e0 di velocit\u00e0 sicure, alla pedana antiscivolo e illuminata, al sistema a doppia frenata, al manubrio a T regolabile su due altezze e alle ruote illuminate, E-MOTION 6 \u00e8 un e-scooter a 2 ruote affidabile e divertente, progettato pensando per i bambini!<\/p>\n","protected":false},"excerpt":{"rendered":"<p><strong>Monopattino elettrico a 2 ruote e illuminato per bambini e ragazzi (dai 6 anni in su)<\/strong><\/p>\n","protected":false},"featured_media":10492,"comment_status":"open","ping_status":"closed","template":"","meta":{"_acf_changed":false,"inline_featured_image":false},"product-special-badges":[],"product_brand":[],"product_cat":[3120,337,1692,1685,485],"product_tag":[],"class_list":{"0":"post-5902","1":"product","2":"type-product","3":"status-publish","4":"has-post-thumbnail","6":"product-badges-light-up","7":"product-badges-electric","8":"product-badges-dual-brake","9":"product-badges-anti-slip","10":"product_cat-tutte-le-serie-ragazzi","11":"product_cat-monopattini-elettrici-per-tutte-le-eta","12":"product_cat-monopattini-a-2-ruote-per-tutte-le-eta","13":"product_cat-serie-e-motion","14":"product_cat-monopattino-per-ragazzi","15":"pa_altezza-manubrio-77-5-87-5cm-da-terra","16":"pa_altezza-utente-consigliata-115-160cm","17":"pa_batteria-litio-14-4v-2-9ah","18":"pa_categorie-di-prodotto-monopattini-elettrici-per-tutte-le-eta","19":"pa_color-blu-navy","20":"pa_color-rosa-corallo","21":"pa_color-verde-smeraldo-scuro","22":"pa_dimensioni-del-ponte-l-12-5cm-x-l-58cm","23":"pa_dimensioni-delle-ruote-121mm-larghezza-36mm-anteriore","24":"pa_dimensioni-delle-ruote-90mm-larghezza-50mm-posteriore","25":"pa_ean-3282","26":"pa_ean-3283","27":"pa_ean-3284","28":"pa_fascia-deta-6-12-a","29":"pa_freni-e-abs-freno-posteriore-meccanico","30":"pa_gamma-8-10-km","31":"pa_materiale-del-ponte-composito-pp-fibra-metallo-telaio-silicone-grip","32":"pa_materiale-delle-ruote-realizzato-in-pu-ad-alta-resistenza","33":"pa_peso-del-prodotto-netto-4-8kg","34":"pa_peso-massimo-utente-50kg","35":"pa_pieghevole-no","36":"pa_potenza-motore-motore-brushless-da-80w","37":"pa_product-badges-anti-scivolo","38":"pa_product-badges-con-luci","39":"pa_product-badges-doppio-freno","40":"pa_product-badges-elettrico","41":"pa_regolabile-si","42":"pa_velocita-massima-mode-1-0-6-km-h-mode-2-0-10-km-h","44":"first","45":"instock","46":"taxable","47":"shipping-taxable","48":"purchasable","49":"product-type-variable"},"acf":[],"yoast_head":"<!-- This site is optimized with the Yoast SEO Premium plugin v20.12 (Yoast SEO v23.4) - https:\/\/yoast.com\/wordpress\/plugins\/seo\/ -->\n<title>Electric Scooters for 13-Year-Olds: E-MOTION 6 \u2013 Globber<\/title>\n<meta name=\"description\" content=\"Go electric on 2-wheels with Globber! This electric scooter for teens with light-up deck and wheels is super safe and easy to ride. Find out more!\" \/>\n<meta name=\"robots\" content=\"index, follow, max-snippet:-1, max-image-preview:large, max-video-preview:-1\" \/>\n<link rel=\"canonical\" href=\"https:\/\/www.globber.com\/it\/product\/e-motion-6\/\" \/>\n<meta property=\"og:locale\" content=\"it_IT\" \/>\n<meta property=\"og:type\" content=\"article\" \/>\n<meta property=\"og:title\" content=\"Electric Scooters for 13-Year-Olds: E-MOTION 6 \u2013 Globber\" \/>\n<meta property=\"og:description\" content=\"Go electric on 2-wheels with Globber! This electric scooter for teens with light-up deck and wheels is super safe and easy to ride. Find out more!\" \/>\n<meta property=\"og:url\" content=\"https:\/\/www.globber.com\/it\/product\/e-motion-6\/\" \/>\n<meta property=\"og:site_name\" content=\"Globber Italia\" \/>\n<meta property=\"article:modified_time\" content=\"2026-04-07T09:28:24+00:00\" \/>\n<meta property=\"og:image\" content=\"https:\/\/cdn.globber.com\/content\/2022\/11\/756-100_electric-scooter-for-teens.jpg\" \/>\n\t<meta property=\"og:image:width\" content=\"2048\" \/>\n\t<meta property=\"og:image:height\" content=\"2048\" \/>\n\t<meta property=\"og:image:type\" content=\"image\/jpeg\" \/>\n<meta name=\"twitter:card\" content=\"summary_large_image\" \/>\n<meta name=\"twitter:label1\" content=\"Availability\" \/>\n\t<meta name=\"twitter:data1\" content=\"In stock\" \/>\n<script type=\"application\/ld+json\" class=\"yoast-schema-graph\">{\"@context\":\"https:\/\/schema.org\",\"@graph\":[{\"@type\":[\"WebPage\",\"ItemPage\"],\"@id\":\"https:\/\/www.globber.com\/it\/product\/e-motion-6\/\",\"url\":\"https:\/\/www.globber.com\/it\/product\/e-motion-6\/\",\"name\":\"Electric Scooters for 13-Year-Olds: E-MOTION 6 \u2013 Globber\",\"isPartOf\":{\"@id\":\"https:\/\/www.globber.com\/it\/#website\"},\"primaryImageOfPage\":{\"@id\":\"https:\/\/www.globber.com\/it\/product\/e-motion-6\/#primaryimage\"},\"image\":{\"@id\":\"https:\/\/www.globber.com\/it\/product\/e-motion-6\/#primaryimage\"},\"thumbnailUrl\":\"https:\/\/cdn.globber.com\/content\/2022\/11\/756-100_electric-scooter-for-teens.jpg\",\"datePublished\":\"2022-11-28T14:04:19+00:00\",\"dateModified\":\"2026-04-07T09:28:24+00:00\",\"description\":\"Go electric on 2-wheels with Globber! This electric scooter for teens with light-up deck and wheels is super safe and easy to ride. Find out more!\",\"breadcrumb\":{\"@id\":\"https:\/\/www.globber.com\/it\/product\/e-motion-6\/#breadcrumb\"},\"inLanguage\":\"it-IT\",\"potentialAction\":[{\"@type\":\"ReadAction\",\"target\":[\"https:\/\/www.globber.com\/it\/product\/e-motion-6\/\"]}]},{\"@type\":\"ImageObject\",\"inLanguage\":\"it-IT\",\"@id\":\"https:\/\/www.globber.com\/it\/product\/e-motion-6\/#primaryimage\",\"url\":\"https:\/\/cdn.globber.com\/content\/2022\/11\/756-100_electric-scooter-for-teens.jpg\",\"contentUrl\":\"https:\/\/cdn.globber.com\/content\/2022\/11\/756-100_electric-scooter-for-teens.jpg\",\"width\":2048,\"height\":2048},{\"@type\":\"BreadcrumbList\",\"@id\":\"https:\/\/www.globber.com\/it\/product\/e-motion-6\/#breadcrumb\",\"itemListElement\":[{\"@type\":\"ListItem\",\"position\":1,\"name\":\"Tutti i prodotti\",\"item\":\"https:\/\/www.globber.com\/it\/shop-by-product\/\"},{\"@type\":\"ListItem\",\"position\":2,\"name\":\"ONE K E-MOTION 6\"}]},{\"@type\":\"WebSite\",\"@id\":\"https:\/\/www.globber.com\/it\/#website\",\"url\":\"https:\/\/www.globber.com\/it\/\",\"name\":\"Globber Italia\",\"description\":\"Il mondo su ruote\",\"publisher\":{\"@id\":\"https:\/\/www.globber.com\/it\/#organization\"},\"potentialAction\":[{\"@type\":\"SearchAction\",\"target\":{\"@type\":\"EntryPoint\",\"urlTemplate\":\"https:\/\/www.globber.com\/it\/?s={search_term_string}\"},\"query-input\":{\"@type\":\"PropertyValueSpecification\",\"valueRequired\":true,\"valueName\":\"search_term_string\"}}],\"inLanguage\":\"it-IT\"},{\"@type\":\"Organization\",\"@id\":\"https:\/\/www.globber.com\/it\/#organization\",\"name\":\"Globber Italia\",\"url\":\"https:\/\/www.globber.com\/it\/\",\"logo\":{\"@type\":\"ImageObject\",\"inLanguage\":\"it-IT\",\"@id\":\"https:\/\/www.globber.com\/it\/#\/schema\/logo\/image\/\",\"url\":\"https:\/\/cdn.globber.com\/content\/2024\/05\/logo.svg\",\"contentUrl\":\"https:\/\/cdn.globber.com\/content\/2024\/05\/logo.svg\",\"width\":601,\"height\":112,\"caption\":\"Globber Italia\"},\"image\":{\"@id\":\"https:\/\/www.globber.com\/it\/#\/schema\/logo\/image\/\"}}]}<\/script>\n<meta property=\"og:availability\" content=\"instock\" \/>\n<meta property=\"product:availability\" content=\"instock\" \/>\n<meta property=\"product:retailer_item_id\" content=\"756-xxx\" \/>\n<meta property=\"product:condition\" content=\"new\" \/>\n<!-- \/ Yoast SEO Premium plugin. -->","yoast_head_json":{"title":"Electric Scooters for 13-Year-Olds: E-MOTION 6 \u2013 Globber","description":"Go electric on 2-wheels with Globber! This electric scooter for teens with light-up deck and wheels is super safe and easy to ride. Find out more!","robots":{"index":"index","follow":"follow","max-snippet":"max-snippet:-1","max-image-preview":"max-image-preview:large","max-video-preview":"max-video-preview:-1"},"canonical":"https:\/\/www.globber.com\/it\/product\/e-motion-6\/","og_locale":"it_IT","og_type":"article","og_title":"Electric Scooters for 13-Year-Olds: E-MOTION 6 \u2013 Globber","og_description":"Go electric on 2-wheels with Globber! This electric scooter for teens with light-up deck and wheels is super safe and easy to ride. Find out more!","og_url":"https:\/\/www.globber.com\/it\/product\/e-motion-6\/","og_site_name":"Globber Italia","article_modified_time":"2026-04-07T09:28:24+00:00","og_image":[{"width":2048,"height":2048,"url":"https:\/\/cdn.globber.com\/content\/2022\/11\/756-100_electric-scooter-for-teens.jpg","type":"image\/jpeg"}],"twitter_card":"summary_large_image","twitter_misc":{"Availability":"In stock"},"schema":{"@context":"https:\/\/schema.org","@graph":[{"@type":["WebPage","ItemPage"],"@id":"https:\/\/www.globber.com\/it\/product\/e-motion-6\/","url":"https:\/\/www.globber.com\/it\/product\/e-motion-6\/","name":"Electric Scooters for 13-Year-Olds: E-MOTION 6 \u2013 Globber","isPartOf":{"@id":"https:\/\/www.globber.com\/it\/#website"},"primaryImageOfPage":{"@id":"https:\/\/www.globber.com\/it\/product\/e-motion-6\/#primaryimage"},"image":{"@id":"https:\/\/www.globber.com\/it\/product\/e-motion-6\/#primaryimage"},"thumbnailUrl":"https:\/\/cdn.globber.com\/content\/2022\/11\/756-100_electric-scooter-for-teens.jpg","datePublished":"2022-11-28T14:04:19+00:00","dateModified":"2026-04-07T09:28:24+00:00","description":"Go electric on 2-wheels with Globber! This electric scooter for teens with light-up deck and wheels is super safe and easy to ride. Find out more!","breadcrumb":{"@id":"https:\/\/www.globber.com\/it\/product\/e-motion-6\/#breadcrumb"},"inLanguage":"it-IT","potentialAction":[{"@type":"ReadAction","target":["https:\/\/www.globber.com\/it\/product\/e-motion-6\/"]}]},{"@type":"ImageObject","inLanguage":"it-IT","@id":"https:\/\/www.globber.com\/it\/product\/e-motion-6\/#primaryimage","url":"https:\/\/cdn.globber.com\/content\/2022\/11\/756-100_electric-scooter-for-teens.jpg","contentUrl":"https:\/\/cdn.globber.com\/content\/2022\/11\/756-100_electric-scooter-for-teens.jpg","width":2048,"height":2048},{"@type":"BreadcrumbList","@id":"https:\/\/www.globber.com\/it\/product\/e-motion-6\/#breadcrumb","itemListElement":[{"@type":"ListItem","position":1,"name":"Tutti i prodotti","item":"https:\/\/www.globber.com\/it\/shop-by-product\/"},{"@type":"ListItem","position":2,"name":"ONE K E-MOTION 6"}]},{"@type":"WebSite","@id":"https:\/\/www.globber.com\/it\/#website","url":"https:\/\/www.globber.com\/it\/","name":"Globber Italia","description":"Il mondo su ruote","publisher":{"@id":"https:\/\/www.globber.com\/it\/#organization"},"potentialAction":[{"@type":"SearchAction","target":{"@type":"EntryPoint","urlTemplate":"https:\/\/www.globber.com\/it\/?s={search_term_string}"},"query-input":{"@type":"PropertyValueSpecification","valueRequired":true,"valueName":"search_term_string"}}],"inLanguage":"it-IT"},{"@type":"Organization","@id":"https:\/\/www.globber.com\/it\/#organization","name":"Globber Italia","url":"https:\/\/www.globber.com\/it\/","logo":{"@type":"ImageObject","inLanguage":"it-IT","@id":"https:\/\/www.globber.com\/it\/#\/schema\/logo\/image\/","url":"https:\/\/cdn.globber.com\/content\/2024\/05\/logo.svg","contentUrl":"https:\/\/cdn.globber.com\/content\/2024\/05\/logo.svg","width":601,"height":112,"caption":"Globber Italia"},"image":{"@id":"https:\/\/www.globber.com\/it\/#\/schema\/logo\/image\/"}}]},"og_availability":"instock","product_availability":"instock","product_retailer_item_id":"756-xxx","product_condition":"new"},"_links":{"self":[{"href":"https:\/\/www.globber.com\/it\/wp-json\/wp\/v2\/product\/5902","targetHints":{"allow":["GET"]}}],"collection":[{"href":"https:\/\/www.globber.com\/it\/wp-json\/wp\/v2\/product"}],"about":[{"href":"https:\/\/www.globber.com\/it\/wp-json\/wp\/v2\/types\/product"}],"replies":[{"embeddable":true,"href":"https:\/\/www.globber.com\/it\/wp-json\/wp\/v2\/comments?post=5902"}],"wp:featuredmedia":[{"embeddable":true,"href":"https:\/\/www.globber.com\/it\/wp-json\/wp\/v2\/media\/10492"}],"wp:attachment":[{"href":"https:\/\/www.globber.com\/it\/wp-json\/wp\/v2\/media?parent=5902"}],"wp:term":[{"taxonomy":"product-special-badges","embeddable":true,"href":"https:\/\/www.globber.com\/it\/wp-json\/wp\/v2\/product-special-badges?post=5902"},{"taxonomy":"product_brand","embeddable":true,"href":"https:\/\/www.globber.com\/it\/wp-json\/wp\/v2\/product_brand?post=5902"},{"taxonomy":"product_cat","embeddable":true,"href":"https:\/\/www.globber.com\/it\/wp-json\/wp\/v2\/product_cat?post=5902"},{"taxonomy":"product_tag","embeddable":true,"href":"https:\/\/www.globber.com\/it\/wp-json\/wp\/v2\/product_tag?post=5902"}],"curies":[{"name":"wp","href":"https:\/\/api.w.org\/{rel}","templated":true}]}}