{"id":6016,"date":"2022-11-28T14:09:18","date_gmt":"2022-11-28T14:09:18","guid":{"rendered":"https:\/\/www.globber.com\/it\/product\/nl-205\/"},"modified":"2026-03-10T15:32:37","modified_gmt":"2026-03-10T14:32:37","slug":"nl-205","status":"publish","type":"product","link":"https:\/\/www.globber.com\/it\/product\/nl-205\/","title":{"rendered":"NL 205"},"content":{"rendered":"<p>NL 205 \u00e8 qui per soddisfare il vostro bisogno di velocit\u00e0, perch\u00e9 le ruote grandi significano pi\u00f9 che non \u00e8 solo per adulti! Raggiungete rapidamente i pit stop e le destinazioni, sfrecciando in citt\u00e0 con un fantastico set di ruote perfetto per la scena urbana.<\/p>\n<p>Dotato di grandi ruote fuse in PU da 205 mm, sospensione anteriore incorporata, sistema di ripiegamento brevettato, robusta pedana in alluminio e barra a T regolabile a 3 altezze, NL 205 \u00e8 il monopattino a 2 ruote di grandi dimensioni indispensabile per i bambini in citt\u00e0!<\/p>\n","protected":false},"excerpt":{"rendered":"<p><strong>Grande monopattino a 2 ruote per bambini e ragazzi (8+ anni)<\/strong><\/p>\n<p>&nbsp;<\/p>\n","protected":false},"featured_media":3818,"comment_status":"open","ping_status":"closed","template":"","meta":{"_acf_changed":false,"inline_featured_image":false},"product-special-badges":[],"product_brand":[],"product_cat":[1687,1692,1695,1696,399,485],"product_tag":[],"class_list":{"0":"post-6016","1":"product","2":"type-product","3":"status-publish","4":"has-post-thumbnail","6":"product-badges-self-standing","7":"product-badges-handbrake","8":"product-badges-robust","9":"product-badges-adjustable","10":"product-badges-foldable","11":"product_cat-serie-nl","12":"product_cat-monopattini-a-2-ruote-per-tutte-le-eta","13":"product_cat-monopattini-con-ruote-grandi","14":"product_cat-monopattini-pieghevoli","15":"product_cat-monopattini-per-bambini","16":"product_cat-monopattino-per-ragazzi","17":"pa_altezza-manubrio-98-103-108cm-da-terra","18":"pa_altezza-utente-consigliata-120-200cm","19":"pa_categorie-di-prodotto-monopattini-per-bambini","20":"pa_color-nero-rosso","21":"pa_color-nero-verde-acqua","22":"pa_dimensioni-del-ponte-l-12cm-x-l-55cm","23":"pa_dimensioni-delle-ruote-205mm-larghezza-30mm-anteriore","24":"pa_dimensioni-delle-ruote-205mm-larghezza-30mm-posteriore","25":"pa_ean-3399","26":"pa_ean-3712","27":"pa_fascia-deta-dai-8-anni-fino-agli-adulti","28":"pa_freni-freno-posteriore-meccanico-metallo","29":"pa_materiale-del-ponte-alluminio-sandgrip","30":"pa_materiale-delle-ruote-realizzato-in-pu-ad-alta-resistenza","31":"pa_peso-del-prodotto-netto-4-78kg","32":"pa_peso-massimo-utente-100kg","33":"pa_pieghevole-si","34":"pa_product-badges-autoportante","35":"pa_product-badges-freno-a-mano","36":"pa_product-badges-pieghevole","37":"pa_product-badges-regolabile","38":"pa_product-badges-robustl","39":"pa_regolabile-si","41":"first","42":"instock","43":"taxable","44":"shipping-taxable","45":"purchasable","46":"product-type-variable"},"acf":[],"yoast_head":"<!-- This site is optimized with the Yoast SEO Premium plugin v20.12 (Yoast SEO v23.4) - https:\/\/yoast.com\/wordpress\/plugins\/seo\/ -->\n<title>Big Wheel Scooter for Kids: NL 205 \u2013 Globber<\/title>\n<meta name=\"description\" content=\"Big wheels = Speedy rides. Scoot to your pit stops and final destinations quickly with a big wheel scooter that\u2019s perfect for the urban scene.\" \/>\n<meta name=\"robots\" content=\"index, follow, max-snippet:-1, max-image-preview:large, max-video-preview:-1\" \/>\n<link rel=\"canonical\" href=\"https:\/\/www.globber.com\/it\/product\/nl-205\/\" \/>\n<meta property=\"og:locale\" content=\"it_IT\" \/>\n<meta property=\"og:type\" content=\"article\" \/>\n<meta property=\"og:title\" content=\"Big Wheel Scooter for Kids: NL 205 \u2013 Globber\" \/>\n<meta property=\"og:description\" content=\"Big wheels = Speedy rides. Scoot to your pit stops and final destinations quickly with a big wheel scooter that\u2019s perfect for the urban scene.\" \/>\n<meta property=\"og:url\" content=\"https:\/\/www.globber.com\/it\/product\/nl-205\/\" \/>\n<meta property=\"og:site_name\" content=\"Globber Italia\" \/>\n<meta property=\"article:modified_time\" content=\"2026-03-10T14:32:37+00:00\" \/>\n<meta property=\"og:image\" content=\"https:\/\/cdn.globber.com\/content\/2022\/11\/63838b6d2beda.jpg\" \/>\n\t<meta property=\"og:image:width\" content=\"1920\" \/>\n\t<meta property=\"og:image:height\" content=\"1920\" \/>\n\t<meta property=\"og:image:type\" content=\"image\/jpeg\" \/>\n<meta name=\"twitter:card\" content=\"summary_large_image\" \/>\n<meta name=\"twitter:label1\" content=\"Availability\" \/>\n\t<meta name=\"twitter:data1\" content=\"In stock\" \/>\n<script type=\"application\/ld+json\" class=\"yoast-schema-graph\">{\"@context\":\"https:\/\/schema.org\",\"@graph\":[{\"@type\":[\"WebPage\",\"ItemPage\"],\"@id\":\"https:\/\/www.globber.com\/it\/product\/nl-205\/\",\"url\":\"https:\/\/www.globber.com\/it\/product\/nl-205\/\",\"name\":\"Big Wheel Scooter for Kids: NL 205 \u2013 Globber\",\"isPartOf\":{\"@id\":\"https:\/\/www.globber.com\/it\/#website\"},\"primaryImageOfPage\":{\"@id\":\"https:\/\/www.globber.com\/it\/product\/nl-205\/#primaryimage\"},\"image\":{\"@id\":\"https:\/\/www.globber.com\/it\/product\/nl-205\/#primaryimage\"},\"thumbnailUrl\":\"https:\/\/cdn.globber.com\/content\/2022\/11\/63838b6d2beda.jpg\",\"datePublished\":\"2022-11-28T14:09:18+00:00\",\"dateModified\":\"2026-03-10T14:32:37+00:00\",\"description\":\"Big wheels = Speedy rides. Scoot to your pit stops and final destinations quickly with a big wheel scooter that\u2019s perfect for the urban scene.\",\"breadcrumb\":{\"@id\":\"https:\/\/www.globber.com\/it\/product\/nl-205\/#breadcrumb\"},\"inLanguage\":\"it-IT\",\"potentialAction\":[{\"@type\":\"ReadAction\",\"target\":[\"https:\/\/www.globber.com\/it\/product\/nl-205\/\"]}]},{\"@type\":\"ImageObject\",\"inLanguage\":\"it-IT\",\"@id\":\"https:\/\/www.globber.com\/it\/product\/nl-205\/#primaryimage\",\"url\":\"https:\/\/cdn.globber.com\/content\/2022\/11\/63838b6d2beda.jpg\",\"contentUrl\":\"https:\/\/cdn.globber.com\/content\/2022\/11\/63838b6d2beda.jpg\",\"width\":1920,\"height\":1920},{\"@type\":\"BreadcrumbList\",\"@id\":\"https:\/\/www.globber.com\/it\/product\/nl-205\/#breadcrumb\",\"itemListElement\":[{\"@type\":\"ListItem\",\"position\":1,\"name\":\"Tutti i prodotti\",\"item\":\"https:\/\/www.globber.com\/it\/shop-by-product\/\"},{\"@type\":\"ListItem\",\"position\":2,\"name\":\"NL 205\"}]},{\"@type\":\"WebSite\",\"@id\":\"https:\/\/www.globber.com\/it\/#website\",\"url\":\"https:\/\/www.globber.com\/it\/\",\"name\":\"Globber Italia\",\"description\":\"Il mondo su ruote\",\"publisher\":{\"@id\":\"https:\/\/www.globber.com\/it\/#organization\"},\"potentialAction\":[{\"@type\":\"SearchAction\",\"target\":{\"@type\":\"EntryPoint\",\"urlTemplate\":\"https:\/\/www.globber.com\/it\/?s={search_term_string}\"},\"query-input\":{\"@type\":\"PropertyValueSpecification\",\"valueRequired\":true,\"valueName\":\"search_term_string\"}}],\"inLanguage\":\"it-IT\"},{\"@type\":\"Organization\",\"@id\":\"https:\/\/www.globber.com\/it\/#organization\",\"name\":\"Globber Italia\",\"url\":\"https:\/\/www.globber.com\/it\/\",\"logo\":{\"@type\":\"ImageObject\",\"inLanguage\":\"it-IT\",\"@id\":\"https:\/\/www.globber.com\/it\/#\/schema\/logo\/image\/\",\"url\":\"https:\/\/cdn.globber.com\/content\/2024\/05\/logo.svg\",\"contentUrl\":\"https:\/\/cdn.globber.com\/content\/2024\/05\/logo.svg\",\"width\":601,\"height\":112,\"caption\":\"Globber Italia\"},\"image\":{\"@id\":\"https:\/\/www.globber.com\/it\/#\/schema\/logo\/image\/\"}}]}<\/script>\n<meta property=\"og:availability\" content=\"instock\" \/>\n<meta property=\"product:availability\" content=\"instock\" \/>\n<meta property=\"product:retailer_item_id\" content=\"684-xxx-2\" \/>\n<meta property=\"product:condition\" content=\"new\" \/>\n<!-- \/ Yoast SEO Premium plugin. -->","yoast_head_json":{"title":"Big Wheel Scooter for Kids: NL 205 \u2013 Globber","description":"Big wheels = Speedy rides. Scoot to your pit stops and final destinations quickly with a big wheel scooter that\u2019s perfect for the urban scene.","robots":{"index":"index","follow":"follow","max-snippet":"max-snippet:-1","max-image-preview":"max-image-preview:large","max-video-preview":"max-video-preview:-1"},"canonical":"https:\/\/www.globber.com\/it\/product\/nl-205\/","og_locale":"it_IT","og_type":"article","og_title":"Big Wheel Scooter for Kids: NL 205 \u2013 Globber","og_description":"Big wheels = Speedy rides. Scoot to your pit stops and final destinations quickly with a big wheel scooter that\u2019s perfect for the urban scene.","og_url":"https:\/\/www.globber.com\/it\/product\/nl-205\/","og_site_name":"Globber Italia","article_modified_time":"2026-03-10T14:32:37+00:00","og_image":[{"width":1920,"height":1920,"url":"https:\/\/cdn.globber.com\/content\/2022\/11\/63838b6d2beda.jpg","type":"image\/jpeg"}],"twitter_card":"summary_large_image","twitter_misc":{"Availability":"In stock"},"schema":{"@context":"https:\/\/schema.org","@graph":[{"@type":["WebPage","ItemPage"],"@id":"https:\/\/www.globber.com\/it\/product\/nl-205\/","url":"https:\/\/www.globber.com\/it\/product\/nl-205\/","name":"Big Wheel Scooter for Kids: NL 205 \u2013 Globber","isPartOf":{"@id":"https:\/\/www.globber.com\/it\/#website"},"primaryImageOfPage":{"@id":"https:\/\/www.globber.com\/it\/product\/nl-205\/#primaryimage"},"image":{"@id":"https:\/\/www.globber.com\/it\/product\/nl-205\/#primaryimage"},"thumbnailUrl":"https:\/\/cdn.globber.com\/content\/2022\/11\/63838b6d2beda.jpg","datePublished":"2022-11-28T14:09:18+00:00","dateModified":"2026-03-10T14:32:37+00:00","description":"Big wheels = Speedy rides. Scoot to your pit stops and final destinations quickly with a big wheel scooter that\u2019s perfect for the urban scene.","breadcrumb":{"@id":"https:\/\/www.globber.com\/it\/product\/nl-205\/#breadcrumb"},"inLanguage":"it-IT","potentialAction":[{"@type":"ReadAction","target":["https:\/\/www.globber.com\/it\/product\/nl-205\/"]}]},{"@type":"ImageObject","inLanguage":"it-IT","@id":"https:\/\/www.globber.com\/it\/product\/nl-205\/#primaryimage","url":"https:\/\/cdn.globber.com\/content\/2022\/11\/63838b6d2beda.jpg","contentUrl":"https:\/\/cdn.globber.com\/content\/2022\/11\/63838b6d2beda.jpg","width":1920,"height":1920},{"@type":"BreadcrumbList","@id":"https:\/\/www.globber.com\/it\/product\/nl-205\/#breadcrumb","itemListElement":[{"@type":"ListItem","position":1,"name":"Tutti i prodotti","item":"https:\/\/www.globber.com\/it\/shop-by-product\/"},{"@type":"ListItem","position":2,"name":"NL 205"}]},{"@type":"WebSite","@id":"https:\/\/www.globber.com\/it\/#website","url":"https:\/\/www.globber.com\/it\/","name":"Globber Italia","description":"Il mondo su ruote","publisher":{"@id":"https:\/\/www.globber.com\/it\/#organization"},"potentialAction":[{"@type":"SearchAction","target":{"@type":"EntryPoint","urlTemplate":"https:\/\/www.globber.com\/it\/?s={search_term_string}"},"query-input":{"@type":"PropertyValueSpecification","valueRequired":true,"valueName":"search_term_string"}}],"inLanguage":"it-IT"},{"@type":"Organization","@id":"https:\/\/www.globber.com\/it\/#organization","name":"Globber Italia","url":"https:\/\/www.globber.com\/it\/","logo":{"@type":"ImageObject","inLanguage":"it-IT","@id":"https:\/\/www.globber.com\/it\/#\/schema\/logo\/image\/","url":"https:\/\/cdn.globber.com\/content\/2024\/05\/logo.svg","contentUrl":"https:\/\/cdn.globber.com\/content\/2024\/05\/logo.svg","width":601,"height":112,"caption":"Globber Italia"},"image":{"@id":"https:\/\/www.globber.com\/it\/#\/schema\/logo\/image\/"}}]},"og_availability":"instock","product_availability":"instock","product_retailer_item_id":"684-xxx-2","product_condition":"new"},"_links":{"self":[{"href":"https:\/\/www.globber.com\/it\/wp-json\/wp\/v2\/product\/6016","targetHints":{"allow":["GET"]}}],"collection":[{"href":"https:\/\/www.globber.com\/it\/wp-json\/wp\/v2\/product"}],"about":[{"href":"https:\/\/www.globber.com\/it\/wp-json\/wp\/v2\/types\/product"}],"replies":[{"embeddable":true,"href":"https:\/\/www.globber.com\/it\/wp-json\/wp\/v2\/comments?post=6016"}],"wp:featuredmedia":[{"embeddable":true,"href":"https:\/\/www.globber.com\/it\/wp-json\/wp\/v2\/media\/3818"}],"wp:attachment":[{"href":"https:\/\/www.globber.com\/it\/wp-json\/wp\/v2\/media?parent=6016"}],"wp:term":[{"taxonomy":"product-special-badges","embeddable":true,"href":"https:\/\/www.globber.com\/it\/wp-json\/wp\/v2\/product-special-badges?post=6016"},{"taxonomy":"product_brand","embeddable":true,"href":"https:\/\/www.globber.com\/it\/wp-json\/wp\/v2\/product_brand?post=6016"},{"taxonomy":"product_cat","embeddable":true,"href":"https:\/\/www.globber.com\/it\/wp-json\/wp\/v2\/product_cat?post=6016"},{"taxonomy":"product_tag","embeddable":true,"href":"https:\/\/www.globber.com\/it\/wp-json\/wp\/v2\/product_tag?post=6016"}],"curies":[{"name":"wp","href":"https:\/\/api.w.org\/{rel}","templated":true}]}}