{"id":10941,"date":"2025-03-07T10:53:59","date_gmt":"2025-03-07T15:53:59","guid":{"rendered":"https:\/\/www.globber.com\/pa\/?post_type=product&#038;p=10941"},"modified":"2025-03-07T12:03:38","modified_gmt":"2025-03-07T17:03:38","slug":"casco-nino-fantasy-animal-s-m-49-55cm","status":"publish","type":"product","link":"https:\/\/www.globber.com\/pa\/product\/casco-nino-fantasy-animal-s-m-49-55cm\/","title":{"rendered":"CASCO NI\u00d1O FANTASY ANIMAL S\/M (49-55cm)"},"content":{"rendered":"<ul>\n<li>Dise\u00f1o de carcasa exterior de policarbonato (PC) moldeado con revestimiento de EPS que absorbe los impactos para una m\u00e1xima cobertura de la cabeza para ni\u00f1os peque\u00f1os con dise\u00f1os de animales divertidos y \u00fanicos.<\/li>\n<li>Casco c\u00f3modo para ni\u00f1os con almohadillas c\u00f3modas de 7 mm, una almohadilla de ment\u00f3n suave de 2 mm y ventilaciones de refrigeraci\u00f3n por aire para mayor seguridad y comodidad.<\/li>\n<li>Casco ajustable con correas y hebilla de f\u00e1cil uso. Ajusta f\u00e1cilmente el ajuste con la perilla trasera.<\/li>\n<li>Luces traseras de 6 LED alimentadas por bater\u00eda de litio para mayor visibilidad; 3 modos de luz disponibles (encendido, flash, flash r\u00e1pido).<\/li>\n<\/ul>\n","protected":false},"excerpt":{"rendered":"<p>\u00a1Conducir con seguridad nunca ha sido tan genial!. Divertido casco con forma de animal para ni\u00f1os (S\/M).<\/p>\n","protected":false},"featured_media":10950,"comment_status":"closed","ping_status":"closed","template":"","meta":{"_acf_changed":false,"inline_featured_image":false},"product-special-badges":[],"product_brand":[],"product_cat":[593],"product_tag":[],"class_list":{"0":"post-10941","1":"product","2":"type-product","3":"status-publish","4":"has-post-thumbnail","6":"product_cat-equipo-de-proteccion","7":"pa_color-triceratops-azul","8":"pa_color-unicornio-blanco","9":"pa_ean-3800","10":"pa_ean-3799","11":"pa_product-badges-ajustable","12":"pa_product-badges-comodo","13":"pa_product-badges-con-estilo","14":"pa_product-badges-led","15":"pa_product-badges-seguro","16":"pa_product-categories-equipos-de-proteccion-cascos-rodilleras-y-coderas","18":"first","19":"instock","20":"taxable","21":"shipping-taxable","22":"purchasable","23":"product-type-variable"},"acf":[],"yoast_head":"<!-- This site is optimized with the Yoast SEO Premium plugin v20.12 (Yoast SEO v23.4) - https:\/\/yoast.com\/wordpress\/plugins\/seo\/ -->\n<title>CASCO NI\u00d1O FANTASY ANIMAL S\/M (49-55cm) - Globber Panam\u00e1<\/title>\n<meta name=\"robots\" content=\"index, follow, max-snippet:-1, max-image-preview:large, max-video-preview:-1\" \/>\n<link rel=\"canonical\" href=\"https:\/\/www.globber.com\/pa\/product\/casco-nino-fantasy-animal-s-m-49-55cm\/\" \/>\n<meta property=\"og:locale\" content=\"es_ES\" \/>\n<meta property=\"og:type\" content=\"article\" \/>\n<meta property=\"og:title\" content=\"CASCO NI\u00d1O FANTASY ANIMAL S\/M (49-55cm) - Globber Panam\u00e1\" \/>\n<meta property=\"og:description\" content=\"\u00a1Conducir con seguridad nunca ha sido tan genial!. Divertido casco con forma de animal para ni\u00f1os (S\/M).\" \/>\n<meta property=\"og:url\" content=\"https:\/\/www.globber.com\/pa\/product\/casco-nino-fantasy-animal-s-m-49-55cm\/\" \/>\n<meta property=\"og:site_name\" content=\"Globber Panam\u00e1\" \/>\n<meta property=\"article:modified_time\" content=\"2025-03-07T17:03:38+00:00\" \/>\n<meta property=\"og:image\" content=\"https:\/\/cdn.globber.com\/content\/sites\/18\/2025\/03\/casco-globber-para-ninos-1.webp\" \/>\n\t<meta property=\"og:image:width\" content=\"1280\" \/>\n\t<meta property=\"og:image:height\" content=\"1280\" \/>\n\t<meta property=\"og:image:type\" content=\"image\/webp\" \/>\n<meta name=\"twitter:card\" content=\"summary_large_image\" \/>\n<meta name=\"twitter:label1\" content=\"Availability\" \/>\n\t<meta name=\"twitter:data1\" content=\"In stock\" \/>\n<script type=\"application\/ld+json\" class=\"yoast-schema-graph\">{\"@context\":\"https:\/\/schema.org\",\"@graph\":[{\"@type\":[\"WebPage\",\"ItemPage\"],\"@id\":\"https:\/\/www.globber.com\/pa\/product\/casco-nino-fantasy-animal-s-m-49-55cm\/\",\"url\":\"https:\/\/www.globber.com\/pa\/product\/casco-nino-fantasy-animal-s-m-49-55cm\/\",\"name\":\"CASCO NI\u00d1O FANTASY ANIMAL S\/M (49-55cm) - Globber Panam\u00e1\",\"isPartOf\":{\"@id\":\"https:\/\/www.globber.com\/pa\/#website\"},\"primaryImageOfPage\":{\"@id\":\"https:\/\/www.globber.com\/pa\/product\/casco-nino-fantasy-animal-s-m-49-55cm\/#primaryimage\"},\"image\":{\"@id\":\"https:\/\/www.globber.com\/pa\/product\/casco-nino-fantasy-animal-s-m-49-55cm\/#primaryimage\"},\"thumbnailUrl\":\"https:\/\/cdn.globber.com\/content\/sites\/18\/2025\/03\/casco-globber-para-ninos-1.webp\",\"datePublished\":\"2025-03-07T15:53:59+00:00\",\"dateModified\":\"2025-03-07T17:03:38+00:00\",\"breadcrumb\":{\"@id\":\"https:\/\/www.globber.com\/pa\/product\/casco-nino-fantasy-animal-s-m-49-55cm\/#breadcrumb\"},\"inLanguage\":\"es\",\"potentialAction\":[{\"@type\":\"ReadAction\",\"target\":[\"https:\/\/www.globber.com\/pa\/product\/casco-nino-fantasy-animal-s-m-49-55cm\/\"]}]},{\"@type\":\"ImageObject\",\"inLanguage\":\"es\",\"@id\":\"https:\/\/www.globber.com\/pa\/product\/casco-nino-fantasy-animal-s-m-49-55cm\/#primaryimage\",\"url\":\"https:\/\/cdn.globber.com\/content\/sites\/18\/2025\/03\/casco-globber-para-ninos-1.webp\",\"contentUrl\":\"https:\/\/cdn.globber.com\/content\/sites\/18\/2025\/03\/casco-globber-para-ninos-1.webp\",\"width\":1280,\"height\":1280},{\"@type\":\"BreadcrumbList\",\"@id\":\"https:\/\/www.globber.com\/pa\/product\/casco-nino-fantasy-animal-s-m-49-55cm\/#breadcrumb\",\"itemListElement\":[{\"@type\":\"ListItem\",\"position\":1,\"name\":\"Todos los productos\",\"item\":\"https:\/\/www.globber.com\/pa\/comprar-por-producto\/\"},{\"@type\":\"ListItem\",\"position\":2,\"name\":\"CASCO NI\u00d1O FANTASY ANIMAL S\/M (49-55cm)\"}]},{\"@type\":\"WebSite\",\"@id\":\"https:\/\/www.globber.com\/pa\/#website\",\"url\":\"https:\/\/www.globber.com\/pa\/\",\"name\":\"Globber Panam\u00e1\",\"description\":\"Globber - El Mundo Sobre Ruedas\",\"publisher\":{\"@id\":\"https:\/\/www.globber.com\/pa\/#organization\"},\"potentialAction\":[{\"@type\":\"SearchAction\",\"target\":{\"@type\":\"EntryPoint\",\"urlTemplate\":\"https:\/\/www.globber.com\/pa\/?s={search_term_string}\"},\"query-input\":{\"@type\":\"PropertyValueSpecification\",\"valueRequired\":true,\"valueName\":\"search_term_string\"}}],\"inLanguage\":\"es\"},{\"@type\":\"Organization\",\"@id\":\"https:\/\/www.globber.com\/pa\/#organization\",\"name\":\"Globber Panam\u00e1\",\"url\":\"https:\/\/www.globber.com\/pa\/\",\"logo\":{\"@type\":\"ImageObject\",\"inLanguage\":\"es\",\"@id\":\"https:\/\/www.globber.com\/pa\/#\/schema\/logo\/image\/\",\"url\":\"https:\/\/cdn.globber.com\/content\/2024\/05\/logo.svg\",\"contentUrl\":\"https:\/\/cdn.globber.com\/content\/2024\/05\/logo.svg\",\"width\":601,\"height\":112,\"caption\":\"Globber Panam\u00e1\"},\"image\":{\"@id\":\"https:\/\/www.globber.com\/pa\/#\/schema\/logo\/image\/\"}}]}<\/script>\n<meta property=\"og:availability\" content=\"instock\" \/>\n<meta property=\"product:availability\" content=\"instock\" \/>\n<meta property=\"product:retailer_item_id\" content=\"605-xxx\" \/>\n<meta property=\"product:condition\" content=\"new\" \/>\n<!-- \/ Yoast SEO Premium plugin. -->","yoast_head_json":{"title":"CASCO NI\u00d1O FANTASY ANIMAL S\/M (49-55cm) - Globber Panam\u00e1","robots":{"index":"index","follow":"follow","max-snippet":"max-snippet:-1","max-image-preview":"max-image-preview:large","max-video-preview":"max-video-preview:-1"},"canonical":"https:\/\/www.globber.com\/pa\/product\/casco-nino-fantasy-animal-s-m-49-55cm\/","og_locale":"es_ES","og_type":"article","og_title":"CASCO NI\u00d1O FANTASY ANIMAL S\/M (49-55cm) - Globber Panam\u00e1","og_description":"\u00a1Conducir con seguridad nunca ha sido tan genial!. Divertido casco con forma de animal para ni\u00f1os (S\/M).","og_url":"https:\/\/www.globber.com\/pa\/product\/casco-nino-fantasy-animal-s-m-49-55cm\/","og_site_name":"Globber Panam\u00e1","article_modified_time":"2025-03-07T17:03:38+00:00","og_image":[{"width":1280,"height":1280,"url":"https:\/\/cdn.globber.com\/content\/sites\/18\/2025\/03\/casco-globber-para-ninos-1.webp","type":"image\/webp"}],"twitter_card":"summary_large_image","twitter_misc":{"Availability":"In stock"},"schema":{"@context":"https:\/\/schema.org","@graph":[{"@type":["WebPage","ItemPage"],"@id":"https:\/\/www.globber.com\/pa\/product\/casco-nino-fantasy-animal-s-m-49-55cm\/","url":"https:\/\/www.globber.com\/pa\/product\/casco-nino-fantasy-animal-s-m-49-55cm\/","name":"CASCO NI\u00d1O FANTASY ANIMAL S\/M (49-55cm) - Globber Panam\u00e1","isPartOf":{"@id":"https:\/\/www.globber.com\/pa\/#website"},"primaryImageOfPage":{"@id":"https:\/\/www.globber.com\/pa\/product\/casco-nino-fantasy-animal-s-m-49-55cm\/#primaryimage"},"image":{"@id":"https:\/\/www.globber.com\/pa\/product\/casco-nino-fantasy-animal-s-m-49-55cm\/#primaryimage"},"thumbnailUrl":"https:\/\/cdn.globber.com\/content\/sites\/18\/2025\/03\/casco-globber-para-ninos-1.webp","datePublished":"2025-03-07T15:53:59+00:00","dateModified":"2025-03-07T17:03:38+00:00","breadcrumb":{"@id":"https:\/\/www.globber.com\/pa\/product\/casco-nino-fantasy-animal-s-m-49-55cm\/#breadcrumb"},"inLanguage":"es","potentialAction":[{"@type":"ReadAction","target":["https:\/\/www.globber.com\/pa\/product\/casco-nino-fantasy-animal-s-m-49-55cm\/"]}]},{"@type":"ImageObject","inLanguage":"es","@id":"https:\/\/www.globber.com\/pa\/product\/casco-nino-fantasy-animal-s-m-49-55cm\/#primaryimage","url":"https:\/\/cdn.globber.com\/content\/sites\/18\/2025\/03\/casco-globber-para-ninos-1.webp","contentUrl":"https:\/\/cdn.globber.com\/content\/sites\/18\/2025\/03\/casco-globber-para-ninos-1.webp","width":1280,"height":1280},{"@type":"BreadcrumbList","@id":"https:\/\/www.globber.com\/pa\/product\/casco-nino-fantasy-animal-s-m-49-55cm\/#breadcrumb","itemListElement":[{"@type":"ListItem","position":1,"name":"Todos los productos","item":"https:\/\/www.globber.com\/pa\/comprar-por-producto\/"},{"@type":"ListItem","position":2,"name":"CASCO NI\u00d1O FANTASY ANIMAL S\/M (49-55cm)"}]},{"@type":"WebSite","@id":"https:\/\/www.globber.com\/pa\/#website","url":"https:\/\/www.globber.com\/pa\/","name":"Globber Panam\u00e1","description":"Globber - El Mundo Sobre Ruedas","publisher":{"@id":"https:\/\/www.globber.com\/pa\/#organization"},"potentialAction":[{"@type":"SearchAction","target":{"@type":"EntryPoint","urlTemplate":"https:\/\/www.globber.com\/pa\/?s={search_term_string}"},"query-input":{"@type":"PropertyValueSpecification","valueRequired":true,"valueName":"search_term_string"}}],"inLanguage":"es"},{"@type":"Organization","@id":"https:\/\/www.globber.com\/pa\/#organization","name":"Globber Panam\u00e1","url":"https:\/\/www.globber.com\/pa\/","logo":{"@type":"ImageObject","inLanguage":"es","@id":"https:\/\/www.globber.com\/pa\/#\/schema\/logo\/image\/","url":"https:\/\/cdn.globber.com\/content\/2024\/05\/logo.svg","contentUrl":"https:\/\/cdn.globber.com\/content\/2024\/05\/logo.svg","width":601,"height":112,"caption":"Globber Panam\u00e1"},"image":{"@id":"https:\/\/www.globber.com\/pa\/#\/schema\/logo\/image\/"}}]},"og_availability":"instock","product_availability":"instock","product_retailer_item_id":"605-xxx","product_condition":"new"},"_links":{"self":[{"href":"https:\/\/www.globber.com\/pa\/wp-json\/wp\/v2\/product\/10941","targetHints":{"allow":["GET"]}}],"collection":[{"href":"https:\/\/www.globber.com\/pa\/wp-json\/wp\/v2\/product"}],"about":[{"href":"https:\/\/www.globber.com\/pa\/wp-json\/wp\/v2\/types\/product"}],"replies":[{"embeddable":true,"href":"https:\/\/www.globber.com\/pa\/wp-json\/wp\/v2\/comments?post=10941"}],"wp:featuredmedia":[{"embeddable":true,"href":"https:\/\/www.globber.com\/pa\/wp-json\/wp\/v2\/media\/10950"}],"wp:attachment":[{"href":"https:\/\/www.globber.com\/pa\/wp-json\/wp\/v2\/media?parent=10941"}],"wp:term":[{"taxonomy":"product-special-badges","embeddable":true,"href":"https:\/\/www.globber.com\/pa\/wp-json\/wp\/v2\/product-special-badges?post=10941"},{"taxonomy":"product_brand","embeddable":true,"href":"https:\/\/www.globber.com\/pa\/wp-json\/wp\/v2\/product_brand?post=10941"},{"taxonomy":"product_cat","embeddable":true,"href":"https:\/\/www.globber.com\/pa\/wp-json\/wp\/v2\/product_cat?post=10941"},{"taxonomy":"product_tag","embeddable":true,"href":"https:\/\/www.globber.com\/pa\/wp-json\/wp\/v2\/product_tag?post=10941"}],"curies":[{"name":"wp","href":"https:\/\/api.w.org\/{rel}","templated":true}]}}