{"id":11002,"date":"2025-03-07T13:39:03","date_gmt":"2025-03-07T18:39:03","guid":{"rendered":"https:\/\/www.globber.com\/pa\/?post_type=product&#038;p=11002"},"modified":"2025-03-07T13:42:00","modified_gmt":"2025-03-07T18:42:00","slug":"casco-infantil-xs-s-47-51cm","status":"publish","type":"product","link":"https:\/\/www.globber.com\/pa\/product\/casco-infantil-xs-s-47-51cm\/","title":{"rendered":"CASCO INFANTIL XS\/S (47-51cm)"},"content":{"rendered":"<p>\u00bfBuscas un casco lindo y seguro para tu peque\u00f1o? \u00a1No busques m\u00e1s que los cascos MASTER! No solo est\u00e1n dise\u00f1ados para proteger a sus hijos mientras conducen, sino que tambi\u00e9n vienen en colores pastel para lograr ese aspecto extra lindo. Disponible en XS \/ S (47-51 cm), encuentra el ajuste perfecto para que tu hijo est\u00e9 seguro y con estilo en sus aventuras.<\/p>\n<p>Estos cascos para ni\u00f1os est\u00e1n fabricados con una carcasa exterior resistente que absorbe impactos, luces traseras LED, almohadillas para la barbilla y la cabeza internas con ventilaciones de aire, correas ajustables y un m\u00f3dulo de tama\u00f1o trasero para paseos seguros, frescos y c\u00f3modos.<\/p>\n","protected":false},"excerpt":{"rendered":"<p><strong>Genial casco para ni\u00f1os (XS\/S)<\/strong><\/p>\n","protected":false},"featured_media":11011,"comment_status":"closed","ping_status":"closed","template":"","meta":{"_acf_changed":false,"inline_featured_image":false},"product-special-badges":[],"product_brand":[],"product_cat":[593],"product_tag":[],"class_list":{"0":"post-11002","1":"product","2":"type-product","3":"status-publish","4":"has-post-thumbnail","6":"product_cat-equipo-de-proteccion","7":"pa_color-azul-pastel","8":"pa_color-rosa-pastel","9":"pa_ean-3810","10":"pa_ean-3811","11":"pa_product-badges-ajustable","12":"pa_product-badges-comodo","13":"pa_product-badges-con-estilo","14":"pa_product-badges-led","15":"pa_product-badges-seguro","16":"pa_product-categories-equipos-de-proteccion-cascos-rodilleras-y-coderas","18":"first","19":"instock","20":"taxable","21":"shipping-taxable","22":"purchasable","23":"product-type-variable"},"acf":[],"yoast_head":"<!-- This site is optimized with the Yoast SEO Premium plugin v20.12 (Yoast SEO v23.4) - https:\/\/yoast.com\/wordpress\/plugins\/seo\/ -->\n<title>CASCO INFANTIL XS\/S (47-51cm) - Globber Panam\u00e1<\/title>\n<meta name=\"robots\" content=\"index, follow, max-snippet:-1, max-image-preview:large, max-video-preview:-1\" \/>\n<link rel=\"canonical\" href=\"https:\/\/www.globber.com\/pa\/product\/casco-infantil-xs-s-47-51cm\/\" \/>\n<meta property=\"og:locale\" content=\"es_ES\" \/>\n<meta property=\"og:type\" content=\"article\" \/>\n<meta property=\"og:title\" content=\"CASCO INFANTIL XS\/S (47-51cm) - Globber Panam\u00e1\" \/>\n<meta property=\"og:description\" content=\"Genial casco para ni\u00f1os (XS\/S)\" \/>\n<meta property=\"og:url\" content=\"https:\/\/www.globber.com\/pa\/product\/casco-infantil-xs-s-47-51cm\/\" \/>\n<meta property=\"og:site_name\" content=\"Globber Panam\u00e1\" \/>\n<meta property=\"article:modified_time\" content=\"2025-03-07T18:42:00+00:00\" \/>\n<meta property=\"og:image\" content=\"https:\/\/cdn.globber.com\/content\/sites\/18\/2025\/03\/casco-para-ninos-azul-en-panama-globber-3.jpg\" \/>\n\t<meta property=\"og:image:width\" content=\"1280\" \/>\n\t<meta property=\"og:image:height\" content=\"1280\" \/>\n\t<meta property=\"og:image:type\" content=\"image\/jpeg\" \/>\n<meta name=\"twitter:card\" content=\"summary_large_image\" \/>\n<meta name=\"twitter:label1\" content=\"Availability\" \/>\n\t<meta name=\"twitter:data1\" content=\"In stock\" \/>\n<script type=\"application\/ld+json\" class=\"yoast-schema-graph\">{\"@context\":\"https:\/\/schema.org\",\"@graph\":[{\"@type\":[\"WebPage\",\"ItemPage\"],\"@id\":\"https:\/\/www.globber.com\/pa\/product\/casco-infantil-xs-s-47-51cm\/\",\"url\":\"https:\/\/www.globber.com\/pa\/product\/casco-infantil-xs-s-47-51cm\/\",\"name\":\"CASCO INFANTIL XS\/S (47-51cm) - Globber Panam\u00e1\",\"isPartOf\":{\"@id\":\"https:\/\/www.globber.com\/pa\/#website\"},\"primaryImageOfPage\":{\"@id\":\"https:\/\/www.globber.com\/pa\/product\/casco-infantil-xs-s-47-51cm\/#primaryimage\"},\"image\":{\"@id\":\"https:\/\/www.globber.com\/pa\/product\/casco-infantil-xs-s-47-51cm\/#primaryimage\"},\"thumbnailUrl\":\"https:\/\/cdn.globber.com\/content\/sites\/18\/2025\/03\/casco-para-ninos-azul-en-panama-globber-3.jpg\",\"datePublished\":\"2025-03-07T18:39:03+00:00\",\"dateModified\":\"2025-03-07T18:42:00+00:00\",\"breadcrumb\":{\"@id\":\"https:\/\/www.globber.com\/pa\/product\/casco-infantil-xs-s-47-51cm\/#breadcrumb\"},\"inLanguage\":\"es\",\"potentialAction\":[{\"@type\":\"ReadAction\",\"target\":[\"https:\/\/www.globber.com\/pa\/product\/casco-infantil-xs-s-47-51cm\/\"]}]},{\"@type\":\"ImageObject\",\"inLanguage\":\"es\",\"@id\":\"https:\/\/www.globber.com\/pa\/product\/casco-infantil-xs-s-47-51cm\/#primaryimage\",\"url\":\"https:\/\/cdn.globber.com\/content\/sites\/18\/2025\/03\/casco-para-ninos-azul-en-panama-globber-3.jpg\",\"contentUrl\":\"https:\/\/cdn.globber.com\/content\/sites\/18\/2025\/03\/casco-para-ninos-azul-en-panama-globber-3.jpg\",\"width\":1280,\"height\":1280},{\"@type\":\"BreadcrumbList\",\"@id\":\"https:\/\/www.globber.com\/pa\/product\/casco-infantil-xs-s-47-51cm\/#breadcrumb\",\"itemListElement\":[{\"@type\":\"ListItem\",\"position\":1,\"name\":\"Todos los productos\",\"item\":\"https:\/\/www.globber.com\/pa\/comprar-por-producto\/\"},{\"@type\":\"ListItem\",\"position\":2,\"name\":\"CASCO INFANTIL XS\/S (47-51cm)\"}]},{\"@type\":\"WebSite\",\"@id\":\"https:\/\/www.globber.com\/pa\/#website\",\"url\":\"https:\/\/www.globber.com\/pa\/\",\"name\":\"Globber Panam\u00e1\",\"description\":\"Globber - El Mundo Sobre Ruedas\",\"publisher\":{\"@id\":\"https:\/\/www.globber.com\/pa\/#organization\"},\"potentialAction\":[{\"@type\":\"SearchAction\",\"target\":{\"@type\":\"EntryPoint\",\"urlTemplate\":\"https:\/\/www.globber.com\/pa\/?s={search_term_string}\"},\"query-input\":{\"@type\":\"PropertyValueSpecification\",\"valueRequired\":true,\"valueName\":\"search_term_string\"}}],\"inLanguage\":\"es\"},{\"@type\":\"Organization\",\"@id\":\"https:\/\/www.globber.com\/pa\/#organization\",\"name\":\"Globber Panam\u00e1\",\"url\":\"https:\/\/www.globber.com\/pa\/\",\"logo\":{\"@type\":\"ImageObject\",\"inLanguage\":\"es\",\"@id\":\"https:\/\/www.globber.com\/pa\/#\/schema\/logo\/image\/\",\"url\":\"https:\/\/cdn.globber.com\/content\/2024\/05\/logo.svg\",\"contentUrl\":\"https:\/\/cdn.globber.com\/content\/2024\/05\/logo.svg\",\"width\":601,\"height\":112,\"caption\":\"Globber Panam\u00e1\"},\"image\":{\"@id\":\"https:\/\/www.globber.com\/pa\/#\/schema\/logo\/image\/\"}}]}<\/script>\n<meta property=\"og:availability\" content=\"instock\" \/>\n<meta property=\"product:availability\" content=\"instock\" \/>\n<meta property=\"product:retailer_item_id\" content=\"600-xxx\" \/>\n<meta property=\"product:condition\" content=\"new\" \/>\n<!-- \/ Yoast SEO Premium plugin. -->","yoast_head_json":{"title":"CASCO INFANTIL XS\/S (47-51cm) - Globber Panam\u00e1","robots":{"index":"index","follow":"follow","max-snippet":"max-snippet:-1","max-image-preview":"max-image-preview:large","max-video-preview":"max-video-preview:-1"},"canonical":"https:\/\/www.globber.com\/pa\/product\/casco-infantil-xs-s-47-51cm\/","og_locale":"es_ES","og_type":"article","og_title":"CASCO INFANTIL XS\/S (47-51cm) - Globber Panam\u00e1","og_description":"Genial casco para ni\u00f1os (XS\/S)","og_url":"https:\/\/www.globber.com\/pa\/product\/casco-infantil-xs-s-47-51cm\/","og_site_name":"Globber Panam\u00e1","article_modified_time":"2025-03-07T18:42:00+00:00","og_image":[{"width":1280,"height":1280,"url":"https:\/\/cdn.globber.com\/content\/sites\/18\/2025\/03\/casco-para-ninos-azul-en-panama-globber-3.jpg","type":"image\/jpeg"}],"twitter_card":"summary_large_image","twitter_misc":{"Availability":"In stock"},"schema":{"@context":"https:\/\/schema.org","@graph":[{"@type":["WebPage","ItemPage"],"@id":"https:\/\/www.globber.com\/pa\/product\/casco-infantil-xs-s-47-51cm\/","url":"https:\/\/www.globber.com\/pa\/product\/casco-infantil-xs-s-47-51cm\/","name":"CASCO INFANTIL XS\/S (47-51cm) - Globber Panam\u00e1","isPartOf":{"@id":"https:\/\/www.globber.com\/pa\/#website"},"primaryImageOfPage":{"@id":"https:\/\/www.globber.com\/pa\/product\/casco-infantil-xs-s-47-51cm\/#primaryimage"},"image":{"@id":"https:\/\/www.globber.com\/pa\/product\/casco-infantil-xs-s-47-51cm\/#primaryimage"},"thumbnailUrl":"https:\/\/cdn.globber.com\/content\/sites\/18\/2025\/03\/casco-para-ninos-azul-en-panama-globber-3.jpg","datePublished":"2025-03-07T18:39:03+00:00","dateModified":"2025-03-07T18:42:00+00:00","breadcrumb":{"@id":"https:\/\/www.globber.com\/pa\/product\/casco-infantil-xs-s-47-51cm\/#breadcrumb"},"inLanguage":"es","potentialAction":[{"@type":"ReadAction","target":["https:\/\/www.globber.com\/pa\/product\/casco-infantil-xs-s-47-51cm\/"]}]},{"@type":"ImageObject","inLanguage":"es","@id":"https:\/\/www.globber.com\/pa\/product\/casco-infantil-xs-s-47-51cm\/#primaryimage","url":"https:\/\/cdn.globber.com\/content\/sites\/18\/2025\/03\/casco-para-ninos-azul-en-panama-globber-3.jpg","contentUrl":"https:\/\/cdn.globber.com\/content\/sites\/18\/2025\/03\/casco-para-ninos-azul-en-panama-globber-3.jpg","width":1280,"height":1280},{"@type":"BreadcrumbList","@id":"https:\/\/www.globber.com\/pa\/product\/casco-infantil-xs-s-47-51cm\/#breadcrumb","itemListElement":[{"@type":"ListItem","position":1,"name":"Todos los productos","item":"https:\/\/www.globber.com\/pa\/comprar-por-producto\/"},{"@type":"ListItem","position":2,"name":"CASCO INFANTIL XS\/S (47-51cm)"}]},{"@type":"WebSite","@id":"https:\/\/www.globber.com\/pa\/#website","url":"https:\/\/www.globber.com\/pa\/","name":"Globber Panam\u00e1","description":"Globber - El Mundo Sobre Ruedas","publisher":{"@id":"https:\/\/www.globber.com\/pa\/#organization"},"potentialAction":[{"@type":"SearchAction","target":{"@type":"EntryPoint","urlTemplate":"https:\/\/www.globber.com\/pa\/?s={search_term_string}"},"query-input":{"@type":"PropertyValueSpecification","valueRequired":true,"valueName":"search_term_string"}}],"inLanguage":"es"},{"@type":"Organization","@id":"https:\/\/www.globber.com\/pa\/#organization","name":"Globber Panam\u00e1","url":"https:\/\/www.globber.com\/pa\/","logo":{"@type":"ImageObject","inLanguage":"es","@id":"https:\/\/www.globber.com\/pa\/#\/schema\/logo\/image\/","url":"https:\/\/cdn.globber.com\/content\/2024\/05\/logo.svg","contentUrl":"https:\/\/cdn.globber.com\/content\/2024\/05\/logo.svg","width":601,"height":112,"caption":"Globber Panam\u00e1"},"image":{"@id":"https:\/\/www.globber.com\/pa\/#\/schema\/logo\/image\/"}}]},"og_availability":"instock","product_availability":"instock","product_retailer_item_id":"600-xxx","product_condition":"new"},"_links":{"self":[{"href":"https:\/\/www.globber.com\/pa\/wp-json\/wp\/v2\/product\/11002","targetHints":{"allow":["GET"]}}],"collection":[{"href":"https:\/\/www.globber.com\/pa\/wp-json\/wp\/v2\/product"}],"about":[{"href":"https:\/\/www.globber.com\/pa\/wp-json\/wp\/v2\/types\/product"}],"replies":[{"embeddable":true,"href":"https:\/\/www.globber.com\/pa\/wp-json\/wp\/v2\/comments?post=11002"}],"wp:featuredmedia":[{"embeddable":true,"href":"https:\/\/www.globber.com\/pa\/wp-json\/wp\/v2\/media\/11011"}],"wp:attachment":[{"href":"https:\/\/www.globber.com\/pa\/wp-json\/wp\/v2\/media?parent=11002"}],"wp:term":[{"taxonomy":"product-special-badges","embeddable":true,"href":"https:\/\/www.globber.com\/pa\/wp-json\/wp\/v2\/product-special-badges?post=11002"},{"taxonomy":"product_brand","embeddable":true,"href":"https:\/\/www.globber.com\/pa\/wp-json\/wp\/v2\/product_brand?post=11002"},{"taxonomy":"product_cat","embeddable":true,"href":"https:\/\/www.globber.com\/pa\/wp-json\/wp\/v2\/product_cat?post=11002"},{"taxonomy":"product_tag","embeddable":true,"href":"https:\/\/www.globber.com\/pa\/wp-json\/wp\/v2\/product_tag?post=11002"}],"curies":[{"name":"wp","href":"https:\/\/api.w.org\/{rel}","templated":true}]}}