{"id":11022,"date":"2025-03-07T15:17:17","date_gmt":"2025-03-07T20:17:17","guid":{"rendered":"https:\/\/www.globber.com\/pa\/?post_type=product&#038;p=11022"},"modified":"2026-03-05T22:25:15","modified_gmt":"2026-03-06T03:25:15","slug":"explorer-trike-4in1-nuevo-diseno","status":"publish","type":"product","link":"https:\/\/www.globber.com\/pa\/product\/explorer-trike-4in1-nuevo-diseno\/","title":{"rendered":"EXPLORER TRIKE 4in1 | NUEVO DISE\u00d1O"},"content":{"rendered":"<p>\u00a1Sal con tu peque\u00f1o y comiencen a explorar sobre ruedas! EXPLORER TRIKE 4in1 es un triciclo de empuje todo en uno para ni\u00f1os peque\u00f1os de 10 meses o m\u00e1s que ofrece 4 etapas diferentes con triciclo para beb\u00e9s (10-36 m), triciclo guiado (18-36 m), triciclo de entrenamiento (24-36 m) y bicicleta de equilibrio (2-5 a\u00f1os), para transformarse c\u00f3modamente junto con el desarrollo de tu hijo.<\/p>\n<p>EXPLORER TRIKE 4en1 viene con un dise\u00f1o 100% sin herramientas (\u00a1no se necesitan herramientas para transformarlo!), un mecanismo de rueda patentado, un asa para padres ajustable en 2 alturas, sill\u00edn ajustable en 2 alturas, asiento con respaldo alto, reposapi\u00e9s extra\u00edble, ruedas de espuma EVA y almacenamiento de pedales inteligente para brindar a\u00fan m\u00e1s funcionalidad.<\/p>\n<p>&nbsp;<\/p>\n<p>EXPLORER TRIKE 4in1 ha ganado 11 prestigiosos premios:<\/p>\n<ul>\n<li><a href=\"https:\/\/www.nappaawards.com\/product\/4-in-1-explorer-trike\/\" target=\"_blank\" rel=\"noopener\">National Parenting Product Awards<\/a><\/li>\n<li><a href=\"https:\/\/www.larevuedujouet.fr\/article\/grand-prix-du-jouet-2020-et-les-gagnants-sont.53774\" target=\"_blank\" rel=\"noopener\">Grand Prix du Jouet<\/a><\/li>\n<li><a href=\"https:\/\/www.lsa-conso.fr\/trophees-lsa-de-l-innovation\/\" target=\"_blank\" rel=\"noopener\">Troph\u00e9es LSA de l'innovation<\/a><\/li>\n<li><a href=\"https:\/\/mamadvisor.magicmaman.com\/grands-prix-jury,6002.htm\" target=\"_blank\" rel=\"noopener\">Prix Mam'Advisor<\/a><\/li>\n<li><a href=\"https:\/\/www.mychildmagazine.com.au\/my-child-magazine-excellence-awards\/\" target=\"_blank\" rel=\"noopener\">My Child Excellence Award<\/a><\/li>\n<li><a href=\"https:\/\/user-etbmf4e.cld.bz\/Le-Prix-PARENTS-2021\" target=\"_blank\" rel=\"noopener\">Prix Parents des experts de la r\u00e9daction<\/a><\/li>\n<li><a href=\"https:\/\/store.momschoiceawards.com\/product\/12911\" target=\"_blank\" rel=\"noopener\">Mom's Choice Award<\/a><\/li>\n<li><a href=\"https:\/\/awards.babymaternity.com\/product\/5061-explorer-trike-4in1\" target=\"_blank\" rel=\"noopener\">Baby Maternity Awards<\/a><\/li>\n<li><a href=\"https:\/\/awards.creativechild.com\/product\/5060-explorer-trike-4in1\" target=\"_blank\" rel=\"noopener\">Creative Child Awards<\/a><\/li>\n<li><a href=\"https:\/\/www.parentspicksawards.com\/baby-toddler\/the-best-baby-products-toddler-products-2023\/\" target=\"_blank\" rel=\"noopener\">Parents' Pick Awards<\/a><\/li>\n<\/ul>\n","protected":false},"excerpt":{"rendered":"<div class=\"product-details__excerpt order-2\">\n<p><strong>Triciclo de entrenamiento y bicicleta de equilibrio para ni\u00f1os todo en uno (10 meses a 5 a\u00f1os)<\/strong><\/p>\n<\/div>\n","protected":false},"featured_media":11036,"comment_status":"closed","ping_status":"closed","template":"","meta":{"_acf_changed":false,"inline_featured_image":false},"product-special-badges":[],"product_brand":[],"product_cat":[3559,1243,1630],"product_tag":[],"class_list":{"0":"post-11022","1":"product","2":"type-product","3":"status-publish","4":"has-post-thumbnail","6":"product_cat-bebe-triciclos","7":"product_cat-explorer-trike-series","8":"product_cat-scooters-para-ninos-pequenos-bicicletas-de-equilibrio-2","9":"pa_ajustable-si","10":"pa_color-rosa-coral","11":"pa_color-azul-real","12":"pa_ean-3813","13":"pa_ean-3814","14":"pa_edades-10m-5a","15":"pa_material-de-las-ruedas-espuma-eva","16":"pa_max-user-weight-20-kg","17":"pa_peso-del-producto-neto-6-75-kg","18":"pa_plegable-no","19":"pa_recommended-user-height-65-105-cm","20":"pa_seat-heights-sillin-31-34cm-desde-el-suelo-asiento-de-respaldo-alto-32-35cm-desde-el-suelo","21":"pa_tipo-de-producto-bicicleta-de-equilibrio","22":"pa_tipo-de-producto-triciclo-de-entrenamiento","23":"pa_tipo-de-producto-triciclo-guiado","24":"pa_tipo-de-producto-triciclo-infantil","25":"pa_wheels-size-220-mm-36-mm-de-ancho-trasera","26":"pa_wheels-size-250-mm-44-mm-de-ancho-parte-delantera","28":"first","29":"instock","30":"taxable","31":"shipping-taxable","32":"purchasable","33":"product-type-variable"},"acf":[],"yoast_head":"<!-- This site is optimized with the Yoast SEO Premium plugin v20.12 (Yoast SEO v23.4) - https:\/\/yoast.com\/wordpress\/plugins\/seo\/ -->\n<title>EXPLORER TRIKE 4in1 | NUEVO DISE\u00d1O - Globber Panam\u00e1<\/title>\n<meta name=\"robots\" content=\"index, follow, max-snippet:-1, max-image-preview:large, max-video-preview:-1\" \/>\n<link rel=\"canonical\" href=\"https:\/\/www.globber.com\/pa\/product\/explorer-trike-4in1-nuevo-diseno\/\" \/>\n<meta property=\"og:locale\" content=\"es_ES\" \/>\n<meta property=\"og:type\" content=\"article\" \/>\n<meta property=\"og:title\" content=\"EXPLORER TRIKE 4in1 | NUEVO DISE\u00d1O - Globber Panam\u00e1\" \/>\n<meta property=\"og:description\" content=\"Triciclo de entrenamiento y bicicleta de equilibrio para ni\u00f1os todo en uno (10 meses a 5 a\u00f1os)\" \/>\n<meta property=\"og:url\" content=\"https:\/\/www.globber.com\/pa\/product\/explorer-trike-4in1-nuevo-diseno\/\" \/>\n<meta property=\"og:site_name\" content=\"Globber Panam\u00e1\" \/>\n<meta property=\"article:modified_time\" content=\"2026-03-06T03:25:15+00:00\" \/>\n<meta property=\"og:image\" content=\"https:\/\/cdn.globber.com\/content\/sites\/18\/2025\/03\/634-100_tricycle-for-1-year-olds-1280x1280-1.jpg\" \/>\n\t<meta property=\"og:image:width\" content=\"1280\" \/>\n\t<meta property=\"og:image:height\" content=\"1280\" \/>\n\t<meta property=\"og:image:type\" content=\"image\/jpeg\" \/>\n<meta name=\"twitter:card\" content=\"summary_large_image\" \/>\n<meta name=\"twitter:label1\" content=\"Availability\" \/>\n\t<meta name=\"twitter:data1\" content=\"In stock\" \/>\n<script type=\"application\/ld+json\" class=\"yoast-schema-graph\">{\"@context\":\"https:\/\/schema.org\",\"@graph\":[{\"@type\":[\"WebPage\",\"ItemPage\"],\"@id\":\"https:\/\/www.globber.com\/pa\/product\/explorer-trike-4in1-nuevo-diseno\/\",\"url\":\"https:\/\/www.globber.com\/pa\/product\/explorer-trike-4in1-nuevo-diseno\/\",\"name\":\"EXPLORER TRIKE 4in1 | NUEVO DISE\u00d1O - Globber Panam\u00e1\",\"isPartOf\":{\"@id\":\"https:\/\/www.globber.com\/pa\/#website\"},\"primaryImageOfPage\":{\"@id\":\"https:\/\/www.globber.com\/pa\/product\/explorer-trike-4in1-nuevo-diseno\/#primaryimage\"},\"image\":{\"@id\":\"https:\/\/www.globber.com\/pa\/product\/explorer-trike-4in1-nuevo-diseno\/#primaryimage\"},\"thumbnailUrl\":\"https:\/\/cdn.globber.com\/content\/sites\/18\/2025\/03\/634-100_tricycle-for-1-year-olds-1280x1280-1.jpg\",\"datePublished\":\"2025-03-07T20:17:17+00:00\",\"dateModified\":\"2026-03-06T03:25:15+00:00\",\"breadcrumb\":{\"@id\":\"https:\/\/www.globber.com\/pa\/product\/explorer-trike-4in1-nuevo-diseno\/#breadcrumb\"},\"inLanguage\":\"es\",\"potentialAction\":[{\"@type\":\"ReadAction\",\"target\":[\"https:\/\/www.globber.com\/pa\/product\/explorer-trike-4in1-nuevo-diseno\/\"]}]},{\"@type\":\"ImageObject\",\"inLanguage\":\"es\",\"@id\":\"https:\/\/www.globber.com\/pa\/product\/explorer-trike-4in1-nuevo-diseno\/#primaryimage\",\"url\":\"https:\/\/cdn.globber.com\/content\/sites\/18\/2025\/03\/634-100_tricycle-for-1-year-olds-1280x1280-1.jpg\",\"contentUrl\":\"https:\/\/cdn.globber.com\/content\/sites\/18\/2025\/03\/634-100_tricycle-for-1-year-olds-1280x1280-1.jpg\",\"width\":1280,\"height\":1280},{\"@type\":\"BreadcrumbList\",\"@id\":\"https:\/\/www.globber.com\/pa\/product\/explorer-trike-4in1-nuevo-diseno\/#breadcrumb\",\"itemListElement\":[{\"@type\":\"ListItem\",\"position\":1,\"name\":\"Todos los productos\",\"item\":\"https:\/\/www.globber.com\/pa\/comprar-por-producto\/\"},{\"@type\":\"ListItem\",\"position\":2,\"name\":\"EXPLORER TRIKE 4in1 | NUEVO DISE\u00d1O\"}]},{\"@type\":\"WebSite\",\"@id\":\"https:\/\/www.globber.com\/pa\/#website\",\"url\":\"https:\/\/www.globber.com\/pa\/\",\"name\":\"Globber Panam\u00e1\",\"description\":\"Globber - El Mundo Sobre Ruedas\",\"publisher\":{\"@id\":\"https:\/\/www.globber.com\/pa\/#organization\"},\"potentialAction\":[{\"@type\":\"SearchAction\",\"target\":{\"@type\":\"EntryPoint\",\"urlTemplate\":\"https:\/\/www.globber.com\/pa\/?s={search_term_string}\"},\"query-input\":{\"@type\":\"PropertyValueSpecification\",\"valueRequired\":true,\"valueName\":\"search_term_string\"}}],\"inLanguage\":\"es\"},{\"@type\":\"Organization\",\"@id\":\"https:\/\/www.globber.com\/pa\/#organization\",\"name\":\"Globber Panam\u00e1\",\"url\":\"https:\/\/www.globber.com\/pa\/\",\"logo\":{\"@type\":\"ImageObject\",\"inLanguage\":\"es\",\"@id\":\"https:\/\/www.globber.com\/pa\/#\/schema\/logo\/image\/\",\"url\":\"https:\/\/cdn.globber.com\/content\/2024\/05\/logo.svg\",\"contentUrl\":\"https:\/\/cdn.globber.com\/content\/2024\/05\/logo.svg\",\"width\":601,\"height\":112,\"caption\":\"Globber Panam\u00e1\"},\"image\":{\"@id\":\"https:\/\/www.globber.com\/pa\/#\/schema\/logo\/image\/\"}}]}<\/script>\n<meta property=\"og:availability\" content=\"instock\" \/>\n<meta property=\"product:availability\" content=\"instock\" \/>\n<meta property=\"product:retailer_item_id\" content=\"634-xxx\" \/>\n<meta property=\"product:condition\" content=\"new\" \/>\n<!-- \/ Yoast SEO Premium plugin. -->","yoast_head_json":{"title":"EXPLORER TRIKE 4in1 | NUEVO DISE\u00d1O - Globber Panam\u00e1","robots":{"index":"index","follow":"follow","max-snippet":"max-snippet:-1","max-image-preview":"max-image-preview:large","max-video-preview":"max-video-preview:-1"},"canonical":"https:\/\/www.globber.com\/pa\/product\/explorer-trike-4in1-nuevo-diseno\/","og_locale":"es_ES","og_type":"article","og_title":"EXPLORER TRIKE 4in1 | NUEVO DISE\u00d1O - Globber Panam\u00e1","og_description":"Triciclo de entrenamiento y bicicleta de equilibrio para ni\u00f1os todo en uno (10 meses a 5 a\u00f1os)","og_url":"https:\/\/www.globber.com\/pa\/product\/explorer-trike-4in1-nuevo-diseno\/","og_site_name":"Globber Panam\u00e1","article_modified_time":"2026-03-06T03:25:15+00:00","og_image":[{"width":1280,"height":1280,"url":"https:\/\/cdn.globber.com\/content\/sites\/18\/2025\/03\/634-100_tricycle-for-1-year-olds-1280x1280-1.jpg","type":"image\/jpeg"}],"twitter_card":"summary_large_image","twitter_misc":{"Availability":"In stock"},"schema":{"@context":"https:\/\/schema.org","@graph":[{"@type":["WebPage","ItemPage"],"@id":"https:\/\/www.globber.com\/pa\/product\/explorer-trike-4in1-nuevo-diseno\/","url":"https:\/\/www.globber.com\/pa\/product\/explorer-trike-4in1-nuevo-diseno\/","name":"EXPLORER TRIKE 4in1 | NUEVO DISE\u00d1O - Globber Panam\u00e1","isPartOf":{"@id":"https:\/\/www.globber.com\/pa\/#website"},"primaryImageOfPage":{"@id":"https:\/\/www.globber.com\/pa\/product\/explorer-trike-4in1-nuevo-diseno\/#primaryimage"},"image":{"@id":"https:\/\/www.globber.com\/pa\/product\/explorer-trike-4in1-nuevo-diseno\/#primaryimage"},"thumbnailUrl":"https:\/\/cdn.globber.com\/content\/sites\/18\/2025\/03\/634-100_tricycle-for-1-year-olds-1280x1280-1.jpg","datePublished":"2025-03-07T20:17:17+00:00","dateModified":"2026-03-06T03:25:15+00:00","breadcrumb":{"@id":"https:\/\/www.globber.com\/pa\/product\/explorer-trike-4in1-nuevo-diseno\/#breadcrumb"},"inLanguage":"es","potentialAction":[{"@type":"ReadAction","target":["https:\/\/www.globber.com\/pa\/product\/explorer-trike-4in1-nuevo-diseno\/"]}]},{"@type":"ImageObject","inLanguage":"es","@id":"https:\/\/www.globber.com\/pa\/product\/explorer-trike-4in1-nuevo-diseno\/#primaryimage","url":"https:\/\/cdn.globber.com\/content\/sites\/18\/2025\/03\/634-100_tricycle-for-1-year-olds-1280x1280-1.jpg","contentUrl":"https:\/\/cdn.globber.com\/content\/sites\/18\/2025\/03\/634-100_tricycle-for-1-year-olds-1280x1280-1.jpg","width":1280,"height":1280},{"@type":"BreadcrumbList","@id":"https:\/\/www.globber.com\/pa\/product\/explorer-trike-4in1-nuevo-diseno\/#breadcrumb","itemListElement":[{"@type":"ListItem","position":1,"name":"Todos los productos","item":"https:\/\/www.globber.com\/pa\/comprar-por-producto\/"},{"@type":"ListItem","position":2,"name":"EXPLORER TRIKE 4in1 | NUEVO DISE\u00d1O"}]},{"@type":"WebSite","@id":"https:\/\/www.globber.com\/pa\/#website","url":"https:\/\/www.globber.com\/pa\/","name":"Globber Panam\u00e1","description":"Globber - El Mundo Sobre Ruedas","publisher":{"@id":"https:\/\/www.globber.com\/pa\/#organization"},"potentialAction":[{"@type":"SearchAction","target":{"@type":"EntryPoint","urlTemplate":"https:\/\/www.globber.com\/pa\/?s={search_term_string}"},"query-input":{"@type":"PropertyValueSpecification","valueRequired":true,"valueName":"search_term_string"}}],"inLanguage":"es"},{"@type":"Organization","@id":"https:\/\/www.globber.com\/pa\/#organization","name":"Globber Panam\u00e1","url":"https:\/\/www.globber.com\/pa\/","logo":{"@type":"ImageObject","inLanguage":"es","@id":"https:\/\/www.globber.com\/pa\/#\/schema\/logo\/image\/","url":"https:\/\/cdn.globber.com\/content\/2024\/05\/logo.svg","contentUrl":"https:\/\/cdn.globber.com\/content\/2024\/05\/logo.svg","width":601,"height":112,"caption":"Globber Panam\u00e1"},"image":{"@id":"https:\/\/www.globber.com\/pa\/#\/schema\/logo\/image\/"}}]},"og_availability":"instock","product_availability":"instock","product_retailer_item_id":"634-xxx","product_condition":"new"},"_links":{"self":[{"href":"https:\/\/www.globber.com\/pa\/wp-json\/wp\/v2\/product\/11022","targetHints":{"allow":["GET"]}}],"collection":[{"href":"https:\/\/www.globber.com\/pa\/wp-json\/wp\/v2\/product"}],"about":[{"href":"https:\/\/www.globber.com\/pa\/wp-json\/wp\/v2\/types\/product"}],"replies":[{"embeddable":true,"href":"https:\/\/www.globber.com\/pa\/wp-json\/wp\/v2\/comments?post=11022"}],"wp:featuredmedia":[{"embeddable":true,"href":"https:\/\/www.globber.com\/pa\/wp-json\/wp\/v2\/media\/11036"}],"wp:attachment":[{"href":"https:\/\/www.globber.com\/pa\/wp-json\/wp\/v2\/media?parent=11022"}],"wp:term":[{"taxonomy":"product-special-badges","embeddable":true,"href":"https:\/\/www.globber.com\/pa\/wp-json\/wp\/v2\/product-special-badges?post=11022"},{"taxonomy":"product_brand","embeddable":true,"href":"https:\/\/www.globber.com\/pa\/wp-json\/wp\/v2\/product_brand?post=11022"},{"taxonomy":"product_cat","embeddable":true,"href":"https:\/\/www.globber.com\/pa\/wp-json\/wp\/v2\/product_cat?post=11022"},{"taxonomy":"product_tag","embeddable":true,"href":"https:\/\/www.globber.com\/pa\/wp-json\/wp\/v2\/product_tag?post=11022"}],"curies":[{"name":"wp","href":"https:\/\/api.w.org\/{rel}","templated":true}]}}