{"id":5822,"date":"2022-11-28T14:00:44","date_gmt":"2022-11-28T14:00:44","guid":{"rendered":"https:\/\/staging.globberscooter.com\/pa\/product\/goup-foldable-plus-lights\/"},"modified":"2026-03-05T22:25:15","modified_gmt":"2026-03-06T03:25:15","slug":"go-up-foldable-plus-lights","status":"publish","type":"product","link":"https:\/\/www.globber.com\/pa\/product\/go-up-foldable-plus-lights\/","title":{"rendered":"GO\u2022UP PLEGABLE PLUS LUCES"},"content":{"rendered":"<p>Crece y disfruta con el mejor compa\u00f1ero de aventuras en la infancia: \u00a1monta, pedalea o desl\u00edzate, solo ve, ve, ve!<\/p>\n<p>El GO\u2022UP PLEGABLE PLUS LUCES de Globber es un scooter evolutivo de 3 ruedas con luces y asiento, dise\u00f1ado para acompa\u00f1ar el crecimiento de los m\u00e1s peque\u00f1os. Se transforma en un carrito de empuje dirigido por los padres, un carrito de equilibrio impulsado por los ni\u00f1os y, finalmente, en un scooter. Los modos de carrito de empuje y equilibrio son ideales para ni\u00f1os de 15 a 36 meses, mientras que el modo scooter est\u00e1 recomendado para ni\u00f1os de 3 a 7 a\u00f1os o m\u00e1s. \u00a1Un amigo de la infancia que los acompa\u00f1ar\u00e1 en a\u00f1os de diversi\u00f3n sin fin!.<\/p>\n","protected":false},"excerpt":{"rendered":"<p><strong>Scooter evolutivo con ruedas iluminadas para ni\u00f1os peque\u00f1os (15 meses a 7 a\u00f1os o m\u00e1s)<\/strong><\/p>\n","protected":false},"featured_media":4060,"comment_status":"open","ping_status":"closed","template":"","meta":{"_acf_changed":false,"inline_featured_image":false},"product-special-badges":[],"product_brand":[],"product_cat":[3560,1691,1696,1694,1247,1630],"product_tag":[3664],"class_list":{"0":"post-5822","1":"product","2":"type-product","3":"status-publish","4":"has-post-thumbnail","6":"product-badges-transformable","7":"product-badges-light-up","8":"product-badges-tool-less","9":"product-badges-foldable","10":"product-badges-all-in-one","11":"product_cat-scooters-evolutivos","12":"product_cat-patinete-de-3-ruedas-para-todas-las-edades","13":"product_cat-patinetes-plegables","14":"product_cat-scooters-con-luces","15":"product_cat-go-up-series","16":"product_cat-scooters-para-ninos-pequenos-bicicletas-de-equilibrio-2","17":"product_tag-import","18":"pa_ajustable-si","19":"pa_color-azul-marino","20":"pa_color-rosa","21":"pa_deck-size-ancho-12-5-cm-x-largo-54-5-cm","22":"pa_ean-3202","23":"pa_ean-3206","24":"pa_edades-15m-7a","25":"pa_frenos-freno-trasero-mecanico-compuesto","26":"pa_material-de-cubierta-compuesto-pp-fibra-estructura-metalica","27":"pa_material-de-las-ruedas-fundicion-de-pu-de-alto-rebote","28":"pa_max-user-weight-20-kg-modo-paseo-50-kg-modo-scooter","29":"pa_peso-del-producto-neto-4-06-kg","30":"pa_plegable-si","31":"pa_recommended-user-height-75-120-cm","32":"pa_seat-heights-23-9-27-4-cm-desde-el-suelo","33":"pa_t-bar-heights-67-5-cm-72-5-cm-amp-77-5-cm-desde-el-suelo","34":"pa_tipo-de-producto-bicicleta-de-paseo","35":"pa_tipo-de-producto-correpasillos","36":"pa_tipo-de-producto-scooters-de-3-ruedas","37":"pa_wheels-size-121-mm-24-mm-de-ancho-delantera","38":"pa_wheels-size-80-mm-24-mm-de-ancho-trasera","40":"first","41":"instock","42":"taxable","43":"shipping-taxable","44":"purchasable","45":"product-type-variable"},"acf":[],"yoast_head":"<!-- This site is optimized with the Yoast SEO Premium plugin v20.12 (Yoast SEO v23.4) - https:\/\/yoast.com\/wordpress\/plugins\/seo\/ -->\n<title>Light-Up Foldable Scooter with Seat: GO\u2022UP FOLDABLE PLUS LIGHTS - Globber<\/title>\n<meta name=\"description\" content=\"Go and grow with an all-in-one ride for your little ones! Discover this light-up foldable scooter with seat and have extra fun scooting days!\" \/>\n<meta name=\"robots\" content=\"index, follow, max-snippet:-1, max-image-preview:large, max-video-preview:-1\" \/>\n<link rel=\"canonical\" href=\"https:\/\/www.globber.com\/pa\/product\/go-up-foldable-plus-lights\/\" \/>\n<meta property=\"og:locale\" content=\"es_ES\" \/>\n<meta property=\"og:type\" content=\"article\" \/>\n<meta property=\"og:title\" content=\"Light-Up Foldable Scooter with Seat: GO\u2022UP FOLDABLE PLUS LIGHTS - Globber\" \/>\n<meta property=\"og:description\" content=\"Go and grow with an all-in-one ride for your little ones! Discover this light-up foldable scooter with seat and have extra fun scooting days!\" \/>\n<meta property=\"og:url\" content=\"https:\/\/www.globber.com\/pa\/product\/go-up-foldable-plus-lights\/\" \/>\n<meta property=\"og:site_name\" content=\"Globber Panam\u00e1\" \/>\n<meta property=\"article:modified_time\" content=\"2026-03-06T03:25:15+00:00\" \/>\n<meta property=\"og:image\" content=\"https:\/\/cdn.globber.com\/content\/2022\/11\/638391e919945.jpg\" \/>\n\t<meta property=\"og:image:width\" content=\"1920\" \/>\n\t<meta property=\"og:image:height\" content=\"1920\" \/>\n\t<meta property=\"og:image:type\" content=\"image\/jpeg\" \/>\n<meta name=\"twitter:card\" content=\"summary_large_image\" \/>\n<meta name=\"twitter:label1\" content=\"Availability\" \/>\n\t<meta name=\"twitter:data1\" content=\"In stock\" \/>\n<script type=\"application\/ld+json\" class=\"yoast-schema-graph\">{\"@context\":\"https:\/\/schema.org\",\"@graph\":[{\"@type\":[\"WebPage\",\"ItemPage\"],\"@id\":\"https:\/\/www.globber.com\/pa\/product\/go-up-foldable-plus-lights\/\",\"url\":\"https:\/\/www.globber.com\/pa\/product\/go-up-foldable-plus-lights\/\",\"name\":\"Light-Up Foldable Scooter with Seat: GO\u2022UP FOLDABLE PLUS LIGHTS - Globber\",\"isPartOf\":{\"@id\":\"https:\/\/www.globber.com\/pa\/#website\"},\"primaryImageOfPage\":{\"@id\":\"https:\/\/www.globber.com\/pa\/product\/go-up-foldable-plus-lights\/#primaryimage\"},\"image\":{\"@id\":\"https:\/\/www.globber.com\/pa\/product\/go-up-foldable-plus-lights\/#primaryimage\"},\"thumbnailUrl\":\"https:\/\/cdn.globber.com\/content\/2022\/11\/638391e919945.jpg\",\"datePublished\":\"2022-11-28T14:00:44+00:00\",\"dateModified\":\"2026-03-06T03:25:15+00:00\",\"description\":\"Go and grow with an all-in-one ride for your little ones! Discover this light-up foldable scooter with seat and have extra fun scooting days!\",\"breadcrumb\":{\"@id\":\"https:\/\/www.globber.com\/pa\/product\/go-up-foldable-plus-lights\/#breadcrumb\"},\"inLanguage\":\"es\",\"potentialAction\":[{\"@type\":\"ReadAction\",\"target\":[\"https:\/\/www.globber.com\/pa\/product\/go-up-foldable-plus-lights\/\"]}]},{\"@type\":\"ImageObject\",\"inLanguage\":\"es\",\"@id\":\"https:\/\/www.globber.com\/pa\/product\/go-up-foldable-plus-lights\/#primaryimage\",\"url\":\"https:\/\/cdn.globber.com\/content\/2022\/11\/638391e919945.jpg\",\"contentUrl\":\"https:\/\/cdn.globber.com\/content\/2022\/11\/638391e919945.jpg\",\"width\":1920,\"height\":1920},{\"@type\":\"BreadcrumbList\",\"@id\":\"https:\/\/www.globber.com\/pa\/product\/go-up-foldable-plus-lights\/#breadcrumb\",\"itemListElement\":[{\"@type\":\"ListItem\",\"position\":1,\"name\":\"Todos los productos\",\"item\":\"https:\/\/www.globber.com\/pa\/comprar-por-producto\/\"},{\"@type\":\"ListItem\",\"position\":2,\"name\":\"GO\u2022UP PLEGABLE PLUS LUCES\"}]},{\"@type\":\"WebSite\",\"@id\":\"https:\/\/www.globber.com\/pa\/#website\",\"url\":\"https:\/\/www.globber.com\/pa\/\",\"name\":\"Globber Panam\u00e1\",\"description\":\"Globber - El Mundo Sobre Ruedas\",\"publisher\":{\"@id\":\"https:\/\/www.globber.com\/pa\/#organization\"},\"potentialAction\":[{\"@type\":\"SearchAction\",\"target\":{\"@type\":\"EntryPoint\",\"urlTemplate\":\"https:\/\/www.globber.com\/pa\/?s={search_term_string}\"},\"query-input\":{\"@type\":\"PropertyValueSpecification\",\"valueRequired\":true,\"valueName\":\"search_term_string\"}}],\"inLanguage\":\"es\"},{\"@type\":\"Organization\",\"@id\":\"https:\/\/www.globber.com\/pa\/#organization\",\"name\":\"Globber Panam\u00e1\",\"url\":\"https:\/\/www.globber.com\/pa\/\",\"logo\":{\"@type\":\"ImageObject\",\"inLanguage\":\"es\",\"@id\":\"https:\/\/www.globber.com\/pa\/#\/schema\/logo\/image\/\",\"url\":\"https:\/\/cdn.globber.com\/content\/2024\/05\/logo.svg\",\"contentUrl\":\"https:\/\/cdn.globber.com\/content\/2024\/05\/logo.svg\",\"width\":601,\"height\":112,\"caption\":\"Globber Panam\u00e1\"},\"image\":{\"@id\":\"https:\/\/www.globber.com\/pa\/#\/schema\/logo\/image\/\"}}]}<\/script>\n<meta property=\"og:availability\" content=\"instock\" \/>\n<meta property=\"product:availability\" content=\"instock\" \/>\n<meta property=\"product:retailer_item_id\" content=\"743-xxx\" \/>\n<meta property=\"product:condition\" content=\"new\" \/>\n<!-- \/ Yoast SEO Premium plugin. -->","yoast_head_json":{"title":"Light-Up Foldable Scooter with Seat: GO\u2022UP FOLDABLE PLUS LIGHTS - Globber","description":"Go and grow with an all-in-one ride for your little ones! Discover this light-up foldable scooter with seat and have extra fun scooting days!","robots":{"index":"index","follow":"follow","max-snippet":"max-snippet:-1","max-image-preview":"max-image-preview:large","max-video-preview":"max-video-preview:-1"},"canonical":"https:\/\/www.globber.com\/pa\/product\/go-up-foldable-plus-lights\/","og_locale":"es_ES","og_type":"article","og_title":"Light-Up Foldable Scooter with Seat: GO\u2022UP FOLDABLE PLUS LIGHTS - Globber","og_description":"Go and grow with an all-in-one ride for your little ones! Discover this light-up foldable scooter with seat and have extra fun scooting days!","og_url":"https:\/\/www.globber.com\/pa\/product\/go-up-foldable-plus-lights\/","og_site_name":"Globber Panam\u00e1","article_modified_time":"2026-03-06T03:25:15+00:00","og_image":[{"width":1920,"height":1920,"url":"https:\/\/cdn.globber.com\/content\/2022\/11\/638391e919945.jpg","type":"image\/jpeg"}],"twitter_card":"summary_large_image","twitter_misc":{"Availability":"In stock"},"schema":{"@context":"https:\/\/schema.org","@graph":[{"@type":["WebPage","ItemPage"],"@id":"https:\/\/www.globber.com\/pa\/product\/go-up-foldable-plus-lights\/","url":"https:\/\/www.globber.com\/pa\/product\/go-up-foldable-plus-lights\/","name":"Light-Up Foldable Scooter with Seat: GO\u2022UP FOLDABLE PLUS LIGHTS - Globber","isPartOf":{"@id":"https:\/\/www.globber.com\/pa\/#website"},"primaryImageOfPage":{"@id":"https:\/\/www.globber.com\/pa\/product\/go-up-foldable-plus-lights\/#primaryimage"},"image":{"@id":"https:\/\/www.globber.com\/pa\/product\/go-up-foldable-plus-lights\/#primaryimage"},"thumbnailUrl":"https:\/\/cdn.globber.com\/content\/2022\/11\/638391e919945.jpg","datePublished":"2022-11-28T14:00:44+00:00","dateModified":"2026-03-06T03:25:15+00:00","description":"Go and grow with an all-in-one ride for your little ones! Discover this light-up foldable scooter with seat and have extra fun scooting days!","breadcrumb":{"@id":"https:\/\/www.globber.com\/pa\/product\/go-up-foldable-plus-lights\/#breadcrumb"},"inLanguage":"es","potentialAction":[{"@type":"ReadAction","target":["https:\/\/www.globber.com\/pa\/product\/go-up-foldable-plus-lights\/"]}]},{"@type":"ImageObject","inLanguage":"es","@id":"https:\/\/www.globber.com\/pa\/product\/go-up-foldable-plus-lights\/#primaryimage","url":"https:\/\/cdn.globber.com\/content\/2022\/11\/638391e919945.jpg","contentUrl":"https:\/\/cdn.globber.com\/content\/2022\/11\/638391e919945.jpg","width":1920,"height":1920},{"@type":"BreadcrumbList","@id":"https:\/\/www.globber.com\/pa\/product\/go-up-foldable-plus-lights\/#breadcrumb","itemListElement":[{"@type":"ListItem","position":1,"name":"Todos los productos","item":"https:\/\/www.globber.com\/pa\/comprar-por-producto\/"},{"@type":"ListItem","position":2,"name":"GO\u2022UP PLEGABLE PLUS LUCES"}]},{"@type":"WebSite","@id":"https:\/\/www.globber.com\/pa\/#website","url":"https:\/\/www.globber.com\/pa\/","name":"Globber Panam\u00e1","description":"Globber - El Mundo Sobre Ruedas","publisher":{"@id":"https:\/\/www.globber.com\/pa\/#organization"},"potentialAction":[{"@type":"SearchAction","target":{"@type":"EntryPoint","urlTemplate":"https:\/\/www.globber.com\/pa\/?s={search_term_string}"},"query-input":{"@type":"PropertyValueSpecification","valueRequired":true,"valueName":"search_term_string"}}],"inLanguage":"es"},{"@type":"Organization","@id":"https:\/\/www.globber.com\/pa\/#organization","name":"Globber Panam\u00e1","url":"https:\/\/www.globber.com\/pa\/","logo":{"@type":"ImageObject","inLanguage":"es","@id":"https:\/\/www.globber.com\/pa\/#\/schema\/logo\/image\/","url":"https:\/\/cdn.globber.com\/content\/2024\/05\/logo.svg","contentUrl":"https:\/\/cdn.globber.com\/content\/2024\/05\/logo.svg","width":601,"height":112,"caption":"Globber Panam\u00e1"},"image":{"@id":"https:\/\/www.globber.com\/pa\/#\/schema\/logo\/image\/"}}]},"og_availability":"instock","product_availability":"instock","product_retailer_item_id":"743-xxx","product_condition":"new"},"_links":{"self":[{"href":"https:\/\/www.globber.com\/pa\/wp-json\/wp\/v2\/product\/5822","targetHints":{"allow":["GET"]}}],"collection":[{"href":"https:\/\/www.globber.com\/pa\/wp-json\/wp\/v2\/product"}],"about":[{"href":"https:\/\/www.globber.com\/pa\/wp-json\/wp\/v2\/types\/product"}],"replies":[{"embeddable":true,"href":"https:\/\/www.globber.com\/pa\/wp-json\/wp\/v2\/comments?post=5822"}],"wp:featuredmedia":[{"embeddable":true,"href":"https:\/\/www.globber.com\/pa\/wp-json\/wp\/v2\/media\/4060"}],"wp:attachment":[{"href":"https:\/\/www.globber.com\/pa\/wp-json\/wp\/v2\/media?parent=5822"}],"wp:term":[{"taxonomy":"product-special-badges","embeddable":true,"href":"https:\/\/www.globber.com\/pa\/wp-json\/wp\/v2\/product-special-badges?post=5822"},{"taxonomy":"product_brand","embeddable":true,"href":"https:\/\/www.globber.com\/pa\/wp-json\/wp\/v2\/product_brand?post=5822"},{"taxonomy":"product_cat","embeddable":true,"href":"https:\/\/www.globber.com\/pa\/wp-json\/wp\/v2\/product_cat?post=5822"},{"taxonomy":"product_tag","embeddable":true,"href":"https:\/\/www.globber.com\/pa\/wp-json\/wp\/v2\/product_tag?post=5822"}],"curies":[{"name":"wp","href":"https:\/\/api.w.org\/{rel}","templated":true}]}}