{"id":5863,"date":"2022-11-28T14:02:35","date_gmt":"2022-11-28T14:02:35","guid":{"rendered":"https:\/\/staging.globberscooter.com\/pa\/product\/go-bike\/"},"modified":"2025-03-18T10:54:12","modified_gmt":"2025-03-18T15:54:12","slug":"go-bike","status":"publish","type":"product","link":"https:\/\/www.globber.com\/pa\/product\/go-bike\/","title":{"rendered":"GO BIKE - NUEVO DISE\u00d1O"},"content":{"rendered":"<p>\u00a1Divi\u00e9rtete y desarrolla el equilibrio de tu peque\u00f1o mientras se familiariza con el juego sobre ruedas! La bicicleta de equilibrio GO BIKE para ni\u00f1os peque\u00f1os de 2 a 5 a\u00f1os es una innovadora bicicleta de equilibrio con un cuadro reversible para mayor durabilidad, un sill\u00edn ajustable en 6 alturas, un manillar curvo ajustable en 2 alturas y ruedas de espuma EVA de 25 cm de alta calidad para m\u00e1xima comodidad.<\/p>\n","protected":false},"excerpt":{"rendered":"<p><strong>Bicicleta de equilibrio para ni\u00f1os peque\u00f1os (2 a 5 a\u00f1os)<\/strong><\/p>\n<p>&nbsp;<\/p>\n","protected":false},"featured_media":10188,"comment_status":"open","ping_status":"closed","template":"","meta":{"_acf_changed":false,"inline_featured_image":false},"product-special-badges":[],"product_brand":[],"product_cat":[1693,1678,1630],"product_tag":[3664],"class_list":{"0":"post-5863","1":"product","2":"type-product","3":"status-publish","4":"has-post-thumbnail","6":"product-badges-convertible","7":"product-badges-adjustable","8":"product_cat-bicicletas-de-equilibrio-para-ninos","9":"product_cat-go-bike-series","10":"product_cat-scooters-para-ninos-pequenos-bicicletas-de-equilibrio-2","11":"product_tag-import","12":"pa_ajustable-si","13":"pa_color-azul-marino","14":"pa_color-rojo","15":"pa_color-rosa-neon","16":"pa_color-verde-limon","17":"pa_ean-3243","18":"pa_ean-3244","19":"pa_ean-3245","20":"pa_ean-3246","21":"pa_edades-2-5-anos","22":"pa_material-de-las-ruedas-espuma-eva","23":"pa_max-user-weight-20-kg","24":"pa_peso-del-producto-neto-3-06-kg","25":"pa_plegable-no","26":"pa_product-badges-ajustable","27":"pa_product-badges-convertible","28":"pa_product-categories-scooters-triciclos-y-bicicletas-de-equilibrio-para-ninos-pequenos","29":"pa_recommended-user-height-85-105-cm","30":"pa_seat-heights-marco-bajo-34cm-36-5cm-39cm-posicion-de-marco-alta-36-5cm-39cm-41-5cm","31":"pa_wheels-size-254-mm-10-delantera","32":"pa_wheels-size-254-mm-10-trasera","34":"first","35":"outofstock","36":"taxable","37":"shipping-taxable","38":"purchasable","39":"product-type-variable"},"acf":[],"yoast_head":"<!-- This site is optimized with the Yoast SEO Premium plugin v20.12 (Yoast SEO v23.4) - https:\/\/yoast.com\/wordpress\/plugins\/seo\/ -->\n<title>Balance Bike for 2-Year-Olds: GO BIKE \u2013 Globber<\/title>\n<meta name=\"description\" content=\"Start your kid\u2019s cycling life! Check out the perfect balance bike for toddlers to develop coordination skills and confidence as they ride.\" \/>\n<meta name=\"robots\" content=\"index, follow, max-snippet:-1, max-image-preview:large, max-video-preview:-1\" \/>\n<link rel=\"canonical\" href=\"https:\/\/www.globber.com\/pa\/product\/go-bike\/\" \/>\n<meta property=\"og:locale\" content=\"es_ES\" \/>\n<meta property=\"og:type\" content=\"article\" \/>\n<meta property=\"og:title\" content=\"Balance Bike for 2-Year-Olds: GO BIKE \u2013 Globber\" \/>\n<meta property=\"og:description\" content=\"Start your kid\u2019s cycling life! Check out the perfect balance bike for toddlers to develop coordination skills and confidence as they ride.\" \/>\n<meta property=\"og:url\" content=\"https:\/\/www.globber.com\/pa\/product\/go-bike\/\" \/>\n<meta property=\"og:site_name\" content=\"Globber Panam\u00e1\" \/>\n<meta property=\"article:modified_time\" content=\"2025-03-18T15:54:12+00:00\" \/>\n<meta property=\"og:image\" content=\"https:\/\/cdn.globber.com\/content\/2022\/11\/617-110_ftq-lo_rgb.jpg\" \/>\n\t<meta property=\"og:image:width\" content=\"2048\" \/>\n\t<meta property=\"og:image:height\" content=\"2048\" \/>\n\t<meta property=\"og:image:type\" content=\"image\/jpeg\" \/>\n<meta name=\"twitter:card\" content=\"summary_large_image\" \/>\n<meta name=\"twitter:label1\" content=\"Availability\" \/>\n\t<meta name=\"twitter:data1\" content=\"Out of stock\" \/>\n<script type=\"application\/ld+json\" class=\"yoast-schema-graph\">{\"@context\":\"https:\/\/schema.org\",\"@graph\":[{\"@type\":[\"WebPage\",\"ItemPage\"],\"@id\":\"https:\/\/www.globber.com\/pa\/product\/go-bike\/\",\"url\":\"https:\/\/www.globber.com\/pa\/product\/go-bike\/\",\"name\":\"Balance Bike for 2-Year-Olds: GO BIKE \u2013 Globber\",\"isPartOf\":{\"@id\":\"https:\/\/www.globber.com\/pa\/#website\"},\"primaryImageOfPage\":{\"@id\":\"https:\/\/www.globber.com\/pa\/product\/go-bike\/#primaryimage\"},\"image\":{\"@id\":\"https:\/\/www.globber.com\/pa\/product\/go-bike\/#primaryimage\"},\"thumbnailUrl\":\"https:\/\/cdn.globber.com\/content\/2022\/11\/617-110_ftq-lo_rgb.jpg\",\"datePublished\":\"2022-11-28T14:02:35+00:00\",\"dateModified\":\"2025-03-18T15:54:12+00:00\",\"description\":\"Start your kid\u2019s cycling life! Check out the perfect balance bike for toddlers to develop coordination skills and confidence as they ride.\",\"breadcrumb\":{\"@id\":\"https:\/\/www.globber.com\/pa\/product\/go-bike\/#breadcrumb\"},\"inLanguage\":\"es\",\"potentialAction\":[{\"@type\":\"ReadAction\",\"target\":[\"https:\/\/www.globber.com\/pa\/product\/go-bike\/\"]}]},{\"@type\":\"ImageObject\",\"inLanguage\":\"es\",\"@id\":\"https:\/\/www.globber.com\/pa\/product\/go-bike\/#primaryimage\",\"url\":\"https:\/\/cdn.globber.com\/content\/2022\/11\/617-110_ftq-lo_rgb.jpg\",\"contentUrl\":\"https:\/\/cdn.globber.com\/content\/2022\/11\/617-110_ftq-lo_rgb.jpg\",\"width\":2048,\"height\":2048},{\"@type\":\"BreadcrumbList\",\"@id\":\"https:\/\/www.globber.com\/pa\/product\/go-bike\/#breadcrumb\",\"itemListElement\":[{\"@type\":\"ListItem\",\"position\":1,\"name\":\"Todos los productos\",\"item\":\"https:\/\/www.globber.com\/pa\/comprar-por-producto\/\"},{\"@type\":\"ListItem\",\"position\":2,\"name\":\"GO BIKE - NUEVO DISE\u00d1O\"}]},{\"@type\":\"WebSite\",\"@id\":\"https:\/\/www.globber.com\/pa\/#website\",\"url\":\"https:\/\/www.globber.com\/pa\/\",\"name\":\"Globber Panam\u00e1\",\"description\":\"Globber - El Mundo Sobre Ruedas\",\"publisher\":{\"@id\":\"https:\/\/www.globber.com\/pa\/#organization\"},\"potentialAction\":[{\"@type\":\"SearchAction\",\"target\":{\"@type\":\"EntryPoint\",\"urlTemplate\":\"https:\/\/www.globber.com\/pa\/?s={search_term_string}\"},\"query-input\":{\"@type\":\"PropertyValueSpecification\",\"valueRequired\":true,\"valueName\":\"search_term_string\"}}],\"inLanguage\":\"es\"},{\"@type\":\"Organization\",\"@id\":\"https:\/\/www.globber.com\/pa\/#organization\",\"name\":\"Globber Panam\u00e1\",\"url\":\"https:\/\/www.globber.com\/pa\/\",\"logo\":{\"@type\":\"ImageObject\",\"inLanguage\":\"es\",\"@id\":\"https:\/\/www.globber.com\/pa\/#\/schema\/logo\/image\/\",\"url\":\"https:\/\/cdn.globber.com\/content\/2024\/05\/logo.svg\",\"contentUrl\":\"https:\/\/cdn.globber.com\/content\/2024\/05\/logo.svg\",\"width\":601,\"height\":112,\"caption\":\"Globber Panam\u00e1\"},\"image\":{\"@id\":\"https:\/\/www.globber.com\/pa\/#\/schema\/logo\/image\/\"}}]}<\/script>\n<meta property=\"og:availability\" content=\"out of stock\" \/>\n<meta property=\"product:availability\" content=\"out of stock\" \/>\n<meta property=\"product:retailer_item_id\" content=\"617-xxx\" \/>\n<meta property=\"product:condition\" content=\"new\" \/>\n<!-- \/ Yoast SEO Premium plugin. -->","yoast_head_json":{"title":"Balance Bike for 2-Year-Olds: GO BIKE \u2013 Globber","description":"Start your kid\u2019s cycling life! Check out the perfect balance bike for toddlers to develop coordination skills and confidence as they ride.","robots":{"index":"index","follow":"follow","max-snippet":"max-snippet:-1","max-image-preview":"max-image-preview:large","max-video-preview":"max-video-preview:-1"},"canonical":"https:\/\/www.globber.com\/pa\/product\/go-bike\/","og_locale":"es_ES","og_type":"article","og_title":"Balance Bike for 2-Year-Olds: GO BIKE \u2013 Globber","og_description":"Start your kid\u2019s cycling life! Check out the perfect balance bike for toddlers to develop coordination skills and confidence as they ride.","og_url":"https:\/\/www.globber.com\/pa\/product\/go-bike\/","og_site_name":"Globber Panam\u00e1","article_modified_time":"2025-03-18T15:54:12+00:00","og_image":[{"width":2048,"height":2048,"url":"https:\/\/cdn.globber.com\/content\/2022\/11\/617-110_ftq-lo_rgb.jpg","type":"image\/jpeg"}],"twitter_card":"summary_large_image","twitter_misc":{"Availability":"Out of stock"},"schema":{"@context":"https:\/\/schema.org","@graph":[{"@type":["WebPage","ItemPage"],"@id":"https:\/\/www.globber.com\/pa\/product\/go-bike\/","url":"https:\/\/www.globber.com\/pa\/product\/go-bike\/","name":"Balance Bike for 2-Year-Olds: GO BIKE \u2013 Globber","isPartOf":{"@id":"https:\/\/www.globber.com\/pa\/#website"},"primaryImageOfPage":{"@id":"https:\/\/www.globber.com\/pa\/product\/go-bike\/#primaryimage"},"image":{"@id":"https:\/\/www.globber.com\/pa\/product\/go-bike\/#primaryimage"},"thumbnailUrl":"https:\/\/cdn.globber.com\/content\/2022\/11\/617-110_ftq-lo_rgb.jpg","datePublished":"2022-11-28T14:02:35+00:00","dateModified":"2025-03-18T15:54:12+00:00","description":"Start your kid\u2019s cycling life! Check out the perfect balance bike for toddlers to develop coordination skills and confidence as they ride.","breadcrumb":{"@id":"https:\/\/www.globber.com\/pa\/product\/go-bike\/#breadcrumb"},"inLanguage":"es","potentialAction":[{"@type":"ReadAction","target":["https:\/\/www.globber.com\/pa\/product\/go-bike\/"]}]},{"@type":"ImageObject","inLanguage":"es","@id":"https:\/\/www.globber.com\/pa\/product\/go-bike\/#primaryimage","url":"https:\/\/cdn.globber.com\/content\/2022\/11\/617-110_ftq-lo_rgb.jpg","contentUrl":"https:\/\/cdn.globber.com\/content\/2022\/11\/617-110_ftq-lo_rgb.jpg","width":2048,"height":2048},{"@type":"BreadcrumbList","@id":"https:\/\/www.globber.com\/pa\/product\/go-bike\/#breadcrumb","itemListElement":[{"@type":"ListItem","position":1,"name":"Todos los productos","item":"https:\/\/www.globber.com\/pa\/comprar-por-producto\/"},{"@type":"ListItem","position":2,"name":"GO BIKE - NUEVO DISE\u00d1O"}]},{"@type":"WebSite","@id":"https:\/\/www.globber.com\/pa\/#website","url":"https:\/\/www.globber.com\/pa\/","name":"Globber Panam\u00e1","description":"Globber - El Mundo Sobre Ruedas","publisher":{"@id":"https:\/\/www.globber.com\/pa\/#organization"},"potentialAction":[{"@type":"SearchAction","target":{"@type":"EntryPoint","urlTemplate":"https:\/\/www.globber.com\/pa\/?s={search_term_string}"},"query-input":{"@type":"PropertyValueSpecification","valueRequired":true,"valueName":"search_term_string"}}],"inLanguage":"es"},{"@type":"Organization","@id":"https:\/\/www.globber.com\/pa\/#organization","name":"Globber Panam\u00e1","url":"https:\/\/www.globber.com\/pa\/","logo":{"@type":"ImageObject","inLanguage":"es","@id":"https:\/\/www.globber.com\/pa\/#\/schema\/logo\/image\/","url":"https:\/\/cdn.globber.com\/content\/2024\/05\/logo.svg","contentUrl":"https:\/\/cdn.globber.com\/content\/2024\/05\/logo.svg","width":601,"height":112,"caption":"Globber Panam\u00e1"},"image":{"@id":"https:\/\/www.globber.com\/pa\/#\/schema\/logo\/image\/"}}]},"og_availability":"out of stock","product_availability":"out of stock","product_retailer_item_id":"617-xxx","product_condition":"new"},"_links":{"self":[{"href":"https:\/\/www.globber.com\/pa\/wp-json\/wp\/v2\/product\/5863","targetHints":{"allow":["GET"]}}],"collection":[{"href":"https:\/\/www.globber.com\/pa\/wp-json\/wp\/v2\/product"}],"about":[{"href":"https:\/\/www.globber.com\/pa\/wp-json\/wp\/v2\/types\/product"}],"replies":[{"embeddable":true,"href":"https:\/\/www.globber.com\/pa\/wp-json\/wp\/v2\/comments?post=5863"}],"wp:featuredmedia":[{"embeddable":true,"href":"https:\/\/www.globber.com\/pa\/wp-json\/wp\/v2\/media\/10188"}],"wp:attachment":[{"href":"https:\/\/www.globber.com\/pa\/wp-json\/wp\/v2\/media?parent=5863"}],"wp:term":[{"taxonomy":"product-special-badges","embeddable":true,"href":"https:\/\/www.globber.com\/pa\/wp-json\/wp\/v2\/product-special-badges?post=5863"},{"taxonomy":"product_brand","embeddable":true,"href":"https:\/\/www.globber.com\/pa\/wp-json\/wp\/v2\/product_brand?post=5863"},{"taxonomy":"product_cat","embeddable":true,"href":"https:\/\/www.globber.com\/pa\/wp-json\/wp\/v2\/product_cat?post=5863"},{"taxonomy":"product_tag","embeddable":true,"href":"https:\/\/www.globber.com\/pa\/wp-json\/wp\/v2\/product_tag?post=5863"}],"curies":[{"name":"wp","href":"https:\/\/api.w.org\/{rel}","templated":true}]}}