{"id":5867,"date":"2022-11-28T14:02:46","date_gmt":"2022-11-28T14:02:46","guid":{"rendered":"https:\/\/staging.globberscooter.com\/pa\/product\/go-bike-duo\/"},"modified":"2025-03-17T13:18:32","modified_gmt":"2025-03-17T18:18:32","slug":"go-bike-duo","status":"publish","type":"product","link":"https:\/\/www.globber.com\/pa\/product\/go-bike-duo\/","title":{"rendered":"GO BIKE DUO"},"content":{"rendered":"<p>\u00a1Haz que tu peque\u00f1o comience a andar en bicicleta en poco tiempo! GO BIKE DUO ayuda a desarrollar las habilidades motoras de los ni\u00f1os a partir de los 2 a\u00f1os, para que aprendan f\u00e1cilmente a montar y mantener el equilibrio.<\/p>\n<p>GO BIKE DUO est\u00e1 dise\u00f1ada con dos ruedas traseras de espuma EVA, brindando un soporte adicional para ayudar a los peque\u00f1os a mejorar su equilibrio en una bicicleta de aprendizaje convertible. Cuenta con un cuadro reversible para mayor ajuste de altura del asiento, manillar ajustable en 2 posiciones, reposapi\u00e9s desmontable sin necesidad de herramientas y ruedas traseras dobles de espuma EVA. \u00a1GO BIKE DUO est\u00e1 lista para la diversi\u00f3n sobre ruedas!<\/p>\n","protected":false},"excerpt":{"rendered":"<p>Bicicleta de equilibrio para ni\u00f1os peque\u00f1os (de 2 a 5 a\u00f1os)<\/p>\n","protected":false},"featured_media":3745,"comment_status":"open","ping_status":"closed","template":"","meta":{"_acf_changed":false,"inline_featured_image":false},"product-special-badges":[],"product_brand":[],"product_cat":[1693,1678,1630],"product_tag":[3664],"class_list":{"0":"post-5867","1":"product","2":"type-product","3":"status-publish","4":"has-post-thumbnail","6":"product-badges-convertible","7":"product-badges-adjustable","8":"product-badges-tool-less","9":"product_cat-bicicletas-de-equilibrio-para-ninos","10":"product_cat-go-bike-series","11":"product_cat-scooters-para-ninos-pequenos-bicicletas-de-equilibrio-2","12":"product_tag-import","13":"pa_ajustable-si","14":"pa_color-blanco-con-rojo","15":"pa_ean-3248","16":"pa_edades-2-5-anos","17":"pa_material-de-las-ruedas-espuma-eva","18":"pa_max-user-weight-20-kg","19":"pa_peso-del-producto-neto-3-06-kg","20":"pa_plegable-no","21":"pa_recommended-user-height-85-105-cm","22":"pa_seat-heights-posicion-baja-del-cuadro-29-4cm-31-8cm-34cm-36-2cm-posicion-alta-del-cuadro-33cm-34-8cm-37-1cm-39-8cm","23":"pa_tipo-de-producto-bicicleta-de-equilibrio","24":"pa_wheels-size-215-mm-85-delantera","25":"pa_wheels-size-215-mm-85-trasera","27":"first","28":"instock","29":"taxable","30":"shipping-taxable","31":"purchasable","32":"product-type-variable"},"acf":[],"yoast_head":"<!-- This site is optimized with the Yoast SEO Premium plugin v20.12 (Yoast SEO v23.4) - https:\/\/yoast.com\/wordpress\/plugins\/seo\/ -->\n<title>Adjustable Balance Bike: GO BIKE DUO \u2013 Globber<\/title>\n<meta name=\"description\" content=\"Discover the wonders of cycling! Riding a balance bike is a great way for toddlers to develop motor skills while playing the day away.\" \/>\n<meta name=\"robots\" content=\"index, follow, max-snippet:-1, max-image-preview:large, max-video-preview:-1\" \/>\n<link rel=\"canonical\" href=\"https:\/\/www.globber.com\/pa\/product\/go-bike-duo\/\" \/>\n<meta property=\"og:locale\" content=\"es_ES\" \/>\n<meta property=\"og:type\" content=\"article\" \/>\n<meta property=\"og:title\" content=\"Adjustable Balance Bike: GO BIKE DUO \u2013 Globber\" \/>\n<meta property=\"og:description\" content=\"Discover the wonders of cycling! Riding a balance bike is a great way for toddlers to develop motor skills while playing the day away.\" \/>\n<meta property=\"og:url\" content=\"https:\/\/www.globber.com\/pa\/product\/go-bike-duo\/\" \/>\n<meta property=\"og:site_name\" content=\"Globber Panam\u00e1\" \/>\n<meta property=\"article:modified_time\" content=\"2025-03-17T18:18:32+00:00\" \/>\n<meta property=\"og:image\" content=\"https:\/\/cdn.globber.com\/content\/2022\/11\/6383898eda1ed.jpg\" \/>\n\t<meta property=\"og:image:width\" content=\"1920\" \/>\n\t<meta property=\"og:image:height\" content=\"1920\" \/>\n\t<meta property=\"og:image:type\" content=\"image\/jpeg\" \/>\n<meta name=\"twitter:card\" content=\"summary_large_image\" \/>\n<meta name=\"twitter:label1\" content=\"Availability\" \/>\n\t<meta name=\"twitter:data1\" content=\"In stock\" \/>\n<script type=\"application\/ld+json\" class=\"yoast-schema-graph\">{\"@context\":\"https:\/\/schema.org\",\"@graph\":[{\"@type\":[\"WebPage\",\"ItemPage\"],\"@id\":\"https:\/\/www.globber.com\/pa\/product\/go-bike-duo\/\",\"url\":\"https:\/\/www.globber.com\/pa\/product\/go-bike-duo\/\",\"name\":\"Adjustable Balance Bike: GO BIKE DUO \u2013 Globber\",\"isPartOf\":{\"@id\":\"https:\/\/www.globber.com\/pa\/#website\"},\"primaryImageOfPage\":{\"@id\":\"https:\/\/www.globber.com\/pa\/product\/go-bike-duo\/#primaryimage\"},\"image\":{\"@id\":\"https:\/\/www.globber.com\/pa\/product\/go-bike-duo\/#primaryimage\"},\"thumbnailUrl\":\"https:\/\/cdn.globber.com\/content\/2022\/11\/6383898eda1ed.jpg\",\"datePublished\":\"2022-11-28T14:02:46+00:00\",\"dateModified\":\"2025-03-17T18:18:32+00:00\",\"description\":\"Discover the wonders of cycling! Riding a balance bike is a great way for toddlers to develop motor skills while playing the day away.\",\"breadcrumb\":{\"@id\":\"https:\/\/www.globber.com\/pa\/product\/go-bike-duo\/#breadcrumb\"},\"inLanguage\":\"es\",\"potentialAction\":[{\"@type\":\"ReadAction\",\"target\":[\"https:\/\/www.globber.com\/pa\/product\/go-bike-duo\/\"]}]},{\"@type\":\"ImageObject\",\"inLanguage\":\"es\",\"@id\":\"https:\/\/www.globber.com\/pa\/product\/go-bike-duo\/#primaryimage\",\"url\":\"https:\/\/cdn.globber.com\/content\/2022\/11\/6383898eda1ed.jpg\",\"contentUrl\":\"https:\/\/cdn.globber.com\/content\/2022\/11\/6383898eda1ed.jpg\",\"width\":1920,\"height\":1920},{\"@type\":\"BreadcrumbList\",\"@id\":\"https:\/\/www.globber.com\/pa\/product\/go-bike-duo\/#breadcrumb\",\"itemListElement\":[{\"@type\":\"ListItem\",\"position\":1,\"name\":\"Todos los productos\",\"item\":\"https:\/\/www.globber.com\/pa\/comprar-por-producto\/\"},{\"@type\":\"ListItem\",\"position\":2,\"name\":\"GO BIKE DUO\"}]},{\"@type\":\"WebSite\",\"@id\":\"https:\/\/www.globber.com\/pa\/#website\",\"url\":\"https:\/\/www.globber.com\/pa\/\",\"name\":\"Globber Panam\u00e1\",\"description\":\"Globber - El Mundo Sobre Ruedas\",\"publisher\":{\"@id\":\"https:\/\/www.globber.com\/pa\/#organization\"},\"potentialAction\":[{\"@type\":\"SearchAction\",\"target\":{\"@type\":\"EntryPoint\",\"urlTemplate\":\"https:\/\/www.globber.com\/pa\/?s={search_term_string}\"},\"query-input\":{\"@type\":\"PropertyValueSpecification\",\"valueRequired\":true,\"valueName\":\"search_term_string\"}}],\"inLanguage\":\"es\"},{\"@type\":\"Organization\",\"@id\":\"https:\/\/www.globber.com\/pa\/#organization\",\"name\":\"Globber Panam\u00e1\",\"url\":\"https:\/\/www.globber.com\/pa\/\",\"logo\":{\"@type\":\"ImageObject\",\"inLanguage\":\"es\",\"@id\":\"https:\/\/www.globber.com\/pa\/#\/schema\/logo\/image\/\",\"url\":\"https:\/\/cdn.globber.com\/content\/2024\/05\/logo.svg\",\"contentUrl\":\"https:\/\/cdn.globber.com\/content\/2024\/05\/logo.svg\",\"width\":601,\"height\":112,\"caption\":\"Globber Panam\u00e1\"},\"image\":{\"@id\":\"https:\/\/www.globber.com\/pa\/#\/schema\/logo\/image\/\"}}]}<\/script>\n<meta property=\"og:availability\" content=\"instock\" \/>\n<meta property=\"product:availability\" content=\"instock\" \/>\n<meta property=\"product:retailer_item_id\" content=\"614-2xx-2\" \/>\n<meta property=\"product:condition\" content=\"new\" \/>\n<!-- \/ Yoast SEO Premium plugin. -->","yoast_head_json":{"title":"Adjustable Balance Bike: GO BIKE DUO \u2013 Globber","description":"Discover the wonders of cycling! Riding a balance bike is a great way for toddlers to develop motor skills while playing the day away.","robots":{"index":"index","follow":"follow","max-snippet":"max-snippet:-1","max-image-preview":"max-image-preview:large","max-video-preview":"max-video-preview:-1"},"canonical":"https:\/\/www.globber.com\/pa\/product\/go-bike-duo\/","og_locale":"es_ES","og_type":"article","og_title":"Adjustable Balance Bike: GO BIKE DUO \u2013 Globber","og_description":"Discover the wonders of cycling! Riding a balance bike is a great way for toddlers to develop motor skills while playing the day away.","og_url":"https:\/\/www.globber.com\/pa\/product\/go-bike-duo\/","og_site_name":"Globber Panam\u00e1","article_modified_time":"2025-03-17T18:18:32+00:00","og_image":[{"width":1920,"height":1920,"url":"https:\/\/cdn.globber.com\/content\/2022\/11\/6383898eda1ed.jpg","type":"image\/jpeg"}],"twitter_card":"summary_large_image","twitter_misc":{"Availability":"In stock"},"schema":{"@context":"https:\/\/schema.org","@graph":[{"@type":["WebPage","ItemPage"],"@id":"https:\/\/www.globber.com\/pa\/product\/go-bike-duo\/","url":"https:\/\/www.globber.com\/pa\/product\/go-bike-duo\/","name":"Adjustable Balance Bike: GO BIKE DUO \u2013 Globber","isPartOf":{"@id":"https:\/\/www.globber.com\/pa\/#website"},"primaryImageOfPage":{"@id":"https:\/\/www.globber.com\/pa\/product\/go-bike-duo\/#primaryimage"},"image":{"@id":"https:\/\/www.globber.com\/pa\/product\/go-bike-duo\/#primaryimage"},"thumbnailUrl":"https:\/\/cdn.globber.com\/content\/2022\/11\/6383898eda1ed.jpg","datePublished":"2022-11-28T14:02:46+00:00","dateModified":"2025-03-17T18:18:32+00:00","description":"Discover the wonders of cycling! Riding a balance bike is a great way for toddlers to develop motor skills while playing the day away.","breadcrumb":{"@id":"https:\/\/www.globber.com\/pa\/product\/go-bike-duo\/#breadcrumb"},"inLanguage":"es","potentialAction":[{"@type":"ReadAction","target":["https:\/\/www.globber.com\/pa\/product\/go-bike-duo\/"]}]},{"@type":"ImageObject","inLanguage":"es","@id":"https:\/\/www.globber.com\/pa\/product\/go-bike-duo\/#primaryimage","url":"https:\/\/cdn.globber.com\/content\/2022\/11\/6383898eda1ed.jpg","contentUrl":"https:\/\/cdn.globber.com\/content\/2022\/11\/6383898eda1ed.jpg","width":1920,"height":1920},{"@type":"BreadcrumbList","@id":"https:\/\/www.globber.com\/pa\/product\/go-bike-duo\/#breadcrumb","itemListElement":[{"@type":"ListItem","position":1,"name":"Todos los productos","item":"https:\/\/www.globber.com\/pa\/comprar-por-producto\/"},{"@type":"ListItem","position":2,"name":"GO BIKE DUO"}]},{"@type":"WebSite","@id":"https:\/\/www.globber.com\/pa\/#website","url":"https:\/\/www.globber.com\/pa\/","name":"Globber Panam\u00e1","description":"Globber - El Mundo Sobre Ruedas","publisher":{"@id":"https:\/\/www.globber.com\/pa\/#organization"},"potentialAction":[{"@type":"SearchAction","target":{"@type":"EntryPoint","urlTemplate":"https:\/\/www.globber.com\/pa\/?s={search_term_string}"},"query-input":{"@type":"PropertyValueSpecification","valueRequired":true,"valueName":"search_term_string"}}],"inLanguage":"es"},{"@type":"Organization","@id":"https:\/\/www.globber.com\/pa\/#organization","name":"Globber Panam\u00e1","url":"https:\/\/www.globber.com\/pa\/","logo":{"@type":"ImageObject","inLanguage":"es","@id":"https:\/\/www.globber.com\/pa\/#\/schema\/logo\/image\/","url":"https:\/\/cdn.globber.com\/content\/2024\/05\/logo.svg","contentUrl":"https:\/\/cdn.globber.com\/content\/2024\/05\/logo.svg","width":601,"height":112,"caption":"Globber Panam\u00e1"},"image":{"@id":"https:\/\/www.globber.com\/pa\/#\/schema\/logo\/image\/"}}]},"og_availability":"instock","product_availability":"instock","product_retailer_item_id":"614-2xx-2","product_condition":"new"},"_links":{"self":[{"href":"https:\/\/www.globber.com\/pa\/wp-json\/wp\/v2\/product\/5867","targetHints":{"allow":["GET"]}}],"collection":[{"href":"https:\/\/www.globber.com\/pa\/wp-json\/wp\/v2\/product"}],"about":[{"href":"https:\/\/www.globber.com\/pa\/wp-json\/wp\/v2\/types\/product"}],"replies":[{"embeddable":true,"href":"https:\/\/www.globber.com\/pa\/wp-json\/wp\/v2\/comments?post=5867"}],"wp:featuredmedia":[{"embeddable":true,"href":"https:\/\/www.globber.com\/pa\/wp-json\/wp\/v2\/media\/3745"}],"wp:attachment":[{"href":"https:\/\/www.globber.com\/pa\/wp-json\/wp\/v2\/media?parent=5867"}],"wp:term":[{"taxonomy":"product-special-badges","embeddable":true,"href":"https:\/\/www.globber.com\/pa\/wp-json\/wp\/v2\/product-special-badges?post=5867"},{"taxonomy":"product_brand","embeddable":true,"href":"https:\/\/www.globber.com\/pa\/wp-json\/wp\/v2\/product_brand?post=5867"},{"taxonomy":"product_cat","embeddable":true,"href":"https:\/\/www.globber.com\/pa\/wp-json\/wp\/v2\/product_cat?post=5867"},{"taxonomy":"product_tag","embeddable":true,"href":"https:\/\/www.globber.com\/pa\/wp-json\/wp\/v2\/product_tag?post=5867"}],"curies":[{"name":"wp","href":"https:\/\/api.w.org\/{rel}","templated":true}]}}