{"id":5878,"date":"2022-11-28T14:03:16","date_gmt":"2022-11-28T14:03:16","guid":{"rendered":"https:\/\/staging.globberscooter.com\/pa\/product\/go-bike-elite-duo\/"},"modified":"2025-03-15T18:54:29","modified_gmt":"2025-03-15T23:54:29","slug":"go-bike-elite-duo","status":"publish","type":"product","link":"https:\/\/www.globber.com\/pa\/product\/go-bike-elite-duo\/","title":{"rendered":"GO BIKE ELITE DUO"},"content":{"rendered":"<p>\u00a1Diversi\u00f3n sin l\u00edmites para jugar todo el d\u00eda! GO BIKE ELITE DUO es una bicicleta de equilibrio ajustable dise\u00f1ada 100% por Globber para ni\u00f1os peque\u00f1os (de 2 a 5 a\u00f1os) que permite que los piececitos corran y se diviertan mientras los ni\u00f1os peque\u00f1os desarrollan la coordinaci\u00f3n, la direcci\u00f3n y las habilidades motoras.<\/p>\n<p>Con opciones de colores vibrantes, GO BIKE ELITE DUO cuenta con dos ruedas traseras de TPE de 10\" de alta calidad para que los ni\u00f1os peque\u00f1os se beneficien de un apoyo adicional en el aprendizaje del equilibrio, un cuadro robusto y duradero con un asa de transporte y reposapi\u00e9s, un sill\u00edn ajustable de 2 alturas para una mayor longevidad y otra asa de transporte, manillar curvado, y un dise\u00f1o 100% Globber sin herramientas, \u00a1todo para la m\u00e1xima comodidad mientras los ni\u00f1os peque\u00f1os se mueven!.<\/p>\n","protected":false},"excerpt":{"rendered":"<p><strong>Bicicleta de equilibrio ajustable para ni\u00f1os peque\u00f1os (de 2 a 5 a\u00f1os)<\/strong><\/p>\n","protected":false},"featured_media":7148,"comment_status":"open","ping_status":"closed","template":"","meta":{"_acf_changed":false,"inline_featured_image":false},"product-special-badges":[],"product_brand":[],"product_cat":[1693,1678,1630],"product_tag":[3664],"class_list":{"0":"post-5878","1":"product","2":"type-product","3":"status-publish","4":"has-post-thumbnail","6":"product-badges-adjustable","7":"product-badges-dual-coloured","8":"product-badges-tool-less","9":"product_cat-bicicletas-de-equilibrio-para-ninos","10":"product_cat-go-bike-series","11":"product_cat-scooters-para-ninos-pequenos-bicicletas-de-equilibrio-2","12":"product_tag-import","13":"pa_ajustable-si","14":"pa_color-azul-marino","15":"pa_color-fucsia","16":"pa_color-rosa-pastel","17":"pa_color-verde-limon","18":"pa_ean-3258","19":"pa_ean-3259","20":"pa_ean-3262","21":"pa_ean-3260","22":"pa_edades-2-5-anos","23":"pa_material-de-las-ruedas-tpe","24":"pa_max-user-weight-20-kg","25":"pa_peso-del-producto-neto-4-10-kg","26":"pa_plegable-no","27":"pa_recommended-user-height-85-105-cm","28":"pa_seat-heights-33-a-42-cm-desde-el-suelo","29":"pa_tipo-de-producto-bicicleta-de-equilibrio","30":"pa_wheels-size-254-mm-10-delantera","31":"pa_wheels-size-254-mm-10-trasera","33":"first","34":"instock","35":"taxable","36":"shipping-taxable","37":"purchasable","38":"product-type-variable"},"acf":[],"yoast_head":"<!-- This site is optimized with the Yoast SEO Premium plugin v20.12 (Yoast SEO v23.4) - https:\/\/yoast.com\/wordpress\/plugins\/seo\/ -->\n<title>Baby Balance Bike: GO BIKE ELITE DUO \u2013 Globber<\/title>\n<meta name=\"description\" content=\"Transition from two rear wheels to one as your child grows! This adjustable balance bike allows children to learn coordination safely. Check it out!\" \/>\n<meta name=\"robots\" content=\"index, follow, max-snippet:-1, max-image-preview:large, max-video-preview:-1\" \/>\n<link rel=\"canonical\" href=\"https:\/\/www.globber.com\/pa\/product\/go-bike-elite-duo\/\" \/>\n<meta property=\"og:locale\" content=\"es_ES\" \/>\n<meta property=\"og:type\" content=\"article\" \/>\n<meta property=\"og:title\" content=\"Baby Balance Bike: GO BIKE ELITE DUO \u2013 Globber\" \/>\n<meta property=\"og:description\" content=\"Transition from two rear wheels to one as your child grows! This adjustable balance bike allows children to learn coordination safely. Check it out!\" \/>\n<meta property=\"og:url\" content=\"https:\/\/www.globber.com\/pa\/product\/go-bike-elite-duo\/\" \/>\n<meta property=\"og:site_name\" content=\"Globber Panam\u00e1\" \/>\n<meta property=\"article:modified_time\" content=\"2025-03-15T23:54:29+00:00\" \/>\n<meta property=\"og:image\" content=\"https:\/\/cdn.globber.com\/content\/2022\/12\/712-106_adjustable-toddler-balance-bike.jpg\" \/>\n\t<meta property=\"og:image:width\" content=\"1920\" \/>\n\t<meta property=\"og:image:height\" content=\"1920\" \/>\n\t<meta property=\"og:image:type\" content=\"image\/jpeg\" \/>\n<meta name=\"twitter:card\" content=\"summary_large_image\" \/>\n<meta name=\"twitter:label1\" content=\"Availability\" \/>\n\t<meta name=\"twitter:data1\" content=\"In stock\" \/>\n<script type=\"application\/ld+json\" class=\"yoast-schema-graph\">{\"@context\":\"https:\/\/schema.org\",\"@graph\":[{\"@type\":[\"WebPage\",\"ItemPage\"],\"@id\":\"https:\/\/www.globber.com\/pa\/product\/go-bike-elite-duo\/\",\"url\":\"https:\/\/www.globber.com\/pa\/product\/go-bike-elite-duo\/\",\"name\":\"Baby Balance Bike: GO BIKE ELITE DUO \u2013 Globber\",\"isPartOf\":{\"@id\":\"https:\/\/www.globber.com\/pa\/#website\"},\"primaryImageOfPage\":{\"@id\":\"https:\/\/www.globber.com\/pa\/product\/go-bike-elite-duo\/#primaryimage\"},\"image\":{\"@id\":\"https:\/\/www.globber.com\/pa\/product\/go-bike-elite-duo\/#primaryimage\"},\"thumbnailUrl\":\"https:\/\/cdn.globber.com\/content\/2022\/12\/712-106_adjustable-toddler-balance-bike.jpg\",\"datePublished\":\"2022-11-28T14:03:16+00:00\",\"dateModified\":\"2025-03-15T23:54:29+00:00\",\"description\":\"Transition from two rear wheels to one as your child grows! This adjustable balance bike allows children to learn coordination safely. Check it out!\",\"breadcrumb\":{\"@id\":\"https:\/\/www.globber.com\/pa\/product\/go-bike-elite-duo\/#breadcrumb\"},\"inLanguage\":\"es\",\"potentialAction\":[{\"@type\":\"ReadAction\",\"target\":[\"https:\/\/www.globber.com\/pa\/product\/go-bike-elite-duo\/\"]}]},{\"@type\":\"ImageObject\",\"inLanguage\":\"es\",\"@id\":\"https:\/\/www.globber.com\/pa\/product\/go-bike-elite-duo\/#primaryimage\",\"url\":\"https:\/\/cdn.globber.com\/content\/2022\/12\/712-106_adjustable-toddler-balance-bike.jpg\",\"contentUrl\":\"https:\/\/cdn.globber.com\/content\/2022\/12\/712-106_adjustable-toddler-balance-bike.jpg\",\"width\":1920,\"height\":1920},{\"@type\":\"BreadcrumbList\",\"@id\":\"https:\/\/www.globber.com\/pa\/product\/go-bike-elite-duo\/#breadcrumb\",\"itemListElement\":[{\"@type\":\"ListItem\",\"position\":1,\"name\":\"Todos los productos\",\"item\":\"https:\/\/www.globber.com\/pa\/comprar-por-producto\/\"},{\"@type\":\"ListItem\",\"position\":2,\"name\":\"GO BIKE ELITE DUO\"}]},{\"@type\":\"WebSite\",\"@id\":\"https:\/\/www.globber.com\/pa\/#website\",\"url\":\"https:\/\/www.globber.com\/pa\/\",\"name\":\"Globber Panam\u00e1\",\"description\":\"Globber - El Mundo Sobre Ruedas\",\"publisher\":{\"@id\":\"https:\/\/www.globber.com\/pa\/#organization\"},\"potentialAction\":[{\"@type\":\"SearchAction\",\"target\":{\"@type\":\"EntryPoint\",\"urlTemplate\":\"https:\/\/www.globber.com\/pa\/?s={search_term_string}\"},\"query-input\":{\"@type\":\"PropertyValueSpecification\",\"valueRequired\":true,\"valueName\":\"search_term_string\"}}],\"inLanguage\":\"es\"},{\"@type\":\"Organization\",\"@id\":\"https:\/\/www.globber.com\/pa\/#organization\",\"name\":\"Globber Panam\u00e1\",\"url\":\"https:\/\/www.globber.com\/pa\/\",\"logo\":{\"@type\":\"ImageObject\",\"inLanguage\":\"es\",\"@id\":\"https:\/\/www.globber.com\/pa\/#\/schema\/logo\/image\/\",\"url\":\"https:\/\/cdn.globber.com\/content\/2024\/05\/logo.svg\",\"contentUrl\":\"https:\/\/cdn.globber.com\/content\/2024\/05\/logo.svg\",\"width\":601,\"height\":112,\"caption\":\"Globber Panam\u00e1\"},\"image\":{\"@id\":\"https:\/\/www.globber.com\/pa\/#\/schema\/logo\/image\/\"}}]}<\/script>\n<meta property=\"og:availability\" content=\"instock\" \/>\n<meta property=\"product:availability\" content=\"instock\" \/>\n<meta property=\"product:retailer_item_id\" content=\"712-xxx\" \/>\n<meta property=\"product:condition\" content=\"new\" \/>\n<!-- \/ Yoast SEO Premium plugin. -->","yoast_head_json":{"title":"Baby Balance Bike: GO BIKE ELITE DUO \u2013 Globber","description":"Transition from two rear wheels to one as your child grows! This adjustable balance bike allows children to learn coordination safely. Check it out!","robots":{"index":"index","follow":"follow","max-snippet":"max-snippet:-1","max-image-preview":"max-image-preview:large","max-video-preview":"max-video-preview:-1"},"canonical":"https:\/\/www.globber.com\/pa\/product\/go-bike-elite-duo\/","og_locale":"es_ES","og_type":"article","og_title":"Baby Balance Bike: GO BIKE ELITE DUO \u2013 Globber","og_description":"Transition from two rear wheels to one as your child grows! This adjustable balance bike allows children to learn coordination safely. Check it out!","og_url":"https:\/\/www.globber.com\/pa\/product\/go-bike-elite-duo\/","og_site_name":"Globber Panam\u00e1","article_modified_time":"2025-03-15T23:54:29+00:00","og_image":[{"width":1920,"height":1920,"url":"https:\/\/cdn.globber.com\/content\/2022\/12\/712-106_adjustable-toddler-balance-bike.jpg","type":"image\/jpeg"}],"twitter_card":"summary_large_image","twitter_misc":{"Availability":"In stock"},"schema":{"@context":"https:\/\/schema.org","@graph":[{"@type":["WebPage","ItemPage"],"@id":"https:\/\/www.globber.com\/pa\/product\/go-bike-elite-duo\/","url":"https:\/\/www.globber.com\/pa\/product\/go-bike-elite-duo\/","name":"Baby Balance Bike: GO BIKE ELITE DUO \u2013 Globber","isPartOf":{"@id":"https:\/\/www.globber.com\/pa\/#website"},"primaryImageOfPage":{"@id":"https:\/\/www.globber.com\/pa\/product\/go-bike-elite-duo\/#primaryimage"},"image":{"@id":"https:\/\/www.globber.com\/pa\/product\/go-bike-elite-duo\/#primaryimage"},"thumbnailUrl":"https:\/\/cdn.globber.com\/content\/2022\/12\/712-106_adjustable-toddler-balance-bike.jpg","datePublished":"2022-11-28T14:03:16+00:00","dateModified":"2025-03-15T23:54:29+00:00","description":"Transition from two rear wheels to one as your child grows! This adjustable balance bike allows children to learn coordination safely. Check it out!","breadcrumb":{"@id":"https:\/\/www.globber.com\/pa\/product\/go-bike-elite-duo\/#breadcrumb"},"inLanguage":"es","potentialAction":[{"@type":"ReadAction","target":["https:\/\/www.globber.com\/pa\/product\/go-bike-elite-duo\/"]}]},{"@type":"ImageObject","inLanguage":"es","@id":"https:\/\/www.globber.com\/pa\/product\/go-bike-elite-duo\/#primaryimage","url":"https:\/\/cdn.globber.com\/content\/2022\/12\/712-106_adjustable-toddler-balance-bike.jpg","contentUrl":"https:\/\/cdn.globber.com\/content\/2022\/12\/712-106_adjustable-toddler-balance-bike.jpg","width":1920,"height":1920},{"@type":"BreadcrumbList","@id":"https:\/\/www.globber.com\/pa\/product\/go-bike-elite-duo\/#breadcrumb","itemListElement":[{"@type":"ListItem","position":1,"name":"Todos los productos","item":"https:\/\/www.globber.com\/pa\/comprar-por-producto\/"},{"@type":"ListItem","position":2,"name":"GO BIKE ELITE DUO"}]},{"@type":"WebSite","@id":"https:\/\/www.globber.com\/pa\/#website","url":"https:\/\/www.globber.com\/pa\/","name":"Globber Panam\u00e1","description":"Globber - El Mundo Sobre Ruedas","publisher":{"@id":"https:\/\/www.globber.com\/pa\/#organization"},"potentialAction":[{"@type":"SearchAction","target":{"@type":"EntryPoint","urlTemplate":"https:\/\/www.globber.com\/pa\/?s={search_term_string}"},"query-input":{"@type":"PropertyValueSpecification","valueRequired":true,"valueName":"search_term_string"}}],"inLanguage":"es"},{"@type":"Organization","@id":"https:\/\/www.globber.com\/pa\/#organization","name":"Globber Panam\u00e1","url":"https:\/\/www.globber.com\/pa\/","logo":{"@type":"ImageObject","inLanguage":"es","@id":"https:\/\/www.globber.com\/pa\/#\/schema\/logo\/image\/","url":"https:\/\/cdn.globber.com\/content\/2024\/05\/logo.svg","contentUrl":"https:\/\/cdn.globber.com\/content\/2024\/05\/logo.svg","width":601,"height":112,"caption":"Globber Panam\u00e1"},"image":{"@id":"https:\/\/www.globber.com\/pa\/#\/schema\/logo\/image\/"}}]},"og_availability":"instock","product_availability":"instock","product_retailer_item_id":"712-xxx","product_condition":"new"},"_links":{"self":[{"href":"https:\/\/www.globber.com\/pa\/wp-json\/wp\/v2\/product\/5878","targetHints":{"allow":["GET"]}}],"collection":[{"href":"https:\/\/www.globber.com\/pa\/wp-json\/wp\/v2\/product"}],"about":[{"href":"https:\/\/www.globber.com\/pa\/wp-json\/wp\/v2\/types\/product"}],"replies":[{"embeddable":true,"href":"https:\/\/www.globber.com\/pa\/wp-json\/wp\/v2\/comments?post=5878"}],"wp:featuredmedia":[{"embeddable":true,"href":"https:\/\/www.globber.com\/pa\/wp-json\/wp\/v2\/media\/7148"}],"wp:attachment":[{"href":"https:\/\/www.globber.com\/pa\/wp-json\/wp\/v2\/media?parent=5878"}],"wp:term":[{"taxonomy":"product-special-badges","embeddable":true,"href":"https:\/\/www.globber.com\/pa\/wp-json\/wp\/v2\/product-special-badges?post=5878"},{"taxonomy":"product_brand","embeddable":true,"href":"https:\/\/www.globber.com\/pa\/wp-json\/wp\/v2\/product_brand?post=5878"},{"taxonomy":"product_cat","embeddable":true,"href":"https:\/\/www.globber.com\/pa\/wp-json\/wp\/v2\/product_cat?post=5878"},{"taxonomy":"product_tag","embeddable":true,"href":"https:\/\/www.globber.com\/pa\/wp-json\/wp\/v2\/product_tag?post=5878"}],"curies":[{"name":"wp","href":"https:\/\/api.w.org\/{rel}","templated":true}]}}