{"id":5883,"date":"2022-11-28T14:03:30","date_gmt":"2022-11-28T14:03:30","guid":{"rendered":"https:\/\/staging.globberscooter.com\/pa\/product\/go-bike-elite-air\/"},"modified":"2025-03-15T18:31:44","modified_gmt":"2025-03-15T23:31:44","slug":"go-bike-elite-air","status":"publish","type":"product","link":"https:\/\/www.globber.com\/pa\/product\/go-bike-elite-air\/","title":{"rendered":"GO BIKE ELITE AIR"},"content":{"rendered":"<p>Siente como si flotaras en el aire con la GO BIKE ELITE AIR, una bicicleta de equilibrio para ni\u00f1os (de 3 a 6 a\u00f1os) dise\u00f1ada 100% por Globber que permite que los piececitos corran y se diviertan sobre ruedas rellenas de aire para desarrollar la coordinaci\u00f3n, la direcci\u00f3n y las habilidades motoras.<\/p>\n<p>Con opciones de colores vibrantes, GO BIKE ELITE AIR cuenta con dos ruedas de goma de alta calidad de 10\" rellenas de aire para que los ni\u00f1os peque\u00f1os puedan experimentar una sensaci\u00f3n similar a la de una bicicleta mientras aprenden a mantener el equilibrio, un cuadro robusto y duradero con un asa de transporte y un reposapi\u00e9s, un sill\u00edn ajustable de 2 alturas para una mayor longevidad y otra asa de transporte, manillar curvado y un dise\u00f1o 100% Globber sin herramientas, \u00a1todo para una m\u00e1xima comodidad mientras los ni\u00f1os peque\u00f1os navegan y se mueven!.<\/p>\n","protected":false},"excerpt":{"rendered":"<p><strong>Bicicleta de equilibrio para ni\u00f1os (3-6 a\u00f1os)<\/strong><\/p>\n","protected":false},"featured_media":7177,"comment_status":"open","ping_status":"closed","template":"","meta":{"_acf_changed":false,"inline_featured_image":false},"product-special-badges":[],"product_brand":[],"product_cat":[1693,1678,1630],"product_tag":[3664],"class_list":{"0":"post-5883","1":"product","2":"type-product","3":"status-publish","4":"has-post-thumbnail","6":"product-badges-adjustable","7":"product-badges-dual-coloured","8":"product-badges-tool-less","9":"product_cat-bicicletas-de-equilibrio-para-ninos","10":"product_cat-go-bike-series","11":"product_cat-scooters-para-ninos-pequenos-bicicletas-de-equilibrio-2","12":"product_tag-import","13":"pa_ajustable-si","14":"pa_color-azul-pastel","15":"pa_color-menta","16":"pa_color-rosa-pastel","17":"pa_ean-3265","18":"pa_ean-3263","19":"pa_ean-3264","20":"pa_edades-3-6a","21":"pa_material-de-las-ruedas-goma-neumatica","22":"pa_max-user-weight-25-kg","23":"pa_peso-del-producto-neto-3-30-kg","24":"pa_plegable-no","25":"pa_recommended-user-height-95-110-cm","26":"pa_seat-heights-33-a-42-cm-desde-el-suelo","27":"pa_tipo-de-producto-bicicleta-de-equilibrio","28":"pa_wheels-size-254-mm-10-delantera","29":"pa_wheels-size-254-mm-10-trasera","31":"first","32":"instock","33":"taxable","34":"shipping-taxable","35":"purchasable","36":"product-type-variable"},"acf":[],"yoast_head":"<!-- This site is optimized with the Yoast SEO Premium plugin v20.12 (Yoast SEO v23.4) - https:\/\/yoast.com\/wordpress\/plugins\/seo\/ -->\n<title>First Bike for 3-Year-Olds: GO BIKE ELITE AIR \u2013 Globber<\/title>\n<meta name=\"description\" content=\"Freewheeling fun starts here! This balance bike for kids is great for improving balance and coordination. Get the perfect gift for your active child now!\" \/>\n<meta name=\"robots\" content=\"index, follow, max-snippet:-1, max-image-preview:large, max-video-preview:-1\" \/>\n<link rel=\"canonical\" href=\"https:\/\/www.globber.com\/pa\/product\/go-bike-elite-air\/\" \/>\n<meta property=\"og:locale\" content=\"es_ES\" \/>\n<meta property=\"og:type\" content=\"article\" \/>\n<meta property=\"og:title\" content=\"First Bike for 3-Year-Olds: GO BIKE ELITE AIR \u2013 Globber\" \/>\n<meta property=\"og:description\" content=\"Freewheeling fun starts here! This balance bike for kids is great for improving balance and coordination. Get the perfect gift for your active child now!\" \/>\n<meta property=\"og:url\" content=\"https:\/\/www.globber.com\/pa\/product\/go-bike-elite-air\/\" \/>\n<meta property=\"og:site_name\" content=\"Globber Panam\u00e1\" \/>\n<meta property=\"article:modified_time\" content=\"2025-03-15T23:31:44+00:00\" \/>\n<meta property=\"og:image\" content=\"https:\/\/cdn.globber.com\/content\/2022\/12\/714-201_balance-bike-for-kids.jpg\" \/>\n\t<meta property=\"og:image:width\" content=\"1920\" \/>\n\t<meta property=\"og:image:height\" content=\"1920\" \/>\n\t<meta property=\"og:image:type\" content=\"image\/jpeg\" \/>\n<meta name=\"twitter:card\" content=\"summary_large_image\" \/>\n<meta name=\"twitter:label1\" content=\"Availability\" \/>\n\t<meta name=\"twitter:data1\" content=\"In stock\" \/>\n<script type=\"application\/ld+json\" class=\"yoast-schema-graph\">{\"@context\":\"https:\/\/schema.org\",\"@graph\":[{\"@type\":[\"WebPage\",\"ItemPage\"],\"@id\":\"https:\/\/www.globber.com\/pa\/product\/go-bike-elite-air\/\",\"url\":\"https:\/\/www.globber.com\/pa\/product\/go-bike-elite-air\/\",\"name\":\"First Bike for 3-Year-Olds: GO BIKE ELITE AIR \u2013 Globber\",\"isPartOf\":{\"@id\":\"https:\/\/www.globber.com\/pa\/#website\"},\"primaryImageOfPage\":{\"@id\":\"https:\/\/www.globber.com\/pa\/product\/go-bike-elite-air\/#primaryimage\"},\"image\":{\"@id\":\"https:\/\/www.globber.com\/pa\/product\/go-bike-elite-air\/#primaryimage\"},\"thumbnailUrl\":\"https:\/\/cdn.globber.com\/content\/2022\/12\/714-201_balance-bike-for-kids.jpg\",\"datePublished\":\"2022-11-28T14:03:30+00:00\",\"dateModified\":\"2025-03-15T23:31:44+00:00\",\"description\":\"Freewheeling fun starts here! This balance bike for kids is great for improving balance and coordination. Get the perfect gift for your active child now!\",\"breadcrumb\":{\"@id\":\"https:\/\/www.globber.com\/pa\/product\/go-bike-elite-air\/#breadcrumb\"},\"inLanguage\":\"es\",\"potentialAction\":[{\"@type\":\"ReadAction\",\"target\":[\"https:\/\/www.globber.com\/pa\/product\/go-bike-elite-air\/\"]}]},{\"@type\":\"ImageObject\",\"inLanguage\":\"es\",\"@id\":\"https:\/\/www.globber.com\/pa\/product\/go-bike-elite-air\/#primaryimage\",\"url\":\"https:\/\/cdn.globber.com\/content\/2022\/12\/714-201_balance-bike-for-kids.jpg\",\"contentUrl\":\"https:\/\/cdn.globber.com\/content\/2022\/12\/714-201_balance-bike-for-kids.jpg\",\"width\":1920,\"height\":1920},{\"@type\":\"BreadcrumbList\",\"@id\":\"https:\/\/www.globber.com\/pa\/product\/go-bike-elite-air\/#breadcrumb\",\"itemListElement\":[{\"@type\":\"ListItem\",\"position\":1,\"name\":\"Todos los productos\",\"item\":\"https:\/\/www.globber.com\/pa\/comprar-por-producto\/\"},{\"@type\":\"ListItem\",\"position\":2,\"name\":\"GO BIKE ELITE AIR\"}]},{\"@type\":\"WebSite\",\"@id\":\"https:\/\/www.globber.com\/pa\/#website\",\"url\":\"https:\/\/www.globber.com\/pa\/\",\"name\":\"Globber Panam\u00e1\",\"description\":\"Globber - El Mundo Sobre Ruedas\",\"publisher\":{\"@id\":\"https:\/\/www.globber.com\/pa\/#organization\"},\"potentialAction\":[{\"@type\":\"SearchAction\",\"target\":{\"@type\":\"EntryPoint\",\"urlTemplate\":\"https:\/\/www.globber.com\/pa\/?s={search_term_string}\"},\"query-input\":{\"@type\":\"PropertyValueSpecification\",\"valueRequired\":true,\"valueName\":\"search_term_string\"}}],\"inLanguage\":\"es\"},{\"@type\":\"Organization\",\"@id\":\"https:\/\/www.globber.com\/pa\/#organization\",\"name\":\"Globber Panam\u00e1\",\"url\":\"https:\/\/www.globber.com\/pa\/\",\"logo\":{\"@type\":\"ImageObject\",\"inLanguage\":\"es\",\"@id\":\"https:\/\/www.globber.com\/pa\/#\/schema\/logo\/image\/\",\"url\":\"https:\/\/cdn.globber.com\/content\/2024\/05\/logo.svg\",\"contentUrl\":\"https:\/\/cdn.globber.com\/content\/2024\/05\/logo.svg\",\"width\":601,\"height\":112,\"caption\":\"Globber Panam\u00e1\"},\"image\":{\"@id\":\"https:\/\/www.globber.com\/pa\/#\/schema\/logo\/image\/\"}}]}<\/script>\n<meta property=\"og:availability\" content=\"instock\" \/>\n<meta property=\"product:availability\" content=\"instock\" \/>\n<meta property=\"product:retailer_item_id\" content=\"714-xxx\" \/>\n<meta property=\"product:condition\" content=\"new\" \/>\n<!-- \/ Yoast SEO Premium plugin. -->","yoast_head_json":{"title":"First Bike for 3-Year-Olds: GO BIKE ELITE AIR \u2013 Globber","description":"Freewheeling fun starts here! This balance bike for kids is great for improving balance and coordination. Get the perfect gift for your active child now!","robots":{"index":"index","follow":"follow","max-snippet":"max-snippet:-1","max-image-preview":"max-image-preview:large","max-video-preview":"max-video-preview:-1"},"canonical":"https:\/\/www.globber.com\/pa\/product\/go-bike-elite-air\/","og_locale":"es_ES","og_type":"article","og_title":"First Bike for 3-Year-Olds: GO BIKE ELITE AIR \u2013 Globber","og_description":"Freewheeling fun starts here! This balance bike for kids is great for improving balance and coordination. Get the perfect gift for your active child now!","og_url":"https:\/\/www.globber.com\/pa\/product\/go-bike-elite-air\/","og_site_name":"Globber Panam\u00e1","article_modified_time":"2025-03-15T23:31:44+00:00","og_image":[{"width":1920,"height":1920,"url":"https:\/\/cdn.globber.com\/content\/2022\/12\/714-201_balance-bike-for-kids.jpg","type":"image\/jpeg"}],"twitter_card":"summary_large_image","twitter_misc":{"Availability":"In stock"},"schema":{"@context":"https:\/\/schema.org","@graph":[{"@type":["WebPage","ItemPage"],"@id":"https:\/\/www.globber.com\/pa\/product\/go-bike-elite-air\/","url":"https:\/\/www.globber.com\/pa\/product\/go-bike-elite-air\/","name":"First Bike for 3-Year-Olds: GO BIKE ELITE AIR \u2013 Globber","isPartOf":{"@id":"https:\/\/www.globber.com\/pa\/#website"},"primaryImageOfPage":{"@id":"https:\/\/www.globber.com\/pa\/product\/go-bike-elite-air\/#primaryimage"},"image":{"@id":"https:\/\/www.globber.com\/pa\/product\/go-bike-elite-air\/#primaryimage"},"thumbnailUrl":"https:\/\/cdn.globber.com\/content\/2022\/12\/714-201_balance-bike-for-kids.jpg","datePublished":"2022-11-28T14:03:30+00:00","dateModified":"2025-03-15T23:31:44+00:00","description":"Freewheeling fun starts here! This balance bike for kids is great for improving balance and coordination. Get the perfect gift for your active child now!","breadcrumb":{"@id":"https:\/\/www.globber.com\/pa\/product\/go-bike-elite-air\/#breadcrumb"},"inLanguage":"es","potentialAction":[{"@type":"ReadAction","target":["https:\/\/www.globber.com\/pa\/product\/go-bike-elite-air\/"]}]},{"@type":"ImageObject","inLanguage":"es","@id":"https:\/\/www.globber.com\/pa\/product\/go-bike-elite-air\/#primaryimage","url":"https:\/\/cdn.globber.com\/content\/2022\/12\/714-201_balance-bike-for-kids.jpg","contentUrl":"https:\/\/cdn.globber.com\/content\/2022\/12\/714-201_balance-bike-for-kids.jpg","width":1920,"height":1920},{"@type":"BreadcrumbList","@id":"https:\/\/www.globber.com\/pa\/product\/go-bike-elite-air\/#breadcrumb","itemListElement":[{"@type":"ListItem","position":1,"name":"Todos los productos","item":"https:\/\/www.globber.com\/pa\/comprar-por-producto\/"},{"@type":"ListItem","position":2,"name":"GO BIKE ELITE AIR"}]},{"@type":"WebSite","@id":"https:\/\/www.globber.com\/pa\/#website","url":"https:\/\/www.globber.com\/pa\/","name":"Globber Panam\u00e1","description":"Globber - El Mundo Sobre Ruedas","publisher":{"@id":"https:\/\/www.globber.com\/pa\/#organization"},"potentialAction":[{"@type":"SearchAction","target":{"@type":"EntryPoint","urlTemplate":"https:\/\/www.globber.com\/pa\/?s={search_term_string}"},"query-input":{"@type":"PropertyValueSpecification","valueRequired":true,"valueName":"search_term_string"}}],"inLanguage":"es"},{"@type":"Organization","@id":"https:\/\/www.globber.com\/pa\/#organization","name":"Globber Panam\u00e1","url":"https:\/\/www.globber.com\/pa\/","logo":{"@type":"ImageObject","inLanguage":"es","@id":"https:\/\/www.globber.com\/pa\/#\/schema\/logo\/image\/","url":"https:\/\/cdn.globber.com\/content\/2024\/05\/logo.svg","contentUrl":"https:\/\/cdn.globber.com\/content\/2024\/05\/logo.svg","width":601,"height":112,"caption":"Globber Panam\u00e1"},"image":{"@id":"https:\/\/www.globber.com\/pa\/#\/schema\/logo\/image\/"}}]},"og_availability":"instock","product_availability":"instock","product_retailer_item_id":"714-xxx","product_condition":"new"},"_links":{"self":[{"href":"https:\/\/www.globber.com\/pa\/wp-json\/wp\/v2\/product\/5883","targetHints":{"allow":["GET"]}}],"collection":[{"href":"https:\/\/www.globber.com\/pa\/wp-json\/wp\/v2\/product"}],"about":[{"href":"https:\/\/www.globber.com\/pa\/wp-json\/wp\/v2\/types\/product"}],"replies":[{"embeddable":true,"href":"https:\/\/www.globber.com\/pa\/wp-json\/wp\/v2\/comments?post=5883"}],"wp:featuredmedia":[{"embeddable":true,"href":"https:\/\/www.globber.com\/pa\/wp-json\/wp\/v2\/media\/7177"}],"wp:attachment":[{"href":"https:\/\/www.globber.com\/pa\/wp-json\/wp\/v2\/media?parent=5883"}],"wp:term":[{"taxonomy":"product-special-badges","embeddable":true,"href":"https:\/\/www.globber.com\/pa\/wp-json\/wp\/v2\/product-special-badges?post=5883"},{"taxonomy":"product_brand","embeddable":true,"href":"https:\/\/www.globber.com\/pa\/wp-json\/wp\/v2\/product_brand?post=5883"},{"taxonomy":"product_cat","embeddable":true,"href":"https:\/\/www.globber.com\/pa\/wp-json\/wp\/v2\/product_cat?post=5883"},{"taxonomy":"product_tag","embeddable":true,"href":"https:\/\/www.globber.com\/pa\/wp-json\/wp\/v2\/product_tag?post=5883"}],"curies":[{"name":"wp","href":"https:\/\/api.w.org\/{rel}","templated":true}]}}