{"id":5902,"date":"2022-11-28T14:04:19","date_gmt":"2022-11-28T14:04:19","guid":{"rendered":"https:\/\/staging.globberscooter.com\/pa\/product\/e-motion-6\/"},"modified":"2025-03-21T11:28:26","modified_gmt":"2025-03-21T16:28:26","slug":"e-motion-6","status":"publish","type":"product","link":"https:\/\/www.globber.com\/pa\/product\/e-motion-6\/","title":{"rendered":"E-MOTION 6"},"content":{"rendered":"<p>\u00bfQu\u00e9 necesitan los ni\u00f1os? Espacios abiertos, aire fresco, juegos al aire libre y diversi\u00f3n segura. Todo esto es lo que ofrece E-MOTION 6, un scooter el\u00e9ctrico de 2 ruedas iluminado y seguro para que los ni\u00f1os y adolescentes (a partir de 6 a\u00f1os) anden y jueguen todo el d\u00eda con una cubierta y ruedas que iluminan el camino.<\/p>\n<p>Con colores vibrantes, un potente motor y bater\u00eda de calidad, acelerador para ni\u00f1os con modos de velocidad seguros, cubierta antideslizante e iluminada, sistema de doble freno, barra en T ajustable en 2 alturas y ruedas iluminadas, E-MOTION 6 es un scooter el\u00e9ctrico de 2 ruedas fiable y divertido dise\u00f1ado pensando en los ni\u00f1os.<\/p>\n","protected":false},"excerpt":{"rendered":"<p><strong>Scooter el\u00e9ctrico iluminado de 2 ruedas para ni\u00f1os y adolescentes a partir de 6 a\u00f1os<\/strong><\/p>\n","protected":false},"featured_media":10416,"comment_status":"open","ping_status":"closed","template":"","meta":{"_acf_changed":false,"inline_featured_image":false},"product-special-badges":[],"product_brand":[],"product_cat":[337,1692,1694,1685,399],"product_tag":[3664],"class_list":{"0":"post-5902","1":"product","2":"type-product","3":"status-publish","4":"has-post-thumbnail","6":"product-badges-light-up","7":"product-badges-electric","8":"product-badges-dual-brake","9":"product-badges-anti-slip","10":"product_cat-scooters-electricos-para-todas-las-edades","11":"product_cat-scooters-de-2-ruedas-para-todas-las-edades","12":"product_cat-scooters-con-luces","13":"product_cat-serie-e-motion","14":"product_cat-scooters-para-ninos","15":"product_tag-import","16":"pa_ajustable-si","17":"pa_battery-litio-14-4-v-2-9-ah","18":"pa_color-azul-marino","19":"pa_color-rosa-coral","20":"pa_deck-size-ancho-12-5-cm-x-largo-58-cm","21":"pa_ean-3282","22":"pa_ean-3284","23":"pa_edades-6-12a","24":"pa_frenos-e-abs-freno-trasero-mecanico","25":"pa_material-de-cubierta-compuesto-pp-fibra-estructura-metalica-cinta-de-agarre-de-silicona","26":"pa_material-de-las-ruedas-fundicion-de-pu-de-alto-rebote","27":"pa_max-speed-modo-1-0-6-km-h-modo-2-0-10-km-h","28":"pa_max-user-weight-50kg","29":"pa_peso-del-producto-neto-4-8-kg","30":"pa_plegable-no","31":"pa_potencia-del-motor-motor-sin-escobillas-de-80-w","32":"pa_product-badges-antideslizante","33":"pa_product-badges-doble-freno","34":"pa_product-badges-electrico","35":"pa_product-badges-iluminadas","36":"pa_product-categories-scooters-electricos-para-todas-las-edades","37":"pa_rango-7-9km","38":"pa_recommended-user-height-115-160-cm","39":"pa_t-bar-heights-77-5-87-5-cm-desde-el-suelo","40":"pa_wheel-size-121-mm-36-mm-de-ancho-delantera","41":"pa_wheel-size-90-mm-50-mm-de-ancho-trasera","42":"pa_wheels-size-121-mm-36-mm-de-ancho-delantera","43":"pa_wheels-size-90-mm-50-mm-de-ancho-trasera","45":"first","46":"instock","47":"taxable","48":"shipping-taxable","49":"purchasable","50":"product-type-variable"},"acf":[],"yoast_head":"<!-- This site is optimized with the Yoast SEO Premium plugin v20.12 (Yoast SEO v23.4) - https:\/\/yoast.com\/wordpress\/plugins\/seo\/ -->\n<title>Electric Scooters for 13-Year-Olds: E-MOTION 6 \u2013 Globber<\/title>\n<meta name=\"description\" content=\"Go electric on 2-wheels with Globber! This electric scooter for teens with light-up deck and wheels is super safe and easy to ride. Find out more!\" \/>\n<meta name=\"robots\" content=\"index, follow, max-snippet:-1, max-image-preview:large, max-video-preview:-1\" \/>\n<link rel=\"canonical\" href=\"https:\/\/www.globber.com\/pa\/product\/e-motion-6\/\" \/>\n<meta property=\"og:locale\" content=\"es_ES\" \/>\n<meta property=\"og:type\" content=\"article\" \/>\n<meta property=\"og:title\" content=\"Electric Scooters for 13-Year-Olds: E-MOTION 6 \u2013 Globber\" \/>\n<meta property=\"og:description\" content=\"Go electric on 2-wheels with Globber! This electric scooter for teens with light-up deck and wheels is super safe and easy to ride. Find out more!\" \/>\n<meta property=\"og:url\" content=\"https:\/\/www.globber.com\/pa\/product\/e-motion-6\/\" \/>\n<meta property=\"og:site_name\" content=\"Globber Panam\u00e1\" \/>\n<meta property=\"article:modified_time\" content=\"2025-03-21T16:28:26+00:00\" \/>\n<meta property=\"og:image\" content=\"https:\/\/cdn.globber.com\/content\/2022\/11\/756-100_electric-scooter-for-teens.jpg\" \/>\n\t<meta property=\"og:image:width\" content=\"2048\" \/>\n\t<meta property=\"og:image:height\" content=\"2048\" \/>\n\t<meta property=\"og:image:type\" content=\"image\/jpeg\" \/>\n<meta name=\"twitter:card\" content=\"summary_large_image\" \/>\n<meta name=\"twitter:label1\" content=\"Availability\" \/>\n\t<meta name=\"twitter:data1\" content=\"In stock\" \/>\n<script type=\"application\/ld+json\" class=\"yoast-schema-graph\">{\"@context\":\"https:\/\/schema.org\",\"@graph\":[{\"@type\":[\"WebPage\",\"ItemPage\"],\"@id\":\"https:\/\/www.globber.com\/pa\/product\/e-motion-6\/\",\"url\":\"https:\/\/www.globber.com\/pa\/product\/e-motion-6\/\",\"name\":\"Electric Scooters for 13-Year-Olds: E-MOTION 6 \u2013 Globber\",\"isPartOf\":{\"@id\":\"https:\/\/www.globber.com\/pa\/#website\"},\"primaryImageOfPage\":{\"@id\":\"https:\/\/www.globber.com\/pa\/product\/e-motion-6\/#primaryimage\"},\"image\":{\"@id\":\"https:\/\/www.globber.com\/pa\/product\/e-motion-6\/#primaryimage\"},\"thumbnailUrl\":\"https:\/\/cdn.globber.com\/content\/2022\/11\/756-100_electric-scooter-for-teens.jpg\",\"datePublished\":\"2022-11-28T14:04:19+00:00\",\"dateModified\":\"2025-03-21T16:28:26+00:00\",\"description\":\"Go electric on 2-wheels with Globber! This electric scooter for teens with light-up deck and wheels is super safe and easy to ride. Find out more!\",\"breadcrumb\":{\"@id\":\"https:\/\/www.globber.com\/pa\/product\/e-motion-6\/#breadcrumb\"},\"inLanguage\":\"es\",\"potentialAction\":[{\"@type\":\"ReadAction\",\"target\":[\"https:\/\/www.globber.com\/pa\/product\/e-motion-6\/\"]}]},{\"@type\":\"ImageObject\",\"inLanguage\":\"es\",\"@id\":\"https:\/\/www.globber.com\/pa\/product\/e-motion-6\/#primaryimage\",\"url\":\"https:\/\/cdn.globber.com\/content\/2022\/11\/756-100_electric-scooter-for-teens.jpg\",\"contentUrl\":\"https:\/\/cdn.globber.com\/content\/2022\/11\/756-100_electric-scooter-for-teens.jpg\",\"width\":2048,\"height\":2048},{\"@type\":\"BreadcrumbList\",\"@id\":\"https:\/\/www.globber.com\/pa\/product\/e-motion-6\/#breadcrumb\",\"itemListElement\":[{\"@type\":\"ListItem\",\"position\":1,\"name\":\"Todos los productos\",\"item\":\"https:\/\/www.globber.com\/pa\/comprar-por-producto\/\"},{\"@type\":\"ListItem\",\"position\":2,\"name\":\"E-MOTION 6\"}]},{\"@type\":\"WebSite\",\"@id\":\"https:\/\/www.globber.com\/pa\/#website\",\"url\":\"https:\/\/www.globber.com\/pa\/\",\"name\":\"Globber Panam\u00e1\",\"description\":\"Globber - El Mundo Sobre Ruedas\",\"publisher\":{\"@id\":\"https:\/\/www.globber.com\/pa\/#organization\"},\"potentialAction\":[{\"@type\":\"SearchAction\",\"target\":{\"@type\":\"EntryPoint\",\"urlTemplate\":\"https:\/\/www.globber.com\/pa\/?s={search_term_string}\"},\"query-input\":{\"@type\":\"PropertyValueSpecification\",\"valueRequired\":true,\"valueName\":\"search_term_string\"}}],\"inLanguage\":\"es\"},{\"@type\":\"Organization\",\"@id\":\"https:\/\/www.globber.com\/pa\/#organization\",\"name\":\"Globber Panam\u00e1\",\"url\":\"https:\/\/www.globber.com\/pa\/\",\"logo\":{\"@type\":\"ImageObject\",\"inLanguage\":\"es\",\"@id\":\"https:\/\/www.globber.com\/pa\/#\/schema\/logo\/image\/\",\"url\":\"https:\/\/cdn.globber.com\/content\/2024\/05\/logo.svg\",\"contentUrl\":\"https:\/\/cdn.globber.com\/content\/2024\/05\/logo.svg\",\"width\":601,\"height\":112,\"caption\":\"Globber Panam\u00e1\"},\"image\":{\"@id\":\"https:\/\/www.globber.com\/pa\/#\/schema\/logo\/image\/\"}}]}<\/script>\n<meta property=\"og:availability\" content=\"instock\" \/>\n<meta property=\"product:availability\" content=\"instock\" \/>\n<meta property=\"product:retailer_item_id\" content=\"756-xxx\" \/>\n<meta property=\"product:condition\" content=\"new\" \/>\n<!-- \/ Yoast SEO Premium plugin. -->","yoast_head_json":{"title":"Electric Scooters for 13-Year-Olds: E-MOTION 6 \u2013 Globber","description":"Go electric on 2-wheels with Globber! This electric scooter for teens with light-up deck and wheels is super safe and easy to ride. Find out more!","robots":{"index":"index","follow":"follow","max-snippet":"max-snippet:-1","max-image-preview":"max-image-preview:large","max-video-preview":"max-video-preview:-1"},"canonical":"https:\/\/www.globber.com\/pa\/product\/e-motion-6\/","og_locale":"es_ES","og_type":"article","og_title":"Electric Scooters for 13-Year-Olds: E-MOTION 6 \u2013 Globber","og_description":"Go electric on 2-wheels with Globber! This electric scooter for teens with light-up deck and wheels is super safe and easy to ride. Find out more!","og_url":"https:\/\/www.globber.com\/pa\/product\/e-motion-6\/","og_site_name":"Globber Panam\u00e1","article_modified_time":"2025-03-21T16:28:26+00:00","og_image":[{"width":2048,"height":2048,"url":"https:\/\/cdn.globber.com\/content\/2022\/11\/756-100_electric-scooter-for-teens.jpg","type":"image\/jpeg"}],"twitter_card":"summary_large_image","twitter_misc":{"Availability":"In stock"},"schema":{"@context":"https:\/\/schema.org","@graph":[{"@type":["WebPage","ItemPage"],"@id":"https:\/\/www.globber.com\/pa\/product\/e-motion-6\/","url":"https:\/\/www.globber.com\/pa\/product\/e-motion-6\/","name":"Electric Scooters for 13-Year-Olds: E-MOTION 6 \u2013 Globber","isPartOf":{"@id":"https:\/\/www.globber.com\/pa\/#website"},"primaryImageOfPage":{"@id":"https:\/\/www.globber.com\/pa\/product\/e-motion-6\/#primaryimage"},"image":{"@id":"https:\/\/www.globber.com\/pa\/product\/e-motion-6\/#primaryimage"},"thumbnailUrl":"https:\/\/cdn.globber.com\/content\/2022\/11\/756-100_electric-scooter-for-teens.jpg","datePublished":"2022-11-28T14:04:19+00:00","dateModified":"2025-03-21T16:28:26+00:00","description":"Go electric on 2-wheels with Globber! This electric scooter for teens with light-up deck and wheels is super safe and easy to ride. Find out more!","breadcrumb":{"@id":"https:\/\/www.globber.com\/pa\/product\/e-motion-6\/#breadcrumb"},"inLanguage":"es","potentialAction":[{"@type":"ReadAction","target":["https:\/\/www.globber.com\/pa\/product\/e-motion-6\/"]}]},{"@type":"ImageObject","inLanguage":"es","@id":"https:\/\/www.globber.com\/pa\/product\/e-motion-6\/#primaryimage","url":"https:\/\/cdn.globber.com\/content\/2022\/11\/756-100_electric-scooter-for-teens.jpg","contentUrl":"https:\/\/cdn.globber.com\/content\/2022\/11\/756-100_electric-scooter-for-teens.jpg","width":2048,"height":2048},{"@type":"BreadcrumbList","@id":"https:\/\/www.globber.com\/pa\/product\/e-motion-6\/#breadcrumb","itemListElement":[{"@type":"ListItem","position":1,"name":"Todos los productos","item":"https:\/\/www.globber.com\/pa\/comprar-por-producto\/"},{"@type":"ListItem","position":2,"name":"E-MOTION 6"}]},{"@type":"WebSite","@id":"https:\/\/www.globber.com\/pa\/#website","url":"https:\/\/www.globber.com\/pa\/","name":"Globber Panam\u00e1","description":"Globber - El Mundo Sobre Ruedas","publisher":{"@id":"https:\/\/www.globber.com\/pa\/#organization"},"potentialAction":[{"@type":"SearchAction","target":{"@type":"EntryPoint","urlTemplate":"https:\/\/www.globber.com\/pa\/?s={search_term_string}"},"query-input":{"@type":"PropertyValueSpecification","valueRequired":true,"valueName":"search_term_string"}}],"inLanguage":"es"},{"@type":"Organization","@id":"https:\/\/www.globber.com\/pa\/#organization","name":"Globber Panam\u00e1","url":"https:\/\/www.globber.com\/pa\/","logo":{"@type":"ImageObject","inLanguage":"es","@id":"https:\/\/www.globber.com\/pa\/#\/schema\/logo\/image\/","url":"https:\/\/cdn.globber.com\/content\/2024\/05\/logo.svg","contentUrl":"https:\/\/cdn.globber.com\/content\/2024\/05\/logo.svg","width":601,"height":112,"caption":"Globber Panam\u00e1"},"image":{"@id":"https:\/\/www.globber.com\/pa\/#\/schema\/logo\/image\/"}}]},"og_availability":"instock","product_availability":"instock","product_retailer_item_id":"756-xxx","product_condition":"new"},"_links":{"self":[{"href":"https:\/\/www.globber.com\/pa\/wp-json\/wp\/v2\/product\/5902","targetHints":{"allow":["GET"]}}],"collection":[{"href":"https:\/\/www.globber.com\/pa\/wp-json\/wp\/v2\/product"}],"about":[{"href":"https:\/\/www.globber.com\/pa\/wp-json\/wp\/v2\/types\/product"}],"replies":[{"embeddable":true,"href":"https:\/\/www.globber.com\/pa\/wp-json\/wp\/v2\/comments?post=5902"}],"wp:featuredmedia":[{"embeddable":true,"href":"https:\/\/www.globber.com\/pa\/wp-json\/wp\/v2\/media\/10416"}],"wp:attachment":[{"href":"https:\/\/www.globber.com\/pa\/wp-json\/wp\/v2\/media?parent=5902"}],"wp:term":[{"taxonomy":"product-special-badges","embeddable":true,"href":"https:\/\/www.globber.com\/pa\/wp-json\/wp\/v2\/product-special-badges?post=5902"},{"taxonomy":"product_brand","embeddable":true,"href":"https:\/\/www.globber.com\/pa\/wp-json\/wp\/v2\/product_brand?post=5902"},{"taxonomy":"product_cat","embeddable":true,"href":"https:\/\/www.globber.com\/pa\/wp-json\/wp\/v2\/product_cat?post=5902"},{"taxonomy":"product_tag","embeddable":true,"href":"https:\/\/www.globber.com\/pa\/wp-json\/wp\/v2\/product_tag?post=5902"}],"curies":[{"name":"wp","href":"https:\/\/api.w.org\/{rel}","templated":true}]}}