{"id":5908,"date":"2022-11-28T14:04:35","date_gmt":"2022-11-28T14:04:35","guid":{"rendered":"https:\/\/staging.globberscooter.com\/pa\/product\/e-motion-14\/"},"modified":"2025-03-15T15:14:28","modified_gmt":"2025-03-15T20:14:28","slug":"e-motion-14","status":"publish","type":"product","link":"https:\/\/www.globber.com\/pa\/product\/e-motion-14\/","title":{"rendered":"E-MOTION 14"},"content":{"rendered":"<p>\u00a1Los adolescentes que crecen r\u00e1pido necesitan un scooter que les siga el ritmo! \u00a1E-MOTION 14 es un scooter el\u00e9ctrico plegable de 2 ruedas con luces para que los adolescentes (a partir de 12 a\u00f1os) anden todo el d\u00eda en una cubierta que ilumina el camino!.<\/p>\n<p>Con colores elegantes, un potente motor y una bater\u00eda de calidad, suspensi\u00f3n delantera integrada, sistema de plegado patentado, acelerador de f\u00e1cil uso, cubierta antideslizante e iluminada, barra en T con pantalla LCD, sistema de frenado dual, timbre y luz ISO, E-MOTION 14 es un patinete el\u00e9ctrico de 2 ruedas fiable y divertido dise\u00f1ado pensando en los adolescentes.<\/p>\n<p>&nbsp;<\/p>\n","protected":false},"excerpt":{"rendered":"<p><strong>Scooter el\u00e9ctrico plegable de 2 ruedas con luces para adolescentes a partir de 12 a\u00f1os<\/strong><\/p>\n","protected":false},"featured_media":10440,"comment_status":"open","ping_status":"closed","template":"","meta":{"_acf_changed":false,"inline_featured_image":false},"product-special-badges":[],"product_brand":[],"product_cat":[337,1692,1696,1685,534,485],"product_tag":[3664],"class_list":{"0":"post-5908","1":"product","2":"type-product","3":"status-publish","4":"has-post-thumbnail","6":"product-badges-light-up","7":"product-badges-electric","8":"product-badges-dual-brake","9":"product-badges-anti-slip","10":"product-badges-foldable","11":"product_cat-scooters-electricos-para-todas-las-edades","12":"product_cat-scooters-de-2-ruedas-para-todas-las-edades","13":"product_cat-patinetes-plegables","14":"product_cat-serie-e-motion","15":"product_cat-scooters-para-adultos","16":"product_cat-scooters-para-adolescentes","17":"product_tag-import","18":"pa_ajustable-no","19":"pa_battery-litio-21-6-v-4-0-ah","20":"pa_color-azul-cielo","21":"pa_color-rojo","22":"pa_deck-size-ancho-13-5-cm-x-largo-59-cm","23":"pa_ean-3288","24":"pa_ean-3289","25":"pa_edades-de-12-anos-hasta-adultos","26":"pa_frenos-e-abs-freno-trasero-mecanico","27":"pa_material-de-cubierta-compuesto-pp-fibra-estructura-de-aluminio-cinta-de-agarre-de-silicona","28":"pa_material-de-las-ruedas-goma-de-alto-rebote","29":"pa_max-speed-modo-1-0-6-km-h-max-modo-2-0-15-km-h-max","30":"pa_max-user-weight-70-kg","31":"pa_peso-del-producto-neto-8-30kg","32":"pa_plegable-si","33":"pa_potencia-del-motor-motor-sin-escobillas-de-200-w","34":"pa_rango-9-11km","35":"pa_recommended-user-height-145-175-cm","36":"pa_tipo-de-producto-scooter-electrico-de-2-ruedas","37":"pa_wheels-size-128mm-40mm-trasera","38":"pa_wheels-size-150-mm-33-mm-de-ancho-delantera","40":"first","41":"instock","42":"taxable","43":"shipping-taxable","44":"purchasable","45":"product-type-variable"},"acf":[],"yoast_head":"<!-- This site is optimized with the Yoast SEO Premium plugin v20.12 (Yoast SEO v23.4) - https:\/\/yoast.com\/wordpress\/plugins\/seo\/ -->\n<title>Scooter El\u00e9ctrico Plegable: E-MOTION 14 \u2013 Globber<\/title>\n<meta name=\"description\" content=\"\u00a1Recorre la ciudad en tu e-scooter y deja que la plataforma ilumine tu camino! El scooter el\u00e9ctrico plegable perfecto para que los adolescentes disfruten al m\u00e1ximo.\" \/>\n<meta name=\"robots\" content=\"index, follow, max-snippet:-1, max-image-preview:large, max-video-preview:-1\" \/>\n<link rel=\"canonical\" href=\"https:\/\/www.globber.com\/pa\/product\/e-motion-14\/\" \/>\n<meta property=\"og:locale\" content=\"es_ES\" \/>\n<meta property=\"og:type\" content=\"article\" \/>\n<meta property=\"og:title\" content=\"Scooter El\u00e9ctrico Plegable: E-MOTION 14 \u2013 Globber\" \/>\n<meta property=\"og:description\" content=\"\u00a1Recorre la ciudad en tu e-scooter y deja que la plataforma ilumine tu camino! El scooter el\u00e9ctrico plegable perfecto para que los adolescentes disfruten al m\u00e1ximo.\" \/>\n<meta property=\"og:url\" content=\"https:\/\/www.globber.com\/pa\/product\/e-motion-14\/\" \/>\n<meta property=\"og:site_name\" content=\"Globber Panam\u00e1\" \/>\n<meta property=\"article:modified_time\" content=\"2025-03-15T20:14:28+00:00\" \/>\n<meta property=\"og:image\" content=\"https:\/\/cdn.globber.com\/content\/2022\/11\/750-101_electric-scooter-with-suspension-2.jpg\" \/>\n\t<meta property=\"og:image:width\" content=\"2048\" \/>\n\t<meta property=\"og:image:height\" content=\"2048\" \/>\n\t<meta property=\"og:image:type\" content=\"image\/jpeg\" \/>\n<meta name=\"twitter:card\" content=\"summary_large_image\" \/>\n<meta name=\"twitter:label1\" content=\"Availability\" \/>\n\t<meta name=\"twitter:data1\" content=\"In stock\" \/>\n<script type=\"application\/ld+json\" class=\"yoast-schema-graph\">{\"@context\":\"https:\/\/schema.org\",\"@graph\":[{\"@type\":[\"WebPage\",\"ItemPage\"],\"@id\":\"https:\/\/www.globber.com\/pa\/product\/e-motion-14\/\",\"url\":\"https:\/\/www.globber.com\/pa\/product\/e-motion-14\/\",\"name\":\"Scooter El\u00e9ctrico Plegable: E-MOTION 14 \u2013 Globber\",\"isPartOf\":{\"@id\":\"https:\/\/www.globber.com\/pa\/#website\"},\"primaryImageOfPage\":{\"@id\":\"https:\/\/www.globber.com\/pa\/product\/e-motion-14\/#primaryimage\"},\"image\":{\"@id\":\"https:\/\/www.globber.com\/pa\/product\/e-motion-14\/#primaryimage\"},\"thumbnailUrl\":\"https:\/\/cdn.globber.com\/content\/2022\/11\/750-101_electric-scooter-with-suspension-2.jpg\",\"datePublished\":\"2022-11-28T14:04:35+00:00\",\"dateModified\":\"2025-03-15T20:14:28+00:00\",\"description\":\"\u00a1Recorre la ciudad en tu e-scooter y deja que la plataforma ilumine tu camino! El scooter el\u00e9ctrico plegable perfecto para que los adolescentes disfruten al m\u00e1ximo.\",\"breadcrumb\":{\"@id\":\"https:\/\/www.globber.com\/pa\/product\/e-motion-14\/#breadcrumb\"},\"inLanguage\":\"es\",\"potentialAction\":[{\"@type\":\"ReadAction\",\"target\":[\"https:\/\/www.globber.com\/pa\/product\/e-motion-14\/\"]}]},{\"@type\":\"ImageObject\",\"inLanguage\":\"es\",\"@id\":\"https:\/\/www.globber.com\/pa\/product\/e-motion-14\/#primaryimage\",\"url\":\"https:\/\/cdn.globber.com\/content\/2022\/11\/750-101_electric-scooter-with-suspension-2.jpg\",\"contentUrl\":\"https:\/\/cdn.globber.com\/content\/2022\/11\/750-101_electric-scooter-with-suspension-2.jpg\",\"width\":2048,\"height\":2048},{\"@type\":\"BreadcrumbList\",\"@id\":\"https:\/\/www.globber.com\/pa\/product\/e-motion-14\/#breadcrumb\",\"itemListElement\":[{\"@type\":\"ListItem\",\"position\":1,\"name\":\"Todos los productos\",\"item\":\"https:\/\/www.globber.com\/pa\/comprar-por-producto\/\"},{\"@type\":\"ListItem\",\"position\":2,\"name\":\"E-MOTION 14\"}]},{\"@type\":\"WebSite\",\"@id\":\"https:\/\/www.globber.com\/pa\/#website\",\"url\":\"https:\/\/www.globber.com\/pa\/\",\"name\":\"Globber Panam\u00e1\",\"description\":\"Globber - El Mundo Sobre Ruedas\",\"publisher\":{\"@id\":\"https:\/\/www.globber.com\/pa\/#organization\"},\"potentialAction\":[{\"@type\":\"SearchAction\",\"target\":{\"@type\":\"EntryPoint\",\"urlTemplate\":\"https:\/\/www.globber.com\/pa\/?s={search_term_string}\"},\"query-input\":{\"@type\":\"PropertyValueSpecification\",\"valueRequired\":true,\"valueName\":\"search_term_string\"}}],\"inLanguage\":\"es\"},{\"@type\":\"Organization\",\"@id\":\"https:\/\/www.globber.com\/pa\/#organization\",\"name\":\"Globber Panam\u00e1\",\"url\":\"https:\/\/www.globber.com\/pa\/\",\"logo\":{\"@type\":\"ImageObject\",\"inLanguage\":\"es\",\"@id\":\"https:\/\/www.globber.com\/pa\/#\/schema\/logo\/image\/\",\"url\":\"https:\/\/cdn.globber.com\/content\/2024\/05\/logo.svg\",\"contentUrl\":\"https:\/\/cdn.globber.com\/content\/2024\/05\/logo.svg\",\"width\":601,\"height\":112,\"caption\":\"Globber Panam\u00e1\"},\"image\":{\"@id\":\"https:\/\/www.globber.com\/pa\/#\/schema\/logo\/image\/\"}}]}<\/script>\n<meta property=\"og:availability\" content=\"instock\" \/>\n<meta property=\"product:availability\" content=\"instock\" \/>\n<meta property=\"product:retailer_item_id\" content=\"750-xxx\" \/>\n<meta property=\"product:condition\" content=\"new\" \/>\n<!-- \/ Yoast SEO Premium plugin. -->","yoast_head_json":{"title":"Scooter El\u00e9ctrico Plegable: E-MOTION 14 \u2013 Globber","description":"\u00a1Recorre la ciudad en tu e-scooter y deja que la plataforma ilumine tu camino! El scooter el\u00e9ctrico plegable perfecto para que los adolescentes disfruten al m\u00e1ximo.","robots":{"index":"index","follow":"follow","max-snippet":"max-snippet:-1","max-image-preview":"max-image-preview:large","max-video-preview":"max-video-preview:-1"},"canonical":"https:\/\/www.globber.com\/pa\/product\/e-motion-14\/","og_locale":"es_ES","og_type":"article","og_title":"Scooter El\u00e9ctrico Plegable: E-MOTION 14 \u2013 Globber","og_description":"\u00a1Recorre la ciudad en tu e-scooter y deja que la plataforma ilumine tu camino! El scooter el\u00e9ctrico plegable perfecto para que los adolescentes disfruten al m\u00e1ximo.","og_url":"https:\/\/www.globber.com\/pa\/product\/e-motion-14\/","og_site_name":"Globber Panam\u00e1","article_modified_time":"2025-03-15T20:14:28+00:00","og_image":[{"width":2048,"height":2048,"url":"https:\/\/cdn.globber.com\/content\/2022\/11\/750-101_electric-scooter-with-suspension-2.jpg","type":"image\/jpeg"}],"twitter_card":"summary_large_image","twitter_misc":{"Availability":"In stock"},"schema":{"@context":"https:\/\/schema.org","@graph":[{"@type":["WebPage","ItemPage"],"@id":"https:\/\/www.globber.com\/pa\/product\/e-motion-14\/","url":"https:\/\/www.globber.com\/pa\/product\/e-motion-14\/","name":"Scooter El\u00e9ctrico Plegable: E-MOTION 14 \u2013 Globber","isPartOf":{"@id":"https:\/\/www.globber.com\/pa\/#website"},"primaryImageOfPage":{"@id":"https:\/\/www.globber.com\/pa\/product\/e-motion-14\/#primaryimage"},"image":{"@id":"https:\/\/www.globber.com\/pa\/product\/e-motion-14\/#primaryimage"},"thumbnailUrl":"https:\/\/cdn.globber.com\/content\/2022\/11\/750-101_electric-scooter-with-suspension-2.jpg","datePublished":"2022-11-28T14:04:35+00:00","dateModified":"2025-03-15T20:14:28+00:00","description":"\u00a1Recorre la ciudad en tu e-scooter y deja que la plataforma ilumine tu camino! El scooter el\u00e9ctrico plegable perfecto para que los adolescentes disfruten al m\u00e1ximo.","breadcrumb":{"@id":"https:\/\/www.globber.com\/pa\/product\/e-motion-14\/#breadcrumb"},"inLanguage":"es","potentialAction":[{"@type":"ReadAction","target":["https:\/\/www.globber.com\/pa\/product\/e-motion-14\/"]}]},{"@type":"ImageObject","inLanguage":"es","@id":"https:\/\/www.globber.com\/pa\/product\/e-motion-14\/#primaryimage","url":"https:\/\/cdn.globber.com\/content\/2022\/11\/750-101_electric-scooter-with-suspension-2.jpg","contentUrl":"https:\/\/cdn.globber.com\/content\/2022\/11\/750-101_electric-scooter-with-suspension-2.jpg","width":2048,"height":2048},{"@type":"BreadcrumbList","@id":"https:\/\/www.globber.com\/pa\/product\/e-motion-14\/#breadcrumb","itemListElement":[{"@type":"ListItem","position":1,"name":"Todos los productos","item":"https:\/\/www.globber.com\/pa\/comprar-por-producto\/"},{"@type":"ListItem","position":2,"name":"E-MOTION 14"}]},{"@type":"WebSite","@id":"https:\/\/www.globber.com\/pa\/#website","url":"https:\/\/www.globber.com\/pa\/","name":"Globber Panam\u00e1","description":"Globber - El Mundo Sobre Ruedas","publisher":{"@id":"https:\/\/www.globber.com\/pa\/#organization"},"potentialAction":[{"@type":"SearchAction","target":{"@type":"EntryPoint","urlTemplate":"https:\/\/www.globber.com\/pa\/?s={search_term_string}"},"query-input":{"@type":"PropertyValueSpecification","valueRequired":true,"valueName":"search_term_string"}}],"inLanguage":"es"},{"@type":"Organization","@id":"https:\/\/www.globber.com\/pa\/#organization","name":"Globber Panam\u00e1","url":"https:\/\/www.globber.com\/pa\/","logo":{"@type":"ImageObject","inLanguage":"es","@id":"https:\/\/www.globber.com\/pa\/#\/schema\/logo\/image\/","url":"https:\/\/cdn.globber.com\/content\/2024\/05\/logo.svg","contentUrl":"https:\/\/cdn.globber.com\/content\/2024\/05\/logo.svg","width":601,"height":112,"caption":"Globber Panam\u00e1"},"image":{"@id":"https:\/\/www.globber.com\/pa\/#\/schema\/logo\/image\/"}}]},"og_availability":"instock","product_availability":"instock","product_retailer_item_id":"750-xxx","product_condition":"new"},"_links":{"self":[{"href":"https:\/\/www.globber.com\/pa\/wp-json\/wp\/v2\/product\/5908","targetHints":{"allow":["GET"]}}],"collection":[{"href":"https:\/\/www.globber.com\/pa\/wp-json\/wp\/v2\/product"}],"about":[{"href":"https:\/\/www.globber.com\/pa\/wp-json\/wp\/v2\/types\/product"}],"replies":[{"embeddable":true,"href":"https:\/\/www.globber.com\/pa\/wp-json\/wp\/v2\/comments?post=5908"}],"wp:featuredmedia":[{"embeddable":true,"href":"https:\/\/www.globber.com\/pa\/wp-json\/wp\/v2\/media\/10440"}],"wp:attachment":[{"href":"https:\/\/www.globber.com\/pa\/wp-json\/wp\/v2\/media?parent=5908"}],"wp:term":[{"taxonomy":"product-special-badges","embeddable":true,"href":"https:\/\/www.globber.com\/pa\/wp-json\/wp\/v2\/product-special-badges?post=5908"},{"taxonomy":"product_brand","embeddable":true,"href":"https:\/\/www.globber.com\/pa\/wp-json\/wp\/v2\/product_brand?post=5908"},{"taxonomy":"product_cat","embeddable":true,"href":"https:\/\/www.globber.com\/pa\/wp-json\/wp\/v2\/product_cat?post=5908"},{"taxonomy":"product_tag","embeddable":true,"href":"https:\/\/www.globber.com\/pa\/wp-json\/wp\/v2\/product_tag?post=5908"}],"curies":[{"name":"wp","href":"https:\/\/api.w.org\/{rel}","templated":true}]}}