{"id":5929,"date":"2022-11-28T14:05:31","date_gmt":"2022-11-28T14:05:31","guid":{"rendered":"https:\/\/staging.globberscooter.com\/pa\/product\/primo-foldable-lights\/"},"modified":"2026-03-05T22:25:13","modified_gmt":"2026-03-06T03:25:13","slug":"primo-foldable-lights","status":"publish","type":"product","link":"https:\/\/www.globber.com\/pa\/product\/primo-foldable-lights\/","title":{"rendered":"PRIMO FOLDABLE LIGHTS"},"content":{"rendered":"<p>PRIMO FOLDABLE LIGHTS es el scooter de 3 ruedas con luces LED mejor valorado para ni\u00f1os de 3 a 7 a\u00f1os, desde el precio hasta las caracter\u00edsticas, para pasar unos d\u00edas incre\u00edbles en scooter, \u00a1con ruedas iluminadas incluidas!.<\/p>\n<p>PRIMO FOLDABLE LIGHTS es un scooter de 3 ruedas con luces LED que incluye ruedas LED iluminadas, sistemas de direcci\u00f3n y plegado patentados por Globber y una barra en T ajustable de 3 alturas. PRIMO FOLDABLE LIGHTS puede ayudar a los ni\u00f1os a desarrollar de forma segura sus habilidades de equilibrio y coordinaci\u00f3n mientras disfrutan de toda la diversi\u00f3n de las luces.<\/p>\n","protected":false},"excerpt":{"rendered":"<p><strong>Scooter de 3 ruedas para ni\u00f1os de 3 a 7 a\u00f1os<\/strong><\/p>\n","protected":false},"featured_media":5454,"comment_status":"open","ping_status":"closed","template":"","meta":{"_acf_changed":false,"inline_featured_image":false},"product-special-badges":[],"product_brand":[],"product_cat":[1681,1691,1696,1694,399],"product_tag":[3664],"class_list":{"0":"post-5929","1":"product","2":"type-product","3":"status-publish","4":"has-post-thumbnail","6":"product-badges-light-up","7":"product-badges-adjustable","8":"product-badges-foldable","9":"product_cat-primo-series","10":"product_cat-patinete-de-3-ruedas-para-todas-las-edades","11":"product_cat-patinetes-plegables","12":"product_cat-scooters-con-luces","13":"product_cat-scooters-para-ninos","14":"product_tag-import","15":"pa_ajustable-si","16":"pa_color-azul-cielo","17":"pa_color-rojo-titanio","18":"pa_color-rosa-neon","19":"pa_deck-size-ancho-12-5-cm-x-largo-54-5-cm","20":"pa_ean-3316","21":"pa_ean-3311","22":"pa_ean-3315","23":"pa_edades-3a-7a","24":"pa_frenos-freno-trasero-mecanico-compuesto","25":"pa_material-de-cubierta-compuesto-pp-fibra-estructura-metalica","26":"pa_material-de-las-ruedas-fundicion-de-pu-de-alto-rebote","27":"pa_max-user-weight-50kg","28":"pa_peso-del-producto-neto-2-50-kg","29":"pa_plegable-si","30":"pa_recommended-user-height-95-120-cm","31":"pa_t-bar-heights-67-5-72-5-77-5-cm-desde-el-suelo","32":"pa_tipo-de-producto-scooters-de-3-ruedas","33":"pa_wheels-size-121-mm-24-mm-de-ancho-delantera","34":"pa_wheels-size-80-mm-24-mm-de-ancho-trasera","36":"first","37":"instock","38":"taxable","39":"shipping-taxable","40":"purchasable","41":"product-type-variable"},"acf":[],"yoast_head":"<!-- This site is optimized with the Yoast SEO Premium plugin v20.12 (Yoast SEO v23.4) - https:\/\/yoast.com\/wordpress\/plugins\/seo\/ -->\n<title>Foldable 3-wheel Scooter: PRIMO FOLDABLE LIGHTS \u2013 Globber<\/title>\n<meta name=\"description\" content=\"The most accessible scooter from price point to features\u2013 Let your little one enjoy a fun, colourful ride with this scooter with LED lights. Check it out!\" \/>\n<meta name=\"robots\" content=\"index, follow, max-snippet:-1, max-image-preview:large, max-video-preview:-1\" \/>\n<link rel=\"canonical\" href=\"https:\/\/www.globber.com\/pa\/product\/primo-foldable-lights\/\" \/>\n<meta property=\"og:locale\" content=\"es_ES\" \/>\n<meta property=\"og:type\" content=\"article\" \/>\n<meta property=\"og:title\" content=\"Foldable 3-wheel Scooter: PRIMO FOLDABLE LIGHTS \u2013 Globber\" \/>\n<meta property=\"og:description\" content=\"The most accessible scooter from price point to features\u2013 Let your little one enjoy a fun, colourful ride with this scooter with LED lights. Check it out!\" \/>\n<meta property=\"og:url\" content=\"https:\/\/www.globber.com\/pa\/product\/primo-foldable-lights\/\" \/>\n<meta property=\"og:site_name\" content=\"Globber Panam\u00e1\" \/>\n<meta property=\"article:modified_time\" content=\"2026-03-06T03:25:13+00:00\" \/>\n<meta property=\"og:image\" content=\"https:\/\/cdn.globber.com\/content\/2022\/11\/6383b889e50ce.jpg\" \/>\n\t<meta property=\"og:image:width\" content=\"1920\" \/>\n\t<meta property=\"og:image:height\" content=\"1920\" \/>\n\t<meta property=\"og:image:type\" content=\"image\/jpeg\" \/>\n<meta name=\"twitter:card\" content=\"summary_large_image\" \/>\n<meta name=\"twitter:label1\" content=\"Availability\" \/>\n\t<meta name=\"twitter:data1\" content=\"In stock\" \/>\n<script type=\"application\/ld+json\" class=\"yoast-schema-graph\">{\"@context\":\"https:\/\/schema.org\",\"@graph\":[{\"@type\":[\"WebPage\",\"ItemPage\"],\"@id\":\"https:\/\/www.globber.com\/pa\/product\/primo-foldable-lights\/\",\"url\":\"https:\/\/www.globber.com\/pa\/product\/primo-foldable-lights\/\",\"name\":\"Foldable 3-wheel Scooter: PRIMO FOLDABLE LIGHTS \u2013 Globber\",\"isPartOf\":{\"@id\":\"https:\/\/www.globber.com\/pa\/#website\"},\"primaryImageOfPage\":{\"@id\":\"https:\/\/www.globber.com\/pa\/product\/primo-foldable-lights\/#primaryimage\"},\"image\":{\"@id\":\"https:\/\/www.globber.com\/pa\/product\/primo-foldable-lights\/#primaryimage\"},\"thumbnailUrl\":\"https:\/\/cdn.globber.com\/content\/2022\/11\/6383b889e50ce.jpg\",\"datePublished\":\"2022-11-28T14:05:31+00:00\",\"dateModified\":\"2026-03-06T03:25:13+00:00\",\"description\":\"The most accessible scooter from price point to features\u2013 Let your little one enjoy a fun, colourful ride with this scooter with LED lights. Check it out!\",\"breadcrumb\":{\"@id\":\"https:\/\/www.globber.com\/pa\/product\/primo-foldable-lights\/#breadcrumb\"},\"inLanguage\":\"es\",\"potentialAction\":[{\"@type\":\"ReadAction\",\"target\":[\"https:\/\/www.globber.com\/pa\/product\/primo-foldable-lights\/\"]}]},{\"@type\":\"ImageObject\",\"inLanguage\":\"es\",\"@id\":\"https:\/\/www.globber.com\/pa\/product\/primo-foldable-lights\/#primaryimage\",\"url\":\"https:\/\/cdn.globber.com\/content\/2022\/11\/6383b889e50ce.jpg\",\"contentUrl\":\"https:\/\/cdn.globber.com\/content\/2022\/11\/6383b889e50ce.jpg\",\"width\":1920,\"height\":1920},{\"@type\":\"BreadcrumbList\",\"@id\":\"https:\/\/www.globber.com\/pa\/product\/primo-foldable-lights\/#breadcrumb\",\"itemListElement\":[{\"@type\":\"ListItem\",\"position\":1,\"name\":\"Todos los productos\",\"item\":\"https:\/\/www.globber.com\/pa\/comprar-por-producto\/\"},{\"@type\":\"ListItem\",\"position\":2,\"name\":\"PRIMO FOLDABLE LIGHTS\"}]},{\"@type\":\"WebSite\",\"@id\":\"https:\/\/www.globber.com\/pa\/#website\",\"url\":\"https:\/\/www.globber.com\/pa\/\",\"name\":\"Globber Panam\u00e1\",\"description\":\"Globber - El Mundo Sobre Ruedas\",\"publisher\":{\"@id\":\"https:\/\/www.globber.com\/pa\/#organization\"},\"potentialAction\":[{\"@type\":\"SearchAction\",\"target\":{\"@type\":\"EntryPoint\",\"urlTemplate\":\"https:\/\/www.globber.com\/pa\/?s={search_term_string}\"},\"query-input\":{\"@type\":\"PropertyValueSpecification\",\"valueRequired\":true,\"valueName\":\"search_term_string\"}}],\"inLanguage\":\"es\"},{\"@type\":\"Organization\",\"@id\":\"https:\/\/www.globber.com\/pa\/#organization\",\"name\":\"Globber Panam\u00e1\",\"url\":\"https:\/\/www.globber.com\/pa\/\",\"logo\":{\"@type\":\"ImageObject\",\"inLanguage\":\"es\",\"@id\":\"https:\/\/www.globber.com\/pa\/#\/schema\/logo\/image\/\",\"url\":\"https:\/\/cdn.globber.com\/content\/2024\/05\/logo.svg\",\"contentUrl\":\"https:\/\/cdn.globber.com\/content\/2024\/05\/logo.svg\",\"width\":601,\"height\":112,\"caption\":\"Globber Panam\u00e1\"},\"image\":{\"@id\":\"https:\/\/www.globber.com\/pa\/#\/schema\/logo\/image\/\"}}]}<\/script>\n<meta property=\"og:availability\" content=\"instock\" \/>\n<meta property=\"product:availability\" content=\"instock\" \/>\n<meta property=\"product:retailer_item_id\" content=\"432-XXX-2\" \/>\n<meta property=\"product:condition\" content=\"new\" \/>\n<!-- \/ Yoast SEO Premium plugin. -->","yoast_head_json":{"title":"Foldable 3-wheel Scooter: PRIMO FOLDABLE LIGHTS \u2013 Globber","description":"The most accessible scooter from price point to features\u2013 Let your little one enjoy a fun, colourful ride with this scooter with LED lights. Check it out!","robots":{"index":"index","follow":"follow","max-snippet":"max-snippet:-1","max-image-preview":"max-image-preview:large","max-video-preview":"max-video-preview:-1"},"canonical":"https:\/\/www.globber.com\/pa\/product\/primo-foldable-lights\/","og_locale":"es_ES","og_type":"article","og_title":"Foldable 3-wheel Scooter: PRIMO FOLDABLE LIGHTS \u2013 Globber","og_description":"The most accessible scooter from price point to features\u2013 Let your little one enjoy a fun, colourful ride with this scooter with LED lights. Check it out!","og_url":"https:\/\/www.globber.com\/pa\/product\/primo-foldable-lights\/","og_site_name":"Globber Panam\u00e1","article_modified_time":"2026-03-06T03:25:13+00:00","og_image":[{"width":1920,"height":1920,"url":"https:\/\/cdn.globber.com\/content\/2022\/11\/6383b889e50ce.jpg","type":"image\/jpeg"}],"twitter_card":"summary_large_image","twitter_misc":{"Availability":"In stock"},"schema":{"@context":"https:\/\/schema.org","@graph":[{"@type":["WebPage","ItemPage"],"@id":"https:\/\/www.globber.com\/pa\/product\/primo-foldable-lights\/","url":"https:\/\/www.globber.com\/pa\/product\/primo-foldable-lights\/","name":"Foldable 3-wheel Scooter: PRIMO FOLDABLE LIGHTS \u2013 Globber","isPartOf":{"@id":"https:\/\/www.globber.com\/pa\/#website"},"primaryImageOfPage":{"@id":"https:\/\/www.globber.com\/pa\/product\/primo-foldable-lights\/#primaryimage"},"image":{"@id":"https:\/\/www.globber.com\/pa\/product\/primo-foldable-lights\/#primaryimage"},"thumbnailUrl":"https:\/\/cdn.globber.com\/content\/2022\/11\/6383b889e50ce.jpg","datePublished":"2022-11-28T14:05:31+00:00","dateModified":"2026-03-06T03:25:13+00:00","description":"The most accessible scooter from price point to features\u2013 Let your little one enjoy a fun, colourful ride with this scooter with LED lights. Check it out!","breadcrumb":{"@id":"https:\/\/www.globber.com\/pa\/product\/primo-foldable-lights\/#breadcrumb"},"inLanguage":"es","potentialAction":[{"@type":"ReadAction","target":["https:\/\/www.globber.com\/pa\/product\/primo-foldable-lights\/"]}]},{"@type":"ImageObject","inLanguage":"es","@id":"https:\/\/www.globber.com\/pa\/product\/primo-foldable-lights\/#primaryimage","url":"https:\/\/cdn.globber.com\/content\/2022\/11\/6383b889e50ce.jpg","contentUrl":"https:\/\/cdn.globber.com\/content\/2022\/11\/6383b889e50ce.jpg","width":1920,"height":1920},{"@type":"BreadcrumbList","@id":"https:\/\/www.globber.com\/pa\/product\/primo-foldable-lights\/#breadcrumb","itemListElement":[{"@type":"ListItem","position":1,"name":"Todos los productos","item":"https:\/\/www.globber.com\/pa\/comprar-por-producto\/"},{"@type":"ListItem","position":2,"name":"PRIMO FOLDABLE LIGHTS"}]},{"@type":"WebSite","@id":"https:\/\/www.globber.com\/pa\/#website","url":"https:\/\/www.globber.com\/pa\/","name":"Globber Panam\u00e1","description":"Globber - El Mundo Sobre Ruedas","publisher":{"@id":"https:\/\/www.globber.com\/pa\/#organization"},"potentialAction":[{"@type":"SearchAction","target":{"@type":"EntryPoint","urlTemplate":"https:\/\/www.globber.com\/pa\/?s={search_term_string}"},"query-input":{"@type":"PropertyValueSpecification","valueRequired":true,"valueName":"search_term_string"}}],"inLanguage":"es"},{"@type":"Organization","@id":"https:\/\/www.globber.com\/pa\/#organization","name":"Globber Panam\u00e1","url":"https:\/\/www.globber.com\/pa\/","logo":{"@type":"ImageObject","inLanguage":"es","@id":"https:\/\/www.globber.com\/pa\/#\/schema\/logo\/image\/","url":"https:\/\/cdn.globber.com\/content\/2024\/05\/logo.svg","contentUrl":"https:\/\/cdn.globber.com\/content\/2024\/05\/logo.svg","width":601,"height":112,"caption":"Globber Panam\u00e1"},"image":{"@id":"https:\/\/www.globber.com\/pa\/#\/schema\/logo\/image\/"}}]},"og_availability":"instock","product_availability":"instock","product_retailer_item_id":"432-XXX-2","product_condition":"new"},"_links":{"self":[{"href":"https:\/\/www.globber.com\/pa\/wp-json\/wp\/v2\/product\/5929","targetHints":{"allow":["GET"]}}],"collection":[{"href":"https:\/\/www.globber.com\/pa\/wp-json\/wp\/v2\/product"}],"about":[{"href":"https:\/\/www.globber.com\/pa\/wp-json\/wp\/v2\/types\/product"}],"replies":[{"embeddable":true,"href":"https:\/\/www.globber.com\/pa\/wp-json\/wp\/v2\/comments?post=5929"}],"wp:featuredmedia":[{"embeddable":true,"href":"https:\/\/www.globber.com\/pa\/wp-json\/wp\/v2\/media\/5454"}],"wp:attachment":[{"href":"https:\/\/www.globber.com\/pa\/wp-json\/wp\/v2\/media?parent=5929"}],"wp:term":[{"taxonomy":"product-special-badges","embeddable":true,"href":"https:\/\/www.globber.com\/pa\/wp-json\/wp\/v2\/product-special-badges?post=5929"},{"taxonomy":"product_brand","embeddable":true,"href":"https:\/\/www.globber.com\/pa\/wp-json\/wp\/v2\/product_brand?post=5929"},{"taxonomy":"product_cat","embeddable":true,"href":"https:\/\/www.globber.com\/pa\/wp-json\/wp\/v2\/product_cat?post=5929"},{"taxonomy":"product_tag","embeddable":true,"href":"https:\/\/www.globber.com\/pa\/wp-json\/wp\/v2\/product_tag?post=5929"}],"curies":[{"name":"wp","href":"https:\/\/api.w.org\/{rel}","templated":true}]}}