{"id":5951,"date":"2022-11-28T14:06:31","date_gmt":"2022-11-28T14:06:31","guid":{"rendered":"https:\/\/staging.globberscooter.com\/pa\/product\/elite-prime\/"},"modified":"2025-03-25T12:17:37","modified_gmt":"2025-03-25T17:17:37","slug":"elite-prime","status":"publish","type":"product","link":"https:\/\/www.globber.com\/pa\/product\/elite-prime\/","title":{"rendered":"ELITE PRIME"},"content":{"rendered":"<p>\u00a1Brilla y brilla en un resplandor de luces blancas mientras patinas con el ELITE PRIME! Los d\u00edas de scooting son m\u00e1s brillantes con sus ruedas delanteras iluminadas con LED que parpadean en blanco y su sensor de vibraci\u00f3n iluminado.<\/p>\n<p>Sus ruedas iluminadas no necesitan bater\u00eda y su sensor de vibraci\u00f3n se ilumina al contacto. ELITE PRIME est\u00e1 equipado con caracter\u00edsticas de lujo como un sistema de plegado el\u00edptico patentado por Globber para facilitar el almacenamiento y el modo carretilla, sistema de bloqueo de direcci\u00f3n patentado para ni\u00f1os que a\u00fan est\u00e1n aprendiendo a patinar, barra en T de aluminio de 4 alturas y una amplia plataforma de scooter de dos colores.<\/p>\n<p>&nbsp;<\/p>\n","protected":false},"excerpt":{"rendered":"<p><strong>Scooter de lujo iluminado de 3 ruedas para ni\u00f1os de 3 a 9 a\u00f1os<\/strong><\/p>\n","protected":false},"featured_media":4002,"comment_status":"open","ping_status":"closed","template":"","meta":{"_acf_changed":false,"inline_featured_image":false},"product-special-badges":[],"product_brand":[],"product_cat":[1682,1691,1696,1694,399],"product_tag":[3664],"class_list":{"0":"post-5951","1":"product","2":"type-product","3":"status-publish","4":"has-post-thumbnail","6":"product-badges-light-up","7":"product-badges-adjustable","8":"product-badges-foldable","9":"product_cat-serie-elite","10":"product_cat-patinete-de-3-ruedas-para-todas-las-edades","11":"product_cat-patinetes-plegables","12":"product_cat-scooters-con-luces","13":"product_cat-scooters-para-ninos","14":"product_tag-import","15":"pa_ajustable-si","16":"pa_color-azul-marino","17":"pa_color-rosa-oscuro-con-blanco","18":"pa_deck-size-ancho-12-8-cm-x-largo-53-cm","19":"pa_ean-3332","20":"pa_ean-3335","21":"pa_edades-3-9a","22":"pa_frenos-freno-trasero-mecanico-compuesto","23":"pa_material-de-cubierta-compuesto-pp-fibra","24":"pa_material-de-las-ruedas-fundicion-de-pu-de-alto-rebote","25":"pa_max-user-weight-50kg","26":"pa_peso-del-producto-neto-2-97-kg","27":"pa_plegable-si","28":"pa_recommended-user-height-95-130-cm","29":"pa_t-bar-heights-71-5-76-5-81-5-86-6-cm-desde-el-suelo","30":"pa_tipo-de-producto-scooters-de-3-ruedas","31":"pa_wheels-size-125-mm-30-mm-de-ancho-delantera","32":"pa_wheels-size-80-mm-30-mm-de-ancho-trasera","34":"first","35":"instock","36":"taxable","37":"shipping-taxable","38":"purchasable","39":"product-type-variable"},"acf":[],"yoast_head":"<!-- This site is optimized with the Yoast SEO Premium plugin v20.12 (Yoast SEO v23.4) - https:\/\/yoast.com\/wordpress\/plugins\/seo\/ -->\n<title>Scooter with LED Lights: ELITE PRIME \u2013 Globber<\/title>\n<meta name=\"description\" content=\"Get your little ones active! Check out the perfect light-up kick scooter for kids that provides a fun and safe way for children to get around.\" \/>\n<meta name=\"robots\" content=\"index, follow, max-snippet:-1, max-image-preview:large, max-video-preview:-1\" \/>\n<link rel=\"canonical\" href=\"https:\/\/www.globber.com\/pa\/product\/elite-prime\/\" \/>\n<meta property=\"og:locale\" content=\"es_ES\" \/>\n<meta property=\"og:type\" content=\"article\" \/>\n<meta property=\"og:title\" content=\"Scooter with LED Lights: ELITE PRIME \u2013 Globber\" \/>\n<meta property=\"og:description\" content=\"Get your little ones active! Check out the perfect light-up kick scooter for kids that provides a fun and safe way for children to get around.\" \/>\n<meta property=\"og:url\" content=\"https:\/\/www.globber.com\/pa\/product\/elite-prime\/\" \/>\n<meta property=\"og:site_name\" content=\"Globber Panam\u00e1\" \/>\n<meta property=\"article:modified_time\" content=\"2025-03-25T17:17:37+00:00\" \/>\n<meta property=\"og:image\" content=\"https:\/\/cdn.globber.com\/content\/2022\/11\/63839067dc485.jpg\" \/>\n\t<meta property=\"og:image:width\" content=\"1920\" \/>\n\t<meta property=\"og:image:height\" content=\"1920\" \/>\n\t<meta property=\"og:image:type\" content=\"image\/jpeg\" \/>\n<meta name=\"twitter:card\" content=\"summary_large_image\" \/>\n<meta name=\"twitter:label1\" content=\"Availability\" \/>\n\t<meta name=\"twitter:data1\" content=\"In stock\" \/>\n<script type=\"application\/ld+json\" class=\"yoast-schema-graph\">{\"@context\":\"https:\/\/schema.org\",\"@graph\":[{\"@type\":[\"WebPage\",\"ItemPage\"],\"@id\":\"https:\/\/www.globber.com\/pa\/product\/elite-prime\/\",\"url\":\"https:\/\/www.globber.com\/pa\/product\/elite-prime\/\",\"name\":\"Scooter with LED Lights: ELITE PRIME \u2013 Globber\",\"isPartOf\":{\"@id\":\"https:\/\/www.globber.com\/pa\/#website\"},\"primaryImageOfPage\":{\"@id\":\"https:\/\/www.globber.com\/pa\/product\/elite-prime\/#primaryimage\"},\"image\":{\"@id\":\"https:\/\/www.globber.com\/pa\/product\/elite-prime\/#primaryimage\"},\"thumbnailUrl\":\"https:\/\/cdn.globber.com\/content\/2022\/11\/63839067dc485.jpg\",\"datePublished\":\"2022-11-28T14:06:31+00:00\",\"dateModified\":\"2025-03-25T17:17:37+00:00\",\"description\":\"Get your little ones active! Check out the perfect light-up kick scooter for kids that provides a fun and safe way for children to get around.\",\"breadcrumb\":{\"@id\":\"https:\/\/www.globber.com\/pa\/product\/elite-prime\/#breadcrumb\"},\"inLanguage\":\"es\",\"potentialAction\":[{\"@type\":\"ReadAction\",\"target\":[\"https:\/\/www.globber.com\/pa\/product\/elite-prime\/\"]}]},{\"@type\":\"ImageObject\",\"inLanguage\":\"es\",\"@id\":\"https:\/\/www.globber.com\/pa\/product\/elite-prime\/#primaryimage\",\"url\":\"https:\/\/cdn.globber.com\/content\/2022\/11\/63839067dc485.jpg\",\"contentUrl\":\"https:\/\/cdn.globber.com\/content\/2022\/11\/63839067dc485.jpg\",\"width\":1920,\"height\":1920},{\"@type\":\"BreadcrumbList\",\"@id\":\"https:\/\/www.globber.com\/pa\/product\/elite-prime\/#breadcrumb\",\"itemListElement\":[{\"@type\":\"ListItem\",\"position\":1,\"name\":\"Todos los productos\",\"item\":\"https:\/\/www.globber.com\/pa\/comprar-por-producto\/\"},{\"@type\":\"ListItem\",\"position\":2,\"name\":\"ELITE PRIME\"}]},{\"@type\":\"WebSite\",\"@id\":\"https:\/\/www.globber.com\/pa\/#website\",\"url\":\"https:\/\/www.globber.com\/pa\/\",\"name\":\"Globber Panam\u00e1\",\"description\":\"Globber - El Mundo Sobre Ruedas\",\"publisher\":{\"@id\":\"https:\/\/www.globber.com\/pa\/#organization\"},\"potentialAction\":[{\"@type\":\"SearchAction\",\"target\":{\"@type\":\"EntryPoint\",\"urlTemplate\":\"https:\/\/www.globber.com\/pa\/?s={search_term_string}\"},\"query-input\":{\"@type\":\"PropertyValueSpecification\",\"valueRequired\":true,\"valueName\":\"search_term_string\"}}],\"inLanguage\":\"es\"},{\"@type\":\"Organization\",\"@id\":\"https:\/\/www.globber.com\/pa\/#organization\",\"name\":\"Globber Panam\u00e1\",\"url\":\"https:\/\/www.globber.com\/pa\/\",\"logo\":{\"@type\":\"ImageObject\",\"inLanguage\":\"es\",\"@id\":\"https:\/\/www.globber.com\/pa\/#\/schema\/logo\/image\/\",\"url\":\"https:\/\/cdn.globber.com\/content\/2024\/05\/logo.svg\",\"contentUrl\":\"https:\/\/cdn.globber.com\/content\/2024\/05\/logo.svg\",\"width\":601,\"height\":112,\"caption\":\"Globber Panam\u00e1\"},\"image\":{\"@id\":\"https:\/\/www.globber.com\/pa\/#\/schema\/logo\/image\/\"}}]}<\/script>\n<meta property=\"og:availability\" content=\"instock\" \/>\n<meta property=\"product:availability\" content=\"instock\" \/>\n<meta property=\"product:retailer_item_id\" content=\"444-XXX\" \/>\n<meta property=\"product:condition\" content=\"new\" \/>\n<!-- \/ Yoast SEO Premium plugin. -->","yoast_head_json":{"title":"Scooter with LED Lights: ELITE PRIME \u2013 Globber","description":"Get your little ones active! Check out the perfect light-up kick scooter for kids that provides a fun and safe way for children to get around.","robots":{"index":"index","follow":"follow","max-snippet":"max-snippet:-1","max-image-preview":"max-image-preview:large","max-video-preview":"max-video-preview:-1"},"canonical":"https:\/\/www.globber.com\/pa\/product\/elite-prime\/","og_locale":"es_ES","og_type":"article","og_title":"Scooter with LED Lights: ELITE PRIME \u2013 Globber","og_description":"Get your little ones active! Check out the perfect light-up kick scooter for kids that provides a fun and safe way for children to get around.","og_url":"https:\/\/www.globber.com\/pa\/product\/elite-prime\/","og_site_name":"Globber Panam\u00e1","article_modified_time":"2025-03-25T17:17:37+00:00","og_image":[{"width":1920,"height":1920,"url":"https:\/\/cdn.globber.com\/content\/2022\/11\/63839067dc485.jpg","type":"image\/jpeg"}],"twitter_card":"summary_large_image","twitter_misc":{"Availability":"In stock"},"schema":{"@context":"https:\/\/schema.org","@graph":[{"@type":["WebPage","ItemPage"],"@id":"https:\/\/www.globber.com\/pa\/product\/elite-prime\/","url":"https:\/\/www.globber.com\/pa\/product\/elite-prime\/","name":"Scooter with LED Lights: ELITE PRIME \u2013 Globber","isPartOf":{"@id":"https:\/\/www.globber.com\/pa\/#website"},"primaryImageOfPage":{"@id":"https:\/\/www.globber.com\/pa\/product\/elite-prime\/#primaryimage"},"image":{"@id":"https:\/\/www.globber.com\/pa\/product\/elite-prime\/#primaryimage"},"thumbnailUrl":"https:\/\/cdn.globber.com\/content\/2022\/11\/63839067dc485.jpg","datePublished":"2022-11-28T14:06:31+00:00","dateModified":"2025-03-25T17:17:37+00:00","description":"Get your little ones active! Check out the perfect light-up kick scooter for kids that provides a fun and safe way for children to get around.","breadcrumb":{"@id":"https:\/\/www.globber.com\/pa\/product\/elite-prime\/#breadcrumb"},"inLanguage":"es","potentialAction":[{"@type":"ReadAction","target":["https:\/\/www.globber.com\/pa\/product\/elite-prime\/"]}]},{"@type":"ImageObject","inLanguage":"es","@id":"https:\/\/www.globber.com\/pa\/product\/elite-prime\/#primaryimage","url":"https:\/\/cdn.globber.com\/content\/2022\/11\/63839067dc485.jpg","contentUrl":"https:\/\/cdn.globber.com\/content\/2022\/11\/63839067dc485.jpg","width":1920,"height":1920},{"@type":"BreadcrumbList","@id":"https:\/\/www.globber.com\/pa\/product\/elite-prime\/#breadcrumb","itemListElement":[{"@type":"ListItem","position":1,"name":"Todos los productos","item":"https:\/\/www.globber.com\/pa\/comprar-por-producto\/"},{"@type":"ListItem","position":2,"name":"ELITE PRIME"}]},{"@type":"WebSite","@id":"https:\/\/www.globber.com\/pa\/#website","url":"https:\/\/www.globber.com\/pa\/","name":"Globber Panam\u00e1","description":"Globber - El Mundo Sobre Ruedas","publisher":{"@id":"https:\/\/www.globber.com\/pa\/#organization"},"potentialAction":[{"@type":"SearchAction","target":{"@type":"EntryPoint","urlTemplate":"https:\/\/www.globber.com\/pa\/?s={search_term_string}"},"query-input":{"@type":"PropertyValueSpecification","valueRequired":true,"valueName":"search_term_string"}}],"inLanguage":"es"},{"@type":"Organization","@id":"https:\/\/www.globber.com\/pa\/#organization","name":"Globber Panam\u00e1","url":"https:\/\/www.globber.com\/pa\/","logo":{"@type":"ImageObject","inLanguage":"es","@id":"https:\/\/www.globber.com\/pa\/#\/schema\/logo\/image\/","url":"https:\/\/cdn.globber.com\/content\/2024\/05\/logo.svg","contentUrl":"https:\/\/cdn.globber.com\/content\/2024\/05\/logo.svg","width":601,"height":112,"caption":"Globber Panam\u00e1"},"image":{"@id":"https:\/\/www.globber.com\/pa\/#\/schema\/logo\/image\/"}}]},"og_availability":"instock","product_availability":"instock","product_retailer_item_id":"444-XXX","product_condition":"new"},"_links":{"self":[{"href":"https:\/\/www.globber.com\/pa\/wp-json\/wp\/v2\/product\/5951","targetHints":{"allow":["GET"]}}],"collection":[{"href":"https:\/\/www.globber.com\/pa\/wp-json\/wp\/v2\/product"}],"about":[{"href":"https:\/\/www.globber.com\/pa\/wp-json\/wp\/v2\/types\/product"}],"replies":[{"embeddable":true,"href":"https:\/\/www.globber.com\/pa\/wp-json\/wp\/v2\/comments?post=5951"}],"wp:featuredmedia":[{"embeddable":true,"href":"https:\/\/www.globber.com\/pa\/wp-json\/wp\/v2\/media\/4002"}],"wp:attachment":[{"href":"https:\/\/www.globber.com\/pa\/wp-json\/wp\/v2\/media?parent=5951"}],"wp:term":[{"taxonomy":"product-special-badges","embeddable":true,"href":"https:\/\/www.globber.com\/pa\/wp-json\/wp\/v2\/product-special-badges?post=5951"},{"taxonomy":"product_brand","embeddable":true,"href":"https:\/\/www.globber.com\/pa\/wp-json\/wp\/v2\/product_brand?post=5951"},{"taxonomy":"product_cat","embeddable":true,"href":"https:\/\/www.globber.com\/pa\/wp-json\/wp\/v2\/product_cat?post=5951"},{"taxonomy":"product_tag","embeddable":true,"href":"https:\/\/www.globber.com\/pa\/wp-json\/wp\/v2\/product_tag?post=5951"}],"curies":[{"name":"wp","href":"https:\/\/api.w.org\/{rel}","templated":true}]}}