{"id":6021,"date":"2022-11-28T14:09:29","date_gmt":"2022-11-28T14:09:29","guid":{"rendered":"https:\/\/staging.globberscooter.com\/pa\/product\/nl-205-deluxe\/"},"modified":"2025-03-15T11:56:43","modified_gmt":"2025-03-15T16:56:43","slug":"nl-205-deluxe","status":"publish","type":"product","link":"https:\/\/www.globber.com\/pa\/product\/nl-205-deluxe\/","title":{"rendered":"NL 205 DELUXE"},"content":{"rendered":"<p>\u00a1Corre por la ciudad con estilo y dise\u00f1o vintage! NL 205 DELUXE es un scooter de rueda grande de 205 mm con freno de mano dise\u00f1ado para los chicos cool, para ayudarles a moverse m\u00e1s r\u00e1pido, m\u00e1s seguro y con estilo.<\/p>\n<p>Con un dise\u00f1o chic y vintage perfecto para la est\u00e9tica urbana, el NL 205 DELUXE no es s\u00f3lo apariencia, este patinete de rueda grande con suspensi\u00f3n est\u00e1 equipado con una robusta cubierta de aluminio, suspensi\u00f3n delantera, dos frenos (freno trasero y freno de manillar), sistema de plegado patentado por Globber y manillar en T ajustable en 3 alturas.<\/p>\n<p>El NL 205 DELUXE es un scooter de rueda grande con suspensi\u00f3n de 205 mm dise\u00f1ado para los chicos m\u00e1s cool, para ayudarles a moverse m\u00e1s r\u00e1pido, m\u00e1s seguro y con estilo.<\/p>\n","protected":false},"excerpt":{"rendered":"<p><strong>Scooter de rueda grande con freno de mano para ni\u00f1os y adolescentes (a partir de 8 a\u00f1os)<\/strong><\/p>\n","protected":false},"featured_media":5147,"comment_status":"open","ping_status":"closed","template":"","meta":{"_acf_changed":false,"inline_featured_image":false},"product-special-badges":[],"product_brand":[],"product_cat":[1687,1692,1695,1696,399,485],"product_tag":[3664],"class_list":{"0":"post-6021","1":"product","2":"type-product","3":"status-publish","4":"has-post-thumbnail","6":"product-badges-self-standing","7":"product-badges-handbrake","8":"product-badges-vintage","9":"product-badges-adjustable","10":"product-badges-foldable","11":"product_cat-serie-nl","12":"product_cat-scooters-de-2-ruedas-para-todas-las-edades","13":"product_cat-grandes-ruedas-patinetes","14":"product_cat-patinetes-plegables","15":"product_cat-scooters-para-ninos","16":"product_cat-scooters-para-adolescentes","17":"product_tag-import","18":"pa_ajustable-si","19":"pa_color-rosa-pastel","20":"pa_color-vintage-azul","21":"pa_deck-size-ancho-12-cm-x-largo-55-cm","22":"pa_ean-3403","23":"pa_ean-3408","24":"pa_edades-de-8-anos-hasta-adultos","25":"pa_frenos-freno-trasero-mecanico-metalico-freno-mecanico-de-manillar","26":"pa_material-de-cubierta-aluminio-empunadura-de-arena","27":"pa_material-de-las-ruedas-fundicion-de-pu-de-alto-rebote","28":"pa_max-user-weight-100-kg","29":"pa_peso-del-producto-neto-5-48-kg","30":"pa_plegable-si","31":"pa_product-badges-ajustable","32":"pa_product-badges-autonomo","33":"pa_product-badges-freno-de-mano","34":"pa_product-badges-plegable","35":"pa_product-badges-vintage","36":"pa_product-categories-scooters-para-ninos","37":"pa_recommended-user-height-120-200-cm","38":"pa_t-bar-heights-98-103-108cm-desde-el-suelo","39":"pa_wheels-size-205-mm-30-mm-de-ancho-delantera","40":"pa_wheels-size-205-mm-30-mm-de-ancho-trasera","42":"first","43":"instock","44":"taxable","45":"shipping-taxable","46":"purchasable","47":"product-type-variable"},"acf":[],"yoast_head":"<!-- This site is optimized with the Yoast SEO Premium plugin v20.12 (Yoast SEO v23.4) - https:\/\/yoast.com\/wordpress\/plugins\/seo\/ -->\n<title>2-Wheel Scooter with Suspension: NL 205 DELUXE \u2013 Globber<\/title>\n<meta name=\"description\" content=\"Get scooting in trendy, vintage-designed rides! NL 205 DELUXE is a big wheel scooter built for the cool kids to get around faster, safer, and in style.\" \/>\n<meta name=\"robots\" content=\"index, follow, max-snippet:-1, max-image-preview:large, max-video-preview:-1\" \/>\n<link rel=\"canonical\" href=\"https:\/\/www.globber.com\/pa\/product\/nl-205-deluxe\/\" \/>\n<meta property=\"og:locale\" content=\"es_ES\" \/>\n<meta property=\"og:type\" content=\"article\" \/>\n<meta property=\"og:title\" content=\"2-Wheel Scooter with Suspension: NL 205 DELUXE \u2013 Globber\" \/>\n<meta property=\"og:description\" content=\"Get scooting in trendy, vintage-designed rides! NL 205 DELUXE is a big wheel scooter built for the cool kids to get around faster, safer, and in style.\" \/>\n<meta property=\"og:url\" content=\"https:\/\/www.globber.com\/pa\/product\/nl-205-deluxe\/\" \/>\n<meta property=\"og:site_name\" content=\"Globber Panam\u00e1\" \/>\n<meta property=\"article:modified_time\" content=\"2025-03-15T16:56:43+00:00\" \/>\n<meta property=\"og:image\" content=\"https:\/\/cdn.globber.com\/content\/2022\/11\/6383b060a981a.jpg\" \/>\n\t<meta property=\"og:image:width\" content=\"1920\" \/>\n\t<meta property=\"og:image:height\" content=\"1920\" \/>\n\t<meta property=\"og:image:type\" content=\"image\/jpeg\" \/>\n<meta name=\"twitter:card\" content=\"summary_large_image\" \/>\n<meta name=\"twitter:label1\" content=\"Availability\" \/>\n\t<meta name=\"twitter:data1\" content=\"In stock\" \/>\n<script type=\"application\/ld+json\" class=\"yoast-schema-graph\">{\"@context\":\"https:\/\/schema.org\",\"@graph\":[{\"@type\":[\"WebPage\",\"ItemPage\"],\"@id\":\"https:\/\/www.globber.com\/pa\/product\/nl-205-deluxe\/\",\"url\":\"https:\/\/www.globber.com\/pa\/product\/nl-205-deluxe\/\",\"name\":\"2-Wheel Scooter with Suspension: NL 205 DELUXE \u2013 Globber\",\"isPartOf\":{\"@id\":\"https:\/\/www.globber.com\/pa\/#website\"},\"primaryImageOfPage\":{\"@id\":\"https:\/\/www.globber.com\/pa\/product\/nl-205-deluxe\/#primaryimage\"},\"image\":{\"@id\":\"https:\/\/www.globber.com\/pa\/product\/nl-205-deluxe\/#primaryimage\"},\"thumbnailUrl\":\"https:\/\/cdn.globber.com\/content\/2022\/11\/6383b060a981a.jpg\",\"datePublished\":\"2022-11-28T14:09:29+00:00\",\"dateModified\":\"2025-03-15T16:56:43+00:00\",\"description\":\"Get scooting in trendy, vintage-designed rides! NL 205 DELUXE is a big wheel scooter built for the cool kids to get around faster, safer, and in style.\",\"breadcrumb\":{\"@id\":\"https:\/\/www.globber.com\/pa\/product\/nl-205-deluxe\/#breadcrumb\"},\"inLanguage\":\"es\",\"potentialAction\":[{\"@type\":\"ReadAction\",\"target\":[\"https:\/\/www.globber.com\/pa\/product\/nl-205-deluxe\/\"]}]},{\"@type\":\"ImageObject\",\"inLanguage\":\"es\",\"@id\":\"https:\/\/www.globber.com\/pa\/product\/nl-205-deluxe\/#primaryimage\",\"url\":\"https:\/\/cdn.globber.com\/content\/2022\/11\/6383b060a981a.jpg\",\"contentUrl\":\"https:\/\/cdn.globber.com\/content\/2022\/11\/6383b060a981a.jpg\",\"width\":1920,\"height\":1920},{\"@type\":\"BreadcrumbList\",\"@id\":\"https:\/\/www.globber.com\/pa\/product\/nl-205-deluxe\/#breadcrumb\",\"itemListElement\":[{\"@type\":\"ListItem\",\"position\":1,\"name\":\"Todos los productos\",\"item\":\"https:\/\/www.globber.com\/pa\/comprar-por-producto\/\"},{\"@type\":\"ListItem\",\"position\":2,\"name\":\"NL 205 DELUXE\"}]},{\"@type\":\"WebSite\",\"@id\":\"https:\/\/www.globber.com\/pa\/#website\",\"url\":\"https:\/\/www.globber.com\/pa\/\",\"name\":\"Globber Panam\u00e1\",\"description\":\"Globber - El Mundo Sobre Ruedas\",\"publisher\":{\"@id\":\"https:\/\/www.globber.com\/pa\/#organization\"},\"potentialAction\":[{\"@type\":\"SearchAction\",\"target\":{\"@type\":\"EntryPoint\",\"urlTemplate\":\"https:\/\/www.globber.com\/pa\/?s={search_term_string}\"},\"query-input\":{\"@type\":\"PropertyValueSpecification\",\"valueRequired\":true,\"valueName\":\"search_term_string\"}}],\"inLanguage\":\"es\"},{\"@type\":\"Organization\",\"@id\":\"https:\/\/www.globber.com\/pa\/#organization\",\"name\":\"Globber Panam\u00e1\",\"url\":\"https:\/\/www.globber.com\/pa\/\",\"logo\":{\"@type\":\"ImageObject\",\"inLanguage\":\"es\",\"@id\":\"https:\/\/www.globber.com\/pa\/#\/schema\/logo\/image\/\",\"url\":\"https:\/\/cdn.globber.com\/content\/2024\/05\/logo.svg\",\"contentUrl\":\"https:\/\/cdn.globber.com\/content\/2024\/05\/logo.svg\",\"width\":601,\"height\":112,\"caption\":\"Globber Panam\u00e1\"},\"image\":{\"@id\":\"https:\/\/www.globber.com\/pa\/#\/schema\/logo\/image\/\"}}]}<\/script>\n<meta property=\"og:availability\" content=\"instock\" \/>\n<meta property=\"product:availability\" content=\"instock\" \/>\n<meta property=\"product:retailer_item_id\" content=\"685-xxx\" \/>\n<meta property=\"product:condition\" content=\"new\" \/>\n<!-- \/ Yoast SEO Premium plugin. -->","yoast_head_json":{"title":"2-Wheel Scooter with Suspension: NL 205 DELUXE \u2013 Globber","description":"Get scooting in trendy, vintage-designed rides! NL 205 DELUXE is a big wheel scooter built for the cool kids to get around faster, safer, and in style.","robots":{"index":"index","follow":"follow","max-snippet":"max-snippet:-1","max-image-preview":"max-image-preview:large","max-video-preview":"max-video-preview:-1"},"canonical":"https:\/\/www.globber.com\/pa\/product\/nl-205-deluxe\/","og_locale":"es_ES","og_type":"article","og_title":"2-Wheel Scooter with Suspension: NL 205 DELUXE \u2013 Globber","og_description":"Get scooting in trendy, vintage-designed rides! NL 205 DELUXE is a big wheel scooter built for the cool kids to get around faster, safer, and in style.","og_url":"https:\/\/www.globber.com\/pa\/product\/nl-205-deluxe\/","og_site_name":"Globber Panam\u00e1","article_modified_time":"2025-03-15T16:56:43+00:00","og_image":[{"width":1920,"height":1920,"url":"https:\/\/cdn.globber.com\/content\/2022\/11\/6383b060a981a.jpg","type":"image\/jpeg"}],"twitter_card":"summary_large_image","twitter_misc":{"Availability":"In stock"},"schema":{"@context":"https:\/\/schema.org","@graph":[{"@type":["WebPage","ItemPage"],"@id":"https:\/\/www.globber.com\/pa\/product\/nl-205-deluxe\/","url":"https:\/\/www.globber.com\/pa\/product\/nl-205-deluxe\/","name":"2-Wheel Scooter with Suspension: NL 205 DELUXE \u2013 Globber","isPartOf":{"@id":"https:\/\/www.globber.com\/pa\/#website"},"primaryImageOfPage":{"@id":"https:\/\/www.globber.com\/pa\/product\/nl-205-deluxe\/#primaryimage"},"image":{"@id":"https:\/\/www.globber.com\/pa\/product\/nl-205-deluxe\/#primaryimage"},"thumbnailUrl":"https:\/\/cdn.globber.com\/content\/2022\/11\/6383b060a981a.jpg","datePublished":"2022-11-28T14:09:29+00:00","dateModified":"2025-03-15T16:56:43+00:00","description":"Get scooting in trendy, vintage-designed rides! NL 205 DELUXE is a big wheel scooter built for the cool kids to get around faster, safer, and in style.","breadcrumb":{"@id":"https:\/\/www.globber.com\/pa\/product\/nl-205-deluxe\/#breadcrumb"},"inLanguage":"es","potentialAction":[{"@type":"ReadAction","target":["https:\/\/www.globber.com\/pa\/product\/nl-205-deluxe\/"]}]},{"@type":"ImageObject","inLanguage":"es","@id":"https:\/\/www.globber.com\/pa\/product\/nl-205-deluxe\/#primaryimage","url":"https:\/\/cdn.globber.com\/content\/2022\/11\/6383b060a981a.jpg","contentUrl":"https:\/\/cdn.globber.com\/content\/2022\/11\/6383b060a981a.jpg","width":1920,"height":1920},{"@type":"BreadcrumbList","@id":"https:\/\/www.globber.com\/pa\/product\/nl-205-deluxe\/#breadcrumb","itemListElement":[{"@type":"ListItem","position":1,"name":"Todos los productos","item":"https:\/\/www.globber.com\/pa\/comprar-por-producto\/"},{"@type":"ListItem","position":2,"name":"NL 205 DELUXE"}]},{"@type":"WebSite","@id":"https:\/\/www.globber.com\/pa\/#website","url":"https:\/\/www.globber.com\/pa\/","name":"Globber Panam\u00e1","description":"Globber - El Mundo Sobre Ruedas","publisher":{"@id":"https:\/\/www.globber.com\/pa\/#organization"},"potentialAction":[{"@type":"SearchAction","target":{"@type":"EntryPoint","urlTemplate":"https:\/\/www.globber.com\/pa\/?s={search_term_string}"},"query-input":{"@type":"PropertyValueSpecification","valueRequired":true,"valueName":"search_term_string"}}],"inLanguage":"es"},{"@type":"Organization","@id":"https:\/\/www.globber.com\/pa\/#organization","name":"Globber Panam\u00e1","url":"https:\/\/www.globber.com\/pa\/","logo":{"@type":"ImageObject","inLanguage":"es","@id":"https:\/\/www.globber.com\/pa\/#\/schema\/logo\/image\/","url":"https:\/\/cdn.globber.com\/content\/2024\/05\/logo.svg","contentUrl":"https:\/\/cdn.globber.com\/content\/2024\/05\/logo.svg","width":601,"height":112,"caption":"Globber Panam\u00e1"},"image":{"@id":"https:\/\/www.globber.com\/pa\/#\/schema\/logo\/image\/"}}]},"og_availability":"instock","product_availability":"instock","product_retailer_item_id":"685-xxx","product_condition":"new"},"_links":{"self":[{"href":"https:\/\/www.globber.com\/pa\/wp-json\/wp\/v2\/product\/6021","targetHints":{"allow":["GET"]}}],"collection":[{"href":"https:\/\/www.globber.com\/pa\/wp-json\/wp\/v2\/product"}],"about":[{"href":"https:\/\/www.globber.com\/pa\/wp-json\/wp\/v2\/types\/product"}],"replies":[{"embeddable":true,"href":"https:\/\/www.globber.com\/pa\/wp-json\/wp\/v2\/comments?post=6021"}],"wp:featuredmedia":[{"embeddable":true,"href":"https:\/\/www.globber.com\/pa\/wp-json\/wp\/v2\/media\/5147"}],"wp:attachment":[{"href":"https:\/\/www.globber.com\/pa\/wp-json\/wp\/v2\/media?parent=6021"}],"wp:term":[{"taxonomy":"product-special-badges","embeddable":true,"href":"https:\/\/www.globber.com\/pa\/wp-json\/wp\/v2\/product-special-badges?post=6021"},{"taxonomy":"product_brand","embeddable":true,"href":"https:\/\/www.globber.com\/pa\/wp-json\/wp\/v2\/product_brand?post=6021"},{"taxonomy":"product_cat","embeddable":true,"href":"https:\/\/www.globber.com\/pa\/wp-json\/wp\/v2\/product_cat?post=6021"},{"taxonomy":"product_tag","embeddable":true,"href":"https:\/\/www.globber.com\/pa\/wp-json\/wp\/v2\/product_tag?post=6021"}],"curies":[{"name":"wp","href":"https:\/\/api.w.org\/{rel}","templated":true}]}}