{"id":6114,"date":"2022-11-28T14:13:23","date_gmt":"2022-11-28T14:13:23","guid":{"rendered":"https:\/\/staging.globberscooter.com\/pa\/product\/toddler-gloves\/"},"modified":"2025-03-15T08:54:12","modified_gmt":"2025-03-15T13:54:12","slug":"toddler-gloves","status":"publish","type":"product","link":"https:\/\/www.globber.com\/pa\/product\/toddler-gloves\/","title":{"rendered":"GUANTES PARA NI\u00d1OS"},"content":{"rendered":"<ul>\n<li>Guantes para ni\u00f1os peque\u00f1os fabricados en lycra, terciopelo y espuma suave.<\/li>\n<li>Disponibles en XXS para ni\u00f1os a partir de 2 a\u00f1os en dise\u00f1os estampados exclusivos.<\/li>\n<li>Protecci\u00f3n extra acolchada con correas de velcro para una m\u00e1xima protecci\u00f3n y comodidad.<\/li>\n<\/ul>\n<p>*Agrega los <strong>protectores para ni\u00f1os<\/strong> (coderas y rodilleras) y completa el set perfecto.<\/p>\n","protected":false},"excerpt":{"rendered":"<p><strong>M\u00e1xima protecci\u00f3n y comodidad<\/strong><\/p>\n","protected":false},"featured_media":6942,"comment_status":"open","ping_status":"closed","template":"","meta":{"_acf_changed":false,"inline_featured_image":false},"product-special-badges":[],"product_brand":[],"product_cat":[593],"product_tag":[3664],"class_list":{"0":"post-6114","1":"product","2":"type-product","3":"status-publish","4":"has-post-thumbnail","6":"product-badges-safe","7":"product-badges-stylish","8":"product-badges-comfortable","9":"product_cat-equipo-de-proteccion","10":"product_tag-import","11":"pa_color-azul-marino","12":"pa_color-fucsia","13":"pa_color-rojo","14":"pa_color-rosa","15":"pa_ean-3499","16":"pa_ean-3500","17":"pa_ean-3501","18":"pa_ean-3826","19":"pa_product-badges-comodo","20":"pa_product-badges-con-estilo","21":"pa_product-badges-seguro","22":"pa_product-categories-equipos-de-proteccion-cascos-rodilleras-y-coderas","24":"first","25":"instock","26":"taxable","27":"shipping-taxable","28":"purchasable","29":"product-type-variable"},"acf":[],"yoast_head":"<!-- This site is optimized with the Yoast SEO Premium plugin v20.12 (Yoast SEO v23.4) - https:\/\/yoast.com\/wordpress\/plugins\/seo\/ -->\n<title>Scooter Gloves: TODDLER GLOVES \u2013 Globber<\/title>\n<meta name=\"description\" content=\"Get your hands on a set of scooter gloves with comfy pads to protect your little one&#039;s hands from injuries. Printed designs available for extra style. Find out more!\" \/>\n<meta name=\"robots\" content=\"index, follow, max-snippet:-1, max-image-preview:large, max-video-preview:-1\" \/>\n<link rel=\"canonical\" href=\"https:\/\/www.globber.com\/pa\/product\/toddler-gloves\/\" \/>\n<meta property=\"og:locale\" content=\"es_ES\" \/>\n<meta property=\"og:type\" content=\"article\" \/>\n<meta property=\"og:title\" content=\"Scooter Gloves: TODDLER GLOVES \u2013 Globber\" \/>\n<meta property=\"og:description\" content=\"Get your hands on a set of scooter gloves with comfy pads to protect your little one&#039;s hands from injuries. Printed designs available for extra style. Find out more!\" \/>\n<meta property=\"og:url\" content=\"https:\/\/www.globber.com\/pa\/product\/toddler-gloves\/\" \/>\n<meta property=\"og:site_name\" content=\"Globber Panam\u00e1\" \/>\n<meta property=\"article:modified_time\" content=\"2025-03-15T13:54:12+00:00\" \/>\n<meta property=\"og:image\" content=\"https:\/\/cdn.globber.com\/content\/2022\/11\/528-102_Toddler-gloves-racing-red.jpg\" \/>\n\t<meta property=\"og:image:width\" content=\"1920\" \/>\n\t<meta property=\"og:image:height\" content=\"1920\" \/>\n\t<meta property=\"og:image:type\" content=\"image\/jpeg\" \/>\n<meta name=\"twitter:card\" content=\"summary_large_image\" \/>\n<meta name=\"twitter:label1\" content=\"Availability\" \/>\n\t<meta name=\"twitter:data1\" content=\"In stock\" \/>\n<script type=\"application\/ld+json\" class=\"yoast-schema-graph\">{\"@context\":\"https:\/\/schema.org\",\"@graph\":[{\"@type\":[\"WebPage\",\"ItemPage\"],\"@id\":\"https:\/\/www.globber.com\/pa\/product\/toddler-gloves\/\",\"url\":\"https:\/\/www.globber.com\/pa\/product\/toddler-gloves\/\",\"name\":\"Scooter Gloves: TODDLER GLOVES \u2013 Globber\",\"isPartOf\":{\"@id\":\"https:\/\/www.globber.com\/pa\/#website\"},\"primaryImageOfPage\":{\"@id\":\"https:\/\/www.globber.com\/pa\/product\/toddler-gloves\/#primaryimage\"},\"image\":{\"@id\":\"https:\/\/www.globber.com\/pa\/product\/toddler-gloves\/#primaryimage\"},\"thumbnailUrl\":\"https:\/\/cdn.globber.com\/content\/2022\/11\/528-102_Toddler-gloves-racing-red.jpg\",\"datePublished\":\"2022-11-28T14:13:23+00:00\",\"dateModified\":\"2025-03-15T13:54:12+00:00\",\"description\":\"Get your hands on a set of scooter gloves with comfy pads to protect your little one's hands from injuries. Printed designs available for extra style. Find out more!\",\"breadcrumb\":{\"@id\":\"https:\/\/www.globber.com\/pa\/product\/toddler-gloves\/#breadcrumb\"},\"inLanguage\":\"es\",\"potentialAction\":[{\"@type\":\"ReadAction\",\"target\":[\"https:\/\/www.globber.com\/pa\/product\/toddler-gloves\/\"]}]},{\"@type\":\"ImageObject\",\"inLanguage\":\"es\",\"@id\":\"https:\/\/www.globber.com\/pa\/product\/toddler-gloves\/#primaryimage\",\"url\":\"https:\/\/cdn.globber.com\/content\/2022\/11\/528-102_Toddler-gloves-racing-red.jpg\",\"contentUrl\":\"https:\/\/cdn.globber.com\/content\/2022\/11\/528-102_Toddler-gloves-racing-red.jpg\",\"width\":1920,\"height\":1920},{\"@type\":\"BreadcrumbList\",\"@id\":\"https:\/\/www.globber.com\/pa\/product\/toddler-gloves\/#breadcrumb\",\"itemListElement\":[{\"@type\":\"ListItem\",\"position\":1,\"name\":\"Todos los productos\",\"item\":\"https:\/\/www.globber.com\/pa\/comprar-por-producto\/\"},{\"@type\":\"ListItem\",\"position\":2,\"name\":\"GUANTES PARA NI\u00d1OS\"}]},{\"@type\":\"WebSite\",\"@id\":\"https:\/\/www.globber.com\/pa\/#website\",\"url\":\"https:\/\/www.globber.com\/pa\/\",\"name\":\"Globber Panam\u00e1\",\"description\":\"Globber - El Mundo Sobre Ruedas\",\"publisher\":{\"@id\":\"https:\/\/www.globber.com\/pa\/#organization\"},\"potentialAction\":[{\"@type\":\"SearchAction\",\"target\":{\"@type\":\"EntryPoint\",\"urlTemplate\":\"https:\/\/www.globber.com\/pa\/?s={search_term_string}\"},\"query-input\":{\"@type\":\"PropertyValueSpecification\",\"valueRequired\":true,\"valueName\":\"search_term_string\"}}],\"inLanguage\":\"es\"},{\"@type\":\"Organization\",\"@id\":\"https:\/\/www.globber.com\/pa\/#organization\",\"name\":\"Globber Panam\u00e1\",\"url\":\"https:\/\/www.globber.com\/pa\/\",\"logo\":{\"@type\":\"ImageObject\",\"inLanguage\":\"es\",\"@id\":\"https:\/\/www.globber.com\/pa\/#\/schema\/logo\/image\/\",\"url\":\"https:\/\/cdn.globber.com\/content\/2024\/05\/logo.svg\",\"contentUrl\":\"https:\/\/cdn.globber.com\/content\/2024\/05\/logo.svg\",\"width\":601,\"height\":112,\"caption\":\"Globber Panam\u00e1\"},\"image\":{\"@id\":\"https:\/\/www.globber.com\/pa\/#\/schema\/logo\/image\/\"}}]}<\/script>\n<meta property=\"og:availability\" content=\"instock\" \/>\n<meta property=\"product:availability\" content=\"instock\" \/>\n<meta property=\"product:retailer_item_id\" content=\"528-xxx\" \/>\n<meta property=\"product:condition\" content=\"new\" \/>\n<!-- \/ Yoast SEO Premium plugin. -->","yoast_head_json":{"title":"Scooter Gloves: TODDLER GLOVES \u2013 Globber","description":"Get your hands on a set of scooter gloves with comfy pads to protect your little one's hands from injuries. Printed designs available for extra style. Find out more!","robots":{"index":"index","follow":"follow","max-snippet":"max-snippet:-1","max-image-preview":"max-image-preview:large","max-video-preview":"max-video-preview:-1"},"canonical":"https:\/\/www.globber.com\/pa\/product\/toddler-gloves\/","og_locale":"es_ES","og_type":"article","og_title":"Scooter Gloves: TODDLER GLOVES \u2013 Globber","og_description":"Get your hands on a set of scooter gloves with comfy pads to protect your little one's hands from injuries. Printed designs available for extra style. Find out more!","og_url":"https:\/\/www.globber.com\/pa\/product\/toddler-gloves\/","og_site_name":"Globber Panam\u00e1","article_modified_time":"2025-03-15T13:54:12+00:00","og_image":[{"width":1920,"height":1920,"url":"https:\/\/cdn.globber.com\/content\/2022\/11\/528-102_Toddler-gloves-racing-red.jpg","type":"image\/jpeg"}],"twitter_card":"summary_large_image","twitter_misc":{"Availability":"In stock"},"schema":{"@context":"https:\/\/schema.org","@graph":[{"@type":["WebPage","ItemPage"],"@id":"https:\/\/www.globber.com\/pa\/product\/toddler-gloves\/","url":"https:\/\/www.globber.com\/pa\/product\/toddler-gloves\/","name":"Scooter Gloves: TODDLER GLOVES \u2013 Globber","isPartOf":{"@id":"https:\/\/www.globber.com\/pa\/#website"},"primaryImageOfPage":{"@id":"https:\/\/www.globber.com\/pa\/product\/toddler-gloves\/#primaryimage"},"image":{"@id":"https:\/\/www.globber.com\/pa\/product\/toddler-gloves\/#primaryimage"},"thumbnailUrl":"https:\/\/cdn.globber.com\/content\/2022\/11\/528-102_Toddler-gloves-racing-red.jpg","datePublished":"2022-11-28T14:13:23+00:00","dateModified":"2025-03-15T13:54:12+00:00","description":"Get your hands on a set of scooter gloves with comfy pads to protect your little one's hands from injuries. Printed designs available for extra style. Find out more!","breadcrumb":{"@id":"https:\/\/www.globber.com\/pa\/product\/toddler-gloves\/#breadcrumb"},"inLanguage":"es","potentialAction":[{"@type":"ReadAction","target":["https:\/\/www.globber.com\/pa\/product\/toddler-gloves\/"]}]},{"@type":"ImageObject","inLanguage":"es","@id":"https:\/\/www.globber.com\/pa\/product\/toddler-gloves\/#primaryimage","url":"https:\/\/cdn.globber.com\/content\/2022\/11\/528-102_Toddler-gloves-racing-red.jpg","contentUrl":"https:\/\/cdn.globber.com\/content\/2022\/11\/528-102_Toddler-gloves-racing-red.jpg","width":1920,"height":1920},{"@type":"BreadcrumbList","@id":"https:\/\/www.globber.com\/pa\/product\/toddler-gloves\/#breadcrumb","itemListElement":[{"@type":"ListItem","position":1,"name":"Todos los productos","item":"https:\/\/www.globber.com\/pa\/comprar-por-producto\/"},{"@type":"ListItem","position":2,"name":"GUANTES PARA NI\u00d1OS"}]},{"@type":"WebSite","@id":"https:\/\/www.globber.com\/pa\/#website","url":"https:\/\/www.globber.com\/pa\/","name":"Globber Panam\u00e1","description":"Globber - El Mundo Sobre Ruedas","publisher":{"@id":"https:\/\/www.globber.com\/pa\/#organization"},"potentialAction":[{"@type":"SearchAction","target":{"@type":"EntryPoint","urlTemplate":"https:\/\/www.globber.com\/pa\/?s={search_term_string}"},"query-input":{"@type":"PropertyValueSpecification","valueRequired":true,"valueName":"search_term_string"}}],"inLanguage":"es"},{"@type":"Organization","@id":"https:\/\/www.globber.com\/pa\/#organization","name":"Globber Panam\u00e1","url":"https:\/\/www.globber.com\/pa\/","logo":{"@type":"ImageObject","inLanguage":"es","@id":"https:\/\/www.globber.com\/pa\/#\/schema\/logo\/image\/","url":"https:\/\/cdn.globber.com\/content\/2024\/05\/logo.svg","contentUrl":"https:\/\/cdn.globber.com\/content\/2024\/05\/logo.svg","width":601,"height":112,"caption":"Globber Panam\u00e1"},"image":{"@id":"https:\/\/www.globber.com\/pa\/#\/schema\/logo\/image\/"}}]},"og_availability":"instock","product_availability":"instock","product_retailer_item_id":"528-xxx","product_condition":"new"},"_links":{"self":[{"href":"https:\/\/www.globber.com\/pa\/wp-json\/wp\/v2\/product\/6114","targetHints":{"allow":["GET"]}}],"collection":[{"href":"https:\/\/www.globber.com\/pa\/wp-json\/wp\/v2\/product"}],"about":[{"href":"https:\/\/www.globber.com\/pa\/wp-json\/wp\/v2\/types\/product"}],"replies":[{"embeddable":true,"href":"https:\/\/www.globber.com\/pa\/wp-json\/wp\/v2\/comments?post=6114"}],"wp:featuredmedia":[{"embeddable":true,"href":"https:\/\/www.globber.com\/pa\/wp-json\/wp\/v2\/media\/6942"}],"wp:attachment":[{"href":"https:\/\/www.globber.com\/pa\/wp-json\/wp\/v2\/media?parent=6114"}],"wp:term":[{"taxonomy":"product-special-badges","embeddable":true,"href":"https:\/\/www.globber.com\/pa\/wp-json\/wp\/v2\/product-special-badges?post=6114"},{"taxonomy":"product_brand","embeddable":true,"href":"https:\/\/www.globber.com\/pa\/wp-json\/wp\/v2\/product_brand?post=6114"},{"taxonomy":"product_cat","embeddable":true,"href":"https:\/\/www.globber.com\/pa\/wp-json\/wp\/v2\/product_cat?post=6114"},{"taxonomy":"product_tag","embeddable":true,"href":"https:\/\/www.globber.com\/pa\/wp-json\/wp\/v2\/product_tag?post=6114"}],"curies":[{"name":"wp","href":"https:\/\/api.w.org\/{rel}","templated":true}]}}