{"id":6132,"date":"2022-11-28T14:14:05","date_gmt":"2022-11-28T14:14:05","guid":{"rendered":"https:\/\/staging.globberscooter.com\/pa\/product\/mini-buzzer\/"},"modified":"2025-03-14T17:20:10","modified_gmt":"2025-03-14T22:20:10","slug":"mini-buzzer","status":"publish","type":"product","link":"https:\/\/www.globber.com\/pa\/product\/mini-buzzer\/","title":{"rendered":"MINI BUZZER"},"content":{"rendered":"<p>\u00bfQu\u00e9 hace que nuestra bocina y luz LED para scooter sean \u00fanicos? Nuestro MINI BUZZER permite a tus hijos personalizar el claxon gracias a los 15 sonidos diferentes que incorpora, \u00a1haciendo que cada paseo sea m\u00e1s divertido y emocionante!.<\/p>\n<p>*Entre los sonidos disponibles encontrar\u00e1s timbre de bicicleta, fuegos artificiales, dixie horn, bocina cl\u00e1sica, l\u00e1ser, alfombra m\u00e1gica, hechizo m\u00e1gico, trompeta antigua, coche de polic\u00eda, coche de carreras, marcha atr\u00e1s de cami\u00f3n, tren, lobo y m\u00e1s.<\/p>\n","protected":false},"excerpt":{"rendered":"<p><b>Para un toque especial y seguro a tu scooter<\/b><\/p>\n","protected":false},"featured_media":5096,"comment_status":"open","ping_status":"closed","template":"","meta":{"_acf_changed":false,"inline_featured_image":false},"product-special-badges":[],"product_brand":[],"product_cat":[601],"product_tag":[3664],"class_list":{"0":"post-6132","1":"product","2":"type-product","3":"status-publish","4":"has-post-thumbnail","6":"product-badges-led","7":"product-badges-built-in-sound","8":"product-badges-easy-to-fit","9":"product_cat-accesorios-para-scooters","10":"product_tag-import","11":"pa_color-azul-marino","12":"pa_color-negro","13":"pa_color-rosa","14":"pa_color-verde-limon","15":"pa_ean-3515","16":"pa_ean-3516","17":"pa_ean-3517","18":"pa_ean-3518","19":"pa_product-badges-facil-de-colocar","20":"pa_product-badges-led","21":"pa_product-badges-sonido-integrado","22":"pa_product-categories-accesorios-para-scooters","24":"first","25":"instock","26":"taxable","27":"shipping-taxable","28":"purchasable","29":"product-type-variable"},"acf":[],"yoast_head":"<!-- This site is optimized with the Yoast SEO Premium plugin v20.12 (Yoast SEO v23.4) - https:\/\/yoast.com\/wordpress\/plugins\/seo\/ -->\n<title>Scooter Horn: MINI BUZZER \u2013 Globber<\/title>\n<meta name=\"description\" content=\"Pick your favourite sound! With 15 sounds built into this scooter horn, your kids can enjoy a fun playtime!\" \/>\n<meta name=\"robots\" content=\"index, follow, max-snippet:-1, max-image-preview:large, max-video-preview:-1\" \/>\n<link rel=\"canonical\" href=\"https:\/\/www.globber.com\/pa\/product\/mini-buzzer\/\" \/>\n<meta property=\"og:locale\" content=\"es_ES\" \/>\n<meta property=\"og:type\" content=\"article\" \/>\n<meta property=\"og:title\" content=\"Scooter Horn: MINI BUZZER \u2013 Globber\" \/>\n<meta property=\"og:description\" content=\"Pick your favourite sound! With 15 sounds built into this scooter horn, your kids can enjoy a fun playtime!\" \/>\n<meta property=\"og:url\" content=\"https:\/\/www.globber.com\/pa\/product\/mini-buzzer\/\" \/>\n<meta property=\"og:site_name\" content=\"Globber Panam\u00e1\" \/>\n<meta property=\"article:modified_time\" content=\"2025-03-14T22:20:10+00:00\" \/>\n<meta property=\"og:image\" content=\"https:\/\/cdn.globber.com\/content\/2022\/11\/6383aec93585c.jpg\" \/>\n\t<meta property=\"og:image:width\" content=\"1920\" \/>\n\t<meta property=\"og:image:height\" content=\"1920\" \/>\n\t<meta property=\"og:image:type\" content=\"image\/jpeg\" \/>\n<meta name=\"twitter:card\" content=\"summary_large_image\" \/>\n<meta name=\"twitter:label1\" content=\"Availability\" \/>\n\t<meta name=\"twitter:data1\" content=\"In stock\" \/>\n<script type=\"application\/ld+json\" class=\"yoast-schema-graph\">{\"@context\":\"https:\/\/schema.org\",\"@graph\":[{\"@type\":[\"WebPage\",\"ItemPage\"],\"@id\":\"https:\/\/www.globber.com\/pa\/product\/mini-buzzer\/\",\"url\":\"https:\/\/www.globber.com\/pa\/product\/mini-buzzer\/\",\"name\":\"Scooter Horn: MINI BUZZER \u2013 Globber\",\"isPartOf\":{\"@id\":\"https:\/\/www.globber.com\/pa\/#website\"},\"primaryImageOfPage\":{\"@id\":\"https:\/\/www.globber.com\/pa\/product\/mini-buzzer\/#primaryimage\"},\"image\":{\"@id\":\"https:\/\/www.globber.com\/pa\/product\/mini-buzzer\/#primaryimage\"},\"thumbnailUrl\":\"https:\/\/cdn.globber.com\/content\/2022\/11\/6383aec93585c.jpg\",\"datePublished\":\"2022-11-28T14:14:05+00:00\",\"dateModified\":\"2025-03-14T22:20:10+00:00\",\"description\":\"Pick your favourite sound! With 15 sounds built into this scooter horn, your kids can enjoy a fun playtime!\",\"breadcrumb\":{\"@id\":\"https:\/\/www.globber.com\/pa\/product\/mini-buzzer\/#breadcrumb\"},\"inLanguage\":\"es\",\"potentialAction\":[{\"@type\":\"ReadAction\",\"target\":[\"https:\/\/www.globber.com\/pa\/product\/mini-buzzer\/\"]}]},{\"@type\":\"ImageObject\",\"inLanguage\":\"es\",\"@id\":\"https:\/\/www.globber.com\/pa\/product\/mini-buzzer\/#primaryimage\",\"url\":\"https:\/\/cdn.globber.com\/content\/2022\/11\/6383aec93585c.jpg\",\"contentUrl\":\"https:\/\/cdn.globber.com\/content\/2022\/11\/6383aec93585c.jpg\",\"width\":1920,\"height\":1920},{\"@type\":\"BreadcrumbList\",\"@id\":\"https:\/\/www.globber.com\/pa\/product\/mini-buzzer\/#breadcrumb\",\"itemListElement\":[{\"@type\":\"ListItem\",\"position\":1,\"name\":\"Todos los productos\",\"item\":\"https:\/\/www.globber.com\/pa\/comprar-por-producto\/\"},{\"@type\":\"ListItem\",\"position\":2,\"name\":\"MINI BUZZER\"}]},{\"@type\":\"WebSite\",\"@id\":\"https:\/\/www.globber.com\/pa\/#website\",\"url\":\"https:\/\/www.globber.com\/pa\/\",\"name\":\"Globber Panam\u00e1\",\"description\":\"Globber - El Mundo Sobre Ruedas\",\"publisher\":{\"@id\":\"https:\/\/www.globber.com\/pa\/#organization\"},\"potentialAction\":[{\"@type\":\"SearchAction\",\"target\":{\"@type\":\"EntryPoint\",\"urlTemplate\":\"https:\/\/www.globber.com\/pa\/?s={search_term_string}\"},\"query-input\":{\"@type\":\"PropertyValueSpecification\",\"valueRequired\":true,\"valueName\":\"search_term_string\"}}],\"inLanguage\":\"es\"},{\"@type\":\"Organization\",\"@id\":\"https:\/\/www.globber.com\/pa\/#organization\",\"name\":\"Globber Panam\u00e1\",\"url\":\"https:\/\/www.globber.com\/pa\/\",\"logo\":{\"@type\":\"ImageObject\",\"inLanguage\":\"es\",\"@id\":\"https:\/\/www.globber.com\/pa\/#\/schema\/logo\/image\/\",\"url\":\"https:\/\/cdn.globber.com\/content\/2024\/05\/logo.svg\",\"contentUrl\":\"https:\/\/cdn.globber.com\/content\/2024\/05\/logo.svg\",\"width\":601,\"height\":112,\"caption\":\"Globber Panam\u00e1\"},\"image\":{\"@id\":\"https:\/\/www.globber.com\/pa\/#\/schema\/logo\/image\/\"}}]}<\/script>\n<meta property=\"og:availability\" content=\"instock\" \/>\n<meta property=\"product:availability\" content=\"instock\" \/>\n<meta property=\"product:retailer_item_id\" content=\"530-xxx\" \/>\n<meta property=\"product:condition\" content=\"new\" \/>\n<!-- \/ Yoast SEO Premium plugin. -->","yoast_head_json":{"title":"Scooter Horn: MINI BUZZER \u2013 Globber","description":"Pick your favourite sound! With 15 sounds built into this scooter horn, your kids can enjoy a fun playtime!","robots":{"index":"index","follow":"follow","max-snippet":"max-snippet:-1","max-image-preview":"max-image-preview:large","max-video-preview":"max-video-preview:-1"},"canonical":"https:\/\/www.globber.com\/pa\/product\/mini-buzzer\/","og_locale":"es_ES","og_type":"article","og_title":"Scooter Horn: MINI BUZZER \u2013 Globber","og_description":"Pick your favourite sound! With 15 sounds built into this scooter horn, your kids can enjoy a fun playtime!","og_url":"https:\/\/www.globber.com\/pa\/product\/mini-buzzer\/","og_site_name":"Globber Panam\u00e1","article_modified_time":"2025-03-14T22:20:10+00:00","og_image":[{"width":1920,"height":1920,"url":"https:\/\/cdn.globber.com\/content\/2022\/11\/6383aec93585c.jpg","type":"image\/jpeg"}],"twitter_card":"summary_large_image","twitter_misc":{"Availability":"In stock"},"schema":{"@context":"https:\/\/schema.org","@graph":[{"@type":["WebPage","ItemPage"],"@id":"https:\/\/www.globber.com\/pa\/product\/mini-buzzer\/","url":"https:\/\/www.globber.com\/pa\/product\/mini-buzzer\/","name":"Scooter Horn: MINI BUZZER \u2013 Globber","isPartOf":{"@id":"https:\/\/www.globber.com\/pa\/#website"},"primaryImageOfPage":{"@id":"https:\/\/www.globber.com\/pa\/product\/mini-buzzer\/#primaryimage"},"image":{"@id":"https:\/\/www.globber.com\/pa\/product\/mini-buzzer\/#primaryimage"},"thumbnailUrl":"https:\/\/cdn.globber.com\/content\/2022\/11\/6383aec93585c.jpg","datePublished":"2022-11-28T14:14:05+00:00","dateModified":"2025-03-14T22:20:10+00:00","description":"Pick your favourite sound! With 15 sounds built into this scooter horn, your kids can enjoy a fun playtime!","breadcrumb":{"@id":"https:\/\/www.globber.com\/pa\/product\/mini-buzzer\/#breadcrumb"},"inLanguage":"es","potentialAction":[{"@type":"ReadAction","target":["https:\/\/www.globber.com\/pa\/product\/mini-buzzer\/"]}]},{"@type":"ImageObject","inLanguage":"es","@id":"https:\/\/www.globber.com\/pa\/product\/mini-buzzer\/#primaryimage","url":"https:\/\/cdn.globber.com\/content\/2022\/11\/6383aec93585c.jpg","contentUrl":"https:\/\/cdn.globber.com\/content\/2022\/11\/6383aec93585c.jpg","width":1920,"height":1920},{"@type":"BreadcrumbList","@id":"https:\/\/www.globber.com\/pa\/product\/mini-buzzer\/#breadcrumb","itemListElement":[{"@type":"ListItem","position":1,"name":"Todos los productos","item":"https:\/\/www.globber.com\/pa\/comprar-por-producto\/"},{"@type":"ListItem","position":2,"name":"MINI BUZZER"}]},{"@type":"WebSite","@id":"https:\/\/www.globber.com\/pa\/#website","url":"https:\/\/www.globber.com\/pa\/","name":"Globber Panam\u00e1","description":"Globber - El Mundo Sobre Ruedas","publisher":{"@id":"https:\/\/www.globber.com\/pa\/#organization"},"potentialAction":[{"@type":"SearchAction","target":{"@type":"EntryPoint","urlTemplate":"https:\/\/www.globber.com\/pa\/?s={search_term_string}"},"query-input":{"@type":"PropertyValueSpecification","valueRequired":true,"valueName":"search_term_string"}}],"inLanguage":"es"},{"@type":"Organization","@id":"https:\/\/www.globber.com\/pa\/#organization","name":"Globber Panam\u00e1","url":"https:\/\/www.globber.com\/pa\/","logo":{"@type":"ImageObject","inLanguage":"es","@id":"https:\/\/www.globber.com\/pa\/#\/schema\/logo\/image\/","url":"https:\/\/cdn.globber.com\/content\/2024\/05\/logo.svg","contentUrl":"https:\/\/cdn.globber.com\/content\/2024\/05\/logo.svg","width":601,"height":112,"caption":"Globber Panam\u00e1"},"image":{"@id":"https:\/\/www.globber.com\/pa\/#\/schema\/logo\/image\/"}}]},"og_availability":"instock","product_availability":"instock","product_retailer_item_id":"530-xxx","product_condition":"new"},"_links":{"self":[{"href":"https:\/\/www.globber.com\/pa\/wp-json\/wp\/v2\/product\/6132","targetHints":{"allow":["GET"]}}],"collection":[{"href":"https:\/\/www.globber.com\/pa\/wp-json\/wp\/v2\/product"}],"about":[{"href":"https:\/\/www.globber.com\/pa\/wp-json\/wp\/v2\/types\/product"}],"replies":[{"embeddable":true,"href":"https:\/\/www.globber.com\/pa\/wp-json\/wp\/v2\/comments?post=6132"}],"wp:featuredmedia":[{"embeddable":true,"href":"https:\/\/www.globber.com\/pa\/wp-json\/wp\/v2\/media\/5096"}],"wp:attachment":[{"href":"https:\/\/www.globber.com\/pa\/wp-json\/wp\/v2\/media?parent=6132"}],"wp:term":[{"taxonomy":"product-special-badges","embeddable":true,"href":"https:\/\/www.globber.com\/pa\/wp-json\/wp\/v2\/product-special-badges?post=6132"},{"taxonomy":"product_brand","embeddable":true,"href":"https:\/\/www.globber.com\/pa\/wp-json\/wp\/v2\/product_brand?post=6132"},{"taxonomy":"product_cat","embeddable":true,"href":"https:\/\/www.globber.com\/pa\/wp-json\/wp\/v2\/product_cat?post=6132"},{"taxonomy":"product_tag","embeddable":true,"href":"https:\/\/www.globber.com\/pa\/wp-json\/wp\/v2\/product_tag?post=6132"}],"curies":[{"name":"wp","href":"https:\/\/api.w.org\/{rel}","templated":true}]}}