{"id":6157,"date":"2022-11-28T09:47:53","date_gmt":"2022-11-28T09:47:53","guid":{"rendered":"https:\/\/staging.globberscooter.com\/pa\/product\/e-motion-27\/"},"modified":"2025-03-18T12:14:53","modified_gmt":"2025-03-18T17:14:53","slug":"e-motion-27","status":"publish","type":"product","link":"https:\/\/www.globber.com\/pa\/product\/e-motion-27\/","title":{"rendered":"E-MOTION 27"},"content":{"rendered":"<p>Descubre la emoci\u00f3n de moverte en dos ruedas con un scooter el\u00e9ctrico PLEGABLE.<\/p>\n<p>\u00a1Prep\u00e1rate para aventuras electrizantes con el E-MOTION 27, un scooter el\u00e9ctrico plegable ideal para adolescentes y adultos (14+ a\u00f1os) que te acompa\u00f1ar\u00e1 en cada trayecto!<\/p>\n<p>Equipado con un potente motor, bater\u00eda de alta calidad, sistema de plegado patentado, acelerador intuitivo, base antideslizante, doble sistema de frenos, pantalla LCD en la barra T, timbre y luz ISO, el E-MOTION 27 es un e-scooter confiable, seguro y dise\u00f1ado para durar.<\/p>\n","protected":false},"excerpt":{"rendered":"<p><strong>Scooter el\u00e9ctrico plegable de 2 ruedas para adolescentes y adultos (mayores de 14 a\u00f1os)<\/strong><\/p>\n<p>&nbsp;<\/p>\n","protected":false},"featured_media":10627,"comment_status":"closed","ping_status":"closed","template":"","meta":{"_acf_changed":false,"inline_featured_image":false},"product-special-badges":[],"product_brand":[],"product_cat":[337,1692,1685,534],"product_tag":[3664],"class_list":{"0":"post-6157","1":"product","2":"type-product","3":"status-publish","4":"has-post-thumbnail","6":"product-badges-light-up","7":"product-badges-electric","8":"product-badges-dual-brake","9":"product-badges-anti-slip","10":"product-badges-foldable","11":"product_cat-scooters-electricos-para-todas-las-edades","12":"product_cat-scooters-de-2-ruedas-para-todas-las-edades","13":"product_cat-serie-e-motion","14":"product_cat-scooters-para-adultos","15":"product_tag-import","16":"pa_ajustable-no","17":"pa_battery-litio-36-v-78-ah","18":"pa_color-negro-titanio-2","19":"pa_deck-size-ancho-17-5-cm-x-largo-75-cm","20":"pa_ean-3293","21":"pa_edades-de-14-anos-hasta-adultos","22":"pa_frenos-e-abs-freno-de-disco-mecanico","23":"pa_material-de-cubierta-compuesto-pp-fibra-estructura-de-aluminio-cinta-de-agarre-de-silicona","24":"pa_material-de-las-ruedas-goma-de-alto-rebote","25":"pa_max-speed-modo-1-0-6-km-h-modo-2-0-18-km-h-modo-3-0-25-km-h","26":"pa_max-user-weight-100-kg","27":"pa_peso-del-producto-neto-13-00kg","28":"pa_plegable-si","29":"pa_potencia-del-motor-motor-sin-escobillas-de-350-w","30":"pa_product-badges-antideslizante","31":"pa_product-badges-doble-freno","32":"pa_product-badges-electrico","33":"pa_product-badges-iluminadas","34":"pa_product-badges-plegable","35":"pa_product-categories-scooters-electricos-para-todas-las-edades","36":"pa_rango-25-28km","37":"pa_recommended-user-height-160-200cm-2","38":"pa_t-bar-heights-113-desde-el-suelo","39":"pa_tipo-de-producto-scooter-electrico-de-2-ruedas","40":"pa_wheel-size-220-mm-50-mm-de-ancho-delantera","41":"pa_wheel-size-220-mm-50-mm-trasera","43":"first","44":"instock","45":"taxable","46":"shipping-taxable","47":"purchasable","48":"product-type-variable"},"acf":[],"yoast_head":"<!-- This site is optimized with the Yoast SEO Premium plugin v20.12 (Yoast SEO v23.4) - https:\/\/yoast.com\/wordpress\/plugins\/seo\/ -->\n<title>Electric Scooter for Adults: E-MOTION 27 \u2013 Globber<\/title>\n<meta name=\"description\" content=\"The coolest e-scooter for adults to cruise around! Discover a 2-wheel electric scooter for adults that keeps your rides safe and smooth in every adventure.\" \/>\n<meta name=\"robots\" content=\"index, follow, max-snippet:-1, max-image-preview:large, max-video-preview:-1\" \/>\n<link rel=\"canonical\" href=\"https:\/\/www.globber.com\/pa\/product\/e-motion-27\/\" \/>\n<meta property=\"og:locale\" content=\"es_ES\" \/>\n<meta property=\"og:type\" content=\"article\" \/>\n<meta property=\"og:title\" content=\"Electric Scooter for Adults: E-MOTION 27 \u2013 Globber\" \/>\n<meta property=\"og:description\" content=\"The coolest e-scooter for adults to cruise around! Discover a 2-wheel electric scooter for adults that keeps your rides safe and smooth in every adventure.\" \/>\n<meta property=\"og:url\" content=\"https:\/\/www.globber.com\/pa\/product\/e-motion-27\/\" \/>\n<meta property=\"og:site_name\" content=\"Globber Panam\u00e1\" \/>\n<meta property=\"article:modified_time\" content=\"2025-03-18T17:14:53+00:00\" \/>\n<meta property=\"og:image\" content=\"https:\/\/cdn.globber.com\/content\/2022\/11\/752-199_adult-electric-scooter.jpg\" \/>\n\t<meta property=\"og:image:width\" content=\"2048\" \/>\n\t<meta property=\"og:image:height\" content=\"2048\" \/>\n\t<meta property=\"og:image:type\" content=\"image\/jpeg\" \/>\n<meta name=\"twitter:card\" content=\"summary_large_image\" \/>\n<meta name=\"twitter:label1\" content=\"Availability\" \/>\n\t<meta name=\"twitter:data1\" content=\"In stock\" \/>\n<script type=\"application\/ld+json\" class=\"yoast-schema-graph\">{\"@context\":\"https:\/\/schema.org\",\"@graph\":[{\"@type\":[\"WebPage\",\"ItemPage\"],\"@id\":\"https:\/\/www.globber.com\/pa\/product\/e-motion-27\/\",\"url\":\"https:\/\/www.globber.com\/pa\/product\/e-motion-27\/\",\"name\":\"Electric Scooter for Adults: E-MOTION 27 \u2013 Globber\",\"isPartOf\":{\"@id\":\"https:\/\/www.globber.com\/pa\/#website\"},\"primaryImageOfPage\":{\"@id\":\"https:\/\/www.globber.com\/pa\/product\/e-motion-27\/#primaryimage\"},\"image\":{\"@id\":\"https:\/\/www.globber.com\/pa\/product\/e-motion-27\/#primaryimage\"},\"thumbnailUrl\":\"https:\/\/cdn.globber.com\/content\/2022\/11\/752-199_adult-electric-scooter.jpg\",\"datePublished\":\"2022-11-28T09:47:53+00:00\",\"dateModified\":\"2025-03-18T17:14:53+00:00\",\"description\":\"The coolest e-scooter for adults to cruise around! Discover a 2-wheel electric scooter for adults that keeps your rides safe and smooth in every adventure.\",\"breadcrumb\":{\"@id\":\"https:\/\/www.globber.com\/pa\/product\/e-motion-27\/#breadcrumb\"},\"inLanguage\":\"es\",\"potentialAction\":[{\"@type\":\"ReadAction\",\"target\":[\"https:\/\/www.globber.com\/pa\/product\/e-motion-27\/\"]}]},{\"@type\":\"ImageObject\",\"inLanguage\":\"es\",\"@id\":\"https:\/\/www.globber.com\/pa\/product\/e-motion-27\/#primaryimage\",\"url\":\"https:\/\/cdn.globber.com\/content\/2022\/11\/752-199_adult-electric-scooter.jpg\",\"contentUrl\":\"https:\/\/cdn.globber.com\/content\/2022\/11\/752-199_adult-electric-scooter.jpg\",\"width\":2048,\"height\":2048},{\"@type\":\"BreadcrumbList\",\"@id\":\"https:\/\/www.globber.com\/pa\/product\/e-motion-27\/#breadcrumb\",\"itemListElement\":[{\"@type\":\"ListItem\",\"position\":1,\"name\":\"Todos los productos\",\"item\":\"https:\/\/www.globber.com\/pa\/comprar-por-producto\/\"},{\"@type\":\"ListItem\",\"position\":2,\"name\":\"E-MOTION 27\"}]},{\"@type\":\"WebSite\",\"@id\":\"https:\/\/www.globber.com\/pa\/#website\",\"url\":\"https:\/\/www.globber.com\/pa\/\",\"name\":\"Globber Panam\u00e1\",\"description\":\"Globber - El Mundo Sobre Ruedas\",\"publisher\":{\"@id\":\"https:\/\/www.globber.com\/pa\/#organization\"},\"potentialAction\":[{\"@type\":\"SearchAction\",\"target\":{\"@type\":\"EntryPoint\",\"urlTemplate\":\"https:\/\/www.globber.com\/pa\/?s={search_term_string}\"},\"query-input\":{\"@type\":\"PropertyValueSpecification\",\"valueRequired\":true,\"valueName\":\"search_term_string\"}}],\"inLanguage\":\"es\"},{\"@type\":\"Organization\",\"@id\":\"https:\/\/www.globber.com\/pa\/#organization\",\"name\":\"Globber Panam\u00e1\",\"url\":\"https:\/\/www.globber.com\/pa\/\",\"logo\":{\"@type\":\"ImageObject\",\"inLanguage\":\"es\",\"@id\":\"https:\/\/www.globber.com\/pa\/#\/schema\/logo\/image\/\",\"url\":\"https:\/\/cdn.globber.com\/content\/2024\/05\/logo.svg\",\"contentUrl\":\"https:\/\/cdn.globber.com\/content\/2024\/05\/logo.svg\",\"width\":601,\"height\":112,\"caption\":\"Globber Panam\u00e1\"},\"image\":{\"@id\":\"https:\/\/www.globber.com\/pa\/#\/schema\/logo\/image\/\"}}]}<\/script>\n<meta property=\"og:availability\" content=\"instock\" \/>\n<meta property=\"product:availability\" content=\"instock\" \/>\n<meta property=\"product:retailer_item_id\" content=\"752-XXX\" \/>\n<meta property=\"product:condition\" content=\"new\" \/>\n<!-- \/ Yoast SEO Premium plugin. -->","yoast_head_json":{"title":"Electric Scooter for Adults: E-MOTION 27 \u2013 Globber","description":"The coolest e-scooter for adults to cruise around! Discover a 2-wheel electric scooter for adults that keeps your rides safe and smooth in every adventure.","robots":{"index":"index","follow":"follow","max-snippet":"max-snippet:-1","max-image-preview":"max-image-preview:large","max-video-preview":"max-video-preview:-1"},"canonical":"https:\/\/www.globber.com\/pa\/product\/e-motion-27\/","og_locale":"es_ES","og_type":"article","og_title":"Electric Scooter for Adults: E-MOTION 27 \u2013 Globber","og_description":"The coolest e-scooter for adults to cruise around! Discover a 2-wheel electric scooter for adults that keeps your rides safe and smooth in every adventure.","og_url":"https:\/\/www.globber.com\/pa\/product\/e-motion-27\/","og_site_name":"Globber Panam\u00e1","article_modified_time":"2025-03-18T17:14:53+00:00","og_image":[{"width":2048,"height":2048,"url":"https:\/\/cdn.globber.com\/content\/2022\/11\/752-199_adult-electric-scooter.jpg","type":"image\/jpeg"}],"twitter_card":"summary_large_image","twitter_misc":{"Availability":"In stock"},"schema":{"@context":"https:\/\/schema.org","@graph":[{"@type":["WebPage","ItemPage"],"@id":"https:\/\/www.globber.com\/pa\/product\/e-motion-27\/","url":"https:\/\/www.globber.com\/pa\/product\/e-motion-27\/","name":"Electric Scooter for Adults: E-MOTION 27 \u2013 Globber","isPartOf":{"@id":"https:\/\/www.globber.com\/pa\/#website"},"primaryImageOfPage":{"@id":"https:\/\/www.globber.com\/pa\/product\/e-motion-27\/#primaryimage"},"image":{"@id":"https:\/\/www.globber.com\/pa\/product\/e-motion-27\/#primaryimage"},"thumbnailUrl":"https:\/\/cdn.globber.com\/content\/2022\/11\/752-199_adult-electric-scooter.jpg","datePublished":"2022-11-28T09:47:53+00:00","dateModified":"2025-03-18T17:14:53+00:00","description":"The coolest e-scooter for adults to cruise around! Discover a 2-wheel electric scooter for adults that keeps your rides safe and smooth in every adventure.","breadcrumb":{"@id":"https:\/\/www.globber.com\/pa\/product\/e-motion-27\/#breadcrumb"},"inLanguage":"es","potentialAction":[{"@type":"ReadAction","target":["https:\/\/www.globber.com\/pa\/product\/e-motion-27\/"]}]},{"@type":"ImageObject","inLanguage":"es","@id":"https:\/\/www.globber.com\/pa\/product\/e-motion-27\/#primaryimage","url":"https:\/\/cdn.globber.com\/content\/2022\/11\/752-199_adult-electric-scooter.jpg","contentUrl":"https:\/\/cdn.globber.com\/content\/2022\/11\/752-199_adult-electric-scooter.jpg","width":2048,"height":2048},{"@type":"BreadcrumbList","@id":"https:\/\/www.globber.com\/pa\/product\/e-motion-27\/#breadcrumb","itemListElement":[{"@type":"ListItem","position":1,"name":"Todos los productos","item":"https:\/\/www.globber.com\/pa\/comprar-por-producto\/"},{"@type":"ListItem","position":2,"name":"E-MOTION 27"}]},{"@type":"WebSite","@id":"https:\/\/www.globber.com\/pa\/#website","url":"https:\/\/www.globber.com\/pa\/","name":"Globber Panam\u00e1","description":"Globber - El Mundo Sobre Ruedas","publisher":{"@id":"https:\/\/www.globber.com\/pa\/#organization"},"potentialAction":[{"@type":"SearchAction","target":{"@type":"EntryPoint","urlTemplate":"https:\/\/www.globber.com\/pa\/?s={search_term_string}"},"query-input":{"@type":"PropertyValueSpecification","valueRequired":true,"valueName":"search_term_string"}}],"inLanguage":"es"},{"@type":"Organization","@id":"https:\/\/www.globber.com\/pa\/#organization","name":"Globber Panam\u00e1","url":"https:\/\/www.globber.com\/pa\/","logo":{"@type":"ImageObject","inLanguage":"es","@id":"https:\/\/www.globber.com\/pa\/#\/schema\/logo\/image\/","url":"https:\/\/cdn.globber.com\/content\/2024\/05\/logo.svg","contentUrl":"https:\/\/cdn.globber.com\/content\/2024\/05\/logo.svg","width":601,"height":112,"caption":"Globber Panam\u00e1"},"image":{"@id":"https:\/\/www.globber.com\/pa\/#\/schema\/logo\/image\/"}}]},"og_availability":"instock","product_availability":"instock","product_retailer_item_id":"752-XXX","product_condition":"new"},"_links":{"self":[{"href":"https:\/\/www.globber.com\/pa\/wp-json\/wp\/v2\/product\/6157","targetHints":{"allow":["GET"]}}],"collection":[{"href":"https:\/\/www.globber.com\/pa\/wp-json\/wp\/v2\/product"}],"about":[{"href":"https:\/\/www.globber.com\/pa\/wp-json\/wp\/v2\/types\/product"}],"replies":[{"embeddable":true,"href":"https:\/\/www.globber.com\/pa\/wp-json\/wp\/v2\/comments?post=6157"}],"wp:featuredmedia":[{"embeddable":true,"href":"https:\/\/www.globber.com\/pa\/wp-json\/wp\/v2\/media\/10627"}],"wp:attachment":[{"href":"https:\/\/www.globber.com\/pa\/wp-json\/wp\/v2\/media?parent=6157"}],"wp:term":[{"taxonomy":"product-special-badges","embeddable":true,"href":"https:\/\/www.globber.com\/pa\/wp-json\/wp\/v2\/product-special-badges?post=6157"},{"taxonomy":"product_brand","embeddable":true,"href":"https:\/\/www.globber.com\/pa\/wp-json\/wp\/v2\/product_brand?post=6157"},{"taxonomy":"product_cat","embeddable":true,"href":"https:\/\/www.globber.com\/pa\/wp-json\/wp\/v2\/product_cat?post=6157"},{"taxonomy":"product_tag","embeddable":true,"href":"https:\/\/www.globber.com\/pa\/wp-json\/wp\/v2\/product_tag?post=6157"}],"curies":[{"name":"wp","href":"https:\/\/api.w.org\/{rel}","templated":true}]}}