{"id":9991,"date":"2023-08-25T02:15:49","date_gmt":"2023-08-25T02:15:49","guid":{"rendered":"https:\/\/staging.globberscooter.com\/pa\/product\/go-up-comfort-play-3-in-1\/"},"modified":"2026-03-05T22:25:16","modified_gmt":"2026-03-06T03:25:16","slug":"go-up-comfort-play","status":"publish","type":"product","link":"https:\/\/www.globber.com\/pa\/product\/go-up-comfort-play\/","title":{"rendered":"GO-UP COMFORT PLAY"},"content":{"rendered":"<ul>\n<li>Producto todo en uno: carrito de empuje direccionado por los padres, carrito de equilibrio y empuje impulsado por los ni\u00f1os y scooter en dise\u00f1o bicolor. Viene con una barra de soporte para el asiento.<\/li>\n<li>Exclusivo m\u00f3dulo de luz LED, flash y sonido. 6 sonidos de bocina incorporados.<\/li>\n<li>Asiento extra ancho con 3 alturas. Scooter regulable en 4 alturas.<\/li>\n<\/ul>\n","protected":false},"excerpt":{"rendered":"<p><strong>Scooter evolutivo con m\u00f3dulo de luz y sonido (15 meses a 9 a\u00f1os o m\u00e1s)<\/strong><\/p>\n","protected":false},"featured_media":10594,"comment_status":"closed","ping_status":"closed","template":"","meta":{"_acf_changed":false,"inline_featured_image":false},"product-special-badges":[],"product_brand":[],"product_cat":[3560,1691,1247,1630],"product_tag":[3664],"class_list":{"0":"post-9991","1":"product","2":"type-product","3":"status-publish","4":"has-post-thumbnail","6":"product_cat-scooters-evolutivos","7":"product_cat-patinete-de-3-ruedas-para-todas-las-edades","8":"product_cat-go-up-series","9":"product_cat-scooters-para-ninos-pequenos-bicicletas-de-equilibrio-2","10":"product_tag-import","11":"pa_ajustable-si","12":"pa_color-azul-marino","13":"pa_ean-3669","14":"pa_edades-15m-9a","15":"pa_material-de-las-ruedas-fundicion-de-pu-de-alto-rebote","16":"pa_max-user-weight-20-kg-modo-paseo-50-kg-modo-scooter","17":"pa_plegable-no","18":"pa_recommended-user-height-70-130cm","19":"pa_tipo-de-producto-bicicleta-de-paseo","20":"pa_tipo-de-producto-correpasillos","21":"pa_tipo-de-producto-scooters-de-3-ruedas","23":"first","24":"instock","25":"taxable","26":"shipping-taxable","27":"purchasable","28":"product-type-variable"},"acf":[],"yoast_head":"<!-- This site is optimized with the Yoast SEO Premium plugin v20.12 (Yoast SEO v23.4) - https:\/\/yoast.com\/wordpress\/plugins\/seo\/ -->\n<title>GO-UP COMFORT PLAY - Globber Panam\u00e1<\/title>\n<meta name=\"robots\" content=\"index, follow, max-snippet:-1, max-image-preview:large, max-video-preview:-1\" \/>\n<link rel=\"canonical\" href=\"https:\/\/www.globber.com\/pa\/product\/go-up-comfort-play\/\" \/>\n<meta property=\"og:locale\" content=\"es_ES\" \/>\n<meta property=\"og:type\" content=\"article\" \/>\n<meta property=\"og:title\" content=\"GO-UP COMFORT PLAY - Globber Panam\u00e1\" \/>\n<meta property=\"og:description\" content=\"Scooter evolutivo con m\u00f3dulo de luz y sonido (15 meses a 9 a\u00f1os o m\u00e1s)\" \/>\n<meta property=\"og:url\" content=\"https:\/\/www.globber.com\/pa\/product\/go-up-comfort-play\/\" \/>\n<meta property=\"og:site_name\" content=\"Globber Panam\u00e1\" \/>\n<meta property=\"article:modified_time\" content=\"2026-03-06T03:25:16+00:00\" \/>\n<meta property=\"og:image\" content=\"https:\/\/cdn.globber.com\/content\/2023\/08\/GO-UP-COMFORT-scooter-with-seat-and-LED-flash-and-sound-module_navy-blue.jpg\" \/>\n\t<meta property=\"og:image:width\" content=\"2048\" \/>\n\t<meta property=\"og:image:height\" content=\"2048\" \/>\n\t<meta property=\"og:image:type\" content=\"image\/jpeg\" \/>\n<meta name=\"twitter:card\" content=\"summary_large_image\" \/>\n<meta name=\"twitter:label1\" content=\"Availability\" \/>\n\t<meta name=\"twitter:data1\" content=\"In stock\" \/>\n<script type=\"application\/ld+json\" class=\"yoast-schema-graph\">{\"@context\":\"https:\/\/schema.org\",\"@graph\":[{\"@type\":[\"WebPage\",\"ItemPage\"],\"@id\":\"https:\/\/www.globber.com\/pa\/product\/go-up-comfort-play\/\",\"url\":\"https:\/\/www.globber.com\/pa\/product\/go-up-comfort-play\/\",\"name\":\"GO-UP COMFORT PLAY - Globber Panam\u00e1\",\"isPartOf\":{\"@id\":\"https:\/\/www.globber.com\/pa\/#website\"},\"primaryImageOfPage\":{\"@id\":\"https:\/\/www.globber.com\/pa\/product\/go-up-comfort-play\/#primaryimage\"},\"image\":{\"@id\":\"https:\/\/www.globber.com\/pa\/product\/go-up-comfort-play\/#primaryimage\"},\"thumbnailUrl\":\"https:\/\/cdn.globber.com\/content\/2023\/08\/GO-UP-COMFORT-scooter-with-seat-and-LED-flash-and-sound-module_navy-blue.jpg\",\"datePublished\":\"2023-08-25T02:15:49+00:00\",\"dateModified\":\"2026-03-06T03:25:16+00:00\",\"breadcrumb\":{\"@id\":\"https:\/\/www.globber.com\/pa\/product\/go-up-comfort-play\/#breadcrumb\"},\"inLanguage\":\"es\",\"potentialAction\":[{\"@type\":\"ReadAction\",\"target\":[\"https:\/\/www.globber.com\/pa\/product\/go-up-comfort-play\/\"]}]},{\"@type\":\"ImageObject\",\"inLanguage\":\"es\",\"@id\":\"https:\/\/www.globber.com\/pa\/product\/go-up-comfort-play\/#primaryimage\",\"url\":\"https:\/\/cdn.globber.com\/content\/2023\/08\/GO-UP-COMFORT-scooter-with-seat-and-LED-flash-and-sound-module_navy-blue.jpg\",\"contentUrl\":\"https:\/\/cdn.globber.com\/content\/2023\/08\/GO-UP-COMFORT-scooter-with-seat-and-LED-flash-and-sound-module_navy-blue.jpg\",\"width\":2048,\"height\":2048},{\"@type\":\"BreadcrumbList\",\"@id\":\"https:\/\/www.globber.com\/pa\/product\/go-up-comfort-play\/#breadcrumb\",\"itemListElement\":[{\"@type\":\"ListItem\",\"position\":1,\"name\":\"Todos los productos\",\"item\":\"https:\/\/www.globber.com\/pa\/comprar-por-producto\/\"},{\"@type\":\"ListItem\",\"position\":2,\"name\":\"GO-UP COMFORT PLAY\"}]},{\"@type\":\"WebSite\",\"@id\":\"https:\/\/www.globber.com\/pa\/#website\",\"url\":\"https:\/\/www.globber.com\/pa\/\",\"name\":\"Globber Panam\u00e1\",\"description\":\"Globber - El Mundo Sobre Ruedas\",\"publisher\":{\"@id\":\"https:\/\/www.globber.com\/pa\/#organization\"},\"potentialAction\":[{\"@type\":\"SearchAction\",\"target\":{\"@type\":\"EntryPoint\",\"urlTemplate\":\"https:\/\/www.globber.com\/pa\/?s={search_term_string}\"},\"query-input\":{\"@type\":\"PropertyValueSpecification\",\"valueRequired\":true,\"valueName\":\"search_term_string\"}}],\"inLanguage\":\"es\"},{\"@type\":\"Organization\",\"@id\":\"https:\/\/www.globber.com\/pa\/#organization\",\"name\":\"Globber Panam\u00e1\",\"url\":\"https:\/\/www.globber.com\/pa\/\",\"logo\":{\"@type\":\"ImageObject\",\"inLanguage\":\"es\",\"@id\":\"https:\/\/www.globber.com\/pa\/#\/schema\/logo\/image\/\",\"url\":\"https:\/\/cdn.globber.com\/content\/2024\/05\/logo.svg\",\"contentUrl\":\"https:\/\/cdn.globber.com\/content\/2024\/05\/logo.svg\",\"width\":601,\"height\":112,\"caption\":\"Globber Panam\u00e1\"},\"image\":{\"@id\":\"https:\/\/www.globber.com\/pa\/#\/schema\/logo\/image\/\"}}]}<\/script>\n<meta property=\"og:availability\" content=\"instock\" \/>\n<meta property=\"product:availability\" content=\"instock\" \/>\n<meta property=\"product:retailer_item_id\" content=\"463-XXX\" \/>\n<meta property=\"product:condition\" content=\"new\" \/>\n<!-- \/ Yoast SEO Premium plugin. -->","yoast_head_json":{"title":"GO-UP COMFORT PLAY - Globber Panam\u00e1","robots":{"index":"index","follow":"follow","max-snippet":"max-snippet:-1","max-image-preview":"max-image-preview:large","max-video-preview":"max-video-preview:-1"},"canonical":"https:\/\/www.globber.com\/pa\/product\/go-up-comfort-play\/","og_locale":"es_ES","og_type":"article","og_title":"GO-UP COMFORT PLAY - Globber Panam\u00e1","og_description":"Scooter evolutivo con m\u00f3dulo de luz y sonido (15 meses a 9 a\u00f1os o m\u00e1s)","og_url":"https:\/\/www.globber.com\/pa\/product\/go-up-comfort-play\/","og_site_name":"Globber Panam\u00e1","article_modified_time":"2026-03-06T03:25:16+00:00","og_image":[{"width":2048,"height":2048,"url":"https:\/\/cdn.globber.com\/content\/2023\/08\/GO-UP-COMFORT-scooter-with-seat-and-LED-flash-and-sound-module_navy-blue.jpg","type":"image\/jpeg"}],"twitter_card":"summary_large_image","twitter_misc":{"Availability":"In stock"},"schema":{"@context":"https:\/\/schema.org","@graph":[{"@type":["WebPage","ItemPage"],"@id":"https:\/\/www.globber.com\/pa\/product\/go-up-comfort-play\/","url":"https:\/\/www.globber.com\/pa\/product\/go-up-comfort-play\/","name":"GO-UP COMFORT PLAY - Globber Panam\u00e1","isPartOf":{"@id":"https:\/\/www.globber.com\/pa\/#website"},"primaryImageOfPage":{"@id":"https:\/\/www.globber.com\/pa\/product\/go-up-comfort-play\/#primaryimage"},"image":{"@id":"https:\/\/www.globber.com\/pa\/product\/go-up-comfort-play\/#primaryimage"},"thumbnailUrl":"https:\/\/cdn.globber.com\/content\/2023\/08\/GO-UP-COMFORT-scooter-with-seat-and-LED-flash-and-sound-module_navy-blue.jpg","datePublished":"2023-08-25T02:15:49+00:00","dateModified":"2026-03-06T03:25:16+00:00","breadcrumb":{"@id":"https:\/\/www.globber.com\/pa\/product\/go-up-comfort-play\/#breadcrumb"},"inLanguage":"es","potentialAction":[{"@type":"ReadAction","target":["https:\/\/www.globber.com\/pa\/product\/go-up-comfort-play\/"]}]},{"@type":"ImageObject","inLanguage":"es","@id":"https:\/\/www.globber.com\/pa\/product\/go-up-comfort-play\/#primaryimage","url":"https:\/\/cdn.globber.com\/content\/2023\/08\/GO-UP-COMFORT-scooter-with-seat-and-LED-flash-and-sound-module_navy-blue.jpg","contentUrl":"https:\/\/cdn.globber.com\/content\/2023\/08\/GO-UP-COMFORT-scooter-with-seat-and-LED-flash-and-sound-module_navy-blue.jpg","width":2048,"height":2048},{"@type":"BreadcrumbList","@id":"https:\/\/www.globber.com\/pa\/product\/go-up-comfort-play\/#breadcrumb","itemListElement":[{"@type":"ListItem","position":1,"name":"Todos los productos","item":"https:\/\/www.globber.com\/pa\/comprar-por-producto\/"},{"@type":"ListItem","position":2,"name":"GO-UP COMFORT PLAY"}]},{"@type":"WebSite","@id":"https:\/\/www.globber.com\/pa\/#website","url":"https:\/\/www.globber.com\/pa\/","name":"Globber Panam\u00e1","description":"Globber - El Mundo Sobre Ruedas","publisher":{"@id":"https:\/\/www.globber.com\/pa\/#organization"},"potentialAction":[{"@type":"SearchAction","target":{"@type":"EntryPoint","urlTemplate":"https:\/\/www.globber.com\/pa\/?s={search_term_string}"},"query-input":{"@type":"PropertyValueSpecification","valueRequired":true,"valueName":"search_term_string"}}],"inLanguage":"es"},{"@type":"Organization","@id":"https:\/\/www.globber.com\/pa\/#organization","name":"Globber Panam\u00e1","url":"https:\/\/www.globber.com\/pa\/","logo":{"@type":"ImageObject","inLanguage":"es","@id":"https:\/\/www.globber.com\/pa\/#\/schema\/logo\/image\/","url":"https:\/\/cdn.globber.com\/content\/2024\/05\/logo.svg","contentUrl":"https:\/\/cdn.globber.com\/content\/2024\/05\/logo.svg","width":601,"height":112,"caption":"Globber Panam\u00e1"},"image":{"@id":"https:\/\/www.globber.com\/pa\/#\/schema\/logo\/image\/"}}]},"og_availability":"instock","product_availability":"instock","product_retailer_item_id":"463-XXX","product_condition":"new"},"_links":{"self":[{"href":"https:\/\/www.globber.com\/pa\/wp-json\/wp\/v2\/product\/9991","targetHints":{"allow":["GET"]}}],"collection":[{"href":"https:\/\/www.globber.com\/pa\/wp-json\/wp\/v2\/product"}],"about":[{"href":"https:\/\/www.globber.com\/pa\/wp-json\/wp\/v2\/types\/product"}],"replies":[{"embeddable":true,"href":"https:\/\/www.globber.com\/pa\/wp-json\/wp\/v2\/comments?post=9991"}],"wp:featuredmedia":[{"embeddable":true,"href":"https:\/\/www.globber.com\/pa\/wp-json\/wp\/v2\/media\/10594"}],"wp:attachment":[{"href":"https:\/\/www.globber.com\/pa\/wp-json\/wp\/v2\/media?parent=9991"}],"wp:term":[{"taxonomy":"product-special-badges","embeddable":true,"href":"https:\/\/www.globber.com\/pa\/wp-json\/wp\/v2\/product-special-badges?post=9991"},{"taxonomy":"product_brand","embeddable":true,"href":"https:\/\/www.globber.com\/pa\/wp-json\/wp\/v2\/product_brand?post=9991"},{"taxonomy":"product_cat","embeddable":true,"href":"https:\/\/www.globber.com\/pa\/wp-json\/wp\/v2\/product_cat?post=9991"},{"taxonomy":"product_tag","embeddable":true,"href":"https:\/\/www.globber.com\/pa\/wp-json\/wp\/v2\/product_tag?post=9991"}],"curies":[{"name":"wp","href":"https:\/\/api.w.org\/{rel}","templated":true}]}}