{"id":9992,"date":"2023-08-25T02:15:49","date_gmt":"2023-08-25T02:15:49","guid":{"rendered":"https:\/\/staging.globberscooter.com\/pa\/product\/explorer-trike-foldable-4-in-1\/"},"modified":"2025-03-19T09:42:40","modified_gmt":"2025-03-19T14:42:40","slug":"explorer-trike-foldable-4-in-1","status":"publish","type":"product","link":"https:\/\/www.globber.com\/pa\/product\/explorer-trike-foldable-4-in-1\/","title":{"rendered":"EXPLORER TRIKE FOLDABLE 4in1"},"content":{"rendered":"<p>Explora con tus peque\u00f1os donde y cuando quieras con el EXPLORER TRIKE FOLDABLE 4in1. Este triciclo plegable todo en uno para ni\u00f1os peque\u00f1os aporta a\u00fan m\u00e1s comodidad a las familias viajeras con un sistema de plegado patentado que facilita su transporte cuando est\u00e1n fuera de casa.<\/p>\n<p>EXPLORER TRIKE FOLDABLE 4in1 ofrece 4 formas de jugar - triciclo para beb\u00e9s (10-36M), triciclo guiado (18-36M), triciclo de entrenamiento (24-36M) y bicicleta de equilibrio (2-5A) y se transforma convenientemente junto con el desarrollo de tu hijo.<\/p>\n<p>EXPLORER TRIKE FOLDABLE 4in1 viene con un dise\u00f1o 100% sin herramientas, un asiento de respaldo alto plegable con reposacabezas y manillar inteligente, un manillar y sistema de direcci\u00f3n para padres ajustable en 2 alturas, ruedas de espuma EVA anti pinchazos con un mecanismo patentado de rueda trasera y un reposapi\u00e9s extra\u00edble, y un sill\u00edn ajustable en 2 alturas: \u00a1todas caracter\u00edsticas que proporcionan a\u00fan m\u00e1s funcionalidad!.<\/p>\n","protected":false},"excerpt":{"rendered":"<p><strong>Triciclo todo en uno para beb\u00e9s y ni\u00f1os (10M-5A)<\/strong><\/p>\n","protected":false},"featured_media":10098,"comment_status":"closed","ping_status":"closed","template":"","meta":{"_acf_changed":false,"inline_featured_image":false},"product-special-badges":[],"product_brand":[],"product_cat":[3559,1243,1630],"product_tag":[3664],"class_list":{"0":"post-9992","1":"product","2":"type-product","3":"status-publish","4":"has-post-thumbnail","6":"product_cat-bebe-triciclos","7":"product_cat-explorer-trike-series","8":"product_cat-scooters-para-ninos-pequenos-bicicletas-de-equilibrio-2","9":"product_tag-import","10":"pa_ajustable-si","11":"pa_color-rojo","12":"pa_color-rosa-pastel-intenso","13":"pa_color-verde-azulado","14":"pa_ean-3177","15":"pa_ean-3179","16":"pa_ean-3180","17":"pa_edades-10m-5a","18":"pa_material-de-las-ruedas-espuma-eva","19":"pa_max-user-weight-15-kg-modo-triciclo-infantil","20":"pa_max-user-weight-20-kg-modo-triciclo-guiado-triciclo-de-entrenamiento-y-bicicleta-de-equilibrio","21":"pa_peso-del-producto-neto-7-5kg","22":"pa_plegable-si","23":"pa_recommended-user-height-65-105-cm","24":"pa_seat-heights-asiento-con-respaldo-alto-34-y-37-cm-desde-el-suelo","25":"pa_seat-heights-sillin-33-y-36-cm-desde-el-suelo","26":"pa_tipo-de-producto-bicicleta-de-equilibrio","27":"pa_tipo-de-producto-triciclo-de-entrenamiento","28":"pa_tipo-de-producto-triciclo-guiado","29":"pa_tipo-de-producto-triciclo-infantil","30":"pa_wheels-size-220-mm-36-mm-de-ancho-trasera","31":"pa_wheels-size-250-mm-44-mm-de-ancho-parte-delantera","33":"first","34":"instock","35":"taxable","36":"shipping-taxable","37":"purchasable","38":"product-type-variable"},"acf":[],"yoast_head":"<!-- This site is optimized with the Yoast SEO Premium plugin v20.12 (Yoast SEO v23.4) - https:\/\/yoast.com\/wordpress\/plugins\/seo\/ -->\n<title>EXPLORER TRIKE FOLDABLE 4in1 - Globber Panam\u00e1<\/title>\n<meta name=\"robots\" content=\"index, follow, max-snippet:-1, max-image-preview:large, max-video-preview:-1\" \/>\n<link rel=\"canonical\" href=\"https:\/\/www.globber.com\/pa\/product\/explorer-trike-foldable-4-in-1\/\" \/>\n<meta property=\"og:locale\" content=\"es_ES\" \/>\n<meta property=\"og:type\" content=\"article\" \/>\n<meta property=\"og:title\" content=\"EXPLORER TRIKE FOLDABLE 4in1 - Globber Panam\u00e1\" \/>\n<meta property=\"og:description\" content=\"Triciclo todo en uno para beb\u00e9s y ni\u00f1os (10M-5A)\" \/>\n<meta property=\"og:url\" content=\"https:\/\/www.globber.com\/pa\/product\/explorer-trike-foldable-4-in-1\/\" \/>\n<meta property=\"og:site_name\" content=\"Globber Panam\u00e1\" \/>\n<meta property=\"article:modified_time\" content=\"2025-03-19T14:42:40+00:00\" \/>\n<meta property=\"og:image\" content=\"https:\/\/cdn.globber.com\/content\/2024\/05\/732-102_4-in-1-foldable-tricycle-1.jpg\" \/>\n\t<meta property=\"og:image:width\" content=\"2048\" \/>\n\t<meta property=\"og:image:height\" content=\"2048\" \/>\n\t<meta property=\"og:image:type\" content=\"image\/jpeg\" \/>\n<meta name=\"twitter:card\" content=\"summary_large_image\" \/>\n<meta name=\"twitter:label1\" content=\"Availability\" \/>\n\t<meta name=\"twitter:data1\" content=\"In stock\" \/>\n<script type=\"application\/ld+json\" class=\"yoast-schema-graph\">{\"@context\":\"https:\/\/schema.org\",\"@graph\":[{\"@type\":[\"WebPage\",\"ItemPage\"],\"@id\":\"https:\/\/www.globber.com\/pa\/product\/explorer-trike-foldable-4-in-1\/\",\"url\":\"https:\/\/www.globber.com\/pa\/product\/explorer-trike-foldable-4-in-1\/\",\"name\":\"EXPLORER TRIKE FOLDABLE 4in1 - Globber Panam\u00e1\",\"isPartOf\":{\"@id\":\"https:\/\/www.globber.com\/pa\/#website\"},\"primaryImageOfPage\":{\"@id\":\"https:\/\/www.globber.com\/pa\/product\/explorer-trike-foldable-4-in-1\/#primaryimage\"},\"image\":{\"@id\":\"https:\/\/www.globber.com\/pa\/product\/explorer-trike-foldable-4-in-1\/#primaryimage\"},\"thumbnailUrl\":\"https:\/\/cdn.globber.com\/content\/2024\/05\/732-102_4-in-1-foldable-tricycle-1.jpg\",\"datePublished\":\"2023-08-25T02:15:49+00:00\",\"dateModified\":\"2025-03-19T14:42:40+00:00\",\"breadcrumb\":{\"@id\":\"https:\/\/www.globber.com\/pa\/product\/explorer-trike-foldable-4-in-1\/#breadcrumb\"},\"inLanguage\":\"es\",\"potentialAction\":[{\"@type\":\"ReadAction\",\"target\":[\"https:\/\/www.globber.com\/pa\/product\/explorer-trike-foldable-4-in-1\/\"]}]},{\"@type\":\"ImageObject\",\"inLanguage\":\"es\",\"@id\":\"https:\/\/www.globber.com\/pa\/product\/explorer-trike-foldable-4-in-1\/#primaryimage\",\"url\":\"https:\/\/cdn.globber.com\/content\/2024\/05\/732-102_4-in-1-foldable-tricycle-1.jpg\",\"contentUrl\":\"https:\/\/cdn.globber.com\/content\/2024\/05\/732-102_4-in-1-foldable-tricycle-1.jpg\",\"width\":2048,\"height\":2048},{\"@type\":\"BreadcrumbList\",\"@id\":\"https:\/\/www.globber.com\/pa\/product\/explorer-trike-foldable-4-in-1\/#breadcrumb\",\"itemListElement\":[{\"@type\":\"ListItem\",\"position\":1,\"name\":\"Todos los productos\",\"item\":\"https:\/\/www.globber.com\/pa\/comprar-por-producto\/\"},{\"@type\":\"ListItem\",\"position\":2,\"name\":\"EXPLORER TRIKE FOLDABLE 4in1\"}]},{\"@type\":\"WebSite\",\"@id\":\"https:\/\/www.globber.com\/pa\/#website\",\"url\":\"https:\/\/www.globber.com\/pa\/\",\"name\":\"Globber Panam\u00e1\",\"description\":\"Globber - El Mundo Sobre Ruedas\",\"publisher\":{\"@id\":\"https:\/\/www.globber.com\/pa\/#organization\"},\"potentialAction\":[{\"@type\":\"SearchAction\",\"target\":{\"@type\":\"EntryPoint\",\"urlTemplate\":\"https:\/\/www.globber.com\/pa\/?s={search_term_string}\"},\"query-input\":{\"@type\":\"PropertyValueSpecification\",\"valueRequired\":true,\"valueName\":\"search_term_string\"}}],\"inLanguage\":\"es\"},{\"@type\":\"Organization\",\"@id\":\"https:\/\/www.globber.com\/pa\/#organization\",\"name\":\"Globber Panam\u00e1\",\"url\":\"https:\/\/www.globber.com\/pa\/\",\"logo\":{\"@type\":\"ImageObject\",\"inLanguage\":\"es\",\"@id\":\"https:\/\/www.globber.com\/pa\/#\/schema\/logo\/image\/\",\"url\":\"https:\/\/cdn.globber.com\/content\/2024\/05\/logo.svg\",\"contentUrl\":\"https:\/\/cdn.globber.com\/content\/2024\/05\/logo.svg\",\"width\":601,\"height\":112,\"caption\":\"Globber Panam\u00e1\"},\"image\":{\"@id\":\"https:\/\/www.globber.com\/pa\/#\/schema\/logo\/image\/\"}}]}<\/script>\n<meta property=\"og:availability\" content=\"instock\" \/>\n<meta property=\"product:availability\" content=\"instock\" \/>\n<meta property=\"product:retailer_item_id\" content=\"732-XXX\" \/>\n<meta property=\"product:condition\" content=\"new\" \/>\n<!-- \/ Yoast SEO Premium plugin. -->","yoast_head_json":{"title":"EXPLORER TRIKE FOLDABLE 4in1 - Globber Panam\u00e1","robots":{"index":"index","follow":"follow","max-snippet":"max-snippet:-1","max-image-preview":"max-image-preview:large","max-video-preview":"max-video-preview:-1"},"canonical":"https:\/\/www.globber.com\/pa\/product\/explorer-trike-foldable-4-in-1\/","og_locale":"es_ES","og_type":"article","og_title":"EXPLORER TRIKE FOLDABLE 4in1 - Globber Panam\u00e1","og_description":"Triciclo todo en uno para beb\u00e9s y ni\u00f1os (10M-5A)","og_url":"https:\/\/www.globber.com\/pa\/product\/explorer-trike-foldable-4-in-1\/","og_site_name":"Globber Panam\u00e1","article_modified_time":"2025-03-19T14:42:40+00:00","og_image":[{"width":2048,"height":2048,"url":"https:\/\/cdn.globber.com\/content\/2024\/05\/732-102_4-in-1-foldable-tricycle-1.jpg","type":"image\/jpeg"}],"twitter_card":"summary_large_image","twitter_misc":{"Availability":"In stock"},"schema":{"@context":"https:\/\/schema.org","@graph":[{"@type":["WebPage","ItemPage"],"@id":"https:\/\/www.globber.com\/pa\/product\/explorer-trike-foldable-4-in-1\/","url":"https:\/\/www.globber.com\/pa\/product\/explorer-trike-foldable-4-in-1\/","name":"EXPLORER TRIKE FOLDABLE 4in1 - Globber Panam\u00e1","isPartOf":{"@id":"https:\/\/www.globber.com\/pa\/#website"},"primaryImageOfPage":{"@id":"https:\/\/www.globber.com\/pa\/product\/explorer-trike-foldable-4-in-1\/#primaryimage"},"image":{"@id":"https:\/\/www.globber.com\/pa\/product\/explorer-trike-foldable-4-in-1\/#primaryimage"},"thumbnailUrl":"https:\/\/cdn.globber.com\/content\/2024\/05\/732-102_4-in-1-foldable-tricycle-1.jpg","datePublished":"2023-08-25T02:15:49+00:00","dateModified":"2025-03-19T14:42:40+00:00","breadcrumb":{"@id":"https:\/\/www.globber.com\/pa\/product\/explorer-trike-foldable-4-in-1\/#breadcrumb"},"inLanguage":"es","potentialAction":[{"@type":"ReadAction","target":["https:\/\/www.globber.com\/pa\/product\/explorer-trike-foldable-4-in-1\/"]}]},{"@type":"ImageObject","inLanguage":"es","@id":"https:\/\/www.globber.com\/pa\/product\/explorer-trike-foldable-4-in-1\/#primaryimage","url":"https:\/\/cdn.globber.com\/content\/2024\/05\/732-102_4-in-1-foldable-tricycle-1.jpg","contentUrl":"https:\/\/cdn.globber.com\/content\/2024\/05\/732-102_4-in-1-foldable-tricycle-1.jpg","width":2048,"height":2048},{"@type":"BreadcrumbList","@id":"https:\/\/www.globber.com\/pa\/product\/explorer-trike-foldable-4-in-1\/#breadcrumb","itemListElement":[{"@type":"ListItem","position":1,"name":"Todos los productos","item":"https:\/\/www.globber.com\/pa\/comprar-por-producto\/"},{"@type":"ListItem","position":2,"name":"EXPLORER TRIKE FOLDABLE 4in1"}]},{"@type":"WebSite","@id":"https:\/\/www.globber.com\/pa\/#website","url":"https:\/\/www.globber.com\/pa\/","name":"Globber Panam\u00e1","description":"Globber - El Mundo Sobre Ruedas","publisher":{"@id":"https:\/\/www.globber.com\/pa\/#organization"},"potentialAction":[{"@type":"SearchAction","target":{"@type":"EntryPoint","urlTemplate":"https:\/\/www.globber.com\/pa\/?s={search_term_string}"},"query-input":{"@type":"PropertyValueSpecification","valueRequired":true,"valueName":"search_term_string"}}],"inLanguage":"es"},{"@type":"Organization","@id":"https:\/\/www.globber.com\/pa\/#organization","name":"Globber Panam\u00e1","url":"https:\/\/www.globber.com\/pa\/","logo":{"@type":"ImageObject","inLanguage":"es","@id":"https:\/\/www.globber.com\/pa\/#\/schema\/logo\/image\/","url":"https:\/\/cdn.globber.com\/content\/2024\/05\/logo.svg","contentUrl":"https:\/\/cdn.globber.com\/content\/2024\/05\/logo.svg","width":601,"height":112,"caption":"Globber Panam\u00e1"},"image":{"@id":"https:\/\/www.globber.com\/pa\/#\/schema\/logo\/image\/"}}]},"og_availability":"instock","product_availability":"instock","product_retailer_item_id":"732-XXX","product_condition":"new"},"_links":{"self":[{"href":"https:\/\/www.globber.com\/pa\/wp-json\/wp\/v2\/product\/9992","targetHints":{"allow":["GET"]}}],"collection":[{"href":"https:\/\/www.globber.com\/pa\/wp-json\/wp\/v2\/product"}],"about":[{"href":"https:\/\/www.globber.com\/pa\/wp-json\/wp\/v2\/types\/product"}],"replies":[{"embeddable":true,"href":"https:\/\/www.globber.com\/pa\/wp-json\/wp\/v2\/comments?post=9992"}],"wp:featuredmedia":[{"embeddable":true,"href":"https:\/\/www.globber.com\/pa\/wp-json\/wp\/v2\/media\/10098"}],"wp:attachment":[{"href":"https:\/\/www.globber.com\/pa\/wp-json\/wp\/v2\/media?parent=9992"}],"wp:term":[{"taxonomy":"product-special-badges","embeddable":true,"href":"https:\/\/www.globber.com\/pa\/wp-json\/wp\/v2\/product-special-badges?post=9992"},{"taxonomy":"product_brand","embeddable":true,"href":"https:\/\/www.globber.com\/pa\/wp-json\/wp\/v2\/product_brand?post=9992"},{"taxonomy":"product_cat","embeddable":true,"href":"https:\/\/www.globber.com\/pa\/wp-json\/wp\/v2\/product_cat?post=9992"},{"taxonomy":"product_tag","embeddable":true,"href":"https:\/\/www.globber.com\/pa\/wp-json\/wp\/v2\/product_tag?post=9992"}],"curies":[{"name":"wp","href":"https:\/\/api.w.org\/{rel}","templated":true}]}}