{"id":9993,"date":"2023-08-25T02:15:49","date_gmt":"2023-08-25T02:15:49","guid":{"rendered":"https:\/\/staging.globberscooter.com\/pa\/product\/go-bike-2\/"},"modified":"2025-03-19T09:58:42","modified_gmt":"2025-03-19T14:58:42","slug":"go-bike-reversible-frame","status":"publish","type":"product","link":"https:\/\/www.globber.com\/pa\/product\/go-bike-reversible-frame\/","title":{"rendered":"GO BIKE - CUADRO REVERSIBLE"},"content":{"rendered":"<p>Desarrolla la confianza de tu peque\u00f1o mientras se inicia poco a poco en la diversi\u00f3n sobre ruedas. Nuestra bicicleta de equilibrio GO BIKE, dise\u00f1ada para ni\u00f1os de 2 a 5 a\u00f1os, es una innovadora bicicleta de equilibrio con un cuadro reversible que prolonga su uso y permite a los ni\u00f1os aprender habilidades motoras esenciales a su propio ritmo. La bicicleta de equilibrio GO BIKE tambi\u00e9n cuenta con un sill\u00edn ajustable en 8 alturas, hecho de suave PU, un manillar curvado ajustable en 2 alturas y ruedas de espuma EVA de alta calidad para un m\u00e1ximo confort.<\/p>\n","protected":false},"excerpt":{"rendered":"<p><strong>Bicicleta de equilibrio con estructura de acero reversible (2 a 5 a\u00f1os)<\/strong><\/p>\n","protected":false},"featured_media":10202,"comment_status":"closed","ping_status":"closed","template":"","meta":{"_acf_changed":false,"inline_featured_image":false},"product-special-badges":[],"product_brand":[],"product_cat":[1693,1678,1630],"product_tag":[3664],"class_list":{"0":"post-9993","1":"product","2":"type-product","3":"status-publish","4":"has-post-thumbnail","6":"product_cat-bicicletas-de-equilibrio-para-ninos","7":"product_cat-go-bike-series","8":"product_cat-scooters-para-ninos-pequenos-bicicletas-de-equilibrio-2","9":"product_tag-import","10":"pa_ajustable-si","11":"pa_color-blanco-azul-cielo","12":"pa_color-blanco-rosa-neon","13":"pa_ean-3674","14":"pa_ean-3676","15":"pa_edades-2-5-anos","16":"pa_max-user-weight-20-kg","17":"pa_plegable-no","18":"pa_recommended-user-height-85-105-cm","19":"pa_tipo-de-producto-bicicleta-de-equilibrio","20":"pa_wheel-size-215mm-8-5-front","21":"pa_wheel-size-215mm-8-5-rear","23":"first","24":"instock","25":"taxable","26":"shipping-taxable","27":"purchasable","28":"product-type-variable"},"acf":[],"yoast_head":"<!-- This site is optimized with the Yoast SEO Premium plugin v20.12 (Yoast SEO v23.4) - https:\/\/yoast.com\/wordpress\/plugins\/seo\/ -->\n<title>GO BIKE - CUADRO REVERSIBLE - Globber Panam\u00e1<\/title>\n<meta name=\"robots\" content=\"index, follow, max-snippet:-1, max-image-preview:large, max-video-preview:-1\" \/>\n<link rel=\"canonical\" href=\"https:\/\/www.globber.com\/pa\/product\/go-bike-reversible-frame\/\" \/>\n<meta property=\"og:locale\" content=\"es_ES\" \/>\n<meta property=\"og:type\" content=\"article\" \/>\n<meta property=\"og:title\" content=\"GO BIKE - CUADRO REVERSIBLE - Globber Panam\u00e1\" \/>\n<meta property=\"og:description\" content=\"Bicicleta de equilibrio con estructura de acero reversible (2 a 5 a\u00f1os)\" \/>\n<meta property=\"og:url\" content=\"https:\/\/www.globber.com\/pa\/product\/go-bike-reversible-frame\/\" \/>\n<meta property=\"og:site_name\" content=\"Globber Panam\u00e1\" \/>\n<meta property=\"article:modified_time\" content=\"2025-03-19T14:58:42+00:00\" \/>\n<meta property=\"og:image\" content=\"https:\/\/cdn.globber.com\/content\/2023\/08\/best-balance-bike-for-toddlers-sky-blue.jpg\" \/>\n\t<meta property=\"og:image:width\" content=\"1920\" \/>\n\t<meta property=\"og:image:height\" content=\"1920\" \/>\n\t<meta property=\"og:image:type\" content=\"image\/jpeg\" \/>\n<meta name=\"twitter:card\" content=\"summary_large_image\" \/>\n<meta name=\"twitter:label1\" content=\"Availability\" \/>\n\t<meta name=\"twitter:data1\" content=\"In stock\" \/>\n<script type=\"application\/ld+json\" class=\"yoast-schema-graph\">{\"@context\":\"https:\/\/schema.org\",\"@graph\":[{\"@type\":[\"WebPage\",\"ItemPage\"],\"@id\":\"https:\/\/www.globber.com\/pa\/product\/go-bike-reversible-frame\/\",\"url\":\"https:\/\/www.globber.com\/pa\/product\/go-bike-reversible-frame\/\",\"name\":\"GO BIKE - CUADRO REVERSIBLE - Globber Panam\u00e1\",\"isPartOf\":{\"@id\":\"https:\/\/www.globber.com\/pa\/#website\"},\"primaryImageOfPage\":{\"@id\":\"https:\/\/www.globber.com\/pa\/product\/go-bike-reversible-frame\/#primaryimage\"},\"image\":{\"@id\":\"https:\/\/www.globber.com\/pa\/product\/go-bike-reversible-frame\/#primaryimage\"},\"thumbnailUrl\":\"https:\/\/cdn.globber.com\/content\/2023\/08\/best-balance-bike-for-toddlers-sky-blue.jpg\",\"datePublished\":\"2023-08-25T02:15:49+00:00\",\"dateModified\":\"2025-03-19T14:58:42+00:00\",\"breadcrumb\":{\"@id\":\"https:\/\/www.globber.com\/pa\/product\/go-bike-reversible-frame\/#breadcrumb\"},\"inLanguage\":\"es\",\"potentialAction\":[{\"@type\":\"ReadAction\",\"target\":[\"https:\/\/www.globber.com\/pa\/product\/go-bike-reversible-frame\/\"]}]},{\"@type\":\"ImageObject\",\"inLanguage\":\"es\",\"@id\":\"https:\/\/www.globber.com\/pa\/product\/go-bike-reversible-frame\/#primaryimage\",\"url\":\"https:\/\/cdn.globber.com\/content\/2023\/08\/best-balance-bike-for-toddlers-sky-blue.jpg\",\"contentUrl\":\"https:\/\/cdn.globber.com\/content\/2023\/08\/best-balance-bike-for-toddlers-sky-blue.jpg\",\"width\":1920,\"height\":1920},{\"@type\":\"BreadcrumbList\",\"@id\":\"https:\/\/www.globber.com\/pa\/product\/go-bike-reversible-frame\/#breadcrumb\",\"itemListElement\":[{\"@type\":\"ListItem\",\"position\":1,\"name\":\"Todos los productos\",\"item\":\"https:\/\/www.globber.com\/pa\/comprar-por-producto\/\"},{\"@type\":\"ListItem\",\"position\":2,\"name\":\"GO BIKE - CUADRO REVERSIBLE\"}]},{\"@type\":\"WebSite\",\"@id\":\"https:\/\/www.globber.com\/pa\/#website\",\"url\":\"https:\/\/www.globber.com\/pa\/\",\"name\":\"Globber Panam\u00e1\",\"description\":\"Globber - El Mundo Sobre Ruedas\",\"publisher\":{\"@id\":\"https:\/\/www.globber.com\/pa\/#organization\"},\"potentialAction\":[{\"@type\":\"SearchAction\",\"target\":{\"@type\":\"EntryPoint\",\"urlTemplate\":\"https:\/\/www.globber.com\/pa\/?s={search_term_string}\"},\"query-input\":{\"@type\":\"PropertyValueSpecification\",\"valueRequired\":true,\"valueName\":\"search_term_string\"}}],\"inLanguage\":\"es\"},{\"@type\":\"Organization\",\"@id\":\"https:\/\/www.globber.com\/pa\/#organization\",\"name\":\"Globber Panam\u00e1\",\"url\":\"https:\/\/www.globber.com\/pa\/\",\"logo\":{\"@type\":\"ImageObject\",\"inLanguage\":\"es\",\"@id\":\"https:\/\/www.globber.com\/pa\/#\/schema\/logo\/image\/\",\"url\":\"https:\/\/cdn.globber.com\/content\/2024\/05\/logo.svg\",\"contentUrl\":\"https:\/\/cdn.globber.com\/content\/2024\/05\/logo.svg\",\"width\":601,\"height\":112,\"caption\":\"Globber Panam\u00e1\"},\"image\":{\"@id\":\"https:\/\/www.globber.com\/pa\/#\/schema\/logo\/image\/\"}}]}<\/script>\n<meta property=\"og:availability\" content=\"instock\" \/>\n<meta property=\"product:availability\" content=\"instock\" \/>\n<meta property=\"product:retailer_item_id\" content=\"610-2XX\" \/>\n<meta property=\"product:condition\" content=\"new\" \/>\n<!-- \/ Yoast SEO Premium plugin. -->","yoast_head_json":{"title":"GO BIKE - CUADRO REVERSIBLE - Globber Panam\u00e1","robots":{"index":"index","follow":"follow","max-snippet":"max-snippet:-1","max-image-preview":"max-image-preview:large","max-video-preview":"max-video-preview:-1"},"canonical":"https:\/\/www.globber.com\/pa\/product\/go-bike-reversible-frame\/","og_locale":"es_ES","og_type":"article","og_title":"GO BIKE - CUADRO REVERSIBLE - Globber Panam\u00e1","og_description":"Bicicleta de equilibrio con estructura de acero reversible (2 a 5 a\u00f1os)","og_url":"https:\/\/www.globber.com\/pa\/product\/go-bike-reversible-frame\/","og_site_name":"Globber Panam\u00e1","article_modified_time":"2025-03-19T14:58:42+00:00","og_image":[{"width":1920,"height":1920,"url":"https:\/\/cdn.globber.com\/content\/2023\/08\/best-balance-bike-for-toddlers-sky-blue.jpg","type":"image\/jpeg"}],"twitter_card":"summary_large_image","twitter_misc":{"Availability":"In stock"},"schema":{"@context":"https:\/\/schema.org","@graph":[{"@type":["WebPage","ItemPage"],"@id":"https:\/\/www.globber.com\/pa\/product\/go-bike-reversible-frame\/","url":"https:\/\/www.globber.com\/pa\/product\/go-bike-reversible-frame\/","name":"GO BIKE - CUADRO REVERSIBLE - Globber Panam\u00e1","isPartOf":{"@id":"https:\/\/www.globber.com\/pa\/#website"},"primaryImageOfPage":{"@id":"https:\/\/www.globber.com\/pa\/product\/go-bike-reversible-frame\/#primaryimage"},"image":{"@id":"https:\/\/www.globber.com\/pa\/product\/go-bike-reversible-frame\/#primaryimage"},"thumbnailUrl":"https:\/\/cdn.globber.com\/content\/2023\/08\/best-balance-bike-for-toddlers-sky-blue.jpg","datePublished":"2023-08-25T02:15:49+00:00","dateModified":"2025-03-19T14:58:42+00:00","breadcrumb":{"@id":"https:\/\/www.globber.com\/pa\/product\/go-bike-reversible-frame\/#breadcrumb"},"inLanguage":"es","potentialAction":[{"@type":"ReadAction","target":["https:\/\/www.globber.com\/pa\/product\/go-bike-reversible-frame\/"]}]},{"@type":"ImageObject","inLanguage":"es","@id":"https:\/\/www.globber.com\/pa\/product\/go-bike-reversible-frame\/#primaryimage","url":"https:\/\/cdn.globber.com\/content\/2023\/08\/best-balance-bike-for-toddlers-sky-blue.jpg","contentUrl":"https:\/\/cdn.globber.com\/content\/2023\/08\/best-balance-bike-for-toddlers-sky-blue.jpg","width":1920,"height":1920},{"@type":"BreadcrumbList","@id":"https:\/\/www.globber.com\/pa\/product\/go-bike-reversible-frame\/#breadcrumb","itemListElement":[{"@type":"ListItem","position":1,"name":"Todos los productos","item":"https:\/\/www.globber.com\/pa\/comprar-por-producto\/"},{"@type":"ListItem","position":2,"name":"GO BIKE - CUADRO REVERSIBLE"}]},{"@type":"WebSite","@id":"https:\/\/www.globber.com\/pa\/#website","url":"https:\/\/www.globber.com\/pa\/","name":"Globber Panam\u00e1","description":"Globber - El Mundo Sobre Ruedas","publisher":{"@id":"https:\/\/www.globber.com\/pa\/#organization"},"potentialAction":[{"@type":"SearchAction","target":{"@type":"EntryPoint","urlTemplate":"https:\/\/www.globber.com\/pa\/?s={search_term_string}"},"query-input":{"@type":"PropertyValueSpecification","valueRequired":true,"valueName":"search_term_string"}}],"inLanguage":"es"},{"@type":"Organization","@id":"https:\/\/www.globber.com\/pa\/#organization","name":"Globber Panam\u00e1","url":"https:\/\/www.globber.com\/pa\/","logo":{"@type":"ImageObject","inLanguage":"es","@id":"https:\/\/www.globber.com\/pa\/#\/schema\/logo\/image\/","url":"https:\/\/cdn.globber.com\/content\/2024\/05\/logo.svg","contentUrl":"https:\/\/cdn.globber.com\/content\/2024\/05\/logo.svg","width":601,"height":112,"caption":"Globber Panam\u00e1"},"image":{"@id":"https:\/\/www.globber.com\/pa\/#\/schema\/logo\/image\/"}}]},"og_availability":"instock","product_availability":"instock","product_retailer_item_id":"610-2XX","product_condition":"new"},"_links":{"self":[{"href":"https:\/\/www.globber.com\/pa\/wp-json\/wp\/v2\/product\/9993","targetHints":{"allow":["GET"]}}],"collection":[{"href":"https:\/\/www.globber.com\/pa\/wp-json\/wp\/v2\/product"}],"about":[{"href":"https:\/\/www.globber.com\/pa\/wp-json\/wp\/v2\/types\/product"}],"replies":[{"embeddable":true,"href":"https:\/\/www.globber.com\/pa\/wp-json\/wp\/v2\/comments?post=9993"}],"wp:featuredmedia":[{"embeddable":true,"href":"https:\/\/www.globber.com\/pa\/wp-json\/wp\/v2\/media\/10202"}],"wp:attachment":[{"href":"https:\/\/www.globber.com\/pa\/wp-json\/wp\/v2\/media?parent=9993"}],"wp:term":[{"taxonomy":"product-special-badges","embeddable":true,"href":"https:\/\/www.globber.com\/pa\/wp-json\/wp\/v2\/product-special-badges?post=9993"},{"taxonomy":"product_brand","embeddable":true,"href":"https:\/\/www.globber.com\/pa\/wp-json\/wp\/v2\/product_brand?post=9993"},{"taxonomy":"product_cat","embeddable":true,"href":"https:\/\/www.globber.com\/pa\/wp-json\/wp\/v2\/product_cat?post=9993"},{"taxonomy":"product_tag","embeddable":true,"href":"https:\/\/www.globber.com\/pa\/wp-json\/wp\/v2\/product_tag?post=9993"}],"curies":[{"name":"wp","href":"https:\/\/api.w.org\/{rel}","templated":true}]}}