{"id":245,"date":"2022-09-12T20:33:33","date_gmt":"2022-09-12T20:33:33","guid":{"rendered":"http:\/\/www.globber.com\/ro\/compare\/"},"modified":"2024-11-26T04:15:32","modified_gmt":"2024-11-26T02:15:32","slug":"compare","status":"publish","type":"page","link":"https:\/\/www.globber.com\/ro\/compare\/","title":{"rendered":"Compara\u021bi"},"content":{"rendered":"<p>\u00cembun\u0103t\u0103\u021bi\u021bi sau cump\u0103ra\u021bi prima dvs. trotineta Globber? Afla\u021bi ce face fiecare c\u0103l\u0103torie diferit\u0103: Vizita\u021bi paginile de produse pentru triciclete pentru copii, biciclete f\u0103r\u0103 pedale sau trotinete \u0219i adaug\u0103-le aici pentru a ob\u021bine o prezentare rapid\u0103 \u0219i a alege c\u0103l\u0103toria care \u021bi se potrive\u0219te cel mai bine!<\/p>\n","protected":false},"excerpt":{"rendered":"<p>\u00cembun\u0103t\u0103\u021bi\u021bi sau cump\u0103ra\u021bi prima dvs. trotineta Globber? Afla\u021bi ce face fiecare c\u0103l\u0103torie diferit\u0103: Vizita\u021bi paginile de produse pentru triciclete pentru copii, biciclete f\u0103r\u0103 pedale sau trotinete \u0219i adaug\u0103-le aici pentru a ob\u021bine o prezentare rapid\u0103 \u0219i a alege c\u0103l\u0103toria care \u021bi se potrive\u0219te cel mai bine!<\/p>\n","protected":false},"author":1,"featured_media":0,"parent":0,"menu_order":0,"comment_status":"closed","ping_status":"closed","template":"templates\/compare.php","meta":{"_acf_changed":false,"inline_featured_image":false,"footnotes":""},"class_list":["post-245","page","type-page","status-publish","hentry"],"acf":[],"yoast_head":"<!-- This site is optimized with the Yoast SEO Premium plugin v20.12 (Yoast SEO v23.4) - https:\/\/yoast.com\/wordpress\/plugins\/seo\/ -->\n<title>Compare Baby Trikes, Balance Bikes, and Scooters \u2013 Globber<\/title>\n<meta name=\"description\" content=\"Upgrading or buying your first Globber scooter? See what makes each ride different: Visit the product pages of baby trikes, balance bikes, or scooters and add them here for a quick rundown to get the best ride that suits you!\" \/>\n<meta name=\"robots\" content=\"index, follow, max-snippet:-1, max-image-preview:large, max-video-preview:-1\" \/>\n<link rel=\"canonical\" href=\"https:\/\/www.globber.com\/ro\/compare\/\" \/>\n<meta property=\"og:locale\" content=\"ro_RO\" \/>\n<meta property=\"og:type\" content=\"article\" \/>\n<meta property=\"og:title\" content=\"Compare Baby Trikes, Balance Bikes, and Scooters \u2013 Globber\" \/>\n<meta property=\"og:description\" content=\"Upgrading or buying your first Globber scooter? See what makes each ride different: Visit the product pages of baby trikes, balance bikes, or scooters and add them here for a quick rundown to get the best ride that suits you!\" \/>\n<meta property=\"og:url\" content=\"https:\/\/www.globber.com\/ro\/compare\/\" \/>\n<meta property=\"og:site_name\" content=\"Globber Rom\u00e2nia\" \/>\n<meta property=\"article:modified_time\" content=\"2024-11-26T02:15:32+00:00\" \/>\n<meta name=\"twitter:card\" content=\"summary_large_image\" \/>\n<meta name=\"twitter:label1\" content=\"Timp estimat pentru citire\" \/>\n\t<meta name=\"twitter:data1\" content=\"1 minut\" \/>\n<script type=\"application\/ld+json\" class=\"yoast-schema-graph\">{\"@context\":\"https:\/\/schema.org\",\"@graph\":[{\"@type\":\"WebPage\",\"@id\":\"https:\/\/www.globber.com\/ro\/compare\/\",\"url\":\"https:\/\/www.globber.com\/ro\/compare\/\",\"name\":\"Compare Baby Trikes, Balance Bikes, and Scooters \u2013 Globber\",\"isPartOf\":{\"@id\":\"https:\/\/www.globber.com\/ro\/#website\"},\"datePublished\":\"2022-09-12T20:33:33+00:00\",\"dateModified\":\"2024-11-26T02:15:32+00:00\",\"description\":\"Upgrading or buying your first Globber scooter? See what makes each ride different: Visit the product pages of baby trikes, balance bikes, or scooters and add them here for a quick rundown to get the best ride that suits you!\",\"inLanguage\":\"ro-RO\",\"potentialAction\":[{\"@type\":\"ReadAction\",\"target\":[\"https:\/\/www.globber.com\/ro\/compare\/\"]}]},{\"@type\":\"WebSite\",\"@id\":\"https:\/\/www.globber.com\/ro\/#website\",\"url\":\"https:\/\/www.globber.com\/ro\/\",\"name\":\"Globber Rom\u00e2nia\",\"description\":\"Lumea pe ro\u021bi | Globber\",\"publisher\":{\"@id\":\"https:\/\/www.globber.com\/ro\/#organization\"},\"potentialAction\":[{\"@type\":\"SearchAction\",\"target\":{\"@type\":\"EntryPoint\",\"urlTemplate\":\"https:\/\/www.globber.com\/ro\/?s={search_term_string}\"},\"query-input\":{\"@type\":\"PropertyValueSpecification\",\"valueRequired\":true,\"valueName\":\"search_term_string\"}}],\"inLanguage\":\"ro-RO\"},{\"@type\":\"Organization\",\"@id\":\"https:\/\/www.globber.com\/ro\/#organization\",\"name\":\"Globber Rom\u00e2nia\",\"url\":\"https:\/\/www.globber.com\/ro\/\",\"logo\":{\"@type\":\"ImageObject\",\"inLanguage\":\"ro-RO\",\"@id\":\"https:\/\/www.globber.com\/ro\/#\/schema\/logo\/image\/\",\"url\":\"https:\/\/cdn.globber.com\/content\/2024\/05\/logo.svg\",\"contentUrl\":\"https:\/\/cdn.globber.com\/content\/2024\/05\/logo.svg\",\"width\":601,\"height\":112,\"caption\":\"Globber Rom\u00e2nia\"},\"image\":{\"@id\":\"https:\/\/www.globber.com\/ro\/#\/schema\/logo\/image\/\"}}]}<\/script>\n<!-- \/ Yoast SEO Premium plugin. -->","yoast_head_json":{"title":"Compare Baby Trikes, Balance Bikes, and Scooters \u2013 Globber","description":"Upgrading or buying your first Globber scooter? See what makes each ride different: Visit the product pages of baby trikes, balance bikes, or scooters and add them here for a quick rundown to get the best ride that suits you!","robots":{"index":"index","follow":"follow","max-snippet":"max-snippet:-1","max-image-preview":"max-image-preview:large","max-video-preview":"max-video-preview:-1"},"canonical":"https:\/\/www.globber.com\/ro\/compare\/","og_locale":"ro_RO","og_type":"article","og_title":"Compare Baby Trikes, Balance Bikes, and Scooters \u2013 Globber","og_description":"Upgrading or buying your first Globber scooter? See what makes each ride different: Visit the product pages of baby trikes, balance bikes, or scooters and add them here for a quick rundown to get the best ride that suits you!","og_url":"https:\/\/www.globber.com\/ro\/compare\/","og_site_name":"Globber Rom\u00e2nia","article_modified_time":"2024-11-26T02:15:32+00:00","twitter_card":"summary_large_image","twitter_misc":{"Timp estimat pentru citire":"1 minut"},"schema":{"@context":"https:\/\/schema.org","@graph":[{"@type":"WebPage","@id":"https:\/\/www.globber.com\/ro\/compare\/","url":"https:\/\/www.globber.com\/ro\/compare\/","name":"Compare Baby Trikes, Balance Bikes, and Scooters \u2013 Globber","isPartOf":{"@id":"https:\/\/www.globber.com\/ro\/#website"},"datePublished":"2022-09-12T20:33:33+00:00","dateModified":"2024-11-26T02:15:32+00:00","description":"Upgrading or buying your first Globber scooter? See what makes each ride different: Visit the product pages of baby trikes, balance bikes, or scooters and add them here for a quick rundown to get the best ride that suits you!","inLanguage":"ro-RO","potentialAction":[{"@type":"ReadAction","target":["https:\/\/www.globber.com\/ro\/compare\/"]}]},{"@type":"WebSite","@id":"https:\/\/www.globber.com\/ro\/#website","url":"https:\/\/www.globber.com\/ro\/","name":"Globber Rom\u00e2nia","description":"Lumea pe ro\u021bi | Globber","publisher":{"@id":"https:\/\/www.globber.com\/ro\/#organization"},"potentialAction":[{"@type":"SearchAction","target":{"@type":"EntryPoint","urlTemplate":"https:\/\/www.globber.com\/ro\/?s={search_term_string}"},"query-input":{"@type":"PropertyValueSpecification","valueRequired":true,"valueName":"search_term_string"}}],"inLanguage":"ro-RO"},{"@type":"Organization","@id":"https:\/\/www.globber.com\/ro\/#organization","name":"Globber Rom\u00e2nia","url":"https:\/\/www.globber.com\/ro\/","logo":{"@type":"ImageObject","inLanguage":"ro-RO","@id":"https:\/\/www.globber.com\/ro\/#\/schema\/logo\/image\/","url":"https:\/\/cdn.globber.com\/content\/2024\/05\/logo.svg","contentUrl":"https:\/\/cdn.globber.com\/content\/2024\/05\/logo.svg","width":601,"height":112,"caption":"Globber Rom\u00e2nia"},"image":{"@id":"https:\/\/www.globber.com\/ro\/#\/schema\/logo\/image\/"}}]}},"_links":{"self":[{"href":"https:\/\/www.globber.com\/ro\/wp-json\/wp\/v2\/pages\/245","targetHints":{"allow":["GET"]}}],"collection":[{"href":"https:\/\/www.globber.com\/ro\/wp-json\/wp\/v2\/pages"}],"about":[{"href":"https:\/\/www.globber.com\/ro\/wp-json\/wp\/v2\/types\/page"}],"author":[{"embeddable":true,"href":"https:\/\/www.globber.com\/ro\/wp-json\/wp\/v2\/users\/1"}],"replies":[{"embeddable":true,"href":"https:\/\/www.globber.com\/ro\/wp-json\/wp\/v2\/comments?post=245"}],"version-history":[{"count":0,"href":"https:\/\/www.globber.com\/ro\/wp-json\/wp\/v2\/pages\/245\/revisions"}],"wp:attachment":[{"href":"https:\/\/www.globber.com\/ro\/wp-json\/wp\/v2\/media?parent=245"}],"curies":[{"name":"wp","href":"https:\/\/api.w.org\/{rel}","templated":true}]}}