{"id":3,"date":"2022-08-01T10:50:25","date_gmt":"2022-08-01T10:50:25","guid":{"rendered":"http:\/\/www.globber.com\/ro\/?page_id=3"},"modified":"2025-03-06T09:17:57","modified_gmt":"2025-03-06T07:17:57","slug":"politica-privind","status":"publish","type":"page","link":"https:\/\/www.globber.com\/ro\/politica-privind\/","title":{"rendered":"Politica privind Cookie-urile:"},"content":{"rendered":"<p><\/p>\r\n<p><strong>Politica privind Cookie-urile:<\/strong><\/p>\r\n<p>Pagina Web folose\u0219te a\u0219a-numitele \u201c<em>Cookie-uri<\/em>\u201d. Cookie-urile sunt fi\u0219iere de mici dimensiuni, formate din litere \u0219i numere, care vor fi stocate pe computerul, terminalul mobil sau alte echipamente, prin intermediul unui browser web, pentru a oferi utilizatorului servicii \u0219i con\u021binut de cea mai bun\u0103 calitate ale unui utilizator de pe care se acceseaz\u0103 Internetul.\u00a0 Acestea stocheaz\u0103 anumite informa\u021bii (spre exemplu, limba preferat\u0103 sau set\u0103ri ale paginii web), pe care browserul dumneavoastr\u0103 ni le poate retransfera atunci c\u00e2nd accesa\u021bi din nou Pagina Web (\u00een func\u021bie de durata de via\u021b\u0103 a Cookie-ului).<\/p>\r\n<p><strong>Folosim dou\u0103 categorii de Cookie-uri:<\/strong><\/p>\r\n<ol>\r\n\t<li><em>Cookie-uri strict necesare pentru func\u021bionalitatea site-ului web<\/em><\/li>\r\n<\/ol>\r\n<p>Anumite cookie-uri sunt strict necesare pentru a v\u0103 permite explorarea acestui website \u015fi pentru a folosi serviciile \u015fi caracteristicile lui fundamentale. F\u0103r\u0103 aceste cookie-uri, spre exemplu, nu ve\u0163i putea s\u0103 accesa\u0163i anumite zone securizate sau s\u0103 urm\u0103ri\u0163i co\u015ful dvs. online de cump\u0103r\u0103turi. Aceste cookie-uri nu pot fi dezactivate.<\/p>\r\n<ol start=\"2\">\r\n\t<li><em>Cookie-uri op\u0163ionale<\/em><\/li>\r\n<\/ol>\r\n<p>Folosim \u00een interiorul site-ului nostru acest tip de cookie-uri pentru a v\u0103 permite o mai bun\u0103 experien\u0163\u0103 a folosirii acestuia. Informa\u0163iile primite de la aceste cookie-uri ne ajut\u0103 s\u0103 \u00een\u0163elegem modul \u00een care vizitatorii no\u015ftri folosesc website-ul pentru a putea \u00eembun\u0103t\u0103\u0163i calitatea con\u0163inutului prezentat dumneavoastr\u0103 si a experientei de navigare.<\/p>\r\n<p>Cookie-uri op\u021bionale includ cookie-uri Google Analytics (un serviciu de analiz\u0103 web a Google Inc.). Acest tip de cookie-uri monitorizeaz\u0103 participarea \u0219i analiza succesul site-ului, care sunt disponibile ca date statistice, f\u0103r\u0103 datele personale ale utilizatorilor individuali).<\/p>\r\n<p>Dorim s\u0103 ne asigur\u0103m c\u0103 \u00een orice moment ai controlul deplin asupra datelor tale \u0219i c\u0103 \u00ee\u021bi po\u021bi exercita efectiv drepturile \u0219i op\u021biunile pe care le ai potrivit GDPR.<\/p>\r\n<p>Pentru a ne asigura c\u0103 ai controlul efectiv al datelor tale, te inform\u0103m c\u0103 ai urm\u0103toarele posibilit\u0103\u021bi bazate pe tehnologiile pe care le ai la dispozi\u021bie:<\/p>\r\n<ul>\r\n\t<li>vei putea \u0219terge cookie-urile sau istoricul navig\u0103rilor din set\u0103rile website-ului Magazinului Online; \u00een plus, po\u021bi alege s\u0103 modifici set\u0103rile browser-ului pe care \u00eel folose\u0219ti astfel \u00eenc\u00e2t s\u0103 restric\u021bionezi urm\u0103rirea de c\u0103tre cookie-uri a comportamentului t\u0103u \u00een Magazinul Online (totu\u0219i, aceste restric\u021bion\u0103ri \u00ee\u021bi pot afecta experien\u021ba de navigare \u00een Magazinul Online);<\/li>\r\n\t<li>platformele social media \u0219i motoarele de c\u0103utare (de ex. Google sau Facebook) \u00ee\u021bi ofer\u0103 posibilitatea de a gestiona diverse op\u021biuni privind modul \u00een care alegi s\u0103 \u00ee\u021bi prelucreze datele.<\/li>\r\n<\/ul>\r\n<p>\u00centrebari si solicitari cu privire la protectia datelor<\/p>\r\n<p>SC Bridge Solutions SRL \u00ee\u021bi st\u0103 la dispozi\u021bie pentru orice nel\u0103muriri, clarific\u0103ri sau orice detalii de care ai nevoie cu privire la prezenta Politic\u0103 de Prelucrare a Datelor.<\/p>\r\n<p>&nbsp;<\/p>","protected":false},"excerpt":{"rendered":"<p>Politica privind Cookie-urile: Pagina Web folose\u0219te a\u0219a-numitele \u201cCookie-uri\u201d. Cookie-urile sunt fi\u0219iere de mici dimensiuni, formate din litere \u0219i numere, care vor fi stocate pe computerul, terminalul mobil sau alte echipamente, prin intermediul unui browser web, pentru a oferi utilizatorului servicii \u0219i con\u021binut de cea mai bun\u0103 calitate ale unui utilizator de pe care se acceseaz\u0103 [&hellip;]<\/p>\n","protected":false},"author":47,"featured_media":0,"parent":0,"menu_order":0,"comment_status":"closed","ping_status":"closed","template":"","meta":{"_acf_changed":false,"inline_featured_image":false,"footnotes":""},"class_list":["post-3","page","type-page","status-publish","hentry"],"acf":[],"yoast_head":"<!-- This site is optimized with the Yoast SEO Premium plugin v20.12 (Yoast SEO v23.4) - https:\/\/yoast.com\/wordpress\/plugins\/seo\/ -->\n<title>Politica privind Cookie-urile: - Globber Rom\u00e2nia<\/title>\n<meta name=\"robots\" content=\"noindex, nofollow\" \/>\n<meta property=\"og:locale\" content=\"ro_RO\" \/>\n<meta property=\"og:type\" content=\"article\" \/>\n<meta property=\"og:title\" content=\"Politica privind Cookie-urile: - Globber Rom\u00e2nia\" \/>\n<meta property=\"og:description\" content=\"Politica privind Cookie-urile: Pagina Web folose\u0219te a\u0219a-numitele \u201cCookie-uri\u201d. Cookie-urile sunt fi\u0219iere de mici dimensiuni, formate din litere \u0219i numere, care vor fi stocate pe computerul, terminalul mobil sau alte echipamente, prin intermediul unui browser web, pentru a oferi utilizatorului servicii \u0219i con\u021binut de cea mai bun\u0103 calitate ale unui utilizator de pe care se acceseaz\u0103 [&hellip;]\" \/>\n<meta property=\"og:url\" content=\"https:\/\/www.globber.com\/ro\/politica-privind\/\" \/>\n<meta property=\"og:site_name\" content=\"Globber Rom\u00e2nia\" \/>\n<meta property=\"article:modified_time\" content=\"2025-03-06T07:17:57+00:00\" \/>\n<meta name=\"twitter:card\" content=\"summary_large_image\" \/>\n<meta name=\"twitter:label1\" content=\"Timp estimat pentru citire\" \/>\n\t<meta name=\"twitter:data1\" content=\"3 minute\" \/>\n<script type=\"application\/ld+json\" class=\"yoast-schema-graph\">{\"@context\":\"https:\/\/schema.org\",\"@graph\":[{\"@type\":\"WebPage\",\"@id\":\"https:\/\/www.globber.com\/ro\/politica-privind\/\",\"url\":\"https:\/\/www.globber.com\/ro\/politica-privind\/\",\"name\":\"Politica privind Cookie-urile: - Globber Rom\u00e2nia\",\"isPartOf\":{\"@id\":\"https:\/\/www.globber.com\/ro\/#website\"},\"datePublished\":\"2022-08-01T10:50:25+00:00\",\"dateModified\":\"2025-03-06T07:17:57+00:00\",\"inLanguage\":\"ro-RO\",\"potentialAction\":[{\"@type\":\"ReadAction\",\"target\":[\"https:\/\/www.globber.com\/ro\/politica-privind\/\"]}]},{\"@type\":\"WebSite\",\"@id\":\"https:\/\/www.globber.com\/ro\/#website\",\"url\":\"https:\/\/www.globber.com\/ro\/\",\"name\":\"Globber Rom\u00e2nia\",\"description\":\"Lumea pe ro\u021bi | Globber\",\"publisher\":{\"@id\":\"https:\/\/www.globber.com\/ro\/#organization\"},\"potentialAction\":[{\"@type\":\"SearchAction\",\"target\":{\"@type\":\"EntryPoint\",\"urlTemplate\":\"https:\/\/www.globber.com\/ro\/?s={search_term_string}\"},\"query-input\":{\"@type\":\"PropertyValueSpecification\",\"valueRequired\":true,\"valueName\":\"search_term_string\"}}],\"inLanguage\":\"ro-RO\"},{\"@type\":\"Organization\",\"@id\":\"https:\/\/www.globber.com\/ro\/#organization\",\"name\":\"Globber Rom\u00e2nia\",\"url\":\"https:\/\/www.globber.com\/ro\/\",\"logo\":{\"@type\":\"ImageObject\",\"inLanguage\":\"ro-RO\",\"@id\":\"https:\/\/www.globber.com\/ro\/#\/schema\/logo\/image\/\",\"url\":\"https:\/\/cdn.globber.com\/content\/2024\/05\/logo.svg\",\"contentUrl\":\"https:\/\/cdn.globber.com\/content\/2024\/05\/logo.svg\",\"width\":601,\"height\":112,\"caption\":\"Globber Rom\u00e2nia\"},\"image\":{\"@id\":\"https:\/\/www.globber.com\/ro\/#\/schema\/logo\/image\/\"}}]}<\/script>\n<!-- \/ Yoast SEO Premium plugin. -->","yoast_head_json":{"title":"Politica privind Cookie-urile: - Globber Rom\u00e2nia","robots":{"index":"noindex","follow":"nofollow"},"og_locale":"ro_RO","og_type":"article","og_title":"Politica privind Cookie-urile: - Globber Rom\u00e2nia","og_description":"Politica privind Cookie-urile: Pagina Web folose\u0219te a\u0219a-numitele \u201cCookie-uri\u201d. Cookie-urile sunt fi\u0219iere de mici dimensiuni, formate din litere \u0219i numere, care vor fi stocate pe computerul, terminalul mobil sau alte echipamente, prin intermediul unui browser web, pentru a oferi utilizatorului servicii \u0219i con\u021binut de cea mai bun\u0103 calitate ale unui utilizator de pe care se acceseaz\u0103 [&hellip;]","og_url":"https:\/\/www.globber.com\/ro\/politica-privind\/","og_site_name":"Globber Rom\u00e2nia","article_modified_time":"2025-03-06T07:17:57+00:00","twitter_card":"summary_large_image","twitter_misc":{"Timp estimat pentru citire":"3 minute"},"schema":{"@context":"https:\/\/schema.org","@graph":[{"@type":"WebPage","@id":"https:\/\/www.globber.com\/ro\/politica-privind\/","url":"https:\/\/www.globber.com\/ro\/politica-privind\/","name":"Politica privind Cookie-urile: - Globber Rom\u00e2nia","isPartOf":{"@id":"https:\/\/www.globber.com\/ro\/#website"},"datePublished":"2022-08-01T10:50:25+00:00","dateModified":"2025-03-06T07:17:57+00:00","inLanguage":"ro-RO","potentialAction":[{"@type":"ReadAction","target":["https:\/\/www.globber.com\/ro\/politica-privind\/"]}]},{"@type":"WebSite","@id":"https:\/\/www.globber.com\/ro\/#website","url":"https:\/\/www.globber.com\/ro\/","name":"Globber Rom\u00e2nia","description":"Lumea pe ro\u021bi | Globber","publisher":{"@id":"https:\/\/www.globber.com\/ro\/#organization"},"potentialAction":[{"@type":"SearchAction","target":{"@type":"EntryPoint","urlTemplate":"https:\/\/www.globber.com\/ro\/?s={search_term_string}"},"query-input":{"@type":"PropertyValueSpecification","valueRequired":true,"valueName":"search_term_string"}}],"inLanguage":"ro-RO"},{"@type":"Organization","@id":"https:\/\/www.globber.com\/ro\/#organization","name":"Globber Rom\u00e2nia","url":"https:\/\/www.globber.com\/ro\/","logo":{"@type":"ImageObject","inLanguage":"ro-RO","@id":"https:\/\/www.globber.com\/ro\/#\/schema\/logo\/image\/","url":"https:\/\/cdn.globber.com\/content\/2024\/05\/logo.svg","contentUrl":"https:\/\/cdn.globber.com\/content\/2024\/05\/logo.svg","width":601,"height":112,"caption":"Globber Rom\u00e2nia"},"image":{"@id":"https:\/\/www.globber.com\/ro\/#\/schema\/logo\/image\/"}}]}},"_links":{"self":[{"href":"https:\/\/www.globber.com\/ro\/wp-json\/wp\/v2\/pages\/3","targetHints":{"allow":["GET"]}}],"collection":[{"href":"https:\/\/www.globber.com\/ro\/wp-json\/wp\/v2\/pages"}],"about":[{"href":"https:\/\/www.globber.com\/ro\/wp-json\/wp\/v2\/types\/page"}],"author":[{"embeddable":true,"href":"https:\/\/www.globber.com\/ro\/wp-json\/wp\/v2\/users\/47"}],"replies":[{"embeddable":true,"href":"https:\/\/www.globber.com\/ro\/wp-json\/wp\/v2\/comments?post=3"}],"version-history":[{"count":1,"href":"https:\/\/www.globber.com\/ro\/wp-json\/wp\/v2\/pages\/3\/revisions"}],"predecessor-version":[{"id":14144,"href":"https:\/\/www.globber.com\/ro\/wp-json\/wp\/v2\/pages\/3\/revisions\/14144"}],"wp:attachment":[{"href":"https:\/\/www.globber.com\/ro\/wp-json\/wp\/v2\/media?parent=3"}],"curies":[{"name":"wp","href":"https:\/\/api.w.org\/{rel}","templated":true}]}}