{"id":11185,"date":"2023-10-31T01:56:10","date_gmt":"2023-10-31T01:56:10","guid":{"rendered":"https:\/\/www.globber.com\/ro\/product\/trotineta-globber-primo\/"},"modified":"2026-03-17T09:02:25","modified_gmt":"2026-03-17T07:02:25","slug":"trotineta-globber-primo","status":"publish","type":"product","link":"https:\/\/www.globber.com\/ro\/product\/trotineta-globber-primo\/","title":{"rendered":"PRIMO"},"content":{"rendered":"<p>Trotineta Primo reglabil\u0103 este o alegere excelent\u0103 pentru utilizatorii care caut\u0103 o trotinet\u0103 confortabil\u0103 \u0219i u\u0219or de utilizat, fiind potrivit\u0103 pentru copii.<\/p>\n<p>Trotineta dispune de un ghidon ajustabil care poate fi setat la diferite \u00een\u0103l\u021bimi, permi\u021b\u00e2nd utilizatorului s\u0103 \u00ee\u0219i g\u0103seasc\u0103 pozi\u021bia optim\u0103 pentru confort. Fabricat\u0103 din materiale durabile, oferind un echilibru bun \u00eentre greutate \u0219i rezisten\u021b\u0103, astfel \u00eenc\u00e2t s\u0103 poat\u0103 suporta utilizarea\u00a0frecvent\u0103.<\/p>\n<p>Designul platformei include un material antiderapant pentru a oferi o aderen\u021b\u0103 mai bun\u0103 \u0219i stabilitate \u00een timpul utiliz\u0103rii.<\/p>\n<div>*Asamblarea trebuie efectuata exclusiv de catre un adult. Inainte de montare jucaria se pastreaza departe de copil, deoarece poate fi ranit de componentele mai grele sau ascutite. Inainte de folosire, asigurati-va ca este corect asamblata.<\/div>\n<p>&nbsp;<\/p>\n","protected":false},"excerpt":{"rendered":"<ul>\n<li>Ghidon reglabil pe \u00een\u0103l\u021bime \u00een 3 pozi\u021bii.<\/li>\n<li>Buton de blocare a directiei.<\/li>\n<\/ul>\n","protected":false},"featured_media":13898,"comment_status":"closed","ping_status":"closed","template":"","meta":{"_acf_changed":false,"inline_featured_image":false},"product-special-badges":[],"product_brand":[],"product_cat":[1681,1691,399],"product_tag":[3708],"class_list":{"0":"post-11185","1":"product","2":"type-product","3":"status-publish","4":"has-post-thumbnail","6":"product_cat-primo-series","7":"product_cat-3-wheel-scooters-for-all-ages","8":"product_cat-scooters-for-kids","9":"product_tag-import","10":"product_shipping_class-usoare","11":"pa_adjustable-yes","12":"pa_age-range-3-6y","13":"pa_color-navy-blue","14":"pa_ean-3294","15":"pa_foldable-no","16":"pa_max-user-weight-50kg","17":"pa_product-type-3-wheel-scooter","18":"pa_recommended-user-height-95-110cm","20":"first","21":"outofstock","22":"taxable","23":"shipping-taxable","24":"purchasable","25":"product-type-variable"},"acf":[],"yoast_head":"<!-- This site is optimized with the Yoast SEO Premium plugin v20.12 (Yoast SEO v23.4) - https:\/\/yoast.com\/wordpress\/plugins\/seo\/ -->\n<title>PRIMO - Globber Rom\u00e2nia<\/title>\n<meta name=\"robots\" content=\"index, follow, max-snippet:-1, max-image-preview:large, max-video-preview:-1\" \/>\n<link rel=\"canonical\" href=\"https:\/\/www.globber.com\/ro\/product\/trotineta-globber-primo\/\" \/>\n<meta property=\"og:locale\" content=\"ro_RO\" \/>\n<meta property=\"og:type\" content=\"article\" \/>\n<meta property=\"og:title\" content=\"PRIMO - Globber Rom\u00e2nia\" \/>\n<meta property=\"og:description\" content=\"Ghidon reglabil pe \u00een\u0103l\u021bime \u00een 3 pozi\u021bii.  Buton de blocare a directiei.\" \/>\n<meta property=\"og:url\" content=\"https:\/\/www.globber.com\/ro\/product\/trotineta-globber-primo\/\" \/>\n<meta property=\"og:site_name\" content=\"Globber Rom\u00e2nia\" \/>\n<meta property=\"article:modified_time\" content=\"2026-03-17T07:02:25+00:00\" \/>\n<meta property=\"og:image\" content=\"https:\/\/cdn.globber.com\/content\/sites\/39\/2024\/11\/6747eefe6cf76.jpg\" \/>\n\t<meta property=\"og:image:width\" content=\"2048\" \/>\n\t<meta property=\"og:image:height\" content=\"2048\" \/>\n\t<meta property=\"og:image:type\" content=\"image\/jpeg\" \/>\n<meta name=\"twitter:card\" content=\"summary_large_image\" \/>\n<meta name=\"twitter:label1\" content=\"Availability\" \/>\n\t<meta name=\"twitter:data1\" content=\"Out of stock\" \/>\n<script type=\"application\/ld+json\" class=\"yoast-schema-graph\">{\"@context\":\"https:\/\/schema.org\",\"@graph\":[{\"@type\":[\"WebPage\",\"ItemPage\"],\"@id\":\"https:\/\/www.globber.com\/ro\/product\/trotineta-globber-primo\/\",\"url\":\"https:\/\/www.globber.com\/ro\/product\/trotineta-globber-primo\/\",\"name\":\"PRIMO - Globber Rom\u00e2nia\",\"isPartOf\":{\"@id\":\"https:\/\/www.globber.com\/ro\/#website\"},\"primaryImageOfPage\":{\"@id\":\"https:\/\/www.globber.com\/ro\/product\/trotineta-globber-primo\/#primaryimage\"},\"image\":{\"@id\":\"https:\/\/www.globber.com\/ro\/product\/trotineta-globber-primo\/#primaryimage\"},\"thumbnailUrl\":\"https:\/\/cdn.globber.com\/content\/sites\/39\/2024\/11\/6747eefe6cf76.jpg\",\"datePublished\":\"2023-10-31T01:56:10+00:00\",\"dateModified\":\"2026-03-17T07:02:25+00:00\",\"breadcrumb\":{\"@id\":\"https:\/\/www.globber.com\/ro\/product\/trotineta-globber-primo\/#breadcrumb\"},\"inLanguage\":\"ro-RO\",\"potentialAction\":[{\"@type\":\"ReadAction\",\"target\":[\"https:\/\/www.globber.com\/ro\/product\/trotineta-globber-primo\/\"]}]},{\"@type\":\"ImageObject\",\"inLanguage\":\"ro-RO\",\"@id\":\"https:\/\/www.globber.com\/ro\/product\/trotineta-globber-primo\/#primaryimage\",\"url\":\"https:\/\/cdn.globber.com\/content\/sites\/39\/2024\/11\/6747eefe6cf76.jpg\",\"contentUrl\":\"https:\/\/cdn.globber.com\/content\/sites\/39\/2024\/11\/6747eefe6cf76.jpg\",\"width\":2048,\"height\":2048},{\"@type\":\"BreadcrumbList\",\"@id\":\"https:\/\/www.globber.com\/ro\/product\/trotineta-globber-primo\/#breadcrumb\",\"itemListElement\":[{\"@type\":\"ListItem\",\"position\":1,\"name\":\"Toate produsele\",\"item\":\"https:\/\/www.globber.com\/ro\/shop-by-product\/\"},{\"@type\":\"ListItem\",\"position\":2,\"name\":\"PRIMO\"}]},{\"@type\":\"WebSite\",\"@id\":\"https:\/\/www.globber.com\/ro\/#website\",\"url\":\"https:\/\/www.globber.com\/ro\/\",\"name\":\"Globber Rom\u00e2nia\",\"description\":\"Lumea pe ro\u021bi | Globber\",\"publisher\":{\"@id\":\"https:\/\/www.globber.com\/ro\/#organization\"},\"potentialAction\":[{\"@type\":\"SearchAction\",\"target\":{\"@type\":\"EntryPoint\",\"urlTemplate\":\"https:\/\/www.globber.com\/ro\/?s={search_term_string}\"},\"query-input\":{\"@type\":\"PropertyValueSpecification\",\"valueRequired\":true,\"valueName\":\"search_term_string\"}}],\"inLanguage\":\"ro-RO\"},{\"@type\":\"Organization\",\"@id\":\"https:\/\/www.globber.com\/ro\/#organization\",\"name\":\"Globber Rom\u00e2nia\",\"url\":\"https:\/\/www.globber.com\/ro\/\",\"logo\":{\"@type\":\"ImageObject\",\"inLanguage\":\"ro-RO\",\"@id\":\"https:\/\/www.globber.com\/ro\/#\/schema\/logo\/image\/\",\"url\":\"https:\/\/cdn.globber.com\/content\/2024\/05\/logo.svg\",\"contentUrl\":\"https:\/\/cdn.globber.com\/content\/2024\/05\/logo.svg\",\"width\":601,\"height\":112,\"caption\":\"Globber Rom\u00e2nia\"},\"image\":{\"@id\":\"https:\/\/www.globber.com\/ro\/#\/schema\/logo\/image\/\"}}]}<\/script>\n<meta property=\"og:availability\" content=\"out of stock\" \/>\n<meta property=\"product:availability\" content=\"out of stock\" \/>\n<meta property=\"product:retailer_item_id\" content=\"422-XXX\" \/>\n<meta property=\"product:condition\" content=\"new\" \/>\n<!-- \/ Yoast SEO Premium plugin. -->","yoast_head_json":{"title":"PRIMO - Globber Rom\u00e2nia","robots":{"index":"index","follow":"follow","max-snippet":"max-snippet:-1","max-image-preview":"max-image-preview:large","max-video-preview":"max-video-preview:-1"},"canonical":"https:\/\/www.globber.com\/ro\/product\/trotineta-globber-primo\/","og_locale":"ro_RO","og_type":"article","og_title":"PRIMO - Globber Rom\u00e2nia","og_description":"Ghidon reglabil pe \u00een\u0103l\u021bime \u00een 3 pozi\u021bii.  Buton de blocare a directiei.","og_url":"https:\/\/www.globber.com\/ro\/product\/trotineta-globber-primo\/","og_site_name":"Globber Rom\u00e2nia","article_modified_time":"2026-03-17T07:02:25+00:00","og_image":[{"width":2048,"height":2048,"url":"https:\/\/cdn.globber.com\/content\/sites\/39\/2024\/11\/6747eefe6cf76.jpg","type":"image\/jpeg"}],"twitter_card":"summary_large_image","twitter_misc":{"Availability":"Out of stock"},"schema":{"@context":"https:\/\/schema.org","@graph":[{"@type":["WebPage","ItemPage"],"@id":"https:\/\/www.globber.com\/ro\/product\/trotineta-globber-primo\/","url":"https:\/\/www.globber.com\/ro\/product\/trotineta-globber-primo\/","name":"PRIMO - Globber Rom\u00e2nia","isPartOf":{"@id":"https:\/\/www.globber.com\/ro\/#website"},"primaryImageOfPage":{"@id":"https:\/\/www.globber.com\/ro\/product\/trotineta-globber-primo\/#primaryimage"},"image":{"@id":"https:\/\/www.globber.com\/ro\/product\/trotineta-globber-primo\/#primaryimage"},"thumbnailUrl":"https:\/\/cdn.globber.com\/content\/sites\/39\/2024\/11\/6747eefe6cf76.jpg","datePublished":"2023-10-31T01:56:10+00:00","dateModified":"2026-03-17T07:02:25+00:00","breadcrumb":{"@id":"https:\/\/www.globber.com\/ro\/product\/trotineta-globber-primo\/#breadcrumb"},"inLanguage":"ro-RO","potentialAction":[{"@type":"ReadAction","target":["https:\/\/www.globber.com\/ro\/product\/trotineta-globber-primo\/"]}]},{"@type":"ImageObject","inLanguage":"ro-RO","@id":"https:\/\/www.globber.com\/ro\/product\/trotineta-globber-primo\/#primaryimage","url":"https:\/\/cdn.globber.com\/content\/sites\/39\/2024\/11\/6747eefe6cf76.jpg","contentUrl":"https:\/\/cdn.globber.com\/content\/sites\/39\/2024\/11\/6747eefe6cf76.jpg","width":2048,"height":2048},{"@type":"BreadcrumbList","@id":"https:\/\/www.globber.com\/ro\/product\/trotineta-globber-primo\/#breadcrumb","itemListElement":[{"@type":"ListItem","position":1,"name":"Toate produsele","item":"https:\/\/www.globber.com\/ro\/shop-by-product\/"},{"@type":"ListItem","position":2,"name":"PRIMO"}]},{"@type":"WebSite","@id":"https:\/\/www.globber.com\/ro\/#website","url":"https:\/\/www.globber.com\/ro\/","name":"Globber Rom\u00e2nia","description":"Lumea pe ro\u021bi | Globber","publisher":{"@id":"https:\/\/www.globber.com\/ro\/#organization"},"potentialAction":[{"@type":"SearchAction","target":{"@type":"EntryPoint","urlTemplate":"https:\/\/www.globber.com\/ro\/?s={search_term_string}"},"query-input":{"@type":"PropertyValueSpecification","valueRequired":true,"valueName":"search_term_string"}}],"inLanguage":"ro-RO"},{"@type":"Organization","@id":"https:\/\/www.globber.com\/ro\/#organization","name":"Globber Rom\u00e2nia","url":"https:\/\/www.globber.com\/ro\/","logo":{"@type":"ImageObject","inLanguage":"ro-RO","@id":"https:\/\/www.globber.com\/ro\/#\/schema\/logo\/image\/","url":"https:\/\/cdn.globber.com\/content\/2024\/05\/logo.svg","contentUrl":"https:\/\/cdn.globber.com\/content\/2024\/05\/logo.svg","width":601,"height":112,"caption":"Globber Rom\u00e2nia"},"image":{"@id":"https:\/\/www.globber.com\/ro\/#\/schema\/logo\/image\/"}}]},"og_availability":"out of stock","product_availability":"out of stock","product_retailer_item_id":"422-XXX","product_condition":"new"},"_links":{"self":[{"href":"https:\/\/www.globber.com\/ro\/wp-json\/wp\/v2\/product\/11185","targetHints":{"allow":["GET"]}}],"collection":[{"href":"https:\/\/www.globber.com\/ro\/wp-json\/wp\/v2\/product"}],"about":[{"href":"https:\/\/www.globber.com\/ro\/wp-json\/wp\/v2\/types\/product"}],"replies":[{"embeddable":true,"href":"https:\/\/www.globber.com\/ro\/wp-json\/wp\/v2\/comments?post=11185"}],"wp:featuredmedia":[{"embeddable":true,"href":"https:\/\/www.globber.com\/ro\/wp-json\/wp\/v2\/media\/13898"}],"wp:attachment":[{"href":"https:\/\/www.globber.com\/ro\/wp-json\/wp\/v2\/media?parent=11185"}],"wp:term":[{"taxonomy":"product-special-badges","embeddable":true,"href":"https:\/\/www.globber.com\/ro\/wp-json\/wp\/v2\/product-special-badges?post=11185"},{"taxonomy":"product_brand","embeddable":true,"href":"https:\/\/www.globber.com\/ro\/wp-json\/wp\/v2\/product_brand?post=11185"},{"taxonomy":"product_cat","embeddable":true,"href":"https:\/\/www.globber.com\/ro\/wp-json\/wp\/v2\/product_cat?post=11185"},{"taxonomy":"product_tag","embeddable":true,"href":"https:\/\/www.globber.com\/ro\/wp-json\/wp\/v2\/product_tag?post=11185"}],"curies":[{"name":"wp","href":"https:\/\/api.w.org\/{rel}","templated":true}]}}