{"id":11191,"date":"2023-10-31T01:56:10","date_gmt":"2023-10-31T01:56:10","guid":{"rendered":"https:\/\/www.globber.com\/ro\/product\/trotineta-globber-primo-pliabila\/"},"modified":"2026-04-26T10:46:19","modified_gmt":"2026-04-26T07:46:19","slug":"trotineta-globber-primo-pliabila","status":"publish","type":"product","link":"https:\/\/www.globber.com\/ro\/product\/trotineta-globber-primo-pliabila\/","title":{"rendered":"PRIMO PLIABILA"},"content":{"rendered":"<p>PRIMO PLIABILA este trotineta ideal\u0103 pe 3 ro\u021bi, pentru copii de 3\u20137+ ani. Datorit\u0103 designului g\u00e2ndit \u00een detaliu, sistemului patentat de blocare a direc\u021biei, ghidonului reglabil pe \u00een\u0103l\u021bime \u00een 3 pozi\u021bii, ofer\u0103 tot ce au nevoie micii aventurieri pentru plimb\u0103ri sigure \u0219i distractive.<\/p>\n<p>Sistemul de blocare a direc\u021biei \u00eei ajut\u0103 pe cei mici s\u0103 \u00eenve\u021be \u00een siguran\u021b\u0103 echilibrul \u0219i coordonarea. C\u00e2nd cap\u0103t\u0103 suficient\u0103 \u00eencredere, blocarea poate fi dezactivat\u0103 \u2013 iar atunci descoper\u0103 senza\u021bia autentic\u0103 de \u201elean-to-steer\u201d, vir\u00e2nd prin \u00eenclinarea corpului.<\/p>\n<p>Datorit\u0103 mecanismului practic de pliere, trotineta se pliaz\u0103 u\u0219or \u0219i poate fi transportat\u0103 comod \u2013 perfect\u0103 pentru drumuri, gr\u0103dini\u021b\u0103 sau spa\u021bii mici de locuit. PRIMO PLIABILA S este o trotinet\u0103 pentru copii robust\u0103 \u0219i reglabil\u0103, care \u00eembin\u0103 distrac\u021bia, siguran\u021ba \u0219i stilul pe trei ro\u021bi.<\/p>\n<p>Trotineta PRIMO PLIABILA este o alegere excelent\u0103 pentru utilizatorii care caut\u0103 o trotinet\u0103 confortabil\u0103 \u0219i u\u0219or de utilizat, fiind potrivit\u0103 pentru copii.\u00a0<\/p>\n<p>&nbsp;<\/p>\n","protected":false},"excerpt":{"rendered":"<ul>\n<li>Ghidon reglabil pe 3 nivele de inaltime.<\/li>\n<li>Buton blocare a directiei<\/li>\n<li>Pliabila cu un singur clic!<\/li>\n<\/ul>\n","protected":false},"featured_media":5243,"comment_status":"closed","ping_status":"closed","template":"","meta":{"_acf_changed":false,"inline_featured_image":false},"product-special-badges":[],"product_brand":[],"product_cat":[1681,1691,1696,399],"product_tag":[3708],"class_list":{"0":"post-11191","1":"product","2":"type-product","3":"status-publish","4":"has-post-thumbnail","6":"product_cat-primo-series","7":"product_cat-3-wheel-scooters-for-all-ages","8":"product_cat-trotinete-pliabile","9":"product_cat-scooters-for-kids","10":"product_tag-import","11":"product_shipping_class-usoare","12":"pa_adjustable-yes","13":"pa_age-range-3-6y","14":"pa_color-sky-blue","15":"pa_color-deep-pink","16":"pa_color-lime-green","17":"pa_ean-3304","18":"pa_ean-3307","19":"pa_ean-3308","20":"pa_foldable-yes","21":"pa_max-user-weight-50kg","22":"pa_recommended-user-height-95-110cm","24":"first","25":"outofstock","26":"taxable","27":"shipping-taxable","28":"purchasable","29":"product-type-variable"},"acf":[],"yoast_head":"<!-- This site is optimized with the Yoast SEO Premium plugin v20.12 (Yoast SEO v23.4) - https:\/\/yoast.com\/wordpress\/plugins\/seo\/ -->\n<title>PRIMO PLIABILA - Globber Rom\u00e2nia<\/title>\n<meta name=\"robots\" content=\"index, follow, max-snippet:-1, max-image-preview:large, max-video-preview:-1\" \/>\n<link rel=\"canonical\" href=\"https:\/\/www.globber.com\/ro\/product\/trotineta-globber-primo-pliabila\/\" \/>\n<meta property=\"og:locale\" content=\"ro_RO\" \/>\n<meta property=\"og:type\" content=\"article\" \/>\n<meta property=\"og:title\" content=\"PRIMO PLIABILA - Globber Rom\u00e2nia\" \/>\n<meta property=\"og:description\" content=\"Ghidon reglabil pe 3 nivele de inaltime.  Buton blocare a directiei  Pliabila cu un singur clic!\" \/>\n<meta property=\"og:url\" content=\"https:\/\/www.globber.com\/ro\/product\/trotineta-globber-primo-pliabila\/\" \/>\n<meta property=\"og:site_name\" content=\"Globber Rom\u00e2nia\" \/>\n<meta property=\"article:modified_time\" content=\"2026-04-26T07:46:19+00:00\" \/>\n<meta property=\"og:image\" content=\"https:\/\/cdn.globber.com\/content\/2022\/11\/6383b2e85996e.jpg\" \/>\n\t<meta property=\"og:image:width\" content=\"1920\" \/>\n\t<meta property=\"og:image:height\" content=\"1920\" \/>\n\t<meta property=\"og:image:type\" content=\"image\/jpeg\" \/>\n<meta name=\"twitter:card\" content=\"summary_large_image\" \/>\n<meta name=\"twitter:label1\" content=\"Availability\" \/>\n\t<meta name=\"twitter:data1\" content=\"Out of stock\" \/>\n<script type=\"application\/ld+json\" class=\"yoast-schema-graph\">{\"@context\":\"https:\/\/schema.org\",\"@graph\":[{\"@type\":[\"WebPage\",\"ItemPage\"],\"@id\":\"https:\/\/www.globber.com\/ro\/product\/trotineta-globber-primo-pliabila\/\",\"url\":\"https:\/\/www.globber.com\/ro\/product\/trotineta-globber-primo-pliabila\/\",\"name\":\"PRIMO PLIABILA - Globber Rom\u00e2nia\",\"isPartOf\":{\"@id\":\"https:\/\/www.globber.com\/ro\/#website\"},\"primaryImageOfPage\":{\"@id\":\"https:\/\/www.globber.com\/ro\/product\/trotineta-globber-primo-pliabila\/#primaryimage\"},\"image\":{\"@id\":\"https:\/\/www.globber.com\/ro\/product\/trotineta-globber-primo-pliabila\/#primaryimage\"},\"thumbnailUrl\":\"https:\/\/cdn.globber.com\/content\/2022\/11\/6383b2e85996e.jpg\",\"datePublished\":\"2023-10-31T01:56:10+00:00\",\"dateModified\":\"2026-04-26T07:46:19+00:00\",\"breadcrumb\":{\"@id\":\"https:\/\/www.globber.com\/ro\/product\/trotineta-globber-primo-pliabila\/#breadcrumb\"},\"inLanguage\":\"ro-RO\",\"potentialAction\":[{\"@type\":\"ReadAction\",\"target\":[\"https:\/\/www.globber.com\/ro\/product\/trotineta-globber-primo-pliabila\/\"]}]},{\"@type\":\"ImageObject\",\"inLanguage\":\"ro-RO\",\"@id\":\"https:\/\/www.globber.com\/ro\/product\/trotineta-globber-primo-pliabila\/#primaryimage\",\"url\":\"https:\/\/cdn.globber.com\/content\/2022\/11\/6383b2e85996e.jpg\",\"contentUrl\":\"https:\/\/cdn.globber.com\/content\/2022\/11\/6383b2e85996e.jpg\",\"width\":1920,\"height\":1920},{\"@type\":\"BreadcrumbList\",\"@id\":\"https:\/\/www.globber.com\/ro\/product\/trotineta-globber-primo-pliabila\/#breadcrumb\",\"itemListElement\":[{\"@type\":\"ListItem\",\"position\":1,\"name\":\"Toate produsele\",\"item\":\"https:\/\/www.globber.com\/ro\/shop-by-product\/\"},{\"@type\":\"ListItem\",\"position\":2,\"name\":\"PRIMO PLIABILA\"}]},{\"@type\":\"WebSite\",\"@id\":\"https:\/\/www.globber.com\/ro\/#website\",\"url\":\"https:\/\/www.globber.com\/ro\/\",\"name\":\"Globber Rom\u00e2nia\",\"description\":\"Lumea pe ro\u021bi | Globber\",\"publisher\":{\"@id\":\"https:\/\/www.globber.com\/ro\/#organization\"},\"potentialAction\":[{\"@type\":\"SearchAction\",\"target\":{\"@type\":\"EntryPoint\",\"urlTemplate\":\"https:\/\/www.globber.com\/ro\/?s={search_term_string}\"},\"query-input\":{\"@type\":\"PropertyValueSpecification\",\"valueRequired\":true,\"valueName\":\"search_term_string\"}}],\"inLanguage\":\"ro-RO\"},{\"@type\":\"Organization\",\"@id\":\"https:\/\/www.globber.com\/ro\/#organization\",\"name\":\"Globber Rom\u00e2nia\",\"url\":\"https:\/\/www.globber.com\/ro\/\",\"logo\":{\"@type\":\"ImageObject\",\"inLanguage\":\"ro-RO\",\"@id\":\"https:\/\/www.globber.com\/ro\/#\/schema\/logo\/image\/\",\"url\":\"https:\/\/cdn.globber.com\/content\/2024\/05\/logo.svg\",\"contentUrl\":\"https:\/\/cdn.globber.com\/content\/2024\/05\/logo.svg\",\"width\":601,\"height\":112,\"caption\":\"Globber Rom\u00e2nia\"},\"image\":{\"@id\":\"https:\/\/www.globber.com\/ro\/#\/schema\/logo\/image\/\"}}]}<\/script>\n<meta property=\"og:availability\" content=\"out of stock\" \/>\n<meta property=\"product:availability\" content=\"out of stock\" \/>\n<meta property=\"product:retailer_item_id\" content=\"430-XXX\" \/>\n<meta property=\"product:condition\" content=\"new\" \/>\n<!-- \/ Yoast SEO Premium plugin. -->","yoast_head_json":{"title":"PRIMO PLIABILA - Globber Rom\u00e2nia","robots":{"index":"index","follow":"follow","max-snippet":"max-snippet:-1","max-image-preview":"max-image-preview:large","max-video-preview":"max-video-preview:-1"},"canonical":"https:\/\/www.globber.com\/ro\/product\/trotineta-globber-primo-pliabila\/","og_locale":"ro_RO","og_type":"article","og_title":"PRIMO PLIABILA - Globber Rom\u00e2nia","og_description":"Ghidon reglabil pe 3 nivele de inaltime.  Buton blocare a directiei  Pliabila cu un singur clic!","og_url":"https:\/\/www.globber.com\/ro\/product\/trotineta-globber-primo-pliabila\/","og_site_name":"Globber Rom\u00e2nia","article_modified_time":"2026-04-26T07:46:19+00:00","og_image":[{"width":1920,"height":1920,"url":"https:\/\/cdn.globber.com\/content\/2022\/11\/6383b2e85996e.jpg","type":"image\/jpeg"}],"twitter_card":"summary_large_image","twitter_misc":{"Availability":"Out of stock"},"schema":{"@context":"https:\/\/schema.org","@graph":[{"@type":["WebPage","ItemPage"],"@id":"https:\/\/www.globber.com\/ro\/product\/trotineta-globber-primo-pliabila\/","url":"https:\/\/www.globber.com\/ro\/product\/trotineta-globber-primo-pliabila\/","name":"PRIMO PLIABILA - Globber Rom\u00e2nia","isPartOf":{"@id":"https:\/\/www.globber.com\/ro\/#website"},"primaryImageOfPage":{"@id":"https:\/\/www.globber.com\/ro\/product\/trotineta-globber-primo-pliabila\/#primaryimage"},"image":{"@id":"https:\/\/www.globber.com\/ro\/product\/trotineta-globber-primo-pliabila\/#primaryimage"},"thumbnailUrl":"https:\/\/cdn.globber.com\/content\/2022\/11\/6383b2e85996e.jpg","datePublished":"2023-10-31T01:56:10+00:00","dateModified":"2026-04-26T07:46:19+00:00","breadcrumb":{"@id":"https:\/\/www.globber.com\/ro\/product\/trotineta-globber-primo-pliabila\/#breadcrumb"},"inLanguage":"ro-RO","potentialAction":[{"@type":"ReadAction","target":["https:\/\/www.globber.com\/ro\/product\/trotineta-globber-primo-pliabila\/"]}]},{"@type":"ImageObject","inLanguage":"ro-RO","@id":"https:\/\/www.globber.com\/ro\/product\/trotineta-globber-primo-pliabila\/#primaryimage","url":"https:\/\/cdn.globber.com\/content\/2022\/11\/6383b2e85996e.jpg","contentUrl":"https:\/\/cdn.globber.com\/content\/2022\/11\/6383b2e85996e.jpg","width":1920,"height":1920},{"@type":"BreadcrumbList","@id":"https:\/\/www.globber.com\/ro\/product\/trotineta-globber-primo-pliabila\/#breadcrumb","itemListElement":[{"@type":"ListItem","position":1,"name":"Toate produsele","item":"https:\/\/www.globber.com\/ro\/shop-by-product\/"},{"@type":"ListItem","position":2,"name":"PRIMO PLIABILA"}]},{"@type":"WebSite","@id":"https:\/\/www.globber.com\/ro\/#website","url":"https:\/\/www.globber.com\/ro\/","name":"Globber Rom\u00e2nia","description":"Lumea pe ro\u021bi | Globber","publisher":{"@id":"https:\/\/www.globber.com\/ro\/#organization"},"potentialAction":[{"@type":"SearchAction","target":{"@type":"EntryPoint","urlTemplate":"https:\/\/www.globber.com\/ro\/?s={search_term_string}"},"query-input":{"@type":"PropertyValueSpecification","valueRequired":true,"valueName":"search_term_string"}}],"inLanguage":"ro-RO"},{"@type":"Organization","@id":"https:\/\/www.globber.com\/ro\/#organization","name":"Globber Rom\u00e2nia","url":"https:\/\/www.globber.com\/ro\/","logo":{"@type":"ImageObject","inLanguage":"ro-RO","@id":"https:\/\/www.globber.com\/ro\/#\/schema\/logo\/image\/","url":"https:\/\/cdn.globber.com\/content\/2024\/05\/logo.svg","contentUrl":"https:\/\/cdn.globber.com\/content\/2024\/05\/logo.svg","width":601,"height":112,"caption":"Globber Rom\u00e2nia"},"image":{"@id":"https:\/\/www.globber.com\/ro\/#\/schema\/logo\/image\/"}}]},"og_availability":"out of stock","product_availability":"out of stock","product_retailer_item_id":"430-XXX","product_condition":"new"},"_links":{"self":[{"href":"https:\/\/www.globber.com\/ro\/wp-json\/wp\/v2\/product\/11191","targetHints":{"allow":["GET"]}}],"collection":[{"href":"https:\/\/www.globber.com\/ro\/wp-json\/wp\/v2\/product"}],"about":[{"href":"https:\/\/www.globber.com\/ro\/wp-json\/wp\/v2\/types\/product"}],"replies":[{"embeddable":true,"href":"https:\/\/www.globber.com\/ro\/wp-json\/wp\/v2\/comments?post=11191"}],"wp:featuredmedia":[{"embeddable":true,"href":"https:\/\/www.globber.com\/ro\/wp-json\/wp\/v2\/media\/5243"}],"wp:attachment":[{"href":"https:\/\/www.globber.com\/ro\/wp-json\/wp\/v2\/media?parent=11191"}],"wp:term":[{"taxonomy":"product-special-badges","embeddable":true,"href":"https:\/\/www.globber.com\/ro\/wp-json\/wp\/v2\/product-special-badges?post=11191"},{"taxonomy":"product_brand","embeddable":true,"href":"https:\/\/www.globber.com\/ro\/wp-json\/wp\/v2\/product_brand?post=11191"},{"taxonomy":"product_cat","embeddable":true,"href":"https:\/\/www.globber.com\/ro\/wp-json\/wp\/v2\/product_cat?post=11191"},{"taxonomy":"product_tag","embeddable":true,"href":"https:\/\/www.globber.com\/ro\/wp-json\/wp\/v2\/product_tag?post=11191"}],"curies":[{"name":"wp","href":"https:\/\/api.w.org\/{rel}","templated":true}]}}