{"id":11195,"date":"2023-10-31T01:56:10","date_gmt":"2023-10-31T01:56:10","guid":{"rendered":"https:\/\/www.globber.com\/ro\/product\/trotineta-globber-primo-cu-lumini-pliabila\/"},"modified":"2026-04-25T08:32:12","modified_gmt":"2026-04-25T05:32:12","slug":"trotineta-globber-primo-cu-lumini-pliabila","status":"publish","type":"product","link":"https:\/\/www.globber.com\/ro\/product\/trotineta-globber-primo-cu-lumini-pliabila\/","title":{"rendered":"PRIMO PLIABILA CU LUMINI"},"content":{"rendered":"<p>PRIMO PLIABILA CU LUMINI este trotineta ideal\u0103 pe 3 ro\u021bi, cu ro\u021bi LED, pentru copii de 3\u20137+ ani. Datorit\u0103 designului g\u00e2ndit \u00een detaliu, sistemului patentat de blocare a direc\u021biei, ghidonului reglabil pe \u00een\u0103l\u021bime \u00een 3 pozi\u021bii \u0219i ro\u021bilor luminoase f\u0103r\u0103 baterii, ofer\u0103 tot ce au nevoie micii aventurieri pentru plimb\u0103ri sigure \u0219i distractive.<\/p>\n<p>Ro\u021bile frontale cu LED se aprind folosind energie cinetic\u0103 \u2013 cu c\u00e2t copilul se d\u0103 mai repede, cu at\u00e2t lumineaz\u0103 mai intens \u00een culori vibrante. \u00cen acela\u0219i timp, sistemul de blocare a direc\u021biei \u00eei ajut\u0103 pe cei mici s\u0103 \u00eenve\u021be \u00een siguran\u021b\u0103 echilibrul \u0219i coordonarea. C\u00e2nd cap\u0103t\u0103 suficient\u0103 \u00eencredere, blocarea poate fi dezactivat\u0103 \u2013 iar atunci descoper\u0103 senza\u021bia autentic\u0103 de \u201elean-to-steer\u201d, vir\u00e2nd prin \u00eenclinarea corpului.<\/p>\n<p>Datorit\u0103 mecanismului practic de pliere, trotineta se pliaz\u0103 u\u0219or \u0219i poate fi transportat\u0103 comod \u2013 perfect\u0103 pentru drumuri, gr\u0103dini\u021b\u0103 sau spa\u021bii mici de locuit. PLIABILA CU LUMINI este o trotinet\u0103 pentru copii robust\u0103 \u0219i reglabil\u0103, care \u00eembin\u0103 distrac\u021bia, siguran\u021ba \u0219i stilul pe trei ro\u021bi.<\/p>\n<p>PRIMO PLIABILA CU LUMINI este realizat cu 26-29% din plastic Global Recycled Standard (GRS)*. GRS este reperul interna\u021bional pentru verificarea prezen\u021bei con\u021binutului reciclat \u00een produsele finite, asigurarea transparen\u021bei materialelor \u0219i promovarea unei economii circulare.<\/p>\n<p>Din utilizarea plasticului reciclat certificat GRS \u00een colec\u021biile noastre cu 3 ro\u021bi \u0219i <strong>ECO<\/strong>LOGIC, am reu\u0219it s\u0103 reutilizam peste 118 de tone combinate de sticle \u0219i pahare uzate, plase pentru pe\u0219te recuperate \u0219i juc\u0103rii incepand din octombrie 2022.\u00a0<\/p>\n","protected":false},"excerpt":{"rendered":"<ul>\n<li>Ghidon reglabil pe 3 nivele de inaltime.<\/li>\n<li>Roti frontale cu lumini LED.<\/li>\n<li>Pliabila cu un singur clic!<\/li>\n<\/ul>\n","protected":false},"featured_media":13624,"comment_status":"closed","ping_status":"closed","template":"","meta":{"_acf_changed":false,"inline_featured_image":false},"product-special-badges":[4012],"product_brand":[],"product_cat":[4004,1681,1691,1696,1694,399],"product_tag":[3708],"class_list":{"0":"post-11195","1":"product","2":"type-product","3":"status-publish","4":"has-post-thumbnail","6":"product_cat-sale","7":"product_cat-primo-series","8":"product_cat-3-wheel-scooters-for-all-ages","9":"product_cat-trotinete-pliabile","10":"product_cat-light-up-scooters","11":"product_cat-scooters-for-kids","12":"product_tag-import","13":"product_shipping_class-usoare","14":"pa_adjustable-yes","15":"pa_age-range-3-6y","16":"pa_color-deep-pink","17":"pa_color-lime-green","18":"pa_ean-3314","19":"pa_ean-3315","20":"pa_foldable-yes","21":"pa_product-type-3-wheel-scooter","23":"first","24":"instock","25":"sale","26":"taxable","27":"shipping-taxable","28":"purchasable","29":"product-type-variable"},"acf":[],"yoast_head":"<!-- This site is optimized with the Yoast SEO Premium plugin v20.12 (Yoast SEO v23.4) - https:\/\/yoast.com\/wordpress\/plugins\/seo\/ -->\n<title>PRIMO PLIABILA CU LUMINI - Globber Rom\u00e2nia<\/title>\n<meta name=\"robots\" content=\"index, follow, max-snippet:-1, max-image-preview:large, max-video-preview:-1\" \/>\n<link rel=\"canonical\" href=\"https:\/\/www.globber.com\/ro\/product\/trotineta-globber-primo-cu-lumini-pliabila\/\" \/>\n<meta property=\"og:locale\" content=\"ro_RO\" \/>\n<meta property=\"og:type\" content=\"article\" \/>\n<meta property=\"og:title\" content=\"PRIMO PLIABILA CU LUMINI - Globber Rom\u00e2nia\" \/>\n<meta property=\"og:description\" content=\"Ghidon reglabil pe 3 nivele de inaltime.  Roti frontale cu lumini LED.  Pliabila cu un singur clic!\" \/>\n<meta property=\"og:url\" content=\"https:\/\/www.globber.com\/ro\/product\/trotineta-globber-primo-cu-lumini-pliabila\/\" \/>\n<meta property=\"og:site_name\" content=\"Globber Rom\u00e2nia\" \/>\n<meta property=\"article:modified_time\" content=\"2026-04-25T05:32:12+00:00\" \/>\n<meta property=\"og:image\" content=\"https:\/\/cdn.globber.com\/content\/sites\/39\/2023\/10\/432-106_hero_rgb-1.jpg\" \/>\n\t<meta property=\"og:image:width\" content=\"2048\" \/>\n\t<meta property=\"og:image:height\" content=\"2048\" \/>\n\t<meta property=\"og:image:type\" content=\"image\/jpeg\" \/>\n<meta name=\"twitter:card\" content=\"summary_large_image\" \/>\n<meta name=\"twitter:label1\" content=\"Availability\" \/>\n\t<meta name=\"twitter:data1\" content=\"In stock\" \/>\n<script type=\"application\/ld+json\" class=\"yoast-schema-graph\">{\"@context\":\"https:\/\/schema.org\",\"@graph\":[{\"@type\":[\"WebPage\",\"ItemPage\"],\"@id\":\"https:\/\/www.globber.com\/ro\/product\/trotineta-globber-primo-cu-lumini-pliabila\/\",\"url\":\"https:\/\/www.globber.com\/ro\/product\/trotineta-globber-primo-cu-lumini-pliabila\/\",\"name\":\"PRIMO PLIABILA CU LUMINI - Globber Rom\u00e2nia\",\"isPartOf\":{\"@id\":\"https:\/\/www.globber.com\/ro\/#website\"},\"primaryImageOfPage\":{\"@id\":\"https:\/\/www.globber.com\/ro\/product\/trotineta-globber-primo-cu-lumini-pliabila\/#primaryimage\"},\"image\":{\"@id\":\"https:\/\/www.globber.com\/ro\/product\/trotineta-globber-primo-cu-lumini-pliabila\/#primaryimage\"},\"thumbnailUrl\":\"https:\/\/cdn.globber.com\/content\/sites\/39\/2023\/10\/432-106_hero_rgb-1.jpg\",\"datePublished\":\"2023-10-31T01:56:10+00:00\",\"dateModified\":\"2026-04-25T05:32:12+00:00\",\"breadcrumb\":{\"@id\":\"https:\/\/www.globber.com\/ro\/product\/trotineta-globber-primo-cu-lumini-pliabila\/#breadcrumb\"},\"inLanguage\":\"ro-RO\",\"potentialAction\":[{\"@type\":\"ReadAction\",\"target\":[\"https:\/\/www.globber.com\/ro\/product\/trotineta-globber-primo-cu-lumini-pliabila\/\"]}]},{\"@type\":\"ImageObject\",\"inLanguage\":\"ro-RO\",\"@id\":\"https:\/\/www.globber.com\/ro\/product\/trotineta-globber-primo-cu-lumini-pliabila\/#primaryimage\",\"url\":\"https:\/\/cdn.globber.com\/content\/sites\/39\/2023\/10\/432-106_hero_rgb-1.jpg\",\"contentUrl\":\"https:\/\/cdn.globber.com\/content\/sites\/39\/2023\/10\/432-106_hero_rgb-1.jpg\",\"width\":2048,\"height\":2048},{\"@type\":\"BreadcrumbList\",\"@id\":\"https:\/\/www.globber.com\/ro\/product\/trotineta-globber-primo-cu-lumini-pliabila\/#breadcrumb\",\"itemListElement\":[{\"@type\":\"ListItem\",\"position\":1,\"name\":\"Toate produsele\",\"item\":\"https:\/\/www.globber.com\/ro\/shop-by-product\/\"},{\"@type\":\"ListItem\",\"position\":2,\"name\":\"PRIMO PLIABILA CU LUMINI\"}]},{\"@type\":\"WebSite\",\"@id\":\"https:\/\/www.globber.com\/ro\/#website\",\"url\":\"https:\/\/www.globber.com\/ro\/\",\"name\":\"Globber Rom\u00e2nia\",\"description\":\"Lumea pe ro\u021bi | Globber\",\"publisher\":{\"@id\":\"https:\/\/www.globber.com\/ro\/#organization\"},\"potentialAction\":[{\"@type\":\"SearchAction\",\"target\":{\"@type\":\"EntryPoint\",\"urlTemplate\":\"https:\/\/www.globber.com\/ro\/?s={search_term_string}\"},\"query-input\":{\"@type\":\"PropertyValueSpecification\",\"valueRequired\":true,\"valueName\":\"search_term_string\"}}],\"inLanguage\":\"ro-RO\"},{\"@type\":\"Organization\",\"@id\":\"https:\/\/www.globber.com\/ro\/#organization\",\"name\":\"Globber Rom\u00e2nia\",\"url\":\"https:\/\/www.globber.com\/ro\/\",\"logo\":{\"@type\":\"ImageObject\",\"inLanguage\":\"ro-RO\",\"@id\":\"https:\/\/www.globber.com\/ro\/#\/schema\/logo\/image\/\",\"url\":\"https:\/\/cdn.globber.com\/content\/2024\/05\/logo.svg\",\"contentUrl\":\"https:\/\/cdn.globber.com\/content\/2024\/05\/logo.svg\",\"width\":601,\"height\":112,\"caption\":\"Globber Rom\u00e2nia\"},\"image\":{\"@id\":\"https:\/\/www.globber.com\/ro\/#\/schema\/logo\/image\/\"}}]}<\/script>\n<meta property=\"og:availability\" content=\"instock\" \/>\n<meta property=\"product:availability\" content=\"instock\" \/>\n<meta property=\"product:retailer_item_id\" content=\"432-XXX\" \/>\n<meta property=\"product:condition\" content=\"new\" \/>\n<!-- \/ Yoast SEO Premium plugin. -->","yoast_head_json":{"title":"PRIMO PLIABILA CU LUMINI - Globber Rom\u00e2nia","robots":{"index":"index","follow":"follow","max-snippet":"max-snippet:-1","max-image-preview":"max-image-preview:large","max-video-preview":"max-video-preview:-1"},"canonical":"https:\/\/www.globber.com\/ro\/product\/trotineta-globber-primo-cu-lumini-pliabila\/","og_locale":"ro_RO","og_type":"article","og_title":"PRIMO PLIABILA CU LUMINI - Globber Rom\u00e2nia","og_description":"Ghidon reglabil pe 3 nivele de inaltime.  Roti frontale cu lumini LED.  Pliabila cu un singur clic!","og_url":"https:\/\/www.globber.com\/ro\/product\/trotineta-globber-primo-cu-lumini-pliabila\/","og_site_name":"Globber Rom\u00e2nia","article_modified_time":"2026-04-25T05:32:12+00:00","og_image":[{"width":2048,"height":2048,"url":"https:\/\/cdn.globber.com\/content\/sites\/39\/2023\/10\/432-106_hero_rgb-1.jpg","type":"image\/jpeg"}],"twitter_card":"summary_large_image","twitter_misc":{"Availability":"In stock"},"schema":{"@context":"https:\/\/schema.org","@graph":[{"@type":["WebPage","ItemPage"],"@id":"https:\/\/www.globber.com\/ro\/product\/trotineta-globber-primo-cu-lumini-pliabila\/","url":"https:\/\/www.globber.com\/ro\/product\/trotineta-globber-primo-cu-lumini-pliabila\/","name":"PRIMO PLIABILA CU LUMINI - Globber Rom\u00e2nia","isPartOf":{"@id":"https:\/\/www.globber.com\/ro\/#website"},"primaryImageOfPage":{"@id":"https:\/\/www.globber.com\/ro\/product\/trotineta-globber-primo-cu-lumini-pliabila\/#primaryimage"},"image":{"@id":"https:\/\/www.globber.com\/ro\/product\/trotineta-globber-primo-cu-lumini-pliabila\/#primaryimage"},"thumbnailUrl":"https:\/\/cdn.globber.com\/content\/sites\/39\/2023\/10\/432-106_hero_rgb-1.jpg","datePublished":"2023-10-31T01:56:10+00:00","dateModified":"2026-04-25T05:32:12+00:00","breadcrumb":{"@id":"https:\/\/www.globber.com\/ro\/product\/trotineta-globber-primo-cu-lumini-pliabila\/#breadcrumb"},"inLanguage":"ro-RO","potentialAction":[{"@type":"ReadAction","target":["https:\/\/www.globber.com\/ro\/product\/trotineta-globber-primo-cu-lumini-pliabila\/"]}]},{"@type":"ImageObject","inLanguage":"ro-RO","@id":"https:\/\/www.globber.com\/ro\/product\/trotineta-globber-primo-cu-lumini-pliabila\/#primaryimage","url":"https:\/\/cdn.globber.com\/content\/sites\/39\/2023\/10\/432-106_hero_rgb-1.jpg","contentUrl":"https:\/\/cdn.globber.com\/content\/sites\/39\/2023\/10\/432-106_hero_rgb-1.jpg","width":2048,"height":2048},{"@type":"BreadcrumbList","@id":"https:\/\/www.globber.com\/ro\/product\/trotineta-globber-primo-cu-lumini-pliabila\/#breadcrumb","itemListElement":[{"@type":"ListItem","position":1,"name":"Toate produsele","item":"https:\/\/www.globber.com\/ro\/shop-by-product\/"},{"@type":"ListItem","position":2,"name":"PRIMO PLIABILA CU LUMINI"}]},{"@type":"WebSite","@id":"https:\/\/www.globber.com\/ro\/#website","url":"https:\/\/www.globber.com\/ro\/","name":"Globber Rom\u00e2nia","description":"Lumea pe ro\u021bi | Globber","publisher":{"@id":"https:\/\/www.globber.com\/ro\/#organization"},"potentialAction":[{"@type":"SearchAction","target":{"@type":"EntryPoint","urlTemplate":"https:\/\/www.globber.com\/ro\/?s={search_term_string}"},"query-input":{"@type":"PropertyValueSpecification","valueRequired":true,"valueName":"search_term_string"}}],"inLanguage":"ro-RO"},{"@type":"Organization","@id":"https:\/\/www.globber.com\/ro\/#organization","name":"Globber Rom\u00e2nia","url":"https:\/\/www.globber.com\/ro\/","logo":{"@type":"ImageObject","inLanguage":"ro-RO","@id":"https:\/\/www.globber.com\/ro\/#\/schema\/logo\/image\/","url":"https:\/\/cdn.globber.com\/content\/2024\/05\/logo.svg","contentUrl":"https:\/\/cdn.globber.com\/content\/2024\/05\/logo.svg","width":601,"height":112,"caption":"Globber Rom\u00e2nia"},"image":{"@id":"https:\/\/www.globber.com\/ro\/#\/schema\/logo\/image\/"}}]},"og_availability":"instock","product_availability":"instock","product_retailer_item_id":"432-XXX","product_condition":"new"},"_links":{"self":[{"href":"https:\/\/www.globber.com\/ro\/wp-json\/wp\/v2\/product\/11195","targetHints":{"allow":["GET"]}}],"collection":[{"href":"https:\/\/www.globber.com\/ro\/wp-json\/wp\/v2\/product"}],"about":[{"href":"https:\/\/www.globber.com\/ro\/wp-json\/wp\/v2\/types\/product"}],"replies":[{"embeddable":true,"href":"https:\/\/www.globber.com\/ro\/wp-json\/wp\/v2\/comments?post=11195"}],"wp:featuredmedia":[{"embeddable":true,"href":"https:\/\/www.globber.com\/ro\/wp-json\/wp\/v2\/media\/13624"}],"wp:attachment":[{"href":"https:\/\/www.globber.com\/ro\/wp-json\/wp\/v2\/media?parent=11195"}],"wp:term":[{"taxonomy":"product-special-badges","embeddable":true,"href":"https:\/\/www.globber.com\/ro\/wp-json\/wp\/v2\/product-special-badges?post=11195"},{"taxonomy":"product_brand","embeddable":true,"href":"https:\/\/www.globber.com\/ro\/wp-json\/wp\/v2\/product_brand?post=11195"},{"taxonomy":"product_cat","embeddable":true,"href":"https:\/\/www.globber.com\/ro\/wp-json\/wp\/v2\/product_cat?post=11195"},{"taxonomy":"product_tag","embeddable":true,"href":"https:\/\/www.globber.com\/ro\/wp-json\/wp\/v2\/product_tag?post=11195"}],"curies":[{"name":"wp","href":"https:\/\/api.w.org\/{rel}","templated":true}]}}