{"id":11198,"date":"2023-10-31T01:56:10","date_gmt":"2023-10-31T01:56:10","guid":{"rendered":"https:\/\/www.globber.com\/ro\/product\/trotineta-globber-flow-125-pliabila\/"},"modified":"2026-03-31T21:01:18","modified_gmt":"2026-03-31T18:01:18","slug":"trotineta-globber-flow-125-pliabila","status":"publish","type":"product","link":"https:\/\/www.globber.com\/ro\/product\/trotineta-globber-flow-125-pliabila\/","title":{"rendered":"FLOW 125 PLIABILA"},"content":{"rendered":"<p>Trotineta Globber FLOW 125 este un model popular destinat atat copiilor cat si adolsecentilor si adultilor. Conceput\u0103 pentru a oferi o combina\u021bie de confort, durabilitate \u0219i portabilitate. Aceasta trotinet\u0103 pliabil\u0103 este ideal\u0103 pentru deplas\u0103rile zilnice \u0219i activit\u0103\u021bile recreative.\u00a0<\/p>\n<p>Construc\u021bia este realizat\u0103 din materiale rezistente, asigur\u00e2nd durabilitate \u0219i stabilitate \u00een utilizare. Platform\u0103 antiderapant\u0103 ofer\u0103 o suprafa\u021b\u0103 de siguran\u021b\u0103 pe care utilizatorii pot sta confortabil, reduc\u00e2nd riscul de alunecare \u00een timpul utiliz\u0103rii.<\/p>\n<p>Designul u\u0219or \u0219i capacitatea de pliere fac ca trotinet\u0103 s\u0103 fie u\u0219or de transportat \u0219i depozitat. Trotineta Globber FLOW 125 este o alegere excelent\u0103 pentru cei care caut\u0103 un mod convenabil \u0219i distractiv de a se deplasa. Poate fi vorba de plimb\u0103ri prin \u00a0parc \u00a0sau de naveta c\u0103tre \u0219coal\u0103.<\/p>\n<p>Noua trotineta de la Globber FLOW 125 este alegerea perfect\u0103 pentru copiii care doresc s\u0103 treac\u0103 la prima lor trotineta cu 2 ro\u021bi.<\/p>\n<p>Ghidon modern super-larg \u0219i curbat pentru o plimbare \u0219i mai confortabil\u0103 \u0219i o manevr\u0103 mai u\u0219oar\u0103! \u00cen plus, acum este o trotineta cu ghidon reglabil, in forma de \"T\" cu un diametru de 33mm, reglabil pe 4 \u00een\u0103l\u021bimi de la 81 la 96 cm.<\/p>\n<div>\n<p>&nbsp;<\/p>\n<\/div>\n","protected":false},"excerpt":{"rendered":"<ul>\n<li>Ghidon reglabil pe 4 nivele de inaltime<\/li>\n<li>Roti de 125mm cu rulment ABEC 5<\/li>\n<li>Greutate maxima suportata 100 kg<\/li>\n<\/ul>\n","protected":false},"featured_media":13887,"comment_status":"closed","ping_status":"closed","template":"","meta":{"_acf_changed":false,"inline_featured_image":false},"product-special-badges":[],"product_brand":[],"product_cat":[1692,1696,1686,399,485],"product_tag":[3708],"class_list":{"0":"post-11198","1":"product","2":"type-product","3":"status-publish","4":"has-post-thumbnail","6":"product_cat-trotinete-cu-doua-roti-pentru-toate-varstele","7":"product_cat-trotinete-pliabile","8":"product_cat-flow-series","9":"product_cat-scooters-for-kids","10":"product_cat-scooters-for-teens","11":"product_tag-import","12":"product_shipping_class-greutate-medie","13":"pa_adjustable-yes","14":"pa_color-sky-blue","15":"pa_color-black-grey","16":"pa_color-deep-pink","17":"pa_ean-3832","18":"pa_ean-3758","19":"pa_ean-3757","20":"pa_foldable-yes","22":"first","23":"instock","24":"taxable","25":"shipping-taxable","26":"purchasable","27":"product-type-variable"},"acf":[],"yoast_head":"<!-- This site is optimized with the Yoast SEO Premium plugin v20.12 (Yoast SEO v23.4) - https:\/\/yoast.com\/wordpress\/plugins\/seo\/ -->\n<title>FLOW 125 PLIABILA - Globber Rom\u00e2nia<\/title>\n<meta name=\"robots\" content=\"index, follow, max-snippet:-1, max-image-preview:large, max-video-preview:-1\" \/>\n<link rel=\"canonical\" href=\"https:\/\/www.globber.com\/ro\/product\/trotineta-globber-flow-125-pliabila\/\" \/>\n<meta property=\"og:locale\" content=\"ro_RO\" \/>\n<meta property=\"og:type\" content=\"article\" \/>\n<meta property=\"og:title\" content=\"FLOW 125 PLIABILA - Globber Rom\u00e2nia\" \/>\n<meta property=\"og:description\" content=\"Ghidon reglabil pe 4 nivele de inaltime  Roti de 125mm cu rulment ABEC 5  Greutate maxima suportata 100 kg\" \/>\n<meta property=\"og:url\" content=\"https:\/\/www.globber.com\/ro\/product\/trotineta-globber-flow-125-pliabila\/\" \/>\n<meta property=\"og:site_name\" content=\"Globber Rom\u00e2nia\" \/>\n<meta property=\"article:modified_time\" content=\"2026-03-31T18:01:18+00:00\" \/>\n<meta property=\"og:image\" content=\"https:\/\/cdn.globber.com\/content\/sites\/39\/2024\/11\/6747dfdb977a4.jpg\" \/>\n\t<meta property=\"og:image:width\" content=\"2048\" \/>\n\t<meta property=\"og:image:height\" content=\"2048\" \/>\n\t<meta property=\"og:image:type\" content=\"image\/jpeg\" \/>\n<meta name=\"twitter:card\" content=\"summary_large_image\" \/>\n<meta name=\"twitter:label1\" content=\"Availability\" \/>\n\t<meta name=\"twitter:data1\" content=\"In stock\" \/>\n<script type=\"application\/ld+json\" class=\"yoast-schema-graph\">{\"@context\":\"https:\/\/schema.org\",\"@graph\":[{\"@type\":[\"WebPage\",\"ItemPage\"],\"@id\":\"https:\/\/www.globber.com\/ro\/product\/trotineta-globber-flow-125-pliabila\/\",\"url\":\"https:\/\/www.globber.com\/ro\/product\/trotineta-globber-flow-125-pliabila\/\",\"name\":\"FLOW 125 PLIABILA - Globber Rom\u00e2nia\",\"isPartOf\":{\"@id\":\"https:\/\/www.globber.com\/ro\/#website\"},\"primaryImageOfPage\":{\"@id\":\"https:\/\/www.globber.com\/ro\/product\/trotineta-globber-flow-125-pliabila\/#primaryimage\"},\"image\":{\"@id\":\"https:\/\/www.globber.com\/ro\/product\/trotineta-globber-flow-125-pliabila\/#primaryimage\"},\"thumbnailUrl\":\"https:\/\/cdn.globber.com\/content\/sites\/39\/2024\/11\/6747dfdb977a4.jpg\",\"datePublished\":\"2023-10-31T01:56:10+00:00\",\"dateModified\":\"2026-03-31T18:01:18+00:00\",\"breadcrumb\":{\"@id\":\"https:\/\/www.globber.com\/ro\/product\/trotineta-globber-flow-125-pliabila\/#breadcrumb\"},\"inLanguage\":\"ro-RO\",\"potentialAction\":[{\"@type\":\"ReadAction\",\"target\":[\"https:\/\/www.globber.com\/ro\/product\/trotineta-globber-flow-125-pliabila\/\"]}]},{\"@type\":\"ImageObject\",\"inLanguage\":\"ro-RO\",\"@id\":\"https:\/\/www.globber.com\/ro\/product\/trotineta-globber-flow-125-pliabila\/#primaryimage\",\"url\":\"https:\/\/cdn.globber.com\/content\/sites\/39\/2024\/11\/6747dfdb977a4.jpg\",\"contentUrl\":\"https:\/\/cdn.globber.com\/content\/sites\/39\/2024\/11\/6747dfdb977a4.jpg\",\"width\":2048,\"height\":2048},{\"@type\":\"BreadcrumbList\",\"@id\":\"https:\/\/www.globber.com\/ro\/product\/trotineta-globber-flow-125-pliabila\/#breadcrumb\",\"itemListElement\":[{\"@type\":\"ListItem\",\"position\":1,\"name\":\"Toate produsele\",\"item\":\"https:\/\/www.globber.com\/ro\/shop-by-product\/\"},{\"@type\":\"ListItem\",\"position\":2,\"name\":\"FLOW 125 PLIABILA\"}]},{\"@type\":\"WebSite\",\"@id\":\"https:\/\/www.globber.com\/ro\/#website\",\"url\":\"https:\/\/www.globber.com\/ro\/\",\"name\":\"Globber Rom\u00e2nia\",\"description\":\"Lumea pe ro\u021bi | Globber\",\"publisher\":{\"@id\":\"https:\/\/www.globber.com\/ro\/#organization\"},\"potentialAction\":[{\"@type\":\"SearchAction\",\"target\":{\"@type\":\"EntryPoint\",\"urlTemplate\":\"https:\/\/www.globber.com\/ro\/?s={search_term_string}\"},\"query-input\":{\"@type\":\"PropertyValueSpecification\",\"valueRequired\":true,\"valueName\":\"search_term_string\"}}],\"inLanguage\":\"ro-RO\"},{\"@type\":\"Organization\",\"@id\":\"https:\/\/www.globber.com\/ro\/#organization\",\"name\":\"Globber Rom\u00e2nia\",\"url\":\"https:\/\/www.globber.com\/ro\/\",\"logo\":{\"@type\":\"ImageObject\",\"inLanguage\":\"ro-RO\",\"@id\":\"https:\/\/www.globber.com\/ro\/#\/schema\/logo\/image\/\",\"url\":\"https:\/\/cdn.globber.com\/content\/2024\/05\/logo.svg\",\"contentUrl\":\"https:\/\/cdn.globber.com\/content\/2024\/05\/logo.svg\",\"width\":601,\"height\":112,\"caption\":\"Globber Rom\u00e2nia\"},\"image\":{\"@id\":\"https:\/\/www.globber.com\/ro\/#\/schema\/logo\/image\/\"}}]}<\/script>\n<meta property=\"og:availability\" content=\"instock\" \/>\n<meta property=\"product:availability\" content=\"instock\" \/>\n<meta property=\"product:retailer_item_id\" content=\"473-XXX\" \/>\n<meta property=\"product:condition\" content=\"new\" \/>\n<!-- \/ Yoast SEO Premium plugin. -->","yoast_head_json":{"title":"FLOW 125 PLIABILA - Globber Rom\u00e2nia","robots":{"index":"index","follow":"follow","max-snippet":"max-snippet:-1","max-image-preview":"max-image-preview:large","max-video-preview":"max-video-preview:-1"},"canonical":"https:\/\/www.globber.com\/ro\/product\/trotineta-globber-flow-125-pliabila\/","og_locale":"ro_RO","og_type":"article","og_title":"FLOW 125 PLIABILA - Globber Rom\u00e2nia","og_description":"Ghidon reglabil pe 4 nivele de inaltime  Roti de 125mm cu rulment ABEC 5  Greutate maxima suportata 100 kg","og_url":"https:\/\/www.globber.com\/ro\/product\/trotineta-globber-flow-125-pliabila\/","og_site_name":"Globber Rom\u00e2nia","article_modified_time":"2026-03-31T18:01:18+00:00","og_image":[{"width":2048,"height":2048,"url":"https:\/\/cdn.globber.com\/content\/sites\/39\/2024\/11\/6747dfdb977a4.jpg","type":"image\/jpeg"}],"twitter_card":"summary_large_image","twitter_misc":{"Availability":"In stock"},"schema":{"@context":"https:\/\/schema.org","@graph":[{"@type":["WebPage","ItemPage"],"@id":"https:\/\/www.globber.com\/ro\/product\/trotineta-globber-flow-125-pliabila\/","url":"https:\/\/www.globber.com\/ro\/product\/trotineta-globber-flow-125-pliabila\/","name":"FLOW 125 PLIABILA - Globber Rom\u00e2nia","isPartOf":{"@id":"https:\/\/www.globber.com\/ro\/#website"},"primaryImageOfPage":{"@id":"https:\/\/www.globber.com\/ro\/product\/trotineta-globber-flow-125-pliabila\/#primaryimage"},"image":{"@id":"https:\/\/www.globber.com\/ro\/product\/trotineta-globber-flow-125-pliabila\/#primaryimage"},"thumbnailUrl":"https:\/\/cdn.globber.com\/content\/sites\/39\/2024\/11\/6747dfdb977a4.jpg","datePublished":"2023-10-31T01:56:10+00:00","dateModified":"2026-03-31T18:01:18+00:00","breadcrumb":{"@id":"https:\/\/www.globber.com\/ro\/product\/trotineta-globber-flow-125-pliabila\/#breadcrumb"},"inLanguage":"ro-RO","potentialAction":[{"@type":"ReadAction","target":["https:\/\/www.globber.com\/ro\/product\/trotineta-globber-flow-125-pliabila\/"]}]},{"@type":"ImageObject","inLanguage":"ro-RO","@id":"https:\/\/www.globber.com\/ro\/product\/trotineta-globber-flow-125-pliabila\/#primaryimage","url":"https:\/\/cdn.globber.com\/content\/sites\/39\/2024\/11\/6747dfdb977a4.jpg","contentUrl":"https:\/\/cdn.globber.com\/content\/sites\/39\/2024\/11\/6747dfdb977a4.jpg","width":2048,"height":2048},{"@type":"BreadcrumbList","@id":"https:\/\/www.globber.com\/ro\/product\/trotineta-globber-flow-125-pliabila\/#breadcrumb","itemListElement":[{"@type":"ListItem","position":1,"name":"Toate produsele","item":"https:\/\/www.globber.com\/ro\/shop-by-product\/"},{"@type":"ListItem","position":2,"name":"FLOW 125 PLIABILA"}]},{"@type":"WebSite","@id":"https:\/\/www.globber.com\/ro\/#website","url":"https:\/\/www.globber.com\/ro\/","name":"Globber Rom\u00e2nia","description":"Lumea pe ro\u021bi | Globber","publisher":{"@id":"https:\/\/www.globber.com\/ro\/#organization"},"potentialAction":[{"@type":"SearchAction","target":{"@type":"EntryPoint","urlTemplate":"https:\/\/www.globber.com\/ro\/?s={search_term_string}"},"query-input":{"@type":"PropertyValueSpecification","valueRequired":true,"valueName":"search_term_string"}}],"inLanguage":"ro-RO"},{"@type":"Organization","@id":"https:\/\/www.globber.com\/ro\/#organization","name":"Globber Rom\u00e2nia","url":"https:\/\/www.globber.com\/ro\/","logo":{"@type":"ImageObject","inLanguage":"ro-RO","@id":"https:\/\/www.globber.com\/ro\/#\/schema\/logo\/image\/","url":"https:\/\/cdn.globber.com\/content\/2024\/05\/logo.svg","contentUrl":"https:\/\/cdn.globber.com\/content\/2024\/05\/logo.svg","width":601,"height":112,"caption":"Globber Rom\u00e2nia"},"image":{"@id":"https:\/\/www.globber.com\/ro\/#\/schema\/logo\/image\/"}}]},"og_availability":"instock","product_availability":"instock","product_retailer_item_id":"473-XXX","product_condition":"new"},"_links":{"self":[{"href":"https:\/\/www.globber.com\/ro\/wp-json\/wp\/v2\/product\/11198","targetHints":{"allow":["GET"]}}],"collection":[{"href":"https:\/\/www.globber.com\/ro\/wp-json\/wp\/v2\/product"}],"about":[{"href":"https:\/\/www.globber.com\/ro\/wp-json\/wp\/v2\/types\/product"}],"replies":[{"embeddable":true,"href":"https:\/\/www.globber.com\/ro\/wp-json\/wp\/v2\/comments?post=11198"}],"wp:featuredmedia":[{"embeddable":true,"href":"https:\/\/www.globber.com\/ro\/wp-json\/wp\/v2\/media\/13887"}],"wp:attachment":[{"href":"https:\/\/www.globber.com\/ro\/wp-json\/wp\/v2\/media?parent=11198"}],"wp:term":[{"taxonomy":"product-special-badges","embeddable":true,"href":"https:\/\/www.globber.com\/ro\/wp-json\/wp\/v2\/product-special-badges?post=11198"},{"taxonomy":"product_brand","embeddable":true,"href":"https:\/\/www.globber.com\/ro\/wp-json\/wp\/v2\/product_brand?post=11198"},{"taxonomy":"product_cat","embeddable":true,"href":"https:\/\/www.globber.com\/ro\/wp-json\/wp\/v2\/product_cat?post=11198"},{"taxonomy":"product_tag","embeddable":true,"href":"https:\/\/www.globber.com\/ro\/wp-json\/wp\/v2\/product_tag?post=11198"}],"curies":[{"name":"wp","href":"https:\/\/api.w.org\/{rel}","templated":true}]}}