{"id":11205,"date":"2023-10-31T01:56:21","date_gmt":"2023-10-31T01:56:21","guid":{"rendered":"https:\/\/www.globber.com\/ro\/product\/tricicleta-globber-explorer-4-in-1\/"},"modified":"2026-04-06T11:02:10","modified_gmt":"2026-04-06T08:02:10","slug":"tricicleta-globber-explorer-4-in-1","status":"publish","type":"product","link":"https:\/\/www.globber.com\/ro\/product\/tricicleta-globber-explorer-4-in-1\/","title":{"rendered":"TRICICLETA EXPLORER 4 \u00een 1"},"content":{"rendered":"<p>TRICICLETA EXPLORER 4 \u00een 1 este o triciclet\u0103 inteligent\u0103 \u201eall\u2011in\u2011one\u201d care cre\u0219te odat\u0103 cu copilul t\u0103u, de la primele \u00eencerc\u0103ri de a se plimba p\u00e2n\u0103 la mersul independent pe biciclet\u0103 de echilibru. Proiectat pentru copii de la 10 luni, \u00eenso\u021be\u0219te familia prin patru etape de dezvoltare \u2013 de la triciclet\u0103 \u00eempins\u0103 de p\u0103rinte, la triciclet\u0103 ghidat\u0103, triciclet\u0103 autonoma \u0219i, \u00een final, biciclet\u0103 de echilibru pentru copii de p\u00e2n\u0103 la aproximativ 5 ani. Astfel, copilul r\u0103m\u00e2ne mobil, curios \u0219i \u00een siguran\u021b\u0103 \u2013 pas cu pas.<\/p>\n<p>Datorit\u0103 designului 100% f\u0103r\u0103 unelte, vehiculul se transform\u0103 \u00een modul dorit \u00een doar c\u00e2teva clipe, f\u0103r\u0103 efort. Mecanismul patentat al ro\u021bilor din spate face conversia deosebit de u\u0219oar\u0103, \u00een timp ce m\u00e2nerul pentru p\u0103rinte reglabil pe \u00een\u0103l\u021bime \u00een 2 pozi\u021bii, \u0219ezutul reglabil cu sp\u0103tar \u00eenalt, ro\u021bile din spum\u0103 EVA \u0219i suportul de picioare deta\u0219abil asigur\u0103 confort \u0219i flexibilitate \u00een utilizarea de zi cu zi. Datorit\u0103 detaliilor bine g\u00e2ndite, cum ar fi spa\u021biul inteligent de depozitare a pedalelor, TRICICLETA EXPLORER 4 \u00een 1 este un adev\u0103rat \u201eall\u2011rounder\u201d pentru plimb\u0103rile \u00een aer liber.<\/p>\n<p>Nu \u00een ultimul r\u00e2nd, impresioneaz\u0103 \u0219i prin design \u0219i calitate: TRICICLETA EXPLORER 4 \u00een 1 a primit unsprezece premii prestigioase \u2013 inclusiv National Parenting Product Award, Mom\u2019s Choice Award \u0219i Grand Prix du Jouet \u2013 \u0219i este considerat unul dintre cele mai bine g\u00e2ndite vehicule 4\u2011\u00een\u20111 pentru familiile moderne.<\/p>\n","protected":false},"excerpt":{"rendered":"<ul>\n<li>Scaun ajustabil pe doua nivele de intaltime<\/li>\n<li>Centura siguranta in 5 puncte\u00a0<\/li>\n<li>Maner parinti detasabil<\/li>\n<\/ul>\n","protected":false},"featured_media":14085,"comment_status":"closed","ping_status":"closed","template":"","meta":{"_acf_changed":false,"inline_featured_image":false},"product-special-badges":[],"product_brand":[],"product_cat":[3559,1243,1630],"product_tag":[3708],"class_list":{"0":"post-11205","1":"product","2":"type-product","3":"status-publish","4":"has-post-thumbnail","6":"product_cat-triciclete-copii","7":"product_cat-explorer-trike-series","8":"product_cat-toddler-scooters-trikes-balance-bikes-2","9":"product_tag-import","10":"product_shipping_class-greutate-medie","11":"pa_adjustable-yes","12":"pa_age-range-10m-5y","13":"pa_color-fuchsia","14":"pa_color-teal","15":"pa_color-lime-green","16":"pa_color-olive","17":"pa_color-violet","18":"pa_ean-3172","19":"pa_ean-3173","20":"pa_ean-3174","21":"pa_ean-3847","22":"pa_ean-3846","23":"pa_foldable-no","24":"pa_max-user-weight-20kg","26":"first","27":"instock","28":"sale","29":"taxable","30":"shipping-taxable","31":"purchasable","32":"product-type-variable","33":"has-default-attributes"},"acf":[],"yoast_head":"<!-- This site is optimized with the Yoast SEO Premium plugin v20.12 (Yoast SEO v23.4) - https:\/\/yoast.com\/wordpress\/plugins\/seo\/ -->\n<title>TRICICLETA EXPLORER 4 \u00een 1 - Globber Rom\u00e2nia<\/title>\n<meta name=\"robots\" content=\"index, follow, max-snippet:-1, max-image-preview:large, max-video-preview:-1\" \/>\n<link rel=\"canonical\" href=\"https:\/\/www.globber.com\/ro\/product\/tricicleta-globber-explorer-4-in-1\/\" \/>\n<meta property=\"og:locale\" content=\"ro_RO\" \/>\n<meta property=\"og:type\" content=\"article\" \/>\n<meta property=\"og:title\" content=\"TRICICLETA EXPLORER 4 \u00een 1 - Globber Rom\u00e2nia\" \/>\n<meta property=\"og:description\" content=\"Scaun ajustabil pe doua nivele de intaltime  Centura siguranta in 5 puncte\u00a0  Maner parinti detasabil\" \/>\n<meta property=\"og:url\" content=\"https:\/\/www.globber.com\/ro\/product\/tricicleta-globber-explorer-4-in-1\/\" \/>\n<meta property=\"og:site_name\" content=\"Globber Rom\u00e2nia\" \/>\n<meta property=\"article:modified_time\" content=\"2026-04-06T08:02:10+00:00\" \/>\n<meta property=\"og:image\" content=\"https:\/\/cdn.globber.com\/content\/sites\/39\/2025\/02\/632-110-3_stages-all_rgb.jpg\" \/>\n\t<meta property=\"og:image:width\" content=\"2048\" \/>\n\t<meta property=\"og:image:height\" content=\"2048\" \/>\n\t<meta property=\"og:image:type\" content=\"image\/jpeg\" \/>\n<meta name=\"twitter:card\" content=\"summary_large_image\" \/>\n<meta name=\"twitter:label1\" content=\"Availability\" \/>\n\t<meta name=\"twitter:data1\" content=\"In stock\" \/>\n<script type=\"application\/ld+json\" class=\"yoast-schema-graph\">{\"@context\":\"https:\/\/schema.org\",\"@graph\":[{\"@type\":[\"WebPage\",\"ItemPage\"],\"@id\":\"https:\/\/www.globber.com\/ro\/product\/tricicleta-globber-explorer-4-in-1\/\",\"url\":\"https:\/\/www.globber.com\/ro\/product\/tricicleta-globber-explorer-4-in-1\/\",\"name\":\"TRICICLETA EXPLORER 4 \u00een 1 - Globber Rom\u00e2nia\",\"isPartOf\":{\"@id\":\"https:\/\/www.globber.com\/ro\/#website\"},\"primaryImageOfPage\":{\"@id\":\"https:\/\/www.globber.com\/ro\/product\/tricicleta-globber-explorer-4-in-1\/#primaryimage\"},\"image\":{\"@id\":\"https:\/\/www.globber.com\/ro\/product\/tricicleta-globber-explorer-4-in-1\/#primaryimage\"},\"thumbnailUrl\":\"https:\/\/cdn.globber.com\/content\/sites\/39\/2025\/02\/632-110-3_stages-all_rgb.jpg\",\"datePublished\":\"2023-10-31T01:56:21+00:00\",\"dateModified\":\"2026-04-06T08:02:10+00:00\",\"breadcrumb\":{\"@id\":\"https:\/\/www.globber.com\/ro\/product\/tricicleta-globber-explorer-4-in-1\/#breadcrumb\"},\"inLanguage\":\"ro-RO\",\"potentialAction\":[{\"@type\":\"ReadAction\",\"target\":[\"https:\/\/www.globber.com\/ro\/product\/tricicleta-globber-explorer-4-in-1\/\"]}]},{\"@type\":\"ImageObject\",\"inLanguage\":\"ro-RO\",\"@id\":\"https:\/\/www.globber.com\/ro\/product\/tricicleta-globber-explorer-4-in-1\/#primaryimage\",\"url\":\"https:\/\/cdn.globber.com\/content\/sites\/39\/2025\/02\/632-110-3_stages-all_rgb.jpg\",\"contentUrl\":\"https:\/\/cdn.globber.com\/content\/sites\/39\/2025\/02\/632-110-3_stages-all_rgb.jpg\",\"width\":2048,\"height\":2048},{\"@type\":\"BreadcrumbList\",\"@id\":\"https:\/\/www.globber.com\/ro\/product\/tricicleta-globber-explorer-4-in-1\/#breadcrumb\",\"itemListElement\":[{\"@type\":\"ListItem\",\"position\":1,\"name\":\"Toate produsele\",\"item\":\"https:\/\/www.globber.com\/ro\/shop-by-product\/\"},{\"@type\":\"ListItem\",\"position\":2,\"name\":\"TRICICLETA EXPLORER 4 \u00een 1\"}]},{\"@type\":\"WebSite\",\"@id\":\"https:\/\/www.globber.com\/ro\/#website\",\"url\":\"https:\/\/www.globber.com\/ro\/\",\"name\":\"Globber Rom\u00e2nia\",\"description\":\"Lumea pe ro\u021bi | Globber\",\"publisher\":{\"@id\":\"https:\/\/www.globber.com\/ro\/#organization\"},\"potentialAction\":[{\"@type\":\"SearchAction\",\"target\":{\"@type\":\"EntryPoint\",\"urlTemplate\":\"https:\/\/www.globber.com\/ro\/?s={search_term_string}\"},\"query-input\":{\"@type\":\"PropertyValueSpecification\",\"valueRequired\":true,\"valueName\":\"search_term_string\"}}],\"inLanguage\":\"ro-RO\"},{\"@type\":\"Organization\",\"@id\":\"https:\/\/www.globber.com\/ro\/#organization\",\"name\":\"Globber Rom\u00e2nia\",\"url\":\"https:\/\/www.globber.com\/ro\/\",\"logo\":{\"@type\":\"ImageObject\",\"inLanguage\":\"ro-RO\",\"@id\":\"https:\/\/www.globber.com\/ro\/#\/schema\/logo\/image\/\",\"url\":\"https:\/\/cdn.globber.com\/content\/2024\/05\/logo.svg\",\"contentUrl\":\"https:\/\/cdn.globber.com\/content\/2024\/05\/logo.svg\",\"width\":601,\"height\":112,\"caption\":\"Globber Rom\u00e2nia\"},\"image\":{\"@id\":\"https:\/\/www.globber.com\/ro\/#\/schema\/logo\/image\/\"}}]}<\/script>\n<meta property=\"og:availability\" content=\"instock\" \/>\n<meta property=\"product:availability\" content=\"instock\" \/>\n<meta property=\"product:retailer_item_id\" content=\"632-XXX\" \/>\n<meta property=\"product:condition\" content=\"new\" \/>\n<!-- \/ Yoast SEO Premium plugin. -->","yoast_head_json":{"title":"TRICICLETA EXPLORER 4 \u00een 1 - Globber Rom\u00e2nia","robots":{"index":"index","follow":"follow","max-snippet":"max-snippet:-1","max-image-preview":"max-image-preview:large","max-video-preview":"max-video-preview:-1"},"canonical":"https:\/\/www.globber.com\/ro\/product\/tricicleta-globber-explorer-4-in-1\/","og_locale":"ro_RO","og_type":"article","og_title":"TRICICLETA EXPLORER 4 \u00een 1 - Globber Rom\u00e2nia","og_description":"Scaun ajustabil pe doua nivele de intaltime  Centura siguranta in 5 puncte\u00a0  Maner parinti detasabil","og_url":"https:\/\/www.globber.com\/ro\/product\/tricicleta-globber-explorer-4-in-1\/","og_site_name":"Globber Rom\u00e2nia","article_modified_time":"2026-04-06T08:02:10+00:00","og_image":[{"width":2048,"height":2048,"url":"https:\/\/cdn.globber.com\/content\/sites\/39\/2025\/02\/632-110-3_stages-all_rgb.jpg","type":"image\/jpeg"}],"twitter_card":"summary_large_image","twitter_misc":{"Availability":"In stock"},"schema":{"@context":"https:\/\/schema.org","@graph":[{"@type":["WebPage","ItemPage"],"@id":"https:\/\/www.globber.com\/ro\/product\/tricicleta-globber-explorer-4-in-1\/","url":"https:\/\/www.globber.com\/ro\/product\/tricicleta-globber-explorer-4-in-1\/","name":"TRICICLETA EXPLORER 4 \u00een 1 - Globber Rom\u00e2nia","isPartOf":{"@id":"https:\/\/www.globber.com\/ro\/#website"},"primaryImageOfPage":{"@id":"https:\/\/www.globber.com\/ro\/product\/tricicleta-globber-explorer-4-in-1\/#primaryimage"},"image":{"@id":"https:\/\/www.globber.com\/ro\/product\/tricicleta-globber-explorer-4-in-1\/#primaryimage"},"thumbnailUrl":"https:\/\/cdn.globber.com\/content\/sites\/39\/2025\/02\/632-110-3_stages-all_rgb.jpg","datePublished":"2023-10-31T01:56:21+00:00","dateModified":"2026-04-06T08:02:10+00:00","breadcrumb":{"@id":"https:\/\/www.globber.com\/ro\/product\/tricicleta-globber-explorer-4-in-1\/#breadcrumb"},"inLanguage":"ro-RO","potentialAction":[{"@type":"ReadAction","target":["https:\/\/www.globber.com\/ro\/product\/tricicleta-globber-explorer-4-in-1\/"]}]},{"@type":"ImageObject","inLanguage":"ro-RO","@id":"https:\/\/www.globber.com\/ro\/product\/tricicleta-globber-explorer-4-in-1\/#primaryimage","url":"https:\/\/cdn.globber.com\/content\/sites\/39\/2025\/02\/632-110-3_stages-all_rgb.jpg","contentUrl":"https:\/\/cdn.globber.com\/content\/sites\/39\/2025\/02\/632-110-3_stages-all_rgb.jpg","width":2048,"height":2048},{"@type":"BreadcrumbList","@id":"https:\/\/www.globber.com\/ro\/product\/tricicleta-globber-explorer-4-in-1\/#breadcrumb","itemListElement":[{"@type":"ListItem","position":1,"name":"Toate produsele","item":"https:\/\/www.globber.com\/ro\/shop-by-product\/"},{"@type":"ListItem","position":2,"name":"TRICICLETA EXPLORER 4 \u00een 1"}]},{"@type":"WebSite","@id":"https:\/\/www.globber.com\/ro\/#website","url":"https:\/\/www.globber.com\/ro\/","name":"Globber Rom\u00e2nia","description":"Lumea pe ro\u021bi | Globber","publisher":{"@id":"https:\/\/www.globber.com\/ro\/#organization"},"potentialAction":[{"@type":"SearchAction","target":{"@type":"EntryPoint","urlTemplate":"https:\/\/www.globber.com\/ro\/?s={search_term_string}"},"query-input":{"@type":"PropertyValueSpecification","valueRequired":true,"valueName":"search_term_string"}}],"inLanguage":"ro-RO"},{"@type":"Organization","@id":"https:\/\/www.globber.com\/ro\/#organization","name":"Globber Rom\u00e2nia","url":"https:\/\/www.globber.com\/ro\/","logo":{"@type":"ImageObject","inLanguage":"ro-RO","@id":"https:\/\/www.globber.com\/ro\/#\/schema\/logo\/image\/","url":"https:\/\/cdn.globber.com\/content\/2024\/05\/logo.svg","contentUrl":"https:\/\/cdn.globber.com\/content\/2024\/05\/logo.svg","width":601,"height":112,"caption":"Globber Rom\u00e2nia"},"image":{"@id":"https:\/\/www.globber.com\/ro\/#\/schema\/logo\/image\/"}}]},"og_availability":"instock","product_availability":"instock","product_retailer_item_id":"632-XXX","product_condition":"new"},"_links":{"self":[{"href":"https:\/\/www.globber.com\/ro\/wp-json\/wp\/v2\/product\/11205","targetHints":{"allow":["GET"]}}],"collection":[{"href":"https:\/\/www.globber.com\/ro\/wp-json\/wp\/v2\/product"}],"about":[{"href":"https:\/\/www.globber.com\/ro\/wp-json\/wp\/v2\/types\/product"}],"replies":[{"embeddable":true,"href":"https:\/\/www.globber.com\/ro\/wp-json\/wp\/v2\/comments?post=11205"}],"wp:featuredmedia":[{"embeddable":true,"href":"https:\/\/www.globber.com\/ro\/wp-json\/wp\/v2\/media\/14085"}],"wp:attachment":[{"href":"https:\/\/www.globber.com\/ro\/wp-json\/wp\/v2\/media?parent=11205"}],"wp:term":[{"taxonomy":"product-special-badges","embeddable":true,"href":"https:\/\/www.globber.com\/ro\/wp-json\/wp\/v2\/product-special-badges?post=11205"},{"taxonomy":"product_brand","embeddable":true,"href":"https:\/\/www.globber.com\/ro\/wp-json\/wp\/v2\/product_brand?post=11205"},{"taxonomy":"product_cat","embeddable":true,"href":"https:\/\/www.globber.com\/ro\/wp-json\/wp\/v2\/product_cat?post=11205"},{"taxonomy":"product_tag","embeddable":true,"href":"https:\/\/www.globber.com\/ro\/wp-json\/wp\/v2\/product_tag?post=11205"}],"curies":[{"name":"wp","href":"https:\/\/api.w.org\/{rel}","templated":true}]}}