{"id":11209,"date":"2023-10-31T01:56:21","date_gmt":"2023-10-31T01:56:21","guid":{"rendered":"https:\/\/www.globber.com\/ro\/product\/trotineta-pliabila-globber-master\/"},"modified":"2026-03-06T16:23:12","modified_gmt":"2026-03-06T14:23:12","slug":"trotineta-pliabila-globber-master","status":"publish","type":"product","link":"https:\/\/www.globber.com\/ro\/product\/trotineta-pliabila-globber-master\/","title":{"rendered":"MASTER"},"content":{"rendered":"<p>MASTER este partenerul ideal pentru via\u021ba de zi cu zi, drumul la \u0219coal\u0103 sau activit\u0103\u021bile de timp liber. Aceast\u0103 trotinet\u0103 pe trei ro\u021bi, de calitate superioar\u0103, \u00eembin\u0103 un design modern cu func\u021bionalit\u0103\u021bi bine g\u00e2ndite. Ro\u021bi frontale de trotinet\u0103 de \u00eenalt\u0103 calitate, extra-late \u0219i cu rebound ridicat de 125mm (38mm l\u0103\u021bime) din PU turnat \u0219i roat\u0103 spate de 80mm montat\u0103 pe rulmen\u021bi ABEC 5. Fr\u00e2na sa compozit\u0103 bi-injectat\u0103, extra-lung\u0103 \u0219i lat\u0103, ofer\u0103 eficien\u021b\u0103 \u0219i longevitate ro\u021bilor.<\/p>\n<p>Platforma extra-lat\u0103, acoperit\u0103 cu spum\u0103 EVA antiderapant\u0103, ofer\u0103 o pozi\u021bie sigur\u0103 \u00een orice moment. Ghidonul \u00een form\u0103 de T este reglabil pe \u00een\u0103l\u021bime \u00een 5 pozi\u021bii, astfel \u00eenc\u00e2t poate fi adaptat perfect la \u00een\u0103l\u021bimea ta. Datorit\u0103 sistemului patentat de pliere, trotineta se pliaz\u0103 compact \u00een doar c\u00e2teva clipe, fiind u\u0219or de transportat. Iar cu sistemul de blocare a direc\u021biei po\u021bi bloca ini\u021bial virajul pentru a exersa \u00een siguran\u021b\u0103 echilibrul ideal pentru primele deplas\u0103ri independente.<\/p>\n<p>MASTER ofer\u0103 confort de rulare fiabil, siguran\u021b\u0103 inteligent g\u00e2ndit\u0103 \u0219i calitate durabil\u0103 perfect adaptat\u0103 tinerilor activi.<\/p>\n","protected":false},"excerpt":{"rendered":"<ul>\n<li>Ghidon ajustabil pe 5 nivele de inaltime,<\/li>\n<li>Pliere ghidon cu un singur clic,<\/li>\n<li>Sistem blocare a directiei.<\/li>\n<\/ul>\n","protected":false},"featured_media":13738,"comment_status":"closed","ping_status":"closed","template":"","meta":{"_acf_changed":false,"inline_featured_image":false},"product-special-badges":[],"product_brand":[],"product_cat":[1683,1691,1696,399,485],"product_tag":[3708],"class_list":{"0":"post-11209","1":"product","2":"type-product","3":"status-publish","4":"has-post-thumbnail","6":"product_cat-master-series","7":"product_cat-3-wheel-scooters-for-all-ages","8":"product_cat-trotinete-pliabile","9":"product_cat-scooters-for-kids","10":"product_cat-scooters-for-teens","11":"product_tag-import","12":"product_shipping_class-greutate-medie","13":"pa_adjustable-yes","14":"pa_age-range-4-14y","15":"pa_color-black-red","16":"pa_ean-3341","17":"pa_foldable-yes","18":"pa_max-user-weight-50kg","19":"pa_product-type-3-wheel-scooter","20":"pa_recommended-user-height-100-165cm","22":"first","23":"outofstock","24":"taxable","25":"shipping-taxable","26":"purchasable","27":"product-type-variable"},"acf":[],"yoast_head":"<!-- This site is optimized with the Yoast SEO Premium plugin v20.12 (Yoast SEO v23.4) - https:\/\/yoast.com\/wordpress\/plugins\/seo\/ -->\n<title>MASTER - Globber Rom\u00e2nia<\/title>\n<meta name=\"robots\" content=\"index, follow, max-snippet:-1, max-image-preview:large, max-video-preview:-1\" \/>\n<link rel=\"canonical\" href=\"https:\/\/www.globber.com\/ro\/product\/trotineta-pliabila-globber-master\/\" \/>\n<meta property=\"og:locale\" content=\"ro_RO\" \/>\n<meta property=\"og:type\" content=\"article\" \/>\n<meta property=\"og:title\" content=\"MASTER - Globber Rom\u00e2nia\" \/>\n<meta property=\"og:description\" content=\"Ghidon ajustabil pe 5 nivele de inaltime,  Pliere ghidon cu un singur clic,  Sistem blocare a directiei.\" \/>\n<meta property=\"og:url\" content=\"https:\/\/www.globber.com\/ro\/product\/trotineta-pliabila-globber-master\/\" \/>\n<meta property=\"og:site_name\" content=\"Globber Rom\u00e2nia\" \/>\n<meta property=\"article:modified_time\" content=\"2026-03-06T14:23:12+00:00\" \/>\n<meta property=\"og:image\" content=\"https:\/\/cdn.globber.com\/content\/sites\/39\/2023\/11\/660-120_HERO-scooter_1_rgb.jpg\" \/>\n\t<meta property=\"og:image:width\" content=\"2048\" \/>\n\t<meta property=\"og:image:height\" content=\"2048\" \/>\n\t<meta property=\"og:image:type\" content=\"image\/jpeg\" \/>\n<meta name=\"twitter:card\" content=\"summary_large_image\" \/>\n<meta name=\"twitter:label1\" content=\"Availability\" \/>\n\t<meta name=\"twitter:data1\" content=\"Out of stock\" \/>\n<script type=\"application\/ld+json\" class=\"yoast-schema-graph\">{\"@context\":\"https:\/\/schema.org\",\"@graph\":[{\"@type\":[\"WebPage\",\"ItemPage\"],\"@id\":\"https:\/\/www.globber.com\/ro\/product\/trotineta-pliabila-globber-master\/\",\"url\":\"https:\/\/www.globber.com\/ro\/product\/trotineta-pliabila-globber-master\/\",\"name\":\"MASTER - Globber Rom\u00e2nia\",\"isPartOf\":{\"@id\":\"https:\/\/www.globber.com\/ro\/#website\"},\"primaryImageOfPage\":{\"@id\":\"https:\/\/www.globber.com\/ro\/product\/trotineta-pliabila-globber-master\/#primaryimage\"},\"image\":{\"@id\":\"https:\/\/www.globber.com\/ro\/product\/trotineta-pliabila-globber-master\/#primaryimage\"},\"thumbnailUrl\":\"https:\/\/cdn.globber.com\/content\/sites\/39\/2023\/11\/660-120_HERO-scooter_1_rgb.jpg\",\"datePublished\":\"2023-10-31T01:56:21+00:00\",\"dateModified\":\"2026-03-06T14:23:12+00:00\",\"breadcrumb\":{\"@id\":\"https:\/\/www.globber.com\/ro\/product\/trotineta-pliabila-globber-master\/#breadcrumb\"},\"inLanguage\":\"ro-RO\",\"potentialAction\":[{\"@type\":\"ReadAction\",\"target\":[\"https:\/\/www.globber.com\/ro\/product\/trotineta-pliabila-globber-master\/\"]}]},{\"@type\":\"ImageObject\",\"inLanguage\":\"ro-RO\",\"@id\":\"https:\/\/www.globber.com\/ro\/product\/trotineta-pliabila-globber-master\/#primaryimage\",\"url\":\"https:\/\/cdn.globber.com\/content\/sites\/39\/2023\/11\/660-120_HERO-scooter_1_rgb.jpg\",\"contentUrl\":\"https:\/\/cdn.globber.com\/content\/sites\/39\/2023\/11\/660-120_HERO-scooter_1_rgb.jpg\",\"width\":2048,\"height\":2048},{\"@type\":\"BreadcrumbList\",\"@id\":\"https:\/\/www.globber.com\/ro\/product\/trotineta-pliabila-globber-master\/#breadcrumb\",\"itemListElement\":[{\"@type\":\"ListItem\",\"position\":1,\"name\":\"Toate produsele\",\"item\":\"https:\/\/www.globber.com\/ro\/shop-by-product\/\"},{\"@type\":\"ListItem\",\"position\":2,\"name\":\"MASTER\"}]},{\"@type\":\"WebSite\",\"@id\":\"https:\/\/www.globber.com\/ro\/#website\",\"url\":\"https:\/\/www.globber.com\/ro\/\",\"name\":\"Globber Rom\u00e2nia\",\"description\":\"Lumea pe ro\u021bi | Globber\",\"publisher\":{\"@id\":\"https:\/\/www.globber.com\/ro\/#organization\"},\"potentialAction\":[{\"@type\":\"SearchAction\",\"target\":{\"@type\":\"EntryPoint\",\"urlTemplate\":\"https:\/\/www.globber.com\/ro\/?s={search_term_string}\"},\"query-input\":{\"@type\":\"PropertyValueSpecification\",\"valueRequired\":true,\"valueName\":\"search_term_string\"}}],\"inLanguage\":\"ro-RO\"},{\"@type\":\"Organization\",\"@id\":\"https:\/\/www.globber.com\/ro\/#organization\",\"name\":\"Globber Rom\u00e2nia\",\"url\":\"https:\/\/www.globber.com\/ro\/\",\"logo\":{\"@type\":\"ImageObject\",\"inLanguage\":\"ro-RO\",\"@id\":\"https:\/\/www.globber.com\/ro\/#\/schema\/logo\/image\/\",\"url\":\"https:\/\/cdn.globber.com\/content\/2024\/05\/logo.svg\",\"contentUrl\":\"https:\/\/cdn.globber.com\/content\/2024\/05\/logo.svg\",\"width\":601,\"height\":112,\"caption\":\"Globber Rom\u00e2nia\"},\"image\":{\"@id\":\"https:\/\/www.globber.com\/ro\/#\/schema\/logo\/image\/\"}}]}<\/script>\n<meta property=\"og:availability\" content=\"out of stock\" \/>\n<meta property=\"product:availability\" content=\"out of stock\" \/>\n<meta property=\"product:retailer_item_id\" content=\"660-XXX\" \/>\n<meta property=\"product:condition\" content=\"new\" \/>\n<!-- \/ Yoast SEO Premium plugin. -->","yoast_head_json":{"title":"MASTER - Globber Rom\u00e2nia","robots":{"index":"index","follow":"follow","max-snippet":"max-snippet:-1","max-image-preview":"max-image-preview:large","max-video-preview":"max-video-preview:-1"},"canonical":"https:\/\/www.globber.com\/ro\/product\/trotineta-pliabila-globber-master\/","og_locale":"ro_RO","og_type":"article","og_title":"MASTER - Globber Rom\u00e2nia","og_description":"Ghidon ajustabil pe 5 nivele de inaltime,  Pliere ghidon cu un singur clic,  Sistem blocare a directiei.","og_url":"https:\/\/www.globber.com\/ro\/product\/trotineta-pliabila-globber-master\/","og_site_name":"Globber Rom\u00e2nia","article_modified_time":"2026-03-06T14:23:12+00:00","og_image":[{"width":2048,"height":2048,"url":"https:\/\/cdn.globber.com\/content\/sites\/39\/2023\/11\/660-120_HERO-scooter_1_rgb.jpg","type":"image\/jpeg"}],"twitter_card":"summary_large_image","twitter_misc":{"Availability":"Out of stock"},"schema":{"@context":"https:\/\/schema.org","@graph":[{"@type":["WebPage","ItemPage"],"@id":"https:\/\/www.globber.com\/ro\/product\/trotineta-pliabila-globber-master\/","url":"https:\/\/www.globber.com\/ro\/product\/trotineta-pliabila-globber-master\/","name":"MASTER - Globber Rom\u00e2nia","isPartOf":{"@id":"https:\/\/www.globber.com\/ro\/#website"},"primaryImageOfPage":{"@id":"https:\/\/www.globber.com\/ro\/product\/trotineta-pliabila-globber-master\/#primaryimage"},"image":{"@id":"https:\/\/www.globber.com\/ro\/product\/trotineta-pliabila-globber-master\/#primaryimage"},"thumbnailUrl":"https:\/\/cdn.globber.com\/content\/sites\/39\/2023\/11\/660-120_HERO-scooter_1_rgb.jpg","datePublished":"2023-10-31T01:56:21+00:00","dateModified":"2026-03-06T14:23:12+00:00","breadcrumb":{"@id":"https:\/\/www.globber.com\/ro\/product\/trotineta-pliabila-globber-master\/#breadcrumb"},"inLanguage":"ro-RO","potentialAction":[{"@type":"ReadAction","target":["https:\/\/www.globber.com\/ro\/product\/trotineta-pliabila-globber-master\/"]}]},{"@type":"ImageObject","inLanguage":"ro-RO","@id":"https:\/\/www.globber.com\/ro\/product\/trotineta-pliabila-globber-master\/#primaryimage","url":"https:\/\/cdn.globber.com\/content\/sites\/39\/2023\/11\/660-120_HERO-scooter_1_rgb.jpg","contentUrl":"https:\/\/cdn.globber.com\/content\/sites\/39\/2023\/11\/660-120_HERO-scooter_1_rgb.jpg","width":2048,"height":2048},{"@type":"BreadcrumbList","@id":"https:\/\/www.globber.com\/ro\/product\/trotineta-pliabila-globber-master\/#breadcrumb","itemListElement":[{"@type":"ListItem","position":1,"name":"Toate produsele","item":"https:\/\/www.globber.com\/ro\/shop-by-product\/"},{"@type":"ListItem","position":2,"name":"MASTER"}]},{"@type":"WebSite","@id":"https:\/\/www.globber.com\/ro\/#website","url":"https:\/\/www.globber.com\/ro\/","name":"Globber Rom\u00e2nia","description":"Lumea pe ro\u021bi | Globber","publisher":{"@id":"https:\/\/www.globber.com\/ro\/#organization"},"potentialAction":[{"@type":"SearchAction","target":{"@type":"EntryPoint","urlTemplate":"https:\/\/www.globber.com\/ro\/?s={search_term_string}"},"query-input":{"@type":"PropertyValueSpecification","valueRequired":true,"valueName":"search_term_string"}}],"inLanguage":"ro-RO"},{"@type":"Organization","@id":"https:\/\/www.globber.com\/ro\/#organization","name":"Globber Rom\u00e2nia","url":"https:\/\/www.globber.com\/ro\/","logo":{"@type":"ImageObject","inLanguage":"ro-RO","@id":"https:\/\/www.globber.com\/ro\/#\/schema\/logo\/image\/","url":"https:\/\/cdn.globber.com\/content\/2024\/05\/logo.svg","contentUrl":"https:\/\/cdn.globber.com\/content\/2024\/05\/logo.svg","width":601,"height":112,"caption":"Globber Rom\u00e2nia"},"image":{"@id":"https:\/\/www.globber.com\/ro\/#\/schema\/logo\/image\/"}}]},"og_availability":"out of stock","product_availability":"out of stock","product_retailer_item_id":"660-XXX","product_condition":"new"},"_links":{"self":[{"href":"https:\/\/www.globber.com\/ro\/wp-json\/wp\/v2\/product\/11209","targetHints":{"allow":["GET"]}}],"collection":[{"href":"https:\/\/www.globber.com\/ro\/wp-json\/wp\/v2\/product"}],"about":[{"href":"https:\/\/www.globber.com\/ro\/wp-json\/wp\/v2\/types\/product"}],"replies":[{"embeddable":true,"href":"https:\/\/www.globber.com\/ro\/wp-json\/wp\/v2\/comments?post=11209"}],"wp:featuredmedia":[{"embeddable":true,"href":"https:\/\/www.globber.com\/ro\/wp-json\/wp\/v2\/media\/13738"}],"wp:attachment":[{"href":"https:\/\/www.globber.com\/ro\/wp-json\/wp\/v2\/media?parent=11209"}],"wp:term":[{"taxonomy":"product-special-badges","embeddable":true,"href":"https:\/\/www.globber.com\/ro\/wp-json\/wp\/v2\/product-special-badges?post=11209"},{"taxonomy":"product_brand","embeddable":true,"href":"https:\/\/www.globber.com\/ro\/wp-json\/wp\/v2\/product_brand?post=11209"},{"taxonomy":"product_cat","embeddable":true,"href":"https:\/\/www.globber.com\/ro\/wp-json\/wp\/v2\/product_cat?post=11209"},{"taxonomy":"product_tag","embeddable":true,"href":"https:\/\/www.globber.com\/ro\/wp-json\/wp\/v2\/product_tag?post=11209"}],"curies":[{"name":"wp","href":"https:\/\/api.w.org\/{rel}","templated":true}]}}