{"id":14241,"date":"2025-03-18T05:02:41","date_gmt":"2025-03-18T03:02:41","guid":{"rendered":"https:\/\/www.globber.com\/ro\/?post_type=product&#038;p=14241"},"modified":"2026-04-15T09:44:18","modified_gmt":"2026-04-15T06:44:18","slug":"trotineta-ecologica-pentru-copii-pliabila-cu-lumini","status":"publish","type":"product","link":"https:\/\/www.globber.com\/ro\/product\/trotineta-ecologica-pentru-copii-pliabila-cu-lumini\/","title":{"rendered":"JUNIOR ECOLOGIC PLIABILA CU LUMINI"},"content":{"rendered":"<p>O lume mai verde pe ro\u021bi: JUNIOR <strong>EC<\/strong>OLOGICA PLIABILA CU LUMINI\u00a0sprijin\u0103 familiile din \u00eentreaga lume s\u0103 adopte \u0219i s\u0103 tr\u0103iasc\u0103 cu valori \u0219i alegeri ecologice. Este realizat din 60% plastic reciclat conform standardului global (GRS) \u0219i paie de gr\u00e2u biodegradabile*.<\/p>\n<p>O trotinet\u0103 ecologic\u0103 cu 3 ro\u021bi pentru copii mici, cu sisteme brevetate de blocare a direc\u021biei \u0219i pliere \u0219i un T-bar ajustabil pentru copii de la v\u00e2rsta de doi ani, JUNIOR <strong>ECO<\/strong>LOGICA PLIABILA CU LUMINI\u00a0p\u0103streaz\u0103 aceea\u0219i integritate structural\u0103 ca \u0219i modelul original iconic, dar utilizeaz\u0103 mai multe materiale ecologice pentru a reduce impactul asupra mediului.<\/p>\n<p>Conceput pentru distrac\u021bie, JUNIOR <strong>ECO<\/strong>LOGICA PLIABILA CU LUMINI\u00a0include \u0219i ro\u021bi care lumineaz\u0103 f\u0103r\u0103 baterii, func\u021bion\u00e2nd cu energia cinetic\u0103 regenerabil\u0103 a copilului t\u0103u - cu c\u00e2t merg mai repede, cu at\u00e2t str\u0103lucesc mai intens!<\/p>\n<p>Bucura\u021bi-v\u0103 de momente pl\u0103cute cu familia \u0219i plimb\u0103ri prietenoase cu mediul!<\/p>\n<p>JUNIOR <strong>ECO<\/strong>LOGICA PLIABILA CU LUMINIC este fabricat cu 60% plastic GRS \u0219i paie de gr\u00e2u biodegradabile*.<\/p>\n<p>GRS este un protocol interna\u021bional care verific\u0103 con\u021binutul reciclat \u00een produsele finale. Utilizarea plasticului GRS salveaz\u0103 tone de de\u0219euri de la gropile de gunoi \u0219i reduce impactul asupra mediului \u00een procesul de produc\u021bie.<\/p>\n<p>Paiele de gr\u00e2u sunt un bioplastic 100% regenerabil. Utilizarea paielor de gr\u00e2u reduce fluxul de de\u0219euri, materialul fiind biodegradabil \u0219i ajut\u0103 la descompunerea altor plastice.<\/p>\n<p>Alege Globber. Alege mai verde!<\/p>\n<p><em>*\u00cen componentele aplicabile<\/em><\/p>\n","protected":false},"excerpt":{"rendered":"<ul>\n<li>Sistem patentat de pliere<\/li>\n<li>Roti cu lumini LED<\/li>\n<li>Ghidon reglabil pe 3 nivele de inaltime (54cm, 61cm \u0219i 68cm de la sol).<\/li>\n<li>Buton de blocare a direc\u021biei<\/li>\n<\/ul>\n","protected":false},"featured_media":5279,"comment_status":"closed","ping_status":"closed","template":"","meta":{"_acf_changed":false,"inline_featured_image":false},"product-special-badges":[4012],"product_brand":[],"product_cat":[4004,1691,1696,1694,1679],"product_tag":[],"class_list":{"0":"post-14241","1":"product","2":"type-product","3":"status-publish","4":"has-post-thumbnail","6":"product_cat-sale","7":"product_cat-3-wheel-scooters-for-all-ages","8":"product_cat-trotinete-pliabile","9":"product_cat-light-up-scooters","10":"product_cat-junior-series","11":"product_shipping_class-usoare","12":"pa_adjustable-yes","13":"pa_age-range-2y-6y","14":"pa_brakes-mechanical-rear-brake-composite","15":"pa_color-deep-pastel-pink","16":"pa_color-blueberry","17":"pa_color-nuca-de-cocos","18":"pa_deck-material-60-grs-plastic-biodegradable-wheat-straw-pp-fiber-metal-frame","19":"pa_deck-size-w-12-5cm-x-l-54-5cm","20":"pa_ean-3278","21":"pa_ean-3624","22":"pa_ean-3990","23":"pa_foldable-yes","24":"pa_max-user-weight-50kg","25":"pa_product-type-3-wheel-scooter","26":"pa_product-weight-net-2-53kg","27":"pa_recommended-user-height-85-110cm","28":"pa_t-bar-heights-54cm-61cm-and-68cm-from-the-ground","29":"pa_wheel-size-121mm-24mm-wide-front","30":"pa_wheel-size-80mm-24mm-wide-rear","31":"pa_wheels-material-high-rebound-pu-casted","33":"first","34":"instock","35":"sale","36":"taxable","37":"shipping-taxable","38":"purchasable","39":"product-type-variable"},"acf":[],"yoast_head":"<!-- This site is optimized with the Yoast SEO Premium plugin v20.12 (Yoast SEO v23.4) - https:\/\/yoast.com\/wordpress\/plugins\/seo\/ -->\n<title>JUNIOR ECOLOGIC PLIABILA CU LUMINI - Globber Rom\u00e2nia<\/title>\n<meta name=\"robots\" content=\"index, follow, max-snippet:-1, max-image-preview:large, max-video-preview:-1\" \/>\n<link rel=\"canonical\" href=\"https:\/\/www.globber.com\/ro\/product\/trotineta-ecologica-pentru-copii-pliabila-cu-lumini\/\" \/>\n<meta property=\"og:locale\" content=\"ro_RO\" \/>\n<meta property=\"og:type\" content=\"article\" \/>\n<meta property=\"og:title\" content=\"JUNIOR ECOLOGIC PLIABILA CU LUMINI - Globber Rom\u00e2nia\" \/>\n<meta property=\"og:description\" content=\"Sistem patentat de pliere  Roti cu lumini LED  Ghidon reglabil pe 3 nivele de inaltime (54cm, 61cm \u0219i 68cm de la sol).  Buton de blocare a direc\u021biei\" \/>\n<meta property=\"og:url\" content=\"https:\/\/www.globber.com\/ro\/product\/trotineta-ecologica-pentru-copii-pliabila-cu-lumini\/\" \/>\n<meta property=\"og:site_name\" content=\"Globber Rom\u00e2nia\" \/>\n<meta property=\"article:modified_time\" content=\"2026-04-15T06:44:18+00:00\" \/>\n<meta property=\"og:image\" content=\"https:\/\/cdn.globber.com\/content\/2022\/11\/6383b3de4243e.jpg\" \/>\n\t<meta property=\"og:image:width\" content=\"1920\" \/>\n\t<meta property=\"og:image:height\" content=\"1920\" \/>\n\t<meta property=\"og:image:type\" content=\"image\/jpeg\" \/>\n<meta name=\"twitter:card\" content=\"summary_large_image\" \/>\n<meta name=\"twitter:label1\" content=\"Availability\" \/>\n\t<meta name=\"twitter:data1\" content=\"In stock\" \/>\n<script type=\"application\/ld+json\" class=\"yoast-schema-graph\">{\"@context\":\"https:\/\/schema.org\",\"@graph\":[{\"@type\":[\"WebPage\",\"ItemPage\"],\"@id\":\"https:\/\/www.globber.com\/ro\/product\/trotineta-ecologica-pentru-copii-pliabila-cu-lumini\/\",\"url\":\"https:\/\/www.globber.com\/ro\/product\/trotineta-ecologica-pentru-copii-pliabila-cu-lumini\/\",\"name\":\"JUNIOR ECOLOGIC PLIABILA CU LUMINI - Globber Rom\u00e2nia\",\"isPartOf\":{\"@id\":\"https:\/\/www.globber.com\/ro\/#website\"},\"primaryImageOfPage\":{\"@id\":\"https:\/\/www.globber.com\/ro\/product\/trotineta-ecologica-pentru-copii-pliabila-cu-lumini\/#primaryimage\"},\"image\":{\"@id\":\"https:\/\/www.globber.com\/ro\/product\/trotineta-ecologica-pentru-copii-pliabila-cu-lumini\/#primaryimage\"},\"thumbnailUrl\":\"https:\/\/cdn.globber.com\/content\/2022\/11\/6383b3de4243e.jpg\",\"datePublished\":\"2025-03-18T03:02:41+00:00\",\"dateModified\":\"2026-04-15T06:44:18+00:00\",\"breadcrumb\":{\"@id\":\"https:\/\/www.globber.com\/ro\/product\/trotineta-ecologica-pentru-copii-pliabila-cu-lumini\/#breadcrumb\"},\"inLanguage\":\"ro-RO\",\"potentialAction\":[{\"@type\":\"ReadAction\",\"target\":[\"https:\/\/www.globber.com\/ro\/product\/trotineta-ecologica-pentru-copii-pliabila-cu-lumini\/\"]}]},{\"@type\":\"ImageObject\",\"inLanguage\":\"ro-RO\",\"@id\":\"https:\/\/www.globber.com\/ro\/product\/trotineta-ecologica-pentru-copii-pliabila-cu-lumini\/#primaryimage\",\"url\":\"https:\/\/cdn.globber.com\/content\/2022\/11\/6383b3de4243e.jpg\",\"contentUrl\":\"https:\/\/cdn.globber.com\/content\/2022\/11\/6383b3de4243e.jpg\",\"width\":1920,\"height\":1920},{\"@type\":\"BreadcrumbList\",\"@id\":\"https:\/\/www.globber.com\/ro\/product\/trotineta-ecologica-pentru-copii-pliabila-cu-lumini\/#breadcrumb\",\"itemListElement\":[{\"@type\":\"ListItem\",\"position\":1,\"name\":\"Toate produsele\",\"item\":\"https:\/\/www.globber.com\/ro\/shop-by-product\/\"},{\"@type\":\"ListItem\",\"position\":2,\"name\":\"JUNIOR ECOLOGIC PLIABILA CU LUMINI\"}]},{\"@type\":\"WebSite\",\"@id\":\"https:\/\/www.globber.com\/ro\/#website\",\"url\":\"https:\/\/www.globber.com\/ro\/\",\"name\":\"Globber Rom\u00e2nia\",\"description\":\"Lumea pe ro\u021bi | Globber\",\"publisher\":{\"@id\":\"https:\/\/www.globber.com\/ro\/#organization\"},\"potentialAction\":[{\"@type\":\"SearchAction\",\"target\":{\"@type\":\"EntryPoint\",\"urlTemplate\":\"https:\/\/www.globber.com\/ro\/?s={search_term_string}\"},\"query-input\":{\"@type\":\"PropertyValueSpecification\",\"valueRequired\":true,\"valueName\":\"search_term_string\"}}],\"inLanguage\":\"ro-RO\"},{\"@type\":\"Organization\",\"@id\":\"https:\/\/www.globber.com\/ro\/#organization\",\"name\":\"Globber Rom\u00e2nia\",\"url\":\"https:\/\/www.globber.com\/ro\/\",\"logo\":{\"@type\":\"ImageObject\",\"inLanguage\":\"ro-RO\",\"@id\":\"https:\/\/www.globber.com\/ro\/#\/schema\/logo\/image\/\",\"url\":\"https:\/\/cdn.globber.com\/content\/2024\/05\/logo.svg\",\"contentUrl\":\"https:\/\/cdn.globber.com\/content\/2024\/05\/logo.svg\",\"width\":601,\"height\":112,\"caption\":\"Globber Rom\u00e2nia\"},\"image\":{\"@id\":\"https:\/\/www.globber.com\/ro\/#\/schema\/logo\/image\/\"}}]}<\/script>\n<meta property=\"og:availability\" content=\"instock\" \/>\n<meta property=\"product:availability\" content=\"instock\" \/>\n<meta property=\"product:retailer_item_id\" content=\"692-xxx\" \/>\n<meta property=\"product:condition\" content=\"new\" \/>\n<!-- \/ Yoast SEO Premium plugin. -->","yoast_head_json":{"title":"JUNIOR ECOLOGIC PLIABILA CU LUMINI - Globber Rom\u00e2nia","robots":{"index":"index","follow":"follow","max-snippet":"max-snippet:-1","max-image-preview":"max-image-preview:large","max-video-preview":"max-video-preview:-1"},"canonical":"https:\/\/www.globber.com\/ro\/product\/trotineta-ecologica-pentru-copii-pliabila-cu-lumini\/","og_locale":"ro_RO","og_type":"article","og_title":"JUNIOR ECOLOGIC PLIABILA CU LUMINI - Globber Rom\u00e2nia","og_description":"Sistem patentat de pliere  Roti cu lumini LED  Ghidon reglabil pe 3 nivele de inaltime (54cm, 61cm \u0219i 68cm de la sol).  Buton de blocare a direc\u021biei","og_url":"https:\/\/www.globber.com\/ro\/product\/trotineta-ecologica-pentru-copii-pliabila-cu-lumini\/","og_site_name":"Globber Rom\u00e2nia","article_modified_time":"2026-04-15T06:44:18+00:00","og_image":[{"width":1920,"height":1920,"url":"https:\/\/cdn.globber.com\/content\/2022\/11\/6383b3de4243e.jpg","type":"image\/jpeg"}],"twitter_card":"summary_large_image","twitter_misc":{"Availability":"In stock"},"schema":{"@context":"https:\/\/schema.org","@graph":[{"@type":["WebPage","ItemPage"],"@id":"https:\/\/www.globber.com\/ro\/product\/trotineta-ecologica-pentru-copii-pliabila-cu-lumini\/","url":"https:\/\/www.globber.com\/ro\/product\/trotineta-ecologica-pentru-copii-pliabila-cu-lumini\/","name":"JUNIOR ECOLOGIC PLIABILA CU LUMINI - Globber Rom\u00e2nia","isPartOf":{"@id":"https:\/\/www.globber.com\/ro\/#website"},"primaryImageOfPage":{"@id":"https:\/\/www.globber.com\/ro\/product\/trotineta-ecologica-pentru-copii-pliabila-cu-lumini\/#primaryimage"},"image":{"@id":"https:\/\/www.globber.com\/ro\/product\/trotineta-ecologica-pentru-copii-pliabila-cu-lumini\/#primaryimage"},"thumbnailUrl":"https:\/\/cdn.globber.com\/content\/2022\/11\/6383b3de4243e.jpg","datePublished":"2025-03-18T03:02:41+00:00","dateModified":"2026-04-15T06:44:18+00:00","breadcrumb":{"@id":"https:\/\/www.globber.com\/ro\/product\/trotineta-ecologica-pentru-copii-pliabila-cu-lumini\/#breadcrumb"},"inLanguage":"ro-RO","potentialAction":[{"@type":"ReadAction","target":["https:\/\/www.globber.com\/ro\/product\/trotineta-ecologica-pentru-copii-pliabila-cu-lumini\/"]}]},{"@type":"ImageObject","inLanguage":"ro-RO","@id":"https:\/\/www.globber.com\/ro\/product\/trotineta-ecologica-pentru-copii-pliabila-cu-lumini\/#primaryimage","url":"https:\/\/cdn.globber.com\/content\/2022\/11\/6383b3de4243e.jpg","contentUrl":"https:\/\/cdn.globber.com\/content\/2022\/11\/6383b3de4243e.jpg","width":1920,"height":1920},{"@type":"BreadcrumbList","@id":"https:\/\/www.globber.com\/ro\/product\/trotineta-ecologica-pentru-copii-pliabila-cu-lumini\/#breadcrumb","itemListElement":[{"@type":"ListItem","position":1,"name":"Toate produsele","item":"https:\/\/www.globber.com\/ro\/shop-by-product\/"},{"@type":"ListItem","position":2,"name":"JUNIOR ECOLOGIC PLIABILA CU LUMINI"}]},{"@type":"WebSite","@id":"https:\/\/www.globber.com\/ro\/#website","url":"https:\/\/www.globber.com\/ro\/","name":"Globber Rom\u00e2nia","description":"Lumea pe ro\u021bi | Globber","publisher":{"@id":"https:\/\/www.globber.com\/ro\/#organization"},"potentialAction":[{"@type":"SearchAction","target":{"@type":"EntryPoint","urlTemplate":"https:\/\/www.globber.com\/ro\/?s={search_term_string}"},"query-input":{"@type":"PropertyValueSpecification","valueRequired":true,"valueName":"search_term_string"}}],"inLanguage":"ro-RO"},{"@type":"Organization","@id":"https:\/\/www.globber.com\/ro\/#organization","name":"Globber Rom\u00e2nia","url":"https:\/\/www.globber.com\/ro\/","logo":{"@type":"ImageObject","inLanguage":"ro-RO","@id":"https:\/\/www.globber.com\/ro\/#\/schema\/logo\/image\/","url":"https:\/\/cdn.globber.com\/content\/2024\/05\/logo.svg","contentUrl":"https:\/\/cdn.globber.com\/content\/2024\/05\/logo.svg","width":601,"height":112,"caption":"Globber Rom\u00e2nia"},"image":{"@id":"https:\/\/www.globber.com\/ro\/#\/schema\/logo\/image\/"}}]},"og_availability":"instock","product_availability":"instock","product_retailer_item_id":"692-xxx","product_condition":"new"},"_links":{"self":[{"href":"https:\/\/www.globber.com\/ro\/wp-json\/wp\/v2\/product\/14241","targetHints":{"allow":["GET"]}}],"collection":[{"href":"https:\/\/www.globber.com\/ro\/wp-json\/wp\/v2\/product"}],"about":[{"href":"https:\/\/www.globber.com\/ro\/wp-json\/wp\/v2\/types\/product"}],"replies":[{"embeddable":true,"href":"https:\/\/www.globber.com\/ro\/wp-json\/wp\/v2\/comments?post=14241"}],"wp:featuredmedia":[{"embeddable":true,"href":"https:\/\/www.globber.com\/ro\/wp-json\/wp\/v2\/media\/5279"}],"wp:attachment":[{"href":"https:\/\/www.globber.com\/ro\/wp-json\/wp\/v2\/media?parent=14241"}],"wp:term":[{"taxonomy":"product-special-badges","embeddable":true,"href":"https:\/\/www.globber.com\/ro\/wp-json\/wp\/v2\/product-special-badges?post=14241"},{"taxonomy":"product_brand","embeddable":true,"href":"https:\/\/www.globber.com\/ro\/wp-json\/wp\/v2\/product_brand?post=14241"},{"taxonomy":"product_cat","embeddable":true,"href":"https:\/\/www.globber.com\/ro\/wp-json\/wp\/v2\/product_cat?post=14241"},{"taxonomy":"product_tag","embeddable":true,"href":"https:\/\/www.globber.com\/ro\/wp-json\/wp\/v2\/product_tag?post=14241"}],"curies":[{"name":"wp","href":"https:\/\/api.w.org\/{rel}","templated":true}]}}